{"id":1675,"date":"2021-05-08T03:20:11","date_gmt":"2021-05-08T03:20:11","guid":{"rendered":"http:\/\/miamilawyers360.com\/workers-compensation-lawyer\/"},"modified":"2022-02-07T20:12:43","modified_gmt":"2022-02-07T20:12:43","slug":"abogado-compensacion-laboral","status":"publish","type":"page","link":"https:\/\/miamilawyers360.com\/es\/fort-lauderdale\/abogado-compensacion-laboral\/","title":{"rendered":"Abogado de Compensaci\u00f3n Laboral en Fort Lauderdale"},"content":{"rendered":"<p>&nbsp;<\/p>\n<p><span style=\"font-weight: 400;\">Los accidentes laborales pueden ocurrir en cualquier ocupaci\u00f3n o industria. Algunas industrias son m\u00e1s susceptibles a sufrir lesiones en el trabajo debido a los peligros y riesgos involucrados. Los trabajadores de industrias como la construcci\u00f3n, el petr\u00f3leo y el gas natural y la miner\u00eda son m\u00e1s propensos a sufrir lesiones en el lugar de trabajo. A\u00fan as\u00ed, cualquier empleado, incluidos los trabajadores de oficina, puede sufrir lesiones temporales o permanentes debido a riesgos laborales. Si un accidente en el lugar de trabajo interrumpe su vida, es posible que tenga derecho a los beneficios de compensaci\u00f3n para trabajadores. Un abogado con experiencia en compensaci\u00f3n de trabajadores de Fort Lauderdale puede explicarle estos beneficios.<\/span><\/p>\n<p><span style=\"font-weight: 400;\">Si se lesion\u00f3 en el trabajo, Miami Lawyers 360 puede luchar y proteger sus derechos. Sabemos lo dif\u00edcil que es obtener beneficios de compensaci\u00f3n para trabajadores en Fort Lauderdale, Florida. Las leyes de compensaci\u00f3n laboral pueden ser complicadas. Nuestros <\/span><a href=\"https:\/\/miamilawyers360.com\/es\/fort-lauderdale\/abogado-lesiones-personales\/\"><span style=\"font-weight: 400;\">abogados de lesiones personales<\/span><\/a><span style=\"font-weight: 400;\"> revisar\u00e1n todos los aspectos de su reclamo mientras evaluamos los hechos de su caso. Ll\u00e1menos ahora al [tel\u00e9fono] para una <\/span><b>revisi\u00f3n gratuita del caso <\/b><span style=\"font-weight: 400;\">.<\/span><\/p>\n<p><span style=\"font-weight: 400;\">\t\t<div data-elementor-type=\"section\" data-elementor-id=\"1714\" class=\"elementor elementor-1714 elementor-208\" data-elementor-post-type=\"elementor_library\">\n\t\t\t\t\t<section class=\"elementor-section elementor-top-section elementor-element elementor-element-37c5f16 elementor-section-boxed elementor-section-height-default elementor-section-height-default\" data-id=\"37c5f16\" data-element_type=\"section\" data-e-type=\"section\">\n\t\t\t\t\t\t<div class=\"elementor-container elementor-column-gap-default\">\n\t\t\t\t\t<div class=\"elementor-column elementor-col-100 elementor-top-column elementor-element elementor-element-f303a68 section-toc\" data-id=\"f303a68\" data-element_type=\"column\" data-e-type=\"column\">\n\t\t\t<div class=\"elementor-widget-wrap elementor-element-populated\">\n\t\t\t\t\t\t<div class=\"elementor-element elementor-element-f0ad866 elementor-toc--minimized-on-tablet elementor-widget elementor-widget-table-of-contents\" data-id=\"f0ad866\" data-element_type=\"widget\" data-e-type=\"widget\" data-settings=\"{&quot;exclude_headings_by_selector&quot;:&quot;.toc-remove&quot;,&quot;headings_by_tags&quot;:[&quot;h2&quot;,&quot;h3&quot;,&quot;h4&quot;,&quot;h5&quot;,&quot;h6&quot;],&quot;marker_view&quot;:&quot;numbers&quot;,&quot;no_headings_message&quot;:&quot;No se ha encontrado ning\\u00fan encabezado en esta p\\u00e1gina.&quot;,&quot;minimize_box&quot;:&quot;yes&quot;,&quot;minimized_on&quot;:&quot;tablet&quot;,&quot;hierarchical_view&quot;:&quot;yes&quot;,&quot;min_height&quot;:{&quot;unit&quot;:&quot;px&quot;,&quot;size&quot;:&quot;&quot;,&quot;sizes&quot;:[]},&quot;min_height_tablet&quot;:{&quot;unit&quot;:&quot;px&quot;,&quot;size&quot;:&quot;&quot;,&quot;sizes&quot;:[]},&quot;min_height_mobile&quot;:{&quot;unit&quot;:&quot;px&quot;,&quot;size&quot;:&quot;&quot;,&quot;sizes&quot;:[]}}\" data-widget_type=\"table-of-contents.default\">\n\t\t\t\t\t\t\t\t\t<div class=\"elementor-toc__header\">\n\t\t\t\t\t\t<h4 class=\"elementor-toc__header-title\">\n\t\t\t\tTable of Contents\t\t\t<\/h4>\n\t\t\t\t\t\t\t\t\t\t<div class=\"elementor-toc__toggle-button elementor-toc__toggle-button--expand\" role=\"button\" tabindex=\"0\" aria-controls=\"elementor-toc__f0ad866\" aria-expanded=\"true\" aria-label=\"Abrir la tabla de contenidos\"><svg aria-hidden=\"true\" class=\"e-font-icon-svg e-fas-chevron-down\" viewBox=\"0 0 448 512\" xmlns=\"http:\/\/www.w3.org\/2000\/svg\"><path d=\"M207.029 381.476L12.686 187.132c-9.373-9.373-9.373-24.569 0-33.941l22.667-22.667c9.357-9.357 24.522-9.375 33.901-.04L224 284.505l154.745-154.021c9.379-9.335 24.544-9.317 33.901.04l22.667 22.667c9.373 9.373 9.373 24.569 0 33.941L240.971 381.476c-9.373 9.372-24.569 9.372-33.942 0z\"><\/path><\/svg><\/div>\n\t\t\t\t<div class=\"elementor-toc__toggle-button elementor-toc__toggle-button--collapse\" role=\"button\" tabindex=\"0\" aria-controls=\"elementor-toc__f0ad866\" aria-expanded=\"true\" aria-label=\"Cerrar la tabla de contenidos\"><svg aria-hidden=\"true\" class=\"e-font-icon-svg e-fas-chevron-up\" viewBox=\"0 0 448 512\" xmlns=\"http:\/\/www.w3.org\/2000\/svg\"><path d=\"M240.971 130.524l194.343 194.343c9.373 9.373 9.373 24.569 0 33.941l-22.667 22.667c-9.357 9.357-24.522 9.375-33.901.04L224 227.495 69.255 381.516c-9.379 9.335-24.544 9.317-33.901-.04l-22.667-22.667c-9.373-9.373-9.373-24.569 0-33.941L207.03 130.525c9.372-9.373 24.568-9.373 33.941-.001z\"><\/path><\/svg><\/div>\n\t\t\t\t\t<\/div>\n\t\t\t\t<div id=\"elementor-toc__f0ad866\" class=\"elementor-toc__body\">\n\t\t\t<div class=\"elementor-toc__spinner-container\">\n\t\t\t\t<svg class=\"elementor-toc__spinner eicon-animation-spin e-font-icon-svg e-eicon-loading\" aria-hidden=\"true\" viewBox=\"0 0 1000 1000\" xmlns=\"http:\/\/www.w3.org\/2000\/svg\"><path d=\"M500 975V858C696 858 858 696 858 500S696 142 500 142 142 304 142 500H25C25 237 238 25 500 25S975 237 975 500 763 975 500 975Z\"><\/path><\/svg>\t\t\t<\/div>\n\t\t<\/div>\n\t\t\t\t\t\t<\/div>\n\t\t\t\t\t<\/div>\n\t\t<\/div>\n\t\t\t\t\t<\/div>\n\t\t<\/section>\n\t\t\t\t<\/div>\n\t\t<\/span><\/p>\n<h2><b>\u00bfQu\u00e9 es la compensaci\u00f3n laboral?<\/b><\/h2>\n<p><span style=\"font-weight: 400;\">Si se lesiona en su lugar de trabajo, puede tener derecho a recibir beneficios de compensaci\u00f3n para trabajadores. Todos los empleados tienen derechos y es responsabilidad del empleador asegurarse de que los empleados sean compensados \u200b\u200bpor los accidentes laborales. Es posible que tenga derecho a los siguientes beneficios despu\u00e9s de un accidente laboral en <\/span><a href=\"https:\/\/www.fortlauderdale.gov\/\" target=\"_blank\" rel=\"noopener\"><span style=\"font-weight: 400;\">Fort Lauderdale, FL<\/span><\/a><span style=\"font-weight: 400;\"> :<\/span><\/p>\n<ul>\n<li><b>Atenci\u00f3n m\u00e9dica: <\/b><span style=\"font-weight: 400;\">esto cubre costos como estad\u00edas en el hospital que paga el proveedor de seguros de su empleador.<\/span><\/li>\n<li><b>Beneficios por incapacidad total temporal: <\/b><span style=\"font-weight: 400;\">es posible que tenga derecho a estos beneficios si su m\u00e9dico le aconseja que se mantenga alejado del trabajo durante un per\u00edodo determinado.<\/span><\/li>\n<li><b>Fisioterapia: <\/b><span style=\"font-weight: 400;\">estos beneficios cubren los gastos de fisioterapia para el tratamiento de sus lesiones. La terapia ayuda a restaurar su capacidad para moverse y realizar las tareas diarias.<\/span><\/li>\n<li><b>Recetas: <\/b><span style=\"font-weight: 400;\">Los beneficios de compensaci\u00f3n para trabajadores tambi\u00e9n cubren sus medicamentos recetados.<\/span><\/li>\n<li><b>Gastos de viaje necesarios: <\/b><span style=\"font-weight: 400;\">puede incurrir en gastos de bolsillo para viajar al hospital.<\/span><\/li>\n<\/ul>\n<p><span style=\"font-weight: 400;\">Tambi\u00e9n puede tener derecho a recibir una compensaci\u00f3n para cubrir sus gastos de rehabilitaci\u00f3n vocacional. Las leyes de compensaci\u00f3n laboral var\u00edan de un estado a otro. Por esta raz\u00f3n, debe comunicarse con un abogado de compensaci\u00f3n para trabajadores confiable en Fort Lauderdale, FL, para obtener un asesoramiento legal s\u00f3lido. Miami Lawyers 360 puede informarle sobre sus derechos y responsabilidades en un reclamo de compensaci\u00f3n laboral.<\/span><\/p>\n<h2><b>\u00bfQu\u00e9 debo hacer si me lesiono en el trabajo?<\/b><\/h2>\n<p><span style=\"font-weight: 400;\">Para que pueda asegurar los beneficios de compensaci\u00f3n para trabajadores en Fort Lauderdale, Florida, hay varios pasos esenciales que debe seguir. Es fundamental seguir estos pasos si se lesiona en el trabajo:<\/span><\/p>\n<h3><b>Notifique a su empleador<\/b><\/h3>\n<p><span style=\"font-weight: 400;\">Si est\u00e1 involucrado en un accidente en el lugar de trabajo, aseg\u00farese de informar a su empleador sobre el incidente. Recuerde preguntarle a su empleador d\u00f3nde debe buscar tratamiento. Si su empleador no est\u00e1 disponible, puede comunicarse con la aseguradora del empleador para obtener informaci\u00f3n relevante sobre todos los m\u00e9dicos aprobados.<\/span><\/p>\n<h3><b>Busque tratamiento m\u00e9dico<\/b><\/h3>\n<p><span style=\"font-weight: 400;\">Nunca demore en buscar tratamiento m\u00e9dico de un m\u00e9dico autorizado despu\u00e9s de una lesi\u00f3n en el lugar de trabajo. Es posible que no se d\u00e9 cuenta de la gravedad de sus lesiones. El diagn\u00f3stico de un m\u00e9dico puede ayudarlo a construir su reclamo de compensaci\u00f3n para trabajadores de Fort Lauderdale. Es posible que se requiera un informe m\u00e9dico para que reciba una compensaci\u00f3n por sus lesiones. Recuerde seguir todas las instrucciones de su m\u00e9dico durante el tratamiento.<\/span><\/p>\n<h3><b>Mantenga un registro de su lesi\u00f3n<\/b><\/h3>\n<p><span style=\"font-weight: 400;\">Un informe de progreso sobre c\u00f3mo est\u00e1n progresando sus s\u00edntomas y lesiones puede ayudar a construir un reclamo s\u00f3lido.<\/span><\/p>\n<h3><b>Documente sus lesiones<\/b><\/h3>\n<p><span style=\"font-weight: 400;\">Tome fotograf\u00edas y videos de sus lesiones despu\u00e9s del incidente en el lugar de trabajo. Esto ayudar\u00e1 a probar la gravedad de sus da\u00f1os.<\/span><\/p>\n<h3><b>Presentar un reclamo de compensaci\u00f3n para trabajadores en Florida<\/b><\/h3>\n<p><span style=\"font-weight: 400;\">Un abogado con experiencia en lesiones personales de Fort Lauderdale puede ayudarlo a presentar una reclamaci\u00f3n de compensaci\u00f3n para trabajadores. Los empleadores de Florida deben presentar reclamos de compensaci\u00f3n para trabajadores dentro de una semana despu\u00e9s de haber sido notificados por sus empleados. Despu\u00e9s de que su empleador haya presentado un reclamo, se le pedir\u00e1 que proporcione a la compa\u00f1\u00eda de seguros m\u00e1s detalles sobre sus lesiones.<\/span><\/p>\n<h3><b>Descansar y recuperar<\/b><\/h3>\n<p><span style=\"font-weight: 400;\">T\u00f3mese un tiempo para descansar y recuperarse despu\u00e9s de su accidente. No se apresure a volver al trabajo si no se siente bien. Nada es m\u00e1s importante que tu salud f\u00edsica y mental.<\/span><\/p>\n<p><a href=\"http:\/\/miamilawyers360.com\/wp-content\/uploads\/2021\/03\/miami-beach-workers-comp-7-500x333-1.jpg\"><img fetchpriority=\"high\" decoding=\"async\" class=\"alignnone wp-image-976 size-full\" src=\"http:\/\/miamilawyers360.com\/wp-content\/uploads\/2021\/03\/miami-beach-workers-comp-7-500x333-1.jpg\" alt=\"Work injury claim form\" width=\"500\" height=\"333\" title=\"\" srcset=\"https:\/\/miamilawyers360.com\/wp-content\/uploads\/2021\/03\/miami-beach-workers-comp-7-500x333-1.jpg 500w, https:\/\/miamilawyers360.com\/wp-content\/uploads\/2021\/03\/miami-beach-workers-comp-7-500x333-1-300x200.jpg 300w\" sizes=\"(max-width: 500px) 100vw, 500px\" \/><\/a><\/p>\n<h2><b>\u00bfCu\u00e1les son las lesiones por accidentes laborales m\u00e1s comunes?<\/b><\/h2>\n<p><span style=\"font-weight: 400;\">Seg\u00fan la Oficina de Estad\u00edsticas Laborales, en 2019 se informaron <\/span><a href=\"https:\/\/www.bls.gov\/news.release\/pdf\/osh.pdf\" target=\"_blank\" rel=\"noopener\"><span style=\"font-weight: 400;\">2.8 millones de enfermedades y lesiones en el lugar de trabajo.<\/span><\/a><span style=\"font-weight: 400;\"> Estas cifras provienen de empleadores de la industria privada.<\/span><\/p>\n<p><span style=\"font-weight: 400;\">Cualquier tipo de lesi\u00f3n puede ocurrir durante el trabajo. Las lesiones pueden depender de su ocupaci\u00f3n, industria y circunstancias espec\u00edficas. Las lesiones por accidentes laborales m\u00e1s comunes incluyen:<\/span><\/p>\n<ul>\n<li><span style=\"font-weight: 400;\"> Lesiones de espalda y cuello<\/span><\/li>\n<li><span style=\"font-weight: 400;\"> quemaduras<\/span><\/li>\n<li><span style=\"font-weight: 400;\"> Accidentes por resbalones y ca\u00eddas<\/span><\/li>\n<li><span style=\"font-weight: 400;\"> p\u00e9rdida de audici\u00f3n<\/span><\/li>\n<li><span style=\"font-weight: 400;\"> Dolor articular<\/span><\/li>\n<li><span style=\"font-weight: 400;\"> Accidentes de construcci\u00f3n<\/span><\/li>\n<li><span style=\"font-weight: 400;\"> Amputaciones<\/span><\/li>\n<li><span style=\"font-weight: 400;\"> Accidentes durante viajes de negocios<\/span><\/li>\n<li><span style=\"font-weight: 400;\"> Fracturas<\/span><\/li>\n<li><span style=\"font-weight: 400;\"> Accidentes durante el uso de maquinaria o herramientas de la empresa.<\/span><\/li>\n<\/ul>\n<p><span style=\"font-weight: 400;\">Comun\u00edquese con Miami Lawyers 360 hoy mismo si ha sufrido alguna lesi\u00f3n relacionada con el trabajo. Nuestros abogados est\u00e1n listos para brindarle las mejores opciones legales para su caso.<\/span><\/p>\n<h2><b>\u00bfPor qu\u00e9 deber\u00eda contratar a un abogado de indemnizaci\u00f3n laboral en Fort Lauderdale?<\/b><\/h2>\n<p><span style=\"font-weight: 400;\">Si se enferma o se lesiona mientras est\u00e1 en el trabajo, es recomendable hablar con un abogado de inmediato. Si su reclamo es denegado, ser\u00eda mejor considerar comunicarse con Miami Lawyers 360. Nuestros abogados de compensaci\u00f3n de trabajadores de Fort Lauderdale pueden ayudarlo a:<\/span><\/p>\n<ul>\n<li><span style=\"font-weight: 400;\"> Recuperar ingresos perdidos<\/span><\/li>\n<li><span style=\"font-weight: 400;\"> Apelar su reclamo denegado.<\/span><\/li>\n<li><span style=\"font-weight: 400;\"> Representarlo en la corte si la negligencia de un tercero provoc\u00f3 sus lesiones.<\/span><\/li>\n<li><span style=\"font-weight: 400;\"> Manejar el despido injustificado o si no puede regresar al trabajo<\/span><\/li>\n<li><span style=\"font-weight: 400;\"> Revise su reclamo si no est\u00e1 satisfecho con el tratamiento m\u00e9dico o el monto del acuerdo.<\/span><\/li>\n<li><span style=\"font-weight: 400;\"> Solicite los beneficios del Seguro Social<\/span><\/li>\n<li><span style=\"font-weight: 400;\"> Determine si la negligencia grave de su empleador provoc\u00f3 sus lesiones.<\/span><\/li>\n<\/ul>\n<h2><b>\u00bfCu\u00e1nto cuesta contratar a un abogado de indemnizaci\u00f3n laboral en Fort Lauderdale?<\/b><\/h2>\n<p><span style=\"font-weight: 400;\">Los abogados de compensaci\u00f3n para trabajadores de Miami Lawyers 360 operan en base a honorarios de contingencia. Esto significa que no cobramos tarifas por adelantado y usted solo paga si ganamos su caso. Brindamos consultas sin costo y sin riesgos.<\/span><\/p>\n<p><a href=\"http:\/\/miamilawyers360.com\/wp-content\/uploads\/2021\/04\/lawyer-shaking-hands-with-client.jpg\"><img decoding=\"async\" class=\"alignnone wp-image-1173 size-full\" src=\"http:\/\/miamilawyers360.com\/wp-content\/uploads\/2021\/04\/lawyer-shaking-hands-with-client.jpg\" alt=\"Fort Lauderdale workers&#039; compensation lawyer meeting injured client.\" width=\"500\" height=\"500\" title=\"\" srcset=\"https:\/\/miamilawyers360.com\/wp-content\/uploads\/2021\/04\/lawyer-shaking-hands-with-client.jpg 500w, https:\/\/miamilawyers360.com\/wp-content\/uploads\/2021\/04\/lawyer-shaking-hands-with-client-300x300.jpg 300w, https:\/\/miamilawyers360.com\/wp-content\/uploads\/2021\/04\/lawyer-shaking-hands-with-client-150x150.jpg 150w\" sizes=\"(max-width: 500px) 100vw, 500px\" \/><\/a><\/p>\n<h2><b>\u00bfQu\u00e9 debo hacer si se rechaza mi reclamo de indemnizaci\u00f3n laboral?<\/b><\/h2>\n<p><span style=\"font-weight: 400;\">Si su empleador o el proveedor de seguros de su empleador ha denegado su reclamo, tiene derecho a impugnar la decisi\u00f3n. Puede presentar una apelaci\u00f3n en la <\/span><a href=\"https:\/\/www.jcc.state.fl.us\/jcc\/\" target=\"_blank\" rel=\"noopener\"><span style=\"font-weight: 400;\">Oficina de Jueces de Reclamos de Compensaci\u00f3n de Florida<\/span><\/a><span style=\"font-weight: 400;\">. Nuestros abogados con experiencia en compensaci\u00f3n para trabajadores pueden ayudarlo a apelar su reclamo. Usaremos evidencia relevante, incluidos testimonios de expertos, declaraciones de testigos y registros m\u00e9dicos, para construir una afirmaci\u00f3n s\u00f3lida. Miami Lawyers 360 tambi\u00e9n puede resolver su caso a trav\u00e9s de mecanismos alternativos de resoluci\u00f3n de disputas como arbitraje y mediaci\u00f3n.<\/span><\/p>\n<h2><b>\u00bfQu\u00e9 responsabilidad tiene el empleado al presentar una reclamaci\u00f3n de compensaci\u00f3n para trabajadores?<\/b><\/h2>\n<p><span style=\"font-weight: 400;\">Como empleado, es su responsabilidad informar su accidente <\/span><span style=\"font-weight: 400;\">dentro de los 30 d\u00edas<\/span><span style=\"font-weight: 400;\">. Debe buscar tratamiento m\u00e9dico de un m\u00e9dico autorizado si tiene una lesi\u00f3n relacionada con el trabajo. Buscar tratamiento de un m\u00e9dico autorizado garantiza que la aseguradora del empleador cubra sus facturas m\u00e9dicas.<\/span><\/p>\n<h2><b>\u00bfQu\u00e9 responsabilidad tiene el empleador en el proceso de compensaci\u00f3n laboral?<\/b><\/h2>\n<p><span style=\"font-weight: 400;\">Todos los empleadores est\u00e1n obligados a cumplir con <\/span><a href=\"http:\/\/www.leg.state.fl.us\/Statutes\/index.cfm?App_mode=Display_Statute&amp;URL=0400-0499\/0440\/0440ContentsIndex.html\" target=\"_blank\" rel=\"noopener\"><span style=\"font-weight: 400;\">las leyes de compensaci\u00f3n para trabajadores de Florida<\/span><\/a><span style=\"font-weight: 400;\">. Los empleadores deben notificar inmediatamente a su compa\u00f1\u00eda de seguros sobre su lesi\u00f3n. Es responsabilidad del empleador completar un primer informe de lesi\u00f3n o enfermedad. Su empleador debe enviar este documento a la Divisi\u00f3n de Compensaci\u00f3n para Trabajadores de Florida y al asegurador del empleador dentro de los siete d\u00edas.<\/span><\/p>\n<h2><b>\u00bfMe pueden despedir por una reclamaci\u00f3n de indemnizaci\u00f3n laboral?<\/b><\/h2>\n<p><span style=\"font-weight: 400;\">Es poco \u00e9tico e ilegal que un empleador en Florida lo despida despu\u00e9s de un accidente en el lugar de trabajo. Su empleador no tiene base legal para rescindir su empleo debido a cualquier lesi\u00f3n o enfermedad relacionada con el trabajo.<\/span><\/p>\n<h2><b>\u00bfExiste un l\u00edmite de tiempo para presentar un reclamo de compensaci\u00f3n para trabajadores en Fort Lauderdale, Florida?<\/b><\/h2>\n<p><span style=\"font-weight: 400;\">En Florida, tiene 30 d\u00edas a partir de la fecha de su lesi\u00f3n o desde que sus lesiones se hacen evidentes para notificar a su empleador. Para recibir una compensaci\u00f3n por su lesi\u00f3n, tiene dos a\u00f1os para presentar un reclamo de compensaci\u00f3n para trabajadores en Fort Lauderdale, Florida.<\/span><\/p>\n<p><a href=\"http:\/\/miamilawyers360.com\/wp-content\/uploads\/2021\/02\/doral-work-injury-500x333-1.jpg\"><img decoding=\"async\" class=\"alignnone wp-image-856 size-full\" src=\"http:\/\/miamilawyers360.com\/wp-content\/uploads\/2021\/02\/doral-work-injury-500x333-1.jpg\" alt=\"A construction worker with a knee injury.\" width=\"500\" height=\"333\" title=\"\" srcset=\"https:\/\/miamilawyers360.com\/wp-content\/uploads\/2021\/02\/doral-work-injury-500x333-1.jpg 500w, https:\/\/miamilawyers360.com\/wp-content\/uploads\/2021\/02\/doral-work-injury-500x333-1-300x200.jpg 300w\" sizes=\"(max-width: 500px) 100vw, 500px\" \/><\/a><\/p>\n<h2><b>\u00bfPuedo demandar a mi empleador?<\/b><\/h2>\n<p><span style=\"font-weight: 400;\">En el estado de Florida, no puede demandar a su empleador por la mayor\u00eda de las lesiones relacionadas con el trabajo. La cobertura de compensaci\u00f3n para trabajadores protege a los empleadores de demandas. Esta p\u00f3liza cubre los da\u00f1os que sufra en un accidente laboral. Sin embargo, se pueden hacer algunas excepciones una vez que su empleador cruza un cierto umbral. Es posible que pueda demandar a su empleador por da\u00f1os. Un abogado con experiencia en compensaci\u00f3n para trabajadores de Fort Lauderdale puede ofrecerle un asesoramiento legal s\u00f3lido durante tales situaciones.<\/span><\/p>\n<h2><b>\u00bfPuede un contratista independiente presentar una reclamaci\u00f3n de indemnizaci\u00f3n laboral?<\/b><\/h2>\n<p><span style=\"font-weight: 400;\">Los contratistas independientes no se consideran empleados seg\u00fan la ley de Florida. Los empleadores no est\u00e1n obligados a cubrir a estas personas. Esto dificulta que un contratista independiente obtenga beneficios de compensaci\u00f3n despu\u00e9s de un accidente. Los contratistas independientes no son elegibles para ninguna compensaci\u00f3n.<\/span><\/p>\n<h2><b>\u00bfCu\u00e1l es el valor de mi reclamo de compensaci\u00f3n para trabajadores de Fort Lauderdale?<\/b><\/h2>\n<p><span style=\"font-weight: 400;\">Sus beneficios de compensaci\u00f3n para trabajadores en Fort Lauderdale, Florida, cubrir\u00e1n:<\/span><\/p>\n<ul>\n<li><span style=\"font-weight: 400;\"> Gastos m\u00e9dicos incurridos en instalaciones autorizadas<\/span><\/li>\n<li><span style=\"font-weight: 400;\"> Gastos de rehabilitaci\u00f3n, incluida la fisioterapia y la terapia ocupacional<\/span><\/li>\n<li><span style=\"font-weight: 400;\"> Un porcentaje de sus ganancias perdidas<\/span><\/li>\n<li><span style=\"font-weight: 400;\"> Gastos de viaje para visitas al hospital.<\/span><\/li>\n<li><span style=\"font-weight: 400;\"> Medicamentos recetados<\/span><\/li>\n<li><span style=\"font-weight: 400;\"> Compensaci\u00f3n por salarios perdidos durante su per\u00edodo de incapacidad temporal. Tiene derecho a recibir hasta el 80% de sus ingresos anteriores durante 104 semanas.<\/span><\/li>\n<li><span style=\"font-weight: 400;\"> Discapacidad parcial permanente (PPD): estos son beneficios para los trabajadores que han sufrido lesiones permanentes pero que a\u00fan pueden realizar alg\u00fan trabajo.<\/span><\/li>\n<li><span style=\"font-weight: 400;\"> Discapacidad total permanente: estos son beneficios adicionales para los trabajadores que ya no pueden trabajar debido a sus lesiones. Tiene derecho al 66% de su salario semanal hasta que cumpla 75 a\u00f1os.<\/span><\/li>\n<li><a href=\"https:\/\/www.myfloridacfo.com\/division\/wc\/employee\/benefits\/death.htm\" target=\"_blank\" rel=\"noopener\"><span style=\"font-weight: 400;\">Beneficios por fallecimiento<\/span><\/a><span style=\"font-weight: 400;\"> : en caso de fallecimiento, su familia puede recibir un pago de beneficios de $150,000 usd y $7,500 usd para gastos funerarios.<\/span><\/li>\n<\/ul>\n<h2><b>Comun\u00edquese hoy mismo con un abogado experimentado en compensaci\u00f3n para trabajadores de Fort Lauderdale<\/b><\/h2>\n<p><span style=\"font-weight: 400;\">Hay muchos mitos y conceptos err\u00f3neos en Florida con respecto a la ley de compensaci\u00f3n para trabajadores. Puede desanimarse r\u00e1pidamente cuando escucha estos conceptos err\u00f3neos. <\/span><a href=\"http:\/\/www.miami360.com\/es\" target=\"_blank\" rel=\"noopener\"><span style=\"font-weight: 400;\">Miami Lawyers 360<\/span><\/a><span style=\"font-weight: 400;\"> tiene todos los hechos y respuestas a sus preguntas. No tiene que preocuparse por el complicado proceso legal de Florida. Deje que nuestro equipo legal maneje todo su proceso de reclamos.<\/span><\/p>\n<p><span style=\"font-weight: 400;\">En Miami Lawyers 360, nuestros abogados est\u00e1n totalmente comprometidos a ayudarlo con su reclamo. Podemos ayudarlo a obtener la compensaci\u00f3n que se merece. Cont\u00e1ctenos ahora al [tel\u00e9fono] para una revisi\u00f3n gratuita del caso. Recuerde, \u00a1no paga nada a menos que ganemos!<\/span><\/p>\n","protected":false},"excerpt":{"rendered":"<p>&nbsp; Los accidentes laborales pueden ocurrir en cualquier ocupaci\u00f3n o industria. Algunas industrias son m\u00e1s susceptibles a sufrir lesiones en el trabajo debido a los peligros y riesgos involucrados. Los trabajadores de industrias como la construcci\u00f3n, el petr\u00f3leo y el gas natural y la miner\u00eda son m\u00e1s propensos a sufrir lesiones en el lugar de [&hellip;]<\/p>\n","protected":false},"author":29,"featured_media":0,"parent":1734,"menu_order":0,"comment_status":"closed","ping_status":"closed","template":"","meta":{"_acf_changed":false,"anchor_text":"","footnotes":""},"categories":[],"tags":[74,76],"class_list":["post-1675","page","type-page","status-publish","hentry","tag-compensacion-de-trabajadores2","tag-compensacion-de-trabajadores-es-2"],"acf":[],"_links":{"self":[{"href":"https:\/\/miamilawyers360.com\/es\/wp-json\/wp\/v2\/pages\/1675","targetHints":{"allow":["GET"]}}],"collection":[{"href":"https:\/\/miamilawyers360.com\/es\/wp-json\/wp\/v2\/pages"}],"about":[{"href":"https:\/\/miamilawyers360.com\/es\/wp-json\/wp\/v2\/types\/page"}],"author":[{"embeddable":true,"href":"https:\/\/miamilawyers360.com\/es\/wp-json\/wp\/v2\/users\/29"}],"replies":[{"embeddable":true,"href":"https:\/\/miamilawyers360.com\/es\/wp-json\/wp\/v2\/comments?post=1675"}],"version-history":[{"count":0,"href":"https:\/\/miamilawyers360.com\/es\/wp-json\/wp\/v2\/pages\/1675\/revisions"}],"up":[{"embeddable":true,"href":"https:\/\/miamilawyers360.com\/es\/wp-json\/wp\/v2\/pages\/1734"}],"wp:attachment":[{"href":"https:\/\/miamilawyers360.com\/es\/wp-json\/wp\/v2\/media?parent=1675"}],"wp:term":[{"taxonomy":"category","embeddable":true,"href":"https:\/\/miamilawyers360.com\/es\/wp-json\/wp\/v2\/categories?post=1675"},{"taxonomy":"post_tag","embeddable":true,"href":"https:\/\/miamilawyers360.com\/es\/wp-json\/wp\/v2\/tags?post=1675"}],"curies":[{"name":"wp","href":"https:\/\/api.w.org\/{rel}","templated":true}]}}