{"id":1680,"date":"2021-02-24T21:12:55","date_gmt":"2021-02-24T21:12:55","guid":{"rendered":"https:\/\/miamilawyers360.com\/coral-gables\/car-accident-lawyer\/"},"modified":"2026-03-16T09:43:58","modified_gmt":"2026-03-16T13:43:58","slug":"abogado-accidentes-automovilisticos","status":"publish","type":"page","link":"https:\/\/miamilawyers360.com\/es\/abogado-accidentes-automovilisticos\/","title":{"rendered":"Abogado de accidentes automovil\u00edsticos de Coral Gables"},"content":{"rendered":"<p><span style=\"font-weight: 400;\">Los accidentes de tr\u00e1fico son bastante comunes en el estado de Florida. De hecho, tiene una de las tasas de accidentes m\u00e1s altas del pa\u00eds. Seg\u00fan datos del Departamento de Seguridad Vial y Veh\u00edculos Motorizados de Florida, cada a\u00f1o se informan alrededor de 400.000 accidentes automovil\u00edsticos en el estado. Y aunque menos del uno por ciento de estos accidentes resultan en muertes, Florida se encuentra entre los tres estados principales con las tasas per c\u00e1pita m\u00e1s altas de choques fatales. La probabilidad de sufrir lesiones o perder la vida debido a un accidente automovil\u00edstico en Florida es inusualmente alta en comparaci\u00f3n con la mayor\u00eda de los dem\u00e1s estados.<\/span><\/p>\n<p><span style=\"font-weight: 400;\">Florida tiene m\u00e1s de 15 millones de conductores con licencia y se estima que el 5% de estos conductores est\u00e1n involucrados en un accidente cada a\u00f1o. Lo que empeora la situaci\u00f3n es que la mayor\u00eda de estos accidentes se pueden prevenir. Cada a\u00f1o, miles de personas sufren lesiones devastadoras, mientras que otras pierden la vida como resultado de conductores negligentes. Y aunque el gobierno estatal de Florida ha implementado varias medidas para frenar los accidentes innecesarios, parece haber pocas mejoras.<\/span><\/p>\n<p><span style=\"font-weight: 400;\">Cada conductor tiene la responsabilidad de conducir con seguridad y cuidar a los dem\u00e1s mientras est\u00e1 en la carretera. Sin embargo, cuando esto no sucede, se ponen en riesgo a s\u00ed mismos y a los dem\u00e1s. Si usted o un ser querido ha sufrido da\u00f1os como resultado de las acciones de un conductor negligente, es posible que tenga ciertos derechos. Nuestro equipo de abogados con experiencia en accidentes automovil\u00edsticos en Coral Gables en Miami Lawyers 360 puede ayudarlo a obtener la justicia y la compensaci\u00f3n completa que se merece. Accidentes automovil\u00edsticos a menudo resultan en lesiones graves que pueden tener un impacto devastador en su vida y la de sus seres queridos.<\/span><\/p>\n<p><span style=\"font-weight: 400;\">No tiene que sufrir las consecuencias solo, deje que nuestros <a href=\"https:\/\/miamilawyers360.com\/es\/coral-gables\/abogado-lesiones-personales\/\">abogados de lesiones personales<\/a> luchen por usted y se aseguren de que sus derechos est\u00e9n protegidos. Ll\u00e1menos al <a href=\"tel:+17866862857\"><i class=\"fa fa-phone-alt\"><\/i>(786) 686-2857<\/a> para programar su consulta gratuita.<\/span><\/p>\n<h2><strong>Estad\u00edsticas de accidentes automovil\u00edsticos en Florida<\/strong><\/h2>\n<p><span style=\"font-weight: 400;\">Cada a\u00f1o, el Departamento de Seguridad Vial y Veh\u00edculos Motorizados de Florida publica <\/span><span style=\"font-weight: 400;\">su <a href=\"https:\/\/www.flhsmv.gov\/pdf\/crashreports\/crash_facts_2019.pdf\" target=\"_blank\" rel=\"noopener\">informe anual de Datos de accidentes de Tr\u00e1fico<\/a><\/span><span style=\"font-weight: 400;\">, <\/span><span style=\"font-weight: 400;\">que detalla las estad\u00edsticas de accidentes de tr\u00e1fico de cada a\u00f1o. Seg\u00fan su informe m\u00e1s reciente, hubo un total de 401,867 accidentes de tr\u00e1fico en 2019, con una ca\u00edda del 0,44% respecto al a\u00f1o anterior. A partir de estos datos, podemos deducir que hubo una media de 1.101 accidentes por d\u00eda, lo que es impactante, por decir lo menos.<\/span><\/p>\n<p><span style=\"font-weight: 400;\">De estos accidentes, 2.951 fueron mortales y resultaron en la muerte de 3.185 personas. En t\u00e9rminos de lesiones, un total de 18.063 personas sufrieron lesiones incapacitantes, mientras que m\u00e1s de 150.000 sufrieron diferentes tipos de lesiones. Las drogas y el alcohol estuvieron involucrados en m\u00e1s del 25% de todos los choques fatales.\u00a0<\/span><\/p>\n<h2><strong>\u00bfCu\u00e1nto cuesta un abogado de accidentes de coche?<\/strong><\/h2>\n<p><span style=\"font-weight: 400;\">Afortunadamente, nuestros abogados profesionales de lesiones personales operan con honorarios de contingencia. Esto significa que no cobramos tarifas por adelantado por nuestros servicios. Solo nos paga despu\u00e9s de que nuestro equipo haya obtenido una compensaci\u00f3n favorable para usted.<\/span><\/p>\n<h2><strong>\u00bfQu\u00e9 debo hacer despu\u00e9s de un accidente automovil\u00edstico?<\/strong><\/h2>\n<p><span style=\"font-weight: 400;\">Hay algunos pasos importantes que debe seguir despu\u00e9s de estar involucrado en un accidente automovil\u00edstico para proteger sus derechos y su bienestar.<\/span><\/p>\n<h3><strong>Contacte a la polic\u00eda<\/strong><\/h3>\n<p><span style=\"font-weight: 400;\">Est\u00e1 obligado por ley a informar un accidente automovil\u00edstico a las autoridades policiales, especialmente si se trata de lesiones, muerte, da\u00f1os a la propiedad o conducci\u00f3n en estado de ebriedad. Necesitar\u00e1 que la polic\u00eda presente un informe oficial de accidente, ya que ayudar\u00e1 a probar su reclamo.<\/span><\/p>\n<p><a href=\"https:\/\/miamilawyers360.com\/wp-content\/uploads\/2021\/02\/coral-gables-car-accident-lawyer.jpg\"><img fetchpriority=\"high\" decoding=\"async\" class=\"alignnone wp-image-851\" src=\"https:\/\/miamilawyers360.com\/wp-content\/uploads\/2021\/02\/coral-gables-car-accident-lawyer-300x200.jpg\" alt=\"A man calling the police to report a car accident.\" width=\"500\" height=\"333\" \/><\/a><\/p>\n<h3><strong>Permanezca en la escena<\/strong><\/h3>\n<p><span style=\"font-weight: 400;\">Bajo ninguna circunstancia debe intentar abandonar la escena a menos que los oficiales que respondieron le permitan hacerlo. Mientras espera a la polic\u00eda, verifique a otras personas involucradas en el accidente para saber si est\u00e1n bien o si necesitan ayuda urgente. Adem\u00e1s, est\u00e9 atento a cualquier signo de peligro adicional.<\/span><\/p>\n<h2><b>Intercambie informaci\u00f3n con todos los involucrados<\/b><\/h2>\n<p><span style=\"font-weight: 400;\">Aseg\u00farese de recopilar los nombres, los detalles de contacto y la informaci\u00f3n del seguro de otros conductores involucrados en el accidente. Tambi\u00e9n deber\u00edas darles el tuyo.<\/span><\/p>\n<h3><strong>Grabe la escena<\/strong><\/h3>\n<p><span style=\"font-weight: 400;\">Utilice su tel\u00e9fono inteligente para tomar fotos y videos de la escena del accidente. Estos servir\u00e1n como evidencia crucial para su caso.<\/span><\/p>\n<h3><strong>No se eche la culpa<\/strong><\/h3>\n<p><span style=\"font-weight: 400;\">Nunca debe disculparse o admitir la culpa del accidente, incluso si siente que tuvo la culpa del accidente, ya que esto puede da\u00f1ar seriamente su reclamo. Tenga en cuenta que la falla solo se determina despu\u00e9s de las investigaciones adecuadas.<\/span><\/p>\n<h3><strong>Busque atenci\u00f3n m\u00e9dica<\/strong><\/h3>\n<p><span style=\"font-weight: 400;\">Su salud debe ser una de sus principales preocupaciones despu\u00e9s de sufrir un accidente. Busque tratamiento m\u00e9dico lo antes posible. Esto no solo ayudar\u00e1 a acelerar su recuperaci\u00f3n, sino que tambi\u00e9n ayudar\u00e1 a revelar y documentar el verdadero alcance de sus lesiones.<\/span><\/p>\n<h3><strong>\u00a1Llame a una abogada de accidentes automovil\u00edsticos!<\/strong><\/h3>\n<p><span style=\"font-weight: 400;\">Si bien es posible que tenga derecho a una compensaci\u00f3n, el manejo de un reclamo por accidente automovil\u00edstico implica muchas complejidades y procedimientos legales. Es importante contar con un abogado de su lado, que lo guiar\u00e1 a trav\u00e9s del proceso y garantizar\u00e1 que sus derechos est\u00e9n protegidos. Para obtener el mejor resultado de su caso, debe comunicarse con un abogado lo antes posible despu\u00e9s de un accidente.<\/span><\/p>\n<h3><strong>\u00bfCu\u00e1l es la liquidaci\u00f3n promedio para un accidente automovil\u00edstico?<\/strong><\/h3>\n<p><span style=\"font-weight: 400;\">Dado que cada accidente automovil\u00edstico implica un conjunto diferente de circunstancias, no existe un monto de liquidaci\u00f3n promedio para los casos de accidentes automovil\u00edsticos en Florida. Hay muchos factores que afectan los acuerdos de accidentes automovil\u00edsticos, incluida la gravedad de sus lesiones, el nivel de da\u00f1os y la solidez de su representaci\u00f3n legal.<\/span><\/p>\n<p><span style=\"font-weight: 400;\">Para determinar efectivamente el valor de su reclamo, deber\u00e1 consultar a un abogado con experiencia en accidentes automovil\u00edsticos. Nuestro equipo deber\u00e1 identificar y documentar la amplia gama de gastos y p\u00e9rdidas que ha sufrido como resultado del accidente. Adem\u00e1s, tenga en cuenta que Florida sigue la regla de negligencia comparativa pura, lo que significa que el monto de su compensaci\u00f3n est\u00e1 sujeto a deducci\u00f3n por su porcentaje de culpa.<\/span><\/p>\n<p><span style=\"font-weight: 400;\">Sin embargo, a trav\u00e9s de la pol\u00edtica de protecci\u00f3n contra lesiones personales de su compa\u00f1\u00eda de seguros, tiene derecho a recibir:<\/span><\/p>\n<ul>\n<li style=\"font-weight: 400;\" aria-level=\"1\"><span style=\"font-weight: 400;\">Hasta el 80 por ciento de los gastos m\u00e9dicos<\/span><\/li>\n<li style=\"font-weight: 400;\" aria-level=\"1\"><span style=\"font-weight: 400;\">Hasta el 60 por ciento de los salarios perdidos<\/span><\/li>\n<li style=\"font-weight: 400;\" aria-level=\"1\"><span style=\"font-weight: 400;\">Reembolso de viajes por visitas a m\u00e9dicos.<\/span><\/li>\n<li style=\"font-weight: 400;\" aria-level=\"1\"><span style=\"font-weight: 400;\">$ 5,000 en beneficios por muerte<\/span><\/li>\n<\/ul>\n<h2><strong>\u00bfCu\u00e1ndo debo contratar a un abogado por un accidente automovil\u00edstico?<\/strong><\/h2>\n<p><span style=\"font-weight: 400;\">Si usted o un ser querido ha estado involucrado en un accidente automovil\u00edstico grave que result\u00f3 en lesiones graves o la muerte, debe considerar contratar a un abogado de accidentes automovil\u00edsticos de inmediato. En tales casos, lo que est\u00e1 en juego es extraordinariamente alto y cuanto antes consiga un abogado para su caso, mejor ser\u00e1 el resultado del caso.<\/span><\/p>\n<h2><strong>\u00bfPor qu\u00e9 necesito un abogado para una reclamaci\u00f3n por accidente automovil\u00edstico?<\/strong><\/h2>\n<p><span style=\"font-weight: 400;\">Nuestros abogados pueden ayudarle a reclamar su accidente automovil\u00edstico a trav\u00e9s de su experiencia con:<\/span><\/p>\n<h3><strong>Investigando su accidente<\/strong><\/h3>\n<p><span style=\"font-weight: 400;\">Incluso cuando la culpa en un accidente parezca clara, necesitar\u00e1 pruebas adecuadas y de calidad para demostrarlo. Saber qu\u00e9 pruebas obtener y c\u00f3mo hacerlo puede ser particularmente dif\u00edcil, especialmente si se trata de lesiones graves. Su abogado investigar\u00e1 todos los detalles \u00fanicos de su caso y obtendr\u00e1 todas las pruebas relevantes, incluidos informes policiales, pruebas f\u00edsicas, declaraciones de testigos, etc., para demostrar la responsabilidad y los documentos m\u00e9dicos como parte de la prueba de sus da\u00f1os.<\/span><\/p>\n<p><a href=\"https:\/\/miamilawyers360.com\/wp-content\/uploads\/2021\/02\/coral-gables-car-accident-lawyer-500x221-1.jpg\"><img decoding=\"async\" class=\"alignnone wp-image-852 size-full\" src=\"https:\/\/miamilawyers360.com\/wp-content\/uploads\/2021\/02\/coral-gables-car-accident-lawyer-500x221-1.jpg\" alt=\"An attorney filing a car accident claim for a client in Coral Gables.\" width=\"500\" height=\"221\" \/><\/a><\/p>\n<h3><strong>Presentar su reclamo<\/strong><\/h3>\n<h3><span style=\"font-weight: 400;\">Hay muchas cosas involucradas al presentar un reclamo. Debe saber contra qui\u00e9n presenta la reclamaci\u00f3n y c\u00f3mo hacerlo correctamente y dentro de los plazos establecidos. Su abogado lo ayudar\u00e1 a asegurarse de que todo est\u00e9 en orden.<\/span><\/h3>\n<h3><strong>Manejo de negociaciones<\/strong><\/h3>\n<p><span style=\"font-weight: 400;\">La mayor\u00eda de las reclamaciones por accidentes automovil\u00edsticos terminan en un acuerdo de conciliaci\u00f3n. Nuestros abogados de accidentes automovil\u00edsticos tienen impecables habilidades de negociaci\u00f3n y no se conformar\u00e1n con menos de lo que usted se merece.<\/span><\/p>\n<h3><strong>Llevando su caso a juicio<\/strong><\/h3>\n<p><span style=\"font-weight: 400;\">En caso de que no se llegue a un acuerdo favorable durante las negociaciones, su abogado debe estar preparado para llevar su caso a los tribunales. Nuestros abogados tienen a\u00f1os de experiencia litigando casos.<\/span><\/p>\n<h2><strong>\u00bfQu\u00e9 tipo de da\u00f1os puedo recuperar?<\/strong><\/h2>\n<p><span style=\"font-weight: 400;\">En Florida, puede perseguir los siguientes tipos de da\u00f1os a trav\u00e9s de un reclamo por accidente automovil\u00edstico:<\/span><\/p>\n<h2><strong>Econ\u00f3mica<\/strong><\/h2>\n<p><span style=\"font-weight: 400;\">Los da\u00f1os econ\u00f3micos est\u00e1n destinados a cubrir a las v\u00edctimas por las p\u00e9rdidas econ\u00f3micas incurridas como resultado del accidente. Pueden incluir facturas m\u00e9dicas, p\u00e9rdida de ingresos, p\u00e9rdida de la capacidad de generar ingresos, etc\u00e9tera.<\/span><\/p>\n<h3><strong>No econ\u00f3mica<\/strong><\/h3>\n<p><span style=\"font-weight: 400;\">Tambi\u00e9n conocidos como da\u00f1os generales, est\u00e1n destinados a cubrir a las v\u00edctimas por p\u00e9rdidas intangibles a las que no se les puede asignar ning\u00fan valor monetario espec\u00edfico. Estos incluyen dolor y sufrimiento, angustia emocional, p\u00e9rdida del disfrute de la vida, etc.<\/span><\/p>\n<h3><strong>Punitivo<\/strong><\/h3>\n<p><span style=\"font-weight: 400;\">Los da\u00f1os punitivos se otorgan en los casos en que se ha identificado una mala conducta intencional o negligencia grave por parte del acusado. Est\u00e1n destinados a castigar al malhechor y desalentar la repetici\u00f3n de un comportamiento similar. Florida limita los da\u00f1os punitivos a tres veces la cantidad de da\u00f1os compensatorios o $ 500,000, lo que sea mayor.<\/span><\/p>\n<h2><strong>\u00bfC\u00f3mo se determina la culpa en casos de accidentes automovil\u00edsticos en Florida?<\/strong><\/h2>\n<p><span style=\"font-weight: 400;\">Para demostrar que el otro conductor es responsable de sus lesiones y da\u00f1os, su abogado deber\u00e1 probar los siguientes cuatro elementos de negligencia:<\/span><\/p>\n<ul>\n<li style=\"font-weight: 400;\" aria-level=\"1\"><b>Deber de cuidado: <\/b><span style=\"font-weight: 400;\">Todos los conductores tienen el deber de cuidar a los dem\u00e1s usuarios de la v\u00eda y al p\u00fablico en general.<\/span><\/li>\n<li style=\"font-weight: 400;\" aria-level=\"1\"><b>Incumplimiento del deber de cuidado:<\/b><span style=\"font-weight: 400;\"> su abogado tiene que demostrar que el otro conductor viol\u00f3 su deber de cuidado al hacer algo o al no hacer algo que una persona razonable tendr\u00eda en una situaci\u00f3n similar.<\/span><\/li>\n<li style=\"font-weight: 400;\" aria-level=\"1\"><b>Causa:<\/b><span style=\"font-weight: 400;\"> Su abogado tiene que demostrar que sus lesiones fueron el resultado directo de la negligencia del otro conductor y no otras causas.<\/span><\/li>\n<li style=\"font-weight: 400;\" aria-level=\"1\"><b>Da\u00f1os: <\/b><span style=\"font-weight: 400;\">Su abogado tiene que demostrar que, como resultado de la negligencia del otro conductor, usted sufri\u00f3 da\u00f1os reales y demostrables.<\/span><\/li>\n<\/ul>\n<h2><strong>\u00bfCu\u00e1nto tiempo tengo para presentar una reclamaci\u00f3n?<\/strong><\/h2>\n<p><span style=\"font-weight: 400;\">En<\/span> <a href=\"https:\/\/en.wikipedia.org\/wiki\/Coral_Gables,_Florida\" target=\"_blank\" rel=\"noopener\"><span style=\"font-weight: 400;\">Coral Gables<\/span><span style=\"font-weight: 400;\">,<\/span><span style=\"font-weight: 400;\"> Florida,<\/span><\/a><span style=\"font-weight: 400;\"> los reclamos por accidentes automovil\u00edsticos est\u00e1n sujetos a la ley de lesiones personales. El estatuto de limitaciones para casos de lesiones personales en Florida es de cuatro a\u00f1os a partir de la fecha del accidente.<\/span><\/p>\n<h2><strong>\u00bfQu\u00e9 puedo hacer si el seguro rechaza mi reclamo?<\/strong><\/h2>\n<p><span style=\"font-weight: 400;\">Si se rechaza su reclamo, recibir\u00e1 una carta de rechazo de su compa\u00f1\u00eda de seguros inform\u00e1ndole por qu\u00e9 se rechaz\u00f3 su reclamo. Si no est\u00e1 de acuerdo con las razones proporcionadas y cree que tiene un caso s\u00f3lido, puede hablar con su abogado sobre la presentaci\u00f3n de una apelaci\u00f3n. Su abogado le proporcionar\u00e1 a la aseguradora informaci\u00f3n y pruebas adicionales para respaldar su reclamo. Si es necesario, su abogado puede emprender acciones legales.<\/span><\/p>\n<h2><strong>\u00bfTengo un caso?<\/strong><\/h2>\n<p><span style=\"font-weight: 400;\">Su abogado lo ayudar\u00e1 a determinar si tiene un reclamo v\u00e1lido investigando a fondo su caso y revisando la evidencia disponible. <\/span><a href=\"https:\/\/wallethub.com\/answers\/ci\/is-florida-a-no-fault-state-2140703678\/\" target=\"_blank\" rel=\"noopener\"><span style=\"font-weight: 400;\">Florida es un estado sin culpa<\/span><\/a><span style=\"font-weight: 400;\">, lo que significa que las v\u00edctimas de accidentes automovil\u00edsticos tienen que buscar una compensaci\u00f3n de sus respectivas compa\u00f1\u00edas de seguros, independientemente de qui\u00e9n tenga la culpa. Sin embargo, cuando sus da\u00f1os exceden los l\u00edmites de su p\u00f3liza, puede buscar una compensaci\u00f3n de la parte culpable y sus compa\u00f1\u00edas de seguros. Sus lesiones deben cumplir con ciertos requisitos previos para salir de la ley de no culpa.<\/span><\/p>\n<h2><strong>\u00bfQu\u00e9 pasa si el otro conductor no tiene seguro?<\/strong><\/h2>\n<p><span style=\"font-weight: 400;\">Es com\u00fan involucrarse en accidentes automovil\u00edsticos con conductores sin seguro. Como se indic\u00f3 anteriormente, Florida es un estado sin culpa, lo que significa que su compa\u00f1\u00eda de seguros cubrir\u00e1 la mayor\u00eda de sus da\u00f1os hasta un l\u00edmite de $ 10,000. Si sus da\u00f1os exceden esta cantidad, la compa\u00f1\u00eda de seguros del conductor culpable resolver\u00e1 el resto. Sin embargo, si lo atropella un conductor sin seguro, su mejor opci\u00f3n es presentar una demanda contra el conductor.<\/span><\/p>\n<p><span style=\"font-weight: 400;\">Sin embargo, si el conductor culpable no est\u00e1 en una posici\u00f3n financieramente capaz de realizar los pagos, algunas de las opciones legalmente disponibles para la recuperaci\u00f3n incluyen:<\/span><\/p>\n<p><a href=\"https:\/\/miamilawyers360.com\/wp-content\/uploads\/2021\/02\/coral-gables-car-accident-9-500x333-1.jpg\"><img decoding=\"async\" class=\"alignnone wp-image-850 size-full\" src=\"https:\/\/miamilawyers360.com\/wp-content\/uploads\/2021\/02\/coral-gables-car-accident-9-500x333-1.jpg\" alt=\"Review your claim options with a Coral Gables car accident lawyer today.\" width=\"500\" height=\"333\" \/><\/a><\/p>\n<p>&nbsp;<\/p>\n<ul>\n<li style=\"font-weight: 400;\" aria-level=\"1\"><span style=\"font-weight: 400;\">Incautaci\u00f3n de bienes muebles con un embargo<\/span><\/li>\n<li style=\"font-weight: 400;\" aria-level=\"1\"><span style=\"font-weight: 400;\">Embargar su cuenta bancaria<\/span><\/li>\n<li style=\"font-weight: 400;\" aria-level=\"1\"><span style=\"font-weight: 400;\">Poner un gravamen sobre una propiedad que no es de propiedad familiar<\/span><\/li>\n<li style=\"font-weight: 400;\" aria-level=\"1\"><span style=\"font-weight: 400;\">Embargando su salario<\/span><\/li>\n<\/ul>\n<h2><strong>\u00bfC\u00f3mo puedo obtener un informe de accidente?<\/strong><\/h2>\n<p><span style=\"font-weight: 400;\">Puede obtener su informe de accidente de tr\u00e1fico visitando la estaci\u00f3n de tropas de la Patrulla de Carreteras de Florida (FHP) m\u00e1s cercana al lugar del accidente y completando un formulario de \u00abDeclaraci\u00f3n jurada para obtener un informe de accidente\u00bb o visitando el sitio web de Florida Highway Safety and Motor Vehicles . Se le pedir\u00e1 que pague una tarifa de $12 usd y proporcione su licencia de conducir o n\u00famero de identificaci\u00f3n. El informe suele estar disponible para descargar despu\u00e9s de 48 horas de realizar la solicitud.<\/span><\/p>\n<h2><strong>Lesiones comunes causadas por accidentes automovil\u00edsticos<\/strong><\/h2>\n<p><span style=\"font-weight: 400;\">Los accidentes automovil\u00edsticos suelen provocar lesiones, que incluyen:<\/span><\/p>\n<ul>\n<li style=\"font-weight: 400;\" aria-level=\"1\"><span style=\"font-weight: 400;\">Lesiones Cerebrales<\/span><\/li>\n<li style=\"font-weight: 400;\" aria-level=\"1\"><span style=\"font-weight: 400;\">Lesiones de espalda<\/span><\/li>\n<li style=\"font-weight: 400;\" aria-level=\"1\"><span style=\"font-weight: 400;\">Lesiones de cuello<\/span><\/li>\n<li style=\"font-weight: 400;\" aria-level=\"1\"><span style=\"font-weight: 400;\">Heridas en la cabeza<\/span><\/li>\n<li style=\"font-weight: 400;\" aria-level=\"1\"><span style=\"font-weight: 400;\">Heridas internas<\/span><\/li>\n<li style=\"font-weight: 400;\" aria-level=\"1\"><span style=\"font-weight: 400;\">Desfiguraci\u00f3n facial<\/span><\/li>\n<li style=\"font-weight: 400;\" aria-level=\"1\"><span style=\"font-weight: 400;\">Lesiones de rodilla y pierna<\/span><\/li>\n<li style=\"font-weight: 400;\" aria-level=\"1\"><span style=\"font-weight: 400;\">Lesiones de la m\u00e9dula espinal<\/span><\/li>\n<li style=\"font-weight: 400;\" aria-level=\"1\"><span style=\"font-weight: 400;\">Muerte<\/span><\/li>\n<\/ul>\n<h2><strong>Tipos de accidentes automovil\u00edsticos que manejamos<\/strong><\/h2>\n<p><span style=\"font-weight: 400;\">Nuestros abogados manejan todo tipo de accidentes automovil\u00edsticos, incluidos:<\/span><\/p>\n<ul>\n<li style=\"font-weight: 400;\" aria-level=\"1\"><span style=\"font-weight: 400;\">Conducir bajo la influencia de accidentes (alcoholismo y drogas)<\/span><\/li>\n<li style=\"font-weight: 400;\" aria-level=\"1\"><span style=\"font-weight: 400;\">Conducci\u00f3n distra\u00edda<\/span><\/li>\n<li style=\"font-weight: 400;\" aria-level=\"1\"><span style=\"font-weight: 400;\">Colisiones frontales<\/span><\/li>\n<li style=\"font-weight: 400;\" aria-level=\"1\"><span style=\"font-weight: 400;\">Accidentes de Hit &amp; Run<\/span><\/li>\n<li style=\"font-weight: 400;\" aria-level=\"1\"><span style=\"font-weight: 400;\">Accidentes traseros<\/span><\/li>\n<li style=\"font-weight: 400;\" aria-level=\"1\"><span style=\"font-weight: 400;\">Conducci\u00f3n temeraria<\/span><\/li>\n<li style=\"font-weight: 400;\" aria-level=\"1\"><span style=\"font-weight: 400;\">Accidentes de viajes compartidos<\/span><\/li>\n<li style=\"font-weight: 400;\" aria-level=\"1\"><span style=\"font-weight: 400;\">Accidentes de vuelco<\/span><\/li>\n<li style=\"font-weight: 400;\" aria-level=\"1\"><span style=\"font-weight: 400;\">Accidentes por exceso de velocidad<\/span><\/li>\n<li style=\"font-weight: 400;\" aria-level=\"1\"><span style=\"font-weight: 400;\">Conductor sin seguro<\/span><\/li>\n<\/ul>\n<h2><strong>Comun\u00edquese con un abogado calificado en accidentes automovil\u00edsticos en Coral Gables<\/strong><\/h2>\n<p><span style=\"font-weight: 400;\">Si usted o un ser querido ha resultado lesionado en un accidente automovil\u00edstico como resultado de la negligencia de otro conductor en Coral Gables, FL, necesita toda la orientaci\u00f3n y asistencia legal que pueda obtener. Nuestro equipo de abogados experimentados y compasivos est\u00e1 preparado para ayudar durante esta mala racha de su vida. Tiene derecho a una compensaci\u00f3n total y m\u00e1xima por sus p\u00e9rdidas y da\u00f1os, y nuestro equipo est\u00e1 aqu\u00ed para garantizar que este derecho est\u00e9 protegido. P\u00f3ngase en contacto con nuestra <a href=\"https:\/\/miamilawyers360.com\/es\/\">firma de lesiones personales<\/a> hoy en <\/span><span style=\"font-weight: 400;\"><a href=\"tel:+17866862857\"><i class=\"fa fa-phone-alt\"><\/i>(786) 686-2857<\/a> <\/span><span style=\"font-weight: 400;\">para discutir su caso.<\/span><\/p>\n<div id=\"mttContainer\" class=\"notranslate\" style=\"transform: translate(801px, 253px);\" aria-expanded=\"true\">\n<div id=\"tippy-1\" style=\"z-index: 100000200; visibility: visible; position: absolute; inset: auto auto 0px 0px; margin: 0px; transform: translate(399px, -20px);\" data-tippy-root=\"\">\n<div class=\"tippy-box\" style=\"max-width: 350px; transition-duration: 300ms;\" tabindex=\"-1\" role=\"mtttooltip\" data-state=\"visible\" data-theme=\"custom\" data-animation=\"fade\" data-placement=\"top\">\n<div class=\"tippy-content\" style=\"transition-duration: 300ms;\" data-state=\"visible\"><span dir=\"ltr\">Car accidents often result in serious injuries that can have a devastating impact on your life and the lives of your loved ones.<\/span><\/div>\n<div class=\"tippy-arrow\" style=\"position: absolute; left: 0px; transform: translate(92px, 0px);\"><\/div>\n<\/div>\n<\/div>\n<\/div>\n","protected":false},"excerpt":{"rendered":"<p>Los accidentes de tr\u00e1fico son bastante comunes en el estado de Florida. De hecho, tiene una de las tasas de accidentes m\u00e1s altas del pa\u00eds. Seg\u00fan datos del Departamento de Seguridad Vial y Veh\u00edculos Motorizados de Florida, cada a\u00f1o se informan alrededor de 400.000 accidentes automovil\u00edsticos en el estado. Y aunque menos del uno por [&hellip;]<\/p>\n","protected":false},"author":22,"featured_media":0,"parent":0,"menu_order":0,"comment_status":"closed","ping_status":"closed","template":"","meta":{"_acf_changed":false,"anchor_text":"","footnotes":""},"class_list":["post-1680","page","type-page","status-publish","hentry"],"acf":[],"_links":{"self":[{"href":"https:\/\/miamilawyers360.com\/es\/wp-json\/wp\/v2\/pages\/1680","targetHints":{"allow":["GET"]}}],"collection":[{"href":"https:\/\/miamilawyers360.com\/es\/wp-json\/wp\/v2\/pages"}],"about":[{"href":"https:\/\/miamilawyers360.com\/es\/wp-json\/wp\/v2\/types\/page"}],"author":[{"embeddable":true,"href":"https:\/\/miamilawyers360.com\/es\/wp-json\/wp\/v2\/users\/22"}],"replies":[{"embeddable":true,"href":"https:\/\/miamilawyers360.com\/es\/wp-json\/wp\/v2\/comments?post=1680"}],"version-history":[{"count":3,"href":"https:\/\/miamilawyers360.com\/es\/wp-json\/wp\/v2\/pages\/1680\/revisions"}],"predecessor-version":[{"id":5327,"href":"https:\/\/miamilawyers360.com\/es\/wp-json\/wp\/v2\/pages\/1680\/revisions\/5327"}],"wp:attachment":[{"href":"https:\/\/miamilawyers360.com\/es\/wp-json\/wp\/v2\/media?parent=1680"}],"curies":[{"name":"wp","href":"https:\/\/api.w.org\/{rel}","templated":true}]}}