{"id":1681,"date":"2021-02-24T21:13:43","date_gmt":"2021-02-24T21:13:43","guid":{"rendered":"http:\/\/miamilawyers360.com\/coral-gables\/personal-injury-lawyer\/"},"modified":"2021-12-15T17:35:30","modified_gmt":"2021-12-15T17:35:30","slug":"abogado-lesiones-personales","status":"publish","type":"page","link":"https:\/\/miamilawyers360.com\/es\/abogado-lesiones-personales\/","title":{"rendered":"Abogado de Lesiones Personales en Coral Gables"},"content":{"rendered":"<p><span style=\"font-weight: 400;\">Sufrir una lesi\u00f3n personal puede ser estresante, si no abrumador. Adem\u00e1s de causar dolor f\u00edsico y emocional, tambi\u00e9n puede generar una enorme carga financiera sobre su espalda. Es posible que est\u00e9 preocupado por sus facturas m\u00e9dicas, salarios perdidos y c\u00f3mo volver\u00e1 a la normalidad. Nuestros abogados de lesiones personales en Coral Gables est\u00e1n aqu\u00ed para ayudarlo. Ofrecemos una consulta gratuita para revisar su reclamo y c\u00f3mo puede tener una compensaci\u00f3n. Llame a nuestra <\/span><a href=\"https:\/\/miamilawyers360.com\/es\/\"><span style=\"font-weight: 400;\">firma de lesiones personales<\/span><\/a><span style=\"font-weight: 400;\"> al <a href=\"tel:+17866862857\">(786) 686-2857<\/a> para obtener la representaci\u00f3n legal que se merece.<\/span><\/p>\n<p><span style=\"font-weight: 400;\">\t\t<div data-elementor-type=\"section\" data-elementor-id=\"1714\" class=\"elementor elementor-1714 elementor-208\" data-elementor-post-type=\"elementor_library\">\n\t\t\t\t\t<section class=\"elementor-section elementor-top-section elementor-element elementor-element-37c5f16 elementor-section-boxed elementor-section-height-default elementor-section-height-default\" data-id=\"37c5f16\" data-element_type=\"section\" data-e-type=\"section\">\n\t\t\t\t\t\t<div class=\"elementor-container elementor-column-gap-default\">\n\t\t\t\t\t<div class=\"elementor-column elementor-col-100 elementor-top-column elementor-element elementor-element-f303a68 section-toc\" data-id=\"f303a68\" data-element_type=\"column\" data-e-type=\"column\">\n\t\t\t<div class=\"elementor-widget-wrap elementor-element-populated\">\n\t\t\t\t\t\t<div class=\"elementor-element elementor-element-f0ad866 elementor-toc--minimized-on-tablet elementor-widget elementor-widget-table-of-contents\" data-id=\"f0ad866\" data-element_type=\"widget\" data-e-type=\"widget\" data-settings=\"{&quot;exclude_headings_by_selector&quot;:&quot;.toc-remove&quot;,&quot;headings_by_tags&quot;:[&quot;h2&quot;,&quot;h3&quot;,&quot;h4&quot;,&quot;h5&quot;,&quot;h6&quot;],&quot;marker_view&quot;:&quot;numbers&quot;,&quot;no_headings_message&quot;:&quot;No se ha encontrado ning\\u00fan encabezado en esta p\\u00e1gina.&quot;,&quot;minimize_box&quot;:&quot;yes&quot;,&quot;minimized_on&quot;:&quot;tablet&quot;,&quot;hierarchical_view&quot;:&quot;yes&quot;,&quot;min_height&quot;:{&quot;unit&quot;:&quot;px&quot;,&quot;size&quot;:&quot;&quot;,&quot;sizes&quot;:[]},&quot;min_height_tablet&quot;:{&quot;unit&quot;:&quot;px&quot;,&quot;size&quot;:&quot;&quot;,&quot;sizes&quot;:[]},&quot;min_height_mobile&quot;:{&quot;unit&quot;:&quot;px&quot;,&quot;size&quot;:&quot;&quot;,&quot;sizes&quot;:[]}}\" data-widget_type=\"table-of-contents.default\">\n\t\t\t\t\t\t\t\t\t<div class=\"elementor-toc__header\">\n\t\t\t\t\t\t<h4 class=\"elementor-toc__header-title\">\n\t\t\t\tTable of Contents\t\t\t<\/h4>\n\t\t\t\t\t\t\t\t\t\t<div class=\"elementor-toc__toggle-button elementor-toc__toggle-button--expand\" role=\"button\" tabindex=\"0\" aria-controls=\"elementor-toc__f0ad866\" aria-expanded=\"true\" aria-label=\"Abrir la tabla de contenidos\"><svg aria-hidden=\"true\" class=\"e-font-icon-svg e-fas-chevron-down\" viewBox=\"0 0 448 512\" xmlns=\"http:\/\/www.w3.org\/2000\/svg\"><path d=\"M207.029 381.476L12.686 187.132c-9.373-9.373-9.373-24.569 0-33.941l22.667-22.667c9.357-9.357 24.522-9.375 33.901-.04L224 284.505l154.745-154.021c9.379-9.335 24.544-9.317 33.901.04l22.667 22.667c9.373 9.373 9.373 24.569 0 33.941L240.971 381.476c-9.373 9.372-24.569 9.372-33.942 0z\"><\/path><\/svg><\/div>\n\t\t\t\t<div class=\"elementor-toc__toggle-button elementor-toc__toggle-button--collapse\" role=\"button\" tabindex=\"0\" aria-controls=\"elementor-toc__f0ad866\" aria-expanded=\"true\" aria-label=\"Cerrar la tabla de contenidos\"><svg aria-hidden=\"true\" class=\"e-font-icon-svg e-fas-chevron-up\" viewBox=\"0 0 448 512\" xmlns=\"http:\/\/www.w3.org\/2000\/svg\"><path d=\"M240.971 130.524l194.343 194.343c9.373 9.373 9.373 24.569 0 33.941l-22.667 22.667c-9.357 9.357-24.522 9.375-33.901.04L224 227.495 69.255 381.516c-9.379 9.335-24.544 9.317-33.901-.04l-22.667-22.667c-9.373-9.373-9.373-24.569 0-33.941L207.03 130.525c9.372-9.373 24.568-9.373 33.941-.001z\"><\/path><\/svg><\/div>\n\t\t\t\t\t<\/div>\n\t\t\t\t<div id=\"elementor-toc__f0ad866\" class=\"elementor-toc__body\">\n\t\t\t<div class=\"elementor-toc__spinner-container\">\n\t\t\t\t<svg class=\"elementor-toc__spinner eicon-animation-spin e-font-icon-svg e-eicon-loading\" aria-hidden=\"true\" viewBox=\"0 0 1000 1000\" xmlns=\"http:\/\/www.w3.org\/2000\/svg\"><path d=\"M500 975V858C696 858 858 696 858 500S696 142 500 142 142 304 142 500H25C25 237 238 25 500 25S975 237 975 500 763 975 500 975Z\"><\/path><\/svg>\t\t\t<\/div>\n\t\t<\/div>\n\t\t\t\t\t\t<\/div>\n\t\t\t\t\t<\/div>\n\t\t<\/div>\n\t\t\t\t\t<\/div>\n\t\t<\/section>\n\t\t\t\t<\/div>\n\t\t<\/span><\/p>\n<h2><b>Qu\u00e9 debe hacer despu\u00e9s de una lesi\u00f3n.<\/b><\/h2>\n<p><span style=\"font-weight: 400;\">Para obtener la mayor compensaci\u00f3n, debe hacerlo bien desde el principio. Estos son los primeros pasos importantes que debe seguir despu\u00e9s de una lesi\u00f3n:<\/span><\/p>\n<ul>\n<li style=\"font-weight: 400;\" aria-level=\"1\"><span style=\"font-weight: 400;\">Obtenga tratamiento m\u00e9dico de inmediato si es necesario. No olvide llevar un registro de todos los tratamientos recibidos.<\/span><\/li>\n<li style=\"font-weight: 400;\" aria-level=\"1\"><span style=\"font-weight: 400;\">Documente la escena: tome videos y fotos si puede<\/span><\/li>\n<li style=\"font-weight: 400;\" aria-level=\"1\"><span style=\"font-weight: 400;\">Si hay testigos, obtenga sus nombres y contactos (correo electr\u00f3nico, tel\u00e9fono, etc.)<\/span><\/li>\n<li style=\"font-weight: 400;\" aria-level=\"1\"><span style=\"font-weight: 400;\">Informe el incidente: llame a la polic\u00eda si se trata de un accidente de veh\u00edculo, informe los accidentes laborales a los supervisores, etc.<\/span><\/li>\n<li style=\"font-weight: 400;\" aria-level=\"1\"><span style=\"font-weight: 400;\">No se eche la culpa<\/span><\/li>\n<li style=\"font-weight: 400;\" aria-level=\"1\"><span style=\"font-weight: 400;\">\u00a1Llame a un abogado de lesiones personales!<\/span><\/li>\n<\/ul>\n<p><span style=\"font-weight: 400;\">Si ha sufrido una lesi\u00f3n personal en <\/span><span style=\"font-weight: 400;\"><a href=\"https:\/\/en.wikipedia.org\/wiki\/Coral_Gables,_Florida\" target=\"_blank\" rel=\"noopener\">Coral Gables, FL<\/a>,<\/span><span style=\"font-weight: 400;\"> comun\u00edquese con nuestros abogados para una consulta gratuita y sin compromiso. La evaluaci\u00f3n es estrictamente confidencial.<\/span><\/p>\n<h2><b>\u00bfPor qu\u00e9 necesito un abogado?<\/b><\/h2>\n<p><span style=\"font-weight: 400;\">Lesionarse puede ser traum\u00e1tico, lo que dificulta lidiar con demandas por lesiones personales. Ah\u00ed es donde nuestros abogados de lesiones personales ser\u00e1n \u00fatiles. Haremos todo el trabajo pesado para que pueda recuperarse de la lesi\u00f3n sin muchos problemas y obtener la compensaci\u00f3n que se merece.<\/span><\/p>\n<p><a href=\"http:\/\/miamilawyers360.com\/wp-content\/uploads\/2021\/02\/coral-gables-personal-injury-lawyer-500x333-1.jpg\"><img fetchpriority=\"high\" decoding=\"async\" class=\"alignnone wp-image-853 size-full\" src=\"http:\/\/miamilawyers360.com\/wp-content\/uploads\/2021\/02\/coral-gables-personal-injury-lawyer-500x333-1.jpg\" alt=\"File your claim with our Coral Gables personal injury lawyers today.\" width=\"500\" height=\"333\" title=\"\" srcset=\"https:\/\/miamilawyers360.com\/wp-content\/uploads\/2021\/02\/coral-gables-personal-injury-lawyer-500x333-1.jpg 500w, https:\/\/miamilawyers360.com\/wp-content\/uploads\/2021\/02\/coral-gables-personal-injury-lawyer-500x333-1-300x200.jpg 300w\" sizes=\"(max-width: 500px) 100vw, 500px\" \/><\/a><\/p>\n<p><span style=\"font-weight: 400;\">He aqu\u00ed por qu\u00e9 necesita un abogado cuando sufre una lesi\u00f3n personal:<\/span><\/p>\n<h3><b>Preparaci\u00f3n de su reclamo y presentaci\u00f3n de una demanda<\/b><\/h3>\n<p><span style=\"font-weight: 400;\">Como su abogado de lesiones personales, lo primero que haremos es recopilar la mayor cantidad de informaci\u00f3n sobre su caso, recibiremos declaraciones de testigos, informes policiales, registros m\u00e9dicos, facturas, fotos, videos y otras declaraciones oficiales para construir un caso s\u00f3lido. El siguiente paso, es presentar su queja ante el tribunal, que enumera sus argumentos legales, las pruebas y lo que exige en compensaci\u00f3n.<\/span><\/p>\n<p><span style=\"font-weight: 400;\">Si espera hasta obtener un certificado de salud limpio para presentar y buscar alivio por su lesi\u00f3n, obtener el acuerdo que se merece ser\u00e1 m\u00e1s dif\u00edcil y prolongado. Como su abogado, prepararemos su reclamo de compensaci\u00f3n y presentaremos una demanda mientras usted se recupera. Usaremos nuestra experiencia, conexiones y conocimiento para evitar posibles contratiempos.<\/span><\/p>\n<h3><b>Negociaci\u00f3n de liquidaci\u00f3n<\/b><\/h3>\n<p><span style=\"font-weight: 400;\">Las compa\u00f1\u00edas de seguros har\u00e1n todo lo posible para darle la menor compensaci\u00f3n posible. Vale la pena que consulte con nosotros antes de negociar o aceptar un acuerdo. Haremos todo lo posible para ofrecerle el mayor pago posible<\/span><\/p>\n<h3><b>Preparaci\u00f3n y representaci\u00f3n del juicio<\/b><\/h3>\n<p><span style=\"font-weight: 400;\">En una demanda por lesiones personales, lo principal es mostrar la negligencia que caus\u00f3 la lesi\u00f3n. Argumentamos ante la corte que usted result\u00f3 lesionado debido a la negligencia del acusado. Tener un abogado de lesiones personales es indispensable, especialmente cuando se necesita establecer responsabilidades.<\/span><\/p>\n<p><span style=\"font-weight: 400;\">En Miami Lawyers 360, somos expertos en la preparaci\u00f3n y representaci\u00f3n de juicios. Lucharemos en la corte para asegurarnos de que no haya dudas sobre la gravedad de su lesi\u00f3n, los da\u00f1os sufridos y c\u00f3mo ocurrieron. De esta manera, usted puede obtener una sentencia favorable y recibir la compensaci\u00f3n a la que tiene derecho.<\/span><\/p>\n<h2><b>\u00bfQu\u00e9 tipo de da\u00f1os puedo recuperar mediante una reclamaci\u00f3n por lesiones?<\/b><\/h2>\n<p><span style=\"font-weight: 400;\">Los da\u00f1os son las p\u00e9rdidas, es decir, las cargas financieras y gastos que conlleva sufrir una lesi\u00f3n personal. En Florida, generalmente hay dos tipos de da\u00f1os que puede recuperar, econ\u00f3micos y no econ\u00f3micos, pero tambi\u00e9n puede perseguir da\u00f1os punitivos. Los da\u00f1os exactos que se incluir\u00e1n en su caso variar\u00e1n seg\u00fan la gravedad de la lesi\u00f3n y los costos que enfrent\u00f3.<\/span><\/p>\n<p><span style=\"font-weight: 400;\">Tambi\u00e9n conocidos como da\u00f1os especiales, los da\u00f1os econ\u00f3micos son las ganancias reales perdidas, los costos de tratamiento m\u00e9dico, los gastos de bolsillo, las facturas m\u00e9dicas futuras estimadas, los salarios perdidos futuros estimados, los da\u00f1os a la propiedad e incluso los costos de transporte. Es f\u00e1cil calcular los da\u00f1os a la propiedad, la p\u00e9rdida de ingresos y las facturas m\u00e9dicas, pero otros como la capacidad de ingresos reducida pueden ser m\u00e1s complicados. Nuestros abogados lo ayudar\u00e1n a determinar estos da\u00f1os de manera adecuada seg\u00fan su caso.<\/span><\/p>\n<p><span style=\"font-weight: 400;\">No se le permite recuperar da\u00f1os no econ\u00f3micos en Florida a menos que haya sufrido una lesi\u00f3n permanente. Eso significa que incluso despu\u00e9s del proceso de curaci\u00f3n completo, a\u00fan no ha vuelto a su normalidad anterior. Por ejemplo, ha desarrollado una cojera permanente o p\u00e9rdida de movilidad, etc. Adem\u00e1s, los da\u00f1os no econ\u00f3micos solo se aplican a las lesiones debidas a accidentes automovil\u00edsticos.<\/span><\/p>\n<p><span style=\"font-weight: 400;\">Nuevamente, no tiene derecho a da\u00f1os generales en Florida a menos que un profesional m\u00e9dico determine una lesi\u00f3n permanente. Por lo tanto, no podr\u00e1 recuperar los da\u00f1os causados \u200b\u200bpor el sufrimiento y el dolor, las molestias, la p\u00e9rdida del disfrute de la vida, la angustia mental, etc., por resbalones y ca\u00eddas y otras formas de lesiones personales.<\/span><\/p>\n<p><span style=\"font-weight: 400;\">Cuando el juez considera que los da\u00f1os compensatorios econ\u00f3micos y no econ\u00f3micos no son suficientes para su caso, tambi\u00e9n puede otorgar da\u00f1os punitivos. Esto suele ser un ejemplo de acciones atroces, de negligencia grave o falta de remordimiento del acusado. Un buen Miami Lawyers 360 se asegurar\u00e1 de que usted recupere todos los da\u00f1os a los que tiene derecho, incluidos los da\u00f1os punitivos.<\/span><\/p>\n<h2><b>\u00bfC\u00f3mo se determina la responsabilidad en las reclamaciones por lesiones en Florida?<\/b><\/h2>\n<p><span style=\"font-weight: 400;\">En Miami Lawyers 360, entendemos que establecer la responsabilidad es la piedra angular de cada caso de lesiones personales que manejamos en Coral Gable, FL. Es nuestro deber, como su abogado de lesiones personales, establecer negligencia por parte del acusado. Que el acusado hizo algo que no deber\u00eda haber hecho o que no hizo algo que deber\u00eda haber hecho.<\/span><\/p>\n<h3><b>Obligaci\u00f3n de cuidar<\/b><\/h3>\n<p><span style=\"font-weight: 400;\">En cualquier caso de lesiones personales que implique un reclamo por negligencia, tendremos que demostrar nuestro deber de diligencia. En otras palabras, debe establecerse una relaci\u00f3n que amerite el deber de diligencia. Si se lesion\u00f3 en su lugar de trabajo, debemos establecer que realmente es un empleado.<\/span><\/p>\n<h3><b>Incumplimiento del deber de diligencia<\/b><\/h3>\n<p><span style=\"font-weight: 400;\">Ayudaremos a establecer que el acusado incumple el deber de cuidado al ponerlo en riesgo de sufrir da\u00f1os o lesiones. No solo eso, ayudaremos a demostrar que el incumplimiento del deber de cuidado por parte del acusado provoc\u00f3 que usted sufriera lesiones, da\u00f1os y p\u00e9rdidas.<\/span><\/p>\n<p><a href=\"http:\/\/miamilawyers360.com\/wp-content\/uploads\/2021\/02\/coral-gables-personal-injury-attorney-500x333-1.jpg\"><img decoding=\"async\" class=\"alignnone wp-image-854 size-full\" src=\"http:\/\/miamilawyers360.com\/wp-content\/uploads\/2021\/02\/coral-gables-personal-injury-attorney-500x333-1.jpg\" alt=\"An attorney filing a compensation claim for an injured client.\" width=\"500\" height=\"333\" title=\"\" srcset=\"https:\/\/miamilawyers360.com\/wp-content\/uploads\/2021\/02\/coral-gables-personal-injury-attorney-500x333-1.jpg 500w, https:\/\/miamilawyers360.com\/wp-content\/uploads\/2021\/02\/coral-gables-personal-injury-attorney-500x333-1-300x200.jpg 300w\" sizes=\"(max-width: 500px) 100vw, 500px\" \/><\/a><\/p>\n<h3><b>Causalidad<\/b><\/h3>\n<p><span style=\"font-weight: 400;\">Para presentar un reclamo por negligencia en un caso de lesiones personales, debe establecer la causa de la lesi\u00f3n o el da\u00f1o. Tambi\u00e9n le ayudaremos a determinar la causalidad y probar la negligencia con una variedad de pruebas.<\/span><\/p>\n<h3><b>Da\u00f1os y perjuicios<\/b><\/h3>\n<p><span style=\"font-weight: 400;\">Una vez que hemos probado el deber de cuidado, el incumplimiento del deber de cuidado y la causa de la lesi\u00f3n, el siguiente paso para determinar la responsabilidad es considerar los da\u00f1os compensatorios. Nuestros abogados le ayudar\u00e1n a incluir todos los da\u00f1os econ\u00f3micos, no econ\u00f3micos y punitivos relevantes, incluidos salarios perdidos, costo del tratamiento m\u00e9dico, costos del cuidado de infantes, servicios dom\u00e9sticos, p\u00e9rdida anticipada de ingresos y facturas m\u00e9dicas futuras, por nombrar algunos.<\/span><\/p>\n<h2><b>\u00bfCu\u00e1nto tiempo tengo para presentar un reclamo por lesiones personales en Coral Gables, FL?<\/b><\/h2>\n<p><span style=\"font-weight: 400;\">En Florida, el plazo de prescripci\u00f3n para un <a href=\"http:\/\/www.leg.state.fl.us\/Statutes\/index.cfm?App_mode=Display_Statute&amp;URL=0000-0099\/0095\/Sections\/0095.11.html\" target=\"_blank\" rel=\"noopener\">reclamo por lesiones personales es de 4 a\u00f1os<\/a>. Generalmente tendr\u00e1 hasta 4 a\u00f1os para presentar un reclamo por negligencia.<\/span><\/p>\n<h2><b>\u00bfCu\u00e1nto costar\u00e1 un abogado de lesiones personales en Coral Gables?<\/b><\/h2>\n<p><span style=\"font-weight: 400;\">Si bien los estatutos estatales de Florida limitan la tarifa de contingencia para los casos de lesiones personales, el abogado generalmente recibe entre el 33% y el 40% de su compensaci\u00f3n. El acuerdo de honorarios de contingencia m\u00e1s com\u00fan es un tercio del acuerdo.<\/span><\/p>\n<p><span style=\"font-weight: 400;\">Por ejemplo, si obtiene un acuerdo de $90,000usd,su abogado de lesiones personales recibir\u00eda alrededor de $30,000 usd.<\/span><\/p>\n<h2><b>Tipos de casos de lesiones personales que manejamos en Miami Lawyers 360<\/b><\/h2>\n<p><span style=\"font-weight: 400;\">Los siguientes son solo algunos ejemplos de casos de lesiones personales que manejamos en Miami Lawyers 360:<\/span><\/p>\n<ul>\n<li style=\"font-weight: 400;\" aria-level=\"1\"><span style=\"font-weight: 400;\">Reclamaciones por accidentes automovil\u00edsticos \/ lesiones<\/span><\/li>\n<li style=\"font-weight: 400;\" aria-level=\"1\"><span style=\"font-weight: 400;\">Casos de responsabilidad por productos<\/span><\/li>\n<li style=\"font-weight: 400;\" aria-level=\"1\"><span style=\"font-weight: 400;\">Casos de lesiones en el lugar de trabajo<\/span><\/li>\n<li style=\"font-weight: 400;\" aria-level=\"1\"><span style=\"font-weight: 400;\">Premisa reclamaciones de responsabilidad como resbalones y ca\u00eddas<\/span><\/li>\n<li style=\"font-weight: 400;\" aria-level=\"1\"><span style=\"font-weight: 400;\">Reclamaciones por negligencia m\u00e9dica<\/span><\/li>\n<\/ul>\n<h2><b>Programe su consulta gratuita con nuestros abogados<\/b><\/h2>\n<p><span style=\"font-weight: 400;\">Tener un abogado con experiencia en lesiones personales de su lado es su mejor oportunidad para obtener la compensaci\u00f3n a la que tiene derecho. Llame a nuestra<a href=\"https:\/\/miamilawyers360.com\/es\/\"> firma de lesiones de Coral Gables<\/a> hoy para una consulta gratuita y sin compromiso. Es estrictamente confidencial.<\/span><\/p>\n","protected":false},"excerpt":{"rendered":"<p>Sufrir una lesi\u00f3n personal puede ser estresante, si no abrumador. Adem\u00e1s de causar dolor f\u00edsico y emocional, tambi\u00e9n puede generar una enorme carga financiera sobre su espalda. Es posible que est\u00e9 preocupado por sus facturas m\u00e9dicas, salarios perdidos y c\u00f3mo volver\u00e1 a la normalidad. Nuestros abogados de lesiones personales en Coral Gables est\u00e1n aqu\u00ed para [&hellip;]<\/p>\n","protected":false},"author":29,"featured_media":0,"parent":0,"menu_order":0,"comment_status":"closed","ping_status":"closed","template":"","meta":{"_acf_changed":false,"anchor_text":"","footnotes":""},"categories":[],"tags":[68],"class_list":["post-1681","page","type-page","status-publish","hentry","tag-lesiones-personales"],"acf":[],"_links":{"self":[{"href":"https:\/\/miamilawyers360.com\/es\/wp-json\/wp\/v2\/pages\/1681","targetHints":{"allow":["GET"]}}],"collection":[{"href":"https:\/\/miamilawyers360.com\/es\/wp-json\/wp\/v2\/pages"}],"about":[{"href":"https:\/\/miamilawyers360.com\/es\/wp-json\/wp\/v2\/types\/page"}],"author":[{"embeddable":true,"href":"https:\/\/miamilawyers360.com\/es\/wp-json\/wp\/v2\/users\/29"}],"replies":[{"embeddable":true,"href":"https:\/\/miamilawyers360.com\/es\/wp-json\/wp\/v2\/comments?post=1681"}],"version-history":[{"count":0,"href":"https:\/\/miamilawyers360.com\/es\/wp-json\/wp\/v2\/pages\/1681\/revisions"}],"wp:attachment":[{"href":"https:\/\/miamilawyers360.com\/es\/wp-json\/wp\/v2\/media?parent=1681"}],"wp:term":[{"taxonomy":"category","embeddable":true,"href":"https:\/\/miamilawyers360.com\/es\/wp-json\/wp\/v2\/categories?post=1681"},{"taxonomy":"post_tag","embeddable":true,"href":"https:\/\/miamilawyers360.com\/es\/wp-json\/wp\/v2\/tags?post=1681"}],"curies":[{"name":"wp","href":"https:\/\/api.w.org\/{rel}","templated":true}]}}