{"id":1689,"date":"2015-11-08T12:41:46","date_gmt":"2015-11-08T12:41:46","guid":{"rendered":"http:\/\/miamilawyers360.com\/florida-personal-injury-statute-of-limitations\/"},"modified":"2021-12-15T18:16:00","modified_gmt":"2021-12-15T18:16:00","slug":"estatuto-limitaciones-lesiones-personales","status":"publish","type":"page","link":"https:\/\/miamilawyers360.com\/es\/estatuto-limitaciones-lesiones-personales\/","title":{"rendered":"Estatuto de limitaciones de lesiones personales de Florida"},"content":{"rendered":"<p><span style=\"font-weight: 400;\">Siempre que experimente un accidente o una lesi\u00f3n y planee presentar un reclamo de seguro o una demanda de compensaci\u00f3n, debe conocer las leyes de Florida que afectar\u00e1n su caso. Considere las siguientes leyes del <\/span><i><span style=\"font-weight: 400;\">Estatuto de Limitaciones de Lesiones Personales de Florida <\/span><\/i><span style=\"font-weight: 400;\">que se aplicar\u00e1n a su recuperaci\u00f3n por lesiones personales.<\/span><\/p>\n<h2><strong>Plazos<\/strong><\/h2>\n<p><span style=\"font-weight: 400;\">Todos los estados, incluida Florida, tienen una fecha l\u00edmite o un estatuto de limitaciones con respecto a cu\u00e1ndo puede presentar una demanda en un tribunal civil contra alguien que sea responsable de su lesi\u00f3n, y un <\/span><span style=\"font-weight: 400;\">abogado de lesiones de Miami<\/span><span style=\"font-weight: 400;\"> puede ayudarlo a hacerlo.<\/span><\/p>\n<p><span style=\"font-weight: 400;\">Para casos de lesiones personales, el estado de Florida le permite cuatro a\u00f1os a partir de la fecha del accidente para presentar su demanda (Secci\u00f3n 95.11 de los Estatutos de Florida Anotados). Es poco probable que el tribunal escuche su caso si no lo presenta dentro de ese plazo, aunque algunos casos tienen circunstancias especiales en las que es posible que no descubra su lesi\u00f3n hasta algunos d\u00edas, semanas o meses despu\u00e9s del incidente.<\/span><\/p>\n<p><span style=\"font-weight: 400;\">A continuaci\u00f3n, se ampl\u00eda el plazo de prescripci\u00f3n y la ventana de tiempo comienza con el \u00abdescubrimiento\u00bb del da\u00f1o. Para una demanda por lesiones contra el gobierno (ciudad, condado, estado), el plazo de prescripci\u00f3n es de solo tres a\u00f1os.<\/span><\/p>\n<figure id=\"attachment_269\" aria-describedby=\"caption-attachment-269\" style=\"width: 300px\" class=\"wp-caption alignright\"><img fetchpriority=\"high\" decoding=\"async\" class=\"size-medium wp-image-269\" src=\"http:\/\/miamilawyers360.com\/wp-content\/uploads\/2015\/12\/Personal-Injury-Statute-of-Limitations-Miami-Florida-300x200.jpg\" alt=\"law in florida statute of limitations\" width=\"300\" height=\"200\" title=\"\"><figcaption id=\"caption-attachment-269\" class=\"wp-caption-text\">Conozca el estatuto de limitaciones de lesiones personales de Florida<\/figcaption><\/figure>\n<h2><b>Ley de negligencia comparada en Florida<\/b><\/h2>\n<p><span style=\"font-weight: 400;\">Si busca una indemnizaci\u00f3n por sus lesiones, es posible que se enfrente a la acusaci\u00f3n de que, de alguna manera, es parcialmente culpable del incidente que las caus\u00f3. Es posible que haya causado parcialmente el accidente o haya hecho algo para empeorar sus lesiones. Estos factores pueden afectar el monto de su recuperaci\u00f3n en compensaci\u00f3n por su reclamo.<\/span><\/p>\n<p><span style=\"font-weight: 400;\">En situaciones como estas, Florida tiene una regla de negligencia comparativa pura que se aplica. Esto significa que su recuperaci\u00f3n se ver\u00e1 reducida por el porcentaje de culpa del que es responsable en el accidente.<\/span><\/p>\n<p><span style=\"font-weight: 400;\">El ejemplo de un accidente automovil\u00edstico es una buena forma de demostrar esta regla. Si otro conductor pasa un sem\u00e1foro en rojo, pero usted iba a exceso de velocidad, es posible que se le haga responsable en un 10% por el accidente. El otro conductor es responsable en un 90% por el accidente. Si tiene da\u00f1os por valor de $10,000, entonces la regla de negligencia comparativa de Florida significa que su recuperaci\u00f3n ser\u00e1 del 90% de esta cantidad despu\u00e9s de restar el 10% de responsabilidad que tiene en el accidente (por lo tanto, recibir\u00e1 $9,000).<\/span><\/p>\n<p><span style=\"font-weight: 400;\">Es muy com\u00fan que los ajustadores de reclamos de seguros en Florida planteen la regla de negligencia comparativa al negociar con usted o su abogado para un acuerdo.<\/span><\/p>\n<h2><b>Leyes de seguros de autom\u00f3viles sin culpa en Florida<\/b><\/h2>\n<p><span style=\"font-weight: 400;\">Existe un sistema sin culpa en Florida que garantiza que, independientemente de qui\u00e9n tenga la culpa de un accidente, el seguro de autom\u00f3vil de la persona lesionada cubrir\u00e1 su p\u00e9rdida de ingresos y gastos m\u00e9dicos. A menos que se cumpla el &#8216;umbral de lesiones graves&#8217;, no puede responsabilizar al otro conductor por sus lesiones. Los accidentes menores generalmente caen bajo este sistema sin culpa, aunque en algunas circunstancias puede presentar un reclamo de responsabilidad. Por ejemplo, si experiment\u00f3 lo siguiente:<\/span><\/p>\n<ul>\n<li style=\"font-weight: 400;\" aria-level=\"1\"><span style=\"font-weight: 400;\">Lesi\u00f3n permanente<\/span><\/li>\n<li style=\"font-weight: 400;\" aria-level=\"1\"><span style=\"font-weight: 400;\">Cicatrices significativas \/ permanentes<\/span><\/li>\n<li style=\"font-weight: 400;\" aria-level=\"1\"><span style=\"font-weight: 400;\">Desfiguraci\u00f3n<\/span><\/li>\n<\/ul>\n<p><span style=\"font-weight: 400;\">En la negociaci\u00f3n para llegar a un acuerdo, puede discutir si sus lesiones se ajustan o no al &#8216;umbral de lesiones graves&#8217; del sistema sin culpa de Florida.<\/span><\/p>\n<h2><b>Mordeduras de perro y responsabilidad estricta<\/b><\/h2>\n<p><span style=\"font-weight: 400;\">Muchos estados tienen una &#8216;regla de un mordisco&#8217; que protege al due\u00f1o de un perro de la responsabilidad por lesiones si no tuvieran motivos para sospechar que su mascota era peligrosa. Florida, por otro lado, es un estado de &#8216;responsabilidad estricta&#8217;, lo que significa que el due\u00f1o del perro siempre es responsable de las lesiones personales causadas por su mascota.<\/span><\/p>\n<p><span style=\"font-weight: 400;\">Esto est\u00e1 determinado por dos estatutos diferentes:<\/span><\/p>\n<ul>\n<li style=\"font-weight: 400;\" aria-level=\"1\"><span style=\"font-weight: 400;\">\u00abLos due\u00f1os de perros ser\u00e1n responsables de cualquier da\u00f1o causado por sus perros a una persona\u00bb. &#8211; Fla. Stat. Ana. \u00a7\u00a7 767.01<\/span><\/li>\n<li style=\"font-weight: 400;\" aria-level=\"1\"><span style=\"font-weight: 400;\">\u00abEl due\u00f1o [del perro]\u00bb \u00abes responsable de los da\u00f1os sufridos por las personas mordidas, independientemente de la crueldad anterior del perro o del conocimiento de los due\u00f1os de dicha crueldad\u00bb. &#8211; Fla. Stat. Ana. \u00a7\u00a7 767.04<\/span><\/li>\n<\/ul>\n<h2><b>L\u00edmites de da\u00f1os en casos de lesiones en Florida<\/b><\/h2>\n<p><span style=\"font-weight: 400;\">Un l\u00edmite de da\u00f1os en casos de lesiones es el l\u00edmite de cu\u00e1nto puede recuperar una persona lesionada en tipos particulares de casos y para tipos espec\u00edficos de p\u00e9rdidas. Esto generalmente limita la cantidad de da\u00f1os recuperados por p\u00e9rdidas que no son econ\u00f3micas, como dolor y sufrimiento.<\/span><\/p>\n<p><span style=\"font-weight: 400;\">Los l\u00edmites de da\u00f1os m\u00e1s importantes en los casos de lesiones personales de Florida se aplican a da\u00f1os punitivos en accidentes automovil\u00edsticos, accidentes con productos defectuosos y accidentes por resbalones y ca\u00eddas. Los da\u00f1os punitivos est\u00e1n disponibles en un porcentaje muy peque\u00f1o de los casos en los que el comportamiento de la parte culpable requiere un castigo.<\/span><\/p>\n<p><span style=\"font-weight: 400;\">Estos da\u00f1os se limitan a tres veces la cantidad de da\u00f1os o $500,000 (lo que sea mayor) en la mayor\u00eda de los casos de lesiones personales en Florida (Estatutos de Florida, T\u00edtulo XLV, secci\u00f3n 768.73).<\/span><\/p>\n<p><span style=\"font-weight: 400;\">No existen otras leyes de l\u00edmites de da\u00f1os en los libros de Florida cuando se trata de casos est\u00e1ndar de lesiones personales. Pero es una historia diferente en los casos de negligencia m\u00e9dica. La ley de Florida impone l\u00edmites a los da\u00f1os en las demandas contra los m\u00e9dicos, incluidos l\u00edmites estrictos a los da\u00f1os no econ\u00f3micos como el dolor y el sufrimiento. Esas leyes son demasiado complejas para entrar aqu\u00ed.<\/span><\/p>\n<p><span style=\"font-weight: 400;\">Cuando se trata de casos est\u00e1ndar de lesiones personales, no se aplican otras leyes de l\u00edmites de da\u00f1os, excepto en casos de negligencia m\u00e9dica. Existen leyes complejas y l\u00edmites estrictos sobre los da\u00f1os que no son monetarios (como el dolor y el sufrimiento) que pueden recuperarse de los m\u00e9dicos.<\/span><\/p>\n<p><span style=\"font-weight: 400;\">Para obtener m\u00e1s informaci\u00f3n sobre las leyes de negligencia y lesiones personales en Florida, consulte el Cap\u00edtulo 768 de los Estatutos de la Florida (Negligencia) y el T\u00edtulo XLV de los Estatutos de la Florida (Agravios). <\/span><\/p>\n","protected":false},"excerpt":{"rendered":"<p>Siempre que experimente un accidente o una lesi\u00f3n y planee presentar un reclamo de seguro o una demanda de compensaci\u00f3n, debe conocer las leyes de Florida que afectar\u00e1n su caso. Considere las siguientes leyes del Estatuto de Limitaciones de Lesiones Personales de Florida que se aplicar\u00e1n a su recuperaci\u00f3n por lesiones personales. Plazos Todos los [&hellip;]<\/p>\n","protected":false},"author":29,"featured_media":0,"parent":0,"menu_order":0,"comment_status":"closed","ping_status":"closed","template":"","meta":{"_acf_changed":false,"anchor_text":"","footnotes":""},"categories":[],"tags":[68],"class_list":["post-1689","page","type-page","status-publish","hentry","tag-lesiones-personales"],"acf":[],"_links":{"self":[{"href":"https:\/\/miamilawyers360.com\/es\/wp-json\/wp\/v2\/pages\/1689","targetHints":{"allow":["GET"]}}],"collection":[{"href":"https:\/\/miamilawyers360.com\/es\/wp-json\/wp\/v2\/pages"}],"about":[{"href":"https:\/\/miamilawyers360.com\/es\/wp-json\/wp\/v2\/types\/page"}],"author":[{"embeddable":true,"href":"https:\/\/miamilawyers360.com\/es\/wp-json\/wp\/v2\/users\/29"}],"replies":[{"embeddable":true,"href":"https:\/\/miamilawyers360.com\/es\/wp-json\/wp\/v2\/comments?post=1689"}],"version-history":[{"count":0,"href":"https:\/\/miamilawyers360.com\/es\/wp-json\/wp\/v2\/pages\/1689\/revisions"}],"wp:attachment":[{"href":"https:\/\/miamilawyers360.com\/es\/wp-json\/wp\/v2\/media?parent=1689"}],"wp:term":[{"taxonomy":"category","embeddable":true,"href":"https:\/\/miamilawyers360.com\/es\/wp-json\/wp\/v2\/categories?post=1689"},{"taxonomy":"post_tag","embeddable":true,"href":"https:\/\/miamilawyers360.com\/es\/wp-json\/wp\/v2\/tags?post=1689"}],"curies":[{"name":"wp","href":"https:\/\/api.w.org\/{rel}","templated":true}]}}