{"id":1734,"date":"2021-04-21T14:04:02","date_gmt":"2021-04-21T18:04:02","guid":{"rendered":"https:\/\/miamilawyers360.com\/?page_id=1734"},"modified":"2026-03-19T09:02:53","modified_gmt":"2026-03-19T13:02:53","slug":"fort-lauderdale","status":"publish","type":"page","link":"https:\/\/miamilawyers360.com\/es\/fort-lauderdale\/","title":{"rendered":"Fort Lauderdale"},"content":{"rendered":"<p>Cuando ha sufrido una lesi\u00f3n, contar con el apoyo legal adecuado puede marcar una gran diferencia en el resultado de su caso. Miami Lawyers 360 conecta a personas en Fort Lauderdale con una red confiable de abogados con experiencia en compensaci\u00f3n laboral, accidentes automovil\u00edsticos y casos de lesiones personales.<\/p>\n<p>Nuestro objetivo es ayudar a las personas lesionadas a obtener la compensaci\u00f3n que merecen, haciendo que el proceso legal sea lo m\u00e1s claro, sencillo y eficiente posible. Los abogados de nuestra red cuentan con amplia experiencia en reclamaciones por accidentes y lesiones, y entienden los desaf\u00edos que enfrentan las v\u00edctimas despu\u00e9s de una lesi\u00f3n grave.<\/p>\n<p>Ya sea que haya resultado lesionado en el trabajo, en un accidente de auto o debido a la negligencia de otra persona, nuestros abogados saben c\u00f3mo construir casos s\u00f3lidos y defender sus derechos de manera efectiva.<\/p>\n<p>Al enfocarse espec\u00edficamente en compensaci\u00f3n laboral, accidentes automovil\u00edsticos y lesiones personales, los abogados con los que trabajamos entienden c\u00f3mo tratar con compa\u00f1\u00edas de seguros y buscar una compensaci\u00f3n justa por gastos m\u00e9dicos, salarios perdidos y otros da\u00f1os.<\/p>\n<p>Nuestra red tambi\u00e9n incluye abogados familiarizados con los tribunales, procedimientos locales y pr\u00e1cticas de seguros en Fort Lauderdale, lo que puede ayudar a que su caso avance de manera m\u00e1s eficiente. Igualmente importante, recibir\u00e1 atenci\u00f3n personalizada y orientaci\u00f3n continua para que siempre sepa qu\u00e9 esperar en cada etapa de su reclamaci\u00f3n.<\/p>\n<p>La mayor\u00eda de los casos se manejan bajo honorarios de contingencia, lo que significa que no hay costos iniciales y no paga nada a menos que se obtenga compensaci\u00f3n a su favor. Si sufri\u00f3 una lesi\u00f3n en Fort Lauderdale, Miami Lawyers 360 puede conectarlo con un abogado experimentado listo para proteger sus derechos y ayudarle a seguir adelante.<\/p>\n","protected":false},"excerpt":{"rendered":"<p>Cuando ha sufrido una lesi\u00f3n, contar con el apoyo legal adecuado puede marcar una gran diferencia en el resultado de su caso. Miami Lawyers 360 conecta a personas en Fort Lauderdale con una red confiable de abogados con experiencia en compensaci\u00f3n laboral, accidentes automovil\u00edsticos y casos de lesiones personales. Nuestro objetivo es ayudar a las [&hellip;]<\/p>\n","protected":false},"author":22,"featured_media":5332,"parent":0,"menu_order":0,"comment_status":"closed","ping_status":"closed","template":"","meta":{"_acf_changed":false,"anchor_text":"","footnotes":""},"class_list":["post-1734","page","type-page","status-publish","has-post-thumbnail","hentry"],"acf":[],"_links":{"self":[{"href":"https:\/\/miamilawyers360.com\/es\/wp-json\/wp\/v2\/pages\/1734","targetHints":{"allow":["GET"]}}],"collection":[{"href":"https:\/\/miamilawyers360.com\/es\/wp-json\/wp\/v2\/pages"}],"about":[{"href":"https:\/\/miamilawyers360.com\/es\/wp-json\/wp\/v2\/types\/page"}],"author":[{"embeddable":true,"href":"https:\/\/miamilawyers360.com\/es\/wp-json\/wp\/v2\/users\/22"}],"replies":[{"embeddable":true,"href":"https:\/\/miamilawyers360.com\/es\/wp-json\/wp\/v2\/comments?post=1734"}],"version-history":[{"count":4,"href":"https:\/\/miamilawyers360.com\/es\/wp-json\/wp\/v2\/pages\/1734\/revisions"}],"predecessor-version":[{"id":5740,"href":"https:\/\/miamilawyers360.com\/es\/wp-json\/wp\/v2\/pages\/1734\/revisions\/5740"}],"wp:featuredmedia":[{"embeddable":true,"href":"https:\/\/miamilawyers360.com\/es\/wp-json\/wp\/v2\/media\/5332"}],"wp:attachment":[{"href":"https:\/\/miamilawyers360.com\/es\/wp-json\/wp\/v2\/media?parent=1734"}],"curies":[{"name":"wp","href":"https:\/\/api.w.org\/{rel}","templated":true}]}}