{"id":1759,"date":"2021-02-24T21:29:29","date_gmt":"2021-02-24T21:29:29","guid":{"rendered":"http:\/\/miamilawyers360.com\/kendall\/car-accident-lawyer\/"},"modified":"2021-12-15T23:09:49","modified_gmt":"2021-12-15T23:09:49","slug":"abogado-accidente-carro","status":"publish","type":"page","link":"https:\/\/miamilawyers360.com\/es\/kendall\/abogado-accidente-carro\/","title":{"rendered":"Abogado de Accidente de Carro en Kendall"},"content":{"rendered":"<p><span style=\"font-weight: 400;\">Tener un accidente de coche es, sin duda, una de las experiencias m\u00e1s traum\u00e1ticas y confusas. Incluso sabiendo que tales incidentes son posibles, nadie abandona su hogar esperando ser la pr\u00f3xima v\u00edctima. Los automovilistas est\u00e1n obligados a tener precauci\u00f3n mientras viajan para evitar da\u00f1ar a los dem\u00e1s. Es por eso que cuando un conductor act\u00faa de manera negligente y da\u00f1a a otra parte, las v\u00edctimas tienen derecho a reclamar una indemnizaci\u00f3n, no solo por las lesiones, sino tambi\u00e9n por los da\u00f1os sufridos.<\/span><\/p>\n<p><span style=\"font-weight: 400;\">En el desafortunado caso de que usted o un ser querido haya sufrido una lesi\u00f3n debido a la negligencia de otro automovilista, es elegible para una indemnizaci\u00f3n por da\u00f1os y perjuicios. Los gastos inesperados que surgen de las lesiones sufridas tienen implicaciones financieras sustanciales para usted y sus seres queridos. Sin el apoyo financiero adecuado, la vida puede convertirse en un desaf\u00edo dr\u00e1stico. Desafortunadamente, a pesar de tener el\u00a0 derecho a reclamar da\u00f1os y perjuicios, buscar una indemnizaci\u00f3n no es tarea f\u00e1cil, especialmente si no tiene experiencia en la ley de lesiones personales.<\/span><\/p>\n<p><span style=\"font-weight: 400;\">Para proteger sus derechos y asegurarse de obtener una compensaci\u00f3n justa, es recomendable buscar los servicios de un abogado de accidentes automovil\u00edsticos en Kendall de buena reputaci\u00f3n. Miamilawyers360 se compromete a ayudar a las v\u00edctimas de accidentes automovil\u00edsticos a obtener la justicia que merecen. Tenemos amplias habilidades y experiencia en el tratamiento de casos de lesiones personales, incluidos accidentes automovil\u00edsticos. Hemos ayudado a numerosos clientes en Kendall y tenemos un historial probado. Sabemos lo complicada que puede ser la ley de lesiones personales y nuestros a\u00f1os de experiencia en el campo nos permiten decir con confianza que somos la respuesta a sus quejas. \u00a1Llame a nuestros <a href=\"https:\/\/miamilawyers360.com\/es\/kendall\/personal-injury-lawyer\/\">abogados de lesiones personales<\/a> al <a href=\"tel:+17866862857\">(786) 686-2857<\/a> para obtener m\u00e1s informaci\u00f3n!<\/span><\/p>\n<p><span style=\"font-weight: 400;\">\t\t<div data-elementor-type=\"section\" data-elementor-id=\"1714\" class=\"elementor elementor-1714 elementor-208\" data-elementor-post-type=\"elementor_library\">\n\t\t\t\t\t<section class=\"elementor-section elementor-top-section elementor-element elementor-element-37c5f16 elementor-section-boxed elementor-section-height-default elementor-section-height-default\" data-id=\"37c5f16\" data-element_type=\"section\" data-e-type=\"section\">\n\t\t\t\t\t\t<div class=\"elementor-container elementor-column-gap-default\">\n\t\t\t\t\t<div class=\"elementor-column elementor-col-100 elementor-top-column elementor-element elementor-element-f303a68 section-toc\" data-id=\"f303a68\" data-element_type=\"column\" data-e-type=\"column\">\n\t\t\t<div class=\"elementor-widget-wrap elementor-element-populated\">\n\t\t\t\t\t\t<div class=\"elementor-element elementor-element-f0ad866 elementor-toc--minimized-on-tablet elementor-widget elementor-widget-table-of-contents\" data-id=\"f0ad866\" data-element_type=\"widget\" data-e-type=\"widget\" data-settings=\"{&quot;exclude_headings_by_selector&quot;:&quot;.toc-remove&quot;,&quot;headings_by_tags&quot;:[&quot;h2&quot;,&quot;h3&quot;,&quot;h4&quot;,&quot;h5&quot;,&quot;h6&quot;],&quot;marker_view&quot;:&quot;numbers&quot;,&quot;no_headings_message&quot;:&quot;No se ha encontrado ning\\u00fan encabezado en esta p\\u00e1gina.&quot;,&quot;minimize_box&quot;:&quot;yes&quot;,&quot;minimized_on&quot;:&quot;tablet&quot;,&quot;hierarchical_view&quot;:&quot;yes&quot;,&quot;min_height&quot;:{&quot;unit&quot;:&quot;px&quot;,&quot;size&quot;:&quot;&quot;,&quot;sizes&quot;:[]},&quot;min_height_tablet&quot;:{&quot;unit&quot;:&quot;px&quot;,&quot;size&quot;:&quot;&quot;,&quot;sizes&quot;:[]},&quot;min_height_mobile&quot;:{&quot;unit&quot;:&quot;px&quot;,&quot;size&quot;:&quot;&quot;,&quot;sizes&quot;:[]}}\" data-widget_type=\"table-of-contents.default\">\n\t\t\t\t\t\t\t\t\t<div class=\"elementor-toc__header\">\n\t\t\t\t\t\t<h4 class=\"elementor-toc__header-title\">\n\t\t\t\tTable of Contents\t\t\t<\/h4>\n\t\t\t\t\t\t\t\t\t\t<div class=\"elementor-toc__toggle-button elementor-toc__toggle-button--expand\" role=\"button\" tabindex=\"0\" aria-controls=\"elementor-toc__f0ad866\" aria-expanded=\"true\" aria-label=\"Abrir la tabla de contenidos\"><svg aria-hidden=\"true\" class=\"e-font-icon-svg e-fas-chevron-down\" viewBox=\"0 0 448 512\" xmlns=\"http:\/\/www.w3.org\/2000\/svg\"><path d=\"M207.029 381.476L12.686 187.132c-9.373-9.373-9.373-24.569 0-33.941l22.667-22.667c9.357-9.357 24.522-9.375 33.901-.04L224 284.505l154.745-154.021c9.379-9.335 24.544-9.317 33.901.04l22.667 22.667c9.373 9.373 9.373 24.569 0 33.941L240.971 381.476c-9.373 9.372-24.569 9.372-33.942 0z\"><\/path><\/svg><\/div>\n\t\t\t\t<div class=\"elementor-toc__toggle-button elementor-toc__toggle-button--collapse\" role=\"button\" tabindex=\"0\" aria-controls=\"elementor-toc__f0ad866\" aria-expanded=\"true\" aria-label=\"Cerrar la tabla de contenidos\"><svg aria-hidden=\"true\" class=\"e-font-icon-svg e-fas-chevron-up\" viewBox=\"0 0 448 512\" xmlns=\"http:\/\/www.w3.org\/2000\/svg\"><path d=\"M240.971 130.524l194.343 194.343c9.373 9.373 9.373 24.569 0 33.941l-22.667 22.667c-9.357 9.357-24.522 9.375-33.901.04L224 227.495 69.255 381.516c-9.379 9.335-24.544 9.317-33.901-.04l-22.667-22.667c-9.373-9.373-9.373-24.569 0-33.941L207.03 130.525c9.372-9.373 24.568-9.373 33.941-.001z\"><\/path><\/svg><\/div>\n\t\t\t\t\t<\/div>\n\t\t\t\t<div id=\"elementor-toc__f0ad866\" class=\"elementor-toc__body\">\n\t\t\t<div class=\"elementor-toc__spinner-container\">\n\t\t\t\t<svg class=\"elementor-toc__spinner eicon-animation-spin e-font-icon-svg e-eicon-loading\" aria-hidden=\"true\" viewBox=\"0 0 1000 1000\" xmlns=\"http:\/\/www.w3.org\/2000\/svg\"><path d=\"M500 975V858C696 858 858 696 858 500S696 142 500 142 142 304 142 500H25C25 237 238 25 500 25S975 237 975 500 763 975 500 975Z\"><\/path><\/svg>\t\t\t<\/div>\n\t\t<\/div>\n\t\t\t\t\t\t<\/div>\n\t\t\t\t\t<\/div>\n\t\t<\/div>\n\t\t\t\t\t<\/div>\n\t\t<\/section>\n\t\t\t\t<\/div>\n\t\t<\/span><\/p>\n<h2><b>El costo de un abogado de accidentes automovil\u00edsticos en Kendall<\/b><\/h2>\n<p><span style=\"font-weight: 400;\">Adem\u00e1s de trabajar arduamente para asegurarse de que reciba una compensaci\u00f3n justa, lo mejor de contratar a nuestro equipo es que trabajar\u00e1 de manera contingente. Esto significa que no tiene que pagarnos ninguna tarifa hasta que reciba una compensaci\u00f3n. De lo contrario, no tendr\u00e1 que pagarnos. Acordaremos un porcentaje antes de embarcarse en su caso, que solo tendr\u00e1 que pagar si su acuerdo est\u00e1 asegurado.<\/span><\/p>\n<h2><b>Qu\u00e9 hacer despu\u00e9s de un accidente automovil\u00edstico<\/b><\/h2>\n<p><span style=\"font-weight: 400;\">Lo que haga despu\u00e9s de un accidente automovil\u00edstico es vital tanto para su reclamo como para su recuperaci\u00f3n. Para protegerse, aseg\u00farese de hacer lo siguiente:<\/span><\/p>\n<h3><b>Llame a la polic\u00eda<\/b><\/h3>\n<p><span style=\"font-weight: 400;\">Independientemente del alcance del accidente, debe comunicarse con las autoridades pertinentes. Esto no solo es un requisito de la ley estatal y federal, sino que un informe policial facilita la presentaci\u00f3n de su caso. Adem\u00e1s, proporciona un comienzo s\u00f3lido de defensa si la otra parte decide reclamar un archivo en su contra, incluso si tuvo la culpa.<\/span><\/p>\n<h3><b>Verificar a la otra parte<\/b><\/h3>\n<p><span style=\"font-weight: 400;\">Incluso si la otra parte tuvo la culpa, no debes abandonar la escena, al menos hasta que la polic\u00eda te lo permita. Si es posible, verifique si el resto de personas involucradas en el accidente est\u00e1n bien. Si existe riesgo de incendio o explosi\u00f3n, mu\u00e9vase a un lugar m\u00e1s seguro.<\/span><\/p>\n<p><a href=\"http:\/\/miamilawyers360.com\/wp-content\/uploads\/2021\/03\/kendall-car-accident-injuries-500x333-1.jpg\"><img fetchpriority=\"high\" decoding=\"async\" class=\"alignnone size-full wp-image-983\" src=\"http:\/\/miamilawyers360.com\/wp-content\/uploads\/2021\/03\/kendall-car-accident-injuries-500x333-1.jpg\" alt=\"File your claim with our Kendall car accident lawyers.\" width=\"500\" height=\"333\" title=\"\" srcset=\"https:\/\/miamilawyers360.com\/wp-content\/uploads\/2021\/03\/kendall-car-accident-injuries-500x333-1.jpg 500w, https:\/\/miamilawyers360.com\/wp-content\/uploads\/2021\/03\/kendall-car-accident-injuries-500x333-1-300x200.jpg 300w\" sizes=\"(max-width: 500px) 100vw, 500px\" \/><\/a><\/p>\n<h3><b>Intercambiar informaci\u00f3n<\/b><\/h3>\n<p><span style=\"font-weight: 400;\">A continuaci\u00f3n, es aconsejable intercambiar informaci\u00f3n con la otra parte. Esto incluye nombres, n\u00famero de registro del veh\u00edculo, n\u00famero de licencia, contactos, direcci\u00f3n, n\u00famero de p\u00f3liza de seguro y cualquier otra informaci\u00f3n relevante. Tambi\u00e9n debe proporcionar al otro conductor la misma informaci\u00f3n.<\/span><\/p>\n<h3><b>Graba la escena<\/b><\/h3>\n<p><span style=\"font-weight: 400;\">Si no ha sufrido lesiones graves, querr\u00e1 documentar todo en la escena del accidente. Esto incluye tomar fotos y videos. Tome fotograf\u00edas de sus lesiones, da\u00f1os, condiciones de la carretera, se\u00f1ales de tr\u00e1fico cercanas, marcas de derrape y cualquier otra cosa que pueda ayudar a probar su reclamo.<\/span><\/p>\n<h3><b>Nunca admitas la culpa<\/b><\/h3>\n<p><span style=\"font-weight: 400;\">Uno de los errores m\u00e1s comunes cuando se trata de casos de lesiones personales es que las v\u00edctimas pronuncian t\u00e9rminos como \u00abLo siento\u00bb. Aparte de pedirle a la otra parte la informaci\u00f3n mencionada anteriormente, nunca debe admitir la culpa ni hablar sobre el accidente con cualquier persona que no sea la polic\u00eda y su abogado Hablar de su caso con terceros solo aumenta las posibilidades de arruinar su reclamo.<\/span><\/p>\n<h3><b>Busque atenci\u00f3n m\u00e9dica<\/b><\/h3>\n<p><span style=\"font-weight: 400;\">Adem\u00e1s de llamar a las autoridades inmediatamente despu\u00e9s del accidente, es importante buscar atenci\u00f3n m\u00e9dica. Incluso si se siente bien, tenga en cuenta que un examen m\u00e9dico jugar\u00e1 un papel muy importante en su reclamo. Adem\u00e1s, algunas lesiones tardan en manifestarse, y con un examen m\u00e9dico ser\u00e1 m\u00e1s f\u00e1cil comprobarlas.<\/span><\/p>\n<h3><b>Llamar a un abogado<\/b><\/h3>\n<p><span style=\"font-weight: 400;\">Como se mencion\u00f3 anteriormente, la ley de lesiones personales es un campo legal complejo. Esto, combinado con el trauma y el estr\u00e9s que sigue a un accidente automovil\u00edstico, hace que no sea aconsejable no involucrar a un profesional en el caso. Debe conseguir un abogado de accidentes automovil\u00edsticos confiable lo antes posible para que lo ayude a presentar un caso s\u00f3lido y obtener una compensaci\u00f3n justa. Nuestros abogados expertos lo ayudar\u00e1n a garantizar que su reclamo se presente correctamente y que sus derechos est\u00e9n protegidos.<\/span><\/p>\n<h2><b>\u00bfPor qu\u00e9 contratar a un abogado para mi accidente automovil\u00edstico?<\/b><\/h2>\n<p><span style=\"font-weight: 400;\">Un abogado es vital por una variedad de razones. S\u00ed, cualquier v\u00edctima de un accidente automovil\u00edstico debe buscar una indemnizaci\u00f3n por sus lesiones y da\u00f1os, pero a la mayor\u00eda de las partes culpables no les gusta asumir la responsabilidad, en particular las compa\u00f1\u00edas de seguros. Lo m\u00e1s probable es que no haya lidiado con un caso de lesiones personales antes y, por lo tanto, el proceso es casi seguro que es complicado y abrumador. Aqu\u00ed es donde nuestro equipo resulta \u00fatil. Nuestro bufete de abogados lo ayudar\u00e1 a:<\/span><\/p>\n<h3><b>Preparando su caso<\/b><\/h3>\n<p><span style=\"font-weight: 400;\">Nuestros abogados tienen habilidades, recursos y experiencia incomparables para reunir y organizar las pruebas necesarias para construir un caso s\u00f3lido. Cuando se trata de la preparaci\u00f3n del caso, consultaremos a su m\u00e9dico para comprender el alcance total de sus lesiones, realizar una investigaci\u00f3n exhaustiva, reconstruir la escena del accidente, entrevistar a los testigos y tambi\u00e9n obtener el informe policial oficial. Todo esto est\u00e1 destinado a crear un caso s\u00f3lido para el accidente. Tambi\u00e9n haremos todo el papeleo tedioso para proteger sus derechos.<\/span><\/p>\n<h3><b>Negociaci\u00f3n de liquidaci\u00f3n<\/b><\/h3>\n<p><span style=\"font-weight: 400;\">Las compa\u00f1\u00edas de seguros siempre son problem\u00e1ticas cuando se trata de reclamos. Tienen ajustadores y abogados que han estado en el campo durante a\u00f1os y conocen todos los trucos del libro cuando se trata de lowballing. Negociar por su cuenta probablemente lo dejar\u00e1 con una cantidad injusta, lo que podr\u00eda cambiar su vida, especialmente si no puede trabajar como antes. Un abogado se asegurar\u00e1 de que esto no suceda.<\/span><\/p>\n<h3><b>Preparaci\u00f3n y representaci\u00f3n del juicio<\/b><\/h3>\n<p><span style=\"font-weight: 400;\">No todos los casos pasan por la etapa de negociaci\u00f3n y se requiere un jurado para resolver el caso. Un abogado competente trabajar\u00e1 para asegurarse de que tambi\u00e9n lo represente adecuadamente en la corte.<\/span><\/p>\n<h2><b>\u00bfCu\u00e1nto debo esperar recibir por mis da\u00f1os?<\/b><\/h2>\n<p><span style=\"font-weight: 400;\">La compensaci\u00f3n por accidentes automovil\u00edsticos en Florida ronda los $15,000 en promedio. Por supuesto, esto depende de la gravedad de los da\u00f1os, las lesiones, la culpa legal y la capacidad de la parte culpable para resolver el reclamo. Cuanto mayor sea la gravedad del da\u00f1o y la lesi\u00f3n, mayor ser\u00e1 la compensaci\u00f3n.<\/span><\/p>\n<h2><b>\u00bfQu\u00e9 tipos de da\u00f1os puedo recuperar?<\/b><\/h2>\n<p><span style=\"font-weight: 400;\">Si usted o un ser querido ha sufrido una lesi\u00f3n debido a la negligencia de otra parte en <\/span><a href=\"https:\/\/en.wikipedia.org\/wiki\/Kendall,_Florida\" target=\"_blank\" rel=\"noopener\"><span style=\"font-weight: 400;\">Kendall, Florida<\/span><\/a><span style=\"font-weight: 400;\">, tiene derecho a los siguientes da\u00f1os:<\/span><\/p>\n<ul>\n<li><b>Da\u00f1os econ\u00f3micos <\/b><span style=\"font-weight: 400;\">: son p\u00e9rdidas econ\u00f3micas resultantes del accidente. Incluyen facturas m\u00e9dicas, rehabilitaci\u00f3n, p\u00e9rdida de ingresos, costos de atenci\u00f3n domiciliaria, da\u00f1os en el autom\u00f3vil, etc.<\/span><\/li>\n<li><b>Da\u00f1os no econ\u00f3micos <\/b><span style=\"font-weight: 400;\">: estos son da\u00f1os no monetarios como angustia emocional, dolor y sufrimiento, p\u00e9rdida del disfrute de la vida, etc.<\/span><\/li>\n<\/ul>\n<h3><span style=\"font-weight: 400;\">\u25cf <\/span><b>Da\u00f1os punitivos <\/b><span style=\"font-weight: 400;\">: estos tipos de da\u00f1os no se otorgan en todos los casos y dependen en gran medida de la conducta de la parte culpable. Los da\u00f1os punitivos se otorgan en situaciones en las que la parte culpable fue descaradamente responsable o imprudente mientras viajaba.<\/span><span style=\"font-weight: 400;\">\u00a0 \u00a0 \u00a0 <\/span><\/h3>\n<p><a href=\"http:\/\/miamilawyers360.com\/wp-content\/uploads\/2021\/03\/kendall-car-accident-500x333-1.jpg\"><img decoding=\"async\" class=\"alignnone size-full wp-image-984\" src=\"http:\/\/miamilawyers360.com\/wp-content\/uploads\/2021\/03\/kendall-car-accident-500x333-1.jpg\" alt=\"A man calling a Kendall car accident lawyer after being rear-ended.\" width=\"500\" height=\"333\" title=\"\" srcset=\"https:\/\/miamilawyers360.com\/wp-content\/uploads\/2021\/03\/kendall-car-accident-500x333-1.jpg 500w, https:\/\/miamilawyers360.com\/wp-content\/uploads\/2021\/03\/kendall-car-accident-500x333-1-300x200.jpg 300w\" sizes=\"(max-width: 500px) 100vw, 500px\" \/><\/a><\/p>\n<h2><b>\u00bfC\u00f3mo se determina la culpa en Florida?<\/b><\/h2>\n<p><span style=\"font-weight: 400;\">El estado de Florida trata los casos de lesiones personales <\/span><a href=\"https:\/\/wallethub.com\/answers\/ci\/is-florida-a-no-fault-state-2140703678\/\" target=\"_blank\" rel=\"noopener\"><span style=\"font-weight: 400;\">sin culpa base<\/span><\/a><span style=\"font-weight: 400;\">. Esto significa que los conductores obtienen su liquidaci\u00f3n de sus compa\u00f1\u00edas de seguros en lugar de la parte culpable. El estado tambi\u00e9n sigue una ley de negligencia comparativa, por la cual el jurado determina el porcentaje de culpa de ambas partes. Para que nuestros abogados demuestren negligencia, deber\u00e1n considerar lo siguiente:<\/span><\/p>\n<ol>\n<li style=\"font-weight: 400;\" aria-level=\"1\"><span style=\"font-weight: 400;\">Obligaci\u00f3n de cuidar<\/span><\/li>\n<li style=\"font-weight: 400;\" aria-level=\"1\"><span style=\"font-weight: 400;\">Incumplimiento del deber de cuidado. Esto implica el desconocimiento de actuar responsablemente en la carretera para evitar provocar un accidente.<\/span><\/li>\n<li style=\"font-weight: 400;\" aria-level=\"1\"><span style=\"font-weight: 400;\">El alcance de las lesiones sufridas por el accidente.<\/span><\/li>\n<li style=\"font-weight: 400;\" aria-level=\"1\"><span style=\"font-weight: 400;\">Causalidad<\/span><\/li>\n<\/ol>\n<h2><b>\u00bfCu\u00e1nto tiempo tengo para presentar un reclamo en Kendall?<\/b><\/h2>\n<p><span style=\"font-weight: 400;\">Florida tiene un estatuto de limitaciones de 4 a\u00f1os. Esto significa que tiene un m\u00e1ximo de cuatro a\u00f1os para realizar su reclamo a partir de la fecha del accidente.<\/span><\/p>\n<h2><b>\u00bfQu\u00e9 puedo hacer si el seguro rechaz\u00f3 mi reclamo?<\/b><\/h2>\n<p><span style=\"font-weight: 400;\">Esto es algo com\u00fan, ya que las compa\u00f1\u00edas de seguros utilizar\u00e1n todas las estrategias para evitar pagar. Afortunadamente, hemos estado en la industria el tiempo suficiente para conocer este h\u00e1bito y, por lo tanto, lucharemos para que se haga justicia. Las lesiones y da\u00f1os no cubiertos no deben ser a costa de los beneficios de la empresa.<\/span><\/p>\n<h2><b>\u00a1Contrate a un abogado de accidentes automovil\u00edsticos en Kendall hoy mismo!<\/b><\/h2>\n<p><span style=\"font-weight: 400;\">Si usted o un ser querido ha estado involucrado en un accidente automovil\u00edstico en Kendall, Florida, es probable que est\u00e9 abrumado, confundido y experimentando mucho dolor. Llevar la carga de las acciones imprudentes de otra persona por s\u00ed solo no es justo, especialmente cuando interrumpen su vida diaria. Tiene derecho a recibir una compensaci\u00f3n por sus lesiones y da\u00f1os. Nuestro equipo de abogados de lesiones personales est\u00e1 siempre para ayudar a personas como usted en Kendall. Ll\u00e1menos hoy al <a href=\"tel:+17866862857\">(786) 686-2857<\/a> para una consulta gratuita.<\/span><\/p>\n","protected":false},"excerpt":{"rendered":"<p>Tener un accidente de coche es, sin duda, una de las experiencias m\u00e1s traum\u00e1ticas y confusas. Incluso sabiendo que tales incidentes son posibles, nadie abandona su hogar esperando ser la pr\u00f3xima v\u00edctima. Los automovilistas est\u00e1n obligados a tener precauci\u00f3n mientras viajan para evitar da\u00f1ar a los dem\u00e1s. Es por eso que cuando un conductor act\u00faa [&hellip;]<\/p>\n","protected":false},"author":29,"featured_media":0,"parent":1746,"menu_order":0,"comment_status":"closed","ping_status":"closed","template":"","meta":{"_acf_changed":false,"anchor_text":"","footnotes":""},"categories":[],"tags":[65],"class_list":["post-1759","page","type-page","status-publish","hentry","tag-accidentes-automovilisticos-es"],"acf":[],"_links":{"self":[{"href":"https:\/\/miamilawyers360.com\/es\/wp-json\/wp\/v2\/pages\/1759","targetHints":{"allow":["GET"]}}],"collection":[{"href":"https:\/\/miamilawyers360.com\/es\/wp-json\/wp\/v2\/pages"}],"about":[{"href":"https:\/\/miamilawyers360.com\/es\/wp-json\/wp\/v2\/types\/page"}],"author":[{"embeddable":true,"href":"https:\/\/miamilawyers360.com\/es\/wp-json\/wp\/v2\/users\/29"}],"replies":[{"embeddable":true,"href":"https:\/\/miamilawyers360.com\/es\/wp-json\/wp\/v2\/comments?post=1759"}],"version-history":[{"count":0,"href":"https:\/\/miamilawyers360.com\/es\/wp-json\/wp\/v2\/pages\/1759\/revisions"}],"up":[{"embeddable":true,"href":"https:\/\/miamilawyers360.com\/es\/wp-json\/wp\/v2\/pages\/1746"}],"wp:attachment":[{"href":"https:\/\/miamilawyers360.com\/es\/wp-json\/wp\/v2\/media?parent=1759"}],"wp:term":[{"taxonomy":"category","embeddable":true,"href":"https:\/\/miamilawyers360.com\/es\/wp-json\/wp\/v2\/categories?post=1759"},{"taxonomy":"post_tag","embeddable":true,"href":"https:\/\/miamilawyers360.com\/es\/wp-json\/wp\/v2\/tags?post=1759"}],"curies":[{"name":"wp","href":"https:\/\/api.w.org\/{rel}","templated":true}]}}