{"id":1762,"date":"2021-02-24T21:21:37","date_gmt":"2021-02-24T21:21:37","guid":{"rendered":"http:\/\/miamilawyers360.com\/miami-beach\/car-accident-lawyer\/"},"modified":"2021-12-15T21:05:05","modified_gmt":"2021-12-15T21:05:05","slug":"abogado-accidentes-automovilisticos","status":"publish","type":"page","link":"https:\/\/miamilawyers360.com\/es\/miami-beach\/abogado-accidentes-automovilisticos\/","title":{"rendered":"Abogado de accidentes automovil\u00edsticos en Miami Beach"},"content":{"rendered":"<p>\u00bfHa sido lesionado en un accidente automovil\u00edstico en Miami? Nuestros abogados de accidentes automovil\u00edsticos en Miami Beach est\u00e1n disponibles para ayudarlo a obtener justicia y compensaci\u00f3n. La negligencia de otra persona no deber\u00eda afectar su vida diaria. Por lo tanto, presentar una demanda y obtener una compensaci\u00f3n deber\u00eda ser su pr\u00f3ximo paso.<br \/>\nLa documentaci\u00f3n m\u00e9dica y de seguros puede ser abrumadora de presentar. Pero luego, es mucho m\u00e1s f\u00e1cil si tiene un abogado experimentado a su lado para ayudarlo a resolver el papeleo. En consecuencia, puede concentrarse en obtener ayuda m\u00e9dica mientras trabajan en su demanda. Adem\u00e1s, aprender\u00e1 mucho sobre los procesos legales involucrados y c\u00f3mo obtener una alta compensaci\u00f3n.<br \/>\nNo dude en llamarnos si est\u00e1 involucrado en un accidente automovil\u00edstico y necesita un <a href=\"https:\/\/miamilawyers360.com\/es\/miami-beach\/abogado-lesiones-personales\/\">abogado de lesiones personales<\/a>. Adem\u00e1s de ayudarlo a obtener una compensaci\u00f3n; te asesoramos y te brindamos toda la informaci\u00f3n que necesites respecto a tu caso.<\/p>\n\t\t<div data-elementor-type=\"section\" data-elementor-id=\"1714\" class=\"elementor elementor-1714 elementor-208\" data-elementor-post-type=\"elementor_library\">\n\t\t\t\t\t<section class=\"elementor-section elementor-top-section elementor-element elementor-element-37c5f16 elementor-section-boxed elementor-section-height-default elementor-section-height-default\" data-id=\"37c5f16\" data-element_type=\"section\" data-e-type=\"section\">\n\t\t\t\t\t\t<div class=\"elementor-container elementor-column-gap-default\">\n\t\t\t\t\t<div class=\"elementor-column elementor-col-100 elementor-top-column elementor-element elementor-element-f303a68 section-toc\" data-id=\"f303a68\" data-element_type=\"column\" data-e-type=\"column\">\n\t\t\t<div class=\"elementor-widget-wrap elementor-element-populated\">\n\t\t\t\t\t\t<div class=\"elementor-element elementor-element-f0ad866 elementor-toc--minimized-on-tablet elementor-widget elementor-widget-table-of-contents\" data-id=\"f0ad866\" data-element_type=\"widget\" data-e-type=\"widget\" data-settings=\"{&quot;exclude_headings_by_selector&quot;:&quot;.toc-remove&quot;,&quot;headings_by_tags&quot;:[&quot;h2&quot;,&quot;h3&quot;,&quot;h4&quot;,&quot;h5&quot;,&quot;h6&quot;],&quot;marker_view&quot;:&quot;numbers&quot;,&quot;no_headings_message&quot;:&quot;No se ha encontrado ning\\u00fan encabezado en esta p\\u00e1gina.&quot;,&quot;minimize_box&quot;:&quot;yes&quot;,&quot;minimized_on&quot;:&quot;tablet&quot;,&quot;hierarchical_view&quot;:&quot;yes&quot;,&quot;min_height&quot;:{&quot;unit&quot;:&quot;px&quot;,&quot;size&quot;:&quot;&quot;,&quot;sizes&quot;:[]},&quot;min_height_tablet&quot;:{&quot;unit&quot;:&quot;px&quot;,&quot;size&quot;:&quot;&quot;,&quot;sizes&quot;:[]},&quot;min_height_mobile&quot;:{&quot;unit&quot;:&quot;px&quot;,&quot;size&quot;:&quot;&quot;,&quot;sizes&quot;:[]}}\" data-widget_type=\"table-of-contents.default\">\n\t\t\t\t\t\t\t\t\t<div class=\"elementor-toc__header\">\n\t\t\t\t\t\t<h4 class=\"elementor-toc__header-title\">\n\t\t\t\tTable of Contents\t\t\t<\/h4>\n\t\t\t\t\t\t\t\t\t\t<div class=\"elementor-toc__toggle-button elementor-toc__toggle-button--expand\" role=\"button\" tabindex=\"0\" aria-controls=\"elementor-toc__f0ad866\" aria-expanded=\"true\" aria-label=\"Abrir la tabla de contenidos\"><svg aria-hidden=\"true\" class=\"e-font-icon-svg e-fas-chevron-down\" viewBox=\"0 0 448 512\" xmlns=\"http:\/\/www.w3.org\/2000\/svg\"><path d=\"M207.029 381.476L12.686 187.132c-9.373-9.373-9.373-24.569 0-33.941l22.667-22.667c9.357-9.357 24.522-9.375 33.901-.04L224 284.505l154.745-154.021c9.379-9.335 24.544-9.317 33.901.04l22.667 22.667c9.373 9.373 9.373 24.569 0 33.941L240.971 381.476c-9.373 9.372-24.569 9.372-33.942 0z\"><\/path><\/svg><\/div>\n\t\t\t\t<div class=\"elementor-toc__toggle-button elementor-toc__toggle-button--collapse\" role=\"button\" tabindex=\"0\" aria-controls=\"elementor-toc__f0ad866\" aria-expanded=\"true\" aria-label=\"Cerrar la tabla de contenidos\"><svg aria-hidden=\"true\" class=\"e-font-icon-svg e-fas-chevron-up\" viewBox=\"0 0 448 512\" xmlns=\"http:\/\/www.w3.org\/2000\/svg\"><path d=\"M240.971 130.524l194.343 194.343c9.373 9.373 9.373 24.569 0 33.941l-22.667 22.667c-9.357 9.357-24.522 9.375-33.901.04L224 227.495 69.255 381.516c-9.379 9.335-24.544 9.317-33.901-.04l-22.667-22.667c-9.373-9.373-9.373-24.569 0-33.941L207.03 130.525c9.372-9.373 24.568-9.373 33.941-.001z\"><\/path><\/svg><\/div>\n\t\t\t\t\t<\/div>\n\t\t\t\t<div id=\"elementor-toc__f0ad866\" class=\"elementor-toc__body\">\n\t\t\t<div class=\"elementor-toc__spinner-container\">\n\t\t\t\t<svg class=\"elementor-toc__spinner eicon-animation-spin e-font-icon-svg e-eicon-loading\" aria-hidden=\"true\" viewBox=\"0 0 1000 1000\" xmlns=\"http:\/\/www.w3.org\/2000\/svg\"><path d=\"M500 975V858C696 858 858 696 858 500S696 142 500 142 142 304 142 500H25C25 237 238 25 500 25S975 237 975 500 763 975 500 975Z\"><\/path><\/svg>\t\t\t<\/div>\n\t\t<\/div>\n\t\t\t\t\t\t<\/div>\n\t\t\t\t\t<\/div>\n\t\t<\/div>\n\t\t\t\t\t<\/div>\n\t\t<\/section>\n\t\t\t\t<\/div>\n\t\t\n<h2><b>Estad\u00edsticas de accidentes automovil\u00edsticos en el condado de Miami<\/b><\/h2>\n<p><span style=\"font-weight: 400;\">Las estad\u00edsticas muestran que el condado de Miami-Dade es una de las \u00e1reas m\u00e1s peligrosas de Florida para conducir. Seg\u00fan el <\/span><a href=\"https:\/\/www.flhsmv.gov\/traffic-crash-reports\/crash-dashboard\/\" target=\"_blank\" rel=\"noopener\"><span style=\"font-weight: 400;\">Departamento de Seguridad Vial y Veh\u00edculos Motorizados de<\/span><\/a><span style=\"font-weight: 400;\"> Florida , muchos veh\u00edculos chocan a diario en la regi\u00f3n de Miami. Cada a\u00f1o se reportan m\u00e1s de 50.000 accidentes, lo que significa 4.000 por mes.<\/span><\/p>\n<h2><b>\u00bfCu\u00e1nto cuesta contratar a un abogado de accidentes automovil\u00edsticos?<\/b><\/h2>\n<p><span style=\"font-weight: 400;\">Nuestros servicios de abogados de accidentes son justos en comparaci\u00f3n con otras firmas. En cualquier caso relacionado con lesiones, cobramos una tarifa de contingencia. Significa que no se le pagar\u00e1 al abogado a menos que la compensaci\u00f3n sea completa.<\/span><\/p>\n<h2><b>\u00bfQu\u00e9 debo hacer despu\u00e9s de un accidente automovil\u00edstico en Miami Beach?<\/b><\/h2>\n<p><span style=\"font-weight: 400;\">Las partes de nuestro cuerpo pueden enmascarar lesiones, y otras lesiones no ser\u00e1n visibles ni sentidas el d\u00eda del accidente. Ser\u00eda mejor si tambi\u00e9n grabara la escena para ayudar durante la investigaci\u00f3n.<\/span><\/p>\n<h3><b>Contacta a la polic\u00eda<\/b><\/h3>\n<p><span style=\"font-weight: 400;\">Inmediatamente despu\u00e9s de un accidente, busque atenci\u00f3n m\u00e9dica. Llame al 911 para solicitar una ambulancia. No pienses que porque no sientes ning\u00fan dolor, no est\u00e1s herido. Al dar su cuenta, aseg\u00farese de sus \u00fanicos detalles objetivos de lo que sucedi\u00f3.<\/span><\/p>\n<h3><b>Informaci\u00f3n de intercambio<\/b><\/h3>\n<p><span style=\"font-weight: 400;\">Mientras espera que la polic\u00eda le d\u00e9 una declaraci\u00f3n, puede intercambiar informaci\u00f3n de contacto y de seguro.<\/span><\/p>\n<h3><b>Graba la escena<\/b><\/h3>\n<p><span style=\"font-weight: 400;\">Tome una fotograf\u00eda de los veh\u00edculos involucrados y obtenga una declaraci\u00f3n grabada o escrita.<\/span><\/p>\n<h3><b>Nunca admitas la culpa<\/b><\/h3>\n<p><span style=\"font-weight: 400;\">Cuando todav\u00eda est\u00e9 en la escena, tenga cuidado con lo que le dice a la parte involucrada. \u00bfSi te preguntan si est\u00e1s bien? No d\u00e9 una respuesta definitiva porque no es un profesional m\u00e9dico y necesita una revisi\u00f3n.<\/span><\/p>\n<h3><b>Busque atenci\u00f3n m\u00e9dica<\/b><\/h3>\n<p><span style=\"font-weight: 400;\">Un profesional m\u00e9dico es el \u00fanico que puede diagnosticarlo para ayudarlo a obtener el mejor tratamiento que pueda necesitar. El informe m\u00e9dico lo ayudar\u00e1 a presentar su caso por lesiones personales en la carretera.<\/span><\/p>\n<h3><b>Llame a un abogado de accidentes automovil\u00edsticos<\/b><\/h3>\n<p><span style=\"font-weight: 400;\">Una vez que haya llamado a la polic\u00eda y est\u00e9 seguro de que est\u00e1n en camino, debe hablar con su abogado y discutir si tiene derecho a presentar una demanda por lesiones personales.<\/span><\/p>\n<h2><b>\u00bfCu\u00e1l es la liquidaci\u00f3n promedio para un accidente automovil\u00edstico?<\/b><\/h2>\n<p><span style=\"font-weight: 400;\">$ 15,000 es la liquidaci\u00f3n promedio de un accidente automovil\u00edstico en Florida.<\/span><\/p>\n<h2><b>\u00bfCu\u00e1ndo debo contratar un abogado para mi accidente automovil\u00edstico?<\/b><\/h2>\n<p><span style=\"font-weight: 400;\">Inmediatamente despu\u00e9s del accidente, comun\u00edquese con nuestros abogados para hacer un seguimiento de la preparaci\u00f3n de la demanda. El abogado reducir\u00e1 todo el papeleo tedioso que ser\u00e1 abrumador durante las reclamaciones de seguros.<\/span><\/p>\n<h2><b>\u00bfPor qu\u00e9 necesito un abogado para una reclamaci\u00f3n por accidente automovil\u00edstico?<\/b><\/h2>\n<p><span style=\"font-weight: 400;\">Nuestros abogados pueden ayudarlo con su reclamo por accidente automovil\u00edstico en <\/span><a href=\"https:\/\/en.wikipedia.org\/wiki\/Miami_Beach,_Florida\" target=\"_blank\" rel=\"noopener\"><span style=\"font-weight: 400;\">Miami Beach, Florida<\/span><\/a><span style=\"font-weight: 400;\"> , a trav\u00e9s de su experiencia en:<\/span><\/p>\n<h3><b>Preparaci\u00f3n de una reclamaci\u00f3n y presentaci\u00f3n de una demanda<\/b><\/h3>\n<p><span style=\"font-weight: 400;\">La preparaci\u00f3n ayuda a la ley a comprender el caso correctamente. La capa tambi\u00e9n se preparar\u00e1 para leer todo lo relacionado con el caso, preparar\u00e1 instrucciones para el jurado y preparar\u00e1 un bosquejo de testigos.<\/span><\/p>\n<h3><b>Negociaci\u00f3n de liquidaci\u00f3n<\/b><\/h3>\n<p><span style=\"font-weight: 400;\">Es necesario porque resuelve su disputa m\u00e1s r\u00e1pido, especialmente en los casos en los que est\u00e1 de acuerdo con la mayor\u00eda de las cosas con sus abogados o partes involucradas.<\/span><\/p>\n<p><a href=\"http:\/\/miamilawyers360.com\/wp-content\/uploads\/2021\/02\/miami-beach-car-accident-500x280-1.jpg\"><img fetchpriority=\"high\" decoding=\"async\" class=\"alignnone size-full wp-image-883\" src=\"http:\/\/miamilawyers360.com\/wp-content\/uploads\/2021\/02\/miami-beach-car-accident-500x280-1.jpg\" alt=\"File your claim with a Miami Beach car accident lawyer today.\" width=\"500\" height=\"280\" title=\"\" srcset=\"https:\/\/miamilawyers360.com\/wp-content\/uploads\/2021\/02\/miami-beach-car-accident-500x280-1.jpg 500w, https:\/\/miamilawyers360.com\/wp-content\/uploads\/2021\/02\/miami-beach-car-accident-500x280-1-300x168.jpg 300w\" sizes=\"(max-width: 500px) 100vw, 500px\" \/><\/a><\/p>\n<h3><b>Preparaci\u00f3n y representaci\u00f3n del juicio<\/b><\/h3>\n<p><span style=\"font-weight: 400;\">El juicio le da confianza al abogado durante una presentaci\u00f3n en una sala de audiencias. El abogado comprende mejor la ley y sabe c\u00f3mo tomar el control de la sala del tribunal.<\/span><\/p>\n<h2><b>\u00bfCu\u00e1nto puedo esperar recibir por mis da\u00f1os?<\/b><\/h2>\n<p><span style=\"font-weight: 400;\">La cantidad a recibir por el da\u00f1o depende de las circunstancias del caso. Adem\u00e1s, nuestros abogados lo guiar\u00e1n para aprender m\u00e1s sobre la ley de Florida con respecto a accidentes automovil\u00edsticos y compensaci\u00f3n.<\/span><\/p>\n<h2><b>\u00bfQu\u00e9 tipo de da\u00f1os puedo recuperar?<\/b><\/h2>\n<p><span style=\"font-weight: 400;\">Nuestro equipo lo ayudar\u00e1 a beneficiarse de todas estas formas de castigo tomando todas las medidas necesarias para reclamar la demanda. Los da\u00f1os incluyen;<\/span><\/p>\n<h3><b>Da\u00f1os econ\u00f3micos<\/b><\/h3>\n<p><span style=\"font-weight: 400;\">Son p\u00e9rdidas que sufri\u00f3 y tienen un precio y est\u00e1n directamente relacionadas con el accidente, e incluyen gastos m\u00e9dicos, oportunidades comerciales perdidas o propiedad da\u00f1ada, etc.<\/span><\/p>\n<h3><b>No econ\u00f3mico<\/b><\/h3>\n<p><span style=\"font-weight: 400;\">Da\u00f1os no medibles, incluidos; discapacidad, angustia emocional, impedimento f\u00edsico y otros.<\/span><\/p>\n<h3><b>Da\u00f1os punitivos<\/b><\/h3>\n<p><span style=\"font-weight: 400;\">Se otorga como castigo a quienes sean declarados culpables del delito. La mayor\u00eda de los conductores ebrios que provocan accidentes automovil\u00edsticos reciben este castigo como forma de compensaci\u00f3n.<\/span><\/p>\n<h2><b>\u00bfC\u00f3mo se determina la culpa de las reclamaciones por accidentes automovil\u00edsticos en Florida?<\/b><\/h2>\n<p><span style=\"font-weight: 400;\">El testimonio y la evidencia son las caracter\u00edsticas clave para determinar la culpa en un accidente automovil\u00edstico. Cuando no es sencillo, las c\u00e1maras de tr\u00e1fico no son claras para descubrir la falla.<\/span><\/p>\n<h2><b>\u00bfCu\u00e1nto tiempo tengo para presentar una reclamaci\u00f3n?<\/b><\/h2>\n<p><span style=\"font-weight: 400;\">El tiempo para reclamar su archivo puede variar en diferentes jurisdicciones. Algunas compa\u00f1\u00edas de seguros pueden querer que sus clientes reclamen inmediatamente despu\u00e9s del accidente o dentro de las 24 horas en que ocurri\u00f3 el da\u00f1o en su veh\u00edculo. Cuando el archivo de reclamo demora m\u00e1s, puede ser dif\u00edcil obtener su compensaci\u00f3n.<\/span><\/p>\n<h2><b>\u00bfC\u00f3mo puede un abogado ayudarme a presentar mi reclamo de seguro?<\/b><\/h2>\n<p><span style=\"font-weight: 400;\">Debe informar el accidente a su compa\u00f1\u00eda de seguros, pero necesitar\u00e1 que nuestros abogados recopilen la informaci\u00f3n correcta que se utilizar\u00e1 durante el caso. Su abogado negociar\u00e1 en su nombre con una compa\u00f1\u00eda de seguros y lo ayudar\u00e1 a obtener la cantidad que se merece.<\/span><\/p>\n<h2><b>\u00bfQu\u00e9 puedo hacer si el seguro rechaz\u00f3 mi reclamo?<\/b><\/h2>\n<p><span style=\"font-weight: 400;\">Su seguro puede negar su archivo por razones desafortunadas. Si considera que esto es injusto y necesita tomar medidas, hay formas de reconsiderar su decisi\u00f3n. Nuestra compa\u00f1\u00eda lo ayudar\u00e1 en todos los procesos que necesitar\u00e1 para presentar su reclamo y obtener una compensaci\u00f3n justa de una compa\u00f1\u00eda de seguros.<\/span><\/p>\n<h2><b>\u00bfQu\u00e9 puedo hacer si el seguro rechaz\u00f3 mi reclamo?<\/b><\/h2>\n<p><span style=\"font-weight: 400;\">Solo considera hablar con nuestros abogados de accidentes automovil\u00edsticos para que lo ayuden a hablar con el seguro. \u00c9l encontrar\u00e1 la soluci\u00f3n del problema y usted se beneficiar\u00e1 de su reclamo de seguro.<\/span><\/p>\n<h2><b>\u00bfTengo un caso?<\/b><\/h2>\n<p><span style=\"font-weight: 400;\">La negligencia de alguien puede causar un accidente y cuando niega presentar una demanda es la \u00fanica opci\u00f3n. Eso significa que tiene un caso que procesar. Adem\u00e1s, cuando una compa\u00f1\u00eda de seguros niega su reclamo, tambi\u00e9n puede presentar una demanda. Para revisar sus opciones, llame a nuestra <a href=\"https:\/\/miamilawyers360.com\/es\/\">firma de lesiones personales<\/a> hoy al <a href=\"tel:+17866862857\">(786) 686-2857<\/a>.<\/span><\/p>\n","protected":false},"excerpt":{"rendered":"<p>\u00bfHa sido lesionado en un accidente automovil\u00edstico en Miami? Nuestros abogados de accidentes automovil\u00edsticos en Miami Beach est\u00e1n disponibles para ayudarlo a obtener justicia y compensaci\u00f3n. La negligencia de otra persona no deber\u00eda afectar su vida diaria. Por lo tanto, presentar una demanda y obtener una compensaci\u00f3n deber\u00eda ser su pr\u00f3ximo paso. La documentaci\u00f3n m\u00e9dica [&hellip;]<\/p>\n","protected":false},"author":29,"featured_media":0,"parent":1748,"menu_order":0,"comment_status":"closed","ping_status":"closed","template":"","meta":{"_acf_changed":false,"anchor_text":"","footnotes":""},"categories":[],"tags":[65],"class_list":["post-1762","page","type-page","status-publish","hentry","tag-accidentes-automovilisticos-es"],"acf":[],"_links":{"self":[{"href":"https:\/\/miamilawyers360.com\/es\/wp-json\/wp\/v2\/pages\/1762","targetHints":{"allow":["GET"]}}],"collection":[{"href":"https:\/\/miamilawyers360.com\/es\/wp-json\/wp\/v2\/pages"}],"about":[{"href":"https:\/\/miamilawyers360.com\/es\/wp-json\/wp\/v2\/types\/page"}],"author":[{"embeddable":true,"href":"https:\/\/miamilawyers360.com\/es\/wp-json\/wp\/v2\/users\/29"}],"replies":[{"embeddable":true,"href":"https:\/\/miamilawyers360.com\/es\/wp-json\/wp\/v2\/comments?post=1762"}],"version-history":[{"count":0,"href":"https:\/\/miamilawyers360.com\/es\/wp-json\/wp\/v2\/pages\/1762\/revisions"}],"up":[{"embeddable":true,"href":"https:\/\/miamilawyers360.com\/es\/wp-json\/wp\/v2\/pages\/1748"}],"wp:attachment":[{"href":"https:\/\/miamilawyers360.com\/es\/wp-json\/wp\/v2\/media?parent=1762"}],"wp:term":[{"taxonomy":"category","embeddable":true,"href":"https:\/\/miamilawyers360.com\/es\/wp-json\/wp\/v2\/categories?post=1762"},{"taxonomy":"post_tag","embeddable":true,"href":"https:\/\/miamilawyers360.com\/es\/wp-json\/wp\/v2\/tags?post=1762"}],"curies":[{"name":"wp","href":"https:\/\/api.w.org\/{rel}","templated":true}]}}