{"id":1765,"date":"2015-11-08T12:03:18","date_gmt":"2015-11-08T12:03:18","guid":{"rendered":"http:\/\/miamilawyers360.com\/miami\/car-accident-lawyer\/"},"modified":"2021-12-15T23:15:23","modified_gmt":"2021-12-15T23:15:23","slug":"abogado-accidente-carro","status":"publish","type":"page","link":"https:\/\/miamilawyers360.com\/es\/miami\/abogado-accidente-carro\/","title":{"rendered":"Abogado de accidentes automovil\u00edsticos en Miami"},"content":{"rendered":"<p><span style=\"font-weight: 400;\">Es posible que no crea que necesita un <\/span><b><i>abogado de accidentes automovil\u00edsticos en Miami <\/i><\/b><span style=\"font-weight: 400;\">o un abogado de lesiones personales si ha estado involucrado en un accidente automovil\u00edstico en o alrededor de Miami Florida. Quiz\u00e1s se sienta seguro de su capacidad para manejar el caso por su cuenta. Si bien eso es ciertamente posible, existen algunas ventajas reales de tener un buen abogado de accidentes automovil\u00edsticos en Miami luchando en su esquina.<\/span><\/p>\n<p><span style=\"font-weight: 400;\">Por un lado, un abogado de accidentes automovil\u00edsticos de Florida conoce los hilos. Los abogados se capacitan durante a\u00f1os en la facultad de derecho, seguidos con la pr\u00e1ctica de la vida real, manejando docenas o incluso cientos de casos similares. Ese tipo de experiencia es imposible de replicar para un principiante y trae consigo enormes ventajas, al comprender los entresijos de un proceso muy complicado que manejan los abogados de lesiones personales.<\/span><\/p>\n<p><span style=\"font-weight: 400;\">Contratar una firma de lesiones personales de buena reputaci\u00f3n y hablar con un buen abogado de accidentes automovil\u00edsticos en Miami puede ser un gran beneficio. Pero comprenda que debe considerar seriamente la posibilidad de contratar a un profesional experimentado que sea capaz de aliviar parte del peso de sus hombros. Un abogado de accidentes automovil\u00edsticos que haya estado all\u00ed y lo haya hecho antes podr\u00e1 guiar su caso sin sobrecargarlo con todo el trabajo de recordar fechas l\u00edmite, presentar documentos, responder solicitudes y, quiz\u00e1s lo m\u00e1s importante, tratar con compa\u00f1\u00edas de seguros y ajustadores de seguros. .<\/span><\/p>\n<p><span style=\"font-weight: 400;\">Contratar a un <a href=\"https:\/\/miamilawyers360.com\/es\/miami\/abogado-lesiones-personales\/\">abogado de lesiones personales en Miami<\/a> significa que otra persona est\u00e1 a cargo de organizar todos estos diferentes componentes del proceso de reclamos, lo que lo libera para que se recupere del accidente y contin\u00fae con su vida.<\/span><\/p>\n<p><span style=\"font-weight: 400;\">\t\t<div data-elementor-type=\"section\" data-elementor-id=\"1714\" class=\"elementor elementor-1714 elementor-208\" data-elementor-post-type=\"elementor_library\">\n\t\t\t\t\t<section class=\"elementor-section elementor-top-section elementor-element elementor-element-37c5f16 elementor-section-boxed elementor-section-height-default elementor-section-height-default\" data-id=\"37c5f16\" data-element_type=\"section\" data-e-type=\"section\">\n\t\t\t\t\t\t<div class=\"elementor-container elementor-column-gap-default\">\n\t\t\t\t\t<div class=\"elementor-column elementor-col-100 elementor-top-column elementor-element elementor-element-f303a68 section-toc\" data-id=\"f303a68\" data-element_type=\"column\" data-e-type=\"column\">\n\t\t\t<div class=\"elementor-widget-wrap elementor-element-populated\">\n\t\t\t\t\t\t<div class=\"elementor-element elementor-element-f0ad866 elementor-toc--minimized-on-tablet elementor-widget elementor-widget-table-of-contents\" data-id=\"f0ad866\" data-element_type=\"widget\" data-e-type=\"widget\" data-settings=\"{&quot;exclude_headings_by_selector&quot;:&quot;.toc-remove&quot;,&quot;headings_by_tags&quot;:[&quot;h2&quot;,&quot;h3&quot;,&quot;h4&quot;,&quot;h5&quot;,&quot;h6&quot;],&quot;marker_view&quot;:&quot;numbers&quot;,&quot;no_headings_message&quot;:&quot;No se ha encontrado ning\\u00fan encabezado en esta p\\u00e1gina.&quot;,&quot;minimize_box&quot;:&quot;yes&quot;,&quot;minimized_on&quot;:&quot;tablet&quot;,&quot;hierarchical_view&quot;:&quot;yes&quot;,&quot;min_height&quot;:{&quot;unit&quot;:&quot;px&quot;,&quot;size&quot;:&quot;&quot;,&quot;sizes&quot;:[]},&quot;min_height_tablet&quot;:{&quot;unit&quot;:&quot;px&quot;,&quot;size&quot;:&quot;&quot;,&quot;sizes&quot;:[]},&quot;min_height_mobile&quot;:{&quot;unit&quot;:&quot;px&quot;,&quot;size&quot;:&quot;&quot;,&quot;sizes&quot;:[]}}\" data-widget_type=\"table-of-contents.default\">\n\t\t\t\t\t\t\t\t\t<div class=\"elementor-toc__header\">\n\t\t\t\t\t\t<h4 class=\"elementor-toc__header-title\">\n\t\t\t\tTable of Contents\t\t\t<\/h4>\n\t\t\t\t\t\t\t\t\t\t<div class=\"elementor-toc__toggle-button elementor-toc__toggle-button--expand\" role=\"button\" tabindex=\"0\" aria-controls=\"elementor-toc__f0ad866\" aria-expanded=\"true\" aria-label=\"Abrir la tabla de contenidos\"><svg aria-hidden=\"true\" class=\"e-font-icon-svg e-fas-chevron-down\" viewBox=\"0 0 448 512\" xmlns=\"http:\/\/www.w3.org\/2000\/svg\"><path d=\"M207.029 381.476L12.686 187.132c-9.373-9.373-9.373-24.569 0-33.941l22.667-22.667c9.357-9.357 24.522-9.375 33.901-.04L224 284.505l154.745-154.021c9.379-9.335 24.544-9.317 33.901.04l22.667 22.667c9.373 9.373 9.373 24.569 0 33.941L240.971 381.476c-9.373 9.372-24.569 9.372-33.942 0z\"><\/path><\/svg><\/div>\n\t\t\t\t<div class=\"elementor-toc__toggle-button elementor-toc__toggle-button--collapse\" role=\"button\" tabindex=\"0\" aria-controls=\"elementor-toc__f0ad866\" aria-expanded=\"true\" aria-label=\"Cerrar la tabla de contenidos\"><svg aria-hidden=\"true\" class=\"e-font-icon-svg e-fas-chevron-up\" viewBox=\"0 0 448 512\" xmlns=\"http:\/\/www.w3.org\/2000\/svg\"><path d=\"M240.971 130.524l194.343 194.343c9.373 9.373 9.373 24.569 0 33.941l-22.667 22.667c-9.357 9.357-24.522 9.375-33.901.04L224 227.495 69.255 381.516c-9.379 9.335-24.544 9.317-33.901-.04l-22.667-22.667c-9.373-9.373-9.373-24.569 0-33.941L207.03 130.525c9.372-9.373 24.568-9.373 33.941-.001z\"><\/path><\/svg><\/div>\n\t\t\t\t\t<\/div>\n\t\t\t\t<div id=\"elementor-toc__f0ad866\" class=\"elementor-toc__body\">\n\t\t\t<div class=\"elementor-toc__spinner-container\">\n\t\t\t\t<svg class=\"elementor-toc__spinner eicon-animation-spin e-font-icon-svg e-eicon-loading\" aria-hidden=\"true\" viewBox=\"0 0 1000 1000\" xmlns=\"http:\/\/www.w3.org\/2000\/svg\"><path d=\"M500 975V858C696 858 858 696 858 500S696 142 500 142 142 304 142 500H25C25 237 238 25 500 25S975 237 975 500 763 975 500 975Z\"><\/path><\/svg>\t\t\t<\/div>\n\t\t<\/div>\n\t\t\t\t\t\t<\/div>\n\t\t\t\t\t<\/div>\n\t\t<\/div>\n\t\t\t\t\t<\/div>\n\t\t<\/section>\n\t\t\t\t<\/div>\n\t\t<\/span><\/p>\n<h2><b>\u00bfQu\u00e9 debe hacer despu\u00e9s de un accidente automovil\u00edstico?<\/b><\/h2>\n<p><span style=\"font-weight: 400;\">Los bufetes de abogados de lesiones personales manejan accidentes automovil\u00edsticos todo el tiempo. Y como se puede adivinar, los accidentes en Florida ocurren todo el tiempo. Si ha estado involucrado en un accidente automovil\u00edstico en <\/span><a href=\"https:\/\/en.wikipedia.org\/wiki\/Miami\" target=\"_blank\" rel=\"noopener\"><span style=\"font-weight: 400;\">Miami, Florida<\/span><\/a><span style=\"font-weight: 400;\"> , incluso antes de contactar a un abogado de accidentes automovil\u00edsticos, lo primero que debe decidirse es si debe recibir tratamiento m\u00e9dico.<\/span><\/p>\n<p><span style=\"font-weight: 400;\">Si el accidente fue grave y tiene la m\u00e1s m\u00ednima sospecha de que podr\u00eda resultar herido de alguna manera, debe buscar atenci\u00f3n m\u00e9dica de inmediato. Esto es de vital importancia por varias razones. Primero, buscar tratamiento r\u00e1pidamente mejora sus probabilidades de minimizar el da\u00f1o y recuperarse m\u00e1s r\u00e1pidamente. En segundo lugar, registra sus lesiones de inmediato; creando un rastro en papel que resultar\u00e1 \u00fatil en el futuro. Finalmente, evita que la otra parte o la compa\u00f1\u00eda de seguros de la otra parte reclame que sus lesiones ocurrieron m\u00e1s tarde o fueron causadas por algo diferente al accidente automovil\u00edstico.<\/span><\/p>\n<p><a href=\"http:\/\/miamilawyers360.com\/wp-content\/uploads\/2021\/02\/miami-car-accident-500x333-1.jpg\"><img fetchpriority=\"high\" decoding=\"async\" class=\"alignnone size-full wp-image-885\" src=\"http:\/\/miamilawyers360.com\/wp-content\/uploads\/2021\/02\/miami-car-accident-500x333-1.jpg\" alt=\"Schedule a free consultation with a Miami car accident lawyer today.\" width=\"500\" height=\"333\" title=\"\" srcset=\"https:\/\/miamilawyers360.com\/wp-content\/uploads\/2021\/02\/miami-car-accident-500x333-1.jpg 500w, https:\/\/miamilawyers360.com\/wp-content\/uploads\/2021\/02\/miami-car-accident-500x333-1-300x200.jpg 300w\" sizes=\"(max-width: 500px) 100vw, 500px\" \/><\/a><\/p>\n<p><span style=\"font-weight: 400;\">Si su accidente automovil\u00edstico no fue lo suficientemente grave como para justificar una visita al m\u00e9dico, todav\u00eda hay otras cosas que puede hacer para ayudar a prepararse para un posible reclamo futuro por accidente automovil\u00edstico. Primero, intercambie informaci\u00f3n de contacto y seguro con el otro conductor. Es importante obtener el nombre, la direcci\u00f3n y otros detalles del seguro de la persona para que, cuando ocurra un reclamo, su compa\u00f1\u00eda de seguros y su abogado tengan un informe de lesiones y sepan con qui\u00e9n deben comunicarse. Tambi\u00e9n es importante obtener la informaci\u00f3n de contacto de cualquier persona que haya presenciado el accidente. Estas personas podr\u00edan ser importantes en el futuro si hay una disputa sobre lo que sucedi\u00f3.<\/span><\/p>\n<p><span style=\"font-weight: 400;\">Si es posible, tome fotograf\u00edas de los da\u00f1os sufridos por ambos autom\u00f3viles, as\u00ed como del lugar del accidente en s\u00ed. Por \u00faltimo, anote cualquier detalle que se le ocurra lo antes posible despu\u00e9s del accidente. Si el otro conductor estaba distra\u00eddo o con un tel\u00e9fono celular o si iba a exceso de velocidad o si el clima era malo, todos estos detalles pueden ser importantes m\u00e1s adelante, pero pueden olvidarse f\u00e1cilmente despu\u00e9s de la precipitaci\u00f3n de un accidente. Escribir tantas cosas poco despu\u00e9s de un accidente podr\u00eda ser de gran ayuda m\u00e1s adelante.<\/span><\/p>\n<h3><b>Las im\u00e1genes son importantes para un abogado de accidentes automovil\u00edsticos<\/b><\/h3>\n<p><span style=\"font-weight: 400;\">Realmente es cierto cuando la gente dice que las im\u00e1genes valen mil palabras, tal vez incluso dos mil. Si luego se disputa el accidente, tal vez la otra parte afirma que no fue tan grave como usted dice, las im\u00e1genes pueden ser una excelente manera de terminar el debate. Mostrar una prueba fotogr\u00e1fica de un veh\u00edculo aplastado le dice al juez y al jurado todo lo que necesitan saber sobre la gravedad de un accidente. Las fotograf\u00edas tambi\u00e9n son formas tremendamente \u00fatiles de demostrar la gravedad de las lesiones, haciendo que las personas comprendan de inmediato y sin mucha descripci\u00f3n cu\u00e1n gravemente result\u00f3 herida una persona.<\/span><\/p>\n<p><span style=\"font-weight: 400;\">Si es posible, intente tomar algunas fotograf\u00edas del accidente y mu\u00e9streselas a su abogado m\u00e1s adelante. Camine alrededor de su autom\u00f3vil con su c\u00e1mara o tel\u00e9fono inteligente y tome fotos mientras camina. Tambi\u00e9n puede ser \u00fatil obtener algunas im\u00e1genes de los otros autom\u00f3viles involucrados en el accidente, as\u00ed como im\u00e1genes m\u00e1s generales de la escena del accidente. Dicho todo esto, recuerde que la seguridad es mucho m\u00e1s importante que recordar el accidente automovil\u00edstico. No salga de su autom\u00f3vil y tome fotograf\u00edas si no es seguro hacerlo, ya que esto podr\u00eda empeorar un accidente grave.<\/span><\/p>\n<h2><b>\u00bfC\u00f3mo prueba un abogado de lesiones personales de Miami la culpa despu\u00e9s de un accidente automovil\u00edstico?<\/b><\/h2>\n<p><span style=\"font-weight: 400;\">Es importante comprender que si se ve involucrado en un accidente de Miami, Florida maneja los casos de accidentes automovil\u00edsticos de manera diferente a la mayor\u00eda de los otros estados. De hecho, Florida es uno de los 12 estados que tienen leyes de seguro de autom\u00f3vil sin culpa. Estas leyes, implementadas a principios de la d\u00e9cada de 1970, fueron dise\u00f1adas para que sea m\u00e1s r\u00e1pido y m\u00e1s f\u00e1cil recuperar los da\u00f1os despu\u00e9s de un accidente automovil\u00edstico.<\/span><\/p>\n<p><span style=\"font-weight: 400;\">La ley requiere que todos los conductores de Florida compren protecci\u00f3n contra lesiones personales (tambi\u00e9n conocida como \u201cPIP\u201d), que brinda cobertura para gastos m\u00e9dicos, salarios perdidos, gastos funerarios y otros costos relacionados, independientemente de qui\u00e9n sea responsable del accidente. Esto significa que su compa\u00f1\u00eda de seguros debe pagarle sus p\u00e9rdidas sin importar qui\u00e9n tuvo la culpa.<\/span><\/p>\n<p>&nbsp;<\/p>\n<p><img decoding=\"async\" class=\"alignnone size-full wp-image-1136\" src=\"http:\/\/miamilawyers360.com\/wp-content\/uploads\/2021\/03\/Source-06.jpg\" alt=\"\" width=\"3334\" height=\"8334\" title=\"\"><\/p>\n<h2><b>\u00bfQu\u00e9 factores influyen en el valor de un accidente automovil\u00edstico?<\/b><\/h2>\n<p><span style=\"font-weight: 400;\">Para cada abogado de lesiones por accidentes automovil\u00edsticos en Miami, esta es una pregunta com\u00fan, de hecho, la mayor\u00eda de los abogados de accidentes automovil\u00edsticos, en general, escuchar\u00e1n esta pregunta. Muchas v\u00edctimas de accidentes automovil\u00edsticos sienten curiosidad por saber cu\u00e1n valioso podr\u00eda ser su caso de accidente automovil\u00edstico. Desafortunadamente, la pregunta es casi imposible de responder de manera general, y cada caso depende de las circunstancias espec\u00edficas involucradas.<\/span><\/p>\n<p><span style=\"font-weight: 400;\">Dicho esto, existen ciertas categor\u00edas de da\u00f1os que determinan el valor final de un caso de accidente automovil\u00edstico y, al comprenderlas con m\u00e1s detalle, permitir\u00e1 que un abogado le d\u00e9 una mejor estimaci\u00f3n del valor de su caso. Estas categor\u00edas incluyen facturas m\u00e9dicas pasadas, gastos m\u00e9dicos futuros, salarios perdidos \/ tiempo fuera del trabajo, p\u00e9rdida de capacidad futura de ingresos y dolor y sufrimiento.<\/span><\/p>\n<p><span style=\"font-weight: 400;\">Dentro de las categor\u00edas enumeradas anteriormente, se considerar\u00e1n ciertos factores al decidir el valor final de cualquier compensaci\u00f3n que se le adeude. Estos factores incluyen el alcance y la gravedad de sus lesiones, los detalles del accidente (\u00bffue simple negligencia, imprudencia, negligencia grave, intencional?), Su grado de responsabilidad por el accidente, su historial laboral y su capacidad para seguir ganando un vivir, su estilo de vida e incluso su esperanza de vida. Todas estas cosas entran en la complicada combinaci\u00f3n de cosas que se consideran al decidir cu\u00e1nto otorgar en compensaci\u00f3n por un caso de accidente automovil\u00edstico en Florida. Es por eso que un buen abogado de accidentes automovil\u00edsticos en Miami es invaluable para obtener un abogado.<\/span><\/p>\n<h2><b>\u00bfCu\u00e1nto tiempo le tomar\u00e1 a un abogado de accidentes automovil\u00edsticos de Miami resolver su caso?<\/b><\/h2>\n<p><span style=\"font-weight: 400;\">Esta es otra pregunta imposible de responder sin conocer los hechos espec\u00edficos de su caso. Incluso con detalles espec\u00edficos, es posible que un abogado de accidentes automovil\u00edsticos de Miami no pueda estimar con mucha precisi\u00f3n cu\u00e1nto tiempo tomar\u00e1 resolverlo. Esto se debe a que cada caso es \u00fanico, depender\u00e1 de las acciones de usted, los ajustadores de seguros, la parte contraria y una multitud de otros factores desconocidos que podr\u00edan retrasar o acelerar su reclamo. Por lo general, las reclamaciones por accidentes automovil\u00edsticos pueden resolverse en tan solo unos meses o, si van a juicio, pueden tardar hasta varios a\u00f1os.<\/span><\/p>\n<h2><b>\u00bfLlegar\u00e1 a los tribunales un caso de accidente automovil\u00edstico?<\/b><\/h2>\n<p><span style=\"font-weight: 400;\">Muchas personas piensan que todos los casos de accidentes automovil\u00edsticos terminan ante un juez y un jurado en un dram\u00e1tico encuentro en la corte, algo que algunos se ponen nerviosos y ans\u00edan evitar. La buena noticia es que la realidad de los casos de accidentes automovil\u00edsticos en Miami es que la gran mayor\u00eda se resuelve antes del juicio. Muchas reclamaciones se resuelven mediante negociaci\u00f3n, algo que puede ahorrar tiempo y dinero a ambas partes.<\/span><\/p>\n<p><a href=\"http:\/\/miamilawyers360.com\/wp-content\/uploads\/2021\/02\/miami-car-accident-2-500x333-1.jpg\"><img decoding=\"async\" class=\"alignnone size-full wp-image-886\" src=\"http:\/\/miamilawyers360.com\/wp-content\/uploads\/2021\/02\/miami-car-accident-2-500x333-1.jpg\" alt=\"Contact our attorneys for a free case review of your car accident claim.\" width=\"500\" height=\"333\" title=\"\" srcset=\"https:\/\/miamilawyers360.com\/wp-content\/uploads\/2021\/02\/miami-car-accident-2-500x333-1.jpg 500w, https:\/\/miamilawyers360.com\/wp-content\/uploads\/2021\/02\/miami-car-accident-2-500x333-1-300x200.jpg 300w\" sizes=\"(max-width: 500px) 100vw, 500px\" \/><\/a><\/p>\n<p><span style=\"font-weight: 400;\">Como resultado, solo un peque\u00f1o porcentaje de las reclamaciones deben presentarse ante un juez. Dicho esto, nunca se sabe de antemano qu\u00e9 reclamos deber\u00e1n llevarse a los tribunales, por lo que es tan importante que el abogado de accidentes automovil\u00edsticos de Miami que contrate se sienta c\u00f3modo en cualquier direcci\u00f3n del caso; ya sea llegando a un acuerdo negociado o llevando el caso ante un juez.<\/span><\/p>\n<h2><b>\u00bfCu\u00e1nto tiempo tiene para presentar una reclamaci\u00f3n por accidente automovil\u00edstico en Miami?<\/b><\/h2>\n<p><span style=\"font-weight: 400;\">Es una realidad lamentable que a las v\u00edctimas de accidentes automovil\u00edsticos no se les d\u00e9 tiempo ilimitado para recuperarse y sanar antes de decidir c\u00f3mo quieren manejar su caso. Esto se debe a que las reclamaciones por accidentes automovil\u00edsticos est\u00e1n sujetas a una ley estatal que limita la cantidad de tiempo que una persona tiene antes de perder la capacidad de presentar una reclamaci\u00f3n por da\u00f1os y perjuicios. Esto se conoce como el estatuto de limitaci\u00f3n y existe para cortar el tiempo que una persona puede esperar antes de presentar una demanda despu\u00e9s de sufrir una lesi\u00f3n.<\/span><\/p>\n<p><span style=\"font-weight: 400;\">No existe un estatuto de limitaciones universal; cambia seg\u00fan el estado y el tipo de lesi\u00f3n en cuesti\u00f3n. En Florida, los reclamos por lesiones personales contra el tercero culpable deben tener lugar dentro de los cuatro a\u00f1os posteriores a la fecha de la lesi\u00f3n. Las personas tienen <\/span><a href=\"http:\/\/www.leg.state.fl.us\/Statutes\/index.cfm?App_mode=Display_Statute&amp;URL=0000-0099\/0095\/Sections\/0095.11.html\" target=\"_blank\" rel=\"noopener\"><span style=\"font-weight: 400;\">cuatro a\u00f1os despu\u00e9s de la fecha de la lesi\u00f3n<\/span><\/a><span style=\"font-weight: 400;\"> para presentar reclamaciones sin seguro o con seguro insuficiente contra su propia compa\u00f1\u00eda de seguros. Para obtener m\u00e1s informaci\u00f3n sobre este asunto, comun\u00edquese hoy mismo con un abogado de accidentes automovil\u00edsticos de Miami.<\/span><\/p>\n<h2><b>P\u00f3ngase en contacto con un abogado de accidentes automovil\u00edsticos en Miami, Florida hoy<\/b><\/h2>\n<p><span style=\"font-weight: 400;\">Si ha estado en un accidente, comun\u00edquese con un <\/span><b>abogado <\/b><span style=\"font-weight: 400;\">con experiencia en <\/span><b>accidentes automovil\u00edsticos en Miami <\/b><span style=\"font-weight: 400;\">para que revise y maneje su caso. Tiene muchas decisiones importantes que tomar en un futuro pr\u00f3ximo.<\/span><\/p>\n<p><a href=\"https:\/\/miamilawyers360.com\/es\/preguntas-frecuentes-accidentes-automovilisticos\/\"><b><i>Preguntas comunes sobre accidentes automovil\u00edsticos en Florida<\/i><\/b><\/a><\/p>\n","protected":false},"excerpt":{"rendered":"<p>Es posible que no crea que necesita un abogado de accidentes automovil\u00edsticos en Miami o un abogado de lesiones personales si ha estado involucrado en un accidente automovil\u00edstico en o alrededor de Miami Florida. Quiz\u00e1s se sienta seguro de su capacidad para manejar el caso por su cuenta. Si bien eso es ciertamente posible, existen [&hellip;]<\/p>\n","protected":false},"author":29,"featured_media":0,"parent":1747,"menu_order":0,"comment_status":"closed","ping_status":"closed","template":"","meta":{"_acf_changed":false,"anchor_text":"","footnotes":""},"categories":[75],"tags":[65],"class_list":["post-1765","page","type-page","status-publish","hentry","category-miami-ubicacion","tag-accidentes-automovilisticos-es"],"acf":[],"_links":{"self":[{"href":"https:\/\/miamilawyers360.com\/es\/wp-json\/wp\/v2\/pages\/1765","targetHints":{"allow":["GET"]}}],"collection":[{"href":"https:\/\/miamilawyers360.com\/es\/wp-json\/wp\/v2\/pages"}],"about":[{"href":"https:\/\/miamilawyers360.com\/es\/wp-json\/wp\/v2\/types\/page"}],"author":[{"embeddable":true,"href":"https:\/\/miamilawyers360.com\/es\/wp-json\/wp\/v2\/users\/29"}],"replies":[{"embeddable":true,"href":"https:\/\/miamilawyers360.com\/es\/wp-json\/wp\/v2\/comments?post=1765"}],"version-history":[{"count":0,"href":"https:\/\/miamilawyers360.com\/es\/wp-json\/wp\/v2\/pages\/1765\/revisions"}],"up":[{"embeddable":true,"href":"https:\/\/miamilawyers360.com\/es\/wp-json\/wp\/v2\/pages\/1747"}],"wp:attachment":[{"href":"https:\/\/miamilawyers360.com\/es\/wp-json\/wp\/v2\/media?parent=1765"}],"wp:term":[{"taxonomy":"category","embeddable":true,"href":"https:\/\/miamilawyers360.com\/es\/wp-json\/wp\/v2\/categories?post=1765"},{"taxonomy":"post_tag","embeddable":true,"href":"https:\/\/miamilawyers360.com\/es\/wp-json\/wp\/v2\/tags?post=1765"}],"curies":[{"name":"wp","href":"https:\/\/api.w.org\/{rel}","templated":true}]}}