{"id":1766,"date":"2015-11-08T12:36:02","date_gmt":"2015-11-08T17:36:02","guid":{"rendered":"https:\/\/miamilawyers360.com\/miami\/distracted-driving-accident-lawyer\/"},"modified":"2026-03-12T13:30:38","modified_gmt":"2026-03-12T17:30:38","slug":"accidente-distraccion","status":"publish","type":"page","link":"https:\/\/miamilawyers360.com\/es\/miami\/accidente-distraccion\/","title":{"rendered":"Abogado de accidentes por conducci\u00f3n distra\u00edda en Miami"},"content":{"rendered":"<p><span style=\"font-weight: 400;\">Todos los conductores de Florida deben respetar el hecho de que conducir no es un derecho, sino un privilegio que viene con la responsabilidad de mantenerse concentrados y atentos mientras est\u00e1n detr\u00e1s del volante. Desafortunadamente, las distracciones de los conductores son problemas m\u00e1s grandes hoy que nunca, ya que las llamadas telef\u00f3nicas, los mensajes de texto y los sistemas de navegaci\u00f3n causan m\u00e1s accidentes de conducci\u00f3n distra\u00eddos.<\/span><\/p>\n<p><span style=\"font-weight: 400;\">Si ha sido herido por un conductor que no estaba prestando atenci\u00f3n, nuestros abogados de accidentes por conducci\u00f3n distra\u00edda en Miami pueden ayudarlo a presentar un reclamo y recuperar una compensaci\u00f3n. \u00a1P\u00f3ngase en contacto con nuestros <\/span><a href=\"https:\/\/miamilawyers360.com\/es\/miami\/abogado-accidente-carro\/\"><span style=\"font-weight: 400;\">abogados de accidentes automovil\u00edsticos<\/span><\/a><span style=\"font-weight: 400;\"> hoy para una consulta gratuita!<\/span><\/p>\n<p><span style=\"font-weight: 400;\"><\/span><\/p>\n<h2><b>Ley de Florida sobre enviar mensajes de texto o usar un tel\u00e9fono celular mientras se conduce<\/b><\/h2>\n<p><span style=\"font-weight: 400;\">Florida tiene una prohibici\u00f3n limitada de <\/span><span style=\"font-weight: 400;\">mensajes de<\/span><span style=\"font-weight: 400;\"> texto que se aprob\u00f3 en 2012, lo que lo convierte en el estado n\u00famero 41 en aprobar una <\/span><a href=\"https:\/\/www.flhsmv.gov\/safety-center\/driving-safety\/distracted-driving\/\" target=\"_blank\" rel=\"noopener\"><span style=\"font-weight: 400;\">ley contra los mensajes de texto y la conducci\u00f3n<\/span><\/a><span style=\"font-weight: 400;\"> . Sin embargo, esta prohibici\u00f3n no restringe el uso de tel\u00e9fonos celulares en general ni restringe a los conductores el uso de tel\u00e9fonos en los sem\u00e1foros. Los conductores a\u00fan pueden distraerse con los sistemas de navegaci\u00f3n, las aplicaciones de m\u00fasica, los juegos y las c\u00e1maras. Tampoco dice que los conductores todav\u00eda no puedan hablar por tel\u00e9fono.<\/span><\/p>\n<p><span style=\"font-weight: 400;\">La ley establece espec\u00edficamente: \u00abUna persona no puede operar un veh\u00edculo motorizado mientras escribe o ingresa manualmente varias letras, n\u00fameros, s\u00edmbolos u otros caracteres en un dispositivo de comunicaciones inal\u00e1mbricas o mientras env\u00eda o lee datos en dicho dispositivo con el prop\u00f3sito de no comunicaci\u00f3n interpersonal por voz, que incluye, entre otros, m\u00e9todos de comunicaci\u00f3n conocidos como mensajes de texto, correo electr\u00f3nico y mensajer\u00eda instant\u00e1nea \u00ab. Esto no hace todo lo que podr\u00eda esperar para minimizar la conducci\u00f3n distra\u00edda.<\/span><\/p>\n<p><span style=\"font-weight: 400;\">Otro problema que hace que esta prohibici\u00f3n sea algo menos efectiva de lo que podr\u00eda ser es que es una ley secundaria, lo que significa que solo lo detendr\u00e1n por enviar mensajes de texto si hay otra infracci\u00f3n, como pasar un sem\u00e1foro por enviar mensajes de texto mientras conduce.<\/span><\/p>\n<p><span style=\"font-weight: 400;\">Eche un segundo vistazo a los conductores en la carretera a su alrededor y vea cu\u00e1ntos de ellos est\u00e1n usando un tel\u00e9fono mientras conducen. A pesar de que existe mucha evidencia y sentido com\u00fan que nos dice que esto es inseguro y que las leyes proh\u00edben estos comportamientos de conducci\u00f3n inseguros, se sorprender\u00e1 de la cantidad de conductores de Florida que contin\u00faan poni\u00e9ndose, y usted, en riesgo de un <\/span><i><span style=\"font-weight: 400;\">accidente de conducci\u00f3n y env\u00edo de mensajes de texto <\/span><\/i><span style=\"font-weight: 400;\">.<\/span><\/p>\n<h2><b>Por qu\u00e9 es peligroso conducir distra\u00eddo<\/b><\/h2>\n<p><span style=\"font-weight: 400;\">Cuando un conductor usa su tel\u00e9fono celular para cualquier cosa, sus ojos, manos y mente se distraen del tr\u00e1fico y la carretera. Todos en la carretera y todos en el autom\u00f3vil con el conductor est\u00e1n en peligro cuando esto sucede. Un accidente automovil\u00edstico puede ocurrir en cualquier momento y el conductor no puede evitar o responder a la amenaza a tiempo.<\/span><\/p>\n<p><span style=\"font-weight: 400;\">En realidad, los conductores de camiones tienen 23 veces m\u00e1s probabilidades de causar accidentes cuando usan tel\u00e9fonos celulares que cuando no. Prestar mucha atenci\u00f3n a la carretera es un factor importante para evitar y minimizar los da\u00f1os y la p\u00e9rdida de vidas que pueden ocurrir en una colisi\u00f3n. Los estudios han demostrado que una persona tiene la misma probabilidad de causar un accidente mientras se distrae con su tel\u00e9fono celular que de causar un accidente en estado de ebriedad. Es por eso que los tel\u00e9fonos celulares son una de las principales causas de <\/span><a href=\"https:\/\/miamilawyers360.com\/es\/miami\/accidente-trasero\/\"><span style=\"font-weight: 400;\">accidentes<\/span><span style=\"font-weight: 400;\"> por <\/span><span style=\"font-weight: 400;\">alcance<\/span><\/a><span style=\"font-weight: 400;\"> en Florida.<\/span><\/p>\n<p><span style=\"font-weight: 400;\">La causa m\u00e1s frecuente de accidentes automovil\u00edsticos con peatones en Florida es enviar mensajes de texto mientras se conduce. Solo se necesita una fracci\u00f3n de segundo para perder a una persona que camina o anda en bicicleta. Incluso puede hacer que se desv\u00ede hacia el tr\u00e1fico que se aproxima. En los EE. UU., La conducci\u00f3n distra\u00edda causa el 16% de todos los accidentes fatales, lo que equivale a 5,000 muertes en un solo a\u00f1o. Enviar mensajes de texto o usar un tel\u00e9fono celular mientras conduce es ser irresponsable con su vida y la vida de los dem\u00e1s. Todo conductor debe reconocer su obligaci\u00f3n de mantenerse a s\u00ed mismo y a otros conductores y peatones a salvo de las consecuencias de una <\/span><a href=\"https:\/\/www.nhtsa.gov\/risky-driving\/distracted-driving\" target=\"_blank\" rel=\"noopener\"><span style=\"font-weight: 400;\">conducci\u00f3n distra\u00edda<\/span><\/a><span style=\"font-weight: 400;\"> .<\/span><\/p>\n<p><a href=\"https:\/\/miamilawyers360.com\/wp-content\/uploads\/2021\/03\/MiamiLawyers360-Miami-distracted-driving-accident-lawyer.jpg\"><img fetchpriority=\"high\" decoding=\"async\" class=\"alignnone wp-image-1048 size-full\" src=\"https:\/\/miamilawyers360.com\/wp-content\/uploads\/2021\/03\/MiamiLawyers360-Miami-distracted-driving-accident-lawyer.jpg\" alt=\"Man texting and driving. Concept of Miami distracted driving accident lawyer\" width=\"500\" height=\"333\" \/><\/a><\/p>\n<h2><b>Compensaci\u00f3n por un accidente de conducci\u00f3n distra\u00eddo en Florida<\/b><\/h2>\n<p><span style=\"font-weight: 400;\">Cuando se trata de conducir distra\u00eddo en Florida, existen consecuencias penales y responsabilidades civiles que se aplican, como con cualquier otro accidente automovil\u00edstico. Esto significa que puede recibir una compensaci\u00f3n por lo siguiente:<\/span><\/p>\n<ul>\n<li><span style=\"font-weight: 400;\"> Gastos m\u00e9dicos<\/span><\/li>\n<li><span style=\"font-weight: 400;\"> Salarios perdidos \/ Capacidad futura de ingresos<\/span><\/li>\n<li><span style=\"font-weight: 400;\"> Fisioterapia \/ rehabilitaci\u00f3n<\/span><\/li>\n<li><span style=\"font-weight: 400;\"> Dolor y sufrimiento<\/span><\/li>\n<\/ul>\n<p><span style=\"font-weight: 400;\">No hay dos casos iguales, por lo que sus circunstancias y el resultado pueden diferir de los de otro accidente. Puede obtener asesoramiento y representaci\u00f3n calificados y profesionales de nuestros abogados de accidentes de conducci\u00f3n distra\u00eddos en Miami. Lo ayudaremos a seguir adelante despu\u00e9s de un accidente para recibir la compensaci\u00f3n que se merece por sus lesiones y p\u00e9rdidas.<\/span><\/p>\n<h2><b>C\u00f3mo elegir al abogado adecuado para su accidente de conducci\u00f3n distra\u00eddo<\/b><\/h2>\n<p><span style=\"font-weight: 400;\">Siempre que est\u00e9 en un accidente de conducci\u00f3n por mensajes de texto en Florida, debe tener en cuenta que el conductor culpable tendr\u00e1 una compa\u00f1\u00eda de seguros de autom\u00f3viles con abogados de su lado. Luchar\u00e1n para no pagar una indemnizaci\u00f3n a los heridos en un accidente provocado por su cliente.<\/span><\/p>\n<p><span style=\"font-weight: 400;\">Por eso es importante tener un abogado de Miami, Florida con el conocimiento y la columna vertebral para luchar por la compensaci\u00f3n que usted merece por sus p\u00e9rdidas y lesiones. Si el conductor culpable estaba usando un tel\u00e9fono celular o participando en cualquier otra actividad de conducci\u00f3n distra\u00edda, ll\u00e1menos para una consulta gratuita con un abogado de conducci\u00f3n distra\u00edda en Miami, Florida.<\/span><\/p>\n<p><span style=\"font-weight: 400;\">Si bien las secuelas de un accidente de conducci\u00f3n distra\u00eddo en Florida pueden ser confusas y estresantes, se beneficiar\u00e1 del asesoramiento de un abogado. Le proporcionaremos la informaci\u00f3n que necesita para comprender sus derechos y tomar los siguientes pasos para luchar por sus derechos y perseguir su caso para obtener una compensaci\u00f3n.<\/span><\/p>\n<p><span style=\"font-weight: 400;\">Elegir un abogado para un accidente automovil\u00edstico en Miami, Florida es una gran decisi\u00f3n. Algunos abogados prometen m\u00e1s de lo que pueden ofrecer y algunos simplemente no est\u00e1n acostumbrados a los casos de conducci\u00f3n distra\u00edda. Tenga cuidado con el abogado que elija para que lo represente. Ll\u00e1menos hoy para obtener m\u00e1s informaci\u00f3n sobre su caso de accidente automovil\u00edstico al conducir distra\u00eddo y c\u00f3mo podemos guiarlo en la direcci\u00f3n correcta.<\/span><\/p>\n<p><img decoding=\"async\" class=\"alignnone size-full wp-image-1137\" src=\"https:\/\/miamilawyers360.com\/wp-content\/uploads\/2021\/03\/Source-08.jpg\" alt=\"\" width=\"3334\" height=\"8334\" \/><\/p>\n<h2><b>\u00bfCu\u00e1nto cuesta contratar a un abogado?<\/b><\/h2>\n<p><span style=\"font-weight: 400;\">Todos nuestros honorarios legales para casos de accidentes y lesiones se manejan sobre la base de honorarios de contingencia. Esto significa que no tendr\u00e1 que pagarnos ning\u00fan dinero o tarifas por adelantado. Usted no deber\u00e1 ning\u00fan honorario a menos que ganemos su caso y obtengamos una compensaci\u00f3n para usted. NO TIENE NADA QUE PERDER Y TODO QUE GANAR AL CONTACTARNOS.<\/span><\/p>\n<p><span style=\"font-weight: 400;\">Cuando se trata de un caso de accidentes y lesiones, no tiene que pagar ninguna tarifa por adelantado. Ni siquiera nos deber\u00e1 dinero en ning\u00fan momento si no ganamos su caso por usted. Esto significa que tiene todo que ganar si busca nuestro asesoramiento legal en su reclamo por accidente automovil\u00edstico y nada que perder.<\/span><\/p>\n<h2><b>Elija a nuestros abogados expertos en accidentes por conducci\u00f3n distra\u00edda en Miami<\/b><\/h2>\n<p><span style=\"font-weight: 400;\">Cuando elige un bufete de <a href=\"https:\/\/miamilawyers360.com\/es\/\">abogados de accidentes automovil\u00edsticos en Miami, Florida,<\/a> debe elegir a los abogados que obtienen resultados en reclamos de accidentes automovil\u00edsticos por tel\u00e9fono celular. Elija los abogados que son conocidos por ganar estos casos y busque una consulta gratuita para descubrir qu\u00e9 podemos hacer por usted. Si no puede comunicarse con nosotros debido a sus lesiones, estaremos encantados de visitarlo en el hospital o en su hogar en Miami, Florida.<\/span><\/p>\n<p><span style=\"font-weight: 400;\">No tiene nada que perder con su consulta gratuita, \u00a1as\u00ed que ll\u00e1menos hoy!<\/span><\/p>\n","protected":false},"excerpt":{"rendered":"<p>Todos los conductores de Florida deben respetar el hecho de que conducir no es un derecho, sino un privilegio que viene con la responsabilidad de mantenerse concentrados y atentos mientras est\u00e1n detr\u00e1s del volante. Desafortunadamente, las distracciones de los conductores son problemas m\u00e1s grandes hoy que nunca, ya que las llamadas telef\u00f3nicas, los mensajes de [&hellip;]<\/p>\n","protected":false},"author":22,"featured_media":0,"parent":4656,"menu_order":0,"comment_status":"closed","ping_status":"closed","template":"","meta":{"_acf_changed":false,"anchor_text":"","footnotes":""},"class_list":["post-1766","page","type-page","status-publish","hentry"],"acf":[],"_links":{"self":[{"href":"https:\/\/miamilawyers360.com\/es\/wp-json\/wp\/v2\/pages\/1766","targetHints":{"allow":["GET"]}}],"collection":[{"href":"https:\/\/miamilawyers360.com\/es\/wp-json\/wp\/v2\/pages"}],"about":[{"href":"https:\/\/miamilawyers360.com\/es\/wp-json\/wp\/v2\/types\/page"}],"author":[{"embeddable":true,"href":"https:\/\/miamilawyers360.com\/es\/wp-json\/wp\/v2\/users\/22"}],"replies":[{"embeddable":true,"href":"https:\/\/miamilawyers360.com\/es\/wp-json\/wp\/v2\/comments?post=1766"}],"version-history":[{"count":1,"href":"https:\/\/miamilawyers360.com\/es\/wp-json\/wp\/v2\/pages\/1766\/revisions"}],"predecessor-version":[{"id":4989,"href":"https:\/\/miamilawyers360.com\/es\/wp-json\/wp\/v2\/pages\/1766\/revisions\/4989"}],"up":[{"embeddable":true,"href":"https:\/\/miamilawyers360.com\/es\/wp-json\/wp\/v2\/pages\/4656"}],"wp:attachment":[{"href":"https:\/\/miamilawyers360.com\/es\/wp-json\/wp\/v2\/media?parent=1766"}],"curies":[{"name":"wp","href":"https:\/\/api.w.org\/{rel}","templated":true}]}}