{"id":1767,"date":"2015-11-08T12:30:52","date_gmt":"2015-11-08T12:30:52","guid":{"rendered":"http:\/\/miamilawyers360.com\/miami\/drunk-driving-accidents-lawyer\/"},"modified":"2021-12-28T15:21:15","modified_gmt":"2021-12-28T15:21:15","slug":"accidente-conducir-ebrio","status":"publish","type":"page","link":"https:\/\/miamilawyers360.com\/es\/miami\/accidente-conducir-ebrio\/","title":{"rendered":"Abogado de accidentes por conducci\u00f3n en estado de ebriedad en Miami"},"content":{"rendered":"<p><span style=\"font-weight: 400;\">Si usted o un ser querido ha sufrido lesiones y p\u00e9rdidas a causa de las acciones de un conductor ebrio en Florida, tiene derechos legales que le permiten buscar una compensaci\u00f3n del conductor ebrio. Puede asegurarse de que sus gastos m\u00e9dicos, salarios perdidos, angustia emocional y dolor y sufrimiento est\u00e9n cubiertos en su caso. Sin embargo, necesitar\u00e1 un abogado experto en accidentes por conductores ebrios de Miami para obtener la m\u00e1xima compensaci\u00f3n posible seg\u00fan la ley de Florida.<\/span><\/p>\n<p class=\"Normal-P\" style=\"direction: ltr; unicode-bidi: normal;\"><span style=\"font-weight: 400;\">Nuestro objetivo es ayudarlo a enfrentar a las compa\u00f1\u00edas de seguros y defender sus mejores intereses. Perm\u00edtanos trabajar para usted y asegurarnos de que se beneficie de nuestro conocimiento y experiencia en su caso. P\u00f3ngase en contacto con nuestros <\/span><a href=\"https:\/\/miamilawyers360.com\/es\/miami\/abogado-accidente-carro\/\"><span style=\"font-weight: 400;\">abogados de accidentes automovil\u00edsticos<\/span><\/a><span style=\"font-weight: 400;\"> en Miami en Miami Lawyers 360 hoy.<\/span><\/p>\n\n<h2><b>Leyes de Florida sobre conducci\u00f3n en estado de ebriedad<\/b><\/h2>\n<p><span style=\"font-weight: 400;\">En Florida, las leyes de conducci\u00f3n en estado de ebriedad especifican que es ilegal conducir bajo los efectos del alcohol u otras sustancias. Cualquier conductor puede ser arrestado por violar las leyes de conducci\u00f3n en estado de ebriedad de Florida si su nivel de contenido de alcohol en sangre (BAC) es de 0.08 por ciento o m\u00e1s mientras est\u00e1 detr\u00e1s del volante.<\/span><\/p>\n<p><span style=\"font-weight: 400;\">Incluso si el BAC est\u00e1 por debajo de esta cantidad m\u00ednima, cualquier signo de deterioro que se demuestre puede conducir a un arresto, particularmente si est\u00e1n involucradas otras drogas legales o ilegales. Para los adolescentes, cualquier BAC infringe la ley y, con los conductores comerciales, el l\u00edmite de BAC es del 0,04 por ciento.<\/span><\/p>\n<p><span style=\"font-weight: 400;\">Si comprende <\/span><span style=\"font-weight: 400;\">las <a href=\"https:\/\/www.flhsmv.gov\/driver-licenses-id-cards\/education-courses\/dui-and-iid\/florida-dui-administrative-suspension-laws\/\" target=\"_blank\" rel=\"noopener\">leyes de Florida sobre conductores ebrios<\/a><\/span><span style=\"font-weight: 400;\"> , sabr\u00e1 c\u00f3mo construir un caso s\u00f3lido para recibir la compensaci\u00f3n que se merece. En ese sentido, incluso si el conductor culpable no est\u00e1 acusado de un delito, a\u00fan puede recuperar los da\u00f1os por el incidente de conducci\u00f3n en estado de ebriedad.<\/span><\/p>\n<h2><b>Estad\u00edsticas de accidentes por conducci\u00f3n en estado de ebriedad en Florida<\/b><\/h2>\n<p><span style=\"font-weight: 400;\">En 2010, las estad\u00edsticas del Departamento de Seguridad Vial y Veh\u00edculos Motorizados de Florida sobre accidentes automovil\u00edsticos con alcohol de la base de datos de registros de accidentes de Florida revelaron una tendencia preocupante. Hubo 17,748 accidentes automovil\u00edsticos, 12,168 lesiones y 794 muertes causadas por conductores ebrios en el \u00abEstado del Sol Brillante\u00bb, lo que demuestra que conducir ebrio es un problema grave y amenazante.<\/span><\/p>\n<p><span style=\"font-weight: 400;\">Cuando se trata de causas evitables de lesiones y muerte, conducir en estado de ebriedad es uno de los principales puntos de preocupaci\u00f3n. Hay muchas opciones para ayudar a los conductores a evitar estas terribles circunstancias simplemente eligiendo un conductor designado, tomando un taxi o usando una aplicaci\u00f3n como Uber cuando han estado bebiendo. Esto podr\u00eda salvar miles de vidas y lesiones, pero demasiados conductores infringen la ley al conducir ebrios con resultados devastadores.<\/span><\/p>\n<p><a href=\"http:\/\/miamilawyers360.com\/wp-content\/uploads\/2021\/03\/MiamiLawyers360-Miami-drunk-driving-accident-lawyer.jpg\"><img fetchpriority=\"high\" decoding=\"async\" class=\"alignnone wp-image-1037 size-full\" src=\"http:\/\/miamilawyers360.com\/wp-content\/uploads\/2021\/03\/MiamiLawyers360-Miami-drunk-driving-accident-lawyer.jpg\" alt=\"Our Miami drunk driving accident lawyers fight for victims\" width=\"500\" height=\"321\" title=\"\" srcset=\"https:\/\/miamilawyers360.com\/wp-content\/uploads\/2021\/03\/MiamiLawyers360-Miami-drunk-driving-accident-lawyer.jpg 500w, https:\/\/miamilawyers360.com\/wp-content\/uploads\/2021\/03\/MiamiLawyers360-Miami-drunk-driving-accident-lawyer-300x193.jpg 300w\" sizes=\"(max-width: 500px) 100vw, 500px\" \/><\/a><\/p>\n<h2><b>Lesiones comunes causadas por conducir en estado de ebriedad<\/b><\/h2>\n<p><span style=\"font-weight: 400;\">Debido a que los conductores ebrios no pueden responder lo suficientemente r\u00e1pido para evitar choques y debido a que no pueden tomar precauciones de manera efectiva, los accidentes por conducir en estado de ebriedad se encuentran entre los m\u00e1s peligrosos, serios, costosos y mortales. Las lesiones m\u00e1s comunes causadas por conducir en estado de ebriedad incluyen las siguientes:<\/span><\/p>\n<ul>\n<li><span style=\"font-weight: 400;\"> Fracturas \/ huesos rotos<\/span><\/li>\n<li><a href=\"https:\/\/www.mayoclinic.org\/diseases-conditions\/whiplash\/symptoms-causes\/syc-20378921\" target=\"_blank\" rel=\"noopener\"><span style=\"font-weight: 400;\">Latigazo cervical<\/span><\/a><span style=\"font-weight: 400;\"> \/ da\u00f1o a los tejidos blandos<\/span><\/li>\n<li><span style=\"font-weight: 400;\"> Laceraciones y moretones<\/span><\/li>\n<li><span style=\"font-weight: 400;\"> Desfiguraci\u00f3n \/ Cicatrices<\/span><\/li>\n<li><span style=\"font-weight: 400;\"> P\u00e9rdida de extremidades \/ extremidades cortadas<\/span><\/li>\n<li><span style=\"font-weight: 400;\"> Quemaduras por fuego y contacto con metal caliente<\/span><\/li>\n<li><span style=\"font-weight: 400;\"> Lesiones cerebrales traum\u00e1ticas y conmociones cerebrales<\/span><\/li>\n<li><span style=\"font-weight: 400;\"> Par\u00e1lisis \/ <\/span><a href=\"https:\/\/www.mayoclinic.org\/diseases-conditions\/spinal-cord-injury\/symptoms-causes\/syc-20377890\" target=\"_blank\" rel=\"noopener\"><span style=\"font-weight: 400;\">Lesiones de la m\u00e9dula espinal<\/span><\/a><\/li>\n<li><span style=\"font-weight: 400;\"> P\u00e9rdida de la vida<\/span><\/li>\n<\/ul>\n<p><span style=\"font-weight: 400;\">Dependiendo de sus lesiones, es posible que no pueda trabajar, no pueda disfrutar de la vida y se vea obligado a soportar cirug\u00edas, rehabilitaci\u00f3n y tratamiento m\u00e9dico continuos. Usted debe ser compensado por todas estas p\u00e9rdidas y el conductor ebrio debe enfrentar las consecuencias de su comportamiento.<\/span><\/p>\n<p><span style=\"font-weight: 400;\">Desafortunadamente, el resultado m\u00e1s triste de conducir en estado de ebriedad es la muerte de una persona inocente. Este puede ser el conductor o el pasajero en cualquiera de los veh\u00edculos y la muerte por negligencia puede compensarse en una demanda, aunque nada eliminar\u00e1 el dolor.<\/span><\/p>\n<p><img decoding=\"async\" class=\"alignnone size-full wp-image-1138\" src=\"http:\/\/miamilawyers360.com\/wp-content\/uploads\/2021\/03\/Source-07.jpg\" alt=\"\" width=\"3334\" height=\"8334\" title=\"\"><\/p>\n<h2><b>\u00bfC\u00f3mo puede ayudarle un abogado de accidentes por conducir ebrio en Miami?<\/b><\/h2>\n<p><span style=\"font-weight: 400;\">Cuando contrata a un abogado de accidentes por conducir ebrio en Miami, Florida, tiene a alguien para defender sus derechos y garantizar que obtenga justicia para su caso. Llame a nuestro <a href=\"\/es\/\">bufete de abogados de lesiones personales en Miami<\/a> hoy para una consulta gratuita y respuestas a sus preguntas sobre su caso. Con nuestros pagos de tarifas de contingencia, no nos paga a menos que reciba la compensaci\u00f3n que se merece.<\/span><\/p>\n","protected":false},"excerpt":{"rendered":"<p>Si usted o un ser querido ha sufrido lesiones y p\u00e9rdidas a causa de las acciones de un conductor ebrio en Florida, tiene derechos legales que le permiten buscar una compensaci\u00f3n del conductor ebrio. Puede asegurarse de que sus gastos m\u00e9dicos, salarios perdidos, angustia emocional y dolor y sufrimiento est\u00e9n cubiertos en su caso. Sin [&hellip;]<\/p>\n","protected":false},"author":29,"featured_media":0,"parent":1747,"menu_order":0,"comment_status":"closed","ping_status":"closed","template":"","meta":{"_acf_changed":false,"anchor_text":"","footnotes":""},"categories":[75],"tags":[65],"class_list":["post-1767","page","type-page","status-publish","hentry","category-miami-ubicacion","tag-accidentes-automovilisticos-es"],"acf":[],"_links":{"self":[{"href":"https:\/\/miamilawyers360.com\/es\/wp-json\/wp\/v2\/pages\/1767","targetHints":{"allow":["GET"]}}],"collection":[{"href":"https:\/\/miamilawyers360.com\/es\/wp-json\/wp\/v2\/pages"}],"about":[{"href":"https:\/\/miamilawyers360.com\/es\/wp-json\/wp\/v2\/types\/page"}],"author":[{"embeddable":true,"href":"https:\/\/miamilawyers360.com\/es\/wp-json\/wp\/v2\/users\/29"}],"replies":[{"embeddable":true,"href":"https:\/\/miamilawyers360.com\/es\/wp-json\/wp\/v2\/comments?post=1767"}],"version-history":[{"count":0,"href":"https:\/\/miamilawyers360.com\/es\/wp-json\/wp\/v2\/pages\/1767\/revisions"}],"up":[{"embeddable":true,"href":"https:\/\/miamilawyers360.com\/es\/wp-json\/wp\/v2\/pages\/1747"}],"wp:attachment":[{"href":"https:\/\/miamilawyers360.com\/es\/wp-json\/wp\/v2\/media?parent=1767"}],"wp:term":[{"taxonomy":"category","embeddable":true,"href":"https:\/\/miamilawyers360.com\/es\/wp-json\/wp\/v2\/categories?post=1767"},{"taxonomy":"post_tag","embeddable":true,"href":"https:\/\/miamilawyers360.com\/es\/wp-json\/wp\/v2\/tags?post=1767"}],"curies":[{"name":"wp","href":"https:\/\/api.w.org\/{rel}","templated":true}]}}