{"id":1772,"date":"2015-11-08T12:01:58","date_gmt":"2015-11-08T12:01:58","guid":{"rendered":"http:\/\/miamilawyers360.com\/miami\/personal-injury-lawyer\/"},"modified":"2021-12-15T23:28:04","modified_gmt":"2021-12-15T23:28:04","slug":"abogado-lesiones-personales","status":"publish","type":"page","link":"https:\/\/miamilawyers360.com\/es\/miami\/abogado-lesiones-personales\/","title":{"rendered":"Abogado de lesiones personales en Miami"},"content":{"rendered":"<p><span style=\"font-weight: 400;\">Nuestros <\/span><b>abogados de lesiones personales en Miami <\/b><span style=\"font-weight: 400;\">ayudan a las v\u00edctimas a presentar un reclamo legal para recuperar una compensaci\u00f3n por un accidente o lesi\u00f3n causada por la negligencia de otra persona. Estos casos pueden tener lugar en procedimientos judiciales civiles o extrajudiciales como parte de un acuerdo negociado. Los casos de lesiones personales pueden ser tan amplios como existen las formas en que una persona se lastima. Algunos ejemplos comunes de casos de lesiones personales incluyen reclamos por lesiones o accidentes automovil\u00edsticos, reclamos por negligencia m\u00e9dica, reclamos por responsabilidad de locales (como resbalones y ca\u00eddas), casos de responsabilidad por productos y casos de lesiones en el lugar de trabajo.<\/span><\/p>\n<p><span style=\"font-weight: 400;\">Aqu\u00ed en Miami Lawyers 360, nuestro equipo tiene experiencia en el manejo de casos de accidentes automovil\u00edsticos, lesiones personales y compensaci\u00f3n de trabajadores. Si result\u00f3 herido debido a la negligencia de otra persona, comun\u00edquese con nuestro<a href=\"https:\/\/miamilawyers360.com\/es\/\"> bufete de abogados de lesiones personales en Miami<\/a> para una consulta gratuita.<\/span><\/p>\n<p><span style=\"font-weight: 400;\">\t\t<div data-elementor-type=\"section\" data-elementor-id=\"1714\" class=\"elementor elementor-1714 elementor-208\" data-elementor-post-type=\"elementor_library\">\n\t\t\t\t\t<section class=\"elementor-section elementor-top-section elementor-element elementor-element-37c5f16 elementor-section-boxed elementor-section-height-default elementor-section-height-default\" data-id=\"37c5f16\" data-element_type=\"section\" data-e-type=\"section\">\n\t\t\t\t\t\t<div class=\"elementor-container elementor-column-gap-default\">\n\t\t\t\t\t<div class=\"elementor-column elementor-col-100 elementor-top-column elementor-element elementor-element-f303a68 section-toc\" data-id=\"f303a68\" data-element_type=\"column\" data-e-type=\"column\">\n\t\t\t<div class=\"elementor-widget-wrap elementor-element-populated\">\n\t\t\t\t\t\t<div class=\"elementor-element elementor-element-f0ad866 elementor-toc--minimized-on-tablet elementor-widget elementor-widget-table-of-contents\" data-id=\"f0ad866\" data-element_type=\"widget\" data-e-type=\"widget\" data-settings=\"{&quot;exclude_headings_by_selector&quot;:&quot;.toc-remove&quot;,&quot;headings_by_tags&quot;:[&quot;h2&quot;,&quot;h3&quot;,&quot;h4&quot;,&quot;h5&quot;,&quot;h6&quot;],&quot;marker_view&quot;:&quot;numbers&quot;,&quot;no_headings_message&quot;:&quot;No se ha encontrado ning\\u00fan encabezado en esta p\\u00e1gina.&quot;,&quot;minimize_box&quot;:&quot;yes&quot;,&quot;minimized_on&quot;:&quot;tablet&quot;,&quot;hierarchical_view&quot;:&quot;yes&quot;,&quot;min_height&quot;:{&quot;unit&quot;:&quot;px&quot;,&quot;size&quot;:&quot;&quot;,&quot;sizes&quot;:[]},&quot;min_height_tablet&quot;:{&quot;unit&quot;:&quot;px&quot;,&quot;size&quot;:&quot;&quot;,&quot;sizes&quot;:[]},&quot;min_height_mobile&quot;:{&quot;unit&quot;:&quot;px&quot;,&quot;size&quot;:&quot;&quot;,&quot;sizes&quot;:[]}}\" data-widget_type=\"table-of-contents.default\">\n\t\t\t\t\t\t\t\t\t<div class=\"elementor-toc__header\">\n\t\t\t\t\t\t<h4 class=\"elementor-toc__header-title\">\n\t\t\t\tTable of Contents\t\t\t<\/h4>\n\t\t\t\t\t\t\t\t\t\t<div class=\"elementor-toc__toggle-button elementor-toc__toggle-button--expand\" role=\"button\" tabindex=\"0\" aria-controls=\"elementor-toc__f0ad866\" aria-expanded=\"true\" aria-label=\"Abrir la tabla de contenidos\"><svg aria-hidden=\"true\" class=\"e-font-icon-svg e-fas-chevron-down\" viewBox=\"0 0 448 512\" xmlns=\"http:\/\/www.w3.org\/2000\/svg\"><path d=\"M207.029 381.476L12.686 187.132c-9.373-9.373-9.373-24.569 0-33.941l22.667-22.667c9.357-9.357 24.522-9.375 33.901-.04L224 284.505l154.745-154.021c9.379-9.335 24.544-9.317 33.901.04l22.667 22.667c9.373 9.373 9.373 24.569 0 33.941L240.971 381.476c-9.373 9.372-24.569 9.372-33.942 0z\"><\/path><\/svg><\/div>\n\t\t\t\t<div class=\"elementor-toc__toggle-button elementor-toc__toggle-button--collapse\" role=\"button\" tabindex=\"0\" aria-controls=\"elementor-toc__f0ad866\" aria-expanded=\"true\" aria-label=\"Cerrar la tabla de contenidos\"><svg aria-hidden=\"true\" class=\"e-font-icon-svg e-fas-chevron-up\" viewBox=\"0 0 448 512\" xmlns=\"http:\/\/www.w3.org\/2000\/svg\"><path d=\"M240.971 130.524l194.343 194.343c9.373 9.373 9.373 24.569 0 33.941l-22.667 22.667c-9.357 9.357-24.522 9.375-33.901.04L224 227.495 69.255 381.516c-9.379 9.335-24.544 9.317-33.901-.04l-22.667-22.667c-9.373-9.373-9.373-24.569 0-33.941L207.03 130.525c9.372-9.373 24.568-9.373 33.941-.001z\"><\/path><\/svg><\/div>\n\t\t\t\t\t<\/div>\n\t\t\t\t<div id=\"elementor-toc__f0ad866\" class=\"elementor-toc__body\">\n\t\t\t<div class=\"elementor-toc__spinner-container\">\n\t\t\t\t<svg class=\"elementor-toc__spinner eicon-animation-spin e-font-icon-svg e-eicon-loading\" aria-hidden=\"true\" viewBox=\"0 0 1000 1000\" xmlns=\"http:\/\/www.w3.org\/2000\/svg\"><path d=\"M500 975V858C696 858 858 696 858 500S696 142 500 142 142 304 142 500H25C25 237 238 25 500 25S975 237 975 500 763 975 500 975Z\"><\/path><\/svg>\t\t\t<\/div>\n\t\t<\/div>\n\t\t\t\t\t\t<\/div>\n\t\t\t\t\t<\/div>\n\t\t<\/div>\n\t\t\t\t\t<\/div>\n\t\t<\/section>\n\t\t\t\t<\/div>\n\t\t<\/span><\/p>\n<h2><b>\u00bfQu\u00e9 tan pronto debe comunicarse con un abogado de lesiones personales en Miami?<\/b><\/h2>\n<p><span style=\"font-weight: 400;\">La respuesta corta es lo antes posible. Es de vital importancia que si ha resultado lesionado en un caso de lesiones personales en Florida, act\u00fae r\u00e1pidamente. Las razones son muchas. Primero, cuanto antes se comunique con un <\/span><i><span style=\"font-weight: 400;\">abogado <\/span><\/i><span style=\"font-weight: 400;\">calificado en <\/span><i><span style=\"font-weight: 400;\">lesiones personales <\/span><\/i><span style=\"font-weight: 400;\">, antes el abogado podr\u00e1 comenzar a recopilar la informaci\u00f3n necesaria para presentar un reclamo.<\/span><\/p>\n<p><span style=\"font-weight: 400;\">Se necesita tiempo para reunir registros m\u00e9dicos, obtener declaraciones de testigos y realizar una investigaci\u00f3n sobre las circunstancias del accidente. Cuanto m\u00e1s tiempo tenga su abogado para hacer esto, mejor. Tambi\u00e9n es importante actuar con rapidez porque la evidencia tiende a desaparecer. Cuanto antes pueda comenzar a buscar su abogado, mayores ser\u00e1n las probabilidades de que los testigos, las fotos o los videos sigan existiendo y se puedan conservar. Cuanto m\u00e1s espere, menos probable es que esto ocurra.<\/span><\/p>\n<p><span style=\"font-weight: 400;\">Finalmente, cuanto antes se comunique con un abogado de lesiones personales, antes podr\u00e1 dejar de preocuparse por el estatuto de limitaci\u00f3n. Su abogado estar\u00e1 al tanto del caso y de los plazos importantes y se asegurar\u00e1 de que estos plazos se cumplan con suficiente espacio de sobra. Se convierte en un peso menos sobre tus hombros.<\/span><\/p>\n<h2><b>\u00bfC\u00f3mo se determina la responsabilidad en un caso de lesiones personales?<\/b><\/h2>\n<p><span style=\"font-weight: 400;\">Para responsabilizar a la parte responsable y recuperar una compensaci\u00f3n, su abogado de lesiones personales de Miami debe probar los cuatro elementos de <\/span><a href=\"https:\/\/lawshelf.com\/coursewarecontentview\/introduction-to-negligence\/\" target=\"_blank\" rel=\"noopener\"><span style=\"font-weight: 400;\">negligencia<\/span><\/a><span style=\"font-weight: 400;\"> :<\/span><\/p>\n<ul>\n<li><span style=\"font-weight: 400;\"> Deber de cuidado: esto significa que la parte culpable ten\u00eda la responsabilidad de ayudarlo a evitar da\u00f1os. Un ejemplo es c\u00f3mo los conductores tienen el deber de obedecer las leyes de tr\u00e1nsito.<\/span><\/li>\n<li><span style=\"font-weight: 400;\"> Incumplimiento del deber: La parte responsable no cumpli\u00f3 con el deber de cuidado.<\/span><\/li>\n<li><span style=\"font-weight: 400;\"> Causalidad: El comportamiento negligente caus\u00f3 su lesi\u00f3n.<\/span><\/li>\n<li><span style=\"font-weight: 400;\"> Da\u00f1os: sufri\u00f3 da\u00f1os, como p\u00e9rdidas econ\u00f3micas y sufrimiento.<\/span><\/li>\n<\/ul>\n<h2><b>\u00bfPuedo presentar una demanda si soy parcialmente culpable de mi lesi\u00f3n?<\/b><\/h2>\n<p><span style=\"font-weight: 400;\">Cuando se trata de reclamos por lesiones personales, ciertamente hay algunas ocasiones en las que una persona tiene el 100% de la culpa y la otra es 100% libre de culpa. Sin embargo, este no es siempre el caso.<\/span><\/p>\n<p><span style=\"font-weight: 400;\">En algunos estados, esto puede presentar serios problemas para las v\u00edctimas de lesiones personales, y sus reclamos de indemnizaci\u00f3n quedan fuera de los tribunales. Por ejemplo, en un lugar como Carolina del Norte, si se determina que un demandante es incluso el 1% responsable del accidente que result\u00f3 en sus lesiones, todo el reclamo ser\u00e1 desestimado por los tribunales.<\/span><\/p>\n<p><span style=\"font-weight: 400;\">Afortunadamente, no es as\u00ed como se hacen las cosas en Florida. Eso es porque Florida es uno de los 13 estados que ha adoptado un sistema basado en negligencia comparativa. Esto significa que una persona puede presentar un reclamo contra otra persona, incluso si esa persona es parcialmente responsable de causar el accidente.<\/span><\/p>\n<p><a href=\"http:\/\/miamilawyers360.com\/wp-content\/uploads\/2021\/03\/Miamilawyers360-Miami-personal-injury-lawyer-fault.jpg\"><img fetchpriority=\"high\" decoding=\"async\" class=\"alignnone wp-image-996 size-full\" src=\"http:\/\/miamilawyers360.com\/wp-content\/uploads\/2021\/03\/Miamilawyers360-Miami-personal-injury-lawyer-fault.jpg\" alt=\"Miami personal injury lawyer preparing lawsuit\" width=\"500\" height=\"333\" title=\"\" srcset=\"https:\/\/miamilawyers360.com\/wp-content\/uploads\/2021\/03\/Miamilawyers360-Miami-personal-injury-lawyer-fault.jpg 500w, https:\/\/miamilawyers360.com\/wp-content\/uploads\/2021\/03\/Miamilawyers360-Miami-personal-injury-lawyer-fault-300x200.jpg 300w\" sizes=\"(max-width: 500px) 100vw, 500px\" \/><\/a><\/p>\n<p><span style=\"font-weight: 400;\">Un buen ejemplo de esto es si hay un <\/span><a href=\"https:\/\/miamilawyers360.com\/es\/miami\/abogado-accidente-carro\/\"><span style=\"font-weight: 400;\">accidente automovil\u00edstico<\/span><\/a><span style=\"font-weight: 400;\"> causado por un conductor imprudente y con exceso de velocidad, pero donde se descubri\u00f3 que la v\u00edctima gir\u00f3 frente al conductor sin una se\u00f1al de giro que funcionara. En este caso, el jurado puede decidir que la v\u00edctima fue el 10 por ciento responsable del accidente, asignando al otro conductor el 90 por ciento de la culpa. En ese caso, si el jurado determina que el caso tiene un valor de $100,000 usd, el demandante cobrar\u00e1 $90,000 usd, con su parte de responsabilidad reducida de la indemnizaci\u00f3n por da\u00f1os final.<\/span><\/p>\n<h2><b>Negligencia comparativa pura<\/b><\/h2>\n<p><span style=\"font-weight: 400;\">Florida no solo permite que una persona que es parcialmente responsable de causar sus lesiones demande por da\u00f1os y perjuicios, sino que el estado tambi\u00e9n va un paso m\u00e1s all\u00e1 y permite que una persona demande incluso si tiene m\u00e1s culpa que la otra parte. Florida utiliza un sistema de negligencia comparativa pura, lo que significa que una persona puede recuperar los da\u00f1os incluso si tiene el 99 por ciento de la culpa.<\/span><\/p>\n<p><span style=\"font-weight: 400;\">Es importante recordar que en estos casos, la cantidad que la persona tiene derecho a recuperar se reducir\u00e1 en funci\u00f3n de su grado de culpa. Es por eso que es mejor trabajar con un abogado calificado en lesiones personales que sepa c\u00f3mo manejar su caso.<\/span><\/p>\n<p><img decoding=\"async\" class=\"alignnone size-full wp-image-1140\" src=\"http:\/\/miamilawyers360.com\/wp-content\/uploads\/2021\/03\/Source-05.jpg\" alt=\"\" width=\"3334\" height=\"8334\" title=\"\"><\/p>\n<h2><b>\u00bfCu\u00e1l es el valor de mi caso de lesiones personales?<\/b><\/h2>\n<p><span style=\"font-weight: 400;\">Aunque es una pregunta cuya respuesta muchas personas est\u00e1n ansiosas por conocer, la realidad es que es imposible responderla antes de escuchar los detalles de su caso. Esto se debe a que no existe una f\u00f3rmula clara de cu\u00e1nto vale un caso de lesiones personales. Hay muchos factores que determinan cu\u00e1nto puede recibir, por lo que el mejor curso de acci\u00f3n es que un abogado con experiencia en lesiones personales eval\u00fae los detalles de su caso.<\/span><\/p>\n<h2><b>\u00bfQu\u00e9 da\u00f1os puedo recuperar en un reclamo por lesiones personales?<\/b><\/h2>\n<p><span style=\"font-weight: 400;\">Hay tres tipos de da\u00f1os que se pueden otorgar a las v\u00edctimas seg\u00fan las circunstancias del caso.<\/span><\/p>\n<h3><b>Da\u00f1os econ\u00f3micos<\/b><\/h3>\n<p><span style=\"font-weight: 400;\">Los da\u00f1os econ\u00f3micos incluyen cosas que son tangibles, cosas que puede sumar y restar, costos claros sobre los que rara vez hay mucho espacio para discutir. Ejemplos de este tipo de da\u00f1os incluyen facturas del hospital, facturas del m\u00e9dico, gastos de rehabilitaci\u00f3n, da\u00f1os a la propiedad, tiempo libre en el trabajo, etc.<\/span><\/p>\n<h3><b>Da\u00f1os no econ\u00f3micos<\/b><\/h3>\n<p><span style=\"font-weight: 400;\">Los da\u00f1os no econ\u00f3micos, por otro lado, no se pueden calcular financieramente. Estos incluyen cosas como dolor y sufrimiento y disminuci\u00f3n de la capacidad de generar ingresos. Puede ser dif\u00edcil saber exactamente cu\u00e1nto valen estas cosas y, como resultado, es mucho m\u00e1s com\u00fan que las partes en un reclamo por lesiones personales discutan sobre ellas.<\/span><\/p>\n<h3><b>Da\u00f1os punitivos<\/b><\/h3>\n<p><span style=\"font-weight: 400;\">A diferencia de los dos tipos anteriores de da\u00f1os, <\/span><a href=\"http:\/\/www.leg.state.fl.us\/statutes\/index.cfm?App_mode=Display_Statute&amp;URL=0700-0799\/0768\/Sections\/0768.72.html\" target=\"_blank\" rel=\"noopener\"><span style=\"font-weight: 400;\">los da\u00f1os punitivos<\/span><\/a><span style=\"font-weight: 400;\"> no est\u00e1n destinados a compensar a la v\u00edctima. Solo se utilizan en algunos casos para castigar a la parte culpable por negligencia grave o mala conducta intencional.<\/span><\/p>\n<p><a href=\"http:\/\/miamilawyers360.com\/wp-content\/uploads\/2021\/03\/Miamilawyers360-Miami-personal-injury-lawyer-damages.jpg\"><img decoding=\"async\" class=\"alignnone wp-image-997 size-full\" src=\"http:\/\/miamilawyers360.com\/wp-content\/uploads\/2021\/03\/Miamilawyers360-Miami-personal-injury-lawyer-damages.jpg\" alt=\"Toy cars in accident on a background of 100 dollar bills. Damages concept.\" width=\"500\" height=\"328\" title=\"\" srcset=\"https:\/\/miamilawyers360.com\/wp-content\/uploads\/2021\/03\/Miamilawyers360-Miami-personal-injury-lawyer-damages.jpg 500w, https:\/\/miamilawyers360.com\/wp-content\/uploads\/2021\/03\/Miamilawyers360-Miami-personal-injury-lawyer-damages-300x197.jpg 300w\" sizes=\"(max-width: 500px) 100vw, 500px\" \/><\/a><\/p>\n<h2><b>\u00bfDebe aceptar la primera oferta de liquidaci\u00f3n?<\/b><\/h2>\n<p><span style=\"font-weight: 400;\">La realidad es que muchos reclamos nunca se presentan ante un juez, con abogados expertos en lesiones personales de Miami que trabajan con las compa\u00f1\u00edas de seguros para llegar a acuerdos justos por su cuenta, ahorrando tiempo y dinero asociado con los casos judiciales.<\/span><\/p>\n<p><span style=\"font-weight: 400;\">Aunque cada caso es diferente, casi siempre es una mala idea aceptar la primera oferta de liquidaci\u00f3n de alguien. Estas ofertas generalmente se hacen sabiendo que la otra parte retroceder\u00e1 y, como resultado, casi siempre son bajas, lo que deja espacio para negociar al alza. Otro problema de aceptar una oferta demasiado pronto es que puede llegar a un acuerdo antes de comprender el alcance de sus lesiones. Un ejemplo de c\u00f3mo esto puede ser especialmente peligroso es si llega a un acuerdo y luego descubre que necesita atenci\u00f3n m\u00e9dica en el futuro para abordar sus lesiones, como una cirug\u00eda posterior.<\/span><\/p>\n<p><span style=\"font-weight: 400;\">Si ya se ha llegado a un acuerdo, no se puede volver a abrir para contabilizar estos nuevos gastos, simplemente se har\u00e1 cargo del costo por su cuenta. Dado esto, es crucial que un abogado con experiencia en lesiones personales en Florida revise su caso y cualquier oferta de conciliaci\u00f3n. Nuestros abogados personales de Miami tendr\u00e1n la habilidad y la experiencia para saber si la oferta es justa y lo ayudar\u00e1n a tomar una decisi\u00f3n informada sobre si aceptar la oferta tiene m\u00e1s sentido para usted.<\/span><\/p>\n<h2><b>\u00bfCu\u00e1l es la fecha l\u00edmite para presentar un reclamo por lesiones personales en Florida?<\/b><\/h2>\n<p><span style=\"font-weight: 400;\">El tiempo, cuando se trata de un reclamo por lesiones personales en Florida, es fundamental. Esto se debe a que el estatuto de limitaciones establece una fecha l\u00edmite para que los demandantes presenten demandas. En Florida, las v\u00edctimas de lesiones personales tienen <\/span><a href=\"http:\/\/www.leg.state.fl.us\/Statutes\/index.cfm?App_mode=Display_Statute&amp;URL=0000-0099\/0095\/Sections\/0095.11.html\" target=\"_blank\" rel=\"noopener\"><span style=\"font-weight: 400;\">cuatro a\u00f1os a<\/span><\/a><span style=\"font-weight: 400;\"> partir de la fecha de la lesi\u00f3n para presentar un reclamo contra la parte responsable. Sin embargo, esto puede variar seg\u00fan los hechos del caso y el tipo de lesi\u00f3n involucrada. En los casos de muerte por negligencia, la familia de la v\u00edctima solo tiene dos a\u00f1os para presentar una reclamaci\u00f3n. Para obtener m\u00e1s informaci\u00f3n sobre el estatuto de limitaciones, <\/span><a href=\"https:\/\/miamilawyers360.com\/es\/estatuto-limitaciones-lesiones-personales\/\"><span style=\"font-weight: 400;\">haga clic aqu\u00ed<\/span><\/a><span style=\"font-weight: 400;\"> .<\/span><\/p>\n<h2><b>\u00bfQu\u00e9 sucede si expira el estatuto de limitaciones?<\/b><\/h2>\n<p><span style=\"font-weight: 400;\">Los estatutos de prescripci\u00f3n son serios y existen por una raz\u00f3n para que las personas no puedan presentar reclamos a\u00f1os o incluso d\u00e9cadas despu\u00e9s del evento que los caus\u00f3. Si espera hasta que haya expirado el plazo de prescripci\u00f3n, su reclamo ser\u00e1 excluido de la corte, sin importar qu\u00e9 tan s\u00f3lido sea el caso que tenga. La buena noticia es que el estatuto de limitaci\u00f3n solo requiere que se presente su reclamo, no que est\u00e9 completo dentro del tiempo asignado.<\/span><\/p>\n<h2><b>Comun\u00edquese con nuestro bufete de abogados de lesiones personales en Miami<\/b><\/h2>\n<p><span style=\"font-weight: 400;\">Si result\u00f3 lesionado debido a las acciones descuidadas o imprudentes de otra persona, nuestro equipo en Miami Lawyers 360 est\u00e1 aqu\u00ed para ayudarlo. Estamos comprometidos a brindar resultados sobresalientes, atenci\u00f3n personalizada e integridad sin concesiones. Puede comunicarse con nosotros en cualquier momento las 24 horas del d\u00eda, los 7 d\u00edas de la semana. \u00a1<a href=\"\/es\/contacto\">Cont\u00e1ctenos<\/a> para una revisi\u00f3n gratuita de su caso!<\/span><\/p>\n","protected":false},"excerpt":{"rendered":"<p>Nuestros abogados de lesiones personales en Miami ayudan a las v\u00edctimas a presentar un reclamo legal para recuperar una compensaci\u00f3n por un accidente o lesi\u00f3n causada por la negligencia de otra persona. Estos casos pueden tener lugar en procedimientos judiciales civiles o extrajudiciales como parte de un acuerdo negociado. Los casos de lesiones personales pueden [&hellip;]<\/p>\n","protected":false},"author":29,"featured_media":0,"parent":1747,"menu_order":0,"comment_status":"closed","ping_status":"closed","template":"","meta":{"_acf_changed":false,"anchor_text":"","footnotes":""},"categories":[75],"tags":[101,68],"class_list":["post-1772","page","type-page","status-publish","hentry","category-miami-ubicacion","tag-compensacion-para-trabajadores","tag-lesiones-personales"],"acf":[],"_links":{"self":[{"href":"https:\/\/miamilawyers360.com\/es\/wp-json\/wp\/v2\/pages\/1772","targetHints":{"allow":["GET"]}}],"collection":[{"href":"https:\/\/miamilawyers360.com\/es\/wp-json\/wp\/v2\/pages"}],"about":[{"href":"https:\/\/miamilawyers360.com\/es\/wp-json\/wp\/v2\/types\/page"}],"author":[{"embeddable":true,"href":"https:\/\/miamilawyers360.com\/es\/wp-json\/wp\/v2\/users\/29"}],"replies":[{"embeddable":true,"href":"https:\/\/miamilawyers360.com\/es\/wp-json\/wp\/v2\/comments?post=1772"}],"version-history":[{"count":0,"href":"https:\/\/miamilawyers360.com\/es\/wp-json\/wp\/v2\/pages\/1772\/revisions"}],"up":[{"embeddable":true,"href":"https:\/\/miamilawyers360.com\/es\/wp-json\/wp\/v2\/pages\/1747"}],"wp:attachment":[{"href":"https:\/\/miamilawyers360.com\/es\/wp-json\/wp\/v2\/media?parent=1772"}],"wp:term":[{"taxonomy":"category","embeddable":true,"href":"https:\/\/miamilawyers360.com\/es\/wp-json\/wp\/v2\/categories?post=1772"},{"taxonomy":"post_tag","embeddable":true,"href":"https:\/\/miamilawyers360.com\/es\/wp-json\/wp\/v2\/tags?post=1772"}],"curies":[{"name":"wp","href":"https:\/\/api.w.org\/{rel}","templated":true}]}}