{"id":1773,"date":"2015-11-08T12:40:58","date_gmt":"2015-11-08T12:40:58","guid":{"rendered":"http:\/\/miamilawyers360.com\/miami\/rear-end-accident-lawyer\/"},"modified":"2021-12-15T23:25:56","modified_gmt":"2021-12-15T23:25:56","slug":"accidente-trasero","status":"publish","type":"page","link":"https:\/\/miamilawyers360.com\/es\/miami\/accidente-trasero\/","title":{"rendered":"Abogado de accidentes traseros en Miami"},"content":{"rendered":"<p><span style=\"font-weight: 400;\">Es una suposici\u00f3n com\u00fan que autom\u00e1ticamente podr\u00e1 recuperar todos los da\u00f1os si su veh\u00edculo se <\/span><i><span style=\"font-weight: 400;\">choca por detr\u00e1s en un accidente <\/span><\/i><span style=\"font-weight: 400;\">. En Florida, existe la presunci\u00f3n de que la responsabilidad legal por un accidente recae \u00fanicamente en el conductor que choc\u00f3 por detr\u00e1s al otro. Sin embargo, el conductor culpable puede argumentar en contra de esta suposici\u00f3n si puede proporcionar evidencia que demuestre que el otro conductor tambi\u00e9n fue parcialmente culpable.<\/span><\/p>\n<p><span style=\"font-weight: 400;\">Si result\u00f3 herido en este tipo de accidente, querr\u00e1 que un abogado experto en accidentes traseros de Miami maneje su caso. Aqu\u00ed en Miami Lawyers 360, nuestro equipo tiene experiencia en el manejo de casos de accidentes automovil\u00edsticos y luchar\u00e1 para conseguirle la compensaci\u00f3n que se merece. P\u00f3ngase en contacto con nuestros <\/span><a href=\"https:\/\/miamilawyers360.com\/es\/miami\/abogado-accidente-carro\/\"><span style=\"font-weight: 400;\">abogados de accidentes automovil\u00edsticos en Miami<\/span><\/a><span style=\"font-weight: 400;\"> para programar su consulta gratuita.<\/span><\/p>\n<p><span style=\"font-weight: 400;\">\t\t<div data-elementor-type=\"section\" data-elementor-id=\"1714\" class=\"elementor elementor-1714 elementor-208\" data-elementor-post-type=\"elementor_library\">\n\t\t\t\t\t<section class=\"elementor-section elementor-top-section elementor-element elementor-element-37c5f16 elementor-section-boxed elementor-section-height-default elementor-section-height-default\" data-id=\"37c5f16\" data-element_type=\"section\" data-e-type=\"section\">\n\t\t\t\t\t\t<div class=\"elementor-container elementor-column-gap-default\">\n\t\t\t\t\t<div class=\"elementor-column elementor-col-100 elementor-top-column elementor-element elementor-element-f303a68 section-toc\" data-id=\"f303a68\" data-element_type=\"column\" data-e-type=\"column\">\n\t\t\t<div class=\"elementor-widget-wrap elementor-element-populated\">\n\t\t\t\t\t\t<div class=\"elementor-element elementor-element-f0ad866 elementor-toc--minimized-on-tablet elementor-widget elementor-widget-table-of-contents\" data-id=\"f0ad866\" data-element_type=\"widget\" data-e-type=\"widget\" data-settings=\"{&quot;exclude_headings_by_selector&quot;:&quot;.toc-remove&quot;,&quot;headings_by_tags&quot;:[&quot;h2&quot;,&quot;h3&quot;,&quot;h4&quot;,&quot;h5&quot;,&quot;h6&quot;],&quot;marker_view&quot;:&quot;numbers&quot;,&quot;no_headings_message&quot;:&quot;No se ha encontrado ning\\u00fan encabezado en esta p\\u00e1gina.&quot;,&quot;minimize_box&quot;:&quot;yes&quot;,&quot;minimized_on&quot;:&quot;tablet&quot;,&quot;hierarchical_view&quot;:&quot;yes&quot;,&quot;min_height&quot;:{&quot;unit&quot;:&quot;px&quot;,&quot;size&quot;:&quot;&quot;,&quot;sizes&quot;:[]},&quot;min_height_tablet&quot;:{&quot;unit&quot;:&quot;px&quot;,&quot;size&quot;:&quot;&quot;,&quot;sizes&quot;:[]},&quot;min_height_mobile&quot;:{&quot;unit&quot;:&quot;px&quot;,&quot;size&quot;:&quot;&quot;,&quot;sizes&quot;:[]}}\" data-widget_type=\"table-of-contents.default\">\n\t\t\t\t\t\t\t\t\t<div class=\"elementor-toc__header\">\n\t\t\t\t\t\t<h4 class=\"elementor-toc__header-title\">\n\t\t\t\tTable of Contents\t\t\t<\/h4>\n\t\t\t\t\t\t\t\t\t\t<div class=\"elementor-toc__toggle-button elementor-toc__toggle-button--expand\" role=\"button\" tabindex=\"0\" aria-controls=\"elementor-toc__f0ad866\" aria-expanded=\"true\" aria-label=\"Abrir la tabla de contenidos\"><svg aria-hidden=\"true\" class=\"e-font-icon-svg e-fas-chevron-down\" viewBox=\"0 0 448 512\" xmlns=\"http:\/\/www.w3.org\/2000\/svg\"><path d=\"M207.029 381.476L12.686 187.132c-9.373-9.373-9.373-24.569 0-33.941l22.667-22.667c9.357-9.357 24.522-9.375 33.901-.04L224 284.505l154.745-154.021c9.379-9.335 24.544-9.317 33.901.04l22.667 22.667c9.373 9.373 9.373 24.569 0 33.941L240.971 381.476c-9.373 9.372-24.569 9.372-33.942 0z\"><\/path><\/svg><\/div>\n\t\t\t\t<div class=\"elementor-toc__toggle-button elementor-toc__toggle-button--collapse\" role=\"button\" tabindex=\"0\" aria-controls=\"elementor-toc__f0ad866\" aria-expanded=\"true\" aria-label=\"Cerrar la tabla de contenidos\"><svg aria-hidden=\"true\" class=\"e-font-icon-svg e-fas-chevron-up\" viewBox=\"0 0 448 512\" xmlns=\"http:\/\/www.w3.org\/2000\/svg\"><path d=\"M240.971 130.524l194.343 194.343c9.373 9.373 9.373 24.569 0 33.941l-22.667 22.667c-9.357 9.357-24.522 9.375-33.901.04L224 227.495 69.255 381.516c-9.379 9.335-24.544 9.317-33.901-.04l-22.667-22.667c-9.373-9.373-9.373-24.569 0-33.941L207.03 130.525c9.372-9.373 24.568-9.373 33.941-.001z\"><\/path><\/svg><\/div>\n\t\t\t\t\t<\/div>\n\t\t\t\t<div id=\"elementor-toc__f0ad866\" class=\"elementor-toc__body\">\n\t\t\t<div class=\"elementor-toc__spinner-container\">\n\t\t\t\t<svg class=\"elementor-toc__spinner eicon-animation-spin e-font-icon-svg e-eicon-loading\" aria-hidden=\"true\" viewBox=\"0 0 1000 1000\" xmlns=\"http:\/\/www.w3.org\/2000\/svg\"><path d=\"M500 975V858C696 858 858 696 858 500S696 142 500 142 142 304 142 500H25C25 237 238 25 500 25S975 237 975 500 763 975 500 975Z\"><\/path><\/svg>\t\t\t<\/div>\n\t\t<\/div>\n\t\t\t\t\t\t<\/div>\n\t\t\t\t\t<\/div>\n\t\t<\/div>\n\t\t\t\t\t<\/div>\n\t\t<\/section>\n\t\t\t\t<\/div>\n\t\t<\/span><\/p>\n<h2><b>\u00bfQui\u00e9n tiene la culpa de un accidente por la parte trasera en Florida?<\/b><\/h2>\n<p><span style=\"font-weight: 400;\">Por ejemplo, si el otro conductor se detuvo repentina e inesperadamente, cambi\u00f3 de carril sin previo aviso o tuvo una falla mec\u00e1nica, entonces el conductor trasero puede presentar estos hechos a un jurado para refutar la presunci\u00f3n de culpa y responsabilidad por da\u00f1os.<\/span><\/p>\n<p><span style=\"font-weight: 400;\">En Florida, existe un enfoque de <\/span><a href=\"https:\/\/www.investopedia.com\/terms\/c\/comparative-negligence.asp\" target=\"_blank\" rel=\"noopener\"><span style=\"font-weight: 400;\">negligencia comparativa<\/span><\/a><span style=\"font-weight: 400;\"> pura que garantiza que cualquier persona dentro de una demanda pueda reclamar da\u00f1os y perjuicios si no es 100% culpable del accidente.<\/span><\/p>\n<p><span style=\"font-weight: 400;\">Por lo tanto, si Kate y Bill tienen un accidente en el que Bill cambia de carril repentina e inesperadamente antes de detenerse y Kate lo choca por detr\u00e1s porque lo est\u00e1 siguiendo demasiado de cerca, puede ocurrir la siguiente demanda:<\/span><\/p>\n<ul>\n<li><span style=\"font-weight: 400;\"> SI &#8211; El jurado determina que Bill fue negligente al conducir y tiene un 40% de culpa por el accidente &#8230;<\/span><\/li>\n<li><span style=\"font-weight: 400;\"> Y &#8211; Kate tambi\u00e9n es identificada como negligente por golpear por detr\u00e1s a Bill debido a que lo sigui\u00f3 demasiado de cerca y tiene un 60% de culpa por el accidente &#8230;<\/span><\/li>\n<li><span style=\"font-weight: 400;\"> Y &#8211; Un jurado determina que Bill ha sufrido $5,000 usd en da\u00f1os y ha sido un 40% negligente &#8230;<\/span><\/li>\n<li><span style=\"font-weight: 400;\"> Y &#8211; Kate tambi\u00e9n sufri\u00f3 $5,000 usd en da\u00f1os y fue 60% negligente &#8230;<\/span><\/li>\n<li><span style=\"font-weight: 400;\"> ENTONCES &#8211; El enfoque de negligencia comparativa indica que<\/span><\/li>\n<li><span style=\"font-weight: 400;\"> Bill recuperar\u00e1 los da\u00f1os reducidos en un 40% ($3,000 usd)<\/span><\/li>\n<li><span style=\"font-weight: 400;\"> Kate recuperar\u00e1 los da\u00f1os reducidos en un 60% ($2,000 usd).<\/span><\/li>\n<li><span style=\"font-weight: 400;\"> El juez usa estas cantidades para compensar entre s\u00ed. ($3,000 usd &#8211; $2,000 usd = $1,000usd)<\/span><span style=\"font-weight: 400;\">.\u00a0<\/span><\/li>\n<li><span style=\"font-weight: 400;\"> Por lo tanto, los da\u00f1os de Bill son m\u00e1s de $1,000 usd que los de Kate, por lo que esto es lo que Kate debe pagar.<\/span><\/li>\n<\/ul>\n<p><span style=\"font-weight: 400;\">En una situaci\u00f3n en la que solo Kate fue <\/span><a href=\"https:\/\/www.americanbar.org\/groups\/public_education\/resources\/law_issues_for_consumers\/negligence\/\" target=\"_blank\" rel=\"noopener\"><span style=\"font-weight: 400;\">negligente<\/span><\/a><span style=\"font-weight: 400;\"> , los da\u00f1os de Bill no se reducir\u00edan por su porcentaje de culpa, por lo que Kate tendr\u00eda que pagar los $5,000 usd completos a Bill.<\/span><\/p>\n<p><span style=\"font-weight: 400;\">En el pasado, la presunci\u00f3n de negligencia se impon\u00eda autom\u00e1ticamente al conductor trasero en cualquier caso de colisi\u00f3n de un veh\u00edculo motorizado por detr\u00e1s. Sin embargo, en 2012, el caso Cevallos v. Rideout, et al. cambi\u00f3 esto. La Corte Suprema de Florida sent\u00f3 un precedente para el enfoque de negligencia comparativa pura en el que el conductor trasero puede reclamar da\u00f1os si puede proporcionar evidencia suficiente para convencer al jurado de que \u00e9l o ella no es 100% culpable del accidente.<\/span><\/p>\n<p><a href=\"http:\/\/miamilawyers360.com\/wp-content\/uploads\/2021\/03\/MiamiLawyers360-Miami-rear-end-accident-lawyer.jpg\"><img fetchpriority=\"high\" decoding=\"async\" class=\"alignnone wp-image-1050 size-full\" src=\"http:\/\/miamilawyers360.com\/wp-content\/uploads\/2021\/03\/MiamiLawyers360-Miami-rear-end-accident-lawyer.jpg\" alt=\"Rear end crash. Contact our Miami rear end accident lawyers.\" width=\"500\" height=\"333\" title=\"\" srcset=\"https:\/\/miamilawyers360.com\/wp-content\/uploads\/2021\/03\/MiamiLawyers360-Miami-rear-end-accident-lawyer.jpg 500w, https:\/\/miamilawyers360.com\/wp-content\/uploads\/2021\/03\/MiamiLawyers360-Miami-rear-end-accident-lawyer-300x200.jpg 300w\" sizes=\"(max-width: 500px) 100vw, 500px\" \/><\/a><\/p>\n<h2><b>\u00bfEl conductor trasero siempre tiene la culpa de un accidente en Florida?<\/b><\/h2>\n<p><span style=\"font-weight: 400;\">Cevallos v. Rideout, et al. Fue un caso que involucr\u00f3 a tres conductores en una colisi\u00f3n por alcance. La conductora del medio, en su tel\u00e9fono celular, se detuvo abruptamente para evitar chocar con el veh\u00edculo que ten\u00eda delante, pero no pudo evitar la colisi\u00f3n. El conductor trasero tampoco pudo evitar chocar con el conductor del medio. En este caso, el jurado pudo encontrar que la negligencia de los conductores frontales contribuy\u00f3 al accidente, por lo que los da\u00f1os deben calcularse teniendo en cuenta esta negligencia.<\/span><\/p>\n<p><span style=\"font-weight: 400;\">Dicho esto, si una persona en el accidente conduce en estado de ebriedad, no se aplica la negligencia comparativa pura. Si un jurado decide que el conductor ebrio tiene m\u00e1s del 50% de culpa, entonces \u00e9l o ella no puede recuperar ning\u00fan da\u00f1o en absoluto. En Florida, la intoxicaci\u00f3n evita que un conductor recupere los da\u00f1os si tiene m\u00e1s del 50% de culpa por un accidente.<\/span><\/p>\n<p><span style=\"font-weight: 400;\">La recopilaci\u00f3n de pruebas es especialmente importante en un choque por alcance en Florida, donde el enfoque de negligencia comparativa pura puede marcar la diferencia en su recuperaci\u00f3n. Cuando se encuentra en un accidente automovil\u00edstico, lo mejor que puede hacer es contratar a un abogado calificado lo antes posible para asegurarse de que se recopilen las pruebas.<\/span><\/p>\n<p><img decoding=\"async\" class=\"alignnone size-full wp-image-1139\" src=\"http:\/\/miamilawyers360.com\/wp-content\/uploads\/2021\/03\/Source-09.jpg\" alt=\"\" width=\"3334\" height=\"8334\" title=\"\"><\/p>\n<h2><b>Comun\u00edquese con un abogado de accidentes traseros en Miami<\/b><\/h2>\n<p><span style=\"font-weight: 400;\">Creemos que estar completamente informado sobre los accidentes y las leyes de Florida es la mejor manera de evitar accidentes y recuperarse de los accidentes que ocurren. Estamos aqu\u00ed para ayudarlo con <a href=\"https:\/\/miamilawyers360.com\/es\/\">abogados calificados en lesiones personales<\/a>, negociadores, litigantes, abogados litigantes, asistentes legales y personal adicional que comprenda las leyes y la din\u00e1mica de los accidentes automovil\u00edsticos en Florida. <span class=\"Normal-H\"><a href=\"\/es\/contacto\">Cont\u00e1ctenos <\/a><\/span> para recibir asesoramiento sobre su caso de accidente automovil\u00edstico.<\/span><\/p>\n","protected":false},"excerpt":{"rendered":"<p>Es una suposici\u00f3n com\u00fan que autom\u00e1ticamente podr\u00e1 recuperar todos los da\u00f1os si su veh\u00edculo se choca por detr\u00e1s en un accidente . En Florida, existe la presunci\u00f3n de que la responsabilidad legal por un accidente recae \u00fanicamente en el conductor que choc\u00f3 por detr\u00e1s al otro. Sin embargo, el conductor culpable puede argumentar en contra [&hellip;]<\/p>\n","protected":false},"author":29,"featured_media":0,"parent":1747,"menu_order":0,"comment_status":"closed","ping_status":"closed","template":"","meta":{"_acf_changed":false,"anchor_text":"","footnotes":""},"categories":[75],"tags":[65],"class_list":["post-1773","page","type-page","status-publish","hentry","category-miami-ubicacion","tag-accidentes-automovilisticos-es"],"acf":[],"_links":{"self":[{"href":"https:\/\/miamilawyers360.com\/es\/wp-json\/wp\/v2\/pages\/1773","targetHints":{"allow":["GET"]}}],"collection":[{"href":"https:\/\/miamilawyers360.com\/es\/wp-json\/wp\/v2\/pages"}],"about":[{"href":"https:\/\/miamilawyers360.com\/es\/wp-json\/wp\/v2\/types\/page"}],"author":[{"embeddable":true,"href":"https:\/\/miamilawyers360.com\/es\/wp-json\/wp\/v2\/users\/29"}],"replies":[{"embeddable":true,"href":"https:\/\/miamilawyers360.com\/es\/wp-json\/wp\/v2\/comments?post=1773"}],"version-history":[{"count":0,"href":"https:\/\/miamilawyers360.com\/es\/wp-json\/wp\/v2\/pages\/1773\/revisions"}],"up":[{"embeddable":true,"href":"https:\/\/miamilawyers360.com\/es\/wp-json\/wp\/v2\/pages\/1747"}],"wp:attachment":[{"href":"https:\/\/miamilawyers360.com\/es\/wp-json\/wp\/v2\/media?parent=1773"}],"wp:term":[{"taxonomy":"category","embeddable":true,"href":"https:\/\/miamilawyers360.com\/es\/wp-json\/wp\/v2\/categories?post=1773"},{"taxonomy":"post_tag","embeddable":true,"href":"https:\/\/miamilawyers360.com\/es\/wp-json\/wp\/v2\/tags?post=1773"}],"curies":[{"name":"wp","href":"https:\/\/api.w.org\/{rel}","templated":true}]}}