{"id":1774,"date":"2021-02-24T21:27:52","date_gmt":"2021-02-24T21:27:52","guid":{"rendered":"http:\/\/miamilawyers360.com\/miami-springs\/car-accident-lawyer\/"},"modified":"2021-12-15T21:39:03","modified_gmt":"2021-12-15T21:39:03","slug":"abogado-accidentes-automovilisticos","status":"publish","type":"page","link":"https:\/\/miamilawyers360.com\/es\/miami-springs\/abogado-accidentes-automovilisticos\/","title":{"rendered":"Abogado de accidentes automovil\u00edsticos en Miami Springs"},"content":{"rendered":"<p><span style=\"font-weight: 400;\">Un accidente automovil\u00edstico puede ser un evento muy traum\u00e1tico para usted y sus seres queridos. Es posible que se sienta confundido y distra\u00eddo despu\u00e9s de un accidente automovil\u00edstico. Es posible que pasen por su mente tantas emociones que le dificulten concentrarse en lo que debe hacer.<\/span><\/p>\n<p><span style=\"font-weight: 400;\">Un abogado con experiencia en accidentes automovil\u00edsticos en Miami Springs puede ayudarlo a obtener justicia si ha resultado lesionado en un accidente automovil\u00edstico. Miami Lawyers 360 cuenta con un equipo legal experto que est\u00e1 listo para ayudarlo a obtener la compensaci\u00f3n que se merece. No descansaremos hasta que la parte culpable rinda cuentas de sus acciones.<\/span><\/p>\n<p><span style=\"font-weight: 400;\">Llame al <a href=\"tel:+17866862857\">(786) 686-2857<\/a> ahora para averiguar si tiene un reclamo por accidente automovil\u00edstico. Nuestros <a href=\"https:\/\/miamilawyers360.com\/es\/doral\/abogado-lesiones-personales\/\">abogados de lesiones personales<\/a> responder\u00e1n cualquier pregunta que pueda tener. Comience hoy mismo para averiguar qu\u00e9 derechos legales y opciones tiene.<\/span><\/p>\n\t\t<div data-elementor-type=\"section\" data-elementor-id=\"1714\" class=\"elementor elementor-1714 elementor-208\" data-elementor-post-type=\"elementor_library\">\n\t\t\t\t\t<section class=\"elementor-section elementor-top-section elementor-element elementor-element-37c5f16 elementor-section-boxed elementor-section-height-default elementor-section-height-default\" data-id=\"37c5f16\" data-element_type=\"section\" data-e-type=\"section\">\n\t\t\t\t\t\t<div class=\"elementor-container elementor-column-gap-default\">\n\t\t\t\t\t<div class=\"elementor-column elementor-col-100 elementor-top-column elementor-element elementor-element-f303a68 section-toc\" data-id=\"f303a68\" data-element_type=\"column\" data-e-type=\"column\">\n\t\t\t<div class=\"elementor-widget-wrap elementor-element-populated\">\n\t\t\t\t\t\t<div class=\"elementor-element elementor-element-f0ad866 elementor-toc--minimized-on-tablet elementor-widget elementor-widget-table-of-contents\" data-id=\"f0ad866\" data-element_type=\"widget\" data-e-type=\"widget\" data-settings=\"{&quot;exclude_headings_by_selector&quot;:&quot;.toc-remove&quot;,&quot;headings_by_tags&quot;:[&quot;h2&quot;,&quot;h3&quot;,&quot;h4&quot;,&quot;h5&quot;,&quot;h6&quot;],&quot;marker_view&quot;:&quot;numbers&quot;,&quot;no_headings_message&quot;:&quot;No se ha encontrado ning\\u00fan encabezado en esta p\\u00e1gina.&quot;,&quot;minimize_box&quot;:&quot;yes&quot;,&quot;minimized_on&quot;:&quot;tablet&quot;,&quot;hierarchical_view&quot;:&quot;yes&quot;,&quot;min_height&quot;:{&quot;unit&quot;:&quot;px&quot;,&quot;size&quot;:&quot;&quot;,&quot;sizes&quot;:[]},&quot;min_height_tablet&quot;:{&quot;unit&quot;:&quot;px&quot;,&quot;size&quot;:&quot;&quot;,&quot;sizes&quot;:[]},&quot;min_height_mobile&quot;:{&quot;unit&quot;:&quot;px&quot;,&quot;size&quot;:&quot;&quot;,&quot;sizes&quot;:[]}}\" data-widget_type=\"table-of-contents.default\">\n\t\t\t\t\t\t\t\t\t<div class=\"elementor-toc__header\">\n\t\t\t\t\t\t<h4 class=\"elementor-toc__header-title\">\n\t\t\t\tTable of Contents\t\t\t<\/h4>\n\t\t\t\t\t\t\t\t\t\t<div class=\"elementor-toc__toggle-button elementor-toc__toggle-button--expand\" role=\"button\" tabindex=\"0\" aria-controls=\"elementor-toc__f0ad866\" aria-expanded=\"true\" aria-label=\"Abrir la tabla de contenidos\"><svg aria-hidden=\"true\" class=\"e-font-icon-svg e-fas-chevron-down\" viewBox=\"0 0 448 512\" xmlns=\"http:\/\/www.w3.org\/2000\/svg\"><path d=\"M207.029 381.476L12.686 187.132c-9.373-9.373-9.373-24.569 0-33.941l22.667-22.667c9.357-9.357 24.522-9.375 33.901-.04L224 284.505l154.745-154.021c9.379-9.335 24.544-9.317 33.901.04l22.667 22.667c9.373 9.373 9.373 24.569 0 33.941L240.971 381.476c-9.373 9.372-24.569 9.372-33.942 0z\"><\/path><\/svg><\/div>\n\t\t\t\t<div class=\"elementor-toc__toggle-button elementor-toc__toggle-button--collapse\" role=\"button\" tabindex=\"0\" aria-controls=\"elementor-toc__f0ad866\" aria-expanded=\"true\" aria-label=\"Cerrar la tabla de contenidos\"><svg aria-hidden=\"true\" class=\"e-font-icon-svg e-fas-chevron-up\" viewBox=\"0 0 448 512\" xmlns=\"http:\/\/www.w3.org\/2000\/svg\"><path d=\"M240.971 130.524l194.343 194.343c9.373 9.373 9.373 24.569 0 33.941l-22.667 22.667c-9.357 9.357-24.522 9.375-33.901.04L224 227.495 69.255 381.516c-9.379 9.335-24.544 9.317-33.901-.04l-22.667-22.667c-9.373-9.373-9.373-24.569 0-33.941L207.03 130.525c9.372-9.373 24.568-9.373 33.941-.001z\"><\/path><\/svg><\/div>\n\t\t\t\t\t<\/div>\n\t\t\t\t<div id=\"elementor-toc__f0ad866\" class=\"elementor-toc__body\">\n\t\t\t<div class=\"elementor-toc__spinner-container\">\n\t\t\t\t<svg class=\"elementor-toc__spinner eicon-animation-spin e-font-icon-svg e-eicon-loading\" aria-hidden=\"true\" viewBox=\"0 0 1000 1000\" xmlns=\"http:\/\/www.w3.org\/2000\/svg\"><path d=\"M500 975V858C696 858 858 696 858 500S696 142 500 142 142 304 142 500H25C25 237 238 25 500 25S975 237 975 500 763 975 500 975Z\"><\/path><\/svg>\t\t\t<\/div>\n\t\t<\/div>\n\t\t\t\t\t\t<\/div>\n\t\t\t\t\t<\/div>\n\t\t<\/div>\n\t\t\t\t\t<\/div>\n\t\t<\/section>\n\t\t\t\t<\/div>\n\t\t\n<h2><b>Estad\u00edsticas de accidentes automovil\u00edsticos en Miami Springs, Florida<\/b><\/h2>\n<p><span style=\"font-weight: 400;\">Anualmente, 3 millones de personas sufren lesiones en todo Estados Unidos debido a accidentes automovil\u00edsticos. Un promedio de 6 millones de accidentes automovil\u00edsticos ocurren en las carreteras de EE. UU. Cada a\u00f1o. M\u00e1s de 90 personas mueren todos los d\u00edas a causa de accidentes automovil\u00edsticos. 36,835 y 36,096 muertes ocurrieron en los EE. UU. Por accidentes automovil\u00edsticos en 2018 y 2019, respectivamente. En 2018, hubo 2,915 accidentes fatales en Florida con 3,133 muertes. <\/span><a href=\"https:\/\/crashstats.nhtsa.dot.gov\/Api\/Public\/ViewPublication\/813060\" target=\"_blank\" rel=\"noopener\"><span style=\"font-weight: 400;\">3183 muertes<\/span><\/a><span style=\"font-weight: 400;\"> ocurrieron en 2019 en el estado de Florida.<\/span><\/p>\n<h2><b>\u00bfCu\u00e1nto cuesta un abogado de accidentes automovil\u00edsticos?<\/b><\/h2>\n<p><span style=\"font-weight: 400;\">La mayor\u00eda de las personas dudan en buscar asistencia legal debido a preocupaciones sobre costos legales costosos. La mayor\u00eda de los abogados de accidentes automovil\u00edsticos operan con honorarios de contingencia. Esto implica que no paga ninguna tarifa hasta que gane su caso. En Miami Lawyers 360, recibiremos un recorte de su compensaci\u00f3n final. No requerimos ninguna tarifa por adelantado para representarlo.<\/span><\/p>\n<h2><b>\u00bfQu\u00e9 debo hacer despu\u00e9s de un accidente automovil\u00edstico?<\/b><\/h2>\n<p><span style=\"font-weight: 400;\">Si ha estado involucrado en un accidente automovil\u00edstico en Miami Springs, aseg\u00farese de seguir estos pasos esenciales:<\/span><\/p>\n<h3><b>Contacta a la polic\u00eda<\/b><\/h3>\n<p><span style=\"font-weight: 400;\">Comunicarse con la polic\u00eda es importante incluso despu\u00e9s de un accidente automovil\u00edstico menor. Los agentes de la ley preparar\u00e1n un informe si su accidente involucra da\u00f1os a la propiedad o lesiones. Este informe es fundamental para su demanda o demanda por lesiones personales.<\/span><\/p>\n<p><a href=\"http:\/\/miamilawyers360.com\/wp-content\/uploads\/2021\/03\/miami-springs-car-accident-call-2-500x332-1.jpg\"><img fetchpriority=\"high\" decoding=\"async\" class=\"alignnone size-full wp-image-999\" src=\"http:\/\/miamilawyers360.com\/wp-content\/uploads\/2021\/03\/miami-springs-car-accident-call-2-500x332-1.jpg\" alt=\"A man calling a Miami Springs car accident lawyer after being in a rear-end car accident.\" width=\"500\" height=\"332\" title=\"\" srcset=\"https:\/\/miamilawyers360.com\/wp-content\/uploads\/2021\/03\/miami-springs-car-accident-call-2-500x332-1.jpg 500w, https:\/\/miamilawyers360.com\/wp-content\/uploads\/2021\/03\/miami-springs-car-accident-call-2-500x332-1-300x199.jpg 300w\" sizes=\"(max-width: 500px) 100vw, 500px\" \/><\/a><\/p>\n<p><span style=\"font-weight: 400;\">Recuerde ser honesto con la polic\u00eda y decirles todo lo que pueda ayudar con su reclamo. Por ejemplo, aseg\u00farese de informar a la polic\u00eda si el otro conductor apag\u00f3 las luces mientras conduc\u00eda de noche.<\/span><\/p>\n<h3><b>Verifique otras partes involucradas<\/b><\/h3>\n<p><span style=\"font-weight: 400;\">Aseg\u00farese de ayudar a todos los heridos. Ser\u00eda mejor si brindara asistencia razonable a cualquier v\u00edctima en un accidente automovil\u00edstico. Por ejemplo, lleve a las v\u00edctimas de un accidente a un lugar seguro si existe un peligro inminente en la escena del accidente. No abandone la escena hasta que los agentes de la ley le den el visto bueno.<\/span><\/p>\n<h3><b>Informaci\u00f3n de intercambio<\/b><\/h3>\n<p><span style=\"font-weight: 400;\">Aseg\u00farese de obtener los detalles del otro conductor, incluido el nombre, la licencia, la direcci\u00f3n y el n\u00famero de registro del veh\u00edculo del conductor. Estos detalles son fundamentales a la hora de buscar una indemnizaci\u00f3n por da\u00f1os y perjuicios.<\/span><\/p>\n<h3><b>Graba la escena<\/b><\/h3>\n<p><span style=\"font-weight: 400;\">Los posibles testigos de un accidente automovil\u00edstico en Miami Springs incluyen:<\/span><\/p>\n<ul>\n<li><span style=\"font-weight: 400;\"> Peatones<\/span><\/li>\n<li><span style=\"font-weight: 400;\"> Servicios de emergencia<\/span><\/li>\n<li><span style=\"font-weight: 400;\"> Residentes de edificios adyacentes<\/span><\/li>\n<li><span style=\"font-weight: 400;\"> Propietarios y clientes en edificios comerciales<\/span><\/li>\n<li><span style=\"font-weight: 400;\"> Conductores y pasajeros de otros autom\u00f3viles.<\/span><\/li>\n<\/ul>\n<p><span style=\"font-weight: 400;\">Encontrar testigos despu\u00e9s de un accidente automovil\u00edstico es dif\u00edcil. Aseg\u00farese de obtener la informaci\u00f3n de contacto de los testigos en el lugar del accidente.<\/span><\/p>\n<p><span style=\"font-weight: 400;\">No olvide documentar todo en el lugar del accidente. Tome fotograf\u00edas y videos de cualquier lesi\u00f3n f\u00edsica, condiciones clim\u00e1ticas y da\u00f1os a la propiedad.<\/span><\/p>\n<h3><b>Nunca admitas la culpa<\/b><\/h3>\n<p><span style=\"font-weight: 400;\">Nunca admita fallas ni se disculpe despu\u00e9s de un accidente automovil\u00edstico. Tales expresiones pueden terminar afectando su reclamo.<\/span><\/p>\n<h3><b>Busque atenci\u00f3n m\u00e9dica<\/b><\/h3>\n<p><span style=\"font-weight: 400;\">Tu salud es importante despu\u00e9s de un accidente automovil\u00edstico. Debe buscar atenci\u00f3n m\u00e9dica si se lesiona en un accidente automovil\u00edstico. Visitar a un m\u00e9dico tambi\u00e9n proporciona registros que legitiman cualquier reclamo por da\u00f1os futuros. El acusado puede argumentar que usted no result\u00f3 herido si no busca atenci\u00f3n m\u00e9dica despu\u00e9s de su accidente automovil\u00edstico en Miami Springs.<\/span><\/p>\n<h3><b>\u00a1Llame a un abogado de accidentes automovil\u00edsticos!<\/b><\/h3>\n<p><span style=\"font-weight: 400;\">Considere contratar a un abogado con experiencia en accidentes automovil\u00edsticos en Miami Springs si est\u00e1 involucrado en un accidente automovil\u00edstico. Un abogado puede ayudarlo a lidiar con la compa\u00f1\u00eda de seguros del acusado, maximizando su compensaci\u00f3n. P\u00f3ngase en contacto con Miami Lawyers 360 hoy para una revisi\u00f3n gratuita de su caso.<\/span><\/p>\n<h2><b>\u00bfCu\u00e1l es la liquidaci\u00f3n promedio para un accidente automovil\u00edstico?<\/b><\/h2>\n<p><span style=\"font-weight: 400;\">Cada accidente automovil\u00edstico es diferente. Muchos factores entran en juego al considerar la compensaci\u00f3n por un accidente. Se otorgan acuerdos m\u00e1s altos para las v\u00edctimas con lesiones graves. El Insurance Information Institute estima que la liquidaci\u00f3n promedio por accidentes automovil\u00edsticos en los EE.<\/span><span style=\"font-weight: 400;\">UU<\/span><span style=\"font-weight: 400;\">. es de <\/span><a href=\"https:\/\/www.iii.org\/fact-statistic\/facts-statistics-auto-insurance\" target=\"_blank\" rel=\"noopener\"><span style=\"font-weight: 400;\">menos de $ 18,417<\/span><\/a><span style=\"font-weight: 400;\"> . En Florida, esta cifra puede ser menor dadas las leyes de seguros sin culpa que aplica el estado.<\/span><\/p>\n<h2><b>\u00bfCu\u00e1ndo debo contratar un abogado para mi accidente automovil\u00edstico?<\/b><\/h2>\n<p><span style=\"font-weight: 400;\">La decisi\u00f3n de contratar a un abogado despu\u00e9s de un accidente automovil\u00edstico depende completamente de usted. Es mejor considerar comunicarse con un abogado inmediatamente despu\u00e9s de un accidente. Recuerde, ponerse en contacto con su abogado poco despu\u00e9s de su accidente facilita la construcci\u00f3n de un caso s\u00f3lido. Es posible que a\u00fan existan pruebas, como secuencias de video de edificios cercanos. Comunicarse con un abogado uno o dos d\u00edas despu\u00e9s de una colisi\u00f3n garantiza que no se pierda los plazos legales.<\/span><\/p>\n<h2><b>\u00bfPor qu\u00e9 necesito un abogado?<\/b><\/h2>\n<p><span style=\"font-weight: 400;\">En Miami Lawyers 360, podemos ayudarlo a recuperar una compensaci\u00f3n financiera si ha sufrido lesiones en un accidente automovil\u00edstico en Miami Springs. Estos son algunos de los servicios legales que ofrecemos:<\/span><\/p>\n<h3><b>Preparaci\u00f3n del caso \/ Presentaci\u00f3n de una demanda<\/b><\/h3>\n<p><span style=\"font-weight: 400;\">Nuestros abogados experimentados en accidentes automovil\u00edsticos en Miami Springs llevar\u00e1n a cabo investigaciones exhaustivas para determinar la culpa en su accidente. Nos aseguraremos de que su reclamo se presente antes de que expire el estatuto de limitaciones de Florida.<\/span><\/p>\n<h3><b>Negociaci\u00f3n de liquidaci\u00f3n<\/b><\/h3>\n<p><span style=\"font-weight: 400;\">Miami Lawyers 360 no descansar\u00e1 hasta que obtenga la compensaci\u00f3n que se merece. Determinaremos el valor de su reclamo evaluando sus lesiones y da\u00f1os. Negociaremos agresivamente con la compa\u00f1\u00eda de seguros para ayudarlo a recuperar los da\u00f1os.<\/span><\/p>\n<h3><b>Preparaci\u00f3n y representaci\u00f3n del juicio<\/b><\/h3>\n<p><span style=\"font-weight: 400;\">Estamos listos para representarlo en la corte en su demanda por lesiones personales. Nuestros abogados conocen bien las leyes de lesiones personales de Florida. Miami Lawyers 360 se asegurar\u00e1 de que obtenga una decisi\u00f3n favorable para su reclamo por accidente de Miami Springs.<\/span><\/p>\n<h2><b>\u00bfCu\u00e1nto puedo esperar recibir por mis da\u00f1os?<\/b><\/h2>\n<p><span style=\"font-weight: 400;\">Los casos de lesiones personales difieren. La cantidad de compensaci\u00f3n que recibir\u00e1 por un accidente depende de factores como sus lesiones f\u00edsicas, el tiempo de recuperaci\u00f3n, las oportunidades perdidas y las experiencias perdidas. Recibir\u00e1 m\u00e1s compensaci\u00f3n si ha sufrido lesiones permanentes o desfiguraci\u00f3n.<\/span><\/p>\n<h2><b>\u00bfQu\u00e9 tipo de da\u00f1os puedo recuperar despu\u00e9s de un accidente automovil\u00edstico en Miami Springs?<\/b><\/h2>\n<p><span style=\"font-weight: 400;\">Las v\u00edctimas de accidentes automovil\u00edsticos en <\/span><a href=\"https:\/\/es.wikipedia.org\/wiki\/Miami_Springs\" target=\"_blank\" rel=\"noopener\"><span style=\"font-weight: 400;\">Miami Springs, Florida<\/span><\/a><span style=\"font-weight: 400;\"> , pueden tener derecho a un acuerdo financiero por da\u00f1os relacionados con el accidente. Un abogado con experiencia en accidentes automovil\u00edsticos en Miami Springs puede ayudarlo a usted o a su ser querido a recuperar da\u00f1os, que incluyen:<\/span><\/p>\n<h3><b>Da\u00f1os econ\u00f3micos<\/b><\/h3>\n<p><span style=\"font-weight: 400;\">Estos son da\u00f1os calculables que puede recuperar, incluidos gastos m\u00e9dicos, salarios, beneficios y da\u00f1os a la propiedad.<\/span><\/p>\n<h3><b>Da\u00f1os no econ\u00f3micos<\/b><\/h3>\n<p><span style=\"font-weight: 400;\">Estos da\u00f1os son dif\u00edciles de calcular. Incluyen dolor y sufrimiento, desfiguraci\u00f3n, discapacidad f\u00edsica, disminuci\u00f3n de la calidad de vida y reducci\u00f3n de la esperanza de vida.<\/span><\/p>\n<h3><b>Da\u00f1os punitivos<\/b><\/h3>\n<p><span style=\"font-weight: 400;\">En Miami Springs, estos da\u00f1os tienen como objetivo disuadir al delincuente de repetir acciones similares en el futuro. No se consideran da\u00f1os compensatorios.<\/span><\/p>\n<h2><b>\u00bfC\u00f3mo se determina la culpa en Miami Springs?<\/b><\/h2>\n<p><span style=\"font-weight: 400;\">El estado de Florida utiliza el sistema de negligencia comparativa pura al determinar la culpa. Aqu\u00ed, la falla se asigna como un porcentaje. Esto implica que puede tener derecho a recibir una compensaci\u00f3n a pesar de que tuvo un 99% de culpa por una colisi\u00f3n.<\/span><\/p>\n<h2><b>\u00bfCu\u00e1nto tiempo tengo para presentar un reclamo en Miami Springs?<\/b><\/h2>\n<p><span style=\"font-weight: 400;\">Tiene <\/span><span style=\"font-weight: 400;\"><a href=\"http:\/\/www.leg.state.fl.us\/Statutes\/index.cfm?App_mode=Display_Statute&amp;URL=0000-0099\/0095\/Sections\/0095.11.htm\" target=\"_blank\" rel=\"noopener\">cuatro a\u00f1os<\/a> a<\/span><span style=\"font-weight: 400;\"> partir de la fecha del accidente para presentar un reclamo por lesiones personales. Corre el riesgo de no recibir compensaci\u00f3n por sus lesiones si no presenta su reclamo durante este per\u00edodo.<\/span><\/p>\n<h2><b>\u00bfC\u00f3mo puede un abogado ayudarme a presentar mi reclamo de seguro?<\/b><\/h2>\n<p><span style=\"font-weight: 400;\">Un abogado con experiencia en accidentes automovil\u00edsticos en Miami Springs puede ayudarlo a presentar un reclamo de seguro a tiempo, a trav\u00e9s del procedimiento correcto. Recuerde, las compa\u00f1\u00edas de seguros har\u00e1n todo lo que est\u00e9 a su alcance para negar o limitar los acuerdos. Un abogado puede presentar un reclamo siguiendo las pautas establecidas para ayudarlo a recuperar una compensaci\u00f3n por sus da\u00f1os y lesiones.<\/span><\/p>\n<p><a href=\"http:\/\/miamilawyers360.com\/wp-content\/uploads\/2021\/03\/miami-springs-car-accident-lawyer-500x333-1.jpg\"><img decoding=\"async\" class=\"alignnone size-full wp-image-1000\" src=\"http:\/\/miamilawyers360.com\/wp-content\/uploads\/2021\/03\/miami-springs-car-accident-lawyer-500x333-1.jpg\" alt=\"A couple discussing an injury claim with an attorney after a car accident.\" width=\"500\" height=\"333\" title=\"\" srcset=\"https:\/\/miamilawyers360.com\/wp-content\/uploads\/2021\/03\/miami-springs-car-accident-lawyer-500x333-1.jpg 500w, https:\/\/miamilawyers360.com\/wp-content\/uploads\/2021\/03\/miami-springs-car-accident-lawyer-500x333-1-300x200.jpg 300w\" sizes=\"(max-width: 500px) 100vw, 500px\" \/><\/a><\/p>\n<h2><b>\u00bfQu\u00e9 puedo hacer si el seguro rechaz\u00f3 mi reclamo?<\/b><\/h2>\n<p><span style=\"font-weight: 400;\">Una compa\u00f1\u00eda de seguros puede rechazar su reclamo debido a razones tales como infringir la ley, cobertura y l\u00edmites de la p\u00f3liza, no informar el accidente, informaci\u00f3n falsa y no buscar tratamiento m\u00e9dico. Debe hablar con un abogado de autom\u00f3viles con experiencia en Miami Springs si se rechaza su reclamo. En Miami Lawyers 360, nuestro equipo legal averiguar\u00e1 por qu\u00e9 se rechaz\u00f3 su reclamo y solucionar\u00e1 el problema para que pueda obtener su compensaci\u00f3n.<\/span><\/p>\n<h2><b>\u00bfTengo un caso?<\/b><\/h2>\n<p><span style=\"font-weight: 400;\">Cada accidente automovil\u00edstico es diferente. Si cree que ha sufrido lesiones o da\u00f1os debido a la negligencia o imprudencia de otra parte, es posible que tenga un caso. Necesitar\u00e1 pruebas, incluido un informe policial, registros m\u00e9dicos, declaraciones de testigos, fotos y lesiones preexistentes, para construir un reclamo s\u00f3lido por accidente automovil\u00edstico en Miami Springs.<\/span><\/p>\n<h2><b>\u00bfQu\u00e9 pasa si el otro conductor no tiene seguro?<\/b><\/h2>\n<p><span style=\"font-weight: 400;\">Si un conductor sin seguro lo atropell\u00f3, el mejor recurso es presentar un reclamo ante su propia compa\u00f1\u00eda de seguros. Su aseguradora puede ofrecer un acuerdo si tiene cobertura de conductor sin seguro. Puede ganar una demanda contra un conductor sin seguro, pero puede resultarle dif\u00edcil recibir una compensaci\u00f3n.<\/span><\/p>\n<h2><b>\u00bfC\u00f3mo puedo obtener un informe de accidente en Miami Springs?<\/b><\/h2>\n<p><span style=\"font-weight: 400;\">Un informe de accidente puede ayudarlo a construir un caso de accidente automovil\u00edstico s\u00f3lido. En Miami Springs, puede obtener su informe de accidente visitando su departamento de polic\u00eda local, compr\u00e1ndolo en l\u00ednea en BuyCrash.com o haciendo que su abogado lo haga un seguimiento por usted. Recuerde tener su n\u00famero de caso, la fecha del accidente y la ubicaci\u00f3n cuando haga un seguimiento para obtener un informe.<\/span><\/p>\n<h2><b>Tipos de accidentes automovil\u00edsticos que manejamos<\/b><\/h2>\n<p><span style=\"font-weight: 400;\">En Miami Lawyers 360, manejamos varios casos de accidentes automovil\u00edsticos en Miami, Florida, que incluyen:<\/span><\/p>\n<ul>\n<li><span style=\"font-weight: 400;\"> Conducir bajo la influencia de accidentes<\/span><\/li>\n<li><span style=\"font-weight: 400;\"> Conducci\u00f3n distra\u00edda<\/span><\/li>\n<li><span style=\"font-weight: 400;\"> Accidentes por detr\u00e1s<\/span><\/li>\n<li><span style=\"font-weight: 400;\"> Accidentes de viajes compartidos<\/span><\/li>\n<li><span style=\"font-weight: 400;\"> Conductor sin seguro<\/span><\/li>\n<\/ul>\n<p><span style=\"font-weight: 400;\">Cont\u00e1ctenos hoy si cree que ha sufrido lesiones debido a la negligencia de otra persona. No cuesta nada hablar con nuestros abogados de renombre. No dude en llamarnos si ha estado involucrado en alguno de estos accidentes. \u00a1Estamos disponibles 24 horas al d\u00eda, 7 d\u00edas a la semana!<\/span><\/p>\n<h2><b>Presente su reclamo con nuestros abogados de accidentes automovil\u00edsticos en Miami Springs<\/b><\/h2>\n<p><span style=\"font-weight: 400;\">Un accidente automovil\u00edstico puede provocar lesiones graves y la muerte. Este evento traum\u00e1tico puede alterar por completo el curso de su vida. Despu\u00e9s de un accidente automovil\u00edstico en Miami Springs, puede enfrentar efectos secundarios a largo plazo, incluida la par\u00e1lisis.<\/span><\/p>\n<p><span style=\"font-weight: 400;\">Miami Lawyers 360 puede ayudarlo a recuperar da\u00f1os por lesiones sufridas despu\u00e9s de un accidente automovil\u00edstico. Nuestro equipo legal llevar\u00e1 a cabo un an\u00e1lisis de evidencia integral para determinar las partes responsables. Nos aseguraremos de que todas las partes culpables rindan cuentas de sus acciones.<\/span><\/p>\n<p><span style=\"font-weight: 400;\">Llame al <a href=\"tel:+17866862857\">(786) 686-2857<\/a> ahora para programar una revisi\u00f3n gratuita de su caso con nuestra <a href=\"https:\/\/miamilawyers360.com\/es\/miami-springs\/\">firma de lesiones personales<\/a>. Hable hoy con nuestros respetables abogados de accidentes automovil\u00edsticos en Miami Springs para averiguar si tiene un reclamo. Perm\u00edtanos ayudarlo a obtener la justicia que se merece.<\/span><\/p>\n","protected":false},"excerpt":{"rendered":"<p>Un accidente automovil\u00edstico puede ser un evento muy traum\u00e1tico para usted y sus seres queridos. Es posible que se sienta confundido y distra\u00eddo despu\u00e9s de un accidente automovil\u00edstico. Es posible que pasen por su mente tantas emociones que le dificulten concentrarse en lo que debe hacer. Un abogado con experiencia en accidentes automovil\u00edsticos en Miami [&hellip;]<\/p>\n","protected":false},"author":29,"featured_media":0,"parent":1750,"menu_order":0,"comment_status":"closed","ping_status":"closed","template":"","meta":{"_acf_changed":false,"anchor_text":"","footnotes":""},"categories":[],"tags":[65],"class_list":["post-1774","page","type-page","status-publish","hentry","tag-accidentes-automovilisticos-es"],"acf":[],"_links":{"self":[{"href":"https:\/\/miamilawyers360.com\/es\/wp-json\/wp\/v2\/pages\/1774","targetHints":{"allow":["GET"]}}],"collection":[{"href":"https:\/\/miamilawyers360.com\/es\/wp-json\/wp\/v2\/pages"}],"about":[{"href":"https:\/\/miamilawyers360.com\/es\/wp-json\/wp\/v2\/types\/page"}],"author":[{"embeddable":true,"href":"https:\/\/miamilawyers360.com\/es\/wp-json\/wp\/v2\/users\/29"}],"replies":[{"embeddable":true,"href":"https:\/\/miamilawyers360.com\/es\/wp-json\/wp\/v2\/comments?post=1774"}],"version-history":[{"count":0,"href":"https:\/\/miamilawyers360.com\/es\/wp-json\/wp\/v2\/pages\/1774\/revisions"}],"up":[{"embeddable":true,"href":"https:\/\/miamilawyers360.com\/es\/wp-json\/wp\/v2\/pages\/1750"}],"wp:attachment":[{"href":"https:\/\/miamilawyers360.com\/es\/wp-json\/wp\/v2\/media?parent=1774"}],"wp:term":[{"taxonomy":"category","embeddable":true,"href":"https:\/\/miamilawyers360.com\/es\/wp-json\/wp\/v2\/categories?post=1774"},{"taxonomy":"post_tag","embeddable":true,"href":"https:\/\/miamilawyers360.com\/es\/wp-json\/wp\/v2\/tags?post=1774"}],"curies":[{"name":"wp","href":"https:\/\/api.w.org\/{rel}","templated":true}]}}