{"id":1775,"date":"2021-02-24T21:28:11","date_gmt":"2021-02-25T02:28:11","guid":{"rendered":"https:\/\/miamilawyers360.com\/miami-springs\/personal-injury-lawyer\/"},"modified":"2026-03-13T15:17:56","modified_gmt":"2026-03-13T19:17:56","slug":"abogado-lesiones-personales","status":"publish","type":"page","link":"https:\/\/miamilawyers360.com\/es\/miami-springs\/abogado-lesiones-personales\/","title":{"rendered":"Abogado de lesiones personales en Miami Springs"},"content":{"rendered":"<p><span style=\"font-weight: 400;\">Si la negligencia de alguien le hace sufrir una lesi\u00f3n en Florida, tiene derecho a reclamar una indemnizaci\u00f3n a la parte responsable. Probar negligencia en un reclamo por lesiones personales es bastante complejo y requiere la experiencia de un abogado de lesiones personales h\u00e1bil y experimentado en Miami Springs. Aunque pueda pensar que puede ahorrar dinero manejando el caso por su cuenta, en realidad perder\u00e1 dinero cuando no tenga una representaci\u00f3n legal experta.<\/span><\/p>\n<p><span style=\"font-weight: 400;\">Las compa\u00f1\u00edas de seguros intentar\u00e1n pagar la compensaci\u00f3n m\u00e1s baja posible citando varias razones. Un abogado experimentado puede negociar con los proveedores de seguros para obtener la m\u00e1xima compensaci\u00f3n por sus lesiones. Es por eso que debe contratar a un abogado calificado cuando se lesiona en un accidente.<\/span><\/p>\n<p><span style=\"font-weight: 400;\">Miami Lawyers 360 es su socio de confianza cuando se trata de manejar su demanda por lesiones. Empleamos a algunos de los mejores abogados de lesiones personales en Florida. De hecho, nuestro equipo de abogados expertos ha ganado cientos de casos en nombre de nuestros clientes. Hemos ganado a nuestro cliente millones de d\u00f3lares en compensaci\u00f3n en el proceso. Llame a nuestra <a href=\"https:\/\/miamilawyers360.com\/es\/miami-springs\/\">firma de lesiones personales<\/a> al <a href=\"tel:+17866862857\"><i class=\"fa fa-phone-alt\"><\/i>(786) 686-2857<\/a> para manejar su demanda por lesiones personales en Miami Springs FL y obtener la m\u00e1xima compensaci\u00f3n en el proceso.<\/span><\/p>\n<h2><b>\u00bfQu\u00e9 debe hacer despu\u00e9s de sufrir una lesi\u00f3n?<\/b><\/h2>\n<p><span style=\"font-weight: 400;\">Si no est\u00e1 seguro de lo que debe hacer poco despu\u00e9s de sufrir una lesi\u00f3n en <\/span><a href=\"https:\/\/es.wikipedia.org\/wiki\/Miami_Springs\" target=\"_blank\" rel=\"noopener\"><span style=\"font-weight: 400;\">Miami Springs, FL<\/span><\/a><span style=\"font-weight: 400;\"> , siga leyendo. Muchas v\u00edctimas se confunden poco despu\u00e9s de un accidente y no saben qu\u00e9 hacer. Estos son algunos pasos a seguir pronto para ayudar a preservar su reclamo por lesiones:<\/span><\/p>\n<h3><b>Busque tratamiento m\u00e9dico<\/b><\/h3>\n<p><span style=\"font-weight: 400;\">Incluso si no siente ning\u00fan dolor en este momento, debe buscar asistencia m\u00e9dica. Es posible que la mayor\u00eda de las v\u00edctimas no sientan dolor inmediato debido a la descarga de adrenalina despu\u00e9s de un accidente. Por otro lado, debe mantener todos los registros de los tratamientos m\u00e9dicos para demostrar que realmente result\u00f3 lesionado como resultado del accidente.<\/span><\/p>\n<h3><b>Reportar el accidente<\/b><\/h3>\n<p><span style=\"font-weight: 400;\">Es importante notificar a la polic\u00eda en caso de accidente automovil\u00edstico o a su supervisor inmediato en caso de accidente en el lugar de trabajo. Debe obtener una copia del informe policial para proceder con la presentaci\u00f3n de la demanda contra la parte culpable.<\/span><\/p>\n<h3><b>Tomar fotos<\/b><\/h3>\n<p><span style=\"font-weight: 400;\">No olvide tomar fotos o grabar la escena del accidente. Ayudar\u00e1 a su abogado a probar la culpa de la otra parte.<\/span><\/p>\n<h3><b>Recopile los nombres y la informaci\u00f3n de contacto de los testigos<\/b><\/h3>\n<p><span style=\"font-weight: 400;\">Este es otro paso importante. Recopile los nombres, direcciones y n\u00fameros de tel\u00e9fono de los testigos del accidente. Su abogado entrevistar\u00e1 a los testigos para averiguar qui\u00e9n tuvo la culpa del accidente.<\/span><\/p>\n<h3><b>Comun\u00edquese con un abogado<\/b><\/h3>\n<p><span style=\"font-weight: 400;\">Nunca admita la culpa hasta que hable con un abogado de lesiones personales en Miami Lawyers 360. Lo m\u00e1s importante es contratar a un abogado con experiencia en lesiones personales para manejar su caso.<\/span><\/p>\n<h2><b>\u00bfPor qu\u00e9 necesito un abogado?<\/b><\/h2>\n<p><span style=\"font-weight: 400;\">Necesita un abogado con experiencia en lesiones personales en Miami Lawyers 360 para manejar su caso. Nuestro equipo de abogados puede ayudarlo a obtener los m\u00e1ximos beneficios por sus lesiones al:<\/span><\/p>\n<ul>\n<li><span style=\"font-weight: 400;\"> Preparar y archivar el caso<\/span><\/li>\n<li><span style=\"font-weight: 400;\"> Negociar con las compa\u00f1\u00edas de seguros para obtener los m\u00e1ximos beneficios.<\/span><\/li>\n<li><span style=\"font-weight: 400;\"> Llevar su caso a juicio en caso de que el proveedor de seguros no ofrezca una compensaci\u00f3n adecuada por sus lesiones.<\/span><\/li>\n<\/ul>\n<h2><b>\u00bfQu\u00e9 tipo de da\u00f1os puedo recuperar?<\/b><\/h2>\n<p><span style=\"font-weight: 400;\">Hay tres tipos de da\u00f1os que puede recibir en Florida por sus lesiones, tales como:<\/span><\/p>\n<ol>\n<li style=\"font-weight: 400;\" aria-level=\"1\"><span style=\"font-weight: 400;\">Econ\u00f3mico<\/span><\/li>\n<li style=\"font-weight: 400;\" aria-level=\"1\"><span style=\"font-weight: 400;\">No econ\u00f3mico<\/span><\/li>\n<li style=\"font-weight: 400;\" aria-level=\"1\"><span style=\"font-weight: 400;\">Punitivo<\/span><\/li>\n<\/ol>\n<p><a href=\"https:\/\/miamilawyers360.com\/wp-content\/uploads\/2021\/03\/miami-springs-personal-injury-lawyer-500x281-1.jpg\"><img fetchpriority=\"high\" decoding=\"async\" class=\"alignnone size-full wp-image-1068\" src=\"https:\/\/miamilawyers360.com\/wp-content\/uploads\/2021\/03\/miami-springs-personal-injury-lawyer-500x281-1.jpg\" alt=\"A Miami Springs personal injury lawyer filing a compensation claim for a client.\" width=\"500\" height=\"281\" \/><\/a><\/p>\n<p><span style=\"font-weight: 400;\">Los da\u00f1os econ\u00f3micos se pueden calcular f\u00e1cilmente y pueden incluir gastos m\u00e9dicos, p\u00e9rdida de ingresos, costos funerarios en caso de muerte, p\u00e9rdida de la calidad de vida y gastos m\u00e9dicos futuros. Los da\u00f1os no econ\u00f3micos son bastante dif\u00edciles de calcular y pueden incluir sufrimiento, dolor, p\u00e9rdida de compa\u00f1\u00eda y p\u00e9rdida de reputaci\u00f3n. Por otro lado, se ofrecen da\u00f1os punitivos para castigar el comportamiento imprudente de la parte culpable. Ayuda a disuadir a otros conductores de comportarse de forma imprudente.<\/span><\/p>\n<h2><b>\u00bfC\u00f3mo se determina la responsabilidad?<\/b><\/h2>\n<p><span style=\"font-weight: 400;\">Florida es un estado que utiliza un sistema conocido como <\/span><a href=\"https:\/\/www.investopedia.com\/terms\/c\/comparative-negligence.asp\" target=\"_blank\" rel=\"noopener\"><span style=\"font-weight: 400;\">negligencia comparativa<\/span><\/a><span style=\"font-weight: 400;\">. La cantidad de compensaci\u00f3n que recibe est\u00e1 determinada por el grado de su negligencia. Si su participaci\u00f3n en el accidente es del 10%, el tribunal otorgar\u00e1 solo el 90% de la compensaci\u00f3n total. Debe demostrar la negligencia de la parte culpable para reclamarle una indemnizaci\u00f3n. Hay cuatro elementos importantes que intervienen en la prueba de negligencia:<\/span><\/p>\n<ul>\n<li><span style=\"font-weight: 400;\"> La parte culpable tiene el deber de cuidar al demandante.<\/span><\/li>\n<li><span style=\"font-weight: 400;\"> La parte culpable viol\u00f3 su deber de cuidado al comportarse imprudentemente<\/span><\/li>\n<li><span style=\"font-weight: 400;\"> El accidente se debi\u00f3 a esta infracci\u00f3n.<\/span><\/li>\n<li><span style=\"font-weight: 400;\"> Result\u00f3 lesionado como resultado directo del accidente.<\/span><\/li>\n<\/ul>\n<h2><b>\u00bfCu\u00e1nto tiempo tengo para presentar un reclamo por lesiones personales en Florida?<\/b><\/h2>\n<p><span style=\"font-weight: 400;\">Tiene cuatro a\u00f1os a partir de la fecha del accidente para presentar una demanda por lesiones personales. De lo contrario, el estatuto de limitaciones entrar\u00e1 en vigencia y har\u00e1 que sea casi imposible presentar el caso.<\/span><\/p>\n<h2><b>\u00bfCu\u00e1nto costar\u00e1 un abogado de lesiones personales en Miami Springs?<\/b><\/h2>\n<p><span style=\"font-weight: 400;\">No tiene que pagar nada para contratar a un abogado de lesiones personales en Miami Springs. De hecho, los abogados de Miami Lawyers 360 trabajan con honorarios de contingencia. Solo le paga al abogado una vez que gana el caso por usted. Tienes que pagar un porcentaje del premio una vez que ganes el caso.<\/span><\/p>\n<h2><b>Tipos de casos de lesiones personales que manejamos en Miami Lawyers 360?<\/b><\/h2>\n<p><span style=\"font-weight: 400;\">Manejamos una amplia variedad de casos de lesiones personales en Miami Lawyers 360. Estos son algunos de los muchos casos de lesiones personales que manejamos:<\/span><\/p>\n<h3><b>Accidentes automovil\u00edsticos<\/b><\/h3>\n<p><span style=\"font-weight: 400;\">Los accidentes automovil\u00edsticos son comunes en Miami Springs Florida. Nuestros <a href=\"https:\/\/miamilawyers360.com\/es\/miami-springs\/abogado-accidentes-automovilisticos\/\">abogados de accidentes automovil\u00edsticos<\/a> tienen la experiencia necesaria para probar su caso y ganar la m\u00e1xima compensaci\u00f3n.<\/span><\/p>\n<h3><b>Accidentes laborales<\/b><\/h3>\n<p><span style=\"font-weight: 400;\">Tenemos mucha experiencia en el manejo de todo tipo de <a href=\"https:\/\/miamilawyers360.com\/es\/miami-springs\/abogado-compensacion-laboral\/\">accidentes laborales en Miami Springs<\/a> FL.<\/span><\/p>\n<h2><b>Presente su reclamo con nuestros abogados de lesiones personales en Miami Springs<\/b><\/h2>\n<p><span style=\"font-weight: 400;\">Cuando usted o alguien de su familia se lesiona debido a la culpa de otra persona, tiene derecho a reclamar una indemnizaci\u00f3n por sus lesiones. Miami Lawyers 360 es su socio en el manejo de la demanda por lesiones personales. Llame a Miami Lawyers 360 al <a href=\"tel:+17866862857\"><i class=\"fa fa-phone-alt\"><\/i>(786) 686-2857<\/a> para manejar su demanda por lesiones personales en Miami Springs FL y obtener la m\u00e1xima compensaci\u00f3n en el proceso.<\/span><\/p>\n","protected":false},"excerpt":{"rendered":"<p>Si la negligencia de alguien le hace sufrir una lesi\u00f3n en Florida, tiene derecho a reclamar una indemnizaci\u00f3n a la parte responsable. Probar negligencia en un reclamo por lesiones personales es bastante complejo y requiere la experiencia de un abogado de lesiones personales h\u00e1bil y experimentado en Miami Springs. Aunque pueda pensar que puede ahorrar [&hellip;]<\/p>\n","protected":false},"author":22,"featured_media":0,"parent":4660,"menu_order":0,"comment_status":"closed","ping_status":"closed","template":"","meta":{"_acf_changed":false,"anchor_text":"","footnotes":""},"class_list":["post-1775","page","type-page","status-publish","hentry"],"acf":[],"_links":{"self":[{"href":"https:\/\/miamilawyers360.com\/es\/wp-json\/wp\/v2\/pages\/1775","targetHints":{"allow":["GET"]}}],"collection":[{"href":"https:\/\/miamilawyers360.com\/es\/wp-json\/wp\/v2\/pages"}],"about":[{"href":"https:\/\/miamilawyers360.com\/es\/wp-json\/wp\/v2\/types\/page"}],"author":[{"embeddable":true,"href":"https:\/\/miamilawyers360.com\/es\/wp-json\/wp\/v2\/users\/22"}],"replies":[{"embeddable":true,"href":"https:\/\/miamilawyers360.com\/es\/wp-json\/wp\/v2\/comments?post=1775"}],"version-history":[{"count":2,"href":"https:\/\/miamilawyers360.com\/es\/wp-json\/wp\/v2\/pages\/1775\/revisions"}],"predecessor-version":[{"id":5293,"href":"https:\/\/miamilawyers360.com\/es\/wp-json\/wp\/v2\/pages\/1775\/revisions\/5293"}],"up":[{"embeddable":true,"href":"https:\/\/miamilawyers360.com\/es\/wp-json\/wp\/v2\/pages\/4660"}],"wp:attachment":[{"href":"https:\/\/miamilawyers360.com\/es\/wp-json\/wp\/v2\/media?parent=1775"}],"curies":[{"name":"wp","href":"https:\/\/api.w.org\/{rel}","templated":true}]}}