{"id":1777,"date":"2015-11-08T12:26:00","date_gmt":"2015-11-08T12:26:00","guid":{"rendered":"http:\/\/miamilawyers360.com\/miami\/uninsured-motorist-accident-lawyer\/"},"modified":"2021-12-28T15:21:28","modified_gmt":"2021-12-28T15:21:28","slug":"sin-seguro","status":"publish","type":"page","link":"https:\/\/miamilawyers360.com\/es\/miami\/sin-seguro\/","title":{"rendered":"Abogado de accidentes de automovilistas sin seguro en Miami"},"content":{"rendered":"<p><span style=\"font-weight: 400;\">La cobertura de automovilista sin seguro es una cobertura adicional que est\u00e1 disponible en su compa\u00f1\u00eda de seguros de autom\u00f3viles. Lo protege si tiene un <\/span><a href=\"https:\/\/miamilawyers360.com\/es\/miami\/abogado-accidente-carro\/\"><span style=\"font-weight: 400;\">accidente automovil\u00edstico<\/span><\/a><span style=\"font-weight: 400;\"> con un conductor que no tiene seguro de autom\u00f3vil, y se considera que el accidente es culpa de ese conductor.<\/span><\/p>\n<p><span style=\"font-weight: 400;\">Si tiene un accidente causado por otro conductor que no tiene seguro de autom\u00f3vil, a\u00fan puede estar cubierto por sus da\u00f1os si tiene la cobertura adicional para conductores sin seguro. No es una buena idea tratar de demandar a alguien que causa un accidente si esa persona no tiene seguro. Puede suponer que el conductor no tiene mucho dinero a mano si no est\u00e1 asegurado. Puede ganar la demanda, pero no recibir\u00e1 su compensaci\u00f3n.<\/span><\/p>\n<p><span style=\"font-weight: 400;\">La mejor opci\u00f3n es presentar un reclamo ante su propia compa\u00f1\u00eda de seguros por un monto que est\u00e9 dentro de los l\u00edmites de su propia cobertura de conductor sin seguro. Nuestros abogados de accidentes de automovilistas sin seguro en Miami est\u00e1n aqu\u00ed para ayudarlo.<\/span><\/p>\n\t\t<div data-elementor-type=\"section\" data-elementor-id=\"1714\" class=\"elementor elementor-1714 elementor-208\" data-elementor-post-type=\"elementor_library\">\n\t\t\t\t\t<section class=\"elementor-section elementor-top-section elementor-element elementor-element-37c5f16 elementor-section-boxed elementor-section-height-default elementor-section-height-default\" data-id=\"37c5f16\" data-element_type=\"section\" data-e-type=\"section\">\n\t\t\t\t\t\t<div class=\"elementor-container elementor-column-gap-default\">\n\t\t\t\t\t<div class=\"elementor-column elementor-col-100 elementor-top-column elementor-element elementor-element-f303a68 section-toc\" data-id=\"f303a68\" data-element_type=\"column\" data-e-type=\"column\">\n\t\t\t<div class=\"elementor-widget-wrap elementor-element-populated\">\n\t\t\t\t\t\t<div class=\"elementor-element elementor-element-f0ad866 elementor-toc--minimized-on-tablet elementor-widget elementor-widget-table-of-contents\" data-id=\"f0ad866\" data-element_type=\"widget\" data-e-type=\"widget\" data-settings=\"{&quot;exclude_headings_by_selector&quot;:&quot;.toc-remove&quot;,&quot;headings_by_tags&quot;:[&quot;h2&quot;,&quot;h3&quot;,&quot;h4&quot;,&quot;h5&quot;,&quot;h6&quot;],&quot;marker_view&quot;:&quot;numbers&quot;,&quot;no_headings_message&quot;:&quot;No se ha encontrado ning\\u00fan encabezado en esta p\\u00e1gina.&quot;,&quot;minimize_box&quot;:&quot;yes&quot;,&quot;minimized_on&quot;:&quot;tablet&quot;,&quot;hierarchical_view&quot;:&quot;yes&quot;,&quot;min_height&quot;:{&quot;unit&quot;:&quot;px&quot;,&quot;size&quot;:&quot;&quot;,&quot;sizes&quot;:[]},&quot;min_height_tablet&quot;:{&quot;unit&quot;:&quot;px&quot;,&quot;size&quot;:&quot;&quot;,&quot;sizes&quot;:[]},&quot;min_height_mobile&quot;:{&quot;unit&quot;:&quot;px&quot;,&quot;size&quot;:&quot;&quot;,&quot;sizes&quot;:[]}}\" data-widget_type=\"table-of-contents.default\">\n\t\t\t\t\t\t\t\t\t<div class=\"elementor-toc__header\">\n\t\t\t\t\t\t<h4 class=\"elementor-toc__header-title\">\n\t\t\t\tTable of Contents\t\t\t<\/h4>\n\t\t\t\t\t\t\t\t\t\t<div class=\"elementor-toc__toggle-button elementor-toc__toggle-button--expand\" role=\"button\" tabindex=\"0\" aria-controls=\"elementor-toc__f0ad866\" aria-expanded=\"true\" aria-label=\"Abrir la tabla de contenidos\"><svg aria-hidden=\"true\" class=\"e-font-icon-svg e-fas-chevron-down\" viewBox=\"0 0 448 512\" xmlns=\"http:\/\/www.w3.org\/2000\/svg\"><path d=\"M207.029 381.476L12.686 187.132c-9.373-9.373-9.373-24.569 0-33.941l22.667-22.667c9.357-9.357 24.522-9.375 33.901-.04L224 284.505l154.745-154.021c9.379-9.335 24.544-9.317 33.901.04l22.667 22.667c9.373 9.373 9.373 24.569 0 33.941L240.971 381.476c-9.373 9.372-24.569 9.372-33.942 0z\"><\/path><\/svg><\/div>\n\t\t\t\t<div class=\"elementor-toc__toggle-button elementor-toc__toggle-button--collapse\" role=\"button\" tabindex=\"0\" aria-controls=\"elementor-toc__f0ad866\" aria-expanded=\"true\" aria-label=\"Cerrar la tabla de contenidos\"><svg aria-hidden=\"true\" class=\"e-font-icon-svg e-fas-chevron-up\" viewBox=\"0 0 448 512\" xmlns=\"http:\/\/www.w3.org\/2000\/svg\"><path d=\"M240.971 130.524l194.343 194.343c9.373 9.373 9.373 24.569 0 33.941l-22.667 22.667c-9.357 9.357-24.522 9.375-33.901.04L224 227.495 69.255 381.516c-9.379 9.335-24.544 9.317-33.901-.04l-22.667-22.667c-9.373-9.373-9.373-24.569 0-33.941L207.03 130.525c9.372-9.373 24.568-9.373 33.941-.001z\"><\/path><\/svg><\/div>\n\t\t\t\t\t<\/div>\n\t\t\t\t<div id=\"elementor-toc__f0ad866\" class=\"elementor-toc__body\">\n\t\t\t<div class=\"elementor-toc__spinner-container\">\n\t\t\t\t<svg class=\"elementor-toc__spinner eicon-animation-spin e-font-icon-svg e-eicon-loading\" aria-hidden=\"true\" viewBox=\"0 0 1000 1000\" xmlns=\"http:\/\/www.w3.org\/2000\/svg\"><path d=\"M500 975V858C696 858 858 696 858 500S696 142 500 142 142 304 142 500H25C25 237 238 25 500 25S975 237 975 500 763 975 500 975Z\"><\/path><\/svg>\t\t\t<\/div>\n\t\t<\/div>\n\t\t\t\t\t\t<\/div>\n\t\t\t\t\t<\/div>\n\t\t<\/div>\n\t\t\t\t\t<\/div>\n\t\t<\/section>\n\t\t\t\t<\/div>\n\t\t\n<h2><b>\u00bfCu\u00e1les son los l\u00edmites de cobertura de conductores sin seguro de Florida?<\/b><\/h2>\n<p><span style=\"font-weight: 400;\">La mayor\u00eda de los estados requieren que las aseguradoras de autom\u00f3viles incluyan una cantidad m\u00ednima de cobertura de automovilista no asegurado en cada p\u00f3liza de seguro de autom\u00f3vil, generalmente alrededor de $ 20,000, pero, por supuesto, puede comprar cobertura adicional para personas sin seguro.<\/span><\/p>\n<p><span style=\"font-weight: 400;\">La ley de Florida <\/span><a href=\"https:\/\/wallethub.com\/answers\/ci\/do-i-need-uninsured-motorist-coverage-in-florida-if-i-have-health-insurance-2140731537\/\" target=\"_blank\" rel=\"noopener\"><span style=\"font-weight: 400;\">no requiere cobertura de automovilista sin seguro<\/span><\/a><span style=\"font-weight: 400;\"> si tiene seguro m\u00e9dico, pero a\u00fan as\u00ed es beneficioso tenerlo.<\/span><\/p>\n<p><span style=\"font-weight: 400;\">Hay algunos l\u00edmites para la cobertura de automovilistas sin seguro. Hay una cantidad m\u00ednima para cada p\u00f3liza de seguro de autom\u00f3vil (generalmente alrededor de $ 20,000), pero puede comprar m\u00e1s. Sin embargo, la cantidad que compra no puede exceder la cantidad total de su cobertura primaria.<\/span><\/p>\n<p><span style=\"font-weight: 400;\">Si tiene una cobertura de $ 150,000 para usted, entonces no puede tener m\u00e1s de $ 150,000 de cobertura para automovilistas sin seguro. El prop\u00f3sito de esta limitaci\u00f3n es evitar que los clientes de la compa\u00f1\u00eda de seguros compren una cantidad excesiva de la cobertura no asegurada menos costosa y compren una cantidad desproporcionadamente baja de la cobertura de responsabilidad m\u00e1s costosa.<\/span><\/p>\n<h2><b>\u00bfCu\u00e1les son los beneficios de la cobertura para conductores sin seguro?<\/b><\/h2>\n<p><span style=\"font-weight: 400;\">Existe un beneficio sencillo de tener <\/span><a href=\"http:\/\/www.leg.state.fl.us\/STATUTES\/index.cfm?App_mode=Display_Statute&amp;URL=0600-0699\/0627\/Sections\/0627.727.html\" target=\"_blank\" rel=\"noopener\"><span style=\"font-weight: 400;\">cobertura de automovilista sin seguro<\/span><\/a><span style=\"font-weight: 400;\">. Si lo atropella un conductor sin seguro, est\u00e1 cubierto. Es as\u00ed de simple. Hay mucha gente conduciendo sin seguro y cuando provocan accidentes, debes saber que tus gastos estar\u00e1n cubiertos y que tienes tanto seguro para este accidente como para cualquier otro.<\/span><\/p>\n<h2><b>\u00bfCu\u00e1les son las desventajas de la cobertura para conductores sin seguro?<\/b><\/h2>\n<p><span style=\"font-weight: 400;\">Realmente no hay inconvenientes en tener cobertura de automovilista sin seguro a menos que lo vea como una p\u00e9rdida de dinero en caso de que nunca encuentre un accidente con un conductor sin seguro. Aparte de esto, existe el punto v\u00e1lido de que una vez que presente un reclamo con su cobertura de automovilista sin seguro, es posible que est\u00e9 renunciando al derecho de reclamar da\u00f1os al conductor sin seguro y tendr\u00e1 que conformarse con la cantidad <\/span>por la que est\u00e9 asegurado .<\/p>\n<p><a href=\"http:\/\/miamilawyers360.com\/wp-content\/uploads\/2021\/03\/MiamiLawyers360-Uninsured-motorist-accident-lawyer.jpg\"><img fetchpriority=\"high\" decoding=\"async\" class=\"alignnone wp-image-1054 size-full\" src=\"http:\/\/miamilawyers360.com\/wp-content\/uploads\/2021\/03\/MiamiLawyers360-Uninsured-motorist-accident-lawyer.jpg\" alt=\"Drivers arguing after crash. Call our Miami uninsured motorist accident lawyers\" width=\"500\" height=\"333\" title=\"\" srcset=\"https:\/\/miamilawyers360.com\/wp-content\/uploads\/2021\/03\/MiamiLawyers360-Uninsured-motorist-accident-lawyer.jpg 500w, https:\/\/miamilawyers360.com\/wp-content\/uploads\/2021\/03\/MiamiLawyers360-Uninsured-motorist-accident-lawyer-300x200.jpg 300w\" sizes=\"(max-width: 500px) 100vw, 500px\" \/><\/a><\/p>\n<p><span style=\"font-weight: 400;\">Sin embargo, debido a que rara vez se puede demandar con \u00e9xito a alguien que no tiene nada que ofrecerle, esto no es un gran inconveniente. Es mejor obtener lo que pueda que no obtener nada de la persona que probablemente no pueda pagar un seguro.<\/span><\/p>\n<h2><b>C\u00f3mo presentar un reclamo por automovilista sin seguro<\/b><\/h2>\n<p><span style=\"font-weight: 400;\">Comun\u00edquese con su compa\u00f1\u00eda de seguros tan pronto como pueda despu\u00e9s de un accidente con un conductor potencialmente no asegurado. Existen plazos estrictos con algunas p\u00f3lizas en las que debe notificar r\u00e1pidamente a su compa\u00f1\u00eda de seguros sobre el posible reclamo.<\/span><\/p>\n<p><span style=\"font-weight: 400;\">Este plazo no puede ser superior a un mes, por lo que no querr\u00e1 esperar para llamar a su compa\u00f1\u00eda de seguros. Incluso si el otro conductor no declara espec\u00edficamente que no tiene seguro, sino que simplemente se niega a brindarle su informaci\u00f3n, debe informar a su compa\u00f1\u00eda de seguros de esta situaci\u00f3n de inmediato.<\/span><\/p>\n<p><span style=\"font-weight: 400;\">Su reclamo de automovilista no asegurado proceder\u00e1 de la misma manera que cualquier otro reclamo, con la \u00fanica excepci\u00f3n de que tratar\u00e1 con su propia compa\u00f1\u00eda de seguros. Todav\u00eda habr\u00e1 una investigaci\u00f3n exhaustiva y la recopilaci\u00f3n de pruebas (como registros m\u00e9dicos y declaraciones de testigos).<\/span><\/p>\n<p><span style=\"font-weight: 400;\">La principal diferencia con la que tendr\u00e1 que trabajar es que no puede presentar una demanda contra su propia compa\u00f1\u00eda de seguros. Si no puede llegar a un acuerdo sobre un acuerdo financiero justo, tendr\u00e1 que someter la reclamaci\u00f3n a arbitraje vinculante. Esto es m\u00e1s informal que un juicio y permite que su caso sea decidido por uno o m\u00e1s \u00e1rbitros. Cualquiera que sea la decisi\u00f3n que tomen en el arbitraje es la decisi\u00f3n que tendr\u00e1 que seguir.<\/span><\/p>\n<h2><b>Comun\u00edquese con nuestros abogados de accidentes de automovilistas sin seguro en Miami<\/b><\/h2>\n<p><span style=\"font-weight: 400;\">Es aconsejable contar con un abogado calificado en accidentes de automovilistas sin seguro de Miami que lo represente cuando busque un acuerdo financiero con la compa\u00f1\u00eda de seguros. Aqu\u00ed en Miami Lawyers 360, estamos disponibles las 24 horas del d\u00eda, los 7 d\u00edas de la semana para responder sus preguntas. Llame a nuestro <a href=\"\/es\/\">bufete de abogados con experiencia en accidentes automovil\u00edsticos<\/a> al <a href=\"tel:+17866862857\">(786) 686-2857<\/a> o complete nuestro formulario de contacto para programar una consulta gratuita.<\/span><\/p>\n","protected":false},"excerpt":{"rendered":"<p>La cobertura de automovilista sin seguro es una cobertura adicional que est\u00e1 disponible en su compa\u00f1\u00eda de seguros de autom\u00f3viles. Lo protege si tiene un accidente automovil\u00edstico con un conductor que no tiene seguro de autom\u00f3vil, y se considera que el accidente es culpa de ese conductor. Si tiene un accidente causado por otro conductor [&hellip;]<\/p>\n","protected":false},"author":29,"featured_media":0,"parent":1747,"menu_order":0,"comment_status":"closed","ping_status":"closed","template":"","meta":{"_acf_changed":false,"anchor_text":"","footnotes":""},"categories":[75],"tags":[65],"class_list":["post-1777","page","type-page","status-publish","hentry","category-miami-ubicacion","tag-accidentes-automovilisticos-es"],"acf":[],"_links":{"self":[{"href":"https:\/\/miamilawyers360.com\/es\/wp-json\/wp\/v2\/pages\/1777","targetHints":{"allow":["GET"]}}],"collection":[{"href":"https:\/\/miamilawyers360.com\/es\/wp-json\/wp\/v2\/pages"}],"about":[{"href":"https:\/\/miamilawyers360.com\/es\/wp-json\/wp\/v2\/types\/page"}],"author":[{"embeddable":true,"href":"https:\/\/miamilawyers360.com\/es\/wp-json\/wp\/v2\/users\/29"}],"replies":[{"embeddable":true,"href":"https:\/\/miamilawyers360.com\/es\/wp-json\/wp\/v2\/comments?post=1777"}],"version-history":[{"count":0,"href":"https:\/\/miamilawyers360.com\/es\/wp-json\/wp\/v2\/pages\/1777\/revisions"}],"up":[{"embeddable":true,"href":"https:\/\/miamilawyers360.com\/es\/wp-json\/wp\/v2\/pages\/1747"}],"wp:attachment":[{"href":"https:\/\/miamilawyers360.com\/es\/wp-json\/wp\/v2\/media?parent=1777"}],"wp:term":[{"taxonomy":"category","embeddable":true,"href":"https:\/\/miamilawyers360.com\/es\/wp-json\/wp\/v2\/categories?post=1777"},{"taxonomy":"post_tag","embeddable":true,"href":"https:\/\/miamilawyers360.com\/es\/wp-json\/wp\/v2\/tags?post=1777"}],"curies":[{"name":"wp","href":"https:\/\/api.w.org\/{rel}","templated":true}]}}