{"id":1778,"date":"2015-11-08T12:04:33","date_gmt":"2015-11-08T17:04:33","guid":{"rendered":"https:\/\/miamilawyers360.com\/miami\/workers-compensation-attorney\/"},"modified":"2026-03-12T13:31:46","modified_gmt":"2026-03-12T17:31:46","slug":"compensacion-laboral","status":"publish","type":"page","link":"https:\/\/miamilawyers360.com\/es\/miami\/compensacion-laboral\/","title":{"rendered":"\u200b\u200bAbogado de Compensaci\u00f3n Laboral de Miami"},"content":{"rendered":"<p><span style=\"font-weight: 400;\">Un <\/span><b><i>abogado de compensaci\u00f3n para trabajadores de Miami <\/i><\/b><span style=\"font-weight: 400;\">puede ayudarlo a trav\u00e9s del sistema legal de compensaci\u00f3n para trabajadores. El sistema est\u00e1 dise\u00f1ado \u00fanicamente para proteger a los trabajadores que han sido v\u00edctimas de lesiones en el trabajo. En Florida, estos beneficios est\u00e1n disponibles para los trabajadores lesionados independientemente de la culpa, lo que significa que un empleado puede cobrar los beneficios de compensaci\u00f3n para trabajadores incluso si es responsable del accidente que provoc\u00f3 sus lesiones.<\/span><\/p>\n<p><span style=\"font-weight: 400;\">Si est\u00e1 involucrado en una lesi\u00f3n laboral y necesita el consejo de <a href=\"https:\/\/miamilawyers360.com\/es\/miami\/abogado-lesiones-personales\/\">un abogado de lesiones personales<\/a> de Miami sobre el seguro de compensaci\u00f3n para trabajadores, tenemos un abogado de compensaci\u00f3n para trabajadores que puede responder estas preguntas con m\u00e1s detalle. Obtenga una consulta gratuita de un abogado de compensaci\u00f3n laboral que est\u00e9 familiarizado con la junta de compensaci\u00f3n laboral.<\/span><\/p>\n<div class=\"embed-container\"><iframe src=\"https:\/\/www.youtube.com\/embed\/b8Jhp8h3yzA\" frameborder=\"0\" allowfullscreen=\"allowfullscreen\"><\/iframe><\/div>\n\n<h2><b>\u00bfEst\u00e1 cubierto por un seguro de compensaci\u00f3n para trabajadores?<\/b><\/h2>\n<p><span style=\"font-weight: 400;\">Los trabajadores pueden preocuparse de que su empleador no tenga cobertura de compensaci\u00f3n de trabajadores, dej\u00e1ndolos drogados en caso de un accidente grave. Afortunadamente, excepto por algunas exenciones espec\u00edficas, la gran mayor\u00eda de los empleadores en Florida est\u00e1n cubiertos por el sistema de compensaci\u00f3n laboral.<\/span><\/p>\n<p><span style=\"font-weight: 400;\">La ley dice que si su empleador est\u00e1 en cualquier industria que no sea la construcci\u00f3n y tiene cuatro o m\u00e1s empleados, ya sea a tiempo completo o parcial, entonces el empleador debe tener cobertura de compensaci\u00f3n para trabajadores. Los empleadores de la industria de la construcci\u00f3n deben tener un seguro que cubra a cada empleado que necesite compensaci\u00f3n para trabajadores si tienen uno o m\u00e1s empleados. Para mayor claridad, un abogado de compensaci\u00f3n de trabajadores de Miami Florida puede ayudar.<\/span><\/p>\n<h2><b>\u00bfQu\u00e9 debe hacer si se lesiona en el trabajo?<\/b><\/h2>\n<p><span style=\"font-weight: 400;\">Si ha resultado lesionado en un accidente en el lugar de trabajo, hay algunas cosas que debe hacer. Primero, incluso antes de ponerse en contacto con un abogado de compensaci\u00f3n de trabajadores, debe notificar a su empleador lo antes posible. Esto significa decirle a su supervisor inmediato o alguna otra persona en un puesto de autoridad en la oficina.<\/span><\/p>\n<p><span style=\"font-weight: 400;\">Esta notificaci\u00f3n puede realizarse en persona, oralmente o por escrito. Cuando notifique a su empleador, debe pedirle que complete un aviso de lesi\u00f3n lo antes posible para que pueda estar seguro de que el reclamo llega a la compa\u00f1\u00eda de seguros de su empleador.<\/span><\/p>\n<p><span style=\"font-weight: 400;\">Si ha resultado lesionado, tambi\u00e9n debe buscar tratamiento m\u00e9dico. Si su empresa tiene un m\u00e9dico en el lugar, vaya all\u00ed. Si no es as\u00ed, puede acudir a su propio m\u00e9dico. Lo importante es que busque tratamiento m\u00e9dico lo antes posible para que se registre el alcance de sus lesiones y no pueda ser cuestionado con tanta facilidad en el futuro. Y despu\u00e9s de haber notificado a su empleador y haber recibido atenci\u00f3n m\u00e9dica, debe comunicarse con un abogado de lesiones personales familiarizado con la competencia laboral en Florida para obtener asesoramiento.<\/span><\/p>\n<h2><b>\u00bfQu\u00e9 tan pronto debo informar mi lesi\u00f3n laboral?<\/b><\/h2>\n<p><span style=\"font-weight: 400;\">Los trabajadores lesionados deben informar el accidente relacionado con el trabajo lo antes posible, pero deben hacerlo a m\u00e1s tardar 30 d\u00edas despu\u00e9s de la fecha en que ocurri\u00f3 el accidente. Si no informa su lesi\u00f3n dentro de los 30 d\u00edas, su reclamo puede correr el riesgo de ser rechazado.<\/span><\/p>\n<h2><b>\u00bfQu\u00e9 sucede si su empleador no informa la lesi\u00f3n?<\/b><\/h2>\n<p><span style=\"font-weight: 400;\">Adem\u00e1s de tener que informar el accidente a su empleador, su empleador tiene sus propias obligaciones. Su empleador debe reportar la lesi\u00f3n a su transportista r\u00e1pidamente para asegurarse de que el reclamo se procese de manera oportuna y usted pueda comenzar a recibir sus beneficios r\u00e1pidamente. Si se niegan a informar el reclamo, puede comunicarse con la compa\u00f1\u00eda de seguros e informar el accidente usted mismo.<\/span><\/p>\n<p><span style=\"font-weight: 400;\">La informaci\u00f3n del seguro de compensaci\u00f3n para trabajadores debe publicarse en alg\u00fan lugar de la oficina, proporcionando la informaci\u00f3n de contacto de la compa\u00f1\u00eda de seguros. Si no es as\u00ed, puede llamar a la Oficina de Compensaci\u00f3n para Trabajadores de Florida, Asistencia al Empleado y la Oficina del Defensor del Pueblo para que le ayuden a encontrar esta informaci\u00f3n, o nuevamente, comun\u00edquese con un abogado local de compensaci\u00f3n para trabajadores de Miami Florida para obtener ayuda.<\/span><\/p>\n<h2><b>\u00bfEs un reclamo de indemnizaci\u00f3n laboral lo mismo que una demanda?<\/b><\/h2>\n<p><span style=\"font-weight: 400;\">Esto puede resultar comprensiblemente confuso para los trabajadores que nunca antes se han ocupado de un reclamo de compensaci\u00f3n de trabajadores. Aunque podr\u00eda tener sentido que un reclamo de compensaci\u00f3n laboral sea lo mismo que una demanda contra su empleador, la realidad es muy diferente. Un reclamo de compensaci\u00f3n al trabajador no es una demanda contra su empleador, es m\u00e1s bien un reclamo contra la p\u00f3liza de seguro que su empleador ha comprado. Para obtener m\u00e1s informaci\u00f3n sobre la ley de compensaci\u00f3n para trabajadores, un buen abogado de compensaci\u00f3n para trabajadores puede brindarle una buena perspectiva.<\/span><\/p>\n<h3><b>\u00bfPuede demandar en lugar de presentar un reclamo de indemnizaci\u00f3n laboral?<\/b><\/h3>\n<p><span style=\"font-weight: 400;\">\u00bfQu\u00e9 pasa si prefiere presentar una demanda contra su empleador o compa\u00f1ero de trabajo, en lugar de presentar una reclamaci\u00f3n de compensaci\u00f3n para trabajadores, est\u00e1 permitido? Lamentablemente no. En Florida y muchos otros estados, la compensaci\u00f3n para trabajadores es lo que se conoce como un recurso exclusivo. Esto significa que un empleado no puede presentar un reclamo por lesiones personales contra su empleador, incluso si no se presenta un reclamo de compensaci\u00f3n para trabajadores. La \u00fanica excepci\u00f3n a esto son los reclamos por lesiones en el lugar de trabajo que se relacionan con un tercero, que a\u00fan pueden presentarse ante los tribunales. Por ejemplo, si un visitante de otra empresa que ingres\u00f3 a su lugar de trabajo lo lastim\u00f3, podr\u00eda presentar una demanda civil contra esa persona, pero no contra su empresa.<\/span><\/p>\n<h2><b>Determinaci\u00f3n de la culpa en un reclamo de indemnizaci\u00f3n por accidentes de trabajo<\/b><\/h2>\n<p><span style=\"font-weight: 400;\">A diferencia de muchos otros asuntos de lesiones personales, el sistema de compensaci\u00f3n para trabajadores es algo extra\u00f1o porque opera sin culpa. Esto significa que los beneficios de compensaci\u00f3n para trabajadores se pagan independientemente de la culpa del empleado o de la causa precisa de la lesi\u00f3n. Esto puede ser muy bueno para los empleados, ya que elimina la necesidad de culpar a su jefe o compa\u00f1eros de trabajo y acelera el proceso, ya que una investigaci\u00f3n sobre la causa exacta del accidente no tiene por qu\u00e9 ralentizar las cosas.<\/span><\/p>\n<p><span style=\"font-weight: 400;\">Tambi\u00e9n es bueno porque los empleados no tienen que preocuparse por quedarse con costosas facturas m\u00e9dicas si tienen la culpa del accidente. La ley dice que la culpa de un empleado solo importa si la lesi\u00f3n del empleado fue causada por alguna forma de intoxicaci\u00f3n en el trabajo o por la intenci\u00f3n deliberada de lastimarse a s\u00ed mismo. En estos casos, se puede negar la reclamaci\u00f3n de compensaci\u00f3n para trabajadores. Sin embargo, si se niega el reclamo y la v\u00edctima es inocente, comun\u00edquese sin demora con un abogado de compensaci\u00f3n laboral de <\/span><a href=\"https:\/\/en.wikipedia.org\/wiki\/Miami\" target=\"_blank\" rel=\"noopener\"><span style=\"font-weight: 400;\">Miami, Florida<\/span><\/a><span style=\"font-weight: 400;\"> .<\/span><\/p>\n<h2><b>\u00bfQu\u00e9 beneficios ofrece un abogado de indemnizaci\u00f3n laboral en Miami?<\/b><\/h2>\n<p><span style=\"font-weight: 400;\">En primer lugar, los empleadores deben cubrir todos y cada uno de los costos m\u00e9dicos relacionados con su lesi\u00f3n en el lugar de trabajo. Adem\u00e1s, los trabajadores pueden recibir una compensaci\u00f3n por el tiempo fuera del trabajo debido a estas lesiones. Esto se pagar\u00e1 a 2\/3 de su salario semanal promedio previo a la lesi\u00f3n. Otra buena noticia: los beneficios de compensaci\u00f3n para trabajadores no est\u00e1n sujetos a impuestos, lo que significa que una mayor parte de lo que recibe se queda en su bolsillo. Un abogado de compensaci\u00f3n de trabajadores puede ayudar con todo esto porque todos los buenos abogados de compensaci\u00f3n de trabajadores deben estar muy familiarizados con TODOS los aspectos del seguro de compensaci\u00f3n de trabajadores.<\/span><\/p>\n<p><img fetchpriority=\"high\" decoding=\"async\" class=\"alignnone size-full wp-image-1141\" src=\"https:\/\/miamilawyers360.com\/wp-content\/uploads\/2021\/03\/Source-01.jpg\" alt=\"\" width=\"3334\" height=\"8334\" \/><\/p>\n<h2><b>\u00bfCu\u00e1nto tiempo puede recibir los beneficios de compensaci\u00f3n para trabajadores?<\/b><\/h2>\n<p><span style=\"font-weight: 400;\">En Florida, los trabajadores pueden continuar recibiendo beneficios por p\u00e9rdida de salario siempre que est\u00e9n en un estado sin trabajo o tengan restricciones de trabajo liviano establecidas sin opciones de trabajo liviano proporcionadas por su empleador. En estos casos, los trabajadores pueden recibir un m\u00e1ximo de 104 semanas de beneficios.<\/span><\/p>\n<h3><b>\u00bfQu\u00e9 sucede si sigue lesionado despu\u00e9s de 104 semanas?<\/b><\/h3>\n<p><span style=\"font-weight: 400;\">Aunque es bueno saber que los trabajadores lesionados pueden esperar recibir 2 a\u00f1os de beneficios, \u00bfQu\u00e9 sucede si sufri\u00f3 una lesi\u00f3n grave y no se recupera en 2 a\u00f1os? En ese caso, puede ser elegible para recibir beneficios por discapacidad permanente. Suponiendo que las lesiones sean lo suficientemente graves como para justificarlo, estos beneficios por discapacidad total permanente se pueden pagar hasta que la persona cumpla 75 a\u00f1os.<\/span><\/p>\n<h3><b>\u00bfPuede elegir su propio m\u00e9dico?<\/b><\/h3>\n<p><span style=\"font-weight: 400;\">Hay algunas excepciones a la regla general, pero por lo general, una persona no tiene derecho a elegir su propio m\u00e9dico en un caso de compensaci\u00f3n para trabajadores. Esto se debe a que, en la mayor\u00eda de los casos, la compa\u00f1\u00eda de seguros elegir\u00e1 al m\u00e9dico. Dicho esto, como empleado lesionado, tiene derecho a presentar una solicitud de cambio de m\u00e9dico por \u00fanica vez. Si la compa\u00f1\u00eda de seguros no selecciona un nuevo m\u00e9dico para que lo vea dentro de los cinco d\u00edas, entonces tendr\u00e1 derecho a buscar tratamiento con un m\u00e9dico de su elecci\u00f3n. Busque el consejo de un abogado de compensaci\u00f3n de trabajadores de Miami Florida para obtener su asesoramiento sobre sus opciones.<\/span><\/p>\n<h2><b>\u00bfCu\u00e1nto tiempo tengo para presentar una reclamaci\u00f3n de indemnizaci\u00f3n por accidentes de trabajo en Miami?<\/b><\/h2>\n<p><span style=\"font-weight: 400;\">El l\u00edmite de tiempo para presentar una reclamaci\u00f3n de beneficios es t\u00e9cnicamente de dos a\u00f1os. Sin embargo, esto puede depender de los hechos espec\u00edficos de su caso. Adem\u00e1s, incluso si un trabajador tiene dos a\u00f1os para presentar un reclamo, la realidad es que cualquier retraso en informar el accidente a su empleador o en buscar tratamiento m\u00e9dico puede socavar seriamente o incluso destruir su capacidad de presentar un reclamo de compensaci\u00f3n laboral exitoso. para obtener beneficios. Como resultado, es importante que act\u00fae r\u00e1pido y se ponga en contacto con un abogado calificado en compensaci\u00f3n de trabajadores de Miami Florida para comenzar el proceso de reclamo. Para obtener m\u00e1s informaci\u00f3n sobre el estatuto de limitaciones para reclamos de compensaci\u00f3n de trabajadores en Florida, <\/span><a href=\"https:\/\/miamilawyers360.com\/es\/estatuto-limitaciones-compensacion-trabajadores\/\"><span style=\"font-weight: 400;\">haga clic aqu\u00ed.<\/span><\/a><\/p>\n<h2><b>\u00bfPuede ser despedido debido a una reclamaci\u00f3n de indemnizaci\u00f3n laboral?<\/b><\/h2>\n<p><span style=\"font-weight: 400;\">Esta es una preocupaci\u00f3n com\u00fan entre los trabajadores lesionados, que si presentan un reclamo de compensaci\u00f3n de trabajadores podr\u00edan ser castigados o despedidos por su empleador. Afortunadamente, no hay raz\u00f3n para temer ser despedido por presentar un reclamo de compensaci\u00f3n para trabajadores. Si esto es una preocupaci\u00f3n, entonces el abogado de compensaci\u00f3n de trabajadores o el empleador deben ser educados sobre la forma en que debe funcionar el seguro de compensaci\u00f3n de trabajadores.<\/span><\/p>\n<p><span style=\"font-weight: 400;\">Los empleadores en Florida no pueden despedir a los trabajadores porque presentaron un reclamo ante un abogado de lesiones personales para obtener un seguro de compensaci\u00f3n para trabajadores. De hecho, los empleadores enfrentar\u00edan una seria responsabilidad civil si despidieran a alguien \u00fanicamente por presentar una reclamaci\u00f3n de compensaci\u00f3n para trabajadores. Si eso sucediera, el trabajador podr\u00eda demandar al empleador por despido injustificado, potencialmente cobrando da\u00f1os como resultado de la demanda.<\/span><\/p>\n<p><span style=\"font-weight: 400;\">Entonces, si ha sufrido una lesi\u00f3n en el trabajo en Miami, despu\u00e9s de notificar al empleador y luego buscar atenci\u00f3n m\u00e9dica, comun\u00edquese con un <\/span><b>Abogado de Compensaci\u00f3n Laboral de Miami Florida <\/b><span style=\"font-weight: 400;\">para programar una consulta gratuita sobre c\u00f3mo dar el siguiente paso para ayudarlo con su tiempo perdido del trabajo.<\/span><\/p>\n<p><a href=\"https:\/\/miamilawyers360.com\/es\/preguntas-frecuentes-compensacion-laboral\/\"><b>Preguntas frecuentes sobre reclamaciones de indemnizaci\u00f3n laboral en Florida<\/b><\/a><\/p>\n","protected":false},"excerpt":{"rendered":"<p>Un abogado de compensaci\u00f3n para trabajadores de Miami puede ayudarlo a trav\u00e9s del sistema legal de compensaci\u00f3n para trabajadores. El sistema est\u00e1 dise\u00f1ado \u00fanicamente para proteger a los trabajadores que han sido v\u00edctimas de lesiones en el trabajo. En Florida, estos beneficios est\u00e1n disponibles para los trabajadores lesionados independientemente de la culpa, lo que significa [&hellip;]<\/p>\n","protected":false},"author":22,"featured_media":0,"parent":4656,"menu_order":0,"comment_status":"closed","ping_status":"closed","template":"","meta":{"_acf_changed":false,"anchor_text":"","footnotes":""},"class_list":["post-1778","page","type-page","status-publish","hentry"],"acf":[],"_links":{"self":[{"href":"https:\/\/miamilawyers360.com\/es\/wp-json\/wp\/v2\/pages\/1778","targetHints":{"allow":["GET"]}}],"collection":[{"href":"https:\/\/miamilawyers360.com\/es\/wp-json\/wp\/v2\/pages"}],"about":[{"href":"https:\/\/miamilawyers360.com\/es\/wp-json\/wp\/v2\/types\/page"}],"author":[{"embeddable":true,"href":"https:\/\/miamilawyers360.com\/es\/wp-json\/wp\/v2\/users\/22"}],"replies":[{"embeddable":true,"href":"https:\/\/miamilawyers360.com\/es\/wp-json\/wp\/v2\/comments?post=1778"}],"version-history":[{"count":1,"href":"https:\/\/miamilawyers360.com\/es\/wp-json\/wp\/v2\/pages\/1778\/revisions"}],"predecessor-version":[{"id":4992,"href":"https:\/\/miamilawyers360.com\/es\/wp-json\/wp\/v2\/pages\/1778\/revisions\/4992"}],"up":[{"embeddable":true,"href":"https:\/\/miamilawyers360.com\/es\/wp-json\/wp\/v2\/pages\/4656"}],"wp:attachment":[{"href":"https:\/\/miamilawyers360.com\/es\/wp-json\/wp\/v2\/media?parent=1778"}],"curies":[{"name":"wp","href":"https:\/\/api.w.org\/{rel}","templated":true}]}}