{"id":1780,"date":"2021-04-14T19:09:21","date_gmt":"2021-04-14T19:09:21","guid":{"rendered":"http:\/\/miamilawyers360.com\/miami\/workers-compensation-disputes\/"},"modified":"2021-12-15T20:55:52","modified_gmt":"2021-12-15T20:55:52","slug":"disputas-compensacion-laboral","status":"publish","type":"page","link":"https:\/\/miamilawyers360.com\/es\/miami\/disputas-compensacion-laboral\/","title":{"rendered":"Disputas de compensaci\u00f3n laboral de Miami"},"content":{"rendered":"<p><span style=\"font-weight: 400;\">\u00a0\u00bfAnticipa la presentaci\u00f3n de una disputa por compensaci\u00f3n laboral en Miami?<\/span><\/p>\n<p><span style=\"font-weight: 400;\">Las heridas relacionadas con los negocios pueden poner en peligro su futuro monetario, alterar su vida e inmiscuirse en sus arreglos. La ley de Florida garantiza a los trabajadores perjudicados. En cualquier caso, algunas agencias de seguros y jefes pueden negar injustificadamente casos sustanciales de beneficios. Por lo tanto, no les dan dinero en efectivo a los trabajadores perjudicados para cubrir los gastos de visita al m\u00e9dico o los costos mensuales.<\/span><\/p>\n<p><span style=\"font-weight: 400;\">En el caso de que se encuentre en las circunstancias actuales en Miami, le instamos profundamente a que emplee a nuestros abogados de litigios de compensaci\u00f3n para trabajadores en Miami. Nuestros abogados reunir\u00e1n registros cl\u00ednicos y pruebas cl\u00ednicas, realizar\u00e1n un examen legal, divulgaci\u00f3n directa y tomar\u00e1n testimonios de diferentes reuniones, incluidos especialistas cl\u00ednicos, m\u00e9dicos y el peticionario.<\/span><\/p>\n<p><span style=\"font-weight: 400;\">En <\/span><a href=\"https:\/\/miamilawyers360.com\/es\/miami\/compensacion-laboral\/\"><span style=\"font-weight: 400;\">Workers &#8216;Compensation Lawyers Coalition Miami<\/span><\/a><span style=\"font-weight: 400;\"> , auditaremos con cautela su caso para saber si podemos reclamar una renuncia a las ventajas. <\/span><span style=\"font-weight: 400;\">No le cobraremos gastos directos ni por una entrevista subyacente. Lucharemos por usted en caso de que especule que su gerente no est\u00e1 dispuesto a pagar. Comun\u00edquese con nosotros hoy al <a href=\"tel:+17866862857\">(786) 686-2857<\/a> para una reuni\u00f3n sin riesgos.<\/span><\/p>\n<p><span style=\"font-weight: 400;\">\t\t<div data-elementor-type=\"section\" data-elementor-id=\"1714\" class=\"elementor elementor-1714 elementor-208\" data-elementor-post-type=\"elementor_library\">\n\t\t\t\t\t<section class=\"elementor-section elementor-top-section elementor-element elementor-element-37c5f16 elementor-section-boxed elementor-section-height-default elementor-section-height-default\" data-id=\"37c5f16\" data-element_type=\"section\" data-e-type=\"section\">\n\t\t\t\t\t\t<div class=\"elementor-container elementor-column-gap-default\">\n\t\t\t\t\t<div class=\"elementor-column elementor-col-100 elementor-top-column elementor-element elementor-element-f303a68 section-toc\" data-id=\"f303a68\" data-element_type=\"column\" data-e-type=\"column\">\n\t\t\t<div class=\"elementor-widget-wrap elementor-element-populated\">\n\t\t\t\t\t\t<div class=\"elementor-element elementor-element-f0ad866 elementor-toc--minimized-on-tablet elementor-widget elementor-widget-table-of-contents\" data-id=\"f0ad866\" data-element_type=\"widget\" data-e-type=\"widget\" data-settings=\"{&quot;exclude_headings_by_selector&quot;:&quot;.toc-remove&quot;,&quot;headings_by_tags&quot;:[&quot;h2&quot;,&quot;h3&quot;,&quot;h4&quot;,&quot;h5&quot;,&quot;h6&quot;],&quot;marker_view&quot;:&quot;numbers&quot;,&quot;no_headings_message&quot;:&quot;No se ha encontrado ning\\u00fan encabezado en esta p\\u00e1gina.&quot;,&quot;minimize_box&quot;:&quot;yes&quot;,&quot;minimized_on&quot;:&quot;tablet&quot;,&quot;hierarchical_view&quot;:&quot;yes&quot;,&quot;min_height&quot;:{&quot;unit&quot;:&quot;px&quot;,&quot;size&quot;:&quot;&quot;,&quot;sizes&quot;:[]},&quot;min_height_tablet&quot;:{&quot;unit&quot;:&quot;px&quot;,&quot;size&quot;:&quot;&quot;,&quot;sizes&quot;:[]},&quot;min_height_mobile&quot;:{&quot;unit&quot;:&quot;px&quot;,&quot;size&quot;:&quot;&quot;,&quot;sizes&quot;:[]}}\" data-widget_type=\"table-of-contents.default\">\n\t\t\t\t\t\t\t\t\t<div class=\"elementor-toc__header\">\n\t\t\t\t\t\t<h4 class=\"elementor-toc__header-title\">\n\t\t\t\tTable of Contents\t\t\t<\/h4>\n\t\t\t\t\t\t\t\t\t\t<div class=\"elementor-toc__toggle-button elementor-toc__toggle-button--expand\" role=\"button\" tabindex=\"0\" aria-controls=\"elementor-toc__f0ad866\" aria-expanded=\"true\" aria-label=\"Abrir la tabla de contenidos\"><svg aria-hidden=\"true\" class=\"e-font-icon-svg e-fas-chevron-down\" viewBox=\"0 0 448 512\" xmlns=\"http:\/\/www.w3.org\/2000\/svg\"><path d=\"M207.029 381.476L12.686 187.132c-9.373-9.373-9.373-24.569 0-33.941l22.667-22.667c9.357-9.357 24.522-9.375 33.901-.04L224 284.505l154.745-154.021c9.379-9.335 24.544-9.317 33.901.04l22.667 22.667c9.373 9.373 9.373 24.569 0 33.941L240.971 381.476c-9.373 9.372-24.569 9.372-33.942 0z\"><\/path><\/svg><\/div>\n\t\t\t\t<div class=\"elementor-toc__toggle-button elementor-toc__toggle-button--collapse\" role=\"button\" tabindex=\"0\" aria-controls=\"elementor-toc__f0ad866\" aria-expanded=\"true\" aria-label=\"Cerrar la tabla de contenidos\"><svg aria-hidden=\"true\" class=\"e-font-icon-svg e-fas-chevron-up\" viewBox=\"0 0 448 512\" xmlns=\"http:\/\/www.w3.org\/2000\/svg\"><path d=\"M240.971 130.524l194.343 194.343c9.373 9.373 9.373 24.569 0 33.941l-22.667 22.667c-9.357 9.357-24.522 9.375-33.901.04L224 227.495 69.255 381.516c-9.379 9.335-24.544 9.317-33.901-.04l-22.667-22.667c-9.373-9.373-9.373-24.569 0-33.941L207.03 130.525c9.372-9.373 24.568-9.373 33.941-.001z\"><\/path><\/svg><\/div>\n\t\t\t\t\t<\/div>\n\t\t\t\t<div id=\"elementor-toc__f0ad866\" class=\"elementor-toc__body\">\n\t\t\t<div class=\"elementor-toc__spinner-container\">\n\t\t\t\t<svg class=\"elementor-toc__spinner eicon-animation-spin e-font-icon-svg e-eicon-loading\" aria-hidden=\"true\" viewBox=\"0 0 1000 1000\" xmlns=\"http:\/\/www.w3.org\/2000\/svg\"><path d=\"M500 975V858C696 858 858 696 858 500S696 142 500 142 142 304 142 500H25C25 237 238 25 500 25S975 237 975 500 763 975 500 975Z\"><\/path><\/svg>\t\t\t<\/div>\n\t\t<\/div>\n\t\t\t\t\t\t<\/div>\n\t\t\t\t\t<\/div>\n\t\t<\/div>\n\t\t\t\t\t<\/div>\n\t\t<\/section>\n\t\t\t\t<\/div>\n\t\t<\/span><\/p>\n<p><a href=\"http:\/\/miamilawyers360.com\/wp-content\/uploads\/2021\/04\/workers-comp-denied-shutterstock_104939294.jpg\"><img fetchpriority=\"high\" decoding=\"async\" class=\"alignnone wp-image-1180 size-full\" src=\"http:\/\/miamilawyers360.com\/wp-content\/uploads\/2021\/04\/workers-comp-denied-shutterstock_104939294.jpg\" alt=\"This is an image of a Miami workers&#039; compensation disputes\" width=\"500\" height=\"500\" title=\"\" srcset=\"https:\/\/miamilawyers360.com\/wp-content\/uploads\/2021\/04\/workers-comp-denied-shutterstock_104939294.jpg 500w, https:\/\/miamilawyers360.com\/wp-content\/uploads\/2021\/04\/workers-comp-denied-shutterstock_104939294-300x300.jpg 300w, https:\/\/miamilawyers360.com\/wp-content\/uploads\/2021\/04\/workers-comp-denied-shutterstock_104939294-150x150.jpg 150w\" sizes=\"(max-width: 500px) 100vw, 500px\" \/><\/a><\/p>\n<h2><b>Razones para las disputas de compensaci\u00f3n laboral<\/b><\/h2>\n<p><span style=\"font-weight: 400;\">Un empleado puede garantizar una compensaci\u00f3n por los costos cl\u00ednicos y la p\u00e9rdida de salarios y beneficios por incapacidad, pero la empresa puede cuestionar la reclamaci\u00f3n de compensaci\u00f3n del empleado. Hay algunas razones por las que los gerentes pueden debatir o negar el caso. Estas son las razones de las disputas de compensaci\u00f3n para trabajadores de <\/span><a href=\"https:\/\/www.miamigov.com\/Home\" target=\"_blank\" rel=\"noopener\"><span style=\"font-weight: 400;\">Miami<\/span><\/a><span style=\"font-weight: 400;\">:<\/span><\/p>\n<h3><b>Estado de la empresa<\/b><\/h3>\n<p><span style=\"font-weight: 400;\">Algunos representantes pueden esperar hasta que sean despedidos o despedidos para documentar un reclamo de compensaci\u00f3n para trabajadores. Las agencias de seguros desprecian que los trabajadores se mantengan al margen hasta que los despidan o los despidan para registrar un caso. Aceptan que el trabajador busca venganza. En caso de que sufra un da\u00f1o real en el trabajo, documente una garant\u00eda de compensaci\u00f3n para trabajadores de inmediato.<\/span><\/p>\n<h3><b>Zona<\/b><\/h3>\n<p><span style=\"font-weight: 400;\">La empresa puede reconocer que el trabajador est\u00e1 da\u00f1ado. No obstante, cuestionan el reclamo de compensaci\u00f3n para trabajadores a la luz del \u00e1rea donde ocurri\u00f3 la lesi\u00f3n. En el caso de que la lesi\u00f3n no ocurriera en su entorno laboral normal, es dif\u00edcil demostrar la calificaci\u00f3n de los beneficios de compensaci\u00f3n para trabajadores.<\/span><\/p>\n<h3><b>Fecha l\u00edmite perdida<\/b><\/h3>\n<p><span style=\"font-weight: 400;\">Las agencias de seguros no se preocupan cuando los representantes no informan el percance de inmediato. La ley espera que informe los percances relacionados con el negocio en un plazo breve. Se pierda la hora l\u00edmite. Debe informar r\u00e1pidamente a su gerente de cualquier percance relacionado con el negocio. Adem\u00e1s, aseg\u00farese de completar un informe de percance.<\/span><\/p>\n<h3><b>Sin testigos<\/b><\/h3>\n<p><span style=\"font-weight: 400;\">En el caso de que no haya observadores, la agencia de seguros o su jefe pueden debatir su reclamo de compensaci\u00f3n para trabajadores. En el caso de que nadie vea su percance, puede dejar de abordarlo. Debe informar del percance a sus jefes e informar a sus colegas sobre el percance. D\u00edgale a todo el mundo exactamente lo mismo.<\/span><\/p>\n<h2><b>Qu\u00e9 hacer si se rechaza su reclamo de compensaci\u00f3n para trabajadores en Florida<\/b><\/h2>\n<p><span style=\"font-weight: 400;\">Las agencias de seguros y los patrones niegan las compensaciones a los trabajadores por diferentes razones. Si su jefe niega su reclamo de compensaci\u00f3n de trabajadores, no significa que no obtendr\u00e1 beneficios. Hay algunas alternativas atractivas en la provincia de Florida.<\/span><\/p>\n<p><span style=\"font-weight: 400;\">Cuando su caso sea denegado, el NCIC se lo informar\u00e1 en un plazo de 14 d\u00edas. Cuando obtenga su renuncia, tiene 14 d\u00edas a partir de esa fecha para documentar las preguntas de compensaci\u00f3n de trabajadores de Miami por adelantado con la Corte de Apelaciones de Florida. El NCIC planea una reuni\u00f3n de intercesi\u00f3n, donde usted y la protecci\u00f3n ilustrativa de su jefe examinar\u00e1n su caso con un \u00e1rbitro libre.<\/span><\/p>\n<p><span style=\"font-weight: 400;\">Le sugerimos con entusiasmo que llame a nuestros abogados de reclamos de compensaci\u00f3n para trabajadores una vez que reciba una notificaci\u00f3n de que su caso ha sido denegado. Hablaremos sobre sus opciones leg\u00edtimas. Trate de no atravesar el camino hacia la grabaci\u00f3n de un encanto solo con NCIC. Lo ayudaremos con el trabajo administrativo vital y lo guiaremos a trav\u00e9s de la interacci\u00f3n desconcertante.<\/span><\/p>\n<h2><b>Tipos de disputas por compensaci\u00f3n laboral en Miami<\/b><\/h2>\n<p><span style=\"font-weight: 400;\">Es seguro que los gerentes y representantes difieran con cualquier reclamo de compensaci\u00f3n para trabajadores. Esa es la raz\u00f3n por la que las preguntas son normales en las reclamaciones de compensaci\u00f3n para trabajadores. Estos son los dos tipos m\u00e1s comunes de disputas de compensaci\u00f3n para trabajadores en Miami.<\/span><\/p>\n<h3><b>Disputas cl\u00ednicas<\/b><\/h3>\n<p><span style=\"font-weight: 400;\">Incluyen realidades cl\u00ednicas y sentimientos identificados con el tratamiento del trabajador perjudicado. El resultado de la pregunta no solo depende de la contrataci\u00f3n del asesor legal adecuado. Adem\u00e1s, se basa en el entusiasmo del experto cl\u00ednico por luchar por el tratamiento del empleado perjudicado.<\/span><\/p>\n<p><span style=\"font-weight: 400;\">A continuaci\u00f3n se muestran algunos ejemplos de debates cl\u00ednicos; se le neg\u00f3 suministros cl\u00ednicos, se neg\u00f3 cualquier asistencia, se neg\u00f3 tratamiento y se neg\u00f3 un procedimiento m\u00e9dico.<\/span><\/p>\n<h3><b>Disputas de reclamaciones<\/b><\/h3>\n<p><span style=\"font-weight: 400;\">Los abogados de preguntas sobre compensaci\u00f3n de trabajadores son m\u00e1s \u00fatiles en las disputas de compensaci\u00f3n de trabajadores de Miami. A continuaci\u00f3n, se muestran algunos ejemplos de debates sobre garant\u00edas:<\/span><\/p>\n<ul>\n<li><b>El alcance de la lesi\u00f3n <\/b><span style=\"font-weight: 400;\">: independientemente de si las heridas relacionadas con el negocio incorporan diferentes partes del cuerpo o la fuerza del representante.<\/span><\/li>\n<li><b>Salario semanal normal <\/b><span style=\"font-weight: 400;\">: conflictos sobre la cantidad de dinero en efectivo que el representante debe recibir mientras est\u00e1 en la compensaci\u00f3n de trabajadores.<\/span><\/li>\n<li><b>Incapacidad <\/b><span style=\"font-weight: 400;\">: independientemente de si el trabajador sufri\u00f3 una deficiencia salarial a la luz de las heridas relacionadas con el negocio.<\/span><\/li>\n<li><b>Compensaci\u00f3n <\/b><span style=\"font-weight: 400;\">: independientemente de si las heridas relacionadas con el negocio cumplen con los requisitos previos para calificar para su inclusi\u00f3n.<\/span><\/li>\n<\/ul>\n<p><a href=\"http:\/\/miamilawyers360.com\/wp-content\/uploads\/2021\/04\/workers-comp-lawyer-shutterstock_1149594593-1-1.jpg\"><img decoding=\"async\" class=\"alignnone wp-image-1182 size-full\" src=\"http:\/\/miamilawyers360.com\/wp-content\/uploads\/2021\/04\/workers-comp-lawyer-shutterstock_1149594593-1-1.jpg\" alt=\"This is an image of a lawyer consulting injured client about Miami workers&#039; compensation disputes\" width=\"500\" height=\"500\" title=\"\" srcset=\"https:\/\/miamilawyers360.com\/wp-content\/uploads\/2021\/04\/workers-comp-lawyer-shutterstock_1149594593-1-1.jpg 500w, https:\/\/miamilawyers360.com\/wp-content\/uploads\/2021\/04\/workers-comp-lawyer-shutterstock_1149594593-1-1-300x300.jpg 300w, https:\/\/miamilawyers360.com\/wp-content\/uploads\/2021\/04\/workers-comp-lawyer-shutterstock_1149594593-1-1-150x150.jpg 150w\" sizes=\"(max-width: 500px) 100vw, 500px\" \/><\/a><\/p>\n<p>&nbsp;<\/p>\n<h2><b>Comun\u00edquese con nosotros hoy para discutir sus disputas de compensaci\u00f3n para trabajadores en Miami<\/b><\/h2>\n<p><span style=\"font-weight: 400;\">Pueden surgir preguntas entre la empresa y el representante con respecto a la garant\u00eda de compensaci\u00f3n para trabajadores. Las empresas pueden cuestionar la calificaci\u00f3n del trabajador para la compensaci\u00f3n o pueden diferir con el experto cl\u00ednico en el grado de las heridas del representante. Le sugerimos que contrate a un abogado h\u00e1bil y h\u00e1bil si su gerente debate o niega su caso.<\/span><\/p>\n<p><span style=\"font-weight: 400;\">Reclute a los mejores abogados de preguntas sobre compensaci\u00f3n para trabajadores en Miami, Florida, para que lo controlen a lo largo de cada progresi\u00f3n. Su asesor legal no permitir\u00e1 que la protecci\u00f3n de su jefe a la organizaci\u00f3n lo amenace. Su asesor legal examinar\u00e1 su problema f\u00edsico, lo ayudar\u00e1 a obtener consideraci\u00f3n cl\u00ednica y manejar\u00e1 sus avances.<\/span><\/p>\n<p><span style=\"font-weight: 400;\">En <\/span><a href=\"https:\/\/miamilawyers360.com\/es\/miami\/compensacion-laboral\/\"><span style=\"font-weight: 400;\">Workers &#8216;Compensation Lawyers Coalition Miami<\/span><\/a><span style=\"font-weight: 400;\"> , lucharemos por usted. Comprendemos que las heridas relacionadas con los negocios pueden causarle problemas econ\u00f3micos. Terminaremos el trabajo administrativo fundamental de manera adecuada y le garantizamos que cumpla con todas las limitaciones de tiempo vitales. Asimismo, lo ayudaremos a solicitar sus disputas de compensaci\u00f3n para trabajadores en Miami. De esta manera, comun\u00edquese con nosotros hoy para obtener una evaluaci\u00f3n gratuita de su caso para hablar sobre sus disputas de compensaci\u00f3n para trabajadores en Miami.<\/span><\/p>\n","protected":false},"excerpt":{"rendered":"<p>\u00a0\u00bfAnticipa la presentaci\u00f3n de una disputa por compensaci\u00f3n laboral en Miami? Las heridas relacionadas con los negocios pueden poner en peligro su futuro monetario, alterar su vida e inmiscuirse en sus arreglos. La ley de Florida garantiza a los trabajadores perjudicados. En cualquier caso, algunas agencias de seguros y jefes pueden negar injustificadamente casos sustanciales [&hellip;]<\/p>\n","protected":false},"author":29,"featured_media":0,"parent":1747,"menu_order":0,"comment_status":"closed","ping_status":"closed","template":"","meta":{"_acf_changed":false,"anchor_text":"","footnotes":""},"categories":[75],"tags":[74,76],"class_list":["post-1780","page","type-page","status-publish","hentry","category-miami-ubicacion","tag-compensacion-de-trabajadores2","tag-compensacion-de-trabajadores-es-2"],"acf":[],"_links":{"self":[{"href":"https:\/\/miamilawyers360.com\/es\/wp-json\/wp\/v2\/pages\/1780","targetHints":{"allow":["GET"]}}],"collection":[{"href":"https:\/\/miamilawyers360.com\/es\/wp-json\/wp\/v2\/pages"}],"about":[{"href":"https:\/\/miamilawyers360.com\/es\/wp-json\/wp\/v2\/types\/page"}],"author":[{"embeddable":true,"href":"https:\/\/miamilawyers360.com\/es\/wp-json\/wp\/v2\/users\/29"}],"replies":[{"embeddable":true,"href":"https:\/\/miamilawyers360.com\/es\/wp-json\/wp\/v2\/comments?post=1780"}],"version-history":[{"count":0,"href":"https:\/\/miamilawyers360.com\/es\/wp-json\/wp\/v2\/pages\/1780\/revisions"}],"up":[{"embeddable":true,"href":"https:\/\/miamilawyers360.com\/es\/wp-json\/wp\/v2\/pages\/1747"}],"wp:attachment":[{"href":"https:\/\/miamilawyers360.com\/es\/wp-json\/wp\/v2\/media?parent=1780"}],"wp:term":[{"taxonomy":"category","embeddable":true,"href":"https:\/\/miamilawyers360.com\/es\/wp-json\/wp\/v2\/categories?post=1780"},{"taxonomy":"post_tag","embeddable":true,"href":"https:\/\/miamilawyers360.com\/es\/wp-json\/wp\/v2\/tags?post=1780"}],"curies":[{"name":"wp","href":"https:\/\/api.w.org\/{rel}","templated":true}]}}