{"id":1781,"date":"2021-02-24T21:24:05","date_gmt":"2021-02-25T02:24:05","guid":{"rendered":"https:\/\/miamilawyers360.com\/opa-locka\/car-accident-lawyer\/"},"modified":"2026-03-13T15:14:11","modified_gmt":"2026-03-13T19:14:11","slug":"abogado-accidentes-automovilisticos","status":"publish","type":"page","link":"https:\/\/miamilawyers360.com\/es\/opa-locka\/abogado-accidentes-automovilisticos\/","title":{"rendered":"Abogado de accidentes automovil\u00edsticos de Opa-Locka"},"content":{"rendered":"<p><span style=\"font-weight: 400;\">Cuando usted o alguien de su familia est\u00e1 involucrado en un accidente automovil\u00edstico, tiene dos opciones para elegir al presentar una demanda por lesiones personales contra la parte culpable. La mayor\u00eda de las v\u00edctimas piensan que pueden manejar el caso por s\u00ed mismas y ahorrar mucho dinero en el proceso. Aunque manejar su propio caso es una opci\u00f3n viable, existe una ventaja real de trabajar con un abogado especializado en accidentes automovil\u00edsticos de Opa-Locka.<\/span><\/p>\n<p><span style=\"font-weight: 400;\">Un abogado con experiencia conoce los entresijos de la ley de lesiones personales, ya que ya se ha ocupado de cientos de estos casos y ha ganado a sus clientes millones de d\u00f3lares en compensaci\u00f3n. Es por eso que necesita trabajar con un abogado con experiencia en accidentes automovil\u00edsticos en Miami Lawyers 360 para obtener la m\u00e1xima compensaci\u00f3n por sus lesiones. Miami Lawyers 360 es un bufete de <a href=\"https:\/\/miamilawyers360.com\/es\/opa-locka\/abogado-lesiones-personales\/\">abogados de lesiones personales<\/a> altamente especializado que maneja una amplia variedad de casos de lesiones personales, incluidas las demandas por accidentes automovil\u00edsticos. Nuestro equipo de abogados expertos en lesiones personales ha manejado cientos de casos de accidentes automovil\u00edsticos en toda Florida y ha ganado a nuestros clientes millones de d\u00f3lares en compensaci\u00f3n. Tratamos a cada cliente como una persona y no como un n\u00famero.<\/span><\/p>\n<p><span style=\"font-weight: 400;\">Nuestro equipo de abogados siempre est\u00e1 comprometido a obtener los mejores resultados para usted y sus seres queridos. Nuestra selecci\u00f3n de abogados de accidentes automovil\u00edsticos brinda un conjunto \u00fanico de habilidades a nuestros clientes y se compromete a brindar atenci\u00f3n personalizada y resultados sobresalientes. Llame a Miami Lawyers 360 al <a href=\"tel:+17866862857\"><i class=\"fa fa-phone-alt\"><\/i>(786) 686-2857<\/a> ahora mismo para todas sus demandas por accidentes automovil\u00edsticos en Opa-Locka Florida.<\/span><\/p>\n<h2><b>Estad\u00edsticas de accidentes automovil\u00edsticos FL<\/b><\/h2>\n<p><span style=\"font-weight: 400;\">Florida tiene una de las tasas de muerte por accidentes m\u00e1s altas por cada 100,000 residentes en todo el pa\u00eds. El n\u00famero es 14,7. Hubo m\u00e1s de 3,133 muertes de tr\u00e1nsito en 2,915 accidentes en 2018. M\u00e1s del 52% de los accidentes fatales involucraron un solo veh\u00edculo, y al menos 703 muertes fueron por personas que no usaban el cintur\u00f3n de seguridad en el momento del accidente. <\/span><span style=\"font-weight: 400;\">M\u00e1s del 60% de todos los accidentes ocurrieron en \u00e1reas urbanas. <\/span><span style=\"font-weight: 400;\">Por otro lado, m\u00e1s de 3.273 personas han muerto como consecuencia de colisiones de tr\u00e1fico en 2019.<\/span><\/p>\n<h2><b>\u00bfCu\u00e1nto cuesta un abogado de accidentes automovil\u00edsticos?<\/b><\/h2>\n<p><span style=\"font-weight: 400;\">Muchas v\u00edctimas lesionadas est\u00e1n preocupadas por el costo de contratar a un abogado de accidentes automovil\u00edsticos en <\/span><a href=\"https:\/\/es.wikipedia.org\/wiki\/Opa-locka\" target=\"_blank\" rel=\"noopener\"><span style=\"font-weight: 400;\">Opa-Locka, Florida<\/span><\/a><span style=\"font-weight: 400;\">. Aunque la representaci\u00f3n legal es costosa, no tiene que preocuparse por el costo de contratar a un abogado especializado en accidentes automovil\u00edsticos cuando trabaja con un abogado experimentado en Miami Lawyers 360. Nuestros abogados trabajan con un porcentaje de honorarios de contingencia. No tiene que pagar nada a nuestros abogados hasta que ganen el caso por usted. Una vez que el abogado gana su caso, debe pagar un porcentaje de la compensaci\u00f3n de su caso al abogado.<\/span><\/p>\n<h2><b>\u00bfQu\u00e9 debo hacer despu\u00e9s de un accidente automovil\u00edstico?<\/b><\/h2>\n<p><span style=\"font-weight: 400;\">La mayor\u00eda de las v\u00edctimas de accidentes no saben lo que deben hacer poco despu\u00e9s de un accidente automovil\u00edstico. Si bien algunos accidentes de Opa-Locka son choques menores, otros pueden ser colisiones bastante graves. Independientemente del tipo de accidente en el que se encuentre, estas son algunas de las cosas m\u00e1s importantes que debe hacer poco despu\u00e9s del accidente.<\/span><\/p>\n<p><a href=\"https:\/\/miamilawyers360.com\/wp-content\/uploads\/2021\/03\/opa-locka-car-accident-evidence-500x333-1.jpg\"><img fetchpriority=\"high\" decoding=\"async\" class=\"alignnone size-full wp-image-1055\" src=\"https:\/\/miamilawyers360.com\/wp-content\/uploads\/2021\/03\/opa-locka-car-accident-evidence-500x333-1.jpg\" alt=\"Contact our Opa-Locka car accident lawyers for a free consultation.\" width=\"500\" height=\"333\" \/><\/a><\/p>\n<h3><b>Comun\u00edquese con la polic\u00eda<\/b><\/h3>\n<p><span style=\"font-weight: 400;\">Llame a la polic\u00eda e inf\u00f3rmeles sobre el accidente. No olvide obtener una copia del informe policial.<\/span><\/p>\n<h3><b>No abandone la escena<\/b><\/h3>\n<p><span style=\"font-weight: 400;\">No abandone la escena del accidente. Compruebe si alguien est\u00e1 lesionado y tome las medidas necesarias para llamar a la asistencia m\u00e9dica. Incluso si no est\u00e1 gravemente herido, debe buscar tratamiento m\u00e9dico, ya que es importante probar su caso.<\/span><\/p>\n<h3><b>Intercambiar informaci\u00f3n<\/b><\/h3>\n<p><span style=\"font-weight: 400;\">Debe intercambiar informaci\u00f3n con el otro conductor. Comparta la licencia, el seguro y los detalles del veh\u00edculo con el otro conductor. No olvide registrar los nombres, direcciones y datos de contacto de los testigos del accidente.<\/span><\/p>\n<h3><b>Tomar fotograf\u00edas del accidente<\/b><\/h3>\n<p><span style=\"font-weight: 400;\">Tome fotos o grabe la escena del accidente. Es importante cuando su abogado intenta probar la negligencia de la otra parte.<\/span><\/p>\n<h3><b>Nunca admitas la culpa<\/b><\/h3>\n<p><span style=\"font-weight: 400;\">No hable con nadie ni admita la culpa sin consultar a un abogado especializado en lesiones personales.<\/span><\/p>\n<h3><b>Llame a un abogado de accidentes automovil\u00edsticos<\/b><\/h3>\n<p><span style=\"font-weight: 400;\">Lo m\u00e1s importante es llamar a un abogado con experiencia en accidentes automovil\u00edsticos en Miami Lawyers 360 para que maneje su caso y obtenga la m\u00e1xima compensaci\u00f3n por sus lesiones.<\/span><\/p>\n<h2><b>\u00bfCu\u00e1l es la liquidaci\u00f3n promedio para un accidente automovil\u00edstico?<\/b><\/h2>\n<p><span style=\"font-weight: 400;\">Es casi imposible saber de antemano el valor exacto de su reclamo por accidente automovil\u00edstico. El juez o el jurado decidir\u00e1 cu\u00e1nto vale su reclamo despu\u00e9s de escuchar ambos lados del caso. Hay muchos factores que influyen en esa decisi\u00f3n. Pero la liquidaci\u00f3n promedio de accidentes automovil\u00edsticos en Florida es de aproximadamente $15,000. Cuando las lesiones son leves, el reclamo es menor y cuando las lesiones son graves, el reclamo ser\u00e1 mayor.<\/span><\/p>\n<h2><b>\u00bfCu\u00e1ndo debo contratar un abogado para mi accidente automovil\u00edstico?<\/b><\/h2>\n<p><span style=\"font-weight: 400;\">Contratar a un abogado de accidentes automovil\u00edsticos poco despu\u00e9s del accidente es lo mejor que puede hacer si est\u00e1 en condiciones de hacerlo. De lo contrario, debe hablar con un abogado con experiencia en accidentes automovil\u00edsticos en Miami Lawyers 360 tan pronto como tenga la oportunidad de hacerlo.<\/span><\/p>\n<h2><b>\u00bfPor qu\u00e9 necesito un abogado de accidentes automovil\u00edsticos de Opa-Locka?<\/b><\/h2>\n<p><span style=\"font-weight: 400;\">Hay muchos beneficios al contratar a un abogado con experiencia en accidentes automovil\u00edsticos para manejar su demanda por accidente automovil\u00edstico. El abogado conoce los entresijos del sistema judicial en Florida y las leyes de lesiones personales relevantes. As\u00ed es como un abogado de accidentes automovil\u00edsticos puede ayudarlo con su caso:<\/span><\/p>\n<ul>\n<li><span style=\"font-weight: 400;\"> Preparar su caso entrevistando a todos los testigos y recolectando los documentos necesarios. El abogado presentar\u00e1 la demanda en su nombre.<\/span><\/li>\n<li><span style=\"font-weight: 400;\"> Negociar con las compa\u00f1\u00edas de seguros no es f\u00e1cil. La compa\u00f1\u00eda de seguros tratar\u00e1 de pagar la reclamaci\u00f3n m\u00e1s baja posible citando varios factores. Nuestros abogados saben c\u00f3mo negociar con la compa\u00f1\u00eda de seguros para conseguirle los m\u00e1ximos beneficios posibles en el proceso.<\/span><\/li>\n<li><span style=\"font-weight: 400;\"> Si la compa\u00f1\u00eda de seguros no le brinda los beneficios m\u00e1ximos que usted merece, nuestros abogados llevar\u00e1n el caso a juicio para ganar la m\u00e1xima compensaci\u00f3n.<\/span><\/li>\n<\/ul>\n<h2><b>\u00bfCu\u00e1nto puedo esperar recibir por mis da\u00f1os?<\/b><\/h2>\n<p><span style=\"font-weight: 400;\">La cantidad que pueda recibir por sus da\u00f1os depender\u00e1 de muchos factores. Lo m\u00e1s importante es probar la negligencia del responsable. Ah\u00ed es donde necesita un abogado calificado y con experiencia para manejar su caso. Los abogados de Miami Lawyers 360 tienen mucha experiencia en la representaci\u00f3n de casos de lesiones personales para nuestros clientes y en ganar millones de d\u00f3lares para ellos.<\/span><\/p>\n<h2><b>\u00bfQu\u00e9 tipo de da\u00f1os puedo recuperar?<\/b><\/h2>\n<p><span style=\"font-weight: 400;\">Hay tres tipos de da\u00f1os que una v\u00edctima puede recibir en un acuerdo de accidente automovil\u00edstico en Florida.<\/span><\/p>\n<ul>\n<li><b>Econ\u00f3micos <\/b><span style=\"font-weight: 400;\">: los da\u00f1os econ\u00f3micos son f\u00e1ciles de calcular e incluyen gastos m\u00e9dicos, p\u00e9rdida de ingresos, costo de vida con una discapacidad, da\u00f1os a la propiedad y gastos funerarios en caso de fallecimiento.<\/span><\/li>\n<li><b>No econ\u00f3micos <\/b><span style=\"font-weight: 400;\">: los da\u00f1os no econ\u00f3micos son dif\u00edciles de calcular y pueden incluir dolor, sufrimiento, angustia mental, p\u00e9rdida de reputaci\u00f3n, p\u00e9rdida de compa\u00f1\u00eda y p\u00e9rdida de la calidad de vida.<\/span><\/li>\n<li><b>Punitivo <\/b><span style=\"font-weight: 400;\">: los da\u00f1os punitivos est\u00e1n destinados a castigar al acusado por su conducta delictiva.<\/span><\/li>\n<\/ul>\n<h2><b>\u00bfC\u00f3mo se determina la falla?<\/b><\/h2>\n<p><span style=\"font-weight: 400;\">Probar la negligencia de la parte culpable involucra <\/span><span style=\"font-weight: 400;\"><a href=\"https:\/\/lawshelf.com\/coursewarecontentview\/introduction-to-negligence\/\" target=\"_blank\" rel=\"noopener\">cuatro elementos importantes<\/a>,<\/span><span style=\"font-weight: 400;\"> tales como:<\/span><\/p>\n<ol>\n<li style=\"font-weight: 400;\" aria-level=\"1\"><span style=\"font-weight: 400;\">La parte culpable tiene el deber de cuidar de proteger a otros usuarios de la carretera cuando conducen su autom\u00f3vil.<\/span><\/li>\n<li style=\"font-weight: 400;\" aria-level=\"1\"><span style=\"font-weight: 400;\">La parte culpable viol\u00f3 su deber de cuidado.<\/span><\/li>\n<li style=\"font-weight: 400;\" aria-level=\"1\"><span style=\"font-weight: 400;\">El accidente se produjo como consecuencia de esta infracci\u00f3n.<\/span><\/li>\n<li style=\"font-weight: 400;\" aria-level=\"1\"><span style=\"font-weight: 400;\">Result\u00f3 lesionado como resultado directo del accidente.<\/span><\/li>\n<\/ol>\n<h2><b>\u00bfCu\u00e1nto tiempo tengo para presentar una reclamaci\u00f3n?<\/b><\/h2>\n<p><span style=\"font-weight: 400;\">La demanda debe presentarse dentro de los cuatro a\u00f1os posteriores al accidente. El estatuto de limitaciones de Florida entra en vigencia en cuatro a\u00f1os.<\/span><\/p>\n<h2><b>\u00bfC\u00f3mo puede un abogado ayudarme a presentar mi reclamo de seguro?<\/b><\/h2>\n<p><span style=\"font-weight: 400;\">Poco despu\u00e9s de presentar una reclamaci\u00f3n por un accidente automovil\u00edstico, el ajustador de reclamaciones puede pedirle que firme una exenci\u00f3n para acceder a sus registros m\u00e9dicos. Dado que la informaci\u00f3n m\u00e9dica se puede usar en su contra para reducir la cantidad de compensaci\u00f3n que realmente recibe, debe hablar con un abogado con experiencia en accidentes automovil\u00edsticos en Opa-Locka para representar sus intereses. Incluso si piensa que el accidente no fue su culpa, necesita un abogado para manejar su caso y ayudarlo con el proceso de reclamo.<\/span><\/p>\n<h2><b>\u00bfQu\u00e9 puedo hacer si el seguro rechaz\u00f3 mi reclamo?<\/b><\/h2>\n<p><span style=\"font-weight: 400;\">Debe hablar con su abogado sobre la presentaci\u00f3n de una apelaci\u00f3n. Puede apelar la decisi\u00f3n de la compa\u00f1\u00eda de seguros y proporcionar pruebas adicionales para que la consideren.<\/span><\/p>\n<p><a href=\"https:\/\/miamilawyers360.com\/wp-content\/uploads\/2021\/03\/opa-locka-car-accident-attorney-500x333-1.jpg\"><img decoding=\"async\" class=\"alignnone size-full wp-image-1056\" src=\"https:\/\/miamilawyers360.com\/wp-content\/uploads\/2021\/03\/opa-locka-car-accident-attorney-500x333-1.jpg\" alt=\"A lawyer reviewing a car accident claim with a client in Opa-Locka.\" width=\"500\" height=\"333\" \/><\/a><\/p>\n<h2><b>\u00bfTengo un caso?<\/b><\/h2>\n<p><span style=\"font-weight: 400;\">Hablar con un abogado con experiencia en accidentes automovil\u00edsticos es la mejor manera de saber si tiene un caso.<\/span><\/p>\n<h2><b>\u00bfQu\u00e9 pasa si el otro conductor no tiene seguro?<\/b><\/h2>\n<p><span style=\"font-weight: 400;\">A\u00fan est\u00e1 cubierto por sus da\u00f1os si tiene la cobertura adicional para conductores sin seguro. Puede presentar un reclamo ante su propia compa\u00f1\u00eda de seguros por un monto que est\u00e9 dentro de los l\u00edmites de su propia cobertura de conductor sin seguro.<\/span><\/p>\n<h2><b>\u00bfC\u00f3mo puedo obtener un informe de accidente?<\/b><\/h2>\n<p><span style=\"font-weight: 400;\">Puede obtener una copia del informe del accidente solicit\u00e1ndolo a la divisi\u00f3n de registros de la agencia de aplicaci\u00f3n de la ley.<\/span><\/p>\n<h2><b>Lesiones comunes por accidentes automovil\u00edsticos<\/b><\/h2>\n<ul>\n<li><span style=\"font-weight: 400;\"> Lesiones de cuello<\/span><\/li>\n<li><span style=\"font-weight: 400;\"> Lesiones de espalda<\/span><\/li>\n<li><span style=\"font-weight: 400;\"> Lesiones en la cabeza y el cerebro<\/span><\/li>\n<li><span style=\"font-weight: 400;\"> Lesiones de pierna, rodilla y tobillo.<\/span><\/li>\n<li><span style=\"font-weight: 400;\"> desfiguraciones faciales<\/span><\/li>\n<li><span style=\"font-weight: 400;\"> Lesiones internas<\/span><\/li>\n<li><span style=\"font-weight: 400;\"> Lesiones de la m\u00e9dula espinal<\/span><\/li>\n<li><span style=\"font-weight: 400;\"> Muerte<\/span><\/li>\n<\/ul>\n<h2><b>Tipos de accidentes automovil\u00edsticos que manejamos<\/b><\/h2>\n<ul>\n<li><span style=\"font-weight: 400;\"> Conducir bajo la influencia de accidentes (bebida, drogas)<\/span><\/li>\n<li><span style=\"font-weight: 400;\"> Conducci\u00f3n distra\u00edda<\/span><\/li>\n<li><span style=\"font-weight: 400;\"> Colisiones frontales<\/span><\/li>\n<li><span style=\"font-weight: 400;\"> Accidentes de atropello y fuga<\/span><\/li>\n<li><span style=\"font-weight: 400;\"> Accidentes por detr\u00e1s<\/span><\/li>\n<li><span style=\"font-weight: 400;\"> Conducci\u00f3n imprudente<\/span><\/li>\n<li><span style=\"font-weight: 400;\"> Accidentes de viajes compartidos<\/span><\/li>\n<li><span style=\"font-weight: 400;\"> Conductores sin seguro<\/span><\/li>\n<\/ul>\n<p><span style=\"font-weight: 400;\">Si usted o alguien de su familia est\u00e1 involucrado en un accidente automovil\u00edstico en Florida, necesita un abogado con experiencia en lesiones personales para manejar su caso. Llame a nuestro bufete de abogados de lesiones personales al <a href=\"tel:+17866862857\"><i class=\"fa fa-phone-alt\"><\/i>(786) 686-2857<\/a> ahora mismo para conocer todas sus demandas por accidentes automovil\u00edsticos en <a href=\"https:\/\/miamilawyers360.com\/es\/opa-locka\/\">Opa-Locka<\/a> Florida.<\/span><\/p>\n","protected":false},"excerpt":{"rendered":"<p>Cuando usted o alguien de su familia est\u00e1 involucrado en un accidente automovil\u00edstico, tiene dos opciones para elegir al presentar una demanda por lesiones personales contra la parte culpable. La mayor\u00eda de las v\u00edctimas piensan que pueden manejar el caso por s\u00ed mismas y ahorrar mucho dinero en el proceso. Aunque manejar su propio caso [&hellip;]<\/p>\n","protected":false},"author":22,"featured_media":0,"parent":4661,"menu_order":0,"comment_status":"closed","ping_status":"closed","template":"","meta":{"_acf_changed":false,"anchor_text":"","footnotes":""},"class_list":["post-1781","page","type-page","status-publish","hentry"],"acf":[],"_links":{"self":[{"href":"https:\/\/miamilawyers360.com\/es\/wp-json\/wp\/v2\/pages\/1781","targetHints":{"allow":["GET"]}}],"collection":[{"href":"https:\/\/miamilawyers360.com\/es\/wp-json\/wp\/v2\/pages"}],"about":[{"href":"https:\/\/miamilawyers360.com\/es\/wp-json\/wp\/v2\/types\/page"}],"author":[{"embeddable":true,"href":"https:\/\/miamilawyers360.com\/es\/wp-json\/wp\/v2\/users\/22"}],"replies":[{"embeddable":true,"href":"https:\/\/miamilawyers360.com\/es\/wp-json\/wp\/v2\/comments?post=1781"}],"version-history":[{"count":2,"href":"https:\/\/miamilawyers360.com\/es\/wp-json\/wp\/v2\/pages\/1781\/revisions"}],"predecessor-version":[{"id":5285,"href":"https:\/\/miamilawyers360.com\/es\/wp-json\/wp\/v2\/pages\/1781\/revisions\/5285"}],"up":[{"embeddable":true,"href":"https:\/\/miamilawyers360.com\/es\/wp-json\/wp\/v2\/pages\/4661"}],"wp:attachment":[{"href":"https:\/\/miamilawyers360.com\/es\/wp-json\/wp\/v2\/media?parent=1781"}],"curies":[{"name":"wp","href":"https:\/\/api.w.org\/{rel}","templated":true}]}}