{"id":1782,"date":"2021-02-24T21:24:24","date_gmt":"2021-02-25T02:24:24","guid":{"rendered":"https:\/\/miamilawyers360.com\/opa-locka\/personal-injury-lawyer\/"},"modified":"2026-03-13T15:14:47","modified_gmt":"2026-03-13T19:14:47","slug":"abogado-lesiones-personales","status":"publish","type":"page","link":"https:\/\/miamilawyers360.com\/es\/opa-locka\/abogado-lesiones-personales\/","title":{"rendered":"Abogado de lesiones personales de Opa-Locka"},"content":{"rendered":"<p><span style=\"font-weight: 400;\">\u00bfEst\u00e1 lesionado en Opa-Locka, Florida debido a la culpa de otra persona? La ley de Florida le permite reclamar una compensaci\u00f3n a la parte responsable cuando se lesiona en un accidente automovil\u00edstico, un accidente laboral o un caso de negligencia m\u00e9dica debido a la culpa de otra persona. El caso puede tener lugar en un procedimiento judicial civil o como parte de un acuerdo negociado con la compa\u00f1\u00eda de seguros de la parte responsable. La mayor\u00eda de los casos de lesiones personales en Florida se resuelven fuera de los tribunales con un abogado calificado que negocia con la compa\u00f1\u00eda de seguros para llegar a un acuerdo justo en nombre de la v\u00edctima.<\/span><\/p>\n<p><span style=\"font-weight: 400;\">Lo m\u00e1s importante es contratar al mejor abogado de lesiones personales de Opa-Locka para preparar y presentar su caso y obtener la m\u00e1xima compensaci\u00f3n de la parte responsable. Hay muchos factores a considerar al contratar a un abogado de lesiones personales confiable para manejar su caso. Si est\u00e1 buscando el mejor abogado de lesiones personales en Opa-Locka, no tiene que buscar m\u00e1s all\u00e1 de Miami Lawyers 360.<\/span><\/p>\n<p><span style=\"font-weight: 400;\">Somos su socio de confianza para todas las demandas por lesiones personales. Nuestros abogados expertos en lesiones personales han ganado millones de d\u00f3lares en compensaci\u00f3n en nombre de nuestros clientes en Florida. Llame a nuestra <a href=\"https:\/\/miamilawyers360.com\/es\/opa-locka\/\">firma de lesiones personales Opa-Locka<\/a> al <a href=\"tel:+17866862857\"><i class=\"fa fa-phone-alt\"><\/i>(786) 686-2857<\/a> ahora mismo para todas sus demandas por lesiones personales en Opa-Locka FL.<\/span><\/p>\n<h2><b>\u00bfQu\u00e9 debo hacer despu\u00e9s de sufrir una lesi\u00f3n?<\/b><\/h2>\n<p><span style=\"font-weight: 400;\">Si bien algunos accidentes en Opa-Locka no tienen consecuencias graves, otros son bastante graves y causan lesiones que alteran la vida. Lo m\u00e1s importante es saber qu\u00e9 hacer poco despu\u00e9s de sufrir una lesi\u00f3n. Estos son algunos pasos importantes que debe seguir poco despu\u00e9s de un accidente automovil\u00edstico:<\/span><\/p>\n<p><span style=\"font-weight: 400;\">Si usted o alguien m\u00e1s resulta lesionado como resultado del accidente, debe buscar asistencia m\u00e9dica de inmediato. Es posible que la mayor\u00eda de las personas no sientan dolor inmediato despu\u00e9s del accidente debido a la descarga de adrenalina. Incluso si se siente bien, debe obtener una evaluaci\u00f3n m\u00e9dica completa de un m\u00e9dico. De hecho, los informes m\u00e9dicos son importantes para demostrar que realmente result\u00f3 lesionado como resultado del accidente.<\/span><\/p>\n<p><span style=\"font-weight: 400;\">Reporte el accidente y evite entregar voluntariamente informaci\u00f3n innecesaria. No admita la culpa del accidente sin hablar con un abogado de lesiones personales confiable.<\/span><\/p>\n<p><span style=\"font-weight: 400;\">Tome fotos y grabe la escena del accidente si est\u00e1 en condiciones de hacerlo. Ayudar\u00e1 a su abogado a desarrollar su caso.<\/span><\/p>\n<p><span style=\"font-weight: 400;\">Obtenga los nombres, direcciones y n\u00fameros de tel\u00e9fono de los testigos del accidente.<\/span><\/p>\n<p><span style=\"font-weight: 400;\">Contrate a un abogado calificado y con experiencia en lesiones personales en <\/span><a href=\"https:\/\/es.wikipedia.org\/wiki\/Opa-locka\" target=\"_blank\" rel=\"noopener\"><span style=\"font-weight: 400;\">Opa-Locka, Florida<\/span><\/a><span style=\"font-weight: 400;\">, para que se encargue de su caso.<\/span><\/p>\n<h2><b>\u00bfPor qu\u00e9 necesito un abogado para mi reclamo por lesiones personales?<\/b><\/h2>\n<p><span style=\"font-weight: 400;\">Muy pocos casos de lesiones personales van a juicio. De hecho, la mayor\u00eda de los casos se resolver\u00e1n antes del juicio. Un abogado confiable de lesiones personales de Miami Lawyers 360 puede ayudarlo a negociar con la compa\u00f1\u00eda de seguros de la parte responsable y obtener la m\u00e1xima compensaci\u00f3n por sus lesiones. Nuestros abogados tienen mucha experiencia en la negociaci\u00f3n con compa\u00f1\u00edas de seguros para obtener los m\u00e1ximos beneficios en nombre de nuestros clientes. As\u00ed es como un abogado de lesiones personales lo ayudar\u00e1 cuando presente un caso de lesiones personales.<\/span><\/p>\n<ul>\n<li><span style=\"font-weight: 400;\"> El abogado preparar\u00e1 y presentar\u00e1 un caso s\u00f3lido entrevistando a testigos y haciendo que expertos testifiquen en su nombre.<\/span><\/li>\n<li><span style=\"font-weight: 400;\"> Negociar\u00e1n con la compa\u00f1\u00eda de seguros de la parte responsable para obtener la m\u00e1xima compensaci\u00f3n por sus lesiones.<\/span><\/li>\n<li>Si la compa\u00f1\u00eda de seguros no le brinda la compensaci\u00f3n m\u00e1xima que usted merece, nuestros abogados llevar\u00e1n su caso a juicio. De hecho, nuestros abogados cuentan con amplia experiencia y representaci\u00f3n en juicios.<\/li>\n<\/ul>\n<p><a href=\"https:\/\/miamilawyers360.com\/wp-content\/uploads\/2021\/03\/opa-locka-personal-injury-lawyer-500x332-1.jpg\"><img fetchpriority=\"high\" decoding=\"async\" class=\"alignnone size-full wp-image-978\" src=\"https:\/\/miamilawyers360.com\/wp-content\/uploads\/2021\/03\/opa-locka-personal-injury-lawyer-500x332-1.jpg\" alt=\"An Opa-Locka personal injury laywer filing a claim for a client.\" width=\"500\" height=\"332\" \/><\/a><\/p>\n<h2><b>\u00bfQu\u00e9 tipo de da\u00f1os puedo recuperar a trav\u00e9s de un reclamo por lesiones personales en Florida?<\/b><\/h2>\n<p><span style=\"font-weight: 400;\">La ley de Florida le permite recuperar tres tipos de da\u00f1os por sus lesiones. Estos da\u00f1os incluyen econ\u00f3micos, no econ\u00f3micos y punitivos.<\/span><\/p>\n<p><span style=\"font-weight: 400;\">Los da\u00f1os econ\u00f3micos incluyen facturas m\u00e9dicas, costos m\u00e9dicos futuros, salarios perdidos y p\u00e9rdida de calidad de vida como resultado de sus lesiones. De hecho, los da\u00f1os econ\u00f3micos son mucho m\u00e1s f\u00e1ciles de calcular. Los da\u00f1os no econ\u00f3micos son dif\u00edciles de calcular e incluyen angustia mental, dolor emocional, sufrimiento, dolor f\u00edsico y p\u00e9rdida de compa\u00f1\u00eda. Los da\u00f1os punitivos est\u00e1n dise\u00f1ados para castigar al acusado por su comportamiento imprudente. Tambi\u00e9n est\u00e1 destinado a disuadir a otros conductores de comportarse imprudentemente en las carreteras.<\/span><\/p>\n<h2><b>\u00bfC\u00f3mo se determina la responsabilidad?<\/b><\/h2>\n<p><span style=\"font-weight: 400;\">Florida es un estado de culpa puramente comparativa, lo que significa que una persona lesionada puede recuperar los da\u00f1os incluso si tiene el 99% de la culpa del accidente. De hecho, el monto de la recuperaci\u00f3n simplemente se reducir\u00e1 por el porcentaje de culpa de la persona lesionada. Por ejemplo, si el monto de la recuperaci\u00f3n es de $ 10,000 y la persona lesionada tiene un 40% de culpa, la v\u00edctima recibir\u00e1 solo $ 6,000. Hay cuatro elementos importantes para probar la negligencia del responsable.<\/span><\/p>\n<ol>\n<li style=\"font-weight: 400;\" aria-level=\"1\"><span style=\"font-weight: 400;\">El acusado ten\u00eda el deber de cuidar al demandante.<\/span><\/li>\n<li style=\"font-weight: 400;\" aria-level=\"1\"><span style=\"font-weight: 400;\">El acusado viol\u00f3 su deber de cuidado.<\/span><\/li>\n<li style=\"font-weight: 400;\" aria-level=\"1\"><span style=\"font-weight: 400;\">El accidente se produjo como consecuencia de esta infracci\u00f3n.<\/span><\/li>\n<li style=\"font-weight: 400;\" aria-level=\"1\"><span style=\"font-weight: 400;\">El demandante result\u00f3 lesionado como resultado directo del accidente y no por nada m\u00e1s.<\/span><\/li>\n<\/ol>\n<h2><b>\u00bfCu\u00e1nto tiempo tengo para presentar un reclamo por lesiones personales en Florida?<\/b><\/h2>\n<p><span style=\"font-weight: 400;\">El estatuto de limitaciones de Florida entrar\u00e1 en vigencia despu\u00e9s de cuatro a\u00f1os a partir de la fecha del accidente. Es poco probable que el tribunal escuche su caso si no lo presenta dentro de este plazo.<\/span><\/p>\n<h2><b>\u00bfCu\u00e1nto costar\u00e1 un abogado de lesiones personales de Opa-Locka?<\/b><\/h2>\n<p><span style=\"font-weight: 400;\">Los abogados de lesiones personales de Miami Lawyers 360 no cobran nada por manejar su caso. De hecho, nuestros abogados experimentados trabajan con <\/span><a href=\"https:\/\/www.americanbar.org\/groups\/public_education\/resources\/law_issues_for_consumers\/lawyerfees_contingent\/\" target=\"_blank\" rel=\"noopener\"><span style=\"font-weight: 400;\">honorarios de contingencia<\/span><\/a><span style=\"font-weight: 400;\">. Debe pagar a nuestros abogados solo si ganan su caso. Trabajamos sobre la base de no ganar ni cobrar. Debe pagar un porcentaje de la indemnizaci\u00f3n una vez que el abogado gane la demanda.<\/span><\/p>\n<h2><b>Revise su reclamo por lesiones con nuestros abogados<\/b><\/h2>\n<p><span style=\"font-weight: 400;\">Cuando se lesiona en un accidente en Opa-Locka debido a la culpa de otra persona, tiene derecho a reclamar una indemnizaci\u00f3n a la parte responsable. Lo m\u00e1s importante es contratar a un abogado de lesiones personales confiable para manejar su caso. Miami Lawyers 360 es su socio de confianza en este sentido. Llame a Miami Lawyers 360 al <a href=\"tel:+17866862857\"><i class=\"fa fa-phone-alt\"><\/i>(786) 686-2857<\/a> ahora mismo para todas sus demandas por lesiones personales en Opa-Locka FL.<\/span><\/p>\n","protected":false},"excerpt":{"rendered":"<p>\u00bfEst\u00e1 lesionado en Opa-Locka, Florida debido a la culpa de otra persona? La ley de Florida le permite reclamar una compensaci\u00f3n a la parte responsable cuando se lesiona en un accidente automovil\u00edstico, un accidente laboral o un caso de negligencia m\u00e9dica debido a la culpa de otra persona. El caso puede tener lugar en un [&hellip;]<\/p>\n","protected":false},"author":22,"featured_media":0,"parent":4661,"menu_order":0,"comment_status":"closed","ping_status":"closed","template":"","meta":{"_acf_changed":false,"anchor_text":"","footnotes":""},"class_list":["post-1782","page","type-page","status-publish","hentry"],"acf":[],"_links":{"self":[{"href":"https:\/\/miamilawyers360.com\/es\/wp-json\/wp\/v2\/pages\/1782","targetHints":{"allow":["GET"]}}],"collection":[{"href":"https:\/\/miamilawyers360.com\/es\/wp-json\/wp\/v2\/pages"}],"about":[{"href":"https:\/\/miamilawyers360.com\/es\/wp-json\/wp\/v2\/types\/page"}],"author":[{"embeddable":true,"href":"https:\/\/miamilawyers360.com\/es\/wp-json\/wp\/v2\/users\/22"}],"replies":[{"embeddable":true,"href":"https:\/\/miamilawyers360.com\/es\/wp-json\/wp\/v2\/comments?post=1782"}],"version-history":[{"count":2,"href":"https:\/\/miamilawyers360.com\/es\/wp-json\/wp\/v2\/pages\/1782\/revisions"}],"predecessor-version":[{"id":5287,"href":"https:\/\/miamilawyers360.com\/es\/wp-json\/wp\/v2\/pages\/1782\/revisions\/5287"}],"up":[{"embeddable":true,"href":"https:\/\/miamilawyers360.com\/es\/wp-json\/wp\/v2\/pages\/4661"}],"wp:attachment":[{"href":"https:\/\/miamilawyers360.com\/es\/wp-json\/wp\/v2\/media?parent=1782"}],"curies":[{"name":"wp","href":"https:\/\/api.w.org\/{rel}","templated":true}]}}