{"id":1783,"date":"2021-02-24T21:24:37","date_gmt":"2021-02-25T02:24:37","guid":{"rendered":"https:\/\/miamilawyers360.com\/opa-locka\/workers-compensation-lawyer\/"},"modified":"2026-03-13T15:14:29","modified_gmt":"2026-03-13T19:14:29","slug":"abogado-compensacion-laboral","status":"publish","type":"page","link":"https:\/\/miamilawyers360.com\/es\/opa-locka\/abogado-compensacion-laboral\/","title":{"rendered":"Abogado de compensaci\u00f3n laboral de Opa-Locka"},"content":{"rendered":"<p><span style=\"font-weight: 400;\">El sistema legal de compensaci\u00f3n para trabajadores est\u00e1 dise\u00f1ado para proteger a los trabajadores que se lesionan mientras realizan sus trabajos. La ley de Florida permite a los trabajadores reclamar una indemnizaci\u00f3n por sus lesiones independientemente de la culpa. De hecho, un empleado en Opa-Locka Florida tiene derecho a cobrar los beneficios de compensaci\u00f3n para trabajadores incluso si es responsable del accidente. Si ha resultado lesionado debido a un accidente relacionado con el trabajo, tiene derecho a reclamar da\u00f1os y perjuicios seg\u00fan la ley de compensaci\u00f3n para trabajadores. Lo m\u00e1s importante es contratar a un abogado de compensaci\u00f3n laboral de Opa-Locka altamente especializado que pueda probar su caso y obtener los m\u00e1ximos beneficios por sus lesiones.<\/span><\/p>\n<p><span style=\"font-weight: 400;\">Miami Lawyers 360 es su socio de confianza para probar su caso de compensaci\u00f3n laboral y obtener la m\u00e1xima compensaci\u00f3n por sus lesiones. Lo primero que debe hacer cuando se lesiona en el trabajo es informar al empleador lo antes posible. Incluso antes de consultar con un abogado de compensaci\u00f3n laboral de Miami Lawyers 360, debe notificar a su supervisor inmediato o una persona en una posici\u00f3n de autoridad en la oficina. El siguiente paso es contratar a un <a href=\"https:\/\/miamilawyers360.com\/es\/opa-locka\/abogado-lesiones-personales\/\">abogado especializado en lesiones personales<\/a> para manejar su caso y obtener la m\u00e1xima compensaci\u00f3n por sus lesiones. Llame a Miami Lawyers 360 al <a href=\"tel:+17866862857\"><i class=\"fa fa-phone-alt\"><\/i>(786) 686-2857<\/a> ahora mismo para manejar su demanda de compensaci\u00f3n laboral en Opa-Locka Florida.<\/span><\/p>\n<div class=\"embed-container\"><iframe src=\"https:\/\/www.youtube.com\/embed\/Ku2-zpyGz3Q\" frameborder=\"0\" allowfullscreen=\"allowfullscreen\"><\/iframe><\/div>\n<h2><b>\u00bfQu\u00e9 es la compensaci\u00f3n laboral?<\/b><\/h2>\n<p><span style=\"font-weight: 400;\">El seguro de compensaci\u00f3n laboral es un tipo de seguro comercial que ofrece beneficios a los empleados que sufren lesiones o enfermedades relacionadas con el trabajo. <\/span><span style=\"font-weight: 400;\">El seguro cubre sus facturas m\u00e9dicas, salarios perdidos y cargos de fisioterapia en los que pueda incurrir debido a sus lesiones. <\/span><span style=\"font-weight: 400;\">Los beneficios del seguro de compensaci\u00f3n para trabajadores pueden variar de un estado a otro. Estos son algunos de los beneficios comunes que recibir\u00e1 del seguro de compensaci\u00f3n para trabajadores si se lesiona en un accidente relacionado con el trabajo:<\/span><\/p>\n<ul>\n<li><span style=\"font-weight: 400;\"> Tratamiento m\u00e9dico, incluidas las hospitalizaciones.<\/span><\/li>\n<li><span style=\"font-weight: 400;\"> Beneficios por discapacidad temporal y total<\/span><\/li>\n<li><span style=\"font-weight: 400;\"> fisioterapia<\/span><\/li>\n<li><span style=\"font-weight: 400;\"> Recetas<\/span><\/li>\n<li><span style=\"font-weight: 400;\"> Gastos de viaje si es necesario<\/span><\/li>\n<li><span style=\"font-weight: 400;\"> Rehabilitaci\u00f3n vocacional<\/span><\/li>\n<\/ul>\n<h2><b>\u00bfQu\u00e9 debo hacer si me lesiono en el trabajo?<\/b><\/h2>\n<p><span style=\"font-weight: 400;\">Cuando se lesiona en el trabajo en <\/span><a href=\"https:\/\/es.wikipedia.org\/wiki\/Opa-locka\" target=\"_blank\" rel=\"noopener\"><span style=\"font-weight: 400;\">Opa-Locka Florida<\/span><\/a><span style=\"font-weight: 400;\"> , es importante que tome las medidas correctas para obtener los beneficios de compensaci\u00f3n para trabajadores. Lo primero que debe hacer cuando se lesiona en el trabajo es recibir tratamiento m\u00e9dico inmediato. Recibir un diagn\u00f3stico y un tratamiento adecuado lo ayudar\u00e1 a recuperarse lo m\u00e1s r\u00e1pido posible. Si sus lesiones son graves, llame a una ambulancia o acuda al m\u00e9dico de la empresa por lesiones menos graves.<\/span><\/p>\n<p><span style=\"font-weight: 400;\">El siguiente paso es notificar a su empleador. Una vez que haya recibido tratamiento y su condici\u00f3n sea estable, debe notificar al empleador sobre las lesiones en el lugar de trabajo. Tiene treinta d\u00edas (Secci\u00f3n 440.185, Estatutos de la Florida) para reportar el accidente al supervisor inmediato o alguien en una posici\u00f3n de autoridad en la empresa. Pero es mejor si puede informar del accidente lo antes posible. Informe al empleador cu\u00e1ndo y d\u00f3nde ocurri\u00f3 el accidente y proporcione detalles sobre su m\u00e9dico tratante. Estas son cosas importantes que debe hacer si planea presentar una demanda de compensaci\u00f3n de trabajadores.<\/span><\/p>\n<p><a href=\"https:\/\/miamilawyers360.com\/wp-content\/uploads\/2021\/03\/opa-locka-workers-comp-lawyer-500x281-1.jpg\"><img fetchpriority=\"high\" decoding=\"async\" class=\"alignnone size-full wp-image-1071\" src=\"https:\/\/miamilawyers360.com\/wp-content\/uploads\/2021\/03\/opa-locka-workers-comp-lawyer-500x281-1.jpg\" alt=\"An Opa-Locka workers compensation attorney filing a compensation claim for a client.\" width=\"500\" height=\"281\" \/><\/a><\/p>\n<p><span style=\"font-weight: 400;\">No olvide mantener un registro escrito de sus lesiones y s\u00edntomas, ya que es importante al presentar el caso. Tome fotograf\u00edas de sus lesiones si son visibles a simple vista. Le ayudar\u00e1 a probar sus lesiones y a obtener la m\u00e1xima compensaci\u00f3n en el proceso. Descansar y recuperarse son importantes para curar sus heridas por completo. Por \u00faltimo, pero no menos importante, debe contratar a un abogado con experiencia en compensaci\u00f3n de trabajadores en Miami Lawyers 360 para que maneje su caso y obtenga la m\u00e1xima compensaci\u00f3n por sus lesiones.<\/span><\/p>\n<p><span style=\"font-weight: 400;\">Miami Lawyers 360 es un nombre confiable cuando se trata de manejar demandas de compensaci\u00f3n laboral. Nuestros abogados tienen a\u00f1os de experiencia en casos de este tipo en nombre de cientos de clientes en Florida. Siempre puede contar con nuestro equipo experto de abogados de compensaci\u00f3n de trabajadores para obtener la m\u00e1xima compensaci\u00f3n por sus lesiones.<\/span><\/p>\n<h2><b>\u00bfCu\u00e1les son las lesiones por accidentes laborales m\u00e1s comunes?<\/b><\/h2>\n<p><span style=\"font-weight: 400;\">Se pueden presentar demandas de compensaci\u00f3n para trabajadores por numerosos accidentes relacionados con el trabajo. Estas son algunas de las lesiones de compensaci\u00f3n de trabajadores m\u00e1s comunes en Florida:<\/span><\/p>\n<h3><b>Sobreesfuerzo<\/b><\/h3>\n<p><span style=\"font-weight: 400;\">El esfuerzo f\u00edsico excesivo es una de las razones m\u00e1s comunes de lesiones por compensaci\u00f3n de trabajadores en Opa-Locka Florida. El esfuerzo excesivo suele ser el resultado de realizar una tarea repetitiva demasiadas veces sin descansar lo suficiente. Por ejemplo, levantar objetos pesados \u200b\u200by trabajar en posiciones no ergon\u00f3micas provocar\u00e1 un esfuerzo f\u00edsico excesivo. Si nota alg\u00fan s\u00edntoma de una lesi\u00f3n por esfuerzo excesivo, debe abordar sus condiciones de trabajo con el empleador y buscar atenci\u00f3n m\u00e9dica inmediata al mismo tiempo.<\/span><\/p>\n<h3><b>Resbalones, ca\u00eddas y tropiezos<\/b><\/h3>\n<p><span style=\"font-weight: 400;\">Un accidente de resbal\u00f3n, tropiezo o ca\u00edda suele ocurrir cuando resbala sobre una superficie lisa o tropieza con algo en el lugar de trabajo. Puede caer directamente al suelo debido a una superficie elevada en el lugar de trabajo. El dolor de espalda, las lesiones de la m\u00e9dula espinal, el dolor de cuello y las lesiones de los pies son algunas de las lesiones m\u00e1s comunes sufridas como resultado de resbalones, ca\u00eddas y tropiezos.<\/span><\/p>\n<h3><b>Golpeado por un objeto<\/b><\/h3>\n<p><span style=\"font-weight: 400;\">Si es golpeado por o contra un objeto en el lugar de trabajo, puede sufrir lesiones graves como resultado. Por ejemplo, veh\u00edculos, maquinaria, herramientas o cualquier otro objeto pueden provocar este tipo de accidentes. El alcance de la lesi\u00f3n que sufra puede depender del tipo de objeto que le golpee y del lugar donde lo golpe\u00f3.<\/span><\/p>\n<h3><b>P\u00e9rdida de la audici\u00f3n<\/b><\/h3>\n<p><span style=\"font-weight: 400;\">La p\u00e9rdida auditiva ocurre cuando su lugar de trabajo tiene niveles de ruido insoportables. Puede reclamar una indemnizaci\u00f3n si sufre p\u00e9rdida de audici\u00f3n como resultado de un ruido insoportable en su lugar de trabajo.<\/span><\/p>\n<h3><b>Accidentes durante el trabajo en maquinaria o herramientas<\/b><\/h3>\n<p><span style=\"font-weight: 400;\">Estos son algunos de los tipos de accidentes laborales m\u00e1s comunes en Florida. Tiene derecho a reclamar una indemnizaci\u00f3n por las lesiones sufridas como consecuencia de dichos accidentes.<\/span><\/p>\n<h3><b>Accidentes durante un viaje de negocios<\/b><\/h3>\n<p><span style=\"font-weight: 400;\">El seguro de compensaci\u00f3n para trabajadores cubre las lesiones que sufra debido a accidentes mientras viaja por motivos de negocios.<\/span><\/p>\n<h3><b>Accidentes de construcci\u00f3n<\/b><\/h3>\n<p><span style=\"font-weight: 400;\">Este tipo de accidentes son bastante comunes en Florida. Si trabaja en una empresa de construcci\u00f3n, es posible que est\u00e9 familiarizado con los accidentes de construcci\u00f3n. Puede reclamar una compensaci\u00f3n bajo el seguro de compensaci\u00f3n para trabajadores por las lesiones que sufra como resultado de accidentes de construcci\u00f3n.<\/span><\/p>\n<h2><b>\u00bfPor qu\u00e9 deber\u00eda contratar a un abogado de compensaci\u00f3n laboral de Opa-Locka?<\/b><\/h2>\n<p><span style=\"font-weight: 400;\">Cuando se lesiona como resultado de un accidente en el lugar de trabajo, tiene derecho a reclamar una compensaci\u00f3n bajo el seguro de compensaci\u00f3n para trabajadores. Los abogados de Miami Lawyers 360 pueden ayudarlo con un reclamo por da\u00f1os monetarios. Hay muchas ventajas de trabajar con un abogado especializado en compensaci\u00f3n de trabajadores cuando se lesiona o ha contra\u00eddo una enfermedad en el lugar de trabajo. Nuestros abogados tienen una amplia experiencia en la negociaci\u00f3n con compa\u00f1\u00edas de seguros para obtener la m\u00e1xima compensaci\u00f3n en nombre de nuestros clientes. Negociaremos con la compa\u00f1\u00eda de seguros en nombre del cliente y llevaremos el caso a juicio si el proveedor de seguros niega su reclamo leg\u00edtimo.<\/span><\/p>\n<h2><b>\u00bfCu\u00e1nto cuesta contratar a un abogado de compensaci\u00f3n laboral de Opa-Locka?<\/b><\/h2>\n<p><span style=\"font-weight: 400;\">No le cuesta nada contratar a un abogado de compensaci\u00f3n de trabajadores de Opa-Locka para manejar su demanda. Trabajamos sobre la<\/span><span style=\"font-weight: 400;\">\u00a0<\/span><a href=\"https:\/\/www.americanbar.org\/groups\/public_education\/resources\/law_issues_for_consumers\/lawyerfees_contingent\/\" target=\"_blank\" rel=\"noopener\"><span style=\"font-weight: 400;\">tarifa de contingencia<\/span><\/a><span style=\"font-weight: 400;\"> base en la que usted nos paga solo despu\u00e9s de que ganemos su caso. Trabajamos sin ganar ni pagar. Usted paga un porcentaje de la compensaci\u00f3n que se le otorga una vez que nuestro equipo gana su demanda.<\/span><\/p>\n<h2><b>\u00bfQu\u00e9 debo hacer si se rechaza mi reclamo de indemnizaci\u00f3n laboral?<\/b><\/h2>\n<p><span style=\"font-weight: 400;\">Cuando se niega su reclamo, significa que el administrador del reclamo cree que sus lesiones no est\u00e1n cubiertas por el seguro de compensaci\u00f3n para trabajadores. Una vez que reciba la carta que niega su reclamo, tiene derecho a impugnar la decisi\u00f3n. Hay fechas l\u00edmite involucradas en la presentaci\u00f3n de los documentos necesarios. Por lo tanto, no debe demorarse en desafiar la decisi\u00f3n. La mejor manera de manejar tal denegaci\u00f3n es contratar a un abogado con experiencia en compensaci\u00f3n de trabajadores en Opa-Locka.<\/span><\/p>\n<h2><b>\u00bfQu\u00e9 responsabilidad tiene el empleado al presentar una reclamaci\u00f3n de compensaci\u00f3n para trabajadores?<\/b><\/h2>\n<p><span style=\"font-weight: 400;\">Todos los empleados de Opa-Locka tienen acceso al seguro de compensaci\u00f3n para trabajadores cuando se lesionan en el trabajo. El empleado debe cumplir con las siguientes responsabilidades para reclamar una compensaci\u00f3n bajo el seguro de compensaci\u00f3n para trabajadores por sus lesiones:<\/span><\/p>\n<ul>\n<li><span style=\"font-weight: 400;\"> Siga todos los procedimientos de seguridad establecidos por el empleador mientras realiza el trabajo.<\/span><\/li>\n<li><span style=\"font-weight: 400;\"> Informar cualquier accidente inmediatamente al empleador o su representante.<\/span><\/li>\n<li><span style=\"font-weight: 400;\"> Aceptar un tratamiento m\u00e9dico razonable proporcionado por el m\u00e9dico de la empresa o un m\u00e9dico autorizado por el empleador.<\/span><\/li>\n<li>Presentar un reclamo ante la Junta Estatal de Compensaci\u00f3n para Trabajadores.<\/li>\n<\/ul>\n<p><a href=\"https:\/\/miamilawyers360.com\/wp-content\/uploads\/2021\/03\/opa-locka-workers-comp-500x333-1.jpg\"><img decoding=\"async\" class=\"alignnone size-full wp-image-1070\" src=\"https:\/\/miamilawyers360.com\/wp-content\/uploads\/2021\/03\/opa-locka-workers-comp-500x333-1.jpg\" alt=\"Review your claim with an Opa-Locka workers' compensation lawyer today.\" width=\"500\" height=\"333\" \/><\/a><\/p>\n<h2><b>\u00bfQu\u00e9 responsabilidad tiene el empleador en el proceso de compensaci\u00f3n laboral?<\/b><\/h2>\n<p><span style=\"font-weight: 400;\">Un empleador tiene que proporcionar lo siguiente en virtud de la ley de compensaci\u00f3n para trabajadores:<\/span><\/p>\n<ul>\n<li><span style=\"font-weight: 400;\"> Proporcionar un entorno de trabajo seguro.<\/span><\/li>\n<li><span style=\"font-weight: 400;\"> Respetar los derechos de los empleados.<\/span><\/li>\n<li><span style=\"font-weight: 400;\"> Presentaci\u00f3n de un primer informe de lesiones<\/span><\/li>\n<li><span style=\"font-weight: 400;\"> Cooperar con las partes investigadoras<\/span><\/li>\n<li><span style=\"font-weight: 400;\"> Permitir que el empleado recuperado reanude sus funciones.<\/span><\/li>\n<li><span style=\"font-weight: 400;\"> Cooperar con la junta de compensaci\u00f3n para trabajadores del estado.<\/span><\/li>\n<\/ul>\n<h2><b>\u00bfMe pueden despedir por reclamar un reclamo de compensaci\u00f3n para trabajadores?<\/b><\/h2>\n<p><span style=\"font-weight: 400;\">No, no puede ser despedido ni degradado por informar una lesi\u00f3n o presentar un reclamo de compensaci\u00f3n para trabajadores.<\/span><\/p>\n<h2><b>\u00bfExiste un l\u00edmite de tiempo para presentar una reclamaci\u00f3n de compensaci\u00f3n de trabajadores en Opa-Locka?<\/b><\/h2>\n<p><span style=\"font-weight: 400;\">S\u00ed, tiene dos a\u00f1os a partir de la fecha del accidente para presentar su demanda de compensaci\u00f3n laboral.<\/span><\/p>\n<h2><b>\u00bfPuedo demandar a mi empleador despu\u00e9s de sufrir una lesi\u00f3n en el trabajo?<\/b><\/h2>\n<p><span style=\"font-weight: 400;\">No se le permite demandar al empleador por un accidente en el trabajo cuando el empleador le ha proporcionado un seguro de compensaci\u00f3n para trabajadores. Pero si cree que el empleador caus\u00f3 da\u00f1o intencionalmente, puede presentar un caso por agravio intencional en un tribunal civil.<\/span><\/p>\n<h2><b>\u00bfPuede un contratista independiente presentar una reclamaci\u00f3n de compensaci\u00f3n laboral?<\/b><\/h2>\n<p><span style=\"font-weight: 400;\">En Florida, las personas que trabajan como contratistas independientes no son elegibles para los beneficios de compensaci\u00f3n para trabajadores de la empresa a la que brindan el servicio. La \u00fanica excepci\u00f3n son los contratistas independientes que trabajan o prestan servicios en la industria de la construcci\u00f3n.<\/span><\/p>\n<h2><b>\u00bfCu\u00e1l es el valor de mi reclamo de compensaci\u00f3n para trabajadores de Opa-Locka?<\/b><\/h2>\n<p><span style=\"font-weight: 400;\">Cuando se lesiona mientras realiza su trabajo, no sabe qu\u00e9 tipo de beneficios recibir\u00e1. Estos son algunos de los beneficios que recibir\u00e1 al presentar un reclamo de compensaci\u00f3n para trabajadores para recibir una compensaci\u00f3n por sus lesiones:<\/span><\/p>\n<ul>\n<li><span style=\"font-weight: 400;\"> Sus facturas m\u00e9dicas<\/span><\/li>\n<li><span style=\"font-weight: 400;\"> Cualquier costo de rehabilitaci\u00f3n<\/span><\/li>\n<li><span style=\"font-weight: 400;\"> Un porcentaje de su salario perdido<\/span><\/li>\n<li><span style=\"font-weight: 400;\"> Medicamentos recetados<\/span><\/li>\n<li><span style=\"font-weight: 400;\"> Cualquier gasto de viaje necesario relacionado con el tratamiento de su lesi\u00f3n.<\/span><\/li>\n<li><span style=\"font-weight: 400;\"> Su beneficio de reemplazo por p\u00e9rdida de ingresos<\/span><\/li>\n<li><span style=\"font-weight: 400;\"> Discapacidad parcial permanente<\/span><\/li>\n<\/ul>\n<h2><b>Programe una consulta gratuita con nuestros abogados de compensaci\u00f3n para trabajadores de Opa-Locka<\/b><\/h2>\n<p><span style=\"font-weight: 400;\">Cuando se lesiona en un accidente relacionado con el lugar de trabajo, tiene derecho a reclamar una indemnizaci\u00f3n bajo el seguro de compensaci\u00f3n para trabajadores. Debe contratar a un abogado especializado para que maneje su caso para obtener los m\u00e1ximos beneficios en el proceso. Llame a nuestra <a href=\"https:\/\/miamilawyers360.com\/es\/opa-locka\/abogado-lesiones-personales\/\">firma de lesiones personales<\/a> al <a href=\"tel:+17866862857\"><i class=\"fa fa-phone-alt\"><\/i>(786) 686-2857<\/a> ahora mismo para manejar su demanda de compensaci\u00f3n laboral en Opa-Locka, Florida.<\/span><\/p>\n","protected":false},"excerpt":{"rendered":"<p>El sistema legal de compensaci\u00f3n para trabajadores est\u00e1 dise\u00f1ado para proteger a los trabajadores que se lesionan mientras realizan sus trabajos. La ley de Florida permite a los trabajadores reclamar una indemnizaci\u00f3n por sus lesiones independientemente de la culpa. De hecho, un empleado en Opa-Locka Florida tiene derecho a cobrar los beneficios de compensaci\u00f3n para [&hellip;]<\/p>\n","protected":false},"author":22,"featured_media":0,"parent":4661,"menu_order":0,"comment_status":"closed","ping_status":"closed","template":"","meta":{"_acf_changed":false,"anchor_text":"","footnotes":""},"class_list":["post-1783","page","type-page","status-publish","hentry"],"acf":[],"_links":{"self":[{"href":"https:\/\/miamilawyers360.com\/es\/wp-json\/wp\/v2\/pages\/1783","targetHints":{"allow":["GET"]}}],"collection":[{"href":"https:\/\/miamilawyers360.com\/es\/wp-json\/wp\/v2\/pages"}],"about":[{"href":"https:\/\/miamilawyers360.com\/es\/wp-json\/wp\/v2\/types\/page"}],"author":[{"embeddable":true,"href":"https:\/\/miamilawyers360.com\/es\/wp-json\/wp\/v2\/users\/22"}],"replies":[{"embeddable":true,"href":"https:\/\/miamilawyers360.com\/es\/wp-json\/wp\/v2\/comments?post=1783"}],"version-history":[{"count":2,"href":"https:\/\/miamilawyers360.com\/es\/wp-json\/wp\/v2\/pages\/1783\/revisions"}],"predecessor-version":[{"id":5286,"href":"https:\/\/miamilawyers360.com\/es\/wp-json\/wp\/v2\/pages\/1783\/revisions\/5286"}],"up":[{"embeddable":true,"href":"https:\/\/miamilawyers360.com\/es\/wp-json\/wp\/v2\/pages\/4661"}],"wp:attachment":[{"href":"https:\/\/miamilawyers360.com\/es\/wp-json\/wp\/v2\/media?parent=1783"}],"curies":[{"name":"wp","href":"https:\/\/api.w.org\/{rel}","templated":true}]}}