{"id":2050,"date":"2021-07-09T02:43:04","date_gmt":"2021-07-09T02:43:04","guid":{"rendered":"http:\/\/miamilawyers360.com\/coral-gables\/workers-comp-benefits\/"},"modified":"2021-12-15T17:53:04","modified_gmt":"2021-12-15T17:53:04","slug":"beneficios-compensacion-trabajadores-coral-gables-fl","status":"publish","type":"page","link":"https:\/\/miamilawyers360.com\/es\/coral-gables\/beneficios-compensacion-trabajadores-coral-gables-fl\/","title":{"rendered":"Beneficios de compensaci\u00f3n para trabajadores en Coral Gables, FL"},"content":{"rendered":"<p><span style=\"font-weight: 400;\">El seguro de compensaci\u00f3n para trabajadores es una cobertura de seguro aprobada por el gobierno para todos los propietarios de negocios con m\u00e1s de dos trabajadores. Como tal, en caso de que un trabajador se lesione o contraiga una enfermedad ocupacional mientras trabajaba en Coral Gables, Florida, est\u00e1 legalmente autorizado a solicitar los beneficios de compensaci\u00f3n para trabajadores. La compensaci\u00f3n para trabajadores est\u00e1 dise\u00f1ada para ofrecer ayuda a los trabajadores \/ empleados lesionados que se han lesionado en el trabajo.<\/span><\/p>\n<p><span style=\"font-weight: 400;\">Con este beneficio de seguro, un trabajador tiene la garant\u00eda de recibir beneficios o compensaci\u00f3n por sus gastos m\u00e9dicos, p\u00e9rdida de ingresos y mucho m\u00e1s. Sin embargo, dado que tratar\u00e1 con una compa\u00f1\u00eda de seguros, tanto el titular de la p\u00f3liza de seguro (propietario de la empresa) como el agente de seguros pueden retrasar el proceso para evitar que obtenga la compensaci\u00f3n que se merece.<\/span><\/p>\n<p><span style=\"font-weight: 400;\">Aqu\u00ed es donde entramos en escena. Con la ayuda de un abogado con experiencia en compensaci\u00f3n laboral, el abogado se asegurar\u00e1 de que sus derechos est\u00e9n protegidos y reciba la cantidad de compensaci\u00f3n que se merece. En <\/span><a href=\"https:\/\/miamilawyers360.com\/es\/coral-gables\/abogado-compensacion-laboral\/\"><span style=\"font-weight: 400;\">Miami Lawyers 360<\/span><\/a><span style=\"font-weight: 400;\"> , tenemos muchos abogados profesionales con experiencia que est\u00e1n listos para trabajar en su reclamo.<\/span><\/p>\n<p><span style=\"font-weight: 400;\">Cuando se trata del aspecto legal de los beneficios de compensaci\u00f3n laboral; nuestros abogados son los mejores. Lo ayudaremos en cada paso del proceso mientras lo ayudamos a evitar los errores comunes que muchas personas cometen al presentar una reclamaci\u00f3n de beneficios de compensaci\u00f3n para trabajadores.<\/span><\/p>\n<p><span style=\"font-weight: 400;\">\t\t<div data-elementor-type=\"section\" data-elementor-id=\"1714\" class=\"elementor elementor-1714 elementor-208\" data-elementor-post-type=\"elementor_library\">\n\t\t\t\t\t<section class=\"elementor-section elementor-top-section elementor-element elementor-element-37c5f16 elementor-section-boxed elementor-section-height-default elementor-section-height-default\" data-id=\"37c5f16\" data-element_type=\"section\" data-e-type=\"section\">\n\t\t\t\t\t\t<div class=\"elementor-container elementor-column-gap-default\">\n\t\t\t\t\t<div class=\"elementor-column elementor-col-100 elementor-top-column elementor-element elementor-element-f303a68 section-toc\" data-id=\"f303a68\" data-element_type=\"column\" data-e-type=\"column\">\n\t\t\t<div class=\"elementor-widget-wrap elementor-element-populated\">\n\t\t\t\t\t\t<div class=\"elementor-element elementor-element-f0ad866 elementor-toc--minimized-on-tablet elementor-widget elementor-widget-table-of-contents\" data-id=\"f0ad866\" data-element_type=\"widget\" data-e-type=\"widget\" data-settings=\"{&quot;exclude_headings_by_selector&quot;:&quot;.toc-remove&quot;,&quot;headings_by_tags&quot;:[&quot;h2&quot;,&quot;h3&quot;,&quot;h4&quot;,&quot;h5&quot;,&quot;h6&quot;],&quot;marker_view&quot;:&quot;numbers&quot;,&quot;no_headings_message&quot;:&quot;No se ha encontrado ning\\u00fan encabezado en esta p\\u00e1gina.&quot;,&quot;minimize_box&quot;:&quot;yes&quot;,&quot;minimized_on&quot;:&quot;tablet&quot;,&quot;hierarchical_view&quot;:&quot;yes&quot;,&quot;min_height&quot;:{&quot;unit&quot;:&quot;px&quot;,&quot;size&quot;:&quot;&quot;,&quot;sizes&quot;:[]},&quot;min_height_tablet&quot;:{&quot;unit&quot;:&quot;px&quot;,&quot;size&quot;:&quot;&quot;,&quot;sizes&quot;:[]},&quot;min_height_mobile&quot;:{&quot;unit&quot;:&quot;px&quot;,&quot;size&quot;:&quot;&quot;,&quot;sizes&quot;:[]}}\" data-widget_type=\"table-of-contents.default\">\n\t\t\t\t\t\t\t\t\t<div class=\"elementor-toc__header\">\n\t\t\t\t\t\t<h4 class=\"elementor-toc__header-title\">\n\t\t\t\tTable of Contents\t\t\t<\/h4>\n\t\t\t\t\t\t\t\t\t\t<div class=\"elementor-toc__toggle-button elementor-toc__toggle-button--expand\" role=\"button\" tabindex=\"0\" aria-controls=\"elementor-toc__f0ad866\" aria-expanded=\"true\" aria-label=\"Abrir la tabla de contenidos\"><svg aria-hidden=\"true\" class=\"e-font-icon-svg e-fas-chevron-down\" viewBox=\"0 0 448 512\" xmlns=\"http:\/\/www.w3.org\/2000\/svg\"><path d=\"M207.029 381.476L12.686 187.132c-9.373-9.373-9.373-24.569 0-33.941l22.667-22.667c9.357-9.357 24.522-9.375 33.901-.04L224 284.505l154.745-154.021c9.379-9.335 24.544-9.317 33.901.04l22.667 22.667c9.373 9.373 9.373 24.569 0 33.941L240.971 381.476c-9.373 9.372-24.569 9.372-33.942 0z\"><\/path><\/svg><\/div>\n\t\t\t\t<div class=\"elementor-toc__toggle-button elementor-toc__toggle-button--collapse\" role=\"button\" tabindex=\"0\" aria-controls=\"elementor-toc__f0ad866\" aria-expanded=\"true\" aria-label=\"Cerrar la tabla de contenidos\"><svg aria-hidden=\"true\" class=\"e-font-icon-svg e-fas-chevron-up\" viewBox=\"0 0 448 512\" xmlns=\"http:\/\/www.w3.org\/2000\/svg\"><path d=\"M240.971 130.524l194.343 194.343c9.373 9.373 9.373 24.569 0 33.941l-22.667 22.667c-9.357 9.357-24.522 9.375-33.901.04L224 227.495 69.255 381.516c-9.379 9.335-24.544 9.317-33.901-.04l-22.667-22.667c-9.373-9.373-9.373-24.569 0-33.941L207.03 130.525c9.372-9.373 24.568-9.373 33.941-.001z\"><\/path><\/svg><\/div>\n\t\t\t\t\t<\/div>\n\t\t\t\t<div id=\"elementor-toc__f0ad866\" class=\"elementor-toc__body\">\n\t\t\t<div class=\"elementor-toc__spinner-container\">\n\t\t\t\t<svg class=\"elementor-toc__spinner eicon-animation-spin e-font-icon-svg e-eicon-loading\" aria-hidden=\"true\" viewBox=\"0 0 1000 1000\" xmlns=\"http:\/\/www.w3.org\/2000\/svg\"><path d=\"M500 975V858C696 858 858 696 858 500S696 142 500 142 142 304 142 500H25C25 237 238 25 500 25S975 237 975 500 763 975 500 975Z\"><\/path><\/svg>\t\t\t<\/div>\n\t\t<\/div>\n\t\t\t\t\t\t<\/div>\n\t\t\t\t\t<\/div>\n\t\t<\/div>\n\t\t\t\t\t<\/div>\n\t\t<\/section>\n\t\t\t\t<\/div>\n\t\t<\/span><\/p>\n<h2><b>\u00bfCu\u00e1les son los l\u00edmites de ingresos de compensaci\u00f3n para trabajadores de Coral Gables, Florida?<\/b><\/h2>\n<p><span style=\"font-weight: 400;\">Hay <\/span><a href=\"https:\/\/www.thehartford.com\/workers-compensation\/what-does-workers-compensation-cover\" target=\"_blank\" rel=\"noopener\"><span style=\"font-weight: 400;\">muchas ventajas del beneficio de compensaci\u00f3n para trabajadores<\/span><\/a><span style=\"font-weight: 400;\"> . Adem\u00e1s de ofrecer alivio a los empleados en caso de lesiones o enfermedades profesionales; Evita que una empresa o empresa entable demandas (sea demandada) debido a negligencia o descuido voluntario o no voluntario.<\/span><\/p>\n<p><span style=\"font-weight: 400;\">Es importante tener en cuenta que los beneficios de compensaci\u00f3n para trabajadores o el seguro son obligatorios por el estado. Por lo tanto, las reglas y regulaciones que gobiernan la compensaci\u00f3n del trabajador son diferentes de un estado a otro. Como tal, los l\u00edmites de ingresos de compensaci\u00f3n para trabajadores tambi\u00e9n difieren de un estado a otro.<\/span><\/p>\n<p><span style=\"font-weight: 400;\">Sin embargo, todos los estados tienen varias similitudes o pautas en lo que respecta a los l\u00edmites de compensaci\u00f3n para trabajadores. No hay duda de que en todos los estados, el beneficio cubrir\u00e1 los costos de protecci\u00f3n del abogado, los cargos judiciales, los gastos legales y el acuerdo en s\u00ed. La \u00fanica diferencia ser\u00e1n los valores en cada uno y el punto de corte.<\/span><\/p>\n<p><span style=\"font-weight: 400;\">Hable con nosotros para obtener un punto de corte preciso en funci\u00f3n de su caso, lesi\u00f3n o p\u00e9rdidas. Nuestros abogados est\u00e1n en una mejor posici\u00f3n para responder cualquier pregunta que pueda tener y guiarlo. Adem\u00e1s, conocer\u00e1 el valor de su caso. Trabajamos sobre una base de contingencia, lo que significa que no le pediremos nada hasta que ganemos el reclamo.<\/span><\/p>\n<p><a href=\"http:\/\/miamilawyers360.com\/wp-content\/uploads\/2021\/07\/shutterstock_1329486935-1.jpg\"><img fetchpriority=\"high\" decoding=\"async\" class=\"alignnone size-full wp-image-1848\" src=\"http:\/\/miamilawyers360.com\/wp-content\/uploads\/2021\/07\/shutterstock_1329486935-1.jpg\" alt=\"Money and hammer on a scale, types of workers&#039; compensation benefits in Coral Gables\" width=\"500\" height=\"340\" title=\"\" srcset=\"https:\/\/miamilawyers360.com\/wp-content\/uploads\/2021\/07\/shutterstock_1329486935-1.jpg 500w, https:\/\/miamilawyers360.com\/wp-content\/uploads\/2021\/07\/shutterstock_1329486935-1-300x204.jpg 300w\" sizes=\"(max-width: 500px) 100vw, 500px\" \/><\/a><\/p>\n<h2><b>\u00bfCu\u00e1les son los tipos de beneficios de compensaci\u00f3n laboral en Coral Gables?<\/b><\/h2>\n<p><span style=\"font-weight: 400;\">Hay cuatro tipos de beneficios de compensaci\u00f3n para trabajadores. Estos cuatro tipos se definen en funci\u00f3n del per\u00edodo de incapacidad y el grado de incapacidad. Los cuatro tipos son:<\/span><\/p>\n<h3><b>Beneficios por discapacidad parcial temporal (PPD)<\/b><\/h3>\n<p><span style=\"font-weight: 400;\">Este tipo de beneficio de compensaci\u00f3n se otorga a un empleado que result\u00f3 lesionado y ha regresado al trabajo, pero gana menos de lo que ganaba antes de la lesi\u00f3n. En otras palabras, es un beneficio por p\u00e9rdida de salario. Este tipo de beneficio de compensaci\u00f3n para trabajadores se paga hasta 500 semanas y viene con un per\u00edodo de retenci\u00f3n de 7 d\u00edas.<\/span><\/p>\n<h3><b>Beneficio por discapacidad total temporal (TTD)<\/b><\/h3>\n<p><span style=\"font-weight: 400;\">Este tipo de compensaci\u00f3n se paga a un empleado durante el per\u00edodo de recuperaci\u00f3n de una lesi\u00f3n o enfermedad profesional. Los beneficios de TTD tambi\u00e9n vienen con un per\u00edodo de retenci\u00f3n de 7 d\u00edas. Sin embargo, si el per\u00edodo de recuperaci\u00f3n o curaci\u00f3n excede los 21 d\u00edas, se le pagar\u00e1 al empleado o trabajador por el per\u00edodo de retenci\u00f3n de 7 d\u00edas.<\/span><\/p>\n<p><span style=\"font-weight: 400;\">TTD tambi\u00e9n se paga hasta 500 semanas, con la posibilidad de ampliar el plazo en circunstancias espec\u00edficas. El beneficio no se paga semanalmente a menos que la Comisi\u00f3n Industrial de Florida elija algo diferente.<\/span><\/p>\n<h3><b>Beneficios por discapacidad parcial permanente (PPD)<\/b><\/h3>\n<p><span style=\"font-weight: 400;\">El beneficio por discapacidad parcial permanente solo se otorga cuando un empleado alcanza la Mejora M\u00e9dica M\u00e1xima (MMI). \u00bfQu\u00e9 significa esto? Bueno, simplemente significa que las lesiones de un empleado no pueden mejorar m\u00e9dicamente m\u00e1s. Como tal, el empleado seguramente quedar\u00e1 con cicatrices o alg\u00fan tipo de deformidad. Esto significa que se paga cuando el empleado llega al final de su per\u00edodo de recuperaci\u00f3n.<\/span><\/p>\n<p><span style=\"font-weight: 400;\">Por otro lado, tambi\u00e9n cubre las lesiones planificadas. \u00bfQu\u00e9 significa esto? Se trata de lesiones en una parte del cuerpo de un trabajador que influyen en su capacidad de ejecuci\u00f3n del trabajo. En <\/span><span style=\"font-weight: 400;\">Florida<\/span><a href=\"https:\/\/www.thehartford.com\/workers-compensation\/what-does-workers-compensation-cover\" target=\"_blank\" rel=\"noopener\"><span style=\"font-weight: 400;\">, la compensaci\u00f3n para trabajadores<\/span><\/a><span style=\"font-weight: 400;\"> tambi\u00e9n ha incluido esto y ha asignado 200 semanas de beneficios.<\/span><\/p>\n<h3><b>Beneficios por discapacidad total permanente (PTD)<\/b><\/h3>\n<p><span style=\"font-weight: 400;\">Este tipo de beneficio se otorga a un trabajador en condiciones restringidas y que cumple con reglas espec\u00edficas. Este tipo de beneficio se otorga para siempre (o hasta el final de la vida \u00fatil del trabajador). Se paga cuando un trabajador ha perdido ambas manos, pies, ojos, piernas y cualquier otra combinaci\u00f3n de dos partes del cuerpo.<\/span><\/p>\n<h2><b>\u00bfC\u00f3mo se calcula el beneficio de compensaci\u00f3n laboral en Florida?<\/b><\/h2>\n<p><span style=\"font-weight: 400;\">El c\u00e1lculo del beneficio de compensaci\u00f3n al trabajador est\u00e1 influenciado en funci\u00f3n del tipo de lesiones que sufri\u00f3 una persona (que estar\u00e1 influenciada por los cuatro tipos de compensaci\u00f3n), la cantidad que un trabajador recib\u00eda semanalmente y el estado laboral del trabajador.<\/span><\/p>\n<ul>\n<li><span style=\"font-weight: 400;\"> En caso de discapacidad temporal, se calcular\u00e1n y pagar\u00e1n 2\/3 del salario bruto semanal promedio de un trabajador durante aproximadamente 13 semanas. La cantidad m\u00e1xima de un beneficio por discapacidad temporal es de $ 971 por semana.<\/span><\/li>\n<li><span style=\"font-weight: 400;\"> Por discapacidad permanente, un trabajador recibir\u00e1 el 75% de su tasa de discapacidad temporal<\/span><\/li>\n<li><span style=\"font-weight: 400;\"> Para la incapacidad total permanente, el c\u00e1lculo ser\u00e1 el mismo que para la incapacidad temporal, pero obtenga el costo anual de los ajustes de vida hasta que el trabajador cumpla los 62 a\u00f1os (cumplea\u00f1os). Eso se debe a que, a esa edad, esa persona es elegible para recibir los beneficios de jubilaci\u00f3n de la seguridad social.<\/span><\/li>\n<\/ul>\n<h2><b>\u00bfSe gravan los beneficios de compensaci\u00f3n para trabajadores de Florida?<\/b><\/h2>\n<p><span style=\"font-weight: 400;\">La respuesta corta y directa es \u00a1NO! Cualquier beneficio que reciba un empleado a trav\u00e9s del seguro de compensaci\u00f3n para trabajadores no est\u00e1 sujeto a impuestos, tanto a nivel estatal como federal. Esto se debe a que cualquier beneficio que reciba una persona se considera una lesi\u00f3n en el trabajo o una enfermedad ocupacional y, por lo tanto, est\u00e1 exento de impuestos en Florida.<\/span><\/p>\n<h2><b>\u00bfC\u00f3mo recibir sus beneficios de compensaci\u00f3n laboral con nuestros abogados en Coral Gables?<\/b><\/h2>\n<p><span style=\"font-weight: 400;\">En <\/span><a href=\"https:\/\/miamilawyers360.com\/es\/\"><span style=\"font-weight: 400;\">Miami Lawyers 360<\/span><\/a><span style=\"font-weight: 400;\"> , tratamos todos los casos de nuestros clientes como si fueran lo m\u00e1s importante del mundo. Adem\u00e1s, dado que cada caso es diferente, ofrecemos servicios personalizados y atenci\u00f3n al cliente. Nuestro objetivo es ayudar a quienes han resultado lesionados a luchar por su derecho legal a obtener una compensaci\u00f3n justa.<\/span><\/p>\n<p><span style=\"font-weight: 400;\">Ll\u00e1menos hoy y hable directamente con nuestro abogado de beneficios de compensaci\u00f3n para trabajadores de Miami Lawyers. Ofrecemos un servicio de consulta gratuito donde conocemos m\u00e1s sobre su caso, respondemos cualquier pregunta que pueda tener y ofrecemos la mejor acci\u00f3n legal para emprender.<\/span><\/p>\n<p><span style=\"font-weight: 400;\">No olvidemos que trabajamos sobre una base de contingencia, lo que significa que no nos pagan si perdemos el caso. Adem\u00e1s, no hay gastos ni costos de desembolso personal que le pediremos. Nosotros nos encargaremos de todo por ti y te permitiremos recuperarte en paz.<\/span><\/p>\n","protected":false},"excerpt":{"rendered":"<p>El seguro de compensaci\u00f3n para trabajadores es una cobertura de seguro aprobada por el gobierno para todos los propietarios de negocios con m\u00e1s de dos trabajadores. Como tal, en caso de que un trabajador se lesione o contraiga una enfermedad ocupacional mientras trabajaba en Coral Gables, Florida, est\u00e1 legalmente autorizado a solicitar los beneficios de [&hellip;]<\/p>\n","protected":false},"author":29,"featured_media":0,"parent":514,"menu_order":0,"comment_status":"closed","ping_status":"closed","template":"","meta":{"_acf_changed":false,"anchor_text":"","footnotes":""},"categories":[],"tags":[74,76],"class_list":["post-2050","page","type-page","status-publish","hentry","tag-compensacion-de-trabajadores2","tag-compensacion-de-trabajadores-es-2"],"acf":[],"_links":{"self":[{"href":"https:\/\/miamilawyers360.com\/es\/wp-json\/wp\/v2\/pages\/2050","targetHints":{"allow":["GET"]}}],"collection":[{"href":"https:\/\/miamilawyers360.com\/es\/wp-json\/wp\/v2\/pages"}],"about":[{"href":"https:\/\/miamilawyers360.com\/es\/wp-json\/wp\/v2\/types\/page"}],"author":[{"embeddable":true,"href":"https:\/\/miamilawyers360.com\/es\/wp-json\/wp\/v2\/users\/29"}],"replies":[{"embeddable":true,"href":"https:\/\/miamilawyers360.com\/es\/wp-json\/wp\/v2\/comments?post=2050"}],"version-history":[{"count":0,"href":"https:\/\/miamilawyers360.com\/es\/wp-json\/wp\/v2\/pages\/2050\/revisions"}],"up":[{"embeddable":true,"href":"https:\/\/miamilawyers360.com\/es\/wp-json\/wp\/v2\/pages\/514"}],"wp:attachment":[{"href":"https:\/\/miamilawyers360.com\/es\/wp-json\/wp\/v2\/media?parent=2050"}],"wp:term":[{"taxonomy":"category","embeddable":true,"href":"https:\/\/miamilawyers360.com\/es\/wp-json\/wp\/v2\/categories?post=2050"},{"taxonomy":"post_tag","embeddable":true,"href":"https:\/\/miamilawyers360.com\/es\/wp-json\/wp\/v2\/tags?post=2050"}],"curies":[{"name":"wp","href":"https:\/\/api.w.org\/{rel}","templated":true}]}}