{"id":2052,"date":"2021-07-09T02:51:12","date_gmt":"2021-07-09T02:51:12","guid":{"rendered":"http:\/\/miamilawyers360.com\/doral\/workers-comp-benefits\/"},"modified":"2021-12-15T22:30:11","modified_gmt":"2021-12-15T22:30:11","slug":"beneficios-compensacion-trabajadores-doral-fl","status":"publish","type":"page","link":"https:\/\/miamilawyers360.com\/es\/doral\/beneficios-compensacion-trabajadores-doral-fl\/","title":{"rendered":"Beneficios de compensaci\u00f3n para trabajadores en Doral, FL"},"content":{"rendered":"<p><span style=\"font-weight: 400;\">Las personas que viven y trabajan en Doral, FL, est\u00e1n legalmente calificadas para presentar un reclamo de compensaci\u00f3n para trabajadores por cualquier tipo de enfermedad o lesi\u00f3n sufrida al realizar sus respectivas funciones en su lugar de trabajo. Una cobertura de compensaci\u00f3n para trabajadores es un seguro aprobado por el gobierno que las empresas deben ofrecer a sus empleados. En Florida, todas las empresas con dos o m\u00e1s miembros del personal deben proporcionar esta cobertura de seguro que protege a los trabajadores de p\u00e9rdidas asociadas con tratamiento m\u00e9dico, medicamentos, p\u00e9rdida de ingresos, discapacidad, desfiguraci\u00f3n o gastos de funeral \/ entierro atribuidos a una lesi\u00f3n o enfermedad ocupacional.<\/span><\/p>\n<p><span style=\"font-weight: 400;\">La compensaci\u00f3n del trabajador tambi\u00e9n salvaguarda los intereses del empleador, protegi\u00e9ndolos de posibles demandas presentadas por sus empleados lesionados. Sin embargo, la mayor\u00eda de los due\u00f1os de negocios y sus aseguradoras no est\u00e1n contentos con incurrir en p\u00e9rdidas relacionadas con los beneficios de compensaci\u00f3n. Por lo tanto, har\u00e1n lo que puedan para minimizar la p\u00e9rdida o evitar pagar. Y es este hecho el que hace que sea prudente considerar los servicios de un abogado experimentado y de buena reputaci\u00f3n. Contrate a uno que se especialice en compensaci\u00f3n para trabajadores para mejorar sus posibilidades de recuperar todos los beneficios adeudados.<\/span><\/p>\n<p><span style=\"font-weight: 400;\">En <\/span><a href=\"https:\/\/miamilawyers360.com\/es\/doral\/abogado-compensacion-laboral\/\"><span style=\"font-weight: 400;\">Miami Workers &#8216;Compensation Lawyers Coalition<\/span><\/a><span style=\"font-weight: 400;\">, tenemos un historial comprobado de ayudar a los trabajadores en Doral, Florida, a obtener sus beneficios de compensaci\u00f3n para trabajadores. Somos una firma con algunos de los mejores profesionales del derecho que dedicar\u00e1n su experiencia a garantizar que recupere todos los da\u00f1os. Ll\u00e1menos al [tel\u00e9fono] o visite nuestras oficinas para una revisi\u00f3n de caso no obligatoria y obtenga m\u00e1s informaci\u00f3n sobre c\u00f3mo podemos ayudarlo.<\/span><\/p>\n<p><span style=\"font-weight: 400;\">\t\t<div data-elementor-type=\"section\" data-elementor-id=\"1714\" class=\"elementor elementor-1714 elementor-208\" data-elementor-post-type=\"elementor_library\">\n\t\t\t\t\t<section class=\"elementor-section elementor-top-section elementor-element elementor-element-37c5f16 elementor-section-boxed elementor-section-height-default elementor-section-height-default\" data-id=\"37c5f16\" data-element_type=\"section\" data-e-type=\"section\">\n\t\t\t\t\t\t<div class=\"elementor-container elementor-column-gap-default\">\n\t\t\t\t\t<div class=\"elementor-column elementor-col-100 elementor-top-column elementor-element elementor-element-f303a68 section-toc\" data-id=\"f303a68\" data-element_type=\"column\" data-e-type=\"column\">\n\t\t\t<div class=\"elementor-widget-wrap elementor-element-populated\">\n\t\t\t\t\t\t<div class=\"elementor-element elementor-element-f0ad866 elementor-toc--minimized-on-tablet elementor-widget elementor-widget-table-of-contents\" data-id=\"f0ad866\" data-element_type=\"widget\" data-e-type=\"widget\" data-settings=\"{&quot;exclude_headings_by_selector&quot;:&quot;.toc-remove&quot;,&quot;headings_by_tags&quot;:[&quot;h2&quot;,&quot;h3&quot;,&quot;h4&quot;,&quot;h5&quot;,&quot;h6&quot;],&quot;marker_view&quot;:&quot;numbers&quot;,&quot;no_headings_message&quot;:&quot;No se ha encontrado ning\\u00fan encabezado en esta p\\u00e1gina.&quot;,&quot;minimize_box&quot;:&quot;yes&quot;,&quot;minimized_on&quot;:&quot;tablet&quot;,&quot;hierarchical_view&quot;:&quot;yes&quot;,&quot;min_height&quot;:{&quot;unit&quot;:&quot;px&quot;,&quot;size&quot;:&quot;&quot;,&quot;sizes&quot;:[]},&quot;min_height_tablet&quot;:{&quot;unit&quot;:&quot;px&quot;,&quot;size&quot;:&quot;&quot;,&quot;sizes&quot;:[]},&quot;min_height_mobile&quot;:{&quot;unit&quot;:&quot;px&quot;,&quot;size&quot;:&quot;&quot;,&quot;sizes&quot;:[]}}\" data-widget_type=\"table-of-contents.default\">\n\t\t\t\t\t\t\t\t\t<div class=\"elementor-toc__header\">\n\t\t\t\t\t\t<h4 class=\"elementor-toc__header-title\">\n\t\t\t\tTable of Contents\t\t\t<\/h4>\n\t\t\t\t\t\t\t\t\t\t<div class=\"elementor-toc__toggle-button elementor-toc__toggle-button--expand\" role=\"button\" tabindex=\"0\" aria-controls=\"elementor-toc__f0ad866\" aria-expanded=\"true\" aria-label=\"Abrir la tabla de contenidos\"><svg aria-hidden=\"true\" class=\"e-font-icon-svg e-fas-chevron-down\" viewBox=\"0 0 448 512\" xmlns=\"http:\/\/www.w3.org\/2000\/svg\"><path d=\"M207.029 381.476L12.686 187.132c-9.373-9.373-9.373-24.569 0-33.941l22.667-22.667c9.357-9.357 24.522-9.375 33.901-.04L224 284.505l154.745-154.021c9.379-9.335 24.544-9.317 33.901.04l22.667 22.667c9.373 9.373 9.373 24.569 0 33.941L240.971 381.476c-9.373 9.372-24.569 9.372-33.942 0z\"><\/path><\/svg><\/div>\n\t\t\t\t<div class=\"elementor-toc__toggle-button elementor-toc__toggle-button--collapse\" role=\"button\" tabindex=\"0\" aria-controls=\"elementor-toc__f0ad866\" aria-expanded=\"true\" aria-label=\"Cerrar la tabla de contenidos\"><svg aria-hidden=\"true\" class=\"e-font-icon-svg e-fas-chevron-up\" viewBox=\"0 0 448 512\" xmlns=\"http:\/\/www.w3.org\/2000\/svg\"><path d=\"M240.971 130.524l194.343 194.343c9.373 9.373 9.373 24.569 0 33.941l-22.667 22.667c-9.357 9.357-24.522 9.375-33.901.04L224 227.495 69.255 381.516c-9.379 9.335-24.544 9.317-33.901-.04l-22.667-22.667c-9.373-9.373-9.373-24.569 0-33.941L207.03 130.525c9.372-9.373 24.568-9.373 33.941-.001z\"><\/path><\/svg><\/div>\n\t\t\t\t\t<\/div>\n\t\t\t\t<div id=\"elementor-toc__f0ad866\" class=\"elementor-toc__body\">\n\t\t\t<div class=\"elementor-toc__spinner-container\">\n\t\t\t\t<svg class=\"elementor-toc__spinner eicon-animation-spin e-font-icon-svg e-eicon-loading\" aria-hidden=\"true\" viewBox=\"0 0 1000 1000\" xmlns=\"http:\/\/www.w3.org\/2000\/svg\"><path d=\"M500 975V858C696 858 858 696 858 500S696 142 500 142 142 304 142 500H25C25 237 238 25 500 25S975 237 975 500 763 975 500 975Z\"><\/path><\/svg>\t\t\t<\/div>\n\t\t<\/div>\n\t\t\t\t\t\t<\/div>\n\t\t\t\t\t<\/div>\n\t\t<\/div>\n\t\t\t\t\t<\/div>\n\t\t<\/section>\n\t\t\t\t<\/div>\n\t\t<\/span><\/p>\n<h2><b>L\u00edmite de ingresos de compensaci\u00f3n laboral<\/b><\/h2>\n<p><span style=\"font-weight: 400;\">La forma en que se constituye la cobertura de compensaci\u00f3n para trabajadores la hace \u00fanica. Principalmente, est\u00e1 destinado a proteger los derechos e intereses de los empleados cuando sufren una lesi\u00f3n o enfermedad ocupacional. Eso significa que un trabajador no tendr\u00e1 que soportar p\u00e9rdidas asociadas con ning\u00fan da\u00f1o sufrido durante el desempe\u00f1o de sus funciones en el lugar de trabajo. La compensaci\u00f3n para trabajadores tambi\u00e9n considera los intereses del empleador, dise\u00f1ado de manera que pueda protegerlos de las demandas presentadas por miembros del personal lesionados.<\/span><\/p>\n<p><span style=\"font-weight: 400;\">Es un seguro de compensaci\u00f3n que todas las empresas en Florida con dos o m\u00e1s trabajadores deben tener para sus empleados. Pero <\/span><a href=\"https:\/\/www.myfloridacfo.com\/division\/wc\/employee\/faq.htm#19\" target=\"_blank\" rel=\"noopener\"><span style=\"font-weight: 400;\">las pautas sobre la compensaci\u00f3n en Florida<\/span><\/a><span style=\"font-weight: 400;\"> pueden diferir de otros estados. Sin embargo, tambi\u00e9n hay algunas similitudes que vale la pena apreciar. Por ejemplo, todos los estados establecen motivos suficientes para la elegibilidad de un empleado para recibir beneficios de compensaci\u00f3n para trabajadores. Sin embargo, el pago puede variar de un estado a otro, teniendo en cuenta cuestiones como los cargos judiciales del estado y los honorarios por servicios de abogados, entre otros.<\/span><\/p>\n<p><span style=\"font-weight: 400;\">Los beneficios en Florida se pagan semanalmente, pero se establecen en un m\u00e1ximo de $ 971 para un reclamo por discapacidad temporal. Y en el caso de una discapacidad total permanente, un trabajador puede tener derecho a beneficios que incluyen ajustes anuales de vida, con el monto pagado hasta los 62 a\u00f1os de edad cuando los beneficios de jubilaci\u00f3n est\u00e9n activos.<\/span><\/p>\n<p><span style=\"font-weight: 400;\">En general, sabemos que los casos de compensaci\u00f3n de trabajadores pueden diferir y, por lo tanto, cada uno necesita un enfoque \u00fanico dadas las circunstancias imperantes. El abogado que maneja su caso considerar\u00e1 todos los hechos mientras lo asesora y lo gu\u00eda sobre c\u00f3mo puede proteger sus derechos e intereses.<\/span><\/p>\n<p><a href=\"http:\/\/miamilawyers360.com\/wp-content\/uploads\/2021\/07\/shutterstock_1931543540-1.jpg\"><img fetchpriority=\"high\" decoding=\"async\" class=\"alignnone size-full wp-image-1857\" src=\"http:\/\/miamilawyers360.com\/wp-content\/uploads\/2021\/07\/shutterstock_1931543540-1.jpg\" alt=\"Man holding a block that states different workers&#039; compensation benefits in Doral\" width=\"500\" height=\"334\" title=\"\" srcset=\"https:\/\/miamilawyers360.com\/wp-content\/uploads\/2021\/07\/shutterstock_1931543540-1.jpg 500w, https:\/\/miamilawyers360.com\/wp-content\/uploads\/2021\/07\/shutterstock_1931543540-1-300x200.jpg 300w\" sizes=\"(max-width: 500px) 100vw, 500px\" \/><\/a><\/p>\n<h2><b>Tipos de beneficios de compensaci\u00f3n laboral de Florida en Doral<\/b><\/h2>\n<p><span style=\"font-weight: 400;\">Una lesi\u00f3n o enfermedad relacionada con el trabajo puede tener implicaciones que cambian la vida, alterando su salud, sus finanzas y su carrera profesional. Pero una cobertura de compensaci\u00f3n para trabajadores ofrece una manta de seguridad que lo protege contra esas p\u00e9rdidas. Est\u00e1 destinado a ayudarlo a recuperar la mayor\u00eda de los da\u00f1os que sufri\u00f3 y ayudarlo a volver a reanudar el trabajo o recuperar algo de normalidad en su estilo de vida. Los trabajadores en Florida tienen derecho a los siguientes beneficios de compensaci\u00f3n para trabajadores:<\/span><\/p>\n<h3><b>Beneficios por discapacidad total temporal (TTD)<\/b><\/h3>\n<p><span style=\"font-weight: 400;\">De acuerdo con las leyes de compensaci\u00f3n para trabajadores de Florida, una persona elegible para recibir beneficios por discapacidad total temporal recibir\u00e1 una cantidad calculada como el 66% (dos tercios) de su salario semanal promedio. El pago m\u00ednimo por semana es de $ 20 y el pago m\u00e1ximo es de $ 764. El pago se extiende a lo largo de 104 semanas. La prestaci\u00f3n por invalidez total temporal est\u00e1 sujeta al seguro de desempleo y las compensaciones de la seguridad social.<\/span><\/p>\n<h3><b>Beneficios por discapacidad parcial temporal (TPD)<\/b><\/h3>\n<p><span style=\"font-weight: 400;\">Principalmente, el beneficio por discapacidad parcial temporal est\u00e1 dise\u00f1ado para proteger a un trabajador lesionado contra la p\u00e9rdida de salarios y la disminuci\u00f3n de la productividad en el lugar de trabajo. Por lo tanto, su abogado considera una compensaci\u00f3n si regresa al trabajo pero se ve obligado a aceptar una apuesta m\u00e1s baja debido a la reducci\u00f3n de las habilidades y la productividad que caus\u00f3 la enfermedad o lesi\u00f3n ocupacional. Se calcula al 80% del salario semanal promedio de un empleado y se paga durante un per\u00edodo de 260 semanas.<\/span><\/p>\n<h3><b>Beneficios por discapacidad parcial permanente (PPD)<\/b><\/h3>\n<p><span style=\"font-weight: 400;\">Un beneficio por discapacidad parcial permanente tambi\u00e9n se calcula al 66% (dos tercios) del ingreso semanal promedio de un empleado. El pago m\u00ednimo se establece en $ 20 y el m\u00e1ximo es $ 746, pagado durante doce meses. De acuerdo con las leyes de compensaci\u00f3n de trabajadores de Florida, una persona tiene derecho a recibir un monto total de PPD de $ 271,544.<\/span><\/p>\n<h3><b>Beneficio por discapacidad total permanente (PTD)<\/b><\/h3>\n<p><span style=\"font-weight: 400;\">Las leyes de compensaci\u00f3n para trabajadores de Florida estipulan que una persona elegible para recibir beneficios por discapacidad total permanente recibir\u00e1 una cantidad calculada como el 66% (dos tercios) de su salario semanal promedio. El pago m\u00ednimo por semana es de $ 20 y el pago m\u00e1ximo es de $ 764. El pago se distribuye en un per\u00edodo de 104 semanas. La prestaci\u00f3n por invalidez total permanente est\u00e1 sujeta al seguro de desempleo y las compensaciones de la seguridad social.<\/span><\/p>\n<h2><b>\u00bfC\u00f3mo se calculan los beneficios de compensaci\u00f3n para trabajadores de Florida?<\/b><\/h2>\n<p><span style=\"font-weight: 400;\">Al determinar cu\u00e1nto vale un beneficio de compensaci\u00f3n para trabajadores, su abogado considerar\u00e1 c\u00f3mo sucedi\u00f3 el accidente, la responsabilidad del empleador en el asunto y la gravedad de sus lesiones. El abogado tambi\u00e9n podr\u00eda considerar su situaci\u00f3n laboral y sus ingresos semanales.<\/span><\/p>\n<p><span style=\"font-weight: 400;\">De acuerdo con las leyes de compensaci\u00f3n para trabajadores de Florida, los beneficios que una persona elegible tiene derecho a recibir se calculan en dos tercios de su salario semanal promedio con un per\u00edodo de pago m\u00ednimo de trece semanas. Adem\u00e1s, el beneficiario obtiene el 75% de sus p\u00e9rdidas (discapacidad). P\u00f3ngase en contacto con nuestras oficinas para obtener m\u00e1s informaci\u00f3n sobre los beneficios de compensaci\u00f3n para trabajadores en Doral, FL.<\/span><\/p>\n<h2><b>\u00bfEl estado de Florida tributa a los beneficios de compensaci\u00f3n para trabajadores?<\/b><\/h2>\n<p><span style=\"font-weight: 400;\">La ley del estado de Florida exige que todas las empresas paguen compensaci\u00f3n laboral para su personal. Es una cobertura de seguro cuyos beneficios no est\u00e1n gravados, lo que significa que un individuo recibir\u00e1 una compensaci\u00f3n completa.<\/span><\/p>\n<h2><b>Contrate a un abogado experimentado en compensaci\u00f3n laboral de Florida para obtener ayuda<\/b><\/h2>\n<p><span style=\"font-weight: 400;\">Si bien tener compensaci\u00f3n para trabajadores est\u00e1 destinado a proteger a los empleados de p\u00e9rdidas asociadas con lesiones o enfermedades en el lugar de trabajo, el proceso de reclamo puede ser un poco desafiante. <\/span><a href=\"https:\/\/miamilawyers360.com\/es\/\"><span style=\"font-weight: 400;\">En Miami Workers &#8216;Compensation Lawyer Coalition<\/span><\/a><span style=\"font-weight: 400;\"> , tenemos un historial comprobado de ayudar a los empleados a recibir sus beneficios. Si necesita ayuda con nuestro reclamo de compensaci\u00f3n para trabajadores, somos su mejor opci\u00f3n para ganar el caso. Ll\u00e1menos al [tel\u00e9fono] para programar una recepci\u00f3n de caso gratuita. El abogado que maneja el asunto lo ayudar\u00e1 a saber cu\u00e1nto vale su caso y a luchar por sus derechos e intereses.<\/span><\/p>\n","protected":false},"excerpt":{"rendered":"<p>Las personas que viven y trabajan en Doral, FL, est\u00e1n legalmente calificadas para presentar un reclamo de compensaci\u00f3n para trabajadores por cualquier tipo de enfermedad o lesi\u00f3n sufrida al realizar sus respectivas funciones en su lugar de trabajo. Una cobertura de compensaci\u00f3n para trabajadores es un seguro aprobado por el gobierno que las empresas deben [&hellip;]<\/p>\n","protected":false},"author":29,"featured_media":0,"parent":1731,"menu_order":0,"comment_status":"closed","ping_status":"closed","template":"","meta":{"_acf_changed":false,"anchor_text":"","footnotes":""},"categories":[],"tags":[74,76],"class_list":["post-2052","page","type-page","status-publish","hentry","tag-compensacion-de-trabajadores2","tag-compensacion-de-trabajadores-es-2"],"acf":[],"_links":{"self":[{"href":"https:\/\/miamilawyers360.com\/es\/wp-json\/wp\/v2\/pages\/2052","targetHints":{"allow":["GET"]}}],"collection":[{"href":"https:\/\/miamilawyers360.com\/es\/wp-json\/wp\/v2\/pages"}],"about":[{"href":"https:\/\/miamilawyers360.com\/es\/wp-json\/wp\/v2\/types\/page"}],"author":[{"embeddable":true,"href":"https:\/\/miamilawyers360.com\/es\/wp-json\/wp\/v2\/users\/29"}],"replies":[{"embeddable":true,"href":"https:\/\/miamilawyers360.com\/es\/wp-json\/wp\/v2\/comments?post=2052"}],"version-history":[{"count":0,"href":"https:\/\/miamilawyers360.com\/es\/wp-json\/wp\/v2\/pages\/2052\/revisions"}],"up":[{"embeddable":true,"href":"https:\/\/miamilawyers360.com\/es\/wp-json\/wp\/v2\/pages\/1731"}],"wp:attachment":[{"href":"https:\/\/miamilawyers360.com\/es\/wp-json\/wp\/v2\/media?parent=2052"}],"wp:term":[{"taxonomy":"category","embeddable":true,"href":"https:\/\/miamilawyers360.com\/es\/wp-json\/wp\/v2\/categories?post=2052"},{"taxonomy":"post_tag","embeddable":true,"href":"https:\/\/miamilawyers360.com\/es\/wp-json\/wp\/v2\/tags?post=2052"}],"curies":[{"name":"wp","href":"https:\/\/api.w.org\/{rel}","templated":true}]}}