{"id":2057,"date":"2021-07-09T02:15:18","date_gmt":"2021-07-09T02:15:18","guid":{"rendered":"https:\/\/miamilawyers360.com\/fort-lauderdale\/workers-comp-benefits\/"},"modified":"2026-03-13T15:10:08","modified_gmt":"2026-03-13T19:10:08","slug":"beneficios-compensacion-laboral-fort-lauderdale-fl","status":"publish","type":"page","link":"https:\/\/miamilawyers360.com\/es\/fort-lauderdale\/beneficios-compensacion-laboral-fort-lauderdale-fl\/","title":{"rendered":"Beneficios de compensaci\u00f3n laboral en Fort Lauderdale, FL"},"content":{"rendered":"<p><span style=\"font-weight: 400;\">Si se lesion\u00f3 mientras realizaba su trabajo, tiene derecho a reclamar los beneficios de compensaci\u00f3n para trabajadores en Fort Lauderdale. El seguro de compensaci\u00f3n para trabajadores es obligatorio para todas las empresas de FL que empleen a cuatro o m\u00e1s empleados a tiempo parcial o completo. Es importante saber c\u00f3mo funciona el sistema de compensaci\u00f3n para trabajadores para reclamar los beneficios que le corresponden cuando se lesiona en el lugar de trabajo. Tiene derecho a gastos m\u00e9dicos, salarios perdidos y beneficios por discapacidad seg\u00fan la gravedad de sus lesiones. Lo m\u00e1s importante es contratar a un abogado de compensaci\u00f3n para trabajadores confiable en Ft. Lauderdale, FL que puede evaluar su caso y explicarle sus opciones.<\/span><\/p>\n<p><span style=\"font-weight: 400;\">Hay docenas de bufetes de abogados de lesiones personales que operan en Florida, pero todos estos bufetes no son los mejores para manejar su caso. Su investigaci\u00f3n juega un papel crucial al seleccionar el mejor abogado de compensaci\u00f3n laboral en Ft. Lauderdale para manejar su reclamo de WC. La Coalici\u00f3n de Abogados de Compensaci\u00f3n Laboral de Miami es su socio de confianza en Ft. Lauderdale para manejar su reclamo de WC y obtener una compensaci\u00f3n adecuada por sus lesiones. Nuestro equipo de abogados de lesiones personales est\u00e1 altamente especializado en el manejo de todo tipo de reclamos de compensaci\u00f3n para trabajadores en Florida. Hemos manejado cientos de reclamaciones de este tipo en los \u00faltimos a\u00f1os y hemos ganado millones de d\u00f3lares en nombre de nuestros clientes. Comun\u00edquese con la <\/span><a href=\"https:\/\/miamilawyers360.com\/es\/fort-lauderdale\/abogado-compensacion-laboral\/\"><span style=\"font-weight: 400;\">Coalici\u00f3n de Abogados de Compensaci\u00f3n para Trabajadores de Miami<\/span><\/a><span style=\"font-weight: 400;\"> hoy al <a href=\"tel:+17866862857\"><i class=\"fa fa-phone-alt\"><\/i>(786) 686-2857<\/a> para representar su reclamo de compensaci\u00f3n para trabajadores en Ft. Lauderdale, FL.<\/span><\/p>\n<h2><b>L\u00edmites de ingresos de compensaci\u00f3n laboral de Florida<\/b><\/h2>\n<p><span style=\"font-weight: 400;\">El seguro de compensaci\u00f3n para trabajadores est\u00e1 dise\u00f1ado para proteger a los empleadores de demandas por lesiones personales de empleados lesionados. El sistema consta de dos partes: la Parte A y la Parte B. La Parte A paga cantidades ilimitadas de gastos m\u00e9dicos y salarios perdidos a los empleados lesionados, mientras que la Parte B protege al empleador de embolsarse los honorarios legales y la compensaci\u00f3n a los empleados lesionados que presenten reclamaciones por lesiones personales contra el empleador. El empleador puede aumentar los l\u00edmites de ingresos en funci\u00f3n de sus necesidades y presupuesto. <\/span><span style=\"font-weight: 400;\">Estos son los l\u00edmites de ingresos de compensaci\u00f3n para trabajadores en Florida:<\/span><\/p>\n<ul>\n<li><span style=\"font-weight: 400;\">L\u00edmite de $ 500,000 por lesiones corporales debido a una infecci\u00f3n<\/span><\/li>\n<li><span style=\"font-weight: 400;\">L\u00edmite de $ 100,000 por empleado por lesiones corporales debido a una infecci\u00f3n<\/span><\/li>\n<li><span style=\"font-weight: 400;\">$ 100,000 por ocurrencia por lesiones corporales<\/span><\/li>\n<\/ul>\n<h2><b>Diferentes tipos de beneficios de compensaci\u00f3n para trabajadores en Florida<\/b><\/h2>\n<p><a href=\"https:\/\/www.myfloridacfo.com\/division\/wc\/pdf\/wc-system-guide.pdf\" target=\"_blank\" rel=\"noopener\"><span style=\"font-weight: 400;\">El sistema de compensaci\u00f3n para trabajadores de Florida tiene cuatro tipos de beneficios por discapacidad<\/span><\/a><span style=\"font-weight: 400;\"> para proteger a los trabajadores lesionados. El tipo m\u00e1s adecuado para el empleado depende de la gravedad de las lesiones y de su duraci\u00f3n. Estos son los cuatro tipos de beneficios por discapacidad en Ft. Lauderdale, FL:<\/span><\/p>\n<h3><b>Beneficios por discapacidad total temporal (TTD)<\/b><\/h3>\n<p><span style=\"font-weight: 400;\">Los beneficios por discapacidad total temporal se pagan si un trabajador lesionado no puede trabajar durante siete d\u00edas debido a sus lesiones. Si el trabajador est\u00e1 incapacitado durante 21 d\u00edas, los beneficios por incapacidad tambi\u00e9n se pagar\u00e1n durante los primeros siete d\u00edas. Los beneficios de TTD durar\u00e1n 500 semanas con la oportunidad de ampliar el per\u00edodo seg\u00fan el tiempo que tarde en sanar el empleado lesionado. El pago TTD es 2\/3 del salario semanal promedio del trabajador lesionado (AWW).<\/span><\/p>\n<h3><b>Beneficios por discapacidad parcial temporal (TPD)<\/b><\/h3>\n<p><span style=\"font-weight: 400;\">El TPD generalmente se reserva para los empleados lesionados que pueden regresar al trabajo en una capacidad diferente o para tareas livianas. Lo m\u00e1s probable es que el empleado lesionado gane menos sueldo de lo que ganaba antes de la lesi\u00f3n, y el TPD est\u00e1 dise\u00f1ado para cubrir la brecha financiera. El per\u00edodo de siete d\u00edas tambi\u00e9n se aplica a TPD. La TPD suele ser la diferencia entre los dos pagos que recibi\u00f3 el trabajador antes y despu\u00e9s de la lesi\u00f3n. El TPD tambi\u00e9n puede continuar durante 500 semanas dependiendo de la gravedad de las lesiones del empleado.<\/span><\/p>\n<h3><b>Beneficios por discapacidad parcial permanente (PPD)<\/b><\/h3>\n<p><span style=\"font-weight: 400;\">El PPD generalmente se paga cuando el trabajador lesionado llega al final del per\u00edodo de curaci\u00f3n. Se conoce como MMI o m\u00e1xima mejora m\u00e9dica. El trabajador puede seguir experimentando dolor e incomodidad incluso despu\u00e9s de alcanzar el MMI. La compa\u00f1\u00eda de seguros decidir\u00e1 resolver el reclamo cuando el empleado haya alcanzado MMI.<\/span><\/p>\n<h3><b>Beneficios por discapacidad total permanente (PTD)<\/b><\/h3>\n<p><span style=\"font-weight: 400;\">El PTD se paga despu\u00e9s de que el m\u00e9dico tratante certifica que los tratamientos del empleado lesionado est\u00e1n completos. El PTD se paga en condiciones restringidas a los trabajadores lesionados que cumplen con ciertas reglas. Estos empleados est\u00e1n calificados para recibir beneficios por discapacidad para siempre.<\/span><\/p>\n<p><a href=\"https:\/\/miamilawyers360.com\/wp-content\/uploads\/2021\/12\/fort-lauderdale-workers-comp-benefits-miami360-1.jpg\"><img fetchpriority=\"high\" decoding=\"async\" class=\"alignnone size-full wp-image-2344\" src=\"https:\/\/miamilawyers360.com\/wp-content\/uploads\/2021\/12\/fort-lauderdale-workers-comp-benefits-miami360-1.jpg\" alt=\"Fort Lauderdale workers' comp benefits\" width=\"600\" height=\"400\" \/><\/a><\/p>\n<h2><b>\u00bfC\u00f3mo son los beneficios de compensaci\u00f3n para trabajadores en Ft. Lauderdale calculado?<\/b><\/h2>\n<p><span style=\"font-weight: 400;\">Los beneficios de compensaci\u00f3n para trabajadores en <\/span><a href=\"https:\/\/www.fortlauderdale.gov\/\" target=\"_blank\" rel=\"noopener\"><span style=\"font-weight: 400;\">Fort Lauderdale<\/span><\/a><span style=\"font-weight: 400;\"> se calculan en funci\u00f3n del salario semanal promedio (AWW) del trabajador lesionado. Hay cuatro t\u00e9cnicas para determinar el AWW en el estado de Florida:<\/span><\/p>\n<ul>\n<li><span style=\"font-weight: 400;\"> Si los trabajadores lesionados hab\u00edan estado empleados durante m\u00e1s de un a\u00f1o, AWW es la suma total de dinero recibido durante las \u00faltimas 52 semanas antes de la lesi\u00f3n.<\/span><\/li>\n<li><span style=\"font-weight: 400;\"> Si el trabajador lesionado ha estado empleado por menos de un a\u00f1o, AWW es el pago total recibido dividido por la cantidad de semanas que trabaj\u00f3 el empleado.<\/span><\/li>\n<li><span style=\"font-weight: 400;\"> Si el empleado lesionado ha estado empleado por un per\u00edodo corto, AWW es el salario promedio recibido por los trabajadores comparativos en la empresa.<\/span><\/li>\n<li><span style=\"font-weight: 400;\"> Si nada de lo anterior es relevante para el trabajador lesionado, el AWW se calcula tomando la cantidad de dinero que el empleado recibir\u00eda durante un cierto per\u00edodo de tiempo si no fuera por sus lesiones.<\/span><\/li>\n<\/ul>\n<h2><b>\u00bfCu\u00e1les son los beneficios de compensaci\u00f3n para trabajadores en Ft. Lauderdale con impuestos?<\/b><\/h2>\n<p><span style=\"font-weight: 400;\">No. Los beneficios de WC no est\u00e1n sujetos a impuestos en Ft. Lauderdale FL. Pero hay una excepci\u00f3n a esta regla en caso de que el empleado lesionado vuelva a trabajar en una posici\u00f3n diferente o en tareas livianas. En tal caso, se gravar\u00e1 una parte de los salarios devengados por el empleado en el nuevo puesto.<\/span><\/p>\n<h2><b>\u00bfC\u00f3mo obtener mis beneficios de compensaci\u00f3n laboral en Fort Lauderdale, FL?<\/b><\/h2>\n<p><span style=\"font-weight: 400;\">Cuando se lesiona en el trabajo, tiene derecho a reclamar una indemnizaci\u00f3n por sus lesiones. El seguro de compensaci\u00f3n para trabajadores lo compensar\u00e1 seg\u00fan la gravedad de sus lesiones y el tiempo que tarden en sanar. Lo m\u00e1s importante es trabajar con un abogado de compensaci\u00f3n para trabajadores confiable en Ft. Lauderdale FL para obtener la m\u00e1xima compensaci\u00f3n por sus lesiones. La Coalici\u00f3n de Abogados de Compensaci\u00f3n Laboral de Miami es su socio de confianza en Ft. Lauderdale para manejar su reclamo. Contamos con la experiencia y los conocimientos necesarios para manejar su reclamo de manera eficiente. Comun\u00edquese con la <\/span><a href=\"https:\/\/miamilawyers360.com\/es\/\"><span style=\"font-weight: 400;\">Coalici\u00f3n de Abogados de Compensaci\u00f3n para Trabajadores de Miami<\/span><\/a><span style=\"font-weight: 400;\"> hoy al <a href=\"tel:+17866862857\"><i class=\"fa fa-phone-alt\"><\/i>(786) 686-2857<\/a> para representar su reclamo de compensaci\u00f3n para trabajadores en Ft. Lauderdale, FL.<\/span><\/p>\n","protected":false},"excerpt":{"rendered":"<p>Si se lesion\u00f3 mientras realizaba su trabajo, tiene derecho a reclamar los beneficios de compensaci\u00f3n para trabajadores en Fort Lauderdale. El seguro de compensaci\u00f3n para trabajadores es obligatorio para todas las empresas de FL que empleen a cuatro o m\u00e1s empleados a tiempo parcial o completo. Es importante saber c\u00f3mo funciona el sistema de compensaci\u00f3n [&hellip;]<\/p>\n","protected":false},"author":22,"featured_media":0,"parent":1734,"menu_order":0,"comment_status":"closed","ping_status":"closed","template":"","meta":{"_acf_changed":false,"anchor_text":"","footnotes":""},"class_list":["post-2057","page","type-page","status-publish","hentry"],"acf":[],"_links":{"self":[{"href":"https:\/\/miamilawyers360.com\/es\/wp-json\/wp\/v2\/pages\/2057","targetHints":{"allow":["GET"]}}],"collection":[{"href":"https:\/\/miamilawyers360.com\/es\/wp-json\/wp\/v2\/pages"}],"about":[{"href":"https:\/\/miamilawyers360.com\/es\/wp-json\/wp\/v2\/types\/page"}],"author":[{"embeddable":true,"href":"https:\/\/miamilawyers360.com\/es\/wp-json\/wp\/v2\/users\/22"}],"replies":[{"embeddable":true,"href":"https:\/\/miamilawyers360.com\/es\/wp-json\/wp\/v2\/comments?post=2057"}],"version-history":[{"count":2,"href":"https:\/\/miamilawyers360.com\/es\/wp-json\/wp\/v2\/pages\/2057\/revisions"}],"predecessor-version":[{"id":5275,"href":"https:\/\/miamilawyers360.com\/es\/wp-json\/wp\/v2\/pages\/2057\/revisions\/5275"}],"up":[{"embeddable":true,"href":"https:\/\/miamilawyers360.com\/es\/wp-json\/wp\/v2\/pages\/1734"}],"wp:attachment":[{"href":"https:\/\/miamilawyers360.com\/es\/wp-json\/wp\/v2\/media?parent=2057"}],"curies":[{"name":"wp","href":"https:\/\/api.w.org\/{rel}","templated":true}]}}