{"id":2060,"date":"2021-07-09T03:00:52","date_gmt":"2021-07-09T07:00:52","guid":{"rendered":"https:\/\/miamilawyers360.com\/hialeah\/reporting-work-related-injury\/"},"modified":"2026-03-13T15:03:43","modified_gmt":"2026-03-13T19:03:43","slug":"como-informar-lesion-relacionada-trabajo-hialeah-fl","status":"publish","type":"page","link":"https:\/\/miamilawyers360.com\/es\/hialeah\/como-informar-lesion-relacionada-trabajo-hialeah-fl\/","title":{"rendered":"C\u00f3mo informar una lesi\u00f3n relacionada con el trabajo en Hialeah, FL"},"content":{"rendered":"<p><span style=\"font-weight: 400;\">Cada a\u00f1o, millones de trabajadores se lastiman en el trabajo. Aunque los accidentes laborales son muy comunes, muchos trabajadores no saben qu\u00e9 hacer despu\u00e9s de una lesi\u00f3n en el trabajo. La notificaci\u00f3n de una lesi\u00f3n relacionada con el trabajo en Hialeah, FL debe suceder inmediatamente despu\u00e9s del incidente. Esto a veces hace que las personas cometan errores que pueden llevar a que se denieguen las reclamaciones de compensaci\u00f3n para trabajadores.<\/span><\/p>\n<p><span style=\"font-weight: 400;\">No deber\u00eda tener que ser un experto para obtener la atenci\u00f3n m\u00e9dica y los beneficios a los que tiene derecho. Cuando trabaje con la <\/span><a href=\"https:\/\/miamilawyers360.com\/es\/hialeah\/abogado-compensacion-laboral\/\"><span style=\"font-weight: 400;\">Coalici\u00f3n de Abogados de Compensaci\u00f3n para Trabajadores de Miami<\/span><\/a><span style=\"font-weight: 400;\"> , no tendr\u00e1 que resolver todo por su cuenta. Lo guiaremos a trav\u00e9s de este proceso y haremos todo lo que est\u00e9 a nuestro alcance para asegurarnos de que su reclamo sea aprobado.<\/span><\/p>\n<h2><b>\u00bfCu\u00e1nto tiempo tengo para informar una lesi\u00f3n en el lugar de trabajo en Hialeah, FL?<\/b><\/h2>\n<p><span style=\"font-weight: 400;\">Cualquier accidente que ocurra en el trabajo o que est\u00e9 relacionado con el lugar de trabajo debe informarse a su empleador lo antes posible. Los accidentes deben informarse a m\u00e1s tardar 30 d\u00edas a partir de la fecha en que ocurri\u00f3 la lesi\u00f3n. Si no se informa una lesi\u00f3n o enfermedad dentro de este per\u00edodo de tiempo, su reclamo de compensaci\u00f3n para trabajadores podr\u00eda ser denegado.<\/span><\/p>\n<p><span style=\"font-weight: 400;\">En algunos casos, es posible que no se d\u00e9 cuenta de inmediato de una enfermedad o lesi\u00f3n. Por ejemplo, las lesiones por esfuerzo repetitivo no siempre se notan de inmediato. Si esto sucede, se <\/span><a href=\"https:\/\/www.myfloridacfo.com\/division\/wc\/employee\/faq.htm#19\" target=\"_blank\" rel=\"noopener\"><span style=\"font-weight: 400;\">debe informar su condici\u00f3n dentro de los 30 d\u00edas posteriores a las fechas<\/span><\/a><span style=\"font-weight: 400;\"> en que un m\u00e9dico le informa de su condici\u00f3n. Es crucial informar las lesiones r\u00e1pidamente y es igualmente importante asegurarse de que su lesi\u00f3n est\u00e9 debidamente documentada.<\/span><\/p>\n<h2><b>\u00bfA qui\u00e9n tengo que informar una lesi\u00f3n en el lugar de trabajo?<\/b><\/h2>\n<p><span style=\"font-weight: 400;\">Las lesiones en el lugar de trabajo deben informarse a su empleador. Es mejor informar siempre las lesiones tan pronto como ocurran, incluso si la lesi\u00f3n no parece ser grave. Informar adecuadamente una lesi\u00f3n desde el principio puede ayudarlo a evitar problemas en el futuro.<\/span><\/p>\n<p><span style=\"font-weight: 400;\">Es com\u00fan que las personas eviten reportar lesiones debido a la preocupaci\u00f3n de que puedan ser reprendidas o incluso despedidas. Sin embargo, <\/span><a href=\"https:\/\/www.myfloridacfo.com\/division\/wc\/employee\/faq.htm#19\" target=\"_blank\" rel=\"noopener\"><span style=\"font-weight: 400;\">la Secci\u00f3n 440.205 de los Estatutos de Florida<\/span><\/a><span style=\"font-weight: 400;\"> establece que los empleadores no pueden despedir a los trabajadores por presentar un reclamo de compensaci\u00f3n para trabajadores. Informar una lesi\u00f3n r\u00e1pidamente podr\u00eda protegerlo contra las represalias.<\/span><\/p>\n<p><span style=\"font-weight: 400;\">La persona espec\u00edfica a la que se debe informar su lesi\u00f3n variar\u00e1 seg\u00fan las reglas de su lugar de trabajo. Si no sabe a qui\u00e9n se le debe informar una lesi\u00f3n, lo mejor es informar la lesi\u00f3n a su supervisor directo. Deber\u00edan poder darle instrucciones sobre lo que debe hacer a continuaci\u00f3n.<\/span><\/p>\n<p><a href=\"https:\/\/miamilawyers360.com\/wp-content\/uploads\/2021\/07\/shutterstock_331966010-1.jpg\"><img fetchpriority=\"high\" decoding=\"async\" class=\"alignnone size-full wp-image-1885\" src=\"https:\/\/miamilawyers360.com\/wp-content\/uploads\/2021\/07\/shutterstock_331966010-1.jpg\" alt=\"hard-hat and injury report form shows what the process of reporting a work-related injury in Hialeah is\" width=\"500\" height=\"331\" \/><\/a><\/p>\n<h2><b>Responsabilidades del empleador despu\u00e9s de una lesi\u00f3n en el lugar de trabajo<\/b><\/h2>\n<p><span style=\"font-weight: 400;\">Cuando un empleado se ha lesionado en el trabajo y esa lesi\u00f3n ha sido informada al empleador, el empleador debe seguir pautas espec\u00edficas. Los empleadores deben presentar a los empleados un formulario para presentar un reclamo de compensaci\u00f3n laboral dentro de las 24 horas posteriores al informe de la lesi\u00f3n.<\/span><\/p>\n<p><span style=\"font-weight: 400;\">Una vez que el empleado haya completado y entregado el formulario, el empleador debe proporcionarle al empleado una copia de ese formulario. El empleado tambi\u00e9n deber\u00e1 autorizar fondos para cubrir el costo de la atenci\u00f3n m\u00e9dica de emergencia. Los empleados no son financieramente responsables por los costos m\u00e9dicos asociados con las lesiones que ocurrieron en el trabajo.<\/span><\/p>\n<p><span style=\"font-weight: 400;\">Los empleadores deben informar la lesi\u00f3n a la compa\u00f1\u00eda de seguros de compensaci\u00f3n para trabajadores de la compa\u00f1\u00eda dentro de los siete d\u00edas posteriores a la notificaci\u00f3n. Esto debe hacerse incluso si la lesi\u00f3n no es grave. Los empleadores deben completar y presentar un primer informe de lesiones.<\/span><\/p>\n<p><span style=\"font-weight: 400;\">Si el empleador discute que la lesi\u00f3n ocurri\u00f3 en el trabajo, eso debe reconocerse en los formularios de lesiones. Si un empleador no informa una lesi\u00f3n de la que ha sido informado, o si un empleador no le proporciona al empleado los formularios que necesita para presentar un reclamo de compensaci\u00f3n para trabajadores, podr\u00eda estar sujeto a sanciones.<\/span><\/p>\n<p><span style=\"font-weight: 400;\">Tambi\u00e9n se deben informar las reclamaciones solo m\u00e9dicas, que involucran lesiones que requieren tratamiento pero que no requieren que un empleado pierda m\u00e1s de siete d\u00edas de trabajo. Los empleadores que no reporten estos reclamos o que no los reporten de manera oportuna podr\u00edan recibir una multa de hasta $ 500.<\/span><\/p>\n<h2><b>Responsabilidad del empleado despu\u00e9s de una lesi\u00f3n en el lugar de trabajo<\/b><\/h2>\n<p><span style=\"font-weight: 400;\">La responsabilidad principal de un empleado despu\u00e9s de sufrir una lesi\u00f3n en el trabajo es informar la lesi\u00f3n a su empleador. Las reclamaciones que involucran lesiones que se informaron de inmediato tienen una mayor probabilidad de ser aprobadas. Si no se informa una lesi\u00f3n dentro de los 30 d\u00edas, se puede negar cualquier reclamo que involucre esa lesi\u00f3n.<\/span><\/p>\n<p><span style=\"font-weight: 400;\">Si un empleador no informa una lesi\u00f3n a las compa\u00f1\u00edas de seguros, los empleados tienen derecho a comunicarse directamente con la compa\u00f1\u00eda de seguros. La <\/span><a href=\"https:\/\/www.myfloridacfo.com\/division\/wc\/employee\/eao_offices.htm\" target=\"_blank\" rel=\"noopener\"><span style=\"font-weight: 400;\">Oficina de Asistencia al Empleado de Florida<\/span><\/a><span style=\"font-weight: 400;\"> , a la que se puede contactar al <a href=\"tel:+17866862857\"><i class=\"fa fa-phone-alt\"><\/i>(786) 686-2857<\/a>, tambi\u00e9n puede brindar ayuda en estos escenarios.<\/span><\/p>\n<p><span style=\"font-weight: 400;\">Los empleados deben buscar la atenci\u00f3n m\u00e9dica adecuada para las lesiones. El tratamiento debe ser proporcionado por un m\u00e9dico aprobado por el empleador o la compa\u00f1\u00eda de seguros. Los empleados no son responsables de los costos m\u00e9dicos asociados con las lesiones en el trabajo. En cambio, las facturas m\u00e9dicas deben enviarse a la compa\u00f1\u00eda de seguros del empleador para su pago.<\/span><\/p>\n<p><span style=\"font-weight: 400;\">En algunos casos, una lesi\u00f3n puede impedir temporalmente que un empleado regrese al trabajo. Los m\u00e9dicos tambi\u00e9n pueden recomendar que los empleados trabajen horas reducidas o cambien a trabajos livianos. Los empleados deben cumplir con las recomendaciones del m\u00e9dico para que puedan recuperarse adecuadamente de la lesi\u00f3n.<\/span><\/p>\n<h2><b>Ll\u00e1menos hoy cuando informe una lesi\u00f3n relacionada con el trabajo en Hialeah<\/b><\/h2>\n<p><span style=\"font-weight: 400;\">Es de vital importancia informar las lesiones laborales dentro del plazo adecuado. Si demora la presentaci\u00f3n de informes, corre el riesgo de que se rechace su reclamo de compensaci\u00f3n para trabajadores. Tambi\u00e9n es fundamental que el empleador informe la lesi\u00f3n a la compa\u00f1\u00eda de seguros de manera oportuna para que pueda recibir atenci\u00f3n m\u00e9dica y los beneficios a los que tiene derecho.<\/span><\/p>\n<p><span style=\"font-weight: 400;\">Si su empleador no cumple con su obligaci\u00f3n, o si cree que su reclamo ha sido denegado injustamente, necesita la ayuda de un abogado de compensaci\u00f3n laboral de Hialeah. <\/span><a href=\"https:\/\/www.myfloridacfo.com\/division\/wc\/employee\/eao_offices.htm\" target=\"_blank\" rel=\"noopener\"><span style=\"font-weight: 400;\">La Coalici\u00f3n de Abogados de Compensaci\u00f3n para Trabajadores de Miami<\/span><\/a><span style=\"font-weight: 400;\"> puede responder preguntas, ofrecer asistencia y puede luchar para asegurarse de que tenga acceso a lo que se le debe.<\/span><\/p>\n<p><span style=\"font-weight: 400;\">Aunque la ley protege a los empleados que se lesionan en el trabajo, hay empleados que no cumplen con las regulaciones existentes. Si se encuentra en este escenario, podemos brindarle el apoyo que necesita. Una vez que nos llame al <a href=\"tel:+17866862857\"><i class=\"fa fa-phone-alt\"><\/i>(786) 686-2857<\/a>, puede confiar en que lucharemos para evitar que sus derechos sean pisoteados.<\/span><\/p>\n","protected":false},"excerpt":{"rendered":"<p>Cada a\u00f1o, millones de trabajadores se lastiman en el trabajo. Aunque los accidentes laborales son muy comunes, muchos trabajadores no saben qu\u00e9 hacer despu\u00e9s de una lesi\u00f3n en el trabajo. La notificaci\u00f3n de una lesi\u00f3n relacionada con el trabajo en Hialeah, FL debe suceder inmediatamente despu\u00e9s del incidente. Esto a veces hace que las personas [&hellip;]<\/p>\n","protected":false},"author":22,"featured_media":0,"parent":4662,"menu_order":0,"comment_status":"closed","ping_status":"closed","template":"","meta":{"_acf_changed":false,"anchor_text":"","footnotes":""},"class_list":["post-2060","page","type-page","status-publish","hentry"],"acf":[],"_links":{"self":[{"href":"https:\/\/miamilawyers360.com\/es\/wp-json\/wp\/v2\/pages\/2060","targetHints":{"allow":["GET"]}}],"collection":[{"href":"https:\/\/miamilawyers360.com\/es\/wp-json\/wp\/v2\/pages"}],"about":[{"href":"https:\/\/miamilawyers360.com\/es\/wp-json\/wp\/v2\/types\/page"}],"author":[{"embeddable":true,"href":"https:\/\/miamilawyers360.com\/es\/wp-json\/wp\/v2\/users\/22"}],"replies":[{"embeddable":true,"href":"https:\/\/miamilawyers360.com\/es\/wp-json\/wp\/v2\/comments?post=2060"}],"version-history":[{"count":2,"href":"https:\/\/miamilawyers360.com\/es\/wp-json\/wp\/v2\/pages\/2060\/revisions"}],"predecessor-version":[{"id":5265,"href":"https:\/\/miamilawyers360.com\/es\/wp-json\/wp\/v2\/pages\/2060\/revisions\/5265"}],"up":[{"embeddable":true,"href":"https:\/\/miamilawyers360.com\/es\/wp-json\/wp\/v2\/pages\/4662"}],"wp:attachment":[{"href":"https:\/\/miamilawyers360.com\/es\/wp-json\/wp\/v2\/media?parent=2060"}],"curies":[{"name":"wp","href":"https:\/\/api.w.org\/{rel}","templated":true}]}}