{"id":2067,"date":"2021-07-09T03:20:54","date_gmt":"2021-07-09T03:20:54","guid":{"rendered":"http:\/\/miamilawyers360.com\/miami-beach\/workers-comp-benefits\/"},"modified":"2021-12-15T21:11:48","modified_gmt":"2021-12-15T21:11:48","slug":"beneficios-compensacion-trabajadores-miami-beach-fl","status":"publish","type":"page","link":"https:\/\/miamilawyers360.com\/es\/miami-beach\/beneficios-compensacion-trabajadores-miami-beach-fl\/","title":{"rendered":"Beneficios de compensaci\u00f3n para trabajadores en Miami Beach, FL"},"content":{"rendered":"<p><span style=\"font-weight: 400;\">Si se enferma o se lesiona debido a condiciones inseguras en su lugar de trabajo, tiene derecho a reclamar beneficios de compensaci\u00f3n para trabajadores en Miami Beach, FL. La compensaci\u00f3n para trabajadores proporciona beneficios por gastos m\u00e9dicos, beneficios por discapacidad, salarios perdidos e incluso beneficios por fallecimiento.<\/span><\/p>\n<p><span style=\"font-weight: 400;\">Sin embargo, es dif\u00edcil obtener los beneficios de compensaci\u00f3n para trabajadores por su cuenta. Esto se debe a que las aseguradoras y los empleadores odian dar beneficios de compensaci\u00f3n a los trabajadores lesionados. Pierden dinero si siempre pagan la m\u00e1xima compensaci\u00f3n. Por eso est\u00e1n dispuestos a pelear contigo. Incluso pueden negar su reclamo.<\/span><\/p>\n<p><span style=\"font-weight: 400;\">Es necesario contratar abogados de compensaci\u00f3n para trabajadores cre\u00edbles para ayudarlo a obtener los beneficios de compensaci\u00f3n para trabajadores que se merece. Los abogados entienden c\u00f3mo funcionan las leyes de compensaci\u00f3n para trabajadores, por lo que es m\u00e1s probable que obtengan la compensaci\u00f3n completa.<\/span><\/p>\n<p><span style=\"font-weight: 400;\">\u00bfEst\u00e1 buscando los mejores abogados de compensaci\u00f3n laboral en Miami Beach, Florida? En caso afirmativo, comun\u00edquese con la <\/span><a href=\"https:\/\/miamilawyers360.com\/es\/miami-beach\/abogado-compensacion-laboral\/\"><span style=\"font-weight: 400;\">Coalici\u00f3n de Abogados de Compensaci\u00f3n Laboral de Miami<\/span><\/a><span style=\"font-weight: 400;\">. Nuestros abogados manejan casos de compensaci\u00f3n laboral en nombre de nuestros clientes. Haremos lo que sea necesario para brindarle los beneficios que se merece. Perm\u00edtanos manejar su caso, as\u00ed que cont\u00e1ctenos hoy.<\/span><\/p>\n<p><span style=\"font-weight: 400;\">\t\t<div data-elementor-type=\"section\" data-elementor-id=\"1714\" class=\"elementor elementor-1714 elementor-208\" data-elementor-post-type=\"elementor_library\">\n\t\t\t\t\t<section class=\"elementor-section elementor-top-section elementor-element elementor-element-37c5f16 elementor-section-boxed elementor-section-height-default elementor-section-height-default\" data-id=\"37c5f16\" data-element_type=\"section\" data-e-type=\"section\">\n\t\t\t\t\t\t<div class=\"elementor-container elementor-column-gap-default\">\n\t\t\t\t\t<div class=\"elementor-column elementor-col-100 elementor-top-column elementor-element elementor-element-f303a68 section-toc\" data-id=\"f303a68\" data-element_type=\"column\" data-e-type=\"column\">\n\t\t\t<div class=\"elementor-widget-wrap elementor-element-populated\">\n\t\t\t\t\t\t<div class=\"elementor-element elementor-element-f0ad866 elementor-toc--minimized-on-tablet elementor-widget elementor-widget-table-of-contents\" data-id=\"f0ad866\" data-element_type=\"widget\" data-e-type=\"widget\" data-settings=\"{&quot;exclude_headings_by_selector&quot;:&quot;.toc-remove&quot;,&quot;headings_by_tags&quot;:[&quot;h2&quot;,&quot;h3&quot;,&quot;h4&quot;,&quot;h5&quot;,&quot;h6&quot;],&quot;marker_view&quot;:&quot;numbers&quot;,&quot;no_headings_message&quot;:&quot;No se ha encontrado ning\\u00fan encabezado en esta p\\u00e1gina.&quot;,&quot;minimize_box&quot;:&quot;yes&quot;,&quot;minimized_on&quot;:&quot;tablet&quot;,&quot;hierarchical_view&quot;:&quot;yes&quot;,&quot;min_height&quot;:{&quot;unit&quot;:&quot;px&quot;,&quot;size&quot;:&quot;&quot;,&quot;sizes&quot;:[]},&quot;min_height_tablet&quot;:{&quot;unit&quot;:&quot;px&quot;,&quot;size&quot;:&quot;&quot;,&quot;sizes&quot;:[]},&quot;min_height_mobile&quot;:{&quot;unit&quot;:&quot;px&quot;,&quot;size&quot;:&quot;&quot;,&quot;sizes&quot;:[]}}\" data-widget_type=\"table-of-contents.default\">\n\t\t\t\t\t\t\t\t\t<div class=\"elementor-toc__header\">\n\t\t\t\t\t\t<h4 class=\"elementor-toc__header-title\">\n\t\t\t\tTable of Contents\t\t\t<\/h4>\n\t\t\t\t\t\t\t\t\t\t<div class=\"elementor-toc__toggle-button elementor-toc__toggle-button--expand\" role=\"button\" tabindex=\"0\" aria-controls=\"elementor-toc__f0ad866\" aria-expanded=\"true\" aria-label=\"Abrir la tabla de contenidos\"><svg aria-hidden=\"true\" class=\"e-font-icon-svg e-fas-chevron-down\" viewBox=\"0 0 448 512\" xmlns=\"http:\/\/www.w3.org\/2000\/svg\"><path d=\"M207.029 381.476L12.686 187.132c-9.373-9.373-9.373-24.569 0-33.941l22.667-22.667c9.357-9.357 24.522-9.375 33.901-.04L224 284.505l154.745-154.021c9.379-9.335 24.544-9.317 33.901.04l22.667 22.667c9.373 9.373 9.373 24.569 0 33.941L240.971 381.476c-9.373 9.372-24.569 9.372-33.942 0z\"><\/path><\/svg><\/div>\n\t\t\t\t<div class=\"elementor-toc__toggle-button elementor-toc__toggle-button--collapse\" role=\"button\" tabindex=\"0\" aria-controls=\"elementor-toc__f0ad866\" aria-expanded=\"true\" aria-label=\"Cerrar la tabla de contenidos\"><svg aria-hidden=\"true\" class=\"e-font-icon-svg e-fas-chevron-up\" viewBox=\"0 0 448 512\" xmlns=\"http:\/\/www.w3.org\/2000\/svg\"><path d=\"M240.971 130.524l194.343 194.343c9.373 9.373 9.373 24.569 0 33.941l-22.667 22.667c-9.357 9.357-24.522 9.375-33.901.04L224 227.495 69.255 381.516c-9.379 9.335-24.544 9.317-33.901-.04l-22.667-22.667c-9.373-9.373-9.373-24.569 0-33.941L207.03 130.525c9.372-9.373 24.568-9.373 33.941-.001z\"><\/path><\/svg><\/div>\n\t\t\t\t\t<\/div>\n\t\t\t\t<div id=\"elementor-toc__f0ad866\" class=\"elementor-toc__body\">\n\t\t\t<div class=\"elementor-toc__spinner-container\">\n\t\t\t\t<svg class=\"elementor-toc__spinner eicon-animation-spin e-font-icon-svg e-eicon-loading\" aria-hidden=\"true\" viewBox=\"0 0 1000 1000\" xmlns=\"http:\/\/www.w3.org\/2000\/svg\"><path d=\"M500 975V858C696 858 858 696 858 500S696 142 500 142 142 304 142 500H25C25 237 238 25 500 25S975 237 975 500 763 975 500 975Z\"><\/path><\/svg>\t\t\t<\/div>\n\t\t<\/div>\n\t\t\t\t\t\t<\/div>\n\t\t\t\t\t<\/div>\n\t\t<\/div>\n\t\t\t\t\t<\/div>\n\t\t<\/section>\n\t\t\t\t<\/div>\n\t\t<\/span><\/p>\n<h2><b>L\u00edmites de ingresos de compensaci\u00f3n laboral de Florida<\/b><\/h2>\n<p><span style=\"font-weight: 400;\">Los empleadores negligentes pueden hacer que el lugar de trabajo sea inseguro para sus empleados, aumentando el n\u00famero de accidentes laborales. Por lo tanto, el seguro de compensaci\u00f3n para trabajadores protege al empleador de las demandas que surgen de estos accidentes laborales.<\/span><\/p>\n<p><span style=\"font-weight: 400;\">Hay dos partes del seguro de compensaci\u00f3n para trabajadores:<\/span><\/p>\n<p><b>Parte A <\/b><span style=\"font-weight: 400;\">: paga una suma ilimitada por gastos m\u00e9dicos y salarios perdidos.<\/span><\/p>\n<p><b>Parte B <\/b><span style=\"font-weight: 400;\">: protege al empleador en caso de que el empleado lesionado presente una demanda por m\u00e1s dinero.<\/span><\/p>\n<p><span style=\"font-weight: 400;\">La cobertura de compensaci\u00f3n para trabajadores cubre acuerdos, gastos de protecci\u00f3n de abogados, cargos judiciales y costos legales. Aunque los due\u00f1os de negocios en Florida pueden elegir los puntos de corte, estos son los puntos de corte en Florida:<\/span><\/p>\n<p><span style=\"font-weight: 400;\">L\u00edmite de $ 500,000 por lesiones por enfermedad<\/span><\/p>\n<p><span style=\"font-weight: 400;\">$ 100,000 por lesiones por incidente<\/span><\/p>\n<p><span style=\"font-weight: 400;\">$ 100,000 por empleado por lesiones reales causadas por una enfermedad relacionada con el trabajo<\/span><\/p>\n<h2><b>Tipos de beneficios de compensaci\u00f3n para trabajadores de Florida<\/b><\/h2>\n<p><span style=\"font-weight: 400;\">Estos son los 4 tipos de beneficios de compensaci\u00f3n para trabajadores en Miami Beach, Florida:<\/span><\/p>\n<h3><b>Beneficios por discapacidad total temporal en la compensaci\u00f3n de trabajadores de Florida (TTD)<\/b><\/h3>\n<p><span style=\"font-weight: 400;\">Se paga despu\u00e9s de la enfermedad o accidente laboral a medida que el empleado se recupera. Si el empleado lesionado no puede trabajar debido a la lesi\u00f3n, el empleado en cuesti\u00f3n puede acceder a los beneficios por incapacidad total temporal. El empleado lesionado recibir\u00e1 TTD despu\u00e9s de 7 d\u00edas.<\/span><\/p>\n<p><span style=\"font-weight: 400;\">Si el empleado lesionado permanece discapacitado por m\u00e1s de 21 d\u00edas, se le paga por los 7 d\u00edas que tuvo que esperar para recibir TTD. El monto de las cuotas de TTD es 2\/3 del salario semanal promedio normal del empleado lesionado. TTD puede continuar durante 500 semanas.<\/span><\/p>\n<h3><b>Beneficios por discapacidad parcial temporal en la compensaci\u00f3n de trabajadores de Florida (TPD)<\/b><\/h3>\n<p><span style=\"font-weight: 400;\">Si el empleado lesionado regresa a trabajar mientras se recupera, entonces se paga TPD. El empleado lesionado tambi\u00e9n recibir\u00e1 TPD despu\u00e9s de 7 d\u00edas. La cantidad de cuotas de TPD es 2\/3 es la diferencia entre el salario que ganar\u00e1 el empleado lesionado despu\u00e9s de lesionarse y el salario semanal promedio del empleado. La TPD tambi\u00e9n puede continuar durante 500 semanas.<\/span><\/p>\n<h3><b>Beneficios por discapacidad parcial permanente en la compensaci\u00f3n de trabajadores de Florida (PPD)<\/b><\/h3>\n<p><span style=\"font-weight: 400;\">Una vez que el empleado lesionado llega al final de su per\u00edodo de recuperaci\u00f3n, se paga el PPD. Esto se denomina principalmente Mejor\u00eda M\u00e9dica M\u00e1xima. Sin embargo, si el trabajador lesionado no puede desempe\u00f1arse en su trabajo debido a una discapacidad de una de sus partes del cuerpo, entonces el trabajador lesionado seguir\u00e1 recibiendo beneficios durante un n\u00famero espec\u00edfico de semanas, dependiendo de la parte del cuerpo.<\/span><\/p>\n<h3><b>Beneficios por discapacidad total permanente en la compensaci\u00f3n de trabajadores de Florida (PTD)<\/b><\/h3>\n<p><span style=\"font-weight: 400;\">Si el empleado lesionado cumple con ciertas condiciones, entonces se le paga a PTD. Sin embargo, el empleado obtendr\u00e1 estos beneficios en condiciones restringidas. El empleado lesionado puede incluso recibir pagos por discapacidad por el resto de su vida. Si el empleado pierde ambos ojos, piernas, manos o una combinaci\u00f3n de dos partes del cuerpo, se le pagar\u00e1 PTD.<\/span><\/p>\n<p><a href=\"http:\/\/miamilawyers360.com\/wp-content\/uploads\/2021\/07\/shutterstock_544292368-1.jpg\"><img fetchpriority=\"high\" decoding=\"async\" class=\"alignnone size-full wp-image-1912\" src=\"http:\/\/miamilawyers360.com\/wp-content\/uploads\/2021\/07\/shutterstock_544292368-1.jpg\" alt=\"Cut out of a man and money covered under a workers&#039; compensation benefits in miami beach umbrella\" width=\"500\" height=\"334\" title=\"\" srcset=\"https:\/\/miamilawyers360.com\/wp-content\/uploads\/2021\/07\/shutterstock_544292368-1.jpg 500w, https:\/\/miamilawyers360.com\/wp-content\/uploads\/2021\/07\/shutterstock_544292368-1-300x200.jpg 300w\" sizes=\"(max-width: 500px) 100vw, 500px\" \/><\/a><\/p>\n<h2><b>\u00bfC\u00f3mo se calculan los beneficios de compensaci\u00f3n para trabajadores de Florida?<\/b><\/h2>\n<p><span style=\"font-weight: 400;\">El <\/span><a href=\"https:\/\/www.myfloridacfo.com\/division\/wc\/employee\/faq.htm#1\" target=\"_blank\" rel=\"noopener\"><span style=\"font-weight: 400;\">salario semanal promedio<\/span><\/a><span style=\"font-weight: 400;\"> del empleado lesionado se usa principalmente para calcular los beneficios de compensaci\u00f3n para trabajadores.<\/span><\/p>\n<p><span style=\"font-weight: 400;\">Si el trabajador lesionado ha estado en el trabajo por m\u00e1s de un a\u00f1o, entonces divida la suma del dinero ganado en 52 semanas antes del accidente de trabajo por 52 para obtener el salario semanal promedio del empleado. No incluye los m\u00e1s de 7 d\u00edas que el empleado no trabaj\u00f3.<\/span><\/p>\n<p><span style=\"font-weight: 400;\">Si el trabajador lesionado no ha trabajado durante m\u00e1s de un a\u00f1o, divida la cantidad de semanas que trabaj\u00f3 para obtener el salario semanal promedio del empleado.<\/span><\/p>\n<p><span style=\"font-weight: 400;\">Si el trabajador lesionado solo ha estado trabajando por un corto tiempo, entonces puede considerar los salarios de trabajadores similares.<\/span><\/p>\n<p><span style=\"font-weight: 400;\">Si todo esto no se aplica, entonces se aproxima la cantidad de dinero que el empleado podr\u00eda estar ganando si no fuera por la lesi\u00f3n para obtener el salario semanal promedio del empleado.<\/span><\/p>\n<h2><b>\u00bfSe gravan los beneficios de compensaci\u00f3n para trabajadores de Florida?<\/b><\/h2>\n<p><span style=\"font-weight: 400;\">Los beneficios de compensaci\u00f3n para trabajadores no est\u00e1n sujetos a impuestos en Miami Beach, Florida. Sin embargo, si el empleado lesionado regresa a trabajar para hacer alg\u00fan trabajo, se gravar\u00e1 el dinero que ganar\u00e1 el empleado.<\/span><\/p>\n<p><span style=\"font-weight: 400;\">Si el empleado recibe beneficios de TPD mientras trabaja, los beneficios de TPD no estar\u00e1n sujetos a impuestos.<\/span><\/p>\n<h2><b>\u00bfC\u00f3mo puedo obtener mis beneficios de compensaci\u00f3n laboral en Miami Beach?<\/b><\/h2>\n<p><span style=\"font-weight: 400;\">Tiene derecho a solicitar beneficios de compensaci\u00f3n para trabajadores en Miami Beach, Florida. Sin embargo, preparar su caso puede llevar tiempo, ya que las leyes de compensaci\u00f3n para trabajadores son complicadas y complejas.<\/span><\/p>\n<p><span style=\"font-weight: 400;\">Puedes representarte a ti mismo. Sin embargo, no te animamos a que lo hagas. \u00bfPor qu\u00e9? Es m\u00e1s probable que pierda los beneficios.<\/span><\/p>\n<p><span style=\"font-weight: 400;\">En su lugar, contrate a un abogado de compensaci\u00f3n para trabajadores con buena reputaci\u00f3n y conocimiento en Miami Beach, FL para obtener los beneficios de compensaci\u00f3n para trabajadores que se merece. Es f\u00e1cil confiar en su abogado ya que su abogado se asegurar\u00e1 de que obtenga el monto total. Adem\u00e1s, debe concentrarse en recuperarse, as\u00ed que deje que un profesional maneje su reclamo.<\/span><\/p>\n<p><span style=\"font-weight: 400;\">En <\/span><a href=\"https:\/\/www.myfloridacfo.com\/division\/wc\/employee\/faq.htm#1\" target=\"_blank\" rel=\"noopener\"><span style=\"font-weight: 400;\">Miami Workers &#8216;Compensation Lawyers Coalition<\/span><\/a><span style=\"font-weight: 400;\"> , nos enorgullecemos de proteger los derechos de nuestros clientes. Nunca te dejaremos solo. Nos centraremos en ti y en tu caso. Hemos ayudado a varios empleados lesionados a recuperar los beneficios completos de compensaci\u00f3n para trabajadores por sus lesiones relacionadas con el trabajo. Nosotros tambi\u00e9n te ayudaremos. Cont\u00e1ctenos hoy para programar su consulta inicial. \u00a1Revisaremos su caso GRATIS!<\/span><\/p>\n","protected":false},"excerpt":{"rendered":"<p>Si se enferma o se lesiona debido a condiciones inseguras en su lugar de trabajo, tiene derecho a reclamar beneficios de compensaci\u00f3n para trabajadores en Miami Beach, FL. La compensaci\u00f3n para trabajadores proporciona beneficios por gastos m\u00e9dicos, beneficios por discapacidad, salarios perdidos e incluso beneficios por fallecimiento. Sin embargo, es dif\u00edcil obtener los beneficios de [&hellip;]<\/p>\n","protected":false},"author":29,"featured_media":0,"parent":1748,"menu_order":0,"comment_status":"closed","ping_status":"closed","template":"","meta":{"_acf_changed":false,"anchor_text":"","footnotes":""},"categories":[],"tags":[74,76],"class_list":["post-2067","page","type-page","status-publish","hentry","tag-compensacion-de-trabajadores2","tag-compensacion-de-trabajadores-es-2"],"acf":[],"_links":{"self":[{"href":"https:\/\/miamilawyers360.com\/es\/wp-json\/wp\/v2\/pages\/2067","targetHints":{"allow":["GET"]}}],"collection":[{"href":"https:\/\/miamilawyers360.com\/es\/wp-json\/wp\/v2\/pages"}],"about":[{"href":"https:\/\/miamilawyers360.com\/es\/wp-json\/wp\/v2\/types\/page"}],"author":[{"embeddable":true,"href":"https:\/\/miamilawyers360.com\/es\/wp-json\/wp\/v2\/users\/29"}],"replies":[{"embeddable":true,"href":"https:\/\/miamilawyers360.com\/es\/wp-json\/wp\/v2\/comments?post=2067"}],"version-history":[{"count":0,"href":"https:\/\/miamilawyers360.com\/es\/wp-json\/wp\/v2\/pages\/2067\/revisions"}],"up":[{"embeddable":true,"href":"https:\/\/miamilawyers360.com\/es\/wp-json\/wp\/v2\/pages\/1748"}],"wp:attachment":[{"href":"https:\/\/miamilawyers360.com\/es\/wp-json\/wp\/v2\/media?parent=2067"}],"wp:term":[{"taxonomy":"category","embeddable":true,"href":"https:\/\/miamilawyers360.com\/es\/wp-json\/wp\/v2\/categories?post=2067"},{"taxonomy":"post_tag","embeddable":true,"href":"https:\/\/miamilawyers360.com\/es\/wp-json\/wp\/v2\/tags?post=2067"}],"curies":[{"name":"wp","href":"https:\/\/api.w.org\/{rel}","templated":true}]}}