{"id":2068,"date":"2021-07-09T03:19:24","date_gmt":"2021-07-09T07:19:24","guid":{"rendered":"https:\/\/miamilawyers360.com\/miami-beach\/workers-comp-claims-process\/"},"modified":"2026-03-13T15:22:07","modified_gmt":"2026-03-13T19:22:07","slug":"proceso-reclamos-compensacion-trabajadores-miami-beach-fl","status":"publish","type":"page","link":"https:\/\/miamilawyers360.com\/es\/miami-beach\/proceso-reclamos-compensacion-trabajadores-miami-beach-fl\/","title":{"rendered":"Proceso de reclamos de compensaci\u00f3n para trabajadores en Miami Beach, FL"},"content":{"rendered":"<p><span style=\"font-weight: 400;\">\u00bfCu\u00e1l es el proceso de reclamos de compensaci\u00f3n para trabajadores en Miami Beach, FL? Cuando usted o un ser querido se lesiona en el trabajo, es elegible para solicitar una compensaci\u00f3n para los trabajadores. Sin embargo, la aseguradora del empleador deber\u00e1 verificar que el incidente ocurri\u00f3 en el trabajo en caso de una lesi\u00f3n. Si est\u00e1 lidiando con una enfermedad derivada de su trabajo, tambi\u00e9n debe demostrarlo. A veces, es posible que no tenga una lesi\u00f3n visible, pero puede sufrir una afecci\u00f3n como resultado de la exposici\u00f3n al medio ambiente en el trabajo. Las enfermedades infecciosas como Covid-19 son un caso de este tipo.<\/span><\/p>\n<p><span style=\"font-weight: 400;\">Puede ser complicado probar tal cosa, especialmente si parece que tuvo una enfermedad o lesi\u00f3n anterior y su reclamo podr\u00eda ser fraudulento. La compa\u00f1\u00eda de seguros puede intentar todas las v\u00edas para denegar su reclamo, lo que podr\u00eda significar que no obtendr\u00e1 el medicamento que necesita, no recibir\u00e1 ning\u00fan salario por el tiempo que se estaba recuperando y cualquier otro beneficio al que tenga derecho.<\/span><\/p>\n<p><span style=\"font-weight: 400;\">Tener un abogado con experiencia en compensaci\u00f3n para trabajadores es un buen paso para garantizar que presente el reclamo de la manera correcta y obtenga todos los beneficios. Si est\u00e1 presentando un reclamo de compensaci\u00f3n laboral en Miami, ll\u00e1menos para que lo representemos en el caso. <\/span><a href=\"https:\/\/miamilawyers360.com\/es\/miami-beach\/abogado-compensacion-laboral\/\"><span style=\"font-weight: 400;\">La Coalici\u00f3n de Abogados de Compensaci\u00f3n Laboral de Miami<\/span><\/a><span style=\"font-weight: 400;\"> tiene expertos en casos de compensaci\u00f3n laboral y puede ayudarlo a obtener los beneficios que se merece.<\/span><\/p>\n<p><span style=\"font-weight: 400;\">Puede ser dif\u00edcil saber c\u00f3mo llevar a cabo el proceso, especialmente si no tiene idea de por d\u00f3nde empezar durante el proceso. Contratar a un abogado es una forma segura de obtener la ayuda que necesita y tomarse el tiempo necesario para recuperarse. Su abogado lo representar\u00e1 y se asegurar\u00e1 de que el proceso de reclamos no le afecte durante este tiempo devastador.<\/span><\/p>\n<p><span style=\"font-weight: 400;\">Comun\u00edquese con nosotros en la Coalici\u00f3n de Abogados de Compensaci\u00f3n Laboral de Miami para obtener un abogado competente y agresivo que lo represente hoy.<\/span><\/p>\n<p><span style=\"font-weight: 400;\">Las siguientes preguntas frecuentes son un buen lugar para comenzar si desea comprender mejor el proceso.<\/span><\/p>\n<h2><b>\u00bfC\u00f3mo puedo saber si una reclamaci\u00f3n de indemnizaci\u00f3n laboral cubrir\u00e1 mi lesi\u00f3n?<\/b><\/h2>\n<p><span style=\"font-weight: 400;\">Su enfermedad o lesi\u00f3n debe estar relacionada con el trabajo.<\/span><\/p>\n<p><span style=\"font-weight: 400;\">Debe probar que su lesi\u00f3n puede clasificarse como derivada del empleo o ocurrida durante el empleo. Si se enferma o se lesiona debido a un evento o exposici\u00f3n a un entorno laboral inseguro, el <\/span><a href=\"https:\/\/www.myfloridacfo.com\/division\/wc\/employee\/faq.htm#1\" target=\"_blank\" rel=\"noopener\"><span style=\"font-weight: 400;\">proceso de reclamo<\/span><\/a><span style=\"font-weight: 400;\"> puede no ser tan complicado. Sin embargo, si se lastima lejos de la oficina \/ lugar de trabajo mientras realiza algo relacionado con el trabajo, entonces el proceso de reclamo puede volverse un poco complicado.<\/span><\/p>\n<p><span style=\"font-weight: 400;\">Si se lesiona durante la hora del almuerzo, no se considera que est\u00e9 relacionado con el trabajo, por lo que no es elegible para la compensaci\u00f3n del trabajador. Si su lesi\u00f3n ocurri\u00f3 en las instalaciones, entonces puede contarse como relacionada con el trabajo, siempre que no sea algo prohibido por las regulaciones del lugar de trabajo.<\/span><\/p>\n<p><span style=\"font-weight: 400;\">Si se lesiona mientras viaja por trabajo, puede ser elegible si;<\/span><\/p>\n<ul>\n<li><span style=\"font-weight: 400;\"> Hac\u00edas recados para tu empleador.<\/span><\/li>\n<li><span style=\"font-weight: 400;\"> Conduc\u00eda un veh\u00edculo de la empresa.<\/span><\/li>\n<li><span style=\"font-weight: 400;\"> Viajaba por trabajo (esto se aplica a trabajos como vendedor)<\/span><\/li>\n<\/ul>\n<p><span style=\"font-weight: 400;\">Enfermedades ocupacionales \/ Lesiones por movimientos repetitivos<\/span><\/p>\n<p><span style=\"font-weight: 400;\">Tambi\u00e9n puede estar cubierto por la compensaci\u00f3n del trabajador si ha sufrido una enfermedad debido a movimientos repetitivos en el trabajo. Estos se conocen como lesiones por esfuerzo. El caso es dif\u00edcil para enfermedades psicol\u00f3gicas y como el estr\u00e9s, pero con un abogado experimentado en compensaci\u00f3n de trabajadores, puede tener una oportunidad. El abogado puede reunir pruebas que demuestren que su enfermedad fue causada por el lugar de trabajo y los alrededores.<\/span><\/p>\n<p><a href=\"https:\/\/miamilawyers360.com\/wp-content\/uploads\/2021\/07\/shutterstock_1055986955-1.jpg\"><img fetchpriority=\"high\" decoding=\"async\" class=\"alignnone size-full wp-image-1906\" src=\"https:\/\/miamilawyers360.com\/wp-content\/uploads\/2021\/07\/shutterstock_1055986955-1.jpg\" alt=\"Man injuries his hand to understand the workers' compensation claims process in Miami Beach\" width=\"500\" height=\"375\" \/><\/a><\/p>\n<p><span style=\"font-weight: 400;\">Se recomienda un abogado si est\u00e1 tratando de demostrar que tiene una enfermedad relacionada con el trabajo, pero la enfermedad en s\u00ed se considera una enfermedad com\u00fan de la vida. Necesita pruebas s\u00f3lidas de un m\u00e9dico autorizado para demostrar que su enfermedad fue causada por el medio ambiente en su lugar de trabajo.<\/span><\/p>\n<p><span style=\"font-weight: 400;\">En Florida, puede solicitar una compensaci\u00f3n para trabajadores si tiene una afecci\u00f3n preexistente que se ve agravada por el esfuerzo f\u00edsico continuo en el trabajo. Estas son afecciones como artritis, problemas de espalda, etc.<\/span><\/p>\n<p><span style=\"font-weight: 400;\">Conseguir un abogado es la mejor manera de estar seguro de lo que cubre la compensaci\u00f3n del trabajador en su lugar de trabajo en Miami. Su abogado tambi\u00e9n puede decirle qu\u00e9 beneficios est\u00e1n cubiertos. Si la lesi\u00f3n o enfermedad caus\u00f3 dolor y sufrimiento y sus beneficios no cubren eso, un abogado puede intentar probar que un tercero (generalmente el empleador) fue responsable. Si el empleador no proporcion\u00f3 un entorno de trabajo seguro y eso provoc\u00f3 su lesi\u00f3n o enfermedad, es posible que pueda demandarlo.<\/span><\/p>\n<h2><b>\u00bfCu\u00e1l es el cronograma del proceso de reclamos de compensaci\u00f3n para trabajadores en Miami Beach?<\/b><\/h2>\n<p><span style=\"font-weight: 400;\">Un empleado lesionado tiene <\/span><a href=\"https:\/\/www.myfloridacfo.com\/division\/wc\/employee\/faq.htm#1\" target=\"_blank\" rel=\"noopener\"><span style=\"font-weight: 400;\">dos a\u00f1os para presentar una petici\u00f3n<\/span><\/a><span style=\"font-weight: 400;\"> para recibir beneficios si se lesiona en el trabajo. Sin embargo, hay algunas formas en que un empleado puede extender el plazo de prescripci\u00f3n. Por ejemplo, pueden presentar una Petici\u00f3n de Beneficios m\u00e1s de una vez. Un empleado tambi\u00e9n puede visitar al m\u00e9dico autorizado para recibir otro tipo de beneficio, lo que significa que la petici\u00f3n puede extenderse por un a\u00f1o m\u00e1s.<\/span><\/p>\n<p><span style=\"font-weight: 400;\">Siempre es una buena idea contratar a un abogado para que revise la petici\u00f3n y el estatuto de limitaciones.<\/span><\/p>\n<h2><b>C\u00f3mo presentar el reclamo de compensaci\u00f3n para trabajadores en Miami, FL.<\/b><\/h2>\n<ol>\n<li style=\"font-weight: 400;\" aria-level=\"1\"><span style=\"font-weight: 400;\">Informe la lesi\u00f3n \/ enfermedad a su empleador dentro de los 30 d\u00edas posteriores al incidente. Debe incluir los nombres de los testigos, as\u00ed como una descripci\u00f3n clara del incidente.<\/span><\/li>\n<li style=\"font-weight: 400;\" aria-level=\"1\"><span style=\"font-weight: 400;\">Busque una evaluaci\u00f3n m\u00e9dica para determinar el alcance de sus lesiones. P\u00eddale a su empleador una lista de m\u00e9dicos verificados que pueda consultar.<\/span><\/li>\n<li style=\"font-weight: 400;\" aria-level=\"1\"><span style=\"font-weight: 400;\">Presente su reclamo con la ayuda de un abogado de compensaci\u00f3n laboral. Se recomienda un abogado porque lo guiar\u00e1 a trav\u00e9s del proceso y le informar\u00e1 los beneficios para los que es elegible. Adem\u00e1s, tener una lesi\u00f3n puede ser estresante, por lo que contar con representaci\u00f3n legal es una buena manera de asegurarse de obtener todos los beneficios.<\/span><\/li>\n<\/ol>\n<p><a href=\"https:\/\/miamilawyers360.com\/es\/\"><span style=\"font-weight: 400;\">La Coalici\u00f3n de Abogados de Compensaci\u00f3n Laboral de Miami<\/span><\/a><span style=\"font-weight: 400;\"> tiene un equipo de abogados dedicados que revisar\u00e1n su caso de compensaci\u00f3n laboral y se asegurar\u00e1n de que su reclamo sea elegible. Estamos decididos a brindarles a nuestros clientes la compensaci\u00f3n que se merecen. Ll\u00e1menos hoy para obtener una revisi\u00f3n de su caso y obtener la mejor representaci\u00f3n en Miami.<\/span><\/p>\n","protected":false},"excerpt":{"rendered":"<p>\u00bfCu\u00e1l es el proceso de reclamos de compensaci\u00f3n para trabajadores en Miami Beach, FL? Cuando usted o un ser querido se lesiona en el trabajo, es elegible para solicitar una compensaci\u00f3n para los trabajadores. Sin embargo, la aseguradora del empleador deber\u00e1 verificar que el incidente ocurri\u00f3 en el trabajo en caso de una lesi\u00f3n. Si [&hellip;]<\/p>\n","protected":false},"author":22,"featured_media":0,"parent":4657,"menu_order":0,"comment_status":"closed","ping_status":"closed","template":"","meta":{"_acf_changed":false,"anchor_text":"","footnotes":""},"class_list":["post-2068","page","type-page","status-publish","hentry"],"acf":[],"_links":{"self":[{"href":"https:\/\/miamilawyers360.com\/es\/wp-json\/wp\/v2\/pages\/2068","targetHints":{"allow":["GET"]}}],"collection":[{"href":"https:\/\/miamilawyers360.com\/es\/wp-json\/wp\/v2\/pages"}],"about":[{"href":"https:\/\/miamilawyers360.com\/es\/wp-json\/wp\/v2\/types\/page"}],"author":[{"embeddable":true,"href":"https:\/\/miamilawyers360.com\/es\/wp-json\/wp\/v2\/users\/22"}],"replies":[{"embeddable":true,"href":"https:\/\/miamilawyers360.com\/es\/wp-json\/wp\/v2\/comments?post=2068"}],"version-history":[{"count":2,"href":"https:\/\/miamilawyers360.com\/es\/wp-json\/wp\/v2\/pages\/2068\/revisions"}],"predecessor-version":[{"id":5302,"href":"https:\/\/miamilawyers360.com\/es\/wp-json\/wp\/v2\/pages\/2068\/revisions\/5302"}],"up":[{"embeddable":true,"href":"https:\/\/miamilawyers360.com\/es\/wp-json\/wp\/v2\/pages\/4657"}],"wp:attachment":[{"href":"https:\/\/miamilawyers360.com\/es\/wp-json\/wp\/v2\/media?parent=2068"}],"curies":[{"name":"wp","href":"https:\/\/api.w.org\/{rel}","templated":true}]}}