{"id":2069,"date":"2021-07-09T03:25:34","date_gmt":"2021-07-09T07:25:34","guid":{"rendered":"https:\/\/miamilawyers360.com\/miami-gardens\/reporting-work-related-injury\/"},"modified":"2026-03-13T15:19:53","modified_gmt":"2026-03-13T19:19:53","slug":"como-informar-lesion-relacionada-trabajo-miami-gardens-fl","status":"publish","type":"page","link":"https:\/\/miamilawyers360.com\/es\/miami-gardens\/como-informar-lesion-relacionada-trabajo-miami-gardens-fl\/","title":{"rendered":"C\u00f3mo informar una lesi\u00f3n relacionada con el trabajo en Miami Gardens, FL"},"content":{"rendered":"<p><span style=\"font-weight: 400;\">Los accidentes de oficina ocurren todo el tiempo en toda Florida. Al informar una lesi\u00f3n relacionada con el trabajo en Miami Gardens, debe actuar de manera r\u00e1pida y responsable si desea asegurar sus beneficios. Debe hacer ciertas cosas, incluida la notificaci\u00f3n de su lesi\u00f3n laboral en Miami Gardens lo antes posible. Esto le brinda una mejor oportunidad de recibir la compensaci\u00f3n que se merece.<\/span><\/p>\n<p><span style=\"font-weight: 400;\">Si no informa su accidente a tiempo, puede perder sus beneficios o compensaci\u00f3n. Un abogado con experiencia en compensaci\u00f3n para trabajadores de Miami Gardens puede ayudarlo si no est\u00e1 seguro de lo que debe hacer. <\/span><a href=\"https:\/\/miamilawyers360.com\/es\/miami-gardens\/abogado-compensacion-laboral\/\"><span style=\"font-weight: 400;\">La Coalici\u00f3n de Abogados de Compensaci\u00f3n Laboral de Miami<\/span><\/a><span style=\"font-weight: 400;\"> puede guiarlo a lo largo de este proceso. No tiene que informar o presentar su reclamo de accidente de compensaci\u00f3n para trabajadores por su cuenta.<\/span><\/p>\n<p><span style=\"font-weight: 400;\">Llame al <a href=\"tel:+17866862857\"><i class=\"fa fa-phone-alt\"><\/i>(786) 686-2857<\/a> ahora para hablar con un abogado experto sobre c\u00f3mo denunciar una lesi\u00f3n laboral en Miami Gardens, Florida. Nuestro equipo legal dedicado lo ayudar\u00e1 a informar y presentar su reclamo de la manera correcta. Empiece ahora para maximizar su compensaci\u00f3n.<\/span><\/p>\n<h2><b>\u00bfCu\u00e1nto tiempo tengo para denunciar una lesi\u00f3n relacionada con el trabajo en Miami Gardens, Florida?<\/b><\/h2>\n<p><span style=\"font-weight: 400;\">Despu\u00e9s de un accidente en el trabajo, debe notificar a su empleador de inmediato. Nunca asuma que est\u00e1 bien despu\u00e9s de una lesi\u00f3n. Recuerde, su adrenalina puede enmascarar lesiones graves que pueden empeorar con el paso del tiempo. A\u00fan as\u00ed, no permita que sus compa\u00f1eros de trabajo le disuadan de reportar una lesi\u00f3n laboral en Miami Gardens. Corre el riesgo de perder sus beneficios de compensaci\u00f3n para trabajadores si no informa su accidente a tiempo.<\/span><\/p>\n<p><a href=\"https:\/\/www.myfloridacfo.com\/division\/wc\/employee\/faq.htm#1\" target=\"_blank\" rel=\"noopener\"><span style=\"font-weight: 400;\">Tiene 30 d\u00edas para presentar una lesi\u00f3n en el lugar de trabajo <\/span><\/a><span style=\"font-weight: 400;\">en Miami Gardens, FL. Este plazo se aplica a partir de la fecha de su accidente. Cuanto antes informe de su lesi\u00f3n, mejor. Debe notificar a su empleador o supervisor sobre su lesi\u00f3n. Esto debe hacerse tanto oralmente como por escrito.<\/span><\/p>\n<p><span style=\"font-weight: 400;\">Al presentar un reclamo de compensaci\u00f3n para trabajadores, tiene <\/span><a href=\"https:\/\/www.leg.state.fl.us\/statutes\/index.cfm?App_mode=Display_Statute&amp;URL=0400-0499\/0440\/Sections\/0440.19.html\" target=\"_blank\" rel=\"noopener\"><span style=\"font-weight: 400;\">dos a\u00f1os a<\/span><\/a><span style=\"font-weight: 400;\"> partir de la fecha de la lesi\u00f3n para presentar un reclamo de compensaci\u00f3n para trabajadores en Miami Gardens. Este plazo se puede cobrar hasta que uno descubre la naturaleza, la gravedad y el probable car\u00e1cter indemnizable de su lesi\u00f3n o enfermedad \u00abdespu\u00e9s de un tiempo. El l\u00edmite de tiempo de dos a\u00f1os comienza una vez que el empleado descubre que est\u00e1 lesionado. Para la mayor\u00eda de los casos de compensaci\u00f3n para trabajadores en Florida , el plazo de prescripci\u00f3n comienza a partir de la fecha del accidente.<\/span><\/p>\n<p><span style=\"font-weight: 400;\">Si ha recibido pagos por atenci\u00f3n m\u00e9dica, pero su empleador no ha cumplido con todos los pagos requeridos, tiene un a\u00f1o desde el \u00faltimo pago para presentar un reclamo. Si no presenta su reclamo durante <\/span><a href=\"https:\/\/www.myfloridacfo.com\/division\/wc\/employee\/faq.htm#1\" target=\"_blank\" rel=\"noopener\"><span style=\"font-weight: 400;\">el estatuto de limitaciones de Florida,<\/span><\/a><span style=\"font-weight: 400;\"> se denegar\u00e1 su reclamo de compensaci\u00f3n para trabajadores. Informar un reclamo por lesiones laborales lo antes posible garantiza que sea elegible para recibir una compensaci\u00f3n.<\/span><\/p>\n<h2><b>\u00bfA qui\u00e9n tengo que informar de una lesi\u00f3n en el lugar de trabajo?<\/b><\/h2>\n<p><span style=\"font-weight: 400;\">Debe notificar a su empleador tan pronto como se vea involucrado en un accidente en el lugar de trabajo. Informe que ha sufrido una lesi\u00f3n en el trabajo y los s\u00edntomas que est\u00e1 experimentando. Tambi\u00e9n puede informar su lesi\u00f3n al departamento de recursos humanos.<\/span><\/p>\n<p><span style=\"font-weight: 400;\">Su empleador ofrecer\u00e1 tratamiento m\u00e9dico de emergencia en el lugar y recomendar\u00e1 un centro m\u00e9dico aprobado para recibir atenci\u00f3n m\u00e9dica adicional. No es aconsejable buscar tratamiento m\u00e9dico de un m\u00e9dico que su empleador no autorice. Si no tiene en cuenta la visita a un m\u00e9dico autorizado, se ver\u00e1 obligado a cubrir sus gastos m\u00e9dicos.<\/span><\/p>\n<p><span style=\"font-weight: 400;\">En caso de que su reclamo sea denegado, puede apelar la decisi\u00f3n del seguro ante la Divisi\u00f3n de Compensaci\u00f3n para Trabajadores de Florida (DWC). Esta agencia ayuda a los trabajadores lesionados siguiendo las leyes de compensaci\u00f3n laboral en Florida para resolver disputas de compensaci\u00f3n. El equipo legal de Miami Workers &#8216;Compensation Lawyers Coalition est\u00e1 preparado para ayudarle a construir una apelaci\u00f3n herm\u00e9tica para revocar la decisi\u00f3n de la aseguradora.<\/span><\/p>\n<p><a href=\"https:\/\/miamilawyers360.com\/wp-content\/uploads\/2021\/07\/shutterstock_1926630542-2-1.jpg\"><img fetchpriority=\"high\" decoding=\"async\" class=\"alignnone size-full wp-image-1919\" src=\"https:\/\/miamilawyers360.com\/wp-content\/uploads\/2021\/07\/shutterstock_1926630542-2-1.jpg\" alt=\"Man is reporting a work-related injury in Miami Gardens while one a construction site\" width=\"500\" height=\"334\" \/><\/a><\/p>\n<h2><b>Responsabilidades del empleador despu\u00e9s de una lesi\u00f3n en el lugar de trabajo<\/b><\/h2>\n<p><span style=\"font-weight: 400;\">Su empleador tiene ciertas responsabilidades cuando un empleado se lastima en el trabajo. La DWC requiere que los empleadores investiguen los accidentes laborales tan pronto como ocurran. Su empleador debe realizar una investigaci\u00f3n sobre el incidente. Todos los detalles sobre el incidente deben compartirse con el proveedor de seguros del empleador.<\/span><\/p>\n<p><span style=\"font-weight: 400;\">Su empleador tambi\u00e9n debe presentar un <\/span><a href=\"https:\/\/www.myfloridacfo.com\/Division\/WC\/pdf\/WC-System-Guide.pdf\" target=\"_blank\" rel=\"noopener\"><span style=\"font-weight: 400;\">Primer Informe de Lesi\u00f3n<\/span><\/a><span style=\"font-weight: 400;\"> ante la Divisi\u00f3n de Compensaci\u00f3n para Trabajadores de Florida y su compa\u00f1\u00eda de seguros. Esto debe hacerse dentro de los siete d\u00edas posteriores a la notificaci\u00f3n de su lesi\u00f3n en el lugar de trabajo.<\/span><\/p>\n<p><span style=\"font-weight: 400;\">Tambi\u00e9n es responsabilidad permitirle buscar tratamiento m\u00e9dico despu\u00e9s de un accidente. Deber\u00edan permitirle visitar al m\u00e9dico de la empresa si ha sufrido lesiones graves.<\/span><\/p>\n<p><span style=\"font-weight: 400;\">Las compa\u00f1\u00edas de seguros y sus abogados investigar\u00e1n las reclamaciones de compensaci\u00f3n para trabajadores despu\u00e9s de que se den a conocer. Es responsabilidad de su empleador cooperar con estas partes proporcionando los documentos pertinentes, incluido su historial de n\u00f3mina y su expediente personal.<\/span><\/p>\n<p><span style=\"font-weight: 400;\">Despu\u00e9s de una lesi\u00f3n en el lugar de trabajo, su empleador debe permitirle regresar al trabajo. No deben acosarlo, discriminarlo ni despedirlo por presentar un reclamo. Es responsabilidad de su empleador asegurarse de que tenga una transici\u00f3n sin problemas de regreso al trabajo.<\/span><\/p>\n<h2><b>Responsabilidad del empleado despu\u00e9s de una lesi\u00f3n en el lugar de trabajo<\/b><\/h2>\n<p><span style=\"font-weight: 400;\">Para recibir los beneficios m\u00e1ximos de compensaci\u00f3n para trabajadores, hay varias cosas que debe hacer, que incluyen:<\/span><\/p>\n<p><span style=\"font-weight: 400;\">Es esencial buscar atenci\u00f3n m\u00e9dica de un m\u00e9dico autorizado. Si ha sufrido lesiones despu\u00e9s de un accidente en el lugar de trabajo, visite a un proveedor m\u00e9dico autorizado lo antes posible. Si no conoce ning\u00fan centro m\u00e9dico autorizado, solicite detalles a su empleador. Recuerde seguir siempre las instrucciones de su m\u00e9dico.<\/span><\/p>\n<p><span style=\"font-weight: 400;\">Es fundamental informar a su empleador sobre la lesi\u00f3n que sufri\u00f3 en el lugar de trabajo. En Florida, tiene 30 d\u00edas para hacerlo o corre el riesgo de perder sus beneficios de compensaci\u00f3n para trabajadores.<\/span><\/p>\n<p><span style=\"font-weight: 400;\">Despu\u00e9s de una lesi\u00f3n en el lugar de trabajo, debe actuar de manera responsable. Si una compa\u00f1\u00eda de seguros tiene sospechas sobre sus reclamos de compensaci\u00f3n para trabajadores, pueden hacer todo lo posible para demostrar que no est\u00e1 lesionado. Por ejemplo, no publique videos de yoga en las redes sociales que muestren claramente que no est\u00e1 experimentando ning\u00fan dolor de espalda o que tiene lesiones graves. Tales acciones pueden da\u00f1ar gravemente su reclamo de compensaci\u00f3n para trabajadores de Miami Gardens.<\/span><\/p>\n<h2><b>\u00bfReportando una lesi\u00f3n laboral en Miami Gardens, FL? Ll\u00e1menos para averiguar c\u00f3mo se hace<\/b><\/h2>\n<p><span style=\"font-weight: 400;\">No tiene que esforzarse al informar sobre una lesi\u00f3n laboral. <\/span><a href=\"https:\/\/miamilawyers360.com\/es\/\"><span style=\"font-weight: 400;\">La Coalici\u00f3n de Abogados de Compensaci\u00f3n Laboral de Miami<\/span><\/a><span style=\"font-weight: 400;\"> puede ayudarlo con todo este proceso. Podemos presentar su reclamo a tiempo y tratar con los ajustadores de seguros. Perm\u00edtanos proteger sus derechos mientras se concentra en su recuperaci\u00f3n.<\/span><\/p>\n<p><span style=\"font-weight: 400;\">Ll\u00e1menos ahora para averiguar si tiene un caso. Nuestro equipo legal dedicado lo guiar\u00e1 desde el principio hasta el final de su reclamo. \u00a1Empiece ahora antes de que sea demasiado tarde!<\/span><\/p>\n","protected":false},"excerpt":{"rendered":"<p>Los accidentes de oficina ocurren todo el tiempo en toda Florida. Al informar una lesi\u00f3n relacionada con el trabajo en Miami Gardens, debe actuar de manera r\u00e1pida y responsable si desea asegurar sus beneficios. Debe hacer ciertas cosas, incluida la notificaci\u00f3n de su lesi\u00f3n laboral en Miami Gardens lo antes posible. Esto le brinda una [&hellip;]<\/p>\n","protected":false},"author":22,"featured_media":0,"parent":4659,"menu_order":0,"comment_status":"closed","ping_status":"closed","template":"","meta":{"_acf_changed":false,"anchor_text":"","footnotes":""},"class_list":["post-2069","page","type-page","status-publish","hentry"],"acf":[],"_links":{"self":[{"href":"https:\/\/miamilawyers360.com\/es\/wp-json\/wp\/v2\/pages\/2069","targetHints":{"allow":["GET"]}}],"collection":[{"href":"https:\/\/miamilawyers360.com\/es\/wp-json\/wp\/v2\/pages"}],"about":[{"href":"https:\/\/miamilawyers360.com\/es\/wp-json\/wp\/v2\/types\/page"}],"author":[{"embeddable":true,"href":"https:\/\/miamilawyers360.com\/es\/wp-json\/wp\/v2\/users\/22"}],"replies":[{"embeddable":true,"href":"https:\/\/miamilawyers360.com\/es\/wp-json\/wp\/v2\/comments?post=2069"}],"version-history":[{"count":2,"href":"https:\/\/miamilawyers360.com\/es\/wp-json\/wp\/v2\/pages\/2069\/revisions"}],"predecessor-version":[{"id":5297,"href":"https:\/\/miamilawyers360.com\/es\/wp-json\/wp\/v2\/pages\/2069\/revisions\/5297"}],"up":[{"embeddable":true,"href":"https:\/\/miamilawyers360.com\/es\/wp-json\/wp\/v2\/pages\/4659"}],"wp:attachment":[{"href":"https:\/\/miamilawyers360.com\/es\/wp-json\/wp\/v2\/media?parent=2069"}],"curies":[{"name":"wp","href":"https:\/\/api.w.org\/{rel}","templated":true}]}}