{"id":2070,"date":"2021-07-09T03:26:39","date_gmt":"2021-07-09T07:26:39","guid":{"rendered":"https:\/\/miamilawyers360.com\/miami-gardens\/workers-comp-benefits\/"},"modified":"2026-03-13T15:20:12","modified_gmt":"2026-03-13T19:20:12","slug":"beneficios-compensacion-trabajadores-miami-gardens-fl","status":"publish","type":"page","link":"https:\/\/miamilawyers360.com\/es\/miami-gardens\/beneficios-compensacion-trabajadores-miami-gardens-fl\/","title":{"rendered":"Beneficios de compensaci\u00f3n para trabajadores en Miami Gardens, FL"},"content":{"rendered":"<p><span style=\"font-weight: 400;\">La mayor\u00eda de las personas asocia las lesiones en el lugar de trabajo con trabajos \u201cpeligrosos\u201d como la construcci\u00f3n y la operaci\u00f3n de maquinaria pesada y plantas. Sin embargo, las lesiones relacionadas con el trabajo y las enfermedades ocupacionales tambi\u00e9n son comunes en otros entornos aparentemente seguros, como las oficinas, y pueden tener efectos graves y duraderos.<\/span><\/p>\n<p><span style=\"font-weight: 400;\">Gracias a la compensaci\u00f3n para trabajadores, los empleados que se lesionan en el trabajo tienen derecho a ciertos beneficios monetarios. A su vez, se les exige que renuncien a su derecho de obtener una compensaci\u00f3n directamente del empleador o de demandarlos. Para comprender los beneficios de compensaci\u00f3n para trabajadores a los que tiene derecho y la cantidad que probablemente recibir\u00e1, es importante que hable con un abogado de compensaci\u00f3n para trabajadores.<\/span><\/p>\n<p><span style=\"font-weight: 400;\">Si ha resultado lesionado en Miami Gardens, Florida, mientras trabajaba, no dude en buscar asistencia legal. Comun\u00edquese con las <\/span><a href=\"https:\/\/miamilawyers360.com\/es\/miami-gardens\/abogado-compensacion-laboral\/\"><span style=\"font-weight: 400;\">oficinas legales de la Coalici\u00f3n de Abogados de Compensaci\u00f3n para Trabajadores de Miami a<\/span><\/a><span style=\"font-weight: 400;\"> trav\u00e9s del <a href=\"tel:+17866862857\"><i class=\"fa fa-phone-alt\"><\/i>(786) 686-2857<\/a> o complete nuestro formulario en l\u00ednea para programar una consulta legal gratuita con uno de nuestros abogados de compensaci\u00f3n para trabajadores de Miami Gardens.<\/span><\/p>\n<h2><b>L\u00edmites de ingresos de compensaci\u00f3n laboral de Florida<\/b><\/h2>\n<p><span style=\"font-weight: 400;\">Los empleados que han resultado lesionados mientras estaban en el trabajo pueden recibir varios tipos de indemnizaciones y beneficios m\u00e9dicos. Seg\u00fan las leyes de compensaci\u00f3n de trabajadores de Florida, estos beneficios no pueden exceder o estar por debajo de un cierto m\u00e1ximo y m\u00ednimo legal, respectivamente. Los l\u00edmites de estos beneficios se renuevan anualmente y es importante mantenerse actualizado.<\/span><\/p>\n<p><span style=\"font-weight: 400;\">Los beneficios por discapacidad total temporal son los m\u00e1s comunes bajo el sistema de compensaci\u00f3n de trabajadores y se aplicar\u00e1n en casi todos los casos de lesiones en el lugar de trabajo. En Florida, estos beneficios no pueden exceder los $1,011usd por semana (a partir de 2021), y su m\u00ednimo legal es de $20 usd por semana.<\/span><\/p>\n<p><span style=\"font-weight: 400;\">Las familias cuyos seres queridos fallecieron despu\u00e9s de un accidente laboral tambi\u00e9n tienen derecho a prestaciones por fallecimiento. El monto de los beneficios por fallecimiento se determina por el n\u00famero de dependientes, pero generalmente no exceder\u00e1 los dos tercios del ingreso semanal promedio del empleado fallecido. Si los beneficios se otorgan como una compensaci\u00f3n global, el monto total no puede exceder los $150,000 usd.Los beneficios de funeral y entierro tambi\u00e9n pueden acumularse, pero no pueden exceder los $7,500 usd.<\/span><\/p>\n<h2><b>Tipos de beneficios de compensaci\u00f3n para trabajadores de Miami Gardens<\/b><\/h2>\n<p><span style=\"font-weight: 400;\">Seg\u00fan la gravedad de la lesi\u00f3n en el lugar de trabajo y el tiempo de recuperaci\u00f3n, los trabajadores de Miami Gardens pueden recibir varios tipos de beneficios. Los siguientes tipos de beneficios podr\u00edan estar disponibles para los trabajadores lesionados dependiendo de los hechos de su lesi\u00f3n en el lugar de trabajo:<\/span><\/p>\n<h3><b>Beneficios por discapacidad total temporal en la compensaci\u00f3n de trabajadores de Florida (TTD)<\/b><\/h3>\n<p><span style=\"font-weight: 400;\">Un empleado que se lesion\u00f3 mientras estaba en el trabajo es elegible para los beneficios por discapacidad total temporal si no puede trabajar despu\u00e9s de una evaluaci\u00f3n m\u00e9dica que indique que no est\u00e1 en condiciones de reanudar el trabajo. El empleado lesionado contin\u00faa recibiendo estos beneficios hasta que se recupera por completo o el m\u00e9dico establece que no puede recuperarse por completo de su lesi\u00f3n en el lugar de trabajo.<\/span><\/p>\n<h3><b>Beneficios por discapacidad parcial temporal en la compensaci\u00f3n de trabajadores de Florida (TPD)<\/b><\/h3>\n<p><span style=\"font-weight: 400;\">Estos beneficios se acumulan si no ha alcanzado una etapa llamada mejora m\u00e9dica m\u00e1xima (MMI), pero regresa al trabajo en una funci\u00f3n limitada. De esta manera, gana algo de dinero haciendo trabajos livianos y recibe beneficios por discapacidad parcial temporal.<\/span><\/p>\n<h3><b>Beneficios por discapacidad parcial permanente en la compensaci\u00f3n de trabajadores de Florida (PPD)<\/b><\/h3>\n<p><span style=\"font-weight: 400;\">Los trabajadores que han sufrido una lesi\u00f3n en el lugar de trabajo pueden perder una funci\u00f3n vital o tener un problema de larga duraci\u00f3n (discapacidad) y pueden ser elegibles para beneficios por discapacidad parcial permanente. Espec\u00edficamente, estos beneficios se acumulan para los trabajadores que han recibido tratamiento m\u00e9dico y han alcanzado el <\/span><a href=\"https:\/\/definitions.uslegal.com\/m\/maximum-medical-improvement-mmi\/\" target=\"_blank\" rel=\"noopener\"><span style=\"font-weight: 400;\">MMI<\/span><\/a><span style=\"font-weight: 400;\"> o tienen seis semanas antes de que expiren sus beneficios por incapacidad total temporal y no hayan alcanzado el MMI.<\/span><\/p>\n<h3><b>Beneficios por discapacidad total permanente en la compensaci\u00f3n de trabajadores de Florida (PTD)<\/b><\/h3>\n<p><span style=\"font-weight: 400;\">Es posible que los trabajadores que sufren lesiones graves que provocan amputaciones o p\u00e9rdida permanente de funciones nunca puedan regresar al trabajo. En tales casos, los empleados lesionados califican para recibir beneficios por discapacidad total permanente. Estos beneficios se otorgan despu\u00e9s de que el empleado ha alcanzado el MMI, pero el m\u00e9dico establece que es posible que nunca recupere la capacidad de realizar un empleo significativo.<\/span><\/p>\n<p><a href=\"https:\/\/miamilawyers360.com\/wp-content\/uploads\/2021\/07\/shutterstock_1307678188-1-2.jpg\"><img fetchpriority=\"high\" decoding=\"async\" class=\"alignnone size-full wp-image-1922\" src=\"https:\/\/miamilawyers360.com\/wp-content\/uploads\/2021\/07\/shutterstock_1307678188-1-2.jpg\" alt=\"Injured person talking going over workers' compensation benefits in Miami Gardens\" width=\"500\" height=\"334\" \/><\/a><\/p>\n<h2><b>\u00bfC\u00f3mo se calculan los beneficios de compensaci\u00f3n para trabajadores de Miami Gardens?<\/b><\/h2>\n<p><span style=\"font-weight: 400;\">En la mayor\u00eda de los casos, se otorgar\u00e1n beneficios por discapacidad total temporal (TTD) si se lesiona mientras est\u00e1 en el trabajo. Por lo general, estos beneficios son dos tercios de su ingreso promedio previo a la lesi\u00f3n. Por ejemplo, si su ingreso semanal era de $ 600 antes de su lesi\u00f3n, recibir\u00e1 $400 usd en beneficios TTD.<\/span><\/p>\n<p><span style=\"font-weight: 400;\">Es importante tener en cuenta que no obtendr\u00e1 estos beneficios durante los primeros siete d\u00edas de su lesi\u00f3n a menos que su lesi\u00f3n le impida trabajar durante m\u00e1s de 21 d\u00edas. Los beneficios de TTD pueden aumentar hasta el 80% de los salarios anteriores a la lesi\u00f3n durante seis meses sin un m\u00e1ximo si un empleado sufre lesiones graves como ceguera y par\u00e1lisis.<\/span><\/p>\n<p><span style=\"font-weight: 400;\">Los beneficios por discapacidad parcial temporal (TPD) se calculan al 80% de la diferencia del ingreso actual y al 80% del ingreso previo a la lesi\u00f3n. Por ejemplo, si ganaba $1,000 usd a la semana y ahora gana $500 usd, sus beneficios de TPD se calcular\u00e1n restando $500 usd del 80% de $1,000 usd ($800 usd), que son $300 usd. Los beneficios de TPD ser\u00edan entonces el 80% de $300 usd, que son $240 usd.<\/span><\/p>\n<p><span style=\"font-weight: 400;\">Los beneficios por discapacidad parcial permanente (PPD) no son tan comunes, pero se pueden otorgar seg\u00fan su caso. Estos beneficios se calculan despu\u00e9s de que un m\u00e9dico lo haya evaluado y establecido que tiene una discapacidad o p\u00e9rdida de la funci\u00f3n. Si este es el caso, sus beneficios de PPD ascender\u00e1n al 75% de la discapacidad total temporal limitada al m\u00e1ximo legal en Florida. Para los trabajadores lesionados que de alguna manera ganan tanto como sus ingresos antes de la lesi\u00f3n, sus beneficios de PPD se reducen a la mitad.<\/span><\/p>\n<p><span style=\"font-weight: 400;\">Los trabajadores que sufren lesiones en el lugar de trabajo tambi\u00e9n pueden ser elegibles para los beneficios de discapacidad total permanente (PTD). Estos son beneficios que se otorgan si es posible que el empleado nunca pueda participar en un empleo significativo. Normalmente, estos beneficios ascienden a dos tercios de los ingresos semanales del empleado antes de la lesi\u00f3n. En Florida, los empleados recibir\u00e1n estos beneficios hasta los 75 a\u00f1os o de por vida si no son elegibles para los beneficios del Seguro Social.<\/span><\/p>\n<h2><b>\u00bfSe gravan los beneficios de compensaci\u00f3n para trabajadores de Miami Gardens?<\/b><\/h2>\n<p><span style=\"font-weight: 400;\">En la mayor\u00eda de los casos, los beneficios por discapacidad de compensaci\u00f3n para trabajadores estar\u00e1n libres de impuestos. Sin embargo, es importante hablar con un abogado de compensaci\u00f3n de trabajadores para averiguar si sus beneficios est\u00e1n sujetos a alg\u00fan impuesto.<\/span><\/p>\n<h2><b>\u00bfC\u00f3mo recibir mis beneficios de compensaci\u00f3n laboral en Miami Gardens?<\/b><\/h2>\n<p><span style=\"font-weight: 400;\">Las lesiones en el lugar de trabajo no son infrecuentes y pueden ocurrir incluso en entornos laborales aparentemente seguros. Si se lesion\u00f3 mientras trabajaba, hablar con un abogado de compensaci\u00f3n de trabajadores puede ayudarlo a comprender los beneficios que puede recibir y por cu\u00e1nto tiempo los recibir\u00e1. Para obtener m\u00e1s informaci\u00f3n sobre sus beneficios de compensaci\u00f3n para trabajadores, comun\u00edquese con la <\/span><a href=\"https:\/\/miamilawyers360.com\/es\/miami-gardens\/\"><span style=\"font-weight: 400;\">Coalici\u00f3n de Abogados de Compensaci\u00f3n para Trabajadores de Miami a<\/span><\/a><span style=\"font-weight: 400;\"> trav\u00e9s del <a href=\"tel:+17866862857\"><i class=\"fa fa-phone-alt\"><\/i>(786) 686-2857<\/a> o el formulario en l\u00ednea para programar una evaluaci\u00f3n gratuita de su caso hoy.<\/span><\/p>\n","protected":false},"excerpt":{"rendered":"<p>La mayor\u00eda de las personas asocia las lesiones en el lugar de trabajo con trabajos \u201cpeligrosos\u201d como la construcci\u00f3n y la operaci\u00f3n de maquinaria pesada y plantas. Sin embargo, las lesiones relacionadas con el trabajo y las enfermedades ocupacionales tambi\u00e9n son comunes en otros entornos aparentemente seguros, como las oficinas, y pueden tener efectos graves [&hellip;]<\/p>\n","protected":false},"author":22,"featured_media":0,"parent":4659,"menu_order":0,"comment_status":"closed","ping_status":"closed","template":"","meta":{"_acf_changed":false,"anchor_text":"","footnotes":""},"class_list":["post-2070","page","type-page","status-publish","hentry"],"acf":[],"_links":{"self":[{"href":"https:\/\/miamilawyers360.com\/es\/wp-json\/wp\/v2\/pages\/2070","targetHints":{"allow":["GET"]}}],"collection":[{"href":"https:\/\/miamilawyers360.com\/es\/wp-json\/wp\/v2\/pages"}],"about":[{"href":"https:\/\/miamilawyers360.com\/es\/wp-json\/wp\/v2\/types\/page"}],"author":[{"embeddable":true,"href":"https:\/\/miamilawyers360.com\/es\/wp-json\/wp\/v2\/users\/22"}],"replies":[{"embeddable":true,"href":"https:\/\/miamilawyers360.com\/es\/wp-json\/wp\/v2\/comments?post=2070"}],"version-history":[{"count":2,"href":"https:\/\/miamilawyers360.com\/es\/wp-json\/wp\/v2\/pages\/2070\/revisions"}],"predecessor-version":[{"id":5298,"href":"https:\/\/miamilawyers360.com\/es\/wp-json\/wp\/v2\/pages\/2070\/revisions\/5298"}],"up":[{"embeddable":true,"href":"https:\/\/miamilawyers360.com\/es\/wp-json\/wp\/v2\/pages\/4659"}],"wp:attachment":[{"href":"https:\/\/miamilawyers360.com\/es\/wp-json\/wp\/v2\/media?parent=2070"}],"curies":[{"name":"wp","href":"https:\/\/api.w.org\/{rel}","templated":true}]}}