{"id":2071,"date":"2021-07-09T03:24:09","date_gmt":"2021-07-09T07:24:09","guid":{"rendered":"https:\/\/miamilawyers360.com\/miami-gardens\/workers-comp-claims-process\/"},"modified":"2026-03-13T15:19:33","modified_gmt":"2026-03-13T19:19:33","slug":"proceso-reclamos-compensacion-trabajadores-miami-gardens-fl","status":"publish","type":"page","link":"https:\/\/miamilawyers360.com\/es\/miami-gardens\/proceso-reclamos-compensacion-trabajadores-miami-gardens-fl\/","title":{"rendered":"Proceso de reclamos de compensaci\u00f3n para trabajadores en Miami Gardens, FL"},"content":{"rendered":"<p><span style=\"font-weight: 400;\">\u00bfSab\u00eda que tres de cada 100 trabajadores de tiempo completo se lesionan en el trabajo anualmente? Cada a\u00f1o, se presentan m\u00e1s de 100,000 reclamos en el estado de Florida como resultado de lesiones relacionadas con el trabajo. Independientemente de la ocupaci\u00f3n o la industria, desde el sector de la hospitalidad hasta las industrias de la construcci\u00f3n y la miner\u00eda, cualquier persona corre el riesgo de sufrir una lesi\u00f3n grave en el lugar de trabajo que lo deje sin trabajo y tenga que lidiar con costosas facturas m\u00e9dicas. Afortunadamente, el Programa de Compensaci\u00f3n para Trabajadores del Estado de Florida est\u00e1 implementado para proteger a las personas lesionadas mientras est\u00e1n en el trabajo y brindar beneficios que cubran los salarios perdidos y el tratamiento m\u00e9dico.<\/span><\/p>\n<p><span style=\"font-weight: 400;\">Sin embargo, el proceso de recibir estos beneficios no siempre es f\u00e1cil y los trabajadores afectados a menudo enfrentan muchos obst\u00e1culos y complicaciones cuando intentan obtener la compensaci\u00f3n financiera que se les debe. Por eso es crucial contratar los servicios de un <\/span><span style=\"font-weight: 400;\">abogado<\/span><span style=\"font-weight: 400;\"> experto en <\/span><a href=\"https:\/\/miamilawyers360.com\/es\/miami-gardens\/abogado-compensacion-laboral\/\"><span style=\"font-weight: 400;\">compensaci\u00f3n para trabajadores de Miami Gardens<\/span><\/a><span style=\"font-weight: 400;\"> . Nuestros abogados con experiencia en la Coalici\u00f3n de Abogados de Compensaci\u00f3n de Miami pueden ayudarlo a guiarlo a trav\u00e9s del proceso legal y garantizar que reciba una compensaci\u00f3n adecuada por las lesiones. P\u00f3ngase en contacto con nosotros hoy mismo para obtener m\u00e1s informaci\u00f3n sobre su reclamo y el mejor curso de acci\u00f3n.<\/span><\/p>\n<h2><b>\u00bfQu\u00e9 es el proceso de reclamos de indemnizaci\u00f3n laboral en Miami Gardens?<\/b><\/h2>\n<p><a href=\"https:\/\/www.myfloridacfo.com\/division\/wc\/employee\/faq.htm#1\" target=\"_blank\" rel=\"noopener\"><span style=\"font-weight: 400;\">Seg\u00fan la ley de Florida<\/span><\/a><span style=\"font-weight: 400;\"> , cualquier empleador con cuatro o m\u00e1s empleados debe tener un seguro de compensaci\u00f3n para trabajadores para todos sus empleados. Sin embargo, existe una excepci\u00f3n en la industria de la construcci\u00f3n, ya que los empleadores deben proporcionar este seguro incluso si tienen un empleado. Entonces, esto significa que para que su lesi\u00f3n est\u00e9 cubierta, primero, su empleador o empresa debe tener cobertura de seguro para trabajadores.<\/span><\/p>\n<p><span style=\"font-weight: 400;\">En segundo lugar, debe ser empleado de la empresa. Se le considera empleado si es un trabajador a tiempo completo, un trabajador a tiempo parcial, un preso que trabaja para la empresa a trav\u00e9s de un programa de cesant\u00eda laboral, un menor que trabaja para la empresa, que trabaja bajo un contrato o un extranjero (legalmente o empleado ilegalmente).<\/span><\/p>\n<p><span style=\"font-weight: 400;\">Los contratistas independientes, los atletas profesionales, los voluntarios, los trabajadores eventuales y los trabajadores dom\u00e9sticos no se consideran empleados y no son elegibles para los beneficios de compensaci\u00f3n para trabajadores.<\/span><\/p>\n<p><span style=\"font-weight: 400;\">En tercer lugar, su lesi\u00f3n debe estar incluida en las lesiones laborales indemnizables. Esto significa que:<\/span><\/p>\n<ol>\n<li style=\"font-weight: 400;\" aria-level=\"1\"><span style=\"font-weight: 400;\">La lesi\u00f3n fue causada como resultado de un accidente.<\/span><\/li>\n<li style=\"font-weight: 400;\" aria-level=\"1\"><span style=\"font-weight: 400;\">La lesi\u00f3n surgi\u00f3 fuera del empleo.<\/span><\/li>\n<li style=\"font-weight: 400;\" aria-level=\"1\"><span style=\"font-weight: 400;\">La lesi\u00f3n ocurri\u00f3 mientras estaba en el curso del empleo. Esto significa que debe haber estado participando en una actividad que est\u00e9 directamente relacionada con su trabajo. Por ejemplo, un empleado lesionado mientras viaja al trabajo desde su casa puede no tener derecho a recibir beneficios de compensaci\u00f3n para trabajadores, pero un trabajador lesionado mientras viaja al trabajo desde una reuni\u00f3n de negocios obligatoria tendr\u00e1 derecho a una compensaci\u00f3n.<\/span><span style=\"font-weight: 400;\"><br \/>\n<\/span><span style=\"font-weight: 400;\">Un empleado lesionado durante el almuerzo o en un descanso generalmente no est\u00e1 cubierto.<\/span><\/li>\n<\/ol>\n<h2><b>\u00bfCu\u00e1nto tiempo tiene para presentar una reclamaci\u00f3n de compensaci\u00f3n para trabajadores en Florida?<\/b><\/h2>\n<p><span style=\"font-weight: 400;\">Seg\u00fan las leyes de compensaci\u00f3n para trabajadores de Florida, un empleado lesionado tiene hasta dos a\u00f1os a partir de la fecha del accidente o la fecha en que se enter\u00f3 de la lesi\u00f3n \/ enfermedad relacionada con el trabajo o un a\u00f1o de su p\u00e9rdida de salario m\u00e1s reciente o pago de tratamiento m\u00e9dico (lo que sea m\u00e1s tarde) para presentar un reclamo de compensaci\u00f3n para trabajadores ante la Divisi\u00f3n de Compensaci\u00f3n para Trabajadores, de lo contrario, perder\u00e1 permanentemente su derecho a solicitar beneficios de compensaci\u00f3n para trabajadores.<\/span><\/p>\n<p><span style=\"font-weight: 400;\">Sin embargo, es importante tener en cuenta que existen otros factores basados \u200b\u200ben el tiempo que pueden impedirle recibir los beneficios de compensaci\u00f3n para trabajadores, como no notificar a su empleador sobre la lesi\u00f3n dentro de los 30 d\u00edas y demorar demasiado en recibir tratamiento m\u00e9dico.<\/span><\/p>\n<p><a href=\"https:\/\/miamilawyers360.com\/wp-content\/uploads\/2021\/07\/shutterstock_320663342-2-1.jpg\"><img fetchpriority=\"high\" decoding=\"async\" class=\"alignnone size-full wp-image-1915\" src=\"https:\/\/miamilawyers360.com\/wp-content\/uploads\/2021\/07\/shutterstock_320663342-2-1.jpg\" alt=\"A Law Book, glasses and work injury claim to help understand workers' compensation claims process in Miami Gardens\" width=\"500\" height=\"334\" \/><\/a><\/p>\n<h2><b>\u00bfC\u00f3mo presentar la reclamaci\u00f3n de compensaci\u00f3n para trabajadores en Florida?<\/b><\/h2>\n<p><span style=\"font-weight: 400;\">Si se lesion\u00f3 en el trabajo, hay una serie de pasos que debe seguir para asegurar su oportunidad de obtener beneficios de compensaci\u00f3n para trabajadores en <\/span><a href=\"https:\/\/www.miamigardens-fl.gov\/\" target=\"_blank\" rel=\"noopener\"><span style=\"font-weight: 400;\">Florida<\/span><\/a><span style=\"font-weight: 400;\"> . Este es el proceso para presentar una reclamaci\u00f3n de compensaci\u00f3n para trabajadores en Florida:<\/span><\/p>\n<h3><b>Notifique a su empleador<\/b><\/h3>\n<p><span style=\"font-weight: 400;\">Si el accidente resulta en un tipo de lesi\u00f3n que no es de emergencia, su primer paso debe ser informar la lesi\u00f3n a su empleador de inmediato. Seg\u00fan la ley de Florida, debe notificar a su empleador dentro de los treinta d\u00edas posteriores a la lesi\u00f3n o dentro de los treinta d\u00edas posteriores al descubrimiento de la lesi\u00f3n. Sin embargo, siempre es mejor hacerlo lo antes posible. Si bien hablar con su empleador en persona es una excelente manera de notificarlo, siempre es aconsejable enviar una carta o correo electr\u00f3nico para tener un registro de cu\u00e1ndo lo notific\u00f3.<\/span><\/p>\n<p><span style=\"font-weight: 400;\">Debe proporcionar a su empleador una descripci\u00f3n adecuada de lo que sucedi\u00f3, la fecha y hora en que sucedi\u00f3, c\u00f3mo y por qu\u00e9 sucedi\u00f3 el accidente y detalles de los testigos presentes. Su empleador o la compa\u00f1\u00eda de seguros del empleador deben proporcionarle una lista de proveedores de atenci\u00f3n m\u00e9dica aprobados que debe utilizar. Si se encuentra en una situaci\u00f3n de emergencia, puede buscar tratamiento m\u00e9dico en el centro m\u00e1s cercano, pero aseg\u00farese de que se notifique a su empleador lo antes posible.<\/span><\/p>\n<h3><b>Busque tratamiento m\u00e9dico<\/b><\/h3>\n<p><span style=\"font-weight: 400;\">Una vez que tenga la lista de proveedores m\u00e9dicos aprobados, busque una evaluaci\u00f3n m\u00e9dica completa lo antes posible. Esta es la \u00fanica forma de determinar y probar el verdadero alcance de sus lesiones. Esto ser\u00e1 fundamental para fortalecer su reclamo de compensaci\u00f3n para los trabajadores. Aseg\u00farese de explicar claramente a su proveedor de atenci\u00f3n m\u00e9dica c\u00f3mo ocurri\u00f3 el accidente que provoc\u00f3 su lesi\u00f3n y c\u00f3mo se relaciona con su trabajo.<\/span><\/p>\n<h3><b>El empleador informa su reclamo<\/b><\/h3>\n<p><span style=\"font-weight: 400;\">Despu\u00e9s de notificar a su empleador sobre la lesi\u00f3n, el empleador debe informar su reclamo a su compa\u00f1\u00eda de seguros dentro de los 7 d\u00edas. Sin embargo, si esto no sucede, debe comunicarse con la compa\u00f1\u00eda de seguros usted mismo. La compa\u00f1\u00eda de seguros aprobar\u00e1 o negar\u00e1 el pago de sus beneficios de compensaci\u00f3n para trabajadores.<\/span><\/p>\n<h3><b>Presentar una reclamaci\u00f3n de indemnizaci\u00f3n laboral<\/b><\/h3>\n<p><span style=\"font-weight: 400;\">Si la compa\u00f1\u00eda de seguros decide denegar su reclamo o si no est\u00e1 satisfecho con el monto de la compensaci\u00f3n ofrecida, puede presentar un reclamo de compensaci\u00f3n para trabajadores, tambi\u00e9n conocido como Petici\u00f3n de Beneficios ante la Divisi\u00f3n de Compensaci\u00f3n para Trabajadores, pero dentro de los dos a\u00f1os posteriores la lesi\u00f3n o un a\u00f1o desde su \u00faltimo pago m\u00e9dico o p\u00e9rdida de salario.<\/span><\/p>\n<h2><b>\u00a1Obtenga asistencia legal profesional hoy mismo con su proceso de reclamo de compensaci\u00f3n para trabajadores!<\/b><\/h2>\n<p><span style=\"font-weight: 400;\">Lidiar con las complejidades de la ley de compensaci\u00f3n para trabajadores de Florida puede volverse abrumador r\u00e1pidamente, especialmente cuando se trata del dolor y el sufrimiento causado por sus lesiones. Sin embargo, aqu\u00ed en la <\/span><a href=\"https:\/\/www.miamigardens-fl.gov\/\" target=\"_blank\" rel=\"noopener\"><span style=\"font-weight: 400;\">Coalici\u00f3n de Abogados de Compensaci\u00f3n Laboral de Miami<\/span><\/a><span style=\"font-weight: 400;\"> , creemos que nada deber\u00eda interponerse en el camino para que reciba la compensaci\u00f3n financiera completa que legalmente se le debe. Por eso estamos dispuestos a luchar por ti hasta el final. Le ayudaremos a determinar si tiene un reclamo de compensaci\u00f3n laboral v\u00e1lido y lo guiaremos sobre el mejor curso de acci\u00f3n. Ll\u00e1menos hoy para una evaluaci\u00f3n gratuita de su caso.<\/span><\/p>\n","protected":false},"excerpt":{"rendered":"<p>\u00bfSab\u00eda que tres de cada 100 trabajadores de tiempo completo se lesionan en el trabajo anualmente? Cada a\u00f1o, se presentan m\u00e1s de 100,000 reclamos en el estado de Florida como resultado de lesiones relacionadas con el trabajo. Independientemente de la ocupaci\u00f3n o la industria, desde el sector de la hospitalidad hasta las industrias de la [&hellip;]<\/p>\n","protected":false},"author":22,"featured_media":0,"parent":4659,"menu_order":0,"comment_status":"closed","ping_status":"closed","template":"","meta":{"_acf_changed":false,"anchor_text":"","footnotes":""},"class_list":["post-2071","page","type-page","status-publish","hentry"],"acf":[],"_links":{"self":[{"href":"https:\/\/miamilawyers360.com\/es\/wp-json\/wp\/v2\/pages\/2071","targetHints":{"allow":["GET"]}}],"collection":[{"href":"https:\/\/miamilawyers360.com\/es\/wp-json\/wp\/v2\/pages"}],"about":[{"href":"https:\/\/miamilawyers360.com\/es\/wp-json\/wp\/v2\/types\/page"}],"author":[{"embeddable":true,"href":"https:\/\/miamilawyers360.com\/es\/wp-json\/wp\/v2\/users\/22"}],"replies":[{"embeddable":true,"href":"https:\/\/miamilawyers360.com\/es\/wp-json\/wp\/v2\/comments?post=2071"}],"version-history":[{"count":2,"href":"https:\/\/miamilawyers360.com\/es\/wp-json\/wp\/v2\/pages\/2071\/revisions"}],"predecessor-version":[{"id":5296,"href":"https:\/\/miamilawyers360.com\/es\/wp-json\/wp\/v2\/pages\/2071\/revisions\/5296"}],"up":[{"embeddable":true,"href":"https:\/\/miamilawyers360.com\/es\/wp-json\/wp\/v2\/pages\/4659"}],"wp:attachment":[{"href":"https:\/\/miamilawyers360.com\/es\/wp-json\/wp\/v2\/media?parent=2071"}],"curies":[{"name":"wp","href":"https:\/\/api.w.org\/{rel}","templated":true}]}}