{"id":2072,"date":"2021-07-09T03:18:32","date_gmt":"2021-07-09T07:18:32","guid":{"rendered":"https:\/\/miamilawyers360.com\/miami-springs\/reporting-work-related-injury\/"},"modified":"2026-03-13T15:18:35","modified_gmt":"2026-03-13T19:18:35","slug":"como-informar-lesion-relacionada-trabajo-miami-springs-fl","status":"publish","type":"page","link":"https:\/\/miamilawyers360.com\/es\/miami-springs\/como-informar-lesion-relacionada-trabajo-miami-springs-fl\/","title":{"rendered":"C\u00f3mo informar una lesi\u00f3n relacionada con el trabajo en Miami Springs, FL"},"content":{"rendered":"<p><span style=\"font-weight: 400;\">Miami Springs se encuentra entre los principales puntos de negocios del Estado del Sol. Como tal, puede esperar que juegue un papel fundamental en la econom\u00eda general del estado y tambi\u00e9n cree muchos puestos de trabajo para los residentes de Miami Springs. Teniendo esto en cuenta, es probable que las lesiones en el lugar de trabajo se produzcan tarde o temprano, y puede esperar que sean bastante frecuentes.<\/span><\/p>\n<p><span style=\"font-weight: 400;\">En el desafortunado caso de que sea v\u00edctima de un incidente de este tipo, puede resultar crucial estar al tanto de las ventajas que conlleva informar una lesi\u00f3n relacionada con el trabajo en Miami Springs. Si no lo hace, puede significar que no podr\u00e1 recibir ning\u00fan beneficio o compensaci\u00f3n en absoluto. Sin embargo, si comprende lo que debe hacer despu\u00e9s de sufrir una lesi\u00f3n en el trabajo, se habr\u00e1 puesto en una mejor posici\u00f3n para recibir un reembolso financiero u otros beneficios que lo ayuden a recuperar los salarios perdidos y obtener cobertura m\u00e9dica al comenzar el proceso de recuperaci\u00f3n.<\/span><\/p>\n<p><span style=\"font-weight: 400;\">Si desea obtener abogados expertos en compensaci\u00f3n para trabajadores que le brinden asesor\u00eda legal sobre c\u00f3mo reportar una lesi\u00f3n laboral en Miami Springs, comun\u00edquese con nosotros hoy mismo en <\/span><a href=\"https:\/\/miamilawyers360.com\/es\/miami\/informar-accidente-labora\/\"><span style=\"font-weight: 400;\">las oficinas legales de la Coalici\u00f3n de Abogados de Compensaci\u00f3n para Trabajadores de Miami<\/span><\/a><span style=\"font-weight: 400;\"> para obtener la ayuda que necesita. Estamos familiarizados con los entresijos de informar una lesi\u00f3n en el lugar de trabajo en Miami Springs, FL, y podemos garantizarle que no perder\u00e1 ninguna fecha l\u00edmite porque somos conscientes de c\u00f3mo puede ser perjudicial para su reclamo de compensaci\u00f3n para trabajadores.<\/span><\/p>\n<p><span style=\"font-weight: 400;\">Ll\u00e1manos hoy al <a href=\"tel:+17866862857\"><i class=\"fa fa-phone-alt\"><\/i>(786) 686-2857<\/a> para que todo funcione.<\/span><\/p>\n<h2><b>\u00bfCu\u00e1nto tiempo tengo para informar una lesi\u00f3n en el lugar de trabajo en Miami Springs, FL?<\/b><\/h2>\n<p><span style=\"font-weight: 400;\">Despu\u00e9s de haber estado involucrado en una lesi\u00f3n en el lugar de trabajo, lo primero que debe hacer es buscar asistencia m\u00e9dica. Entonces, \u00bfqu\u00e9 sigue? Mientras se recupera en el hospital, es posible que est\u00e9 deliberando sobre lo que debe hacer para salvaguardar su reclamo de compensaci\u00f3n para trabajadores y el plazo que tiene para tomar las medidas necesarias para lograr ese esfuerzo.<\/span><\/p>\n<p><span style=\"font-weight: 400;\">A medida que comienza a proteger su reclamo de compensaci\u00f3n para trabajadores, es fundamental estar al tanto de los dos plazos vitales que debe cumplir si ha sufrido una lesi\u00f3n laboral en Miami Springs;<\/span><\/p>\n<p><span style=\"font-weight: 400;\">* 30 d\u00edas para notificar la lesi\u00f3n a su empleador.<\/span><\/p>\n<p><span style=\"font-weight: 400;\">Los estatutos de Florida dan lugar a un par de excepciones a esta ley. En particular, el per\u00edodo de notificaci\u00f3n de 30 d\u00edas puede prolongarse si su empleador estaba al tanto de su lesi\u00f3n, se necesitaba una opini\u00f3n m\u00e9dica para determinar la causa precisa de la lesi\u00f3n y usted inform\u00f3 la lesi\u00f3n a su empleador dentro del plazo de 30 d\u00edas, su El empleador no le inform\u00f3 sobre el per\u00edodo de advertencia de 30 d\u00edas al hacer accesible esa informaci\u00f3n, u otras circunstancias especiales que justifiquen que usted no reporte la lesi\u00f3n.<\/span><\/p>\n<p><span style=\"font-weight: 400;\">* 2 a\u00f1os para solicitar los beneficios de compensaci\u00f3n para trabajadores<\/span><\/p>\n<p><span style=\"font-weight: 400;\">Hay circunstancias especiales en las que tambi\u00e9n se puede sobrepasar este l\u00edmite. Por ejemplo, la fecha l\u00edmite para presentar su petici\u00f3n puede prolongarse si sufri\u00f3 una lesi\u00f3n mientras estaba mentalmente incapacitado o cuando era menor de edad. Independientemente de si se permite una excepci\u00f3n, siempre debe asegurarse de informar su lesi\u00f3n y presentar su reclamo antes del l\u00edmite de tiempo.<\/span><\/p>\n<p><span style=\"font-weight: 400;\">Con todo, aseg\u00farese de haber registrado su declaraci\u00f3n de la manera m\u00e1s honesta y precisa posible. Teniendo en cuenta la sinceridad esperada de su situaci\u00f3n, puede ser prudente consultar con la Coalici\u00f3n de Abogados de Compensaci\u00f3n para Trabajadores de Miami para informar sobre su lesi\u00f3n laboral. Llame a nuestros abogados dedicados y consumados cuando detalle su lesi\u00f3n en Miami Springs.<\/span><\/p>\n<p><a href=\"https:\/\/miamilawyers360.com\/wp-content\/uploads\/2021\/07\/shutterstock_403972561-1.jpg\"><img fetchpriority=\"high\" decoding=\"async\" class=\"alignnone size-full wp-image-1928\" src=\"https:\/\/miamilawyers360.com\/wp-content\/uploads\/2021\/07\/shutterstock_403972561-1.jpg\" alt=\"Man carrying packages is injured and reporting a work-related injury in Miami Springs\" width=\"500\" height=\"500\" \/><\/a><\/p>\n<h2><b>\u00bfA qui\u00e9n tengo que informar de una lesi\u00f3n en el lugar de trabajo?<\/b><\/h2>\n<p><span style=\"font-weight: 400;\">Despu\u00e9s de haber sufrido una lesi\u00f3n en el lugar de trabajo, los pr\u00f3ximos pasos que tome ser\u00e1n parte integral de su reclamo. Por lo tanto, debe saber a qui\u00e9n <\/span><a href=\"https:\/\/miamilawyers360.com\/es\/miami\/informar-accidente-labora\/\"><span style=\"font-weight: 400;\">debe notificar la lesi\u00f3n para que las cosas se vuelvan oficiales<\/span><\/a><span style=\"font-weight: 400;\"> .<\/span><\/p>\n<h2><b>Responsabilidades del empleador despu\u00e9s de una lesi\u00f3n en el lugar de trabajo<\/b><\/h2>\n<p><span style=\"font-weight: 400;\">Tan pronto como su empleador se entere de su situaci\u00f3n, su primera responsabilidad es asegurarse de que haya recibido atenci\u00f3n m\u00e9dica de emergencia y obtener una opini\u00f3n profesional sobre su salud y bienestar.<\/span><\/p>\n<p><span style=\"font-weight: 400;\">A partir de ah\u00ed, deben hacer un informe del incidente a su proveedor de seguros y posteriormente realizar una investigaci\u00f3n interna sobre lo ocurrido en los momentos previos al accidente.<\/span><\/p>\n<p><a href=\"https:\/\/www.myfloridacfo.com\/division\/wc\/employee\/faq.htm#1\" target=\"_blank\" rel=\"noopener\"><span style=\"font-weight: 400;\">Seg\u00fan las regulaciones de compensaci\u00f3n para trabajadores en Florida<\/span><\/a><span style=\"font-weight: 400;\"> , si puede volver a trabajar mientras se recupera, su m\u00e9dico puede limitar algunas tareas relacionadas con el trabajo que puede realizar, ya que no est\u00e1 completamente capacitado para cumplir con todas sus responsabilidades previas a la lesi\u00f3n. En tales casos, su empleador debe proporcionarle una alternativa de trabajo liviano cuando regrese al trabajo despu\u00e9s de una lesi\u00f3n laboral.<\/span><\/p>\n<h2><b>Responsabilidad del empleado despu\u00e9s de una lesi\u00f3n en el lugar de trabajo<\/b><\/h2>\n<p><span style=\"font-weight: 400;\">Despu\u00e9s de haber sufrido una lesi\u00f3n, es su responsabilidad informar a su empleador o supervisor de inmediato.<\/span><\/p>\n<p><span style=\"font-weight: 400;\">Cuando consulte con su proveedor de atenci\u00f3n m\u00e9dica, aseg\u00farese de estipular que la lesi\u00f3n fue el resultado de un accidente en el lugar de trabajo. Del mismo modo, aseg\u00farese de haber mencionado al gerente y la ubicaci\u00f3n en la que ocurri\u00f3 el percance.<\/span><\/p>\n<p><span style=\"font-weight: 400;\">Ellos documentar\u00e1n esta informaci\u00f3n y la revelar\u00e1n como un posible caso de compensaci\u00f3n para trabajadores.<\/span><\/p>\n<p><span style=\"font-weight: 400;\">De acuerdo con las regulaciones de la DWC, si no lo hace dentro del plazo de 30 d\u00edas, no podr\u00e1 recuperar el reembolso por las lesiones sufridas.<\/span><\/p>\n<h2><b>Ll\u00e1menos hoy cuando informe una lesi\u00f3n relacionada con el trabajo en Miami Springs<\/b><\/h2>\n<p><span style=\"font-weight: 400;\">Aunque la ley de Florida permite un per\u00edodo en el que debe informar a su empleador sobre la lesi\u00f3n sufrida y presentar un reclamo de compensaci\u00f3n para trabajadores, no le proh\u00edbe ponerse en contacto con un abogado de compensaci\u00f3n para trabajadores, informar a su empleador o presentar su petici\u00f3n antes.<\/span><\/p>\n<p><span style=\"font-weight: 400;\">M\u00e1s bien, existen numerosas ventajas que vienen con ponerse en contacto con un abogado de compensaci\u00f3n laboral de inmediato. Su abogado tendr\u00e1 la oportunidad de evaluar su petici\u00f3n de compensaci\u00f3n de trabajadores, se asegurar\u00e1 de que su empleador est\u00e9 al tanto y presente su reclamo en su nombre mientras se concentra en la recuperaci\u00f3n. Cuanto antes se produzcan todos estos procedimientos, m\u00e1s preparada estar\u00e1 la evidencia y antes recibir\u00e1 sus beneficios de compensaci\u00f3n.<\/span><\/p>\n<p><span style=\"font-weight: 400;\">Entonces, si se lesion\u00f3 en su trabajo en Miami Springs, debe consultar con un abogado calificado en compensaci\u00f3n para trabajadores de inmediato. Puede confiar en nosotros para garantizar que su proceso de reclamaciones se desarrolle sin problemas y que se haya presentado toda la documentaci\u00f3n adecuada dentro del plazo estipulado. Llame a nuestras <\/span><a href=\"https:\/\/miamilawyers360.com\/es\"><span style=\"font-weight: 400;\">oficinas legales de Miami Springs<\/span><\/a><span style=\"font-weight: 400;\"> al <a href=\"tel:+17866862857\"><i class=\"fa fa-phone-alt\"><\/i>(786) 686-2857<\/a> para reservar una consulta inicial y revisi\u00f3n de caso GRATUITAS y no obligatorias.<\/span><\/p>\n","protected":false},"excerpt":{"rendered":"<p>Miami Springs se encuentra entre los principales puntos de negocios del Estado del Sol. Como tal, puede esperar que juegue un papel fundamental en la econom\u00eda general del estado y tambi\u00e9n cree muchos puestos de trabajo para los residentes de Miami Springs. Teniendo esto en cuenta, es probable que las lesiones en el lugar de [&hellip;]<\/p>\n","protected":false},"author":22,"featured_media":0,"parent":4660,"menu_order":0,"comment_status":"closed","ping_status":"closed","template":"","meta":{"_acf_changed":false,"anchor_text":"","footnotes":""},"class_list":["post-2072","page","type-page","status-publish","hentry"],"acf":[],"_links":{"self":[{"href":"https:\/\/miamilawyers360.com\/es\/wp-json\/wp\/v2\/pages\/2072","targetHints":{"allow":["GET"]}}],"collection":[{"href":"https:\/\/miamilawyers360.com\/es\/wp-json\/wp\/v2\/pages"}],"about":[{"href":"https:\/\/miamilawyers360.com\/es\/wp-json\/wp\/v2\/types\/page"}],"author":[{"embeddable":true,"href":"https:\/\/miamilawyers360.com\/es\/wp-json\/wp\/v2\/users\/22"}],"replies":[{"embeddable":true,"href":"https:\/\/miamilawyers360.com\/es\/wp-json\/wp\/v2\/comments?post=2072"}],"version-history":[{"count":2,"href":"https:\/\/miamilawyers360.com\/es\/wp-json\/wp\/v2\/pages\/2072\/revisions"}],"predecessor-version":[{"id":5295,"href":"https:\/\/miamilawyers360.com\/es\/wp-json\/wp\/v2\/pages\/2072\/revisions\/5295"}],"up":[{"embeddable":true,"href":"https:\/\/miamilawyers360.com\/es\/wp-json\/wp\/v2\/pages\/4660"}],"wp:attachment":[{"href":"https:\/\/miamilawyers360.com\/es\/wp-json\/wp\/v2\/media?parent=2072"}],"curies":[{"name":"wp","href":"https:\/\/api.w.org\/{rel}","templated":true}]}}