{"id":2073,"date":"2021-07-09T03:19:27","date_gmt":"2021-07-09T03:19:27","guid":{"rendered":"http:\/\/miamilawyers360.com\/miami-springs\/workers-comp-benefits\/"},"modified":"2021-12-15T21:47:12","modified_gmt":"2021-12-15T21:47:12","slug":"beneficios-compensacion-laboral-miami-springs-fl","status":"publish","type":"page","link":"https:\/\/miamilawyers360.com\/es\/miami-springs\/beneficios-compensacion-laboral-miami-springs-fl\/","title":{"rendered":"Beneficios de compensaci\u00f3n laboral en Miami Springs, FL"},"content":{"rendered":"<p><span style=\"font-weight: 400;\">\u00bfHa sufrido lesiones por actividades laborales o accidentes? \u00bfSufre de enfermedades profesionales? Si es v\u00edctima de estas p\u00e9rdidas mientras trabaja en <\/span><a href=\"https:\/\/www.miamisprings-fl.gov\/\" target=\"_blank\" rel=\"noopener\"><span style=\"font-weight: 400;\">Florida<\/span><\/a><span style=\"font-weight: 400;\"> , est\u00e1 legalmente autorizado a solicitar beneficios de compensaci\u00f3n para trabajadores en Miami Springs. La compensaci\u00f3n al trabajador est\u00e1 dise\u00f1ada para ayudar tanto a los empleados como a los empleadores contra p\u00e9rdidas y litigios, respectivamente.<\/span><\/p>\n<p><span style=\"font-weight: 400;\">De hecho, el seguro de compensaci\u00f3n para trabajadores es una cobertura de seguro exigida por el gobierno, donde todos los due\u00f1os de negocios deben tener; si tienen m\u00e1s de dos empleados en Florida. La compensaci\u00f3n al trabajador cubrir\u00e1 o compensar\u00e1 los gastos m\u00e9dicos, la p\u00e9rdida de ingresos, los gastos funerarios y m\u00e1s.<\/span><\/p>\n<p><span style=\"font-weight: 400;\">Sin embargo, si no toma las precauciones adecuadas al archivar y documentar todo, es posible que se le niegue la compensaci\u00f3n o reciba un valor de compensaci\u00f3n monetaria menor al de sus p\u00e9rdidas reales. Por eso necesita nuestra ayuda.<\/span><\/p>\n<p><span style=\"font-weight: 400;\">Nuestros <\/span><a href=\"https:\/\/miamilawyers360.com\/es\/miami-springs\/abogado-compensacion-laboral\/\"><span style=\"font-weight: 400;\">abogados de beneficios de compensaci\u00f3n para trabajadores de Miami Lawyers 360<\/span><\/a><span style=\"font-weight: 400;\"> tienen un amplio conocimiento y experiencia en este campo. Como tal, trabajaremos arduamente para proteger sus derechos legales y asegurarnos de que obtenga la cantidad que realmente se merece. Somos los mejores cuando se trata de reclamos de compensaci\u00f3n con respecto a los beneficios de compensaci\u00f3n para trabajadores.<\/span><\/p>\n<p><span style=\"font-weight: 400;\">Ll\u00e1menos hoy para obtener servicios de consulta gratuitos. Durante la consulta, evaluaremos su caso, le ofreceremos asesor\u00eda legal y responderemos cualquier pregunta que pueda tener. No olvide que trabajamos de manera contingente, lo que significa que no nos pagan si no ganamos el reclamo por usted.<\/span><\/p>\n<p><span style=\"font-weight: 400;\">\t\t<div data-elementor-type=\"section\" data-elementor-id=\"1714\" class=\"elementor elementor-1714 elementor-208\" data-elementor-post-type=\"elementor_library\">\n\t\t\t\t\t<section class=\"elementor-section elementor-top-section elementor-element elementor-element-37c5f16 elementor-section-boxed elementor-section-height-default elementor-section-height-default\" data-id=\"37c5f16\" data-element_type=\"section\" data-e-type=\"section\">\n\t\t\t\t\t\t<div class=\"elementor-container elementor-column-gap-default\">\n\t\t\t\t\t<div class=\"elementor-column elementor-col-100 elementor-top-column elementor-element elementor-element-f303a68 section-toc\" data-id=\"f303a68\" data-element_type=\"column\" data-e-type=\"column\">\n\t\t\t<div class=\"elementor-widget-wrap elementor-element-populated\">\n\t\t\t\t\t\t<div class=\"elementor-element elementor-element-f0ad866 elementor-toc--minimized-on-tablet elementor-widget elementor-widget-table-of-contents\" data-id=\"f0ad866\" data-element_type=\"widget\" data-e-type=\"widget\" data-settings=\"{&quot;exclude_headings_by_selector&quot;:&quot;.toc-remove&quot;,&quot;headings_by_tags&quot;:[&quot;h2&quot;,&quot;h3&quot;,&quot;h4&quot;,&quot;h5&quot;,&quot;h6&quot;],&quot;marker_view&quot;:&quot;numbers&quot;,&quot;no_headings_message&quot;:&quot;No se ha encontrado ning\\u00fan encabezado en esta p\\u00e1gina.&quot;,&quot;minimize_box&quot;:&quot;yes&quot;,&quot;minimized_on&quot;:&quot;tablet&quot;,&quot;hierarchical_view&quot;:&quot;yes&quot;,&quot;min_height&quot;:{&quot;unit&quot;:&quot;px&quot;,&quot;size&quot;:&quot;&quot;,&quot;sizes&quot;:[]},&quot;min_height_tablet&quot;:{&quot;unit&quot;:&quot;px&quot;,&quot;size&quot;:&quot;&quot;,&quot;sizes&quot;:[]},&quot;min_height_mobile&quot;:{&quot;unit&quot;:&quot;px&quot;,&quot;size&quot;:&quot;&quot;,&quot;sizes&quot;:[]}}\" data-widget_type=\"table-of-contents.default\">\n\t\t\t\t\t\t\t\t\t<div class=\"elementor-toc__header\">\n\t\t\t\t\t\t<h4 class=\"elementor-toc__header-title\">\n\t\t\t\tTable of Contents\t\t\t<\/h4>\n\t\t\t\t\t\t\t\t\t\t<div class=\"elementor-toc__toggle-button elementor-toc__toggle-button--expand\" role=\"button\" tabindex=\"0\" aria-controls=\"elementor-toc__f0ad866\" aria-expanded=\"true\" aria-label=\"Abrir la tabla de contenidos\"><svg aria-hidden=\"true\" class=\"e-font-icon-svg e-fas-chevron-down\" viewBox=\"0 0 448 512\" xmlns=\"http:\/\/www.w3.org\/2000\/svg\"><path d=\"M207.029 381.476L12.686 187.132c-9.373-9.373-9.373-24.569 0-33.941l22.667-22.667c9.357-9.357 24.522-9.375 33.901-.04L224 284.505l154.745-154.021c9.379-9.335 24.544-9.317 33.901.04l22.667 22.667c9.373 9.373 9.373 24.569 0 33.941L240.971 381.476c-9.373 9.372-24.569 9.372-33.942 0z\"><\/path><\/svg><\/div>\n\t\t\t\t<div class=\"elementor-toc__toggle-button elementor-toc__toggle-button--collapse\" role=\"button\" tabindex=\"0\" aria-controls=\"elementor-toc__f0ad866\" aria-expanded=\"true\" aria-label=\"Cerrar la tabla de contenidos\"><svg aria-hidden=\"true\" class=\"e-font-icon-svg e-fas-chevron-up\" viewBox=\"0 0 448 512\" xmlns=\"http:\/\/www.w3.org\/2000\/svg\"><path d=\"M240.971 130.524l194.343 194.343c9.373 9.373 9.373 24.569 0 33.941l-22.667 22.667c-9.357 9.357-24.522 9.375-33.901.04L224 227.495 69.255 381.516c-9.379 9.335-24.544 9.317-33.901-.04l-22.667-22.667c-9.373-9.373-9.373-24.569 0-33.941L207.03 130.525c9.372-9.373 24.568-9.373 33.941-.001z\"><\/path><\/svg><\/div>\n\t\t\t\t\t<\/div>\n\t\t\t\t<div id=\"elementor-toc__f0ad866\" class=\"elementor-toc__body\">\n\t\t\t<div class=\"elementor-toc__spinner-container\">\n\t\t\t\t<svg class=\"elementor-toc__spinner eicon-animation-spin e-font-icon-svg e-eicon-loading\" aria-hidden=\"true\" viewBox=\"0 0 1000 1000\" xmlns=\"http:\/\/www.w3.org\/2000\/svg\"><path d=\"M500 975V858C696 858 858 696 858 500S696 142 500 142 142 304 142 500H25C25 237 238 25 500 25S975 237 975 500 763 975 500 975Z\"><\/path><\/svg>\t\t\t<\/div>\n\t\t<\/div>\n\t\t\t\t\t\t<\/div>\n\t\t\t\t\t<\/div>\n\t\t<\/div>\n\t\t\t\t\t<\/div>\n\t\t<\/section>\n\t\t\t\t<\/div>\n\t\t<\/span><\/p>\n<h2><b>\u00bfQu\u00e9 es el l\u00edmite de ingresos de compensaci\u00f3n para trabajadores de Miami Springs, Florida?<\/b><\/h2>\n<p><span style=\"font-weight: 400;\">En verdad, <\/span><a href=\"https:\/\/www.myfloridacfo.com\/division\/wc\/employee\/faq.htm#1\" target=\"_blank\" rel=\"noopener\"><span style=\"font-weight: 400;\">la compensaci\u00f3n al trabajador ofrece muchos beneficios para ambas partes<\/span><\/a><span style=\"font-weight: 400;\"> (el empleador y el empleado). El empleado est\u00e1 protegido compensando las p\u00e9rdidas en las que pueda incurrir mientras realiza un trabajo espec\u00edfico. Tambi\u00e9n protege al empleador contra demandas.<\/span><\/p>\n<p><span style=\"font-weight: 400;\">Debido a que el seguro de compensaci\u00f3n para trabajadores es una ley requerida por el estado, todos los due\u00f1os de negocios deben cumplir con esto para obtener la certificaci\u00f3n. Sin embargo, es importante tener en cuenta: las reglas que rigen esta p\u00f3liza de seguro son diferentes de un estado a otro. Esto tambi\u00e9n se aplica a los l\u00edmites de ingresos y a las personas que califican para recibir una compensaci\u00f3n.<\/span><\/p>\n<p><span style=\"font-weight: 400;\">Aunque este es el caso, todas las pautas estatales estadounidenses tienen algunas similitudes, como que el beneficio cubrir\u00e1 el acuerdo, los cargos judiciales, los gastos legales, el costo de protecci\u00f3n del abogado y m\u00e1s. Sin embargo, cuando se trata de valores, cada estado tiene el suyo.<\/span><\/p>\n<p><span style=\"font-weight: 400;\">Por ejemplo, cuando se trata de reclamos por discapacidad temporal en Florida, la cantidad m\u00e1xima que una persona puede recibir semanalmente es de $ 971. Cuando se trata de una discapacidad total permanente, un trabajador recibir\u00e1 ajustes anuales de vida hasta que cumpla 62 a\u00f1os.<\/span><\/p>\n<p><span style=\"font-weight: 400;\">Dado que es dif\u00edcil calcular todo en funci\u00f3n de su caso, hable con nuestro abogado experimentado. Un abogado est\u00e1 en una mejor posici\u00f3n para calcular todo seg\u00fan su caso. Por eso, aproveche nuestro servicio de consulta gratuito para conocer m\u00e1s sobre su caso.<\/span><\/p>\n<p><a href=\"http:\/\/miamilawyers360.com\/wp-content\/uploads\/2021\/07\/shutterstock_681287770-1.jpg\"><img fetchpriority=\"high\" decoding=\"async\" class=\"alignnone size-full wp-image-1931\" src=\"http:\/\/miamilawyers360.com\/wp-content\/uploads\/2021\/07\/shutterstock_681287770-1.jpg\" alt=\"Man is injured by falling off of a ladder and will qualify for workers&#039; compensation benefits in miami springs\" width=\"500\" height=\"333\" title=\"\" srcset=\"https:\/\/miamilawyers360.com\/wp-content\/uploads\/2021\/07\/shutterstock_681287770-1.jpg 500w, https:\/\/miamilawyers360.com\/wp-content\/uploads\/2021\/07\/shutterstock_681287770-1-300x200.jpg 300w\" sizes=\"(max-width: 500px) 100vw, 500px\" \/><\/a><\/p>\n<h2><b>\u00bfCu\u00e1les son los tipos de beneficios de compensaci\u00f3n laboral de Florida en Miami Springs?<\/b><\/h2>\n<p><span style=\"font-weight: 400;\">En Florida, la compensaci\u00f3n se divide en cuatro grupos diferentes. Cada grupo se diferencia de los dem\u00e1s seg\u00fan el tipo de lesi\u00f3n, las caracter\u00edsticas de la lesi\u00f3n y la duraci\u00f3n de la recuperaci\u00f3n. Estos son:<\/span><\/p>\n<h3><b>(TTD) Beneficio por discapacidad total temporal<\/b><\/h3>\n<p><span style=\"font-weight: 400;\">Siempre que un trabajador ha resultado lesionado y tiene que tomarse un tiempo para recuperarse o recuperarse, califica para recibir este tipo de beneficio por discapacidad. Sin embargo, TTD viene con algunas pautas, como un per\u00edodo de espera de 7 d\u00edas. Sin embargo, si el trabajador pasa m\u00e1s de 21 d\u00edas recuper\u00e1ndose, ser\u00e1 compensado por el per\u00edodo de espera de 7 d\u00edas.<\/span><\/p>\n<h3><b>(TPD) Beneficio por discapacidad parcial temporal<\/b><\/h3>\n<p><span style=\"font-weight: 400;\">Si un empleado o trabajador result\u00f3 lesionado y regres\u00f3 a trabajar, pero gana menos de lo que ganaba antes de la lesi\u00f3n: califican para este tipo de beneficio por discapacidad. Su objetivo principal es ayudar a un trabajador a mantener sus ingresos anteriores, lo que significa que est\u00e1 dise\u00f1ado para compensar al trabajador por los salarios perdidos. Sin embargo, al igual que TTD, PPD viene con algunas pautas como un per\u00edodo de espera de 7 d\u00edas y un per\u00edodo de corte de 500 semanas.<\/span><\/p>\n<p><span style=\"font-weight: 400;\">La buena noticia es que el per\u00edodo de corte de 500 semanas se puede extender en algunos casos. Adem\u00e1s, es importante tener en cuenta que el beneficio se paga todas las semanas, a menos que la Comisi\u00f3n Industrial de Florida elija cambiar esta decisi\u00f3n.<\/span><\/p>\n<h3><b>(PPD) Beneficio por discapacidad parcial permanente<\/b><\/h3>\n<p><span style=\"font-weight: 400;\">Este tipo de discapacidad se otorga a los trabajadores que han alcanzado el MMI (M\u00e1xima Mejora M\u00e9dica). Esto significa que las lesiones de un trabajador no pueden mejorar m\u00e1s. Por lo tanto, cuando un m\u00e9dico declara MMI, es muy probable que el paciente tenga una cicatriz o una discapacidad espec\u00edfica. Esto significa que la herida o parte lesionada ha alcanzado su per\u00edodo de curaci\u00f3n o recuperaci\u00f3n m\u00e9dica.<\/span><\/p>\n<p><span style=\"font-weight: 400;\">PI (Lesi\u00f3n planificada) tambi\u00e9n se aplica cuando se trata de PPD. PI significa que un trabajador ha sufrido una lesi\u00f3n que afecta su capacidad para realizar sus deberes laborales o afecta su capacidad para ejecutar sus deberes. Como otros, este tipo viene con algunas pautas, como un per\u00edodo de corte de 200 semanas.<\/span><\/p>\n<h3><b>(PTD) Beneficios por discapacidad total permanente<\/b><\/h3>\n<p><span style=\"font-weight: 400;\">Este es un tipo especial de beneficio que viene con reglas y regulaciones estrictas. No se administra a menudo a menos que un trabajador cumpla con pautas espec\u00edficas. En primer lugar, es importante se\u00f1alar que este beneficio se otorga hasta que el trabajador tiene la mayor\u00eda de edad para recibir los beneficios de jubilaci\u00f3n social. Solo se otorga si un trabajador ha sufrido p\u00e9rdidas en ambas manos, piernas, ojos o una combinaci\u00f3n de dos partes importantes del cuerpo.<\/span><\/p>\n<h2><b>\u00bfC\u00f3mo se calcula el beneficio de compensaci\u00f3n laboral en Florida?<\/b><\/h2>\n<p><span style=\"font-weight: 400;\">El c\u00e1lculo del beneficio de compensaci\u00f3n al trabajador est\u00e1 influenciado por varios factores como el estado laboral, los salarios semanales y el alcance de la lesi\u00f3n del trabajador.<\/span><\/p>\n<p><span style=\"font-weight: 400;\">En Florida, un trabajador recibir\u00e1 2\/3 de su ingreso bruto promedio semanal y durar\u00e1 hasta 13 semanas. En una reclamaci\u00f3n de beneficios por da\u00f1os permanentes, un trabajador recibir\u00e1 el 75% de su incapacidad temporal.<\/span><\/p>\n<p><span style=\"font-weight: 400;\">H\u00e1blenos para comprender mejor c\u00f3mo se calculan estos beneficios.<\/span><\/p>\n<h2><b>\u00bfSe beneficia la compensaci\u00f3n de trabajadores de impuestos de Florida?<\/b><\/h2>\n<p><span style=\"font-weight: 400;\">En Florida, el beneficio de compensaci\u00f3n para trabajadores no est\u00e1 sujeto a impuestos porque est\u00e1 destinado a compensar al trabajador por sus p\u00e9rdidas. De hecho, cualquier beneficio que reciba un empleado a trav\u00e9s del seguro de compensaci\u00f3n laboral no est\u00e1 sujeto a impuestos.<\/span><\/p>\n<h2><b>\u00bfC\u00f3mo puedo obtener hoy mis beneficios de compensaci\u00f3n laboral en Miami Springs?<\/b><\/h2>\n<p><span style=\"font-weight: 400;\">En <\/span><a href=\"http:\/\/miamilawyers360.com\/es\"><span style=\"font-weight: 400;\">Miami Lawyers 360<\/span><\/a><span style=\"font-weight: 400;\"> , manejamos cada caso de manera diferente porque cada caso es diferente. Como tal, ofrecemos servicios personalizados a todos nuestros clientes. Nuestros abogados de beneficios de compensaci\u00f3n para trabajadores est\u00e1n listos para escucharlo, responder cualquier pregunta que tenga y ofrecerle la mejor acci\u00f3n legal para emprender. Ayudar a los trabajadores a obtener la compensaci\u00f3n que merecen es nuestro objetivo, y cada paso que damos es para lograr este objetivo.<\/span><\/p>\n<p><span style=\"font-weight: 400;\">Ofrecemos un servicio de consulta gratuito y sin compromiso; estamos disponibles las 24 horas del d\u00eda, los 7 d\u00edas de la semana y trabajamos de manera contingente. \u00bfQu\u00e9 significan todos estos? Bueno, simplemente significa que debe esperar lo mejor, y no nos pagan a menos que ganemos el reclamo que se le debe por derecho. Cont\u00e1ctenos hoy para saber m\u00e1s sobre su reclamo.<\/span><\/p>\n","protected":false},"excerpt":{"rendered":"<p>\u00bfHa sufrido lesiones por actividades laborales o accidentes? \u00bfSufre de enfermedades profesionales? Si es v\u00edctima de estas p\u00e9rdidas mientras trabaja en Florida , est\u00e1 legalmente autorizado a solicitar beneficios de compensaci\u00f3n para trabajadores en Miami Springs. La compensaci\u00f3n al trabajador est\u00e1 dise\u00f1ada para ayudar tanto a los empleados como a los empleadores contra p\u00e9rdidas y [&hellip;]<\/p>\n","protected":false},"author":29,"featured_media":0,"parent":1750,"menu_order":0,"comment_status":"closed","ping_status":"closed","template":"","meta":{"_acf_changed":false,"anchor_text":"","footnotes":""},"categories":[],"tags":[74,76],"class_list":["post-2073","page","type-page","status-publish","hentry","tag-compensacion-de-trabajadores2","tag-compensacion-de-trabajadores-es-2"],"acf":[],"_links":{"self":[{"href":"https:\/\/miamilawyers360.com\/es\/wp-json\/wp\/v2\/pages\/2073","targetHints":{"allow":["GET"]}}],"collection":[{"href":"https:\/\/miamilawyers360.com\/es\/wp-json\/wp\/v2\/pages"}],"about":[{"href":"https:\/\/miamilawyers360.com\/es\/wp-json\/wp\/v2\/types\/page"}],"author":[{"embeddable":true,"href":"https:\/\/miamilawyers360.com\/es\/wp-json\/wp\/v2\/users\/29"}],"replies":[{"embeddable":true,"href":"https:\/\/miamilawyers360.com\/es\/wp-json\/wp\/v2\/comments?post=2073"}],"version-history":[{"count":0,"href":"https:\/\/miamilawyers360.com\/es\/wp-json\/wp\/v2\/pages\/2073\/revisions"}],"up":[{"embeddable":true,"href":"https:\/\/miamilawyers360.com\/es\/wp-json\/wp\/v2\/pages\/1750"}],"wp:attachment":[{"href":"https:\/\/miamilawyers360.com\/es\/wp-json\/wp\/v2\/media?parent=2073"}],"wp:term":[{"taxonomy":"category","embeddable":true,"href":"https:\/\/miamilawyers360.com\/es\/wp-json\/wp\/v2\/categories?post=2073"},{"taxonomy":"post_tag","embeddable":true,"href":"https:\/\/miamilawyers360.com\/es\/wp-json\/wp\/v2\/tags?post=2073"}],"curies":[{"name":"wp","href":"https:\/\/api.w.org\/{rel}","templated":true}]}}