{"id":2074,"date":"2021-07-09T03:17:43","date_gmt":"2021-07-09T03:17:43","guid":{"rendered":"https:\/\/miamilawyers360.com\/miami-springs\/workers-comp-claims-process\/"},"modified":"2026-03-13T15:13:55","modified_gmt":"2026-03-13T19:13:55","slug":"proceso-reclamos-compensacion-trabajadores-miami-springs-fl","status":"publish","type":"page","link":"https:\/\/miamilawyers360.com\/es\/miami-springs\/proceso-reclamos-compensacion-trabajadores-miami-springs-fl\/","title":{"rendered":"Proceso de reclamos de compensaci\u00f3n para trabajadores en Miami Springs, FL"},"content":{"rendered":"<p><span style=\"font-weight: 400;\">Cuando se lesiona o se enferma mientras est\u00e1 en el trabajo, en Miami Springs, Florida, puede ser elegible para una compensaci\u00f3n por las lesiones de la cobertura de compensaci\u00f3n para trabajadores de su empleador. Sin embargo, tratar de manejar el proceso de reclamos de compensaci\u00f3n para trabajadores en Miami Springs por su cuenta solo agrega m\u00e1s estr\u00e9s a lo que ya est\u00e1 pasando.<\/span><\/p>\n<p><span style=\"font-weight: 400;\">Es por eso que es aconsejable consultar con un abogado experimentado en compensaci\u00f3n para trabajadores en Miami Springs, FL acerca de su reclamo. El abogado le dar\u00e1 asesor\u00eda legal y los pasos a seguir para obtener la m\u00e1xima compensaci\u00f3n.<\/span><\/p>\n<p><span style=\"font-weight: 400;\">Hay numerosos abogados en Miami Springs que se especializan en compensaci\u00f3n para trabajadores, pero no todos son iguales. Hacer su tarea juega un papel vital en la elecci\u00f3n del mejor abogado de compensaci\u00f3n laboral para su reclamo. <\/span><a href=\"https:\/\/miamilawyers360.com\/es\/miami-springs\/abogado-compensacion-laboral\/\"><span style=\"font-weight: 400;\">La Coalici\u00f3n de Compensaci\u00f3n para Trabajadores de Miami<\/span><\/a><span style=\"font-weight: 400;\"> es una fuente de renombre cuando se trata de lidiar con diversas formas de demandas por lesiones personales.<\/span><\/p>\n<p><span style=\"font-weight: 400;\">Nuestros abogados expertos y experimentados han manejado numerosas demandas de compensaci\u00f3n laboral y saben todo lo que hay con respecto a este tipo de ley en Florida. Nuestros abogados experimentados trabajar\u00e1n arduamente para guiarlo a lo largo del proceso de reclamo con el objetivo de buscar la m\u00e1xima compensaci\u00f3n por sus lesiones o enfermedades. Es por eso que es mejor confiar en la Coalici\u00f3n de Compensaci\u00f3n para Trabajadores de Miami cuando ha sufrido una lesi\u00f3n en el trabajo y desea presentar una reclamaci\u00f3n.<\/span><\/p>\n<p><span style=\"font-weight: 400;\">Ll\u00e1menos hoy al <a href=\"tel:+17866862857\"><i class=\"fa fa-phone-alt\"><\/i>(786) 686-2857<\/a> para obtener orientaci\u00f3n sobre el proceso de reclamos de compensaci\u00f3n para trabajadores de Miami Springs.<\/span><\/p>\n<h2><b>C\u00f3mo saber si una reclamaci\u00f3n de indemnizaci\u00f3n laboral cubrir\u00e1 su lesi\u00f3n<\/b><\/h2>\n<p><span style=\"font-weight: 400;\">Cuando desarrolla una enfermedad ocupacional o se lesiona en el trabajo, se considera una lesi\u00f3n de compensaci\u00f3n para trabajadores y est\u00e1 cubierta por la p\u00f3liza de seguro de compensaci\u00f3n para trabajadores de su empleador. La mayor\u00eda de las lesiones que ocurren en el trabajo est\u00e1n cubiertas por este tipo de seguro, y esto incluye accidentes y enfermedades causados \u200b\u200bpor la exposici\u00f3n a equipos de trabajo, materiales, actividades, productos qu\u00edmicos, etc. Para que su lesi\u00f3n califique para un acuerdo a trav\u00e9s de compensaci\u00f3n para trabajadores :<\/span><\/p>\n<ul>\n<li><span style=\"font-weight: 400;\"> Tienes que ser un empleado.<\/span><\/li>\n<li><span style=\"font-weight: 400;\"> Debe haber resultado lesionado mientras trabajaba.<\/span><\/li>\n<li><span style=\"font-weight: 400;\"> La lesi\u00f3n o enfermedad debe estar relacionada con el trabajo.<\/span><\/li>\n<li><span style=\"font-weight: 400;\"> Su jefe debe haber comprado un seguro de compensaci\u00f3n para trabajadores.<\/span><\/li>\n<\/ul>\n<p><span style=\"font-weight: 400;\">Algunas de las lesiones laborales m\u00e1s comunes cubiertas por esta p\u00f3liza incluyen:<\/span><\/p>\n<ul>\n<li><span style=\"font-weight: 400;\"> Lesiones de espalda, hombros y rodillas.<\/span><\/li>\n<li><span style=\"font-weight: 400;\"> Lesiones por tropiezos, resbalones y ca\u00eddas<\/span><\/li>\n<li><span style=\"font-weight: 400;\"> Amputaciones que ocurren en entornos industriales o de f\u00e1brica.<\/span><\/li>\n<li><span style=\"font-weight: 400;\"> Electrocuci\u00f3n y quemaduras<\/span><\/li>\n<li><span style=\"font-weight: 400;\"> Lesiones oculares o p\u00e9rdida auditiva<\/span><\/li>\n<li><span style=\"font-weight: 400;\"> Lesi\u00f3n cerebral traum\u00e1tica<\/span><\/li>\n<li><span style=\"font-weight: 400;\"> Condiciones pulmonares extremas como asma.<\/span><\/li>\n<li><span style=\"font-weight: 400;\"> Lesiones causadas por mal funcionamiento o herramientas y equipos peligrosos.<\/span><\/li>\n<li><span style=\"font-weight: 400;\"> El mesotelioma es causado por la exposici\u00f3n al asbesto.<\/span><\/li>\n<\/ul>\n<p><span style=\"font-weight: 400;\">Tenga en cuenta que la compensaci\u00f3n para trabajadores no cubre lo siguiente:<\/span><\/p>\n<ul>\n<li><span style=\"font-weight: 400;\"> Lesiones autoinfligidas<\/span><\/li>\n<li><span style=\"font-weight: 400;\"> Lesiones como resultado de peleas.<\/span><\/li>\n<li><span style=\"font-weight: 400;\"> Lesiones que ocurren despu\u00e9s de violar las reglas o pol\u00edticas de la empresa.<\/span><\/li>\n<li><span style=\"font-weight: 400;\"> Estr\u00e9s y trastornos psiqui\u00e1tricos similares<\/span><\/li>\n<li><span style=\"font-weight: 400;\"> Lesiones que ocurren bajo la influencia de drogas o alcohol.<\/span><\/li>\n<li><span style=\"font-weight: 400;\"> Lesiones que ocurren al cometer un delito.<\/span><\/li>\n<\/ul>\n<p><span style=\"font-weight: 400;\">El tiempo es un factor vital cuando se trata de presentar un reclamo de compensaci\u00f3n para trabajadores. Tiene un n\u00famero limitado de d\u00edas para informar la enfermedad o lesi\u00f3n e iniciar el proceso de reclamo. Es recomendable informar la enfermedad o lesi\u00f3n a su supervisor y \/ o empleador tan pronto como ocurra.<\/span><\/p>\n<p><a href=\"https:\/\/www.myfloridacfo.com\/division\/wc\/employee\/faq.htm#1\" target=\"_blank\" rel=\"noopener\"><span style=\"font-weight: 400;\">Si demora la presentaci\u00f3n de un reclamo<\/span><\/a><span style=\"font-weight: 400;\"> , aumentan las posibilidades de que tanto el empleador como la compa\u00f1\u00eda de seguros nieguen o impugnen su reclamo. Un abogado competente evaluar\u00e1 su caso y le dir\u00e1 si tiene un caso viable y si sus lesiones est\u00e1n cubiertas por la p\u00f3liza.<\/span><\/p>\n<p><a href=\"https:\/\/miamilawyers360.com\/wp-content\/uploads\/2021\/07\/shutterstock_517137799-1.jpg\"><img fetchpriority=\"high\" decoding=\"async\" class=\"alignnone size-full wp-image-1925\" src=\"https:\/\/miamilawyers360.com\/wp-content\/uploads\/2021\/07\/shutterstock_517137799-1.jpg\" alt=\"Two individuals going over the Workers' Compensation Claims Process in Miami Springs\" width=\"500\" height=\"358\" \/><\/a><\/p>\n<h2><b>\u00bfCu\u00e1nto tiempo tengo para iniciar el proceso de reclamos de indemnizaci\u00f3n laboral en Miami Springs?<\/b><\/h2>\n<p><span style=\"font-weight: 400;\">Florida tiene un <\/span><a href=\"https:\/\/www.myfloridacfo.com\/division\/wc\/employee\/faq.htm#1\" target=\"_blank\" rel=\"noopener\"><span style=\"font-weight: 400;\">estatuto de limitaciones<\/span><\/a><span style=\"font-weight: 400;\"> sobre cu\u00e1nto tiempo tienen los empleados para presentar un reclamo de compensaci\u00f3n para trabajadores. Como trabajador, se espera que presente una reclamaci\u00f3n de compensaci\u00f3n para trabajadores dentro de los 2 a\u00f1os a partir del d\u00eda en que sufri\u00f3 una lesi\u00f3n o enfermedad ocupacional. Este l\u00edmite de tiempo est\u00e1 destinado a preservar la disponibilidad de testigos y pruebas. Si no presenta un reclamo antes de que expire el estatuto de limitaciones, no podr\u00e1 buscar un acuerdo por las lesiones sufridas en el trabajo.<\/span><\/p>\n<h2><b>\u00bfC\u00f3mo iniciar un proceso de reclamo de compensaci\u00f3n para trabajadores de Miami Springs en Florida?<\/b><\/h2>\n<p><span style=\"font-weight: 400;\">Cuando se lesiona por un accidente de trabajo, debe notificar a su supervisor o empleador lo antes posible y presentar un reclamo de compensaci\u00f3n para trabajadores ante la Comisi\u00f3n Industrial del estado. No conf\u00ede en su jefe para manejar la situaci\u00f3n en su nombre. De hecho, el estado de Florida tiene l\u00edmites cuando se trata de notificar a su supervisor o empleador sobre sus lesiones, adem\u00e1s de presentar un reclamo. Como se mencion\u00f3 anteriormente, tiene 2 a\u00f1os a partir de la fecha de la lesi\u00f3n para presentar un reclamo de compensaci\u00f3n para trabajadores. En cuanto a notificar a su empleador, debe hacerlo dentro de los 30 d\u00edas.<\/span><\/p>\n<p><span style=\"font-weight: 400;\">Se espera que complete el formulario Formulario 18 y presente un reclamo ante la Junta de Compensaci\u00f3n para Trabajadores del Estado de Florida. Una vez que haya hecho esto, su empleador y su proveedor de seguros pueden aceptar, rechazar o disputar su reclamo. Es importante asegurarse de que el Formulario 18 se presente correctamente en la Comisi\u00f3n Industrial. Eso es porque la informaci\u00f3n que revele jugar\u00e1 un papel importante en el resultado de su reclamo. \u00c9sta es otra raz\u00f3n para no depender de su empleador para el proceso de presentaci\u00f3n.<\/span><\/p>\n<h2><b>\u00bfPara qu\u00e9 beneficios soy elegible?<\/b><\/h2>\n<p><span style=\"font-weight: 400;\">Si ha sufrido una lesi\u00f3n mientras estaba en el trabajo, es elegible para beneficios m\u00e9dicos como gastos m\u00e9dicos, fisioterapia, gastos de transporte, recetas, etc.<\/span><\/p>\n<p><span style=\"font-weight: 400;\">Tambi\u00e9n puede tener derecho a beneficios salariales semanales si no puede trabajar durante m\u00e1s de siete d\u00edas como resultado del accidente o enfermedad. La compensaci\u00f3n suele ser de dos tercios del salario semanal promedio en Florida, con un m\u00e1ximo de $ 746 por semana. Ser\u00e1 elegible para estos beneficios por hasta 104 semanas.<\/span><\/p>\n<h2><b>\u00a1Contrate hoy mismo a un abogado de compensaci\u00f3n laboral para su proceso de reclamo!<\/b><\/h2>\n<p><span style=\"font-weight: 400;\">Si ha sufrido una lesi\u00f3n o se ha enfermado mientras trabajaba en Miami Springs, Florida, tiene derecho a una compensaci\u00f3n por da\u00f1os a trav\u00e9s de la cobertura del seguro de compensaci\u00f3n para trabajadores de su empleador. Para una causa tan importante, lo mejor es tener un representante legal a su lado. La <\/span><a href=\"https:\/\/miamilawyers360.com\/es\"><span style=\"font-weight: 400;\">Coalici\u00f3n de Abogados de Compensaci\u00f3n Laboral de Miami<\/span><\/a><span style=\"font-weight: 400;\"> ofrece la mejor representaci\u00f3n para estos casos. Llame a nuestras oficinas al [PHONE] y nuestro equipo lo guiar\u00e1 a trav\u00e9s de los pasos del proceso de reclamo de compensaci\u00f3n para trabajadores de Miami Springs.<\/span><\/p>\n","protected":false},"excerpt":{"rendered":"<p>Cuando se lesiona o se enferma mientras est\u00e1 en el trabajo, en Miami Springs, Florida, puede ser elegible para una compensaci\u00f3n por las lesiones de la cobertura de compensaci\u00f3n para trabajadores de su empleador. Sin embargo, tratar de manejar el proceso de reclamos de compensaci\u00f3n para trabajadores en Miami Springs por su cuenta solo agrega [&hellip;]<\/p>\n","protected":false},"author":22,"featured_media":0,"parent":4660,"menu_order":0,"comment_status":"closed","ping_status":"closed","template":"","meta":{"_acf_changed":false,"anchor_text":"","footnotes":""},"class_list":["post-2074","page","type-page","status-publish","hentry"],"acf":[],"_links":{"self":[{"href":"https:\/\/miamilawyers360.com\/es\/wp-json\/wp\/v2\/pages\/2074","targetHints":{"allow":["GET"]}}],"collection":[{"href":"https:\/\/miamilawyers360.com\/es\/wp-json\/wp\/v2\/pages"}],"about":[{"href":"https:\/\/miamilawyers360.com\/es\/wp-json\/wp\/v2\/types\/page"}],"author":[{"embeddable":true,"href":"https:\/\/miamilawyers360.com\/es\/wp-json\/wp\/v2\/users\/22"}],"replies":[{"embeddable":true,"href":"https:\/\/miamilawyers360.com\/es\/wp-json\/wp\/v2\/comments?post=2074"}],"version-history":[{"count":2,"href":"https:\/\/miamilawyers360.com\/es\/wp-json\/wp\/v2\/pages\/2074\/revisions"}],"predecessor-version":[{"id":5284,"href":"https:\/\/miamilawyers360.com\/es\/wp-json\/wp\/v2\/pages\/2074\/revisions\/5284"}],"up":[{"embeddable":true,"href":"https:\/\/miamilawyers360.com\/es\/wp-json\/wp\/v2\/pages\/4660"}],"wp:attachment":[{"href":"https:\/\/miamilawyers360.com\/es\/wp-json\/wp\/v2\/media?parent=2074"}],"curies":[{"name":"wp","href":"https:\/\/api.w.org\/{rel}","templated":true}]}}