{"id":2076,"date":"2021-07-09T03:22:19","date_gmt":"2021-07-09T07:22:19","guid":{"rendered":"https:\/\/miamilawyers360.com\/opa-locka\/workers-comp-benefits\/"},"modified":"2026-03-13T15:15:03","modified_gmt":"2026-03-13T19:15:03","slug":"beneficios-compensacion-laboral-opa-locka-fl","status":"publish","type":"page","link":"https:\/\/miamilawyers360.com\/es\/opa-locka\/beneficios-compensacion-laboral-opa-locka-fl\/","title":{"rendered":"Beneficios de compensaci\u00f3n laboral en Opa-Locka, FL"},"content":{"rendered":"<p><span style=\"font-weight: 400;\">La gente se lastima en el trabajo todos los d\u00edas. No importa si el trabajador est\u00e1 empleado en un sitio de construcci\u00f3n de alto riesgo o en un trabajo de escritorio de bajo impacto. Los accidentes pueden ocurrir en cualquier trabajo y est\u00e1n fuera del control del trabajador. Si sufre una lesi\u00f3n mientras realiza sus tareas laborales, tiene derecho a recibir beneficios de compensaci\u00f3n para trabajadores en Opa-Locka. Seg\u00fan las leyes de Florida, en general, un empleador debe tener un seguro de compensaci\u00f3n para trabajadores si est\u00e1 en el negocio de la construcci\u00f3n y tiene al menos un empleado, o si est\u00e1 en un negocio que no es de construcci\u00f3n y tiene al menos cuatro empleados.<\/span><\/p>\n<p><span style=\"font-weight: 400;\">Los beneficios para el trabajador lesionado incluyen beneficios m\u00e9dicos que cubren cualquier gasto m\u00e9dico incurrido como resultado de la lesi\u00f3n relacionada con el trabajo y beneficios de reemplazo laboral que reemplazan algunos de los salarios que el trabajador lesionado no puede ganar debido a la lesi\u00f3n. Calcular con precisi\u00f3n la cantidad de beneficios de reemplazo de trabajo puede resultar complicado. Como trabajador lesionado, si alguna vez siente que no est\u00e1 recibiendo todos los beneficios que tiene derecho a recibir, comun\u00edquese con la <\/span><a href=\"https:\/\/miamilawyers360.com\/opa-locka\/workers-compensation-lawyer\/\"><span style=\"font-weight: 400;\">Coalici\u00f3n de Abogados de Compensaci\u00f3n para Trabajadores de Miami en Opa-Locka<\/span><\/a><span style=\"font-weight: 400;\"> , FL. Nuestros expertos legales lo ayudar\u00e1n a navegar a trav\u00e9s de los enredos legales y lo ayudar\u00e1n a obtener todos los beneficios que se merece.<\/span><\/p>\n<h2><b>L\u00edmites de ingresos de compensaci\u00f3n laboral de Florida<\/b><\/h2>\n<p><span style=\"font-weight: 400;\">El l\u00edmite de los beneficios de reemplazo de salario es generalmente dos tercios de su salario semanal regular antes de lesionarse, pero no puede ser m\u00e1s que el salario semanal promedio en todo el estado de Florida pagado por los empleadores seg\u00fan lo determinado por el <\/span><a href=\"https:\/\/fileaclaim.myflorida.com\/app\" target=\"_blank\" rel=\"noopener\"><span style=\"font-weight: 400;\">Departamento de Oportunidades Econ\u00f3micas de Florida<\/span><\/a><span style=\"font-weight: 400;\"> .<\/span><\/p>\n<h2><b>Tipos de beneficios de compensaci\u00f3n laboral en Opa-Locka<\/b><\/h2>\n<p><span style=\"font-weight: 400;\">Los beneficios de compensaci\u00f3n para trabajadores constan de dos partes. Una parte es el beneficio m\u00e9dico. Esto cubre sus visitas m\u00e9dicas autorizadas, pruebas de laboratorio, estad\u00edas en el hospital, fisioterapia, pr\u00f3tesis m\u00e9dicas y recetas. Tambi\u00e9n puede cubrir sus gastos de viaje hacia y desde sus citas m\u00e9dicas por sus lesiones relacionadas con el trabajo.<\/span><\/p>\n<p><span style=\"font-weight: 400;\">Si durante el curso de su tratamiento, su m\u00e9dico autorizado consider\u00f3 que su recuperaci\u00f3n o curaci\u00f3n ha llegado a un punto en el que no es probable que haya m\u00e1s mejoras en los s\u00edntomas que resultaron de su lesi\u00f3n relacionada con el trabajo, eso significa que ha alcanzado <\/span><a href=\"https:\/\/fileaclaim.myflorida.com\/app\" target=\"_blank\" rel=\"noopener\"><span style=\"font-weight: 400;\">m\u00e1xima mejora m\u00e9dica<\/span><\/a><span style=\"font-weight: 400;\"> o MMI. En este caso, si a\u00fan necesita recibir tratamiento, se le pedir\u00e1 que pague un copago de $10 usd por visita de tratamiento autorizada.<\/span><\/p>\n<p><span style=\"font-weight: 400;\">La otra parte de los beneficios de compensaci\u00f3n para trabajadores es el beneficio de reemplazo de salario. Hay cuatro categor\u00edas. A continuaci\u00f3n se muestra una descripci\u00f3n de cada uno:<\/span><\/p>\n<p><a href=\"https:\/\/miamilawyers360.com\/wp-content\/uploads\/2021\/07\/shutterstock_1158955330-1.jpg\"><img fetchpriority=\"high\" decoding=\"async\" class=\"alignnone size-full wp-image-1940\" src=\"https:\/\/miamilawyers360.com\/wp-content\/uploads\/2021\/07\/shutterstock_1158955330-1.jpg\" alt=\"Filling out a work injury claim form for Workers' Compensation Benefits in Opa-Locka\" width=\"500\" height=\"334\" \/><\/a><\/p>\n<h3><b>Beneficios por discapacidad total temporal en la Compensaci\u00f3n para trabajadores de Florida (TTD)<\/b><\/h3>\n<p><span style=\"font-weight: 400;\">En general, puede recibir beneficios por incapacidad total temporal cuando sus lesiones relacionadas con el trabajo le hicieron faltar al trabajo durante m\u00e1s de siete d\u00edas calendarios. Los beneficios salariales comienzan el octavo d\u00eda de su discapacidad. Si a\u00fan no puede trabajar despu\u00e9s de 21 d\u00edas, recibir\u00e1 beneficios de reemplazo de salario desde el primer d\u00eda de su discapacidad. La cantidad semanal no puede estar por encima del m\u00e1ximo estatal que el estado ajusta cada a\u00f1o.<\/span><\/p>\n<p><span style=\"font-weight: 400;\">Si la lesi\u00f3n es grave y result\u00f3 en algo como ceguera o par\u00e1lisis, la tasa de beneficios durante los primeros seis meses es el 80 por ciento de su salario antes de la lesi\u00f3n, sin un m\u00e1ximo. Puede obtener este beneficio hasta por 104 semanas o dos a\u00f1os.<\/span><\/p>\n<h3><b>Beneficios por discapacidad parcial temporal en la Compensaci\u00f3n para trabajadores de Florida (TPD)<\/b><\/h3>\n<p><span style=\"font-weight: 400;\">A veces, durante su recuperaci\u00f3n, su m\u00e9dico autorizado determina que puede regresar al trabajo, pero con algunas restricciones a sus responsabilidades laborales anteriores. Por ejemplo, quiz\u00e1s trabaje normalmente en la sala de correo, pero su m\u00e9dico le indica que no levante ning\u00fan paquete pesado. Por lo tanto, su supervisor tiene que eliminar el levantamiento de sus responsabilidades. Si sus responsabilidades laborales modificadas dieron como resultado que ganara menos del 80 por ciento de lo que ganaba normalmente antes de sus lesiones, tiene derecho a recibir beneficios por discapacidad parcial temporal. Los beneficios de TPD cubrir\u00e1n el 80 por ciento de la diferencia entre su tasa de ingresos reducida actual y el 80 por ciento de su tasa de ingresos antes de la lesi\u00f3n. El n\u00famero m\u00e1ximo de semanas que puede recibir beneficios de TPD es de 104 semanas o dos a\u00f1os. Antes de que pasen las 104 semanas, si su m\u00e9dico determina que ha llegado a una fecha en la que sus lesiones ya no mejoran (su fecha m\u00e1xima de mejor\u00eda m\u00e9dica), sus beneficios por discapacidad temporal terminar\u00e1n. Esto conduce a beneficios por discapacidad.<\/span><\/p>\n<h3><b>Beneficios por discapacidad parcial permanente en la Compensaci\u00f3n para trabajadores de Florida (PPD)<\/b><\/h3>\n<p><span style=\"font-weight: 400;\">Aproximadamente seis semanas antes del vencimiento de sus beneficios por incapacidad total temporal, su m\u00e9dico autorizado determinar\u00e1 si sufri\u00f3 alg\u00fan impedimento permanente debido a sus lesiones relacionadas con el trabajo. Esto puede incluir cualquier impedimento f\u00edsico o psicol\u00f3gico que a\u00fan exista despu\u00e9s de que su m\u00e9dico determine que sus lesiones han mejorado tanto como podr\u00edan. La discapacidad parcial permanente se expresa en una calificaci\u00f3n de discapacidad permanente que representa el porcentaje de su cuerpo total que est\u00e1 discapacitado. Esto se utilizar\u00e1 para calcular cu\u00e1nto tiempo durar\u00e1n sus beneficios de PPD.<\/span><\/p>\n<h3><b>Beneficios por discapacidad total permanente en la Compensaci\u00f3n para trabajadores de Florida (PTD)<\/b><\/h3>\n<p><span style=\"font-weight: 400;\">Una discapacidad se puede determinar como total y permanente. Las lesiones cerebrales o las amputaciones son ejemplos. Si la discapacidad es permanente y ya no puede trabajar, puede recibir beneficios por discapacidad total permanente que equivalen a la tasa de los beneficios por discapacidad total temporal. Estos pagos continuar\u00e1n hasta que cumpla los 75 a\u00f1os. Si no califica para los beneficios del Seguro Social, los beneficios continuar\u00e1n por el resto de su vida.<\/span><\/p>\n<h2><b>\u00bfC\u00f3mo se calculan los beneficios de compensaci\u00f3n para trabajadores de Opa-Locka?<\/b><\/h2>\n<p><a href=\"https:\/\/www.myfloridacfo.com\/Division\/WC\/contactUs.htm\" target=\"_blank\" rel=\"noopener\"><span style=\"font-weight: 400;\">El sitio web de la Divisi\u00f3n de Compensaci\u00f3n para Trabajadores de Florida<\/span><\/a><span style=\"font-weight: 400;\"> tiene calculadoras convenientes para que usted calcule sus beneficios. Estos lo ayudan a determinar qu\u00e9 beneficios de reemplazo de salario puede esperar obtener como resultado de sus lesiones laborales. Simplemente ingrese el a\u00f1o de su lesi\u00f3n y su salario semanal promedio, se mostrar\u00e1 el monto de sus beneficios semanales. Hay calculadoras para TTD, TPD e ingresos por discapacidad (discapacidad permanente).<\/span><\/p>\n<h2><b>\u00bfSe gravan los beneficios de compensaci\u00f3n para trabajadores de Opa-Locka?<\/b><\/h2>\n<p><span style=\"font-weight: 400;\">Los pagos de compensaci\u00f3n para trabajadores de Florida no tienen deducciones ni retenciones de impuestos. Estos beneficios no se consideran ingresos gravables.<\/span><\/p>\n<h2><b>Obtenga asesoramiento legal para su reclamo de indemnizaci\u00f3n laboral<\/b><\/h2>\n<p><span style=\"font-weight: 400;\">Los reclamos de compensaci\u00f3n para trabajadores pueden volverse bastante complicados. Si siente que no est\u00e1 recibiendo los beneficios a los que tiene derecho, comun\u00edquese con la <\/span><a href=\"https:\/\/miamilawyers360.com\/es\"><span style=\"font-weight: 400;\">Coalici\u00f3n de Abogados de Compensaci\u00f3n para Trabajadores de Miami<\/span><\/a><span style=\"font-weight: 400;\"> en Opa-Locka, FL. Nuestros abogados experimentados manejan su caso y se asegurar\u00e1 de que obtenga todos los beneficios que se merece.<\/span><\/p>\n","protected":false},"excerpt":{"rendered":"<p>La gente se lastima en el trabajo todos los d\u00edas. No importa si el trabajador est\u00e1 empleado en un sitio de construcci\u00f3n de alto riesgo o en un trabajo de escritorio de bajo impacto. Los accidentes pueden ocurrir en cualquier trabajo y est\u00e1n fuera del control del trabajador. Si sufre una lesi\u00f3n mientras realiza sus [&hellip;]<\/p>\n","protected":false},"author":22,"featured_media":0,"parent":4661,"menu_order":0,"comment_status":"closed","ping_status":"closed","template":"","meta":{"_acf_changed":false,"anchor_text":"","footnotes":""},"class_list":["post-2076","page","type-page","status-publish","hentry"],"acf":[],"_links":{"self":[{"href":"https:\/\/miamilawyers360.com\/es\/wp-json\/wp\/v2\/pages\/2076","targetHints":{"allow":["GET"]}}],"collection":[{"href":"https:\/\/miamilawyers360.com\/es\/wp-json\/wp\/v2\/pages"}],"about":[{"href":"https:\/\/miamilawyers360.com\/es\/wp-json\/wp\/v2\/types\/page"}],"author":[{"embeddable":true,"href":"https:\/\/miamilawyers360.com\/es\/wp-json\/wp\/v2\/users\/22"}],"replies":[{"embeddable":true,"href":"https:\/\/miamilawyers360.com\/es\/wp-json\/wp\/v2\/comments?post=2076"}],"version-history":[{"count":2,"href":"https:\/\/miamilawyers360.com\/es\/wp-json\/wp\/v2\/pages\/2076\/revisions"}],"predecessor-version":[{"id":5288,"href":"https:\/\/miamilawyers360.com\/es\/wp-json\/wp\/v2\/pages\/2076\/revisions\/5288"}],"up":[{"embeddable":true,"href":"https:\/\/miamilawyers360.com\/es\/wp-json\/wp\/v2\/pages\/4661"}],"wp:attachment":[{"href":"https:\/\/miamilawyers360.com\/es\/wp-json\/wp\/v2\/media?parent=2076"}],"curies":[{"name":"wp","href":"https:\/\/api.w.org\/{rel}","templated":true}]}}