{"id":2077,"date":"2021-07-09T03:20:31","date_gmt":"2021-07-09T07:20:31","guid":{"rendered":"https:\/\/miamilawyers360.com\/opa-locka\/workers-comp-claims-process\/"},"modified":"2026-03-13T15:15:37","modified_gmt":"2026-03-13T19:15:37","slug":"proceso-reclamos-compensacion-trabajadores-opa-locka-fl","status":"publish","type":"page","link":"https:\/\/miamilawyers360.com\/es\/opa-locka\/proceso-reclamos-compensacion-trabajadores-opa-locka-fl\/","title":{"rendered":"Proceso de reclamos de compensaci\u00f3n para trabajadores en Opa-Locka, FL"},"content":{"rendered":"<p><span style=\"font-weight: 400;\">Como abogados con experiencia en el proceso de reclamos de compensaci\u00f3n para trabajadores en Opa-Locka, en la <\/span><a href=\"https:\/\/miamilawyers360.com\/es\/opa-locka\/abogado-compensacion-laboral\/\"><span style=\"font-weight: 400;\">Coalici\u00f3n de Abogados de Compensaci\u00f3n para Trabajadores de Miami<\/span><\/a><span style=\"font-weight: 400;\"> recibimos muchas preguntas sobre el tema. En el siguiente art\u00edculo, arrojaremos algo de luz sobre algunas de las preguntas m\u00e1s comunes que tienen las personas despu\u00e9s de sufrir una lesi\u00f3n en el trabajo. Para comprender mejor su caso y reclamo personal, llame a nuestros expertos legales al <a href=\"tel:+17866862857\"><i class=\"fa fa-phone-alt\"><\/i>(786) 686-2857<\/a>.<\/span><\/p>\n<h2><b>\u00bfC\u00f3mo puedo saber si una reclamaci\u00f3n de indemnizaci\u00f3n laboral cubrir\u00e1 mi lesi\u00f3n?<\/b><\/h2>\n<p><span style=\"font-weight: 400;\">Seg\u00fan la ley de Florida, si ha resultado lesionado en el trabajo, tiene derecho a recibir beneficios de compensaci\u00f3n. Pero hay algunos. Si sus lesiones le impiden regresar al trabajo durante m\u00e1s de 7 d\u00edas, es posible que tenga derecho a una cierta cantidad de beneficios de indemnizaci\u00f3n. Esto es lo que debe saber sobre las lesiones que califican para los beneficios de compensaci\u00f3n del trabajador:<\/span><\/p>\n<p><b>Condiciones menores tratables con primeros auxilios <\/b><span style=\"font-weight: 400;\">: si las lesiones sufridas en el lugar de trabajo son leves y pueden tratarse con primeros auxilios, NO se necesita compensaci\u00f3n. Esto incluye peque\u00f1os cortes, raspaduras, laceraciones e incluso dolores de cabeza relacionados con el estr\u00e9s.<\/span><\/p>\n<p><b>Las lesiones fuera de la oficina A VECES est\u00e1n cubiertas <\/b><span style=\"font-weight: 400;\">: si sufri\u00f3 una lesi\u00f3n fuera de su lugar de trabajo, es posible que sea elegible para la compensaci\u00f3n del trabajador. Siempre que haya sufrido una lesi\u00f3n en el \u201ccurso y alcance\u201d de su trabajo, las lesiones est\u00e1n cubiertas. Por lo tanto, si se lesion\u00f3 en un accidente de tr\u00e1fico cuando se dirig\u00eda a reunirse con un cliente, por ejemplo, probablemente sea elegible para una compensaci\u00f3n.<\/span><\/p>\n<p><b>Las lesiones fuera del \u00e1mbito del trabajo NO SON elegibles para la compensaci\u00f3n del trabajador <\/b><span style=\"font-weight: 400;\">; por ejemplo, los desplazamientos no se consideran parte de su trabajo y un accidente de tr\u00e1fico en su camino no estar\u00e1 cubierto por los beneficios de compensaci\u00f3n del trabajador.<\/span><\/p>\n<p><b>Eventos acumulativos y lesiones <\/b><span style=\"font-weight: 400;\">: hay ocasiones en las que las lesiones sufridas no se notan tan f\u00e1cilmente. Por ejemplo, si ha desarrollado el s\u00edndrome del t\u00fanel carpiano debido al trabajo de escritorio o afecciones respiratorias causadas por la mala calidad del aire, es posible que pueda reclamar una compensaci\u00f3n.<\/span><\/p>\n<p><span style=\"font-weight: 400;\">La mejor manera de saber si sus lesiones o afecciones est\u00e1n cubiertas por la compensaci\u00f3n del trabajador es hablando con un experto en el tema. Llame al [tel\u00e9fono] y hable con un abogado experimentado en compensaci\u00f3n para trabajadores de la Coalici\u00f3n de Abogados de Compensaci\u00f3n para Trabajadores de Miami, quien puede examinar los detalles de su caso y asesorarlo sobre el mejor curso de acci\u00f3n.<\/span><\/p>\n<p><a href=\"https:\/\/miamilawyers360.com\/wp-content\/uploads\/2021\/07\/shutterstock_496385173-2-1.jpg\"><img fetchpriority=\"high\" decoding=\"async\" class=\"alignnone size-full wp-image-1934\" src=\"https:\/\/miamilawyers360.com\/wp-content\/uploads\/2021\/07\/shutterstock_496385173-2-1.jpg\" alt=\"Injured Person filling out a work injury claim form as a part of the workers' compensation claims process in Opa-Locka\" width=\"500\" height=\"334\" \/><\/a><\/p>\n<h2><b>\u00bfCu\u00e1nto tiempo tiene para presentar una reclamaci\u00f3n de compensaci\u00f3n para trabajadores en Opa-Locka?<\/b><\/h2>\n<p><span style=\"font-weight: 400;\">Ser\u00e1 importante trabajar r\u00e1pido cuando se mude para obtener los beneficios de compensaci\u00f3n laboral. Tendr\u00e1 30 d\u00edas para informar la lesi\u00f3n a su empleador o podr\u00eda renunciar a su derecho a una compensaci\u00f3n. Si su empleador o su compa\u00f1\u00eda de seguros no cooperan, tendr\u00e1 dos a\u00f1os para presentar un reclamo ante la <\/span><a href=\"https:\/\/www.myfloridacfo.com\/division\/wc\/employee\/faq.htm#1\" target=\"_blank\" rel=\"noopener\"><span style=\"font-weight: 400;\">Divisi\u00f3n de Compensaci\u00f3n para Trabajadores de Florida<\/span><\/a><span style=\"font-weight: 400;\"> . Pero es muy recomendable que lo haga lo antes posible.<\/span><\/p>\n<p><span style=\"font-weight: 400;\">\u00a0<\/span><\/p>\n<p><span style=\"font-weight: 400;\">Este plazo de 30 d\u00edas para informar su lesi\u00f3n comienza a partir de la fecha del incidente que caus\u00f3 la lesi\u00f3n. En el caso de afecciones que son producto de un movimiento repetitivo o condiciones en el lugar de trabajo, como afecciones respiratorias o s\u00edndrome del t\u00fanel carpiano, la cuenta regresiva comienza a partir de la fecha en que se le inform\u00f3 de la afecci\u00f3n. Esa es la fecha en que un m\u00e9dico con licencia le proporcion\u00f3 un diagn\u00f3stico de la afecci\u00f3n.<\/span><\/p>\n<p><span style=\"font-weight: 400;\">\u00a0<\/span><\/p>\n<h2><b>\u00bfC\u00f3mo presentar una reclamaci\u00f3n de compensaci\u00f3n para trabajadores en Opa-Locka, Florida?<\/b><\/h2>\n<p><span style=\"font-weight: 400;\">Una vez que haya informado de su lesi\u00f3n a su empleador, se le proporcionar\u00e1 el <\/span><a href=\"https:\/\/www.myfloridacfo.com\/division\/wc\/pdf\/DFS-F2-DWC-1.pdf\" target=\"_blank\" rel=\"noopener\"><span style=\"font-weight: 400;\">primer informe de lesi\u00f3n o enfermedad<\/span><\/a><span style=\"font-weight: 400;\"> . Esta es una notificaci\u00f3n que su empleador present\u00f3 a su compa\u00f1\u00eda de seguros. Si el proveedor de seguros acept\u00f3 su reclamo, comenzar\u00e1 a recibir cheques dentro de los 21 d\u00edas posteriores a la lesi\u00f3n.<\/span><\/p>\n<h3><b>Crear un informe de incidentes<\/b><\/h3>\n<p><span style=\"font-weight: 400;\">El informe que se le haga a su empleador debe ser muy espec\u00edfico. Si bien la ley permite que este informe se haga verbalmente, nosotros en la Coalici\u00f3n de Abogados de Compensaci\u00f3n Laboral de Miami sugerimos enf\u00e1ticamente que este informe se haga por escrito. Un correo electr\u00f3nico es una buena opci\u00f3n, ya que proporciona pruebas s\u00f3lidas de que se est\u00e1 realizando el informe.<\/span><\/p>\n<p><span style=\"font-weight: 400;\">Este informe debe elaborarse con cuidado y debe incluir todos los detalles siguientes:<\/span><\/p>\n<ul>\n<li><span style=\"font-weight: 400;\"> Hora y fecha en que ocurri\u00f3 el incidente que provoc\u00f3 sus lesiones.<\/span><\/li>\n<li><span style=\"font-weight: 400;\"> El lugar donde ocurri\u00f3 el accidente que result\u00f3 en lesiones.<\/span><\/li>\n<li><span style=\"font-weight: 400;\"> En qu\u00e9 actividades participaba en el momento del incidente.<\/span><\/li>\n<li><span style=\"font-weight: 400;\"> Los s\u00edntomas inmediatos que le indicaron que hab\u00eda sido lesionado.<\/span><\/li>\n<li><span style=\"font-weight: 400;\"> Qu\u00e9 partes de su cuerpo se vieron afectadas y c\u00f3mo<\/span><\/li>\n<\/ul>\n<p><span style=\"font-weight: 400;\">Los nombres de compa\u00f1eros de trabajo, colegas o supervisores presentes en las cercan\u00edas que pueden haber presenciado lo ocurrido.<\/span><\/p>\n<p><span style=\"font-weight: 400;\">En el caso de enfermedades y afecciones \u00abocupacionales\u00bb, el nombre y la informaci\u00f3n de contacto del m\u00e9dico que diagnostic\u00f3 la afecci\u00f3n.<\/span><\/p>\n<h3><b>Haga que un proveedor de salud autorizado de WC \/ MCO examine y trate sus afecciones o lesiones<\/b><\/h3>\n<p><span style=\"font-weight: 400;\">Luego, deber\u00e1 hacer que un m\u00e9dico certificado por WC \/ MCO examine sus lesiones o afecciones. Estos profesionales m\u00e9dicos calificados est\u00e1n certificados para manejar casos de compensaci\u00f3n laboral. Si no est\u00e1 seguro de d\u00f3nde encontrar uno, su empleador debe tener una lista de estos m\u00e9dicos autorizados y puede proporcionarle una copia. Pero tambi\u00e9n puede encontrar una lista de m\u00e9dicos de compensaci\u00f3n laboral en l\u00ednea.<\/span><\/p>\n<h3><b>Espere una respuesta de la compa\u00f1\u00eda de seguros de compensaci\u00f3n para trabajadores<\/b><\/h3>\n<p><span style=\"font-weight: 400;\">El siguiente paso ser\u00e1 esperar una respuesta de la compa\u00f1\u00eda de seguros de compensaci\u00f3n para trabajadores. Una vez que haya presentado su informe de lesi\u00f3n a su empleador, tendr\u00e1 siete d\u00edas para notificar a su compa\u00f1\u00eda de seguros sobre sus reclamos. A continuaci\u00f3n, la compa\u00f1\u00eda de seguros tendr\u00e1 tres d\u00edas para enviarle informaci\u00f3n sobre el reclamo, as\u00ed como informarle sobre sus derechos y responsabilidades.<\/span><\/p>\n<h3><b>P\u00f3ngase en contacto con un abogado<\/b><\/h3>\n<p><span style=\"font-weight: 400;\">En cualquier momento de este proceso de reclamo, puede optar por que sus reclamos sean representados por un abogado con experiencia. Esto no es obligatorio, pero en algunos casos, es la mejor opci\u00f3n para quienes se toman en serio la obtenci\u00f3n de beneficios. La compa\u00f1\u00eda de seguros optar\u00e1 por pagar o denegar los beneficios solicitados y le proporcionar\u00e1 una lista de justificaciones para aceptar o rechazar sus reclamos.<\/span><\/p>\n<p><span style=\"font-weight: 400;\">Pero el hecho de que la compa\u00f1\u00eda de seguros o el empleador nieguen las reclamaciones no significa que no sea elegible para la cobertura de compensaci\u00f3n para trabajadores. Pero puede ser necesario presentar una petici\u00f3n ante el juez de reclamos de compensaci\u00f3n. Si tiene alguna pregunta o duda, llame al [tel\u00e9fono] y obtenga ayuda experta de un abogado con experiencia en Compensaci\u00f3n Laboral de Florida que pueda brindarle las perspectivas de los profesionales sobre su caso y representaci\u00f3n para llevar adelante sus reclamos.<\/span><\/p>\n<h2><b>Perm\u00edtanos ayudarlo a presentar una indemnizaci\u00f3n por accidentes de trabajo en Opa-Locka, Florida<\/b><\/h2>\n<p><span style=\"font-weight: 400;\">Si bien no es un requisito legal, existen muchas ventajas en que su caso sea manejado por un <\/span><a href=\"https:\/\/www.myfloridacfo.com\/division\/wc\/pdf\/DFS-F2-DWC-1.pdf\" target=\"_blank\" rel=\"noopener\"><span style=\"font-weight: 400;\">abogado<\/span><span style=\"font-weight: 400;\"> calificado en <\/span><span style=\"font-weight: 400;\">compensaci\u00f3n de trabajadores de Florida<\/span><\/a><span style=\"font-weight: 400;\"> . Su experiencia garantizar\u00e1 que todos los pasos necesarios de este proceso de reclamaciones se aborden correctamente y esto puede mejorar en gran medida las posibilidades de \u00e9xito. Llame a nuestros representantes al <a href=\"tel:+17866862857\"><i class=\"fa fa-phone-alt\"><\/i>(786) 686-2857<\/a> para concertar una consulta en la que podamos brindarle la perspectiva y la orientaci\u00f3n de un experto.<\/span><\/p>\n","protected":false},"excerpt":{"rendered":"<p>Como abogados con experiencia en el proceso de reclamos de compensaci\u00f3n para trabajadores en Opa-Locka, en la Coalici\u00f3n de Abogados de Compensaci\u00f3n para Trabajadores de Miami recibimos muchas preguntas sobre el tema. En el siguiente art\u00edculo, arrojaremos algo de luz sobre algunas de las preguntas m\u00e1s comunes que tienen las personas despu\u00e9s de sufrir una [&hellip;]<\/p>\n","protected":false},"author":22,"featured_media":0,"parent":4661,"menu_order":0,"comment_status":"closed","ping_status":"closed","template":"","meta":{"_acf_changed":false,"anchor_text":"","footnotes":""},"class_list":["post-2077","page","type-page","status-publish","hentry"],"acf":[],"_links":{"self":[{"href":"https:\/\/miamilawyers360.com\/es\/wp-json\/wp\/v2\/pages\/2077","targetHints":{"allow":["GET"]}}],"collection":[{"href":"https:\/\/miamilawyers360.com\/es\/wp-json\/wp\/v2\/pages"}],"about":[{"href":"https:\/\/miamilawyers360.com\/es\/wp-json\/wp\/v2\/types\/page"}],"author":[{"embeddable":true,"href":"https:\/\/miamilawyers360.com\/es\/wp-json\/wp\/v2\/users\/22"}],"replies":[{"embeddable":true,"href":"https:\/\/miamilawyers360.com\/es\/wp-json\/wp\/v2\/comments?post=2077"}],"version-history":[{"count":2,"href":"https:\/\/miamilawyers360.com\/es\/wp-json\/wp\/v2\/pages\/2077\/revisions"}],"predecessor-version":[{"id":5290,"href":"https:\/\/miamilawyers360.com\/es\/wp-json\/wp\/v2\/pages\/2077\/revisions\/5290"}],"up":[{"embeddable":true,"href":"https:\/\/miamilawyers360.com\/es\/wp-json\/wp\/v2\/pages\/4661"}],"wp:attachment":[{"href":"https:\/\/miamilawyers360.com\/es\/wp-json\/wp\/v2\/media?parent=2077"}],"curies":[{"name":"wp","href":"https:\/\/api.w.org\/{rel}","templated":true}]}}