{"id":4591,"date":"2026-03-12T11:39:05","date_gmt":"2026-03-12T15:39:05","guid":{"rendered":"https:\/\/miamilawyers360.com\/boca-raton\/"},"modified":"2026-03-19T14:33:33","modified_gmt":"2026-03-19T18:33:33","slug":"boca-raton","status":"publish","type":"page","link":"https:\/\/miamilawyers360.com\/es\/boca-raton\/","title":{"rendered":"Boca Raton"},"content":{"rendered":"<p>Si has sufrido lesiones, contar con el apoyo jur\u00eddico adecuado puede marcar una diferencia significativa en el resultado de tu caso. Miami Lawyers 360 pone en contacto a personas de Boca Rat\u00f3n con una red de abogados de confianza que <strong>se dedican a reclamaciones de indemnizaci\u00f3n laboral, accidentes de tr\u00e1fico y lesiones personales<\/strong>. <\/p>\n<p>Nuestra misi\u00f3n es ayudar a las personas lesionadas a obtener la indemnizaci\u00f3n que merecen, haciendo que el proceso legal sea claro, eficaz y menos estresante. Los abogados de nuestra red tienen amplia experiencia en casos de lesiones y accidentes, y comprenden las dificultades a las que a menudo se enfrentan las v\u00edctimas tras una lesi\u00f3n inesperada. <\/p>\n<p>Tanto si te has lesionado en el trabajo, en un accidente de tr\u00e1fico o por negligencia ajena, nuestra red de abogados est\u00e1 preparada para construir un caso s\u00f3lido y defender tus intereses.<\/p>\n<p>Los abogados con los que trabajamos se centran espec\u00edficamente en casos de indemnizaci\u00f3n por accidentes laborales, accidentes de tr\u00e1fico y lesiones personales, saben c\u00f3mo tratar con las compa\u00f1\u00edas de seguros y reclamar indemnizaciones por gastos m\u00e9dicos, p\u00e9rdida de ingresos y otros da\u00f1os.<\/p>\n<p>Nuestra red tambi\u00e9n incluye abogados familiarizados con los tribunales de Boca Rat\u00f3n, los procedimientos locales y las pr\u00e1cticas de las aseguradoras, lo que puede ayudar a que los casos avancen con mayor eficacia. A lo largo del proceso, puedes esperar una comunicaci\u00f3n clara y una orientaci\u00f3n personalizada para que comprendas tus opciones y el progreso de tu reclamaci\u00f3n. <\/p>\n<p>La mayor\u00eda de los casos se tramitan sobre la base de honorarios condicionales, lo que significa <strong>que no hay honorarios legales por adelantado y que no pagas nada a menos que se recupere una indemnizaci\u00f3n<\/strong>. Si has sufrido lesiones en Boca Rat\u00f3n, Miami Lawyers 360 puede ponerte en contacto con un abogado experimentado dispuesto a ayudarte a proteger tus derechos y a conseguir la indemnizaci\u00f3n que mereces. <\/p>\n","protected":false},"excerpt":{"rendered":"<p>Si has sufrido lesiones, contar con el apoyo jur\u00eddico adecuado puede marcar una diferencia significativa en el resultado de tu caso. Miami Lawyers 360 pone en contacto a personas de Boca Rat\u00f3n con una red de abogados de confianza que se dedican a reclamaciones de indemnizaci\u00f3n laboral, accidentes de tr\u00e1fico y lesiones personales. Nuestra misi\u00f3n [&hellip;]<\/p>\n","protected":false},"author":22,"featured_media":2216,"parent":0,"menu_order":0,"comment_status":"closed","ping_status":"closed","template":"","meta":{"_acf_changed":false,"anchor_text":"Boca Rat\u00f3n","footnotes":""},"class_list":["post-4591","page","type-page","status-publish","has-post-thumbnail","hentry"],"acf":[],"_links":{"self":[{"href":"https:\/\/miamilawyers360.com\/es\/wp-json\/wp\/v2\/pages\/4591","targetHints":{"allow":["GET"]}}],"collection":[{"href":"https:\/\/miamilawyers360.com\/es\/wp-json\/wp\/v2\/pages"}],"about":[{"href":"https:\/\/miamilawyers360.com\/es\/wp-json\/wp\/v2\/types\/page"}],"author":[{"embeddable":true,"href":"https:\/\/miamilawyers360.com\/es\/wp-json\/wp\/v2\/users\/22"}],"replies":[{"embeddable":true,"href":"https:\/\/miamilawyers360.com\/es\/wp-json\/wp\/v2\/comments?post=4591"}],"version-history":[{"count":5,"href":"https:\/\/miamilawyers360.com\/es\/wp-json\/wp\/v2\/pages\/4591\/revisions"}],"predecessor-version":[{"id":5784,"href":"https:\/\/miamilawyers360.com\/es\/wp-json\/wp\/v2\/pages\/4591\/revisions\/5784"}],"wp:featuredmedia":[{"embeddable":true,"href":"https:\/\/miamilawyers360.com\/es\/wp-json\/wp\/v2\/media\/2216"}],"wp:attachment":[{"href":"https:\/\/miamilawyers360.com\/es\/wp-json\/wp\/v2\/media?parent=4591"}],"curies":[{"name":"wp","href":"https:\/\/api.w.org\/{rel}","templated":true}]}}