{"id":4592,"date":"2026-03-12T13:14:11","date_gmt":"2026-03-12T17:14:11","guid":{"rendered":"https:\/\/miamilawyers360.com\/hollywood\/"},"modified":"2026-03-19T14:58:18","modified_gmt":"2026-03-19T18:58:18","slug":"hollywood","status":"publish","type":"page","link":"https:\/\/miamilawyers360.com\/es\/hollywood\/","title":{"rendered":"Hollywood"},"content":{"rendered":"<p>Si has sufrido lesiones, contar con el apoyo jur\u00eddico adecuado puede marcar la diferencia en el resultado de tu caso. Miami Lawyers 360 pone en contacto a los residentes de Hollywood, FL, con una red de confianza de abogados expertos en casos de indemnizaci\u00f3n laboral, accidentes de tr\u00e1fico y lesiones personales. <\/p>\n<p>Nuestra misi\u00f3n es ayudar a las personas lesionadas a obtener la indemnizaci\u00f3n que merecen, gui\u00e1ndolas al mismo tiempo por el proceso legal con claridad y confianza. Los abogados de nuestra red tienen amplia experiencia en la gesti\u00f3n de reclamaciones por lesiones y comprenden los retos a los que se enfrentan las v\u00edctimas tras un accidente. <\/p>\n<p>Tanto si te has lesionado en el trabajo, en un accidente de tr\u00e1fico o por negligencia ajena, nuestros abogados est\u00e1n preparados para construir un caso s\u00f3lido y defender tus intereses.<\/p>\n<p><strong>Especializados en casos de indemnizaci\u00f3n laboral, accidentes de tr\u00e1fico y lesiones personales<\/strong>, los abogados de nuestra red saben c\u00f3mo tratar con las compa\u00f1\u00edas de seguros y luchar por la indemnizaci\u00f3n de las facturas m\u00e9dicas, los salarios perdidos y otros da\u00f1os. Tambi\u00e9n est\u00e1n familiarizados con los tribunales de Hollywood, FL, los procedimientos locales y las pr\u00e1cticas de las aseguradoras, lo que contribuye a que tu caso avance con eficacia. <\/p>\n<p>A lo largo del proceso, recibir\u00e1s atenci\u00f3n personalizada y orientaci\u00f3n clara para que entiendas tus opciones y el progreso de tu reclamaci\u00f3n. La mayor\u00eda de los casos se tramitan con honorarios condicionales, lo que significa <strong>que no hay gastos por adelantado y no pagas nada<\/strong> a menos que tu abogado consiga una indemnizaci\u00f3n para ti. <\/p>\n<p>Si te lesionaste en Hollywood, FL, Miami Lawyers 360 puede ponerte en contacto con un abogado experimentado dispuesto a proteger tus derechos y ayudarte a conseguir la recuperaci\u00f3n que mereces.<\/p>\n","protected":false},"excerpt":{"rendered":"<p>Si has sufrido lesiones, contar con el apoyo jur\u00eddico adecuado puede marcar la diferencia en el resultado de tu caso. Miami Lawyers 360 pone en contacto a los residentes de Hollywood, FL, con una red de confianza de abogados expertos en casos de indemnizaci\u00f3n laboral, accidentes de tr\u00e1fico y lesiones personales. Nuestra misi\u00f3n es ayudar [&hellip;]<\/p>\n","protected":false},"author":22,"featured_media":5680,"parent":0,"menu_order":0,"comment_status":"closed","ping_status":"closed","template":"","meta":{"_acf_changed":false,"anchor_text":"Hollywood","footnotes":""},"class_list":["post-4592","page","type-page","status-publish","has-post-thumbnail","hentry"],"acf":[],"_links":{"self":[{"href":"https:\/\/miamilawyers360.com\/es\/wp-json\/wp\/v2\/pages\/4592","targetHints":{"allow":["GET"]}}],"collection":[{"href":"https:\/\/miamilawyers360.com\/es\/wp-json\/wp\/v2\/pages"}],"about":[{"href":"https:\/\/miamilawyers360.com\/es\/wp-json\/wp\/v2\/types\/page"}],"author":[{"embeddable":true,"href":"https:\/\/miamilawyers360.com\/es\/wp-json\/wp\/v2\/users\/22"}],"replies":[{"embeddable":true,"href":"https:\/\/miamilawyers360.com\/es\/wp-json\/wp\/v2\/comments?post=4592"}],"version-history":[{"count":3,"href":"https:\/\/miamilawyers360.com\/es\/wp-json\/wp\/v2\/pages\/4592\/revisions"}],"predecessor-version":[{"id":5808,"href":"https:\/\/miamilawyers360.com\/es\/wp-json\/wp\/v2\/pages\/4592\/revisions\/5808"}],"wp:featuredmedia":[{"embeddable":true,"href":"https:\/\/miamilawyers360.com\/es\/wp-json\/wp\/v2\/media\/5680"}],"wp:attachment":[{"href":"https:\/\/miamilawyers360.com\/es\/wp-json\/wp\/v2\/media?parent=4592"}],"curies":[{"name":"wp","href":"https:\/\/api.w.org\/{rel}","templated":true}]}}