{"id":4601,"date":"2026-03-12T11:53:45","date_gmt":"2026-03-12T15:53:45","guid":{"rendered":"https:\/\/miamilawyers360.com\/coral-springs\/"},"modified":"2026-03-19T14:41:29","modified_gmt":"2026-03-19T18:41:29","slug":"coral-springs","status":"publish","type":"page","link":"https:\/\/miamilawyers360.com\/es\/coral-springs\/","title":{"rendered":"Coral Springs"},"content":{"rendered":"<p>Si has sufrido lesiones, contar con el apoyo legal adecuado puede influir significativamente en el resultado de tu caso. Miami Lawyers 360 conecta a los residentes de Coral Springs, FL, con una red de confianza de abogados experimentados que se ocupan de casos de indemnizaci\u00f3n laboral, accidentes de tr\u00e1fico y lesiones personales. <\/p>\n<p>Nuestra misi\u00f3n es ayudarte a conseguir la indemnizaci\u00f3n que mereces, gui\u00e1ndote al mismo tiempo por el proceso legal con confianza y claridad. Los abogados de nuestra red tienen amplia experiencia en la gesti\u00f3n de demandas por lesiones y comprenden los retos a los que se enfrentan las v\u00edctimas tras un accidente. <\/p>\n<p>Tanto si te has lesionado en el trabajo, como si te has visto implicado en un accidente de tr\u00e1fico o te has lesionado por la negligencia de otra persona, nuestros abogados est\u00e1n preparados para construir un caso s\u00f3lido y luchar por tus mejores intereses.<\/p>\n<p><strong>Especializados en casos de indemnizaci\u00f3n laboral, accidentes de tr\u00e1fico y lesiones personales<\/strong>, los abogados de nuestra red tienen la experiencia necesaria para negociar con las compa\u00f1\u00edas de seguros y reclamar indemnizaciones por facturas m\u00e9dicas, salarios perdidos y otros da\u00f1os. Tambi\u00e9n est\u00e1n familiarizados con los tribunales de Coral Springs, FL, los procedimientos locales y las pr\u00e1cticas de las aseguradoras, lo que ayuda a que tu caso avance con eficacia. <\/p>\n<p>A lo largo del proceso, recibir\u00e1s atenci\u00f3n personalizada y orientaci\u00f3n clara, para que siempre sepas qu\u00e9 esperar y c\u00f3mo avanza tu reclamaci\u00f3n. La mayor\u00eda de los casos se tramitan con honorarios condicionales, lo que significa <strong>que no hay gastos por adelantado y no pagas nada<\/strong> a menos que tu abogado consiga una indemnizaci\u00f3n en tu nombre. <\/p>\n<p>Si te lesionaste en Coral Springs, FL, Miami Lawyers 360 puede ponerte en contacto con un abogado experto dispuesto a proteger tus derechos y ayudarte a obtener la recuperaci\u00f3n que mereces.<\/p>\n","protected":false},"excerpt":{"rendered":"<p>Si has sufrido lesiones, contar con el apoyo legal adecuado puede influir significativamente en el resultado de tu caso. Miami Lawyers 360 conecta a los residentes de Coral Springs, FL, con una red de confianza de abogados experimentados que se ocupan de casos de indemnizaci\u00f3n laboral, accidentes de tr\u00e1fico y lesiones personales. Nuestra misi\u00f3n es [&hellip;]<\/p>\n","protected":false},"author":22,"featured_media":5657,"parent":0,"menu_order":0,"comment_status":"closed","ping_status":"closed","template":"","meta":{"_acf_changed":false,"anchor_text":"Coral Springs","footnotes":""},"class_list":["post-4601","page","type-page","status-publish","has-post-thumbnail","hentry"],"acf":[],"_links":{"self":[{"href":"https:\/\/miamilawyers360.com\/es\/wp-json\/wp\/v2\/pages\/4601","targetHints":{"allow":["GET"]}}],"collection":[{"href":"https:\/\/miamilawyers360.com\/es\/wp-json\/wp\/v2\/pages"}],"about":[{"href":"https:\/\/miamilawyers360.com\/es\/wp-json\/wp\/v2\/types\/page"}],"author":[{"embeddable":true,"href":"https:\/\/miamilawyers360.com\/es\/wp-json\/wp\/v2\/users\/22"}],"replies":[{"embeddable":true,"href":"https:\/\/miamilawyers360.com\/es\/wp-json\/wp\/v2\/comments?post=4601"}],"version-history":[{"count":4,"href":"https:\/\/miamilawyers360.com\/es\/wp-json\/wp\/v2\/pages\/4601\/revisions"}],"predecessor-version":[{"id":5785,"href":"https:\/\/miamilawyers360.com\/es\/wp-json\/wp\/v2\/pages\/4601\/revisions\/5785"}],"wp:featuredmedia":[{"embeddable":true,"href":"https:\/\/miamilawyers360.com\/es\/wp-json\/wp\/v2\/media\/5657"}],"wp:attachment":[{"href":"https:\/\/miamilawyers360.com\/es\/wp-json\/wp\/v2\/media?parent=4601"}],"curies":[{"name":"wp","href":"https:\/\/api.w.org\/{rel}","templated":true}]}}