{"id":4602,"date":"2026-03-12T13:23:25","date_gmt":"2026-03-12T17:23:25","guid":{"rendered":"https:\/\/miamilawyers360.com\/melbourne\/"},"modified":"2026-03-19T15:09:39","modified_gmt":"2026-03-19T19:09:39","slug":"melbourne","status":"publish","type":"page","link":"https:\/\/miamilawyers360.com\/es\/melbourne\/","title":{"rendered":"Melbourne"},"content":{"rendered":"<p>Elegir la red de abogados de lesiones personales de Miami Lawyers 360 que atiende Melbourne significa contar con un equipo dedicado a su recuperaci\u00f3n total\u2014f\u00edsica, emocional y financiera. Si ha sufrido una lesi\u00f3n debido a la negligencia de otra persona en Melbourne, merece m\u00e1s que ayuda legal b\u00e1sica: necesita defensores con experiencia que sepan c\u00f3mo construir casos s\u00f3lidos y luchar por la compensaci\u00f3n que usted merece. Nuestra red est\u00e1 disponible las 24 horas del d\u00eda, los 7 d\u00edas de la semana, ofreci\u00e9ndole acceso confiable a respuestas, orientaci\u00f3n y apoyo cuando m\u00e1s lo necesite. Desde la primera consulta, evaluamos su caso, explicamos sus opciones legales y le brindamos una idea clara del valor potencial de su reclamaci\u00f3n.<\/p>\n<p>Lo que distingue a Miami Lawyers 360 es nuestro compromiso con la conveniencia y los resultados comprobados. Sabemos que una lesi\u00f3n puede dificultar su vida diaria, por eso estamos dispuestos a acudir a usted cuando sea necesario. Nuestros abogados han recuperado millones de d\u00f3lares para sus clientes y aplican esa misma determinaci\u00f3n y estrategia en cada caso. Ya sea negociando con aseguradoras o preparando una demanda, nuestro objetivo siempre es maximizar su compensaci\u00f3n.<\/p>\n<p>Con nuestro sistema de honorarios de contingencia, no paga nada por adelantado; solo cobramos si ganamos su caso. Esto significa cero riesgo financiero y la tranquilidad de saber que su caso est\u00e1 en manos capacitadas. Elegir Miami Lawyers 360 es elegir un equipo accesible, experimentado y comprometido a ayudarle a seguir adelante con confianza.<\/p>\n","protected":false},"excerpt":{"rendered":"<p>Elegir la red de abogados de lesiones personales de Miami Lawyers 360 que atiende Melbourne significa contar con un equipo dedicado a su recuperaci\u00f3n total\u2014f\u00edsica, emocional y financiera. Si ha sufrido una lesi\u00f3n debido a la negligencia de otra persona en Melbourne, merece m\u00e1s que ayuda legal b\u00e1sica: necesita defensores con experiencia que sepan c\u00f3mo [&hellip;]<\/p>\n","protected":false},"author":22,"featured_media":5748,"parent":0,"menu_order":0,"comment_status":"closed","ping_status":"closed","template":"","meta":{"_acf_changed":false,"anchor_text":"Melbourne","footnotes":""},"class_list":["post-4602","page","type-page","status-publish","has-post-thumbnail","hentry"],"acf":[],"_links":{"self":[{"href":"https:\/\/miamilawyers360.com\/es\/wp-json\/wp\/v2\/pages\/4602","targetHints":{"allow":["GET"]}}],"collection":[{"href":"https:\/\/miamilawyers360.com\/es\/wp-json\/wp\/v2\/pages"}],"about":[{"href":"https:\/\/miamilawyers360.com\/es\/wp-json\/wp\/v2\/types\/page"}],"author":[{"embeddable":true,"href":"https:\/\/miamilawyers360.com\/es\/wp-json\/wp\/v2\/users\/22"}],"replies":[{"embeddable":true,"href":"https:\/\/miamilawyers360.com\/es\/wp-json\/wp\/v2\/comments?post=4602"}],"version-history":[{"count":2,"href":"https:\/\/miamilawyers360.com\/es\/wp-json\/wp\/v2\/pages\/4602\/revisions"}],"predecessor-version":[{"id":5749,"href":"https:\/\/miamilawyers360.com\/es\/wp-json\/wp\/v2\/pages\/4602\/revisions\/5749"}],"wp:featuredmedia":[{"embeddable":true,"href":"https:\/\/miamilawyers360.com\/es\/wp-json\/wp\/v2\/media\/5748"}],"wp:attachment":[{"href":"https:\/\/miamilawyers360.com\/es\/wp-json\/wp\/v2\/media?parent=4602"}],"curies":[{"name":"wp","href":"https:\/\/api.w.org\/{rel}","templated":true}]}}