{"id":4609,"date":"2021-02-23T15:20:49","date_gmt":"2021-02-23T20:20:49","guid":{"rendered":"https:\/\/miamilawyers360.com\/hialeah\/personal-injury-lawyer\/"},"modified":"2026-03-13T15:04:35","modified_gmt":"2026-03-13T19:04:35","slug":"abogado-lesiones-personales","status":"publish","type":"page","link":"https:\/\/miamilawyers360.com\/es\/hialeah\/abogado-lesiones-personales\/","title":{"rendered":"Abogado de lesiones personales de Hialeah"},"content":{"rendered":"<p><span style=\"font-weight: 400;\">Lesionarse puede llevar a una larga lista de s\u00edntomas no deseados y cambiar la vida. Es por eso que es importante comunicarse con un abogado calificado en lesiones personales de Hialeah con a\u00f1os de experiencia.<\/span><\/p>\n<p><span style=\"font-weight: 400;\">Nuestro bufete de abogados en Miami Lawyers 360 ofrece servicios legales integrales de lesiones personales con experiencia cre\u00edble. Para obtener m\u00e1s informaci\u00f3n sobre lo que hacemos, llame a nuestra <a href=\"https:\/\/miamilawyers360.com\/es\/\">firma de lesiones personales<\/a> al <a href=\"tel:+17866862857\"><i class=\"fa fa-phone-alt\"><\/i>(786) 686-2857<\/a>.<\/span><\/p>\n<h2><b>\u00bfQu\u00e9 debo hacer despu\u00e9s de una lesi\u00f3n?<\/b><\/h2>\n<p><span style=\"font-weight: 400;\">Lesionarse es dif\u00edcil de manejar, pero tambi\u00e9n requiere la capacidad de tomar decisiones acertadas. Hay ciertos pasos que debe seguir cuando se coloca en esta posici\u00f3n.<\/span><\/p>\n<p><span style=\"font-weight: 400;\">Los pasos clave incluyen:<\/span><\/p>\n<ul>\n<li><span style=\"font-weight: 400;\"> Solicite asistencia m\u00e9dica si es necesario (solicite registros m\u00e9dicos)<\/span><\/li>\n<li><span style=\"font-weight: 400;\"> Obtenga evidencia visual (video \/ fotos)<\/span><\/li>\n<li><span style=\"font-weight: 400;\"> Solicite informaci\u00f3n de contacto relevante a los testigos.<\/span><\/li>\n<li><span style=\"font-weight: 400;\"> Comun\u00edquese con la polic\u00eda o un supervisor<\/span><\/li>\n<li><span style=\"font-weight: 400;\"> No admitir culpa<\/span><\/li>\n<li><span style=\"font-weight: 400;\"> Hable con un abogado de lesiones personales<\/span><\/li>\n<\/ul>\n<p><span style=\"font-weight: 400;\">T\u00f3mese el tiempo para seguir todos estos pasos para obtener m\u00e1s informaci\u00f3n sobre sus opciones y qu\u00e9 hacer a continuaci\u00f3n. Esto ayudar\u00e1 a construir su caso.<\/span><\/p>\n<h2><b>\u00bfPor qu\u00e9 necesito un abogado?<\/b><\/h2>\n<p><span style=\"font-weight: 400;\">Elegir un buen abogado es una de las mejores decisiones que puede tomar un cliente.<\/span><\/p>\n<p><a href=\"https:\/\/miamilawyers360.com\/wp-content\/uploads\/2021\/02\/hialeah-personal-injury-4-500x333-1.jpg\"><img fetchpriority=\"high\" decoding=\"async\" class=\"alignnone size-full wp-image-862\" src=\"https:\/\/miamilawyers360.com\/wp-content\/uploads\/2021\/02\/hialeah-personal-injury-4-500x333-1.jpg\" alt=\"A woman reviewing a personal injury claim with an attorney.\" width=\"500\" height=\"333\" \/><\/a><\/p>\n<p><span style=\"font-weight: 400;\">Los beneficios incluyen:<\/span><\/p>\n<ul>\n<li><span style=\"font-weight: 400;\"> Preparaci\u00f3n del caso \/ Presentaci\u00f3n de una demanda<\/span><\/li>\n<li><span style=\"font-weight: 400;\"> Negociaci\u00f3n de acuerdos<\/span><\/li>\n<li><span style=\"font-weight: 400;\"> Preparaci\u00f3n y representaci\u00f3n de la prueba<\/span><\/li>\n<\/ul>\n<p><span style=\"font-weight: 400;\">Para obtener m\u00e1s informaci\u00f3n sobre lo que podemos hacer por usted en Miami Lawyers 360, ll\u00e1menos r\u00e1pidamente al [tel\u00e9fono].<\/span><\/p>\n<h2><b>\u00bfQu\u00e9 tipo de da\u00f1os cubren las reclamaciones por lesiones personales en Florida?<\/b><\/h2>\n<p><span style=\"font-weight: 400;\">Los reclamos por lesiones personales en Florida le permiten recuperar los siguientes <\/span><a href=\"https:\/\/www.americanbar.org\/groups\/public_education\/resources\/law_issues_for_consumers\/personalinjury\/\" target=\"_blank\" rel=\"noopener\"><span style=\"font-weight: 400;\">tipos de da\u00f1os<\/span><\/a><span style=\"font-weight: 400;\"> :<\/span><\/p>\n<h3><b>Econ\u00f3mico<\/b><\/h3>\n<p><span style=\"font-weight: 400;\">Este es el elemento m\u00e1s importante de un reclamo legal, ya que aqu\u00ed es donde va a enumerar los costos tangibles, como facturas m\u00e9dicas, salarios perdidos y \/ o facturas de recetas. Cualquier costo en el que se incurri\u00f3 debido a la lesi\u00f3n personal se puede enumerar aqu\u00ed.<\/span><\/p>\n<h3><b>No econ\u00f3mico<\/b><\/h3>\n<p><span style=\"font-weight: 400;\">Esto se refiere a cualquier da\u00f1o no financiero que haya tenido que afrontar. Esto puede incluir cualquier cosa asociada con el proceso de recuperaci\u00f3n, incluida la ansiedad, el estr\u00e9s, el trastorno de estr\u00e9s postraum\u00e1tico y una larga lista de otros problemas, incluido un descenso en su calidad de vida.<\/span><\/p>\n<h3><b>Punitivo<\/b><\/h3>\n<p><span style=\"font-weight: 400;\">Esto no es com\u00fan en casos de lesiones personales a menos que el individuo haya violado severamente la ley del pa\u00eds.<\/span><\/p>\n<p><span style=\"font-weight: 400;\">Esto dar\u00e1 lugar a sentencias adicionales y \/ o multas dependiendo de lo que el juez crea que es mejor.<\/span><\/p>\n<h2><b>\u00bfC\u00f3mo se determina la responsabilidad despu\u00e9s de una lesi\u00f3n?<\/b><\/h2>\n<p><span style=\"font-weight: 400;\">Al determinar la responsabilidad por un reclamo por lesiones, debe probar los siguientes cuatro elementos de negligencia:<\/span><\/p>\n<h3><b>Obligaci\u00f3n de cuidar<\/b><\/h3>\n<p><span style=\"font-weight: 400;\">El deber de diligencia es fundamental a la hora de comprender el papel de una persona en el accidente. Cada individuo tiene una responsabilidad en la situaci\u00f3n, ya sea que esto implique seguir las reglas de la carretera mientras conduce o maneja el equipo en un sitio de construcci\u00f3n.<\/span><\/p>\n<p><span style=\"font-weight: 400;\">La responsabilidad se puede determinar determinando qu\u00e9 parte fue responsable de no cumplir con su deber de cuidado.<\/span><\/p>\n<h3><b>Incumplimiento del deber de diligencia<\/b><\/h3>\n<p><span style=\"font-weight: 400;\">Supongamos que se ha considerado que el individuo fue responsable de su papel en el accidente. Es importante observar qu\u00e9 tan importante fue la infracci\u00f3n para su deber de cuidado en esa situaci\u00f3n en particular. Esto tiende a variar de una situaci\u00f3n a otra dependiendo de lo que sucedi\u00f3.<\/span><\/p>\n<p><span style=\"font-weight: 400;\">Si desea probar la responsabilidad, es importante asegurarse de que la persona haya cometido un incumplimiento masivo del deber de cuidado, lo que provoc\u00f3 que usted se lesionara.<\/span><\/p>\n<h3><b>Causalidad<\/b><\/h3>\n<p><span style=\"font-weight: 400;\">La causalidad es tan importante como cualquier otro elemento en el proceso, ya que tendr\u00e1 que demostrar que sus acciones condujeron espec\u00edficamente a su lesi\u00f3n.<\/span><\/p>\n<p><span style=\"font-weight: 400;\">Es importante demostrar que todos los da\u00f1os que se citan se deben a las acciones del acusado. Esto puede incluir el incumplimiento del deber de diligencia.<\/span><\/p>\n<h3><b>Da\u00f1os y perjuicios<\/b><\/h3>\n<p><span style=\"font-weight: 400;\">El paso final involucra los da\u00f1os que se destacar\u00e1n en el reclamo legal.<\/span><\/p>\n<p><span style=\"font-weight: 400;\">Si desea probar la responsabilidad, querr\u00e1 asegurarse de que los da\u00f1os est\u00e9n espec\u00edficamente asociados con el accidente. Esto mostrar\u00e1 que todos los da\u00f1os que se enumeran en el reclamo se deben al accidente que ocurri\u00f3.<\/span><\/p>\n<h2><b>\u00bfCu\u00e1nto tiempo tengo para presentar un reclamo por lesiones personales en Florida?<\/b><\/h2>\n<p><span style=\"font-weight: 400;\">Es importante comprender el estatuto de limitaciones para este tipo de casos en el coraz\u00f3n de Florida.<\/span><\/p>\n<p><span style=\"font-weight: 400;\">Tendr\u00e1 cuatro a\u00f1os desde el momento en que se lesione para presentar un reclamo legal. Es mejor tenerlo listo lo antes posible para evitar llevar las cosas al l\u00edmite y que la evidencia se vuelva obsoleta.<\/span><\/p>\n<p><a href=\"https:\/\/miamilawyers360.com\/wp-content\/uploads\/2021\/02\/hialeah-personal-injury-lawyer-500x333-1.jpg\"><img decoding=\"async\" class=\"alignnone size-full wp-image-863\" src=\"https:\/\/miamilawyers360.com\/wp-content\/uploads\/2021\/02\/hialeah-personal-injury-lawyer-500x333-1.jpg\" alt=\"A Hialeah personal injury lawyer reviewing a settlement offer for a client.\" width=\"500\" height=\"333\" \/><\/a><\/p>\n<p><span style=\"font-weight: 400;\">Un profesional legal competente puede ayudarle con el proceso y facilitarle la obtenci\u00f3n del reclamo legal de inmediato. No dude en comunicarse con nuestro bufete de abogados al <a href=\"tel:+17866862857\"><i class=\"fa fa-phone-alt\"><\/i>(786) 686-2857<\/a> para obtener m\u00e1s informaci\u00f3n sobre lo que podemos hacer por usted en el futuro.<\/span><\/p>\n<h2><b>\u00bfCu\u00e1nto costar\u00e1 un abogado de lesiones personales en Hialeah?<\/b><\/h2>\n<p><span style=\"font-weight: 400;\">Nuestro objetivo es ayudar a los clientes con su situaci\u00f3n y brindarles informaci\u00f3n detallada sobre la estrategia legal en curso para ganar su caso.<\/span><\/p>\n<p><span style=\"font-weight: 400;\">Durante esta fase, es posible que se pregunte si esto ser\u00e1 asequible o no.<\/span><\/p>\n<p><span style=\"font-weight: 400;\">Somos reconocidos por poner a nuestros clientes en primer lugar y todo comienza con la configuraci\u00f3n de una tarifa de contingencia. Con este tipo de estructura de pago, no tendr\u00e1 que realizar un pago por adelantado.<\/span><\/p>\n<p><span style=\"font-weight: 400;\">Una vez que ganemos el caso, nuestro bufete de abogados tomar\u00e1 un peque\u00f1o porcentaje de la compensaci\u00f3n.<\/span><\/p>\n<h2><b>Tipos de casos de lesiones personales que manejamos en Miami Lawyers 360<\/b><\/h2>\n<p><span style=\"font-weight: 400;\">Nuestro bufete de abogados ha representado a clientes en la regi\u00f3n durante a\u00f1os y seguimos siendo una de las opciones de mayor reputaci\u00f3n para los ciudadanos de <\/span><a href=\"https:\/\/en.wikipedia.org\/wiki\/Hialeah,_Florida\" target=\"_blank\" rel=\"noopener\"><span style=\"font-weight: 400;\">Hialeah, Florida<\/span><\/a><span style=\"font-weight: 400;\"> .<\/span><\/p>\n<p><span style=\"font-weight: 400;\">Si desea luchar por sus derechos y asegurarse de que se tomen las decisiones correctas, es hora de ver con qu\u00e9 tipos de casos de lesiones personales podemos ayudarlo.<\/span><\/p>\n<p><span style=\"font-weight: 400;\">Los casos de lesiones personales en los que podemos trabajar incluyen:<\/span><\/p>\n<ul>\n<li><span style=\"font-weight: 400;\"> Responsabilidad de las instalaciones<\/span><\/li>\n<li><span style=\"font-weight: 400;\"> Negligencia m\u00e9dica<\/span><\/li>\n<li><span style=\"font-weight: 400;\"> Lesi\u00f3n corporal<\/span><\/li>\n<li><span style=\"font-weight: 400;\"> Resbalones y ca\u00eddas<\/span><\/li>\n<li><span style=\"font-weight: 400;\"> Lesiones por quemaduras<\/span><\/li>\n<li><span style=\"font-weight: 400;\"> Lesiones en el lugar de trabajo<\/span><\/li>\n<li><span style=\"font-weight: 400;\"> Accidentes de construcci\u00f3n<\/span><\/li>\n<li><a href=\"https:\/\/miamilawyers360.com\/es\/hialeah\/abogado-accidentes-automovilisticos\/\"><span style=\"font-weight: 400;\"> Accidentes automovil\u00edsticos<\/span><\/a><\/li>\n<li><span style=\"font-weight: 400;\"> Mordeduras de perro<\/span><\/li>\n<li><span style=\"font-weight: 400;\"> \u00a1 Y m\u00e1s!<\/span><\/li>\n<\/ul>\n<p><span style=\"font-weight: 400;\">Este es un ajuste ideal para aquellos que quieren asegurarse de que est\u00e9n siendo representados por profesionales en cada paso del camino.<\/span><\/p>\n<h2><b>Programe su consulta gratuita con nuestros abogados<\/b><\/h2>\n<p><span style=\"font-weight: 400;\">En Miami Lawyers 360, creemos que es importante establecer altos est\u00e1ndares y asegurarnos de que se satisfagan las necesidades de nuestros clientes en cada paso del camino. Estamos orgullosos de nuestra \u00e9tica de trabajo y continuamos haciendo el esfuerzo necesario para mantenerlo feliz. No dude en realizar una consulta detallada con uno de nuestros profesionales legales de confianza en <a href=\"tel:+17866862857\"><i class=\"fa fa-phone-alt\"><\/i>(786) 686-2857<\/a>.<\/span><\/p>\n","protected":false},"excerpt":{"rendered":"<p>Lesionarse puede llevar a una larga lista de s\u00edntomas no deseados y cambiar la vida. Es por eso que es importante comunicarse con un abogado calificado en lesiones personales de Hialeah con a\u00f1os de experiencia. Nuestro bufete de abogados en Miami Lawyers 360 ofrece servicios legales integrales de lesiones personales con experiencia cre\u00edble. Para obtener [&hellip;]<\/p>\n","protected":false},"author":22,"featured_media":0,"parent":4662,"menu_order":0,"comment_status":"closed","ping_status":"closed","template":"","meta":{"_acf_changed":false,"anchor_text":"","footnotes":""},"class_list":["post-4609","page","type-page","status-publish","hentry"],"acf":[],"_links":{"self":[{"href":"https:\/\/miamilawyers360.com\/es\/wp-json\/wp\/v2\/pages\/4609","targetHints":{"allow":["GET"]}}],"collection":[{"href":"https:\/\/miamilawyers360.com\/es\/wp-json\/wp\/v2\/pages"}],"about":[{"href":"https:\/\/miamilawyers360.com\/es\/wp-json\/wp\/v2\/types\/page"}],"author":[{"embeddable":true,"href":"https:\/\/miamilawyers360.com\/es\/wp-json\/wp\/v2\/users\/22"}],"replies":[{"embeddable":true,"href":"https:\/\/miamilawyers360.com\/es\/wp-json\/wp\/v2\/comments?post=4609"}],"version-history":[{"count":2,"href":"https:\/\/miamilawyers360.com\/es\/wp-json\/wp\/v2\/pages\/4609\/revisions"}],"predecessor-version":[{"id":5267,"href":"https:\/\/miamilawyers360.com\/es\/wp-json\/wp\/v2\/pages\/4609\/revisions\/5267"}],"up":[{"embeddable":true,"href":"https:\/\/miamilawyers360.com\/es\/wp-json\/wp\/v2\/pages\/4662"}],"wp:attachment":[{"href":"https:\/\/miamilawyers360.com\/es\/wp-json\/wp\/v2\/media?parent=4609"}],"curies":[{"name":"wp","href":"https:\/\/api.w.org\/{rel}","templated":true}]}}