{"id":4611,"date":"2021-02-24T21:15:11","date_gmt":"2021-02-25T02:15:11","guid":{"rendered":"https:\/\/miamilawyers360.com\/coral-gables\/workers-compensation-lawyer\/"},"modified":"2026-03-13T14:52:12","modified_gmt":"2026-03-13T18:52:12","slug":"abogado-compensacion-laboral","status":"publish","type":"page","link":"https:\/\/miamilawyers360.com\/es\/abogado-compensacion-laboral\/","title":{"rendered":"Abogado de Compensaci\u00f3n Laboral de Coral Gables"},"content":{"rendered":"\t\t<div data-elementor-type=\"wp-page\" data-elementor-id=\"4611\" class=\"elementor elementor-4611 elementor-722\" data-elementor-post-type=\"page\">\n\t\t\t\t<div class=\"elementor-element elementor-element-42c2f564 e-flex e-con-boxed e-con e-parent\" data-id=\"42c2f564\" data-element_type=\"container\" data-e-type=\"container\">\n\t\t\t\t\t<div class=\"e-con-inner\">\n\t\t\t\t<div class=\"elementor-element elementor-element-13836074 elementor-widget elementor-widget-text-editor\" data-id=\"13836074\" data-element_type=\"widget\" data-e-type=\"widget\" data-widget_type=\"text-editor.default\">\n\t\t\t\t\t\t\t\t\t<p><span style=\"font-weight: 400;\">Ya sea que trabaje en una oficina o en el campo, de acuerdo con las leyes estatales, los trabajadores tienen derecho a ser compensados \u200b\u200bpor lesiones relacionadas con el trabajo. Algunas lesiones pueden ser graves y no solo afectan el desempe\u00f1o laboral, sino tambi\u00e9n su vida privada. Cuando esto sucede, los empleados deber\u00edan contar con un plan financiero que les permitiera recuperarse. Si los empleadores son responsables y\u00a0 cuidan bien a sus trabajadores les dan una compensaci\u00f3n justa por sus lesiones, sin embargo, algunos no lo son y le niegan a los empleados su derecho a ser compensados por sus accidentes en servicio, \u200b\u200bcuando esto sucede las v\u00edctimas se enfrentan a problemas de salud y financieros.\u00a0<\/span><\/p><p><span style=\"font-weight: 400;\">Si vive en Florida y est\u00e1 lidiando con estos problemas, comun\u00edquese con los abogados de compensaci\u00f3n para trabajadores de Coral Gables en Miami Lawyers 360 y le ayudaremos a luchar por sus derechos. Llame a nuestro <a href=\"https:\/\/miamilawyers360.com\/es\/coral-gables\/abogado-lesiones-personales\/\">bufete de abogados de lesiones personales al<\/a> <a href=\"tel:+17866862857\"><i class=\"fa fa-phone-alt\"><\/i>(786) 686-2857<\/a> hoy para programar su consulta gratuita.<\/span><\/p><div class=\"embed-container\"><iframe src=\"https:\/\/www.youtube.com\/embed\/ODiAvwkLzhE\" frameborder=\"0\" allowfullscreen=\"allowfullscreen\"><\/iframe><\/div><h2><b>\u00bfQu\u00e9 es la compensaci\u00f3n laboral?<\/b><\/h2><p><span style=\"font-weight: 400;\">La compensaci\u00f3n laboral se puede definir como un sistema que proporciona un arreglo financiero a los empleados que han resultado lesionados mientras estaban de servicio. El programa de compensaci\u00f3n cubre gastos como tratamientos m\u00e9dicos y hospitalizaciones. Estos acuerdos son emitidos por la compa\u00f1\u00eda de seguros del empleador. La compensaci\u00f3n para trabajadores tambi\u00e9n incluye los siguientes beneficios.<\/span><\/p><h3><b>Beneficios por incapacidad temporal<\/b><\/h3><p><span style=\"font-weight: 400;\">Los beneficios por discapacidad temporal se le otorgan a los empleados que han estado fuera de servicio por m\u00e1s de veinti\u00fan d\u00edas como resultado de una lesi\u00f3n en el trabajo. La tasa de beneficio puede ser alta o baja dependiendo del tipo de lesi\u00f3n que haya sufrido el trabajador. Por ejemplo, si un empleado sufre lesiones graves como ceguera o par\u00e1lisis, los salarios previos a la lesi\u00f3n comenzar\u00edan en $20 usd por semana.<\/span><\/p><p><span style=\"font-weight: 400;\">Los beneficios por incapacidad temporal duran hasta que el m\u00e9dico determina que el empleado est\u00e1 en condiciones de volver al trabajo, o, en su caso, el m\u00e9dico determine que la condici\u00f3n del empleado no mejorar\u00e1 incluso con MMI (Mejora m\u00e9dica m\u00e1xima), en ese caso, se eval\u00faa si el beneficio se vuelve permanente.<\/span><\/p><h3><b>Beneficios por discapacidad permanente<\/b><\/h3><p><span style=\"font-weight: 400;\">Si un empleado no puede trabajar debido a lesiones relacionadas con el trabajo, entonces tiene derecho a beneficios semanales, los cuales incluyen el tratamiento m\u00e9dico, la fisioterapia y las recetas semanales. Los trabajadores tambi\u00e9n tienen derecho a beneficios adicionales como servicios m\u00e9dicos y de rehabilitaci\u00f3n vocacional.<\/span><\/p><h2><a style=\"font-size: 16px;\" href=\"http:\/\/miamilawyers360.com\/wp-content\/uploads\/2021\/03\/coral-gables-workers-comp-attorney-500x333-1.jpg\"><img fetchpriority=\"high\" decoding=\"async\" class=\"alignnone size-full wp-image-981\" src=\"http:\/\/miamilawyers360.com\/wp-content\/uploads\/2021\/03\/coral-gables-workers-comp-attorney-500x333-1.jpg\" alt=\"An attorney filing an appeal for a workers' compensation claim for a client.\" width=\"500\" height=\"333\" \/><\/a><\/h2><p><span style=\"font-weight: 400;\">Aunque los trabajadores est\u00e1n cubiertos por el seguro de su empleador, tambi\u00e9n debe comprender que las leyes de compensaci\u00f3n laboral son diferentes en cada estado. Eso significa que los trabajadores en diferentes estados no obtienen los mismos beneficios cuando se trata de compensaci\u00f3n para trabajadores. Por esta raz\u00f3n, es vital contar con un abogado de compensaci\u00f3n laboral que pueda ayudarlo con su caso particular.<\/span><\/p><h2><b>\u00bfQu\u00e9 debo hacer si me lesiono en el trabajo?<\/b><\/h2><p><span style=\"font-weight: 400;\">Si se lesiona en el trabajo en <a href=\"https:\/\/en.wikipedia.org\/wiki\/Coral_Gables,_Florida\" target=\"_blank\" rel=\"noopener\">Coral Gables, Florida<\/a>, siga estos pasos:<\/span><\/p><h3><b>Notifique al empleador<\/b><\/h3><p><span style=\"font-weight: 400;\">Cuando se lesiona en el trabajo, lo primero que debe hacer es notificar al empleador. La ley le exige que notifique a alguien que est\u00e9 a cargo y se asegure de que el incidente se registre por escrito. No importa si el empleador estaba presente en el momento del accidente o no. La lesi\u00f3n relacionada con el trabajo debe informarse y redactarse en una copia impresa.<\/span><\/p><h3><b>Busque atenci\u00f3n m\u00e9dica<\/b><\/h3><p><span style=\"font-weight: 400;\">Despu\u00e9s de notificar al empleador, lo siguiente que debe hacer es buscar atenci\u00f3n m\u00e9dica, especialmente si sufre una lesi\u00f3n grave. El m\u00e9dico evaluar\u00e1 su salud y, una vez hecho, crear\u00e1 un informe m\u00e9dico del que debe tener una copia al hacer su reclamo. Sin embargo, sin un informe m\u00e9dico, ser\u00eda imposible recuperar todos los gastos m\u00e9dicos.<\/span><\/p><h3><b>Tomar fotos<\/b><\/h3><p><span style=\"font-weight: 400;\">Tambi\u00e9n es recomendable que tome fotograf\u00edas de cualquier lesi\u00f3n visible. Adem\u00e1s de tomar fotograf\u00edas de las lesiones visibles, aseg\u00farese de tomar fotograf\u00edas del lugar y del lugar donde ocurri\u00f3 el accidente. Puede utilizar esta informaci\u00f3n como prueba al presentar su reclamo por lesiones personales.<\/span><\/p><h3><b>Presentar una reclamaci\u00f3n de indemnizaci\u00f3n laboral<\/b><\/h3><p><span style=\"font-weight: 400;\">Lo \u00faltimo que debe hacer es buscar una compensaci\u00f3n por sus lesiones y la mejor manera de hacerlo es presentando un reclamo de compensaci\u00f3n para trabajadores. Adem\u00e1s, aseg\u00farese de hacer esto con la ayuda de un abogado con experiencia en compensaci\u00f3n para trabajadores para que pueda obtener un acuerdo justo. Sin embargo, sin la ayuda de un representante legal, podr\u00eda terminar recibiendo menos de lo que se merece en t\u00e9rminos del acuerdo.<\/span><\/p><h2><b>\u00bfCu\u00e1les son las lesiones por accidentes laborales m\u00e1s comunes?<\/b><\/h2><p><span style=\"font-weight: 400;\">A continuaci\u00f3n se presentan las 10 lesiones laborales m\u00e1s comunes.<\/span><\/p><ul><li style=\"font-weight: 400;\" aria-level=\"1\"><span style=\"font-weight: 400;\">Lesiones de cuello y espalda<\/span><\/li><li style=\"font-weight: 400;\" aria-level=\"1\"><span style=\"font-weight: 400;\">Fracturas<\/span><\/li><li style=\"font-weight: 400;\" aria-level=\"1\"><span style=\"font-weight: 400;\">Dolor en las articulaciones<\/span><\/li><li style=\"font-weight: 400;\" aria-level=\"1\"><span style=\"font-weight: 400;\">Quemaduras<\/span><\/li><li style=\"font-weight: 400;\" aria-level=\"1\"><span style=\"font-weight: 400;\">Resbalar y caer<\/span><\/li><li style=\"font-weight: 400;\" aria-level=\"1\"><span style=\"font-weight: 400;\">Accidentes en viajes de negocios<\/span><\/li><li style=\"font-weight: 400;\" aria-level=\"1\"><span style=\"font-weight: 400;\">Accidente al usar herramientas y maquinaria<\/span><\/li><li style=\"font-weight: 400;\" aria-level=\"1\"><span style=\"font-weight: 400;\">P\u00e9rdida de la audici\u00f3n<\/span><\/li><li style=\"font-weight: 400;\" aria-level=\"1\"><span style=\"font-weight: 400;\">Amputaciones<\/span><\/li><\/ul><h2><b>\u00bfPor qu\u00e9 deber\u00eda contratar a un abogado de compensaci\u00f3n laboral en Coral Gables?<\/b><\/h2><p><span style=\"font-weight: 400;\">Nuestros abogados pueden ayudar con su reclamo de compensaci\u00f3n para trabajadores a trav\u00e9s de su experiencia en:<\/span><\/p><h3><b>Negociar para un acuerdo justo<\/b><\/h3><p><span style=\"font-weight: 400;\">La raz\u00f3n por la que debe contratar a un abogado de compensaci\u00f3n laboral es para ayudarlo a buscar un acuerdo justo. En la mayor\u00eda de los casos, los proveedores de seguros del empleador utilizan diferentes excusas para negar a las v\u00edctimas su reclamo o para reducir el valor real de lo que vale el reclamo. Sin embargo, con la ayuda de un abogado de compensaci\u00f3n laboral, puede estar seguro de obtener un acuerdo justo.<\/span><\/p><h3><b>Representarlo en la corte<\/b><\/h3><p><span style=\"font-weight: 400;\">Un abogado de compensaci\u00f3n para trabajadores tiene una mejor comprensi\u00f3n de la ley y con este conocimiento, puede estar seguro de que sus intereses y derechos est\u00e1n protegidos en el tribunal de justicia. Su abogado tambi\u00e9n utilizar\u00e1 sus conocimientos y experiencia para construir un caso s\u00f3lido.<\/span><\/p><h2><b>\u00bfCu\u00e1nto cuesta contratar a un abogado de compensaci\u00f3n laboral en Coral Gables?<\/b><\/h2><p><span style=\"font-weight: 400;\">Los abogados de compensaci\u00f3n laboral pueden cobrar tarifas diferentes por sus servicios. Sin embargo, cuando trabaja de la mano de nuestros abogados en Miami Lawyers 360, no tiene que preocuparse por el costo de los servicios legales. Esto se debe a que ofrecemos consultas gratuitas y nos conformamos con una tarifa de contingencia que se adquiere despu\u00e9s de ganar su caso.<\/span><\/p><h2><b>\u00bfQu\u00e9 debo hacer si se niega mi reclamo de indemnizaci\u00f3n laboral?<\/b><\/h2><p><span style=\"font-weight: 400;\">Si se le ha denegado un reclamo de compensaci\u00f3n para trabajadores, siga estos dos pasos:<\/span><\/p><h3><b>Averigua porque<\/b><\/h3><p><span style=\"font-weight: 400;\">Si se niega su reclamo de compensaci\u00f3n para trabajadores, lo primero que debe hacer es averiguar por qu\u00e9 con el empleador. Eso significa que debe hablar con su empleador y comprender qu\u00e9 caus\u00f3 que se rechazara su reclamo. A veces, las reclamaciones de compensaci\u00f3n laboral se rechazan debido a un error t\u00e9cnico. Por lo tanto, aseg\u00farese de que la denegaci\u00f3n del reclamo no fue intencional.<\/span><\/p><h2><b>Apelaci\u00f3n<\/b><\/h2><p><span style=\"font-weight: 400;\">Si no hay una raz\u00f3n leg\u00edtima de por qu\u00e9 se deneg\u00f3 su reclamo de compensaci\u00f3n para trabajadores, lo siguiente que debe hacer es apelar esa denegaci\u00f3n. Sin embargo, aseg\u00farese de hacer esto con la ayuda de un abogado de compensaci\u00f3n laboral para que pueda tener \u00e9xito en obtener su reclamo en el segundo intento.<\/span><\/p><p><a href=\"http:\/\/miamilawyers360.com\/wp-content\/uploads\/2021\/03\/coral-gables-work-injury-500x333-1.jpg\"><img decoding=\"async\" class=\"alignnone size-full wp-image-980\" src=\"http:\/\/miamilawyers360.com\/wp-content\/uploads\/2021\/03\/coral-gables-work-injury-500x333-1.jpg\" alt=\"Schedule a free consultation with our Coral Gables workers' compensation lawyers today.\" width=\"500\" height=\"333\" \/><\/a><\/p><h2><b>\u00bfQu\u00e9 responsabilidad tiene el empleado al presentar una reclamaci\u00f3n de indemnizaci\u00f3n laboral?<\/b><\/h2><p><span style=\"font-weight: 400;\">De acuerdo con las leyes estatales, las siguientes son las responsabilidades de un empleado al presentar un reclamo de compensaci\u00f3n para trabajadores:<\/span><\/p><ul><li style=\"font-weight: 400;\" aria-level=\"1\"><span style=\"font-weight: 400;\">\u00a0Informe el incidente antes de tomar cualquier otra medida o antes de abandonar la escena. Aceptar los servicios de rehabilitaci\u00f3n, as\u00ed como el tratamiento m\u00e9dico, informar del acuerdo cuando lo otorgue el estado.\u00a0<\/span><\/li><li style=\"font-weight: 400;\" aria-level=\"1\"><span style=\"font-weight: 400;\">Proporcione pruebas de que el incidente no fue el resultado de una mala conducta o inexperiencia.\u00a0<\/span><\/li><li style=\"font-weight: 400;\" aria-level=\"1\"><span style=\"font-weight: 400;\">Si es necesario, que usted presente un reclamo por lesiones personales con la ayuda de un abogado de compensaci\u00f3n laboral.<\/span><\/li><\/ul><h2><b>\u00bfQu\u00e9 responsabilidades tiene el empleador en el proceso de compensaci\u00f3n laboral?<\/b><\/h2><p><span style=\"font-weight: 400;\">A continuaci\u00f3n se encuentran las responsabilidades de un empleador en el proceso de compensaci\u00f3n para trabajadores.<\/span><\/p><ul><li style=\"font-weight: 400;\" aria-level=\"1\"><span style=\"font-weight: 400;\">Presentar el primer informe del incidente.<\/span><\/li><li style=\"font-weight: 400;\" aria-level=\"1\"><span style=\"font-weight: 400;\">Respete los derechos de los empleados de presentar una demanda por lesiones personales.<\/span><\/li><li style=\"font-weight: 400;\" aria-level=\"1\"><span style=\"font-weight: 400;\">Coopere con las autoridades y otras partes involucradas en la realizaci\u00f3n de una investigaci\u00f3n.<\/span><\/li><li style=\"font-weight: 400;\" aria-level=\"1\"><span style=\"font-weight: 400;\">Permitir que los empleados reanuden sus puestos de trabajo una vez que se recuperen de sus lesiones<\/span><\/li><\/ul><h2><b>\u00bfMe pueden despedir por presentar una reclamaci\u00f3n de indemnizaci\u00f3n por accidentes de trabajo?<\/b><\/h2><p><span style=\"font-weight: 400;\">De acuerdo con la ley, los empleados tienen derecho a presentar un reclamo de compensaci\u00f3n para trabajadores si uno se lesiona mientras est\u00e1 de servicio. Eso significa que no puede ser despedido por presentar un reclamo de compensaci\u00f3n para trabajadores. Adem\u00e1s, la Ley tambi\u00e9n permite que los empleados emprendan acciones legales contra los empleadores que despidan a los trabajadores por tal mala conducta.<\/span><\/p><h2><b>\u00bfExiste un l\u00edmite de tiempo para presentar un reclamo de indemnizaci\u00f3n laboral en Coral Gables?<\/b><\/h2><p><span style=\"font-weight: 400;\">De acuerdo con la<\/span><span style=\"font-weight: 400;\"> secci\u00f3n <a href=\"http:\/\/www.leg.state.fl.us\/statutes\/index.cfm?App_mode=Display_Statute&amp;URL=0400-0499\/0440\/Sections\/0440.19.html\" target=\"_blank\" rel=\"noopener\">section 440.19<\/a>\u00a0<\/span><span style=\"font-weight: 400;\">\u00a0de la ley de compensaci\u00f3n para trabajadores, un empleado lesionado tiene un l\u00edmite de tiempo de dos a\u00f1os para presentar un reclamo de compensaci\u00f3n para trabajadores.<\/span><\/p><h2><b>\u00bfPuedo demandar a mi empleador por una lesi\u00f3n laboral?<\/b><\/h2><p><span style=\"font-weight: 400;\">De acuerdo con las leyes estatales, un empleado tiene derecho a demandar a un empleador si es despedido del lugar de trabajo por presentar un reclamo de compensaci\u00f3n para trabajadores.<\/span><\/p><h2><b>\u00bfPuede un contratista independiente presentar una reclamaci\u00f3n de indemnizaci\u00f3n laboral?<\/b><\/h2><p><span style=\"font-weight: 400;\">De acuerdo con la secci\u00f3n <\/span><span style=\"font-weight: 400;\"><a href=\"http:\/\/www.leg.state.fl.us\/Statutes\/index.cfm?App_mode=Display_Statute&amp;URL=0400-0499\/0440\/Sections\/0440.02.html\" target=\"_blank\" rel=\"noopener\">440.02(15)(c)3<\/a> del Estatuto de Florida, los contratistas independientes no pueden presentar un reclamo de compensaci\u00f3n para trabajadores. Esto se debe a que estas personas no se consideran parte de la compa\u00f1\u00eda.<\/span><\/p><h2><b>\u00bfCu\u00e1l es el valor de mi reclamo de compensaci\u00f3n para trabajadores de Coral Gables?<\/b><\/h2><p><span style=\"font-weight: 400;\">Su reclamo de compensaci\u00f3n para trabajadores puede valer m\u00e1s o menos dependiendo de varios factores, como facturas m\u00e9dicas, costo de rehabilitaci\u00f3n, salarios perdidos, medicamentos recetados, gastos m\u00e9dicos a largo plazo y gastos de tratamiento futuro.<\/span><\/p><h2><b>Comun\u00edquese hoy mismo con nuestros abogados de compensaci\u00f3n para trabajadores de Coral Gables<\/b><\/h2><p><span style=\"font-weight: 400;\">Si se lesion\u00f3 mientras estaba de servicio y necesita una compensaci\u00f3n por sus lesiones, comun\u00edquese con <a href=\"https:\/\/miamilawyers360.com\/es\/\">nuestros abogados con experiencia en lesiones personales<\/a> hoy en Miami Lawyers 360 y lo ayudaremos con su caso. Adem\u00e1s, no tiene que preocuparse por los honorarios legales porque ofrecemos consultas gratuitas y tambi\u00e9n revisamos su caso de forma gratuita.<\/span><\/p>\t\t\t\t\t\t\t\t<\/div>\n\t\t\t\t\t<\/div>\n\t\t\t\t<\/div>\n\t\t\t\t<\/div>\n\t\t","protected":false},"excerpt":{"rendered":"<p>Ya sea que trabaje en una oficina o en el campo, de acuerdo con las leyes estatales, los trabajadores tienen derecho a ser compensados \u200b\u200bpor lesiones relacionadas con el trabajo. Algunas lesiones pueden ser graves y no solo afectan el desempe\u00f1o laboral, sino tambi\u00e9n su vida privada. Cuando esto sucede, los empleados deber\u00edan contar con [&hellip;]<\/p>\n","protected":false},"author":22,"featured_media":0,"parent":0,"menu_order":0,"comment_status":"closed","ping_status":"closed","template":"","meta":{"_acf_changed":false,"anchor_text":"","footnotes":""},"class_list":["post-4611","page","type-page","status-publish","hentry"],"acf":[],"_links":{"self":[{"href":"https:\/\/miamilawyers360.com\/es\/wp-json\/wp\/v2\/pages\/4611","targetHints":{"allow":["GET"]}}],"collection":[{"href":"https:\/\/miamilawyers360.com\/es\/wp-json\/wp\/v2\/pages"}],"about":[{"href":"https:\/\/miamilawyers360.com\/es\/wp-json\/wp\/v2\/types\/page"}],"author":[{"embeddable":true,"href":"https:\/\/miamilawyers360.com\/es\/wp-json\/wp\/v2\/users\/22"}],"replies":[{"embeddable":true,"href":"https:\/\/miamilawyers360.com\/es\/wp-json\/wp\/v2\/comments?post=4611"}],"version-history":[{"count":4,"href":"https:\/\/miamilawyers360.com\/es\/wp-json\/wp\/v2\/pages\/4611\/revisions"}],"predecessor-version":[{"id":5254,"href":"https:\/\/miamilawyers360.com\/es\/wp-json\/wp\/v2\/pages\/4611\/revisions\/5254"}],"wp:attachment":[{"href":"https:\/\/miamilawyers360.com\/es\/wp-json\/wp\/v2\/media?parent=4611"}],"curies":[{"name":"wp","href":"https:\/\/api.w.org\/{rel}","templated":true}]}}