{"id":4612,"date":"2021-02-24T21:10:30","date_gmt":"2021-02-25T02:10:30","guid":{"rendered":"https:\/\/miamilawyers360.com\/doral\/car-accident-lawyer\/"},"modified":"2026-03-13T15:00:39","modified_gmt":"2026-03-13T19:00:39","slug":"abogado-accidentes-automovilisticos","status":"publish","type":"page","link":"https:\/\/miamilawyers360.com\/es\/doral\/abogado-accidentes-automovilisticos\/","title":{"rendered":"Abogado de accidentes automovil\u00edsticos en Doral"},"content":{"rendered":"<p><span style=\"font-weight: 400;\">Si, desafortunadamente, se ve involucrado en un accidente, contrate a un abogado de accidentes automovil\u00edsticos en Doral de buena reputaci\u00f3n con la experiencia para identificar y determinar los factores que pueden haber contribuido al desafortunado evento. Trabajaremos para asegurarnos de que reciba una compensaci\u00f3n adecuada por cualquier lesi\u00f3n o da\u00f1o que la parte defectuosa le haya causado. Programe su consulta gratuita con nuestros <a href=\"https:\/\/miamilawyers360.com\/es\/doral\/abogado-compensacion-laboral\/\">abogados de lesiones personales<\/a> hoy, llame al <a href=\"tel:+17866862857\"><i class=\"fa fa-phone-alt\"><\/i>(786) 686-2857<\/a>.<\/span><\/p>\n<h2><strong>\u00bfCu\u00e1nto cuesta un abogado de accidentes automovil\u00edsticos?<\/strong><\/h2>\n<p><span style=\"font-weight: 400;\">La mayor\u00eda de los accidentes automovil\u00edsticos en <a href=\"https:\/\/en.wikipedia.org\/wiki\/Doral,_Florida\" target=\"_blank\" rel=\"noopener\">Doral, Florida<\/a>, no implican el pago de una tarifa fija por servicios legales. Los casos menos complejos son los que exigen acuerdos de tarifa plana. Los abogados de accidentes automovil\u00edsticos cobran una tarifa de contingencia para representar al denunciante en un caso de lesiones. Los abogados solo recibir\u00e1n la tarifa de contingencia despu\u00e9s de que el demandante recupere el dinero en su caso. El porcentaje que recibe el abogado como honorario de contingencia var\u00eda seg\u00fan el acuerdo de ambas partes.<\/span><\/p>\n<h2><strong>\u00bfQu\u00e9 debo hacer despu\u00e9s de un accidente automovil\u00edstico?<\/strong><\/h2>\n<p><span style=\"font-weight: 400;\">El primer paso que debe tomar inmediatamente despu\u00e9s de verse involucrado en un accidente automovil\u00edstico es llamar a la polic\u00eda y buscar ayuda en el lugar. Adem\u00e1s, es esencial tener en cuenta que para presentar su reclamo ante su compa\u00f1\u00eda de seguros, es posible que necesite un informe policial.<\/span><\/p>\n<p><span style=\"font-weight: 400;\">Adem\u00e1s, es esencial verificar a las otras partes involucradas para determinar si est\u00e1n heridas. Llame a una ambulancia si est\u00e1n heridos e intercambie informaci\u00f3n de contacto.<\/span><\/p>\n<p><span style=\"font-weight: 400;\">Tome fotograf\u00edas de la escena cuando llegue la polic\u00eda y proporcione la informaci\u00f3n exacta de lo que sucedi\u00f3 lo mejor que pueda. Si algunos hechos no le quedaron claros, informe a la polic\u00eda.<\/span><\/p>\n<p><span style=\"font-weight: 400;\">Busque atenci\u00f3n m\u00e9dica. Si el impacto fue severo, busque atenci\u00f3n m\u00e9dica de inmediato.<\/span><\/p>\n<p><span style=\"font-weight: 400;\">\u00a1Llame a un abogado de accidentes automovil\u00edsticos! Aseg\u00farese de obtener un abogado confiable de accidentes automovil\u00edsticos en Doral para que lo represente si es posible llamarlos desde la escena, mejor. A veces, la polic\u00eda en la escena puede proporcionarle a su compa\u00f1\u00eda de seguros informaci\u00f3n detallada que usted debido al p\u00e1nico.<\/span><\/p>\n<h2><strong>\u00bfCu\u00e1l es la liquidaci\u00f3n promedio para un accidente automovil\u00edstico?<\/strong><\/h2>\n<p><span style=\"font-weight: 400;\">La liquidaci\u00f3n de un accidente automovil\u00edstico promedia entre 1,5 y 2 veces su da\u00f1o financiero. Si sufri\u00f3 lesiones durante el accidente, espere recuperar sus p\u00e9rdidas financieras reales y una cantidad adicional por dolor y sufrimiento.<\/span><\/p>\n<p><a href=\"https:\/\/miamilawyers360.com\/wp-content\/uploads\/2021\/03\/doral-car-accident-claim-500x333-1.jpg\"><img fetchpriority=\"high\" decoding=\"async\" class=\"alignnone size-full wp-image-995\" src=\"https:\/\/miamilawyers360.com\/wp-content\/uploads\/2021\/03\/doral-car-accident-claim-500x333-1.jpg\" alt=\"Schedule a free consultation with our Doral car accident lawyers.\" width=\"500\" height=\"333\" \/><\/a><\/p>\n<h2><b>\u00bfCu\u00e1ndo debo contratar un abogado para mi accidente automovil\u00edstico?<\/b><\/h2>\n<p><span style=\"font-weight: 400;\">Los accidentes automovil\u00edsticos que involucran lesiones graves o a largo plazo necesitan un abogado confiable para obtener el mejor resultado. Incluso cuando no planea demandar a la otra persona, necesita un abogado de accidentes automovil\u00edsticos para que lo ayude con su reclamo de seguro.<\/span><\/p>\n<h2><b>\u00bfPor qu\u00e9 necesito un abogado para una reclamaci\u00f3n por accidente automovil\u00edstico?<\/b><\/h2>\n<p><span style=\"font-weight: 400;\">Contratar a un abogado de accidentes automovil\u00edsticos en Doral de buena reputaci\u00f3n es vital para su reclamo por lesiones, ya que el abogado puede ayudarlo:<\/span><\/p>\n<h3><b>Maneje el reclamo del seguro por usted<\/b><\/h3>\n<p><span style=\"font-weight: 400;\">Los ajustadores de seguros est\u00e1n altamente capacitados para negociar. Pueden hacer cualquier cosa para reducir la compensaci\u00f3n y, a veces, incluso pueden negar una reclamaci\u00f3n v\u00e1lida. Necesita un abogado que pueda representar sus mejores intereses y ayudarlo a obtener su reclamo en su totalidad.<\/span><\/p>\n<h3><b>Demuestre la responsabilidad por sus lesiones<\/b><\/h3>\n<p><span style=\"font-weight: 400;\">Demostrar que la negligencia de la otra persona caus\u00f3 sus lesiones puede ser un desaf\u00edo en una lesi\u00f3n por accidente automovil\u00edstico. Un abogado con experiencia en accidentes automovil\u00edsticos puede examinar la evidencia para saber qui\u00e9n caus\u00f3 las lesiones.<\/span><\/p>\n<h3><b>Determine el valor exacto de sus lesiones<\/b><\/h3>\n<p><span style=\"font-weight: 400;\">Las compa\u00f1\u00edas de seguros pueden convencer a las v\u00edctimas de lesiones para que acepten un acuerdo bajo y puedan pagar muy poco por su reclamo. En cambio, los abogados de accidentes automovil\u00edsticos se aseguran de que obtenga el valor de compensaci\u00f3n exacto y los da\u00f1os que ha sufrido.<\/span><\/p>\n<h3><b>Presentar una demanda por lesiones personales<\/b><\/h3>\n<p><span style=\"font-weight: 400;\">Un abogado le puede asesorar sobre todas sus opciones legales si la compa\u00f1\u00eda de seguros no est\u00e1 dispuesta a brindarle un acuerdo razonable. Un abogado confiable le ayudar\u00e1 a presentar una demanda por lesiones personales para obtener la compensaci\u00f3n que usted se merece.<\/span><\/p>\n<h2><b>\u00bfCu\u00e1nto puedo esperar recibir por mis da\u00f1os?<\/b><\/h2>\n<p><span style=\"font-weight: 400;\">El monto de su liquidaci\u00f3n depender\u00e1 de c\u00f3mo apoy\u00f3 sus solicitudes a trav\u00e9s de pruebas y en qu\u00e9 medida lo encontraron culpable. Adem\u00e1s, la cobertura de seguro del conductor culpable puede determinar su salario. Por ejemplo, si su p\u00f3liza alcanza un m\u00e1ximo de $50,000 usd el m\u00e1ximo que puede recibir es $50,000\u00a0 usd.<\/span><\/p>\n<h2><b>\u00bfQu\u00e9 tipo de da\u00f1os puedo recuperar?<\/b><\/h2>\n<p><span style=\"font-weight: 400;\">Da\u00f1os econ\u00f3micos: Generalmente, los da\u00f1os econ\u00f3micos cubren salarios perdidos, propiedad da\u00f1ada y facturas de hospital. Todos tienen un precio \u00fanico que la otra parte debe reembolsar.<\/span><\/p>\n<p><span style=\"font-weight: 400;\">Da\u00f1os no econ\u00f3micos: estos da\u00f1os no tienen precio. Incluyen el dolor por el que pas\u00f3 su familia en el accidente automovil\u00edstico.<\/span><\/p>\n<p><span style=\"font-weight: 400;\">Da\u00f1os punitivos: s\u00f3lo se aplican si se puede probar que la otra persona caus\u00f3 el accidente automovil\u00edstico debido a negligencia o intenci\u00f3n maliciosa. Castigan a la otra parte.<\/span><\/p>\n<h2><b>\u00bfC\u00f3mo se determina la culpa en un accidente automovil\u00edstico en Florida?<\/b><\/h2>\n<p><span style=\"font-weight: 400;\">Determinar qui\u00e9n tiene la culpa en un accidente automovil\u00edstico en Doral es una cuesti\u00f3n de identificar a la parte negligente o descuidada. Los expertos determinan f\u00e1cilmente qui\u00e9n tiene la culpa en la mayor\u00eda de los accidentes automovil\u00edsticos y, por lo tanto, es responsable de cualquier lesi\u00f3n o da\u00f1o a la propiedad.<\/span><\/p>\n<p><span style=\"font-weight: 400;\">Los ajustadores de seguros llevan a cabo una investigaci\u00f3n exhaustiva sobre el accidente, examinan los informes m\u00e9dicos, hablan con testigos y examinan los da\u00f1os del veh\u00edculo.<\/span><\/p>\n<h2><b>\u00bfCu\u00e1nto tiempo tengo para presentar una reclamaci\u00f3n?<\/b><\/h2>\n<p><span style=\"font-weight: 400;\">Al igual que en otros estados, uno tiene un tiempo limitado para presentar un caso de accidente automovil\u00edstico. El estatuto de limitaciones de Florida solo ofrece cuatro a\u00f1os para presentar un reclamo debido a una conducci\u00f3n descuidada desde la fecha en que ocurri\u00f3 el desafortunado incidente.<\/span><\/p>\n<h2><b>\u00bfC\u00f3mo puede un abogado ayudarme a presentar mi reclamo de seguro?<\/b><\/h2>\n<p><span style=\"font-weight: 400;\">Un abogado de buena reputaci\u00f3n en accidentes automovil\u00edsticos en Doral puede ayudarlo a presentar su reclamo de seguro desde el principio hasta el final, comenzando con:<\/span><\/p>\n<ul>\n<li style=\"font-weight: 400;\" aria-level=\"1\"><span style=\"font-weight: 400;\">Comunicarse con el seguro de la otra parte<\/span><\/li>\n<li style=\"font-weight: 400;\" aria-level=\"1\"><span style=\"font-weight: 400;\">Recopilaci\u00f3n de pruebas con respecto a la responsabilidad<\/span><\/li>\n<li style=\"font-weight: 400;\" aria-level=\"1\"><span style=\"font-weight: 400;\">Recopilaci\u00f3n de sus registros m\u00e9dicos y facturas<\/span><\/li>\n<li style=\"font-weight: 400;\" aria-level=\"1\"><span style=\"font-weight: 400;\">Obtenga los registros faltantes de su proveedor de atenci\u00f3n m\u00e9dica<\/span><\/li>\n<li style=\"font-weight: 400;\" aria-level=\"1\"><span style=\"font-weight: 400;\">Trabajar en estrecha colaboraci\u00f3n con sus m\u00e9dicos para garantizar que ofrezcan informaci\u00f3n m\u00e9dica detallada para probar los da\u00f1os.<\/span><\/li>\n<li style=\"font-weight: 400;\" aria-level=\"1\"><span style=\"font-weight: 400;\">Organizar y presentar pruebas que demuestren responsabilidad.<\/span><\/li>\n<li style=\"font-weight: 400;\" aria-level=\"1\"><span style=\"font-weight: 400;\">Negociar con el titular del gravamen de reclamaciones para reducir el monto de los grav\u00e1menes, y<\/span><\/li>\n<li style=\"font-weight: 400;\" aria-level=\"1\"><span style=\"font-weight: 400;\">Llegar a un acuerdo satisfactorio con el abogado defensor.<\/span><\/li>\n<\/ul>\n<h2><b>\u00bfQu\u00e9 puedo hacer si el seguro deneg\u00f3 mi reclamo por accidente automovil\u00edstico?<\/b><\/h2>\n<p><span style=\"font-weight: 400;\">Consulte a un abogado de accidentes automovil\u00edsticos de Doral de buena reputaci\u00f3n. El abogado puede ayudarle a negociar con su proveedor de seguros y determinar la causa ra\u00edz del reclamo denegado.<\/span><\/p>\n<h2><b>\u00bfTengo un caso?<\/b><\/h2>\n<p><span style=\"font-weight: 400;\">Un abogado de accidentes automovil\u00edsticos confiable puede ayudarlo a investigar y reunir pruebas para probar sus da\u00f1os. Si su abogado y la compa\u00f1\u00eda de seguros del otro conductor llegan a un acuerdo justo, no es necesario un juicio.<\/span><\/p>\n<p><a href=\"https:\/\/miamilawyers360.com\/wp-content\/uploads\/2021\/03\/doral-car-accident-500x333-1.jpg\"><img decoding=\"async\" class=\"alignnone size-full wp-image-994\" src=\"https:\/\/miamilawyers360.com\/wp-content\/uploads\/2021\/03\/doral-car-accident-500x333-1.jpg\" alt=\"A man with an injured neck after a rear-end car accident.\" width=\"500\" height=\"333\" \/><\/a><\/p>\n<h2><b>\u00bfQu\u00e9 pasa si el otro conductor no tiene seguro?<\/b><\/h2>\n<p><span style=\"font-weight: 400;\">Presente un reclamo con su compa\u00f1\u00eda de seguros, y se ocupar\u00e1 de todas sus facturas m\u00e9dicas y da\u00f1os siempre que est\u00e9 cubierto contra conductores sin seguro.<\/span><\/p>\n<h1><b>\u00bfC\u00f3mo puedo obtener un informe de accidente?<\/b><\/h1>\n<p><span style=\"font-weight: 400;\">Puede obtener una copia de un informe de accidente automovil\u00edstico en la ciudad de Doral solicit\u00e1ndolo en la divisi\u00f3n de registros de la agencia de aplicaci\u00f3n de la ley que lo present\u00f3. Diferentes agencias tienen diferentes procesos para obtener este informe.<\/span><\/p>\n<ul>\n<li style=\"font-weight: 400;\" aria-level=\"1\"><span style=\"font-weight: 400;\">Lesiones comunes por accidentes automovil\u00edsticos<\/span><\/li>\n<li style=\"font-weight: 400;\" aria-level=\"1\"><span style=\"font-weight: 400;\">Las lesiones causadas con frecuencia por accidentes automovil\u00edsticos incluyen:<\/span><\/li>\n<li style=\"font-weight: 400;\" aria-level=\"1\"><span style=\"font-weight: 400;\">Heridas en la cabeza<\/span><\/li>\n<li style=\"font-weight: 400;\" aria-level=\"1\"><span style=\"font-weight: 400;\">Lesiones Cerebrales<\/span><\/li>\n<li style=\"font-weight: 400;\" aria-level=\"1\"><span style=\"font-weight: 400;\">Lesiones de cuello<\/span><\/li>\n<li style=\"font-weight: 400;\" aria-level=\"1\"><span style=\"font-weight: 400;\">Lesiones de espalda<\/span><\/li>\n<li style=\"font-weight: 400;\" aria-level=\"1\"><span style=\"font-weight: 400;\">Heridas internas<\/span><\/li>\n<li style=\"font-weight: 400;\" aria-level=\"1\"><span style=\"font-weight: 400;\">Desfiguraci\u00f3n facial<\/span><\/li>\n<li style=\"font-weight: 400;\" aria-level=\"1\"><span style=\"font-weight: 400;\">Lesiones de rodilla y pierna<\/span><\/li>\n<li style=\"font-weight: 400;\" aria-level=\"1\"><span style=\"font-weight: 400;\">Lesiones de la m\u00e9dula espinal<\/span><\/li>\n<li style=\"font-weight: 400;\" aria-level=\"1\"><span style=\"font-weight: 400;\">Muerte<\/span><\/li>\n<\/ul>\n<h2><b>Tipos de accidentes automovil\u00edsticos que manejamos<\/b><\/h2>\n<p><span style=\"font-weight: 400;\">Nuestros abogados manejan accidentes automovil\u00edsticos de todo tipo, que incluyen:<\/span><\/p>\n<ul>\n<li style=\"font-weight: 400;\" aria-level=\"1\"><span style=\"font-weight: 400;\">Conducci\u00f3n distra\u00edda<\/span><\/li>\n<li style=\"font-weight: 400;\" aria-level=\"1\"><span style=\"font-weight: 400;\">Colisiones frontales<\/span><\/li>\n<li style=\"font-weight: 400;\" aria-level=\"1\"><span style=\"font-weight: 400;\">Accidentes de Hit &amp; Run<\/span><\/li>\n<li style=\"font-weight: 400;\" aria-level=\"1\"><span style=\"font-weight: 400;\">Accidentes traseros<\/span><\/li>\n<li style=\"font-weight: 400;\" aria-level=\"1\"><span style=\"font-weight: 400;\">Conducci\u00f3n temeraria<\/span><\/li>\n<li style=\"font-weight: 400;\" aria-level=\"1\"><span style=\"font-weight: 400;\">Accidentes de viajes compartidos<\/span><\/li>\n<li style=\"font-weight: 400;\" aria-level=\"1\"><span style=\"font-weight: 400;\">Accidentes de vuelco<\/span><\/li>\n<li style=\"font-weight: 400;\" aria-level=\"1\"><span style=\"font-weight: 400;\">Accidentes por exceso de velocidad<\/span><\/li>\n<li style=\"font-weight: 400;\" aria-level=\"1\"><span style=\"font-weight: 400;\">Conductor sin seguro<\/span><\/li>\n<\/ul>\n<h2><b>Revise su reclamo con nuestros abogados de accidentes automovil\u00edsticos en Doral<\/b><\/h2>\n<p><span style=\"font-weight: 400;\">Independientemente de las circunstancias de su reclamo por accidente automovil\u00edstico, un abogado de accidentes automovil\u00edsticos de confianza en Doral tiene la soluci\u00f3n. Con el abogado, obtiene asesoramiento y representaci\u00f3n profesional para un resultado exitoso de su reclamo. Comun\u00edquese con nuestra<a href=\"https:\/\/miamilawyers360.com\/es\/doral\/\"> firma de lesiones personales<\/a> en el menor tiempo posible al <a href=\"tel:+17866862857\"><i class=\"fa fa-phone-alt\"><\/i>(786) 686-2857<\/a>.<\/span><\/p>\n","protected":false},"excerpt":{"rendered":"<p>Si, desafortunadamente, se ve involucrado en un accidente, contrate a un abogado de accidentes automovil\u00edsticos en Doral de buena reputaci\u00f3n con la experiencia para identificar y determinar los factores que pueden haber contribuido al desafortunado evento. Trabajaremos para asegurarnos de que reciba una compensaci\u00f3n adecuada por cualquier lesi\u00f3n o da\u00f1o que la parte defectuosa le [&hellip;]<\/p>\n","protected":false},"author":22,"featured_media":0,"parent":4654,"menu_order":0,"comment_status":"closed","ping_status":"closed","template":"","meta":{"_acf_changed":false,"anchor_text":"","footnotes":""},"class_list":["post-4612","page","type-page","status-publish","hentry"],"acf":[],"_links":{"self":[{"href":"https:\/\/miamilawyers360.com\/es\/wp-json\/wp\/v2\/pages\/4612","targetHints":{"allow":["GET"]}}],"collection":[{"href":"https:\/\/miamilawyers360.com\/es\/wp-json\/wp\/v2\/pages"}],"about":[{"href":"https:\/\/miamilawyers360.com\/es\/wp-json\/wp\/v2\/types\/page"}],"author":[{"embeddable":true,"href":"https:\/\/miamilawyers360.com\/es\/wp-json\/wp\/v2\/users\/22"}],"replies":[{"embeddable":true,"href":"https:\/\/miamilawyers360.com\/es\/wp-json\/wp\/v2\/comments?post=4612"}],"version-history":[{"count":2,"href":"https:\/\/miamilawyers360.com\/es\/wp-json\/wp\/v2\/pages\/4612\/revisions"}],"predecessor-version":[{"id":5259,"href":"https:\/\/miamilawyers360.com\/es\/wp-json\/wp\/v2\/pages\/4612\/revisions\/5259"}],"up":[{"embeddable":true,"href":"https:\/\/miamilawyers360.com\/es\/wp-json\/wp\/v2\/pages\/4654"}],"wp:attachment":[{"href":"https:\/\/miamilawyers360.com\/es\/wp-json\/wp\/v2\/media?parent=4612"}],"curies":[{"name":"wp","href":"https:\/\/api.w.org\/{rel}","templated":true}]}}