{"id":4613,"date":"2021-02-24T21:11:34","date_gmt":"2021-02-25T02:11:34","guid":{"rendered":"https:\/\/miamilawyers360.com\/doral\/personal-injury-lawyer\/"},"modified":"2026-03-13T15:01:17","modified_gmt":"2026-03-13T19:01:17","slug":"abogado-lesiones-personales","status":"publish","type":"page","link":"https:\/\/miamilawyers360.com\/es\/doral\/abogado-lesiones-personales\/","title":{"rendered":"Abogado de lesiones personales en Doral"},"content":{"rendered":"<p><span style=\"font-weight: 400;\">Es probable que ocurran accidentes. Nadie quiere que ocurran. Dicho esto, desde mi experiencia, siempre es mejor trabajar con un abogado de lesiones personales para lidiar con las implicaciones de los accidentes, con sus intenciones m\u00e1s puras en el fondo.<\/span><\/p>\n<p><span style=\"font-weight: 400;\">Como abogados de lesiones personales en Doral, nuestro principal objetivo es asegurarnos de que obtenga una compensaci\u00f3n r\u00e1pida y suficiente, monetaria o de otro tipo. Eso es un gran beneficio para ti. Durante y despu\u00e9s de su recuperaci\u00f3n, puede estar seguro de que haremos todo lo que est\u00e9 a mi alcance para obtener la compensaci\u00f3n que se merece.<\/span><\/p>\n<p><span style=\"font-weight: 400;\">Tambi\u00e9n es esencial asegurarse de tener la informaci\u00f3n correcta, lo que facilitar\u00e1 la toma de decisiones mejores y m\u00e1s informadas. Estar\u00e9 all\u00ed para guiarlo a trav\u00e9s de la negociaci\u00f3n y, si llega el momento, a trav\u00e9s del proceso judicial.<\/span><\/p>\n<p><span style=\"font-weight: 400;\">Otro beneficio que disfrutar\u00e1 de tener un abogado de lesiones es que puede estar seguro de que recibir\u00e1 la atenci\u00f3n m\u00e9dica adecuada. El tratamiento y la recuperaci\u00f3n juegan un papel esencial en el proceso de obtener la compensaci\u00f3n adecuada. Por lo tanto, por su bien, me asegurar\u00e9 de que pueda obtener todo lo que necesita, m\u00e9dicamente hablando.<\/span><\/p>\n<p><span style=\"font-weight: 400;\">Est\u00e1 tan claro como el d\u00eda que tener un abogado de lesiones personales competente es exactamente lo que necesita. Si vive en <a href=\"https:\/\/miamilawyers360.com\/es\/doral\/\">Doral, Florida<\/a>, no lo dude. Llame a nuestra firma de lesiones personales y estaremos all\u00ed para asegurarnos de que se satisfagan todas sus necesidades.<\/span><\/p>\n<h2><b>\u00bfQu\u00e9 debo hacer despu\u00e9s de una lesi\u00f3n?<\/b><\/h2>\n<p><span style=\"font-weight: 400;\">Debe comprender exactamente qu\u00e9 hacer si se ve involucrado o lesionado en un accidente. Estas son algunas de las cosas a las que debe prestar atenci\u00f3n.<\/span><\/p>\n<h3><b>Obtenga tratamiento m\u00e9dico si es necesario y mantenga registros del mismo<\/b><\/h3>\n<p><span style=\"font-weight: 400;\">En primer lugar, debe asegurarse de obtener la mejor atenci\u00f3n m\u00e9dica. Tambi\u00e9n es fundamental que lleve un registro de todos los tratamientos que le hayan dado. Esto es vital, ya que la cantidad de dinero que gasta en el tratamiento debe reembolsarse una vez que reciba la compensaci\u00f3n.<\/span><\/p>\n<h3><b>Tome fotos y videos si puede<\/b><\/h3>\n<p><span style=\"font-weight: 400;\">Si puede, debe tener evidencia f\u00edsica del accidente. Esto facilitar\u00e1 la construcci\u00f3n de su caso durante el proceso de negociaci\u00f3n o litigio. Cuanta m\u00e1s evidencia concreta tenga, m\u00e1s r\u00e1pido ser\u00e1 el proceso de compensaci\u00f3n y es m\u00e1s probable que el paquete de compensaci\u00f3n en s\u00ed sea significativo.<\/span><\/p>\n<h3><b>Obtenga los nombres y n\u00fameros de los testigos<\/b><\/h3>\n<p><span style=\"font-weight: 400;\">Los testigos presenciales son una parte intrincada tanto del proceso de negociaci\u00f3n como del litigio. Por lo tanto, si puede obtener los nombres y n\u00fameros de quienes presenciaron el accidente de primera mano, tendr\u00e1 un proceso de compensaci\u00f3n m\u00e1s fluido.<\/span><\/p>\n<h3><b>Informar el incidente<\/b><\/h3>\n<p><span style=\"font-weight: 400;\">Debe asegurarse de informar el incidente inmediatamente despu\u00e9s de que suceda a las autoridades pertinentes. Si el accidente ocurre en p\u00fablico, debe llamar a la polic\u00eda. Si sucedi\u00f3 en el lugar de trabajo, debe informar a los supervisores pertinentes al respecto.<\/span><\/p>\n<h3><b>Nunca admitas la culpa<\/b><\/h3>\n<p><span style=\"font-weight: 400;\">Aunque pueda parecer cort\u00e9s, nunca debe admitir la culpa de un accidente. Admitir la culpa puede ser tan simple como disculparse.<\/span><\/p>\n<h3><b>Llame a un abogado de lesiones personales<\/b><\/h3>\n<p><span style=\"font-weight: 400;\">Una vez que haya recibido el tratamiento necesario, debe llamar a su abogado de inmediato. Cuanto antes se les notifique, m\u00e1s r\u00e1pido comenzar\u00e1n a preparar un caso para usted.<\/span><\/p>\n<h2><b>\u00bfQu\u00e9 tipos de da\u00f1os puedo recuperar?<\/b><\/h2>\n<p><span style=\"font-weight: 400;\">Seg\u00fan el estado en el que ocurri\u00f3 el accidente, puede recuperar da\u00f1os econ\u00f3micos, no econ\u00f3micos o punitivos. Los da\u00f1os que puede recuperar tambi\u00e9n dependen del tipo de lesiones y del accidente en s\u00ed.<\/span><\/p>\n<h2><b>\u00bfC\u00f3mo se determina la responsabilidad?<\/b><\/h2>\n<p><span style=\"font-weight: 400;\">La negligencia es una de las principales razones por las que alguien ser\u00eda responsable de una lesi\u00f3n. Legalmente, la <a href=\"https:\/\/lawshelf.com\/coursewarecontentview\/introduction-to-negligence\/\" target=\"_blank\" rel=\"noopener\">negligencia incluye cuatro elementos principales<\/a>:<\/span><\/p>\n<p><a href=\"https:\/\/miamilawyers360.com\/wp-content\/uploads\/2021\/02\/doral-personal-injury-attorney-500x281-1.jpg\"><img fetchpriority=\"high\" decoding=\"async\" class=\"alignnone size-full wp-image-882\" src=\"https:\/\/miamilawyers360.com\/wp-content\/uploads\/2021\/02\/doral-personal-injury-attorney-500x281-1.jpg\" alt=\"A Doral personal injury lawyer filing a compensation claim for a client.\" width=\"500\" height=\"281\" \/><\/a><\/p>\n<h3><b>Obligaci\u00f3n de cuidar<\/b><\/h3>\n<p><span style=\"font-weight: 400;\">Al realizar ciertos actos, debe haber un est\u00e1ndar de cuidado por parte de todas las partes involucradas. Si se descubre que una de las personas o partes involucradas no lo hizo, la responsabilidad recaer\u00e1 sobre ellos.<\/span><\/p>\n<h3><b>Incumplimiento del deber de diligencia<\/b><\/h3>\n<p><span style=\"font-weight: 400;\">Si se descubre que una persona estuvo involucrada en una actividad que claramente mostraba una alta probabilidad de accidente, entonces se considera que la persona ha incumplido el deber de cuidado y, por lo tanto, es responsable del accidente.<\/span><\/p>\n<h3><b>Causalidad<\/b><\/h3>\n<p><span style=\"font-weight: 400;\">Legalmente hablando, la causalidad tiene como objetivo conectar un acto con un resultado. Si se ve que alguien instig\u00f3 algo que condujo directamente al accidente, entonces \u00e9l o ella es responsable del accidente.<\/span><\/p>\n<h3><b>Da\u00f1os y perjuicios<\/b><\/h3>\n<p><span style=\"font-weight: 400;\">Los da\u00f1os se refieren a la compensaci\u00f3n monetaria emitida a la persona que result\u00f3 lesionada.<\/span><\/p>\n<p><span style=\"font-weight: 400;\">Las reglas de responsabilidad cambian de un estado a otro. Esto significa que debe encontrar un abogado que est\u00e9 en sinton\u00eda con las leyes de su estado donde reside o donde ocurri\u00f3 el accidente si no son el mismo lugar.<\/span><\/p>\n<h2><b>\u00bfCu\u00e1nto tiempo tengo para presentar un reclamo por lesiones personales en Florida?<\/b><\/h2>\n<p><span style=\"font-weight: 400;\">Tiene hasta cuatro a\u00f1os en Florida para presentar una demanda en los tribunales civiles por un caso de lesiones personales. Este per\u00edodo var\u00eda de un estado a otro, debe tener en cuenta.<\/span><\/p>\n<h2><b>\u00bfCu\u00e1nto costar\u00e1 un abogado de lesiones personales en Florida?<\/b><\/h2>\n<p><span style=\"font-weight: 400;\">Una tarifa de contingencia, que normalmente es un tercio del acuerdo final o los da\u00f1os otorgados, es t\u00edpicamente lo que le costar\u00eda conseguir un abogado de lesiones personales.<\/span><\/p>\n<h2><b>Tipos de casos de lesiones personales que manejamos<\/b><\/h2>\n<p><span style=\"font-weight: 400;\">Manejamos todo tipo de casos de lesiones personales en <a href=\"https:\/\/en.wikipedia.org\/wiki\/Doral,_Florida\" target=\"_blank\" rel=\"noopener\">Doral, Florida<\/a>. Incluyen<\/span><\/p>\n<h3><b>Accidentes automovil\u00edsticos<\/b><\/h3>\n<p><span style=\"font-weight: 400;\">Los <a href=\"https:\/\/miamilawyers360.com\/es\/doral\/abogado-accidentes-automovilisticos\/\">accidentes de vehiculares<\/a> son el tipo m\u00e1s com\u00fan de casos de lesiones personales y nosotros los manejamos.<\/span><\/p>\n<h3><b>Accidentes en el lugar de trabajo<\/b><\/h3>\n<p><span style=\"font-weight: 400;\">Mientras trabaja, puede tener un accidente y necesita un abogado para representar su reclamo de <a href=\"https:\/\/miamilawyers360.com\/es\/doral\/abogado-compensacion-laboral\/\">compensaci\u00f3n para trabajadores<\/a> mientras solicita el reembolso y los da\u00f1os.<\/span><\/p>\n<h3><b>Negligencia m\u00e9dica<\/b><\/h3>\n<p><span style=\"font-weight: 400;\">Otro tipo com\u00fan de lesi\u00f3n personal es la negligencia m\u00e9dica. Si sospecha que no recibi\u00f3 el tratamiento m\u00e9dico adecuado, ll\u00e1menos.<\/span><\/p>\n<h2><b>Programe una consulta gratuita con un abogado de lesiones personales en Doral<\/b><\/h2>\n<p><span style=\"font-weight: 400;\">Como ha visto, es esencial tener una mente legal capacitada para guiarlo a trav\u00e9s de las complejidades de los casos de lesiones personales. Esto no solo le dar\u00e1 tranquilidad, sino que tambi\u00e9n tendr\u00e1 la seguridad de que su compensaci\u00f3n ser\u00e1 r\u00e1pida y eficiente.<\/span><\/p>\n<p><span style=\"font-weight: 400;\">Por lo tanto, <a href=\"https:\/\/miamilawyers360.com\/es\/\">ll\u00e1menos hoy<\/a> y solucionaremos todas sus necesidades.<\/span><\/p>\n","protected":false},"excerpt":{"rendered":"<p>Es probable que ocurran accidentes. Nadie quiere que ocurran. Dicho esto, desde mi experiencia, siempre es mejor trabajar con un abogado de lesiones personales para lidiar con las implicaciones de los accidentes, con sus intenciones m\u00e1s puras en el fondo. Como abogados de lesiones personales en Doral, nuestro principal objetivo es asegurarnos de que obtenga [&hellip;]<\/p>\n","protected":false},"author":22,"featured_media":0,"parent":4654,"menu_order":0,"comment_status":"closed","ping_status":"closed","template":"","meta":{"_acf_changed":false,"anchor_text":"","footnotes":""},"class_list":["post-4613","page","type-page","status-publish","hentry"],"acf":[],"_links":{"self":[{"href":"https:\/\/miamilawyers360.com\/es\/wp-json\/wp\/v2\/pages\/4613","targetHints":{"allow":["GET"]}}],"collection":[{"href":"https:\/\/miamilawyers360.com\/es\/wp-json\/wp\/v2\/pages"}],"about":[{"href":"https:\/\/miamilawyers360.com\/es\/wp-json\/wp\/v2\/types\/page"}],"author":[{"embeddable":true,"href":"https:\/\/miamilawyers360.com\/es\/wp-json\/wp\/v2\/users\/22"}],"replies":[{"embeddable":true,"href":"https:\/\/miamilawyers360.com\/es\/wp-json\/wp\/v2\/comments?post=4613"}],"version-history":[{"count":2,"href":"https:\/\/miamilawyers360.com\/es\/wp-json\/wp\/v2\/pages\/4613\/revisions"}],"predecessor-version":[{"id":5261,"href":"https:\/\/miamilawyers360.com\/es\/wp-json\/wp\/v2\/pages\/4613\/revisions\/5261"}],"up":[{"embeddable":true,"href":"https:\/\/miamilawyers360.com\/es\/wp-json\/wp\/v2\/pages\/4654"}],"wp:attachment":[{"href":"https:\/\/miamilawyers360.com\/es\/wp-json\/wp\/v2\/media?parent=4613"}],"curies":[{"name":"wp","href":"https:\/\/api.w.org\/{rel}","templated":true}]}}