{"id":4614,"date":"2021-02-24T21:12:02","date_gmt":"2021-02-25T02:12:02","guid":{"rendered":"https:\/\/miamilawyers360.com\/doral\/workers-compensation-lawyer\/"},"modified":"2026-03-13T15:00:56","modified_gmt":"2026-03-13T19:00:56","slug":"abogado-compensacion-laboral","status":"publish","type":"page","link":"https:\/\/miamilawyers360.com\/es\/doral\/abogado-compensacion-laboral\/","title":{"rendered":"Abogado de Compensaci\u00f3n Laboral en Doral"},"content":{"rendered":"<p><span style=\"font-weight: 400;\">Si se lesion\u00f3 en el trabajo, o si alguien a quien ama se lesion\u00f3 en el trabajo, es posible que pueda calificar para la compensaci\u00f3n de trabajadores. Esto lo ayudar\u00e1 a recuperar su salario perdido, sus facturas m\u00e9dicas incurridas debido a su lesi\u00f3n y cualquier rehabilitaci\u00f3n que pueda ser necesaria. En algunos casos, tambi\u00e9n puede ser \u00fatil impartir formaci\u00f3n profesional al trabajador para que pueda cambiar su vocaci\u00f3n. Los diferentes estados tienen diferentes requisitos, por lo que siempre es importante llamar a un abogado de compensaci\u00f3n para trabajadores de Doral.<\/span><\/p>\n<p><span style=\"font-weight: 400;\">Es responsabilidad de cada propietario de negocio asegurarse de haber comprado el seguro de compensaci\u00f3n laboral requerido para su empresa. Si ha resultado lesionado debido a algo que sucedi\u00f3 en el trabajo, el empleador tendr\u00e1 que pagarle alg\u00fan tipo de compensaci\u00f3n a trav\u00e9s de este seguro. Nunca firme ning\u00fan documento que la compa\u00f1\u00eda o su agencia de seguros le brinden sin antes consultar con un abogado de <a href=\"https:\/\/miamilawyers360.com\/es\/doral\/abogado-lesiones-personales\/\">lesiones personales<\/a>. Si firma algo, es posible que est\u00e9 renunciando a sus derechos a un acuerdo.<\/span><\/p>\n<div class=\"embed-container\"><iframe src=\"https:\/\/www.youtube.com\/embed\/IQ4ykmObEbQ\" frameborder=\"0\" allowfullscreen=\"allowfullscreen\"><\/iframe><\/div>\n<h2><b>\u00bfQu\u00e9 es la compensaci\u00f3n laboral?<\/b><\/h2>\n<p><span style=\"font-weight: 400;\">Si nunca ha o\u00eddo hablar de la Compensaci\u00f3n para trabajadores, es el tipo de seguro que ofrece a los empleados un reemplazo por sus salarios que pueden haberse perdido debido a una lesi\u00f3n en el trabajo. Si se lesion\u00f3 en el trabajo, tiene derecho a un alivio espec\u00edfico por su lesi\u00f3n, salarios perdidos y, a veces, m\u00e1s. Estas son algunas de las cosas a las que podr\u00eda tener derecho:<\/span><\/p>\n<ul>\n<li style=\"font-weight: 400;\" aria-level=\"1\"><span style=\"font-weight: 400;\">Facturas m\u00e9dicas (incluida la pernoctaci\u00f3n en el hospital).<\/span><\/li>\n<li style=\"font-weight: 400;\" aria-level=\"1\"><span style=\"font-weight: 400;\">Pagos por incapacidad (ya sea permanente, parcial o temporal).<\/span><\/li>\n<li style=\"font-weight: 400;\" aria-level=\"1\"><span style=\"font-weight: 400;\">Medicamentos relacionados con su lesi\u00f3n.<\/span><\/li>\n<li style=\"font-weight: 400;\" aria-level=\"1\"><span style=\"font-weight: 400;\">Terapia f\u00edsica.<\/span><\/li>\n<li style=\"font-weight: 400;\" aria-level=\"1\"><span style=\"font-weight: 400;\">Gastos de viaje para cualquier terapia o tratamiento junto con su lesi\u00f3n.<\/span><\/li>\n<li style=\"font-weight: 400;\" aria-level=\"1\"><span style=\"font-weight: 400;\">Rehabilitaci\u00f3n vocacional si tienes que aprender un nuevo oficio.<\/span><\/li>\n<\/ul>\n<p><span style=\"font-weight: 400;\">En caso de fallecimiento, la familia puede tener derecho a los gastos del funeral.<\/span><\/p>\n<p><a href=\"https:\/\/miamilawyers360.com\/wp-content\/uploads\/2021\/02\/doral-work-injury-500x333-1.jpg\"><img fetchpriority=\"high\" decoding=\"async\" class=\"alignnone wp-image-856 size-full\" src=\"https:\/\/miamilawyers360.com\/wp-content\/uploads\/2021\/02\/doral-work-injury-500x333-1.jpg\" alt=\"A construction worker with a knee injury.\" width=\"500\" height=\"333\" \/><\/a><\/p>\n<p><span style=\"font-weight: 400;\">Es vital saber que cada caso es \u00fanico en s\u00ed mismo. Por eso es tan importante que nos llame al <a href=\"tel:+17866862857\"><i class=\"fa fa-phone-alt\"><\/i>(786) 686-2857<\/a> y permita que lo ayudemos en este momento dif\u00edcil. No querr\u00e1 perderse ning\u00fan tipo de compensaci\u00f3n a la que tenga derecho.<\/span><\/p>\n<h1><b>\u00bfQu\u00e9 debo hacer si me lesiono en el trabajo?<\/b><\/h1>\n<p><span style=\"font-weight: 400;\">Si sufre una lesi\u00f3n en el trabajo, siga estos pasos para proteger su reclamo:<\/span><\/p>\n<ul>\n<li style=\"font-weight: 400;\" aria-level=\"1\"><span style=\"font-weight: 400;\">Si se lesiona en el trabajo, notifique a su empleador lo antes posible. Preferiblemente antes de salir del lugar de trabajo por el d\u00eda.<\/span><\/li>\n<li style=\"font-weight: 400;\" aria-level=\"1\"><span style=\"font-weight: 400;\">Consulte a un m\u00e9dico lo antes posible y siga todas sus instrucciones.<\/span><\/li>\n<li style=\"font-weight: 400;\" aria-level=\"1\"><span style=\"font-weight: 400;\">Mantenga un registro escrito de la fecha de su lesi\u00f3n, c\u00f3mo sucedi\u00f3, los resultados y cualquiera de las \u00f3rdenes del m\u00e9dico.<\/span><\/li>\n<li style=\"font-weight: 400;\" aria-level=\"1\"><span style=\"font-weight: 400;\">Tome fotograf\u00edas de sus lesiones si es posible. Tambi\u00e9n puede ser \u00fatil tomar fotograf\u00edas del lugar donde ocurri\u00f3 la lesi\u00f3n.<\/span><\/li>\n<li style=\"font-weight: 400;\" aria-level=\"1\"><span style=\"font-weight: 400;\">Presente un reclamo de compensaci\u00f3n para trabajadores con la ayuda de un abogado de compensaci\u00f3n para trabajadores de Doral.<\/span><\/li>\n<li style=\"font-weight: 400;\" aria-level=\"1\"><span style=\"font-weight: 400;\">Descanse y recup\u00e9rese de su lesi\u00f3n y obedezca las \u00f3rdenes de su m\u00e9dico.<\/span><\/li>\n<\/ul>\n<h2><b>\u00bfCu\u00e1les son las lesiones por accidentes laborales m\u00e1s comunes?<\/b><\/h2>\n<p><span style=\"font-weight: 400;\">Hay muchas lesiones potenciales que pueden ocurrir en el trabajo. Estas son las lesiones laborales m\u00e1s comunes:<\/span><\/p>\n<ul>\n<li style=\"font-weight: 400;\" aria-level=\"1\"><span style=\"font-weight: 400;\">Accidentes en viajes de negocios<\/span><\/li>\n<li style=\"font-weight: 400;\" aria-level=\"1\"><span style=\"font-weight: 400;\">Accidentes con herramientas o maquinaria<\/span><\/li>\n<li style=\"font-weight: 400;\" aria-level=\"1\"><span style=\"font-weight: 400;\">Amputaciones<\/span><\/li>\n<li style=\"font-weight: 400;\" aria-level=\"1\"><span style=\"font-weight: 400;\">Lesiones de espalda<\/span><\/li>\n<li style=\"font-weight: 400;\" aria-level=\"1\"><span style=\"font-weight: 400;\">Quemaduras<\/span><\/li>\n<li style=\"font-weight: 400;\" aria-level=\"1\"><span style=\"font-weight: 400;\">Accidentes de construcci\u00f3n<\/span><\/li>\n<li style=\"font-weight: 400;\" aria-level=\"1\"><span style=\"font-weight: 400;\">Ca\u00eddas<\/span><\/li>\n<li style=\"font-weight: 400;\" aria-level=\"1\"><span style=\"font-weight: 400;\">Fracturas<\/span><\/li>\n<li style=\"font-weight: 400;\" aria-level=\"1\"><span style=\"font-weight: 400;\">P\u00e9rdida de la audici\u00f3n<\/span><\/li>\n<li style=\"font-weight: 400;\" aria-level=\"1\"><span style=\"font-weight: 400;\">Dolor en las articulaciones<\/span><\/li>\n<\/ul>\n<h2><b>\u00bfPor qu\u00e9 deber\u00eda contratar a un abogado de indemnizaci\u00f3n laboral en Doral?<\/b><\/h2>\n<p><span style=\"font-weight: 400;\">Un abogado de indemnizaci\u00f3n laboral de Doral est\u00e1 familiarizado con las leyes de Florida. Desea contratar a alguien que conozca todas las leyes para esta \u00e1rea y la mejor manera de presentar su caso ante un tribunal de justicia en el \u00e1rea de Doral. Los Abogados de Compensaci\u00f3n Laboral de Doral son la soluci\u00f3n ideal para esto. Ll\u00e1melos al [tel\u00e9fono] y d\u00e9jeles que le digan c\u00f3mo pueden ayudarlo hoy.<\/span><\/p>\n<h2><b>\u00bfCu\u00e1nto cuesta contratar a un abogado para una reclamaci\u00f3n de indemnizaci\u00f3n laboral?<\/b><\/h2>\n<p><span style=\"font-weight: 400;\">Nuestros abogados de compensaci\u00f3n para trabajadores trabajan con honorarios de contingencia. Si no gana su caso, no se les paga. Una tarifa de contingencia funciona sobre una base porcentual. Los abogados presentar\u00e1n su caso en un tribunal de justicia. Cuando obtenga un acuerdo, ellos obtendr\u00e1n un porcentaje de ese acuerdo. Por lo tanto, la tarifa ser\u00e1 variable seg\u00fan el monto de su liquidaci\u00f3n. Por esta raz\u00f3n, sus abogados har\u00e1n lo mejor que puedan para asegurarle un acuerdo decente y as\u00ed obtener un porcentaje razonable de su acuerdo.<\/span><\/p>\n<h2><b>\u00bfQu\u00e9 debo hacer si se rechaza mi reclamo de indemnizaci\u00f3n laboral?<\/b><\/h2>\n<p><span style=\"font-weight: 400;\">Su abogado es su mejor defensor. Los abogados de compensaci\u00f3n para trabajadores de Doral se asegurar\u00e1n de que no pierda su caso. Los abogados presentar\u00e1n todos los hechos relacionados con su lesi\u00f3n en el trabajo a un tribunal de justicia. Lo mejor para ellos es que usted gane, por lo que se asegurar\u00e1n de que su caso tenga un juicio justo.<\/span><\/p>\n<h2><b>\u00bfQu\u00e9 responsabilidad tiene el empleado al presentar una reclamaci\u00f3n de indemnizaci\u00f3n por accidentes de trabajo?<\/b><\/h2>\n<p><span style=\"font-weight: 400;\">Es responsabilidad del empleado notificar a la empresa de inmediato si se lesiona. Es importante que se presente un reclamo de indemnizaci\u00f3n por accidentes de trabajo dentro de los 2 a\u00f1os posteriores a la fecha de la lesi\u00f3n. Si la reclamaci\u00f3n no se presenta dentro de este plazo, el plazo de prescripci\u00f3n se habr\u00e1 agotado. Por esta raz\u00f3n, querr\u00e1 llamar a un abogado lo antes posible despu\u00e9s de su lesi\u00f3n.<\/span><\/p>\n<h2><b>\u00bfQu\u00e9 responsabilidad tiene el empleador en el proceso de compensaci\u00f3n laboral?<\/b><\/h2>\n<p><span style=\"font-weight: 400;\">Todo empleador tiene la responsabilidad de tener un seguro de indemnizaci\u00f3n laboral. Tambi\u00e9n tienen la responsabilidad de presentar la documentaci\u00f3n adecuada en caso de que uno de sus empleados se lesione en el trabajo.<\/span><\/p>\n<h2><b>\u00bfMe pueden despedir por reclamar un reclamo de indemnizaci\u00f3n por accidentes de trabajo?<\/b><\/h2>\n<p><span style=\"font-weight: 400;\">Es contra la ley en el estado de Florida despedir a cualquier persona por presentar o reclamar una Reclamaci\u00f3n de Compensaci\u00f3n para Trabajadores.<\/span><\/p>\n<h2><b>\u00bfExiste un l\u00edmite de tiempo para presentar un reclamo de compensaci\u00f3n laboral en Florida?<\/b><\/h2>\n<p><span style=\"font-weight: 400;\">Seg\u00fan el estatuto de limitaciones en el estado de Florida, se debe presentar un reclamo de compensaci\u00f3n para trabajadores dentro de los 2 a\u00f1os posteriores a la fecha de la lesi\u00f3n. Si una persona espera m\u00e1s, el plazo de prescripci\u00f3n se habr\u00e1 agotado y es probable que no reciba ninguna forma de compensaci\u00f3n.<\/span><\/p>\n<p><a href=\"https:\/\/miamilawyers360.com\/wp-content\/uploads\/2021\/02\/doral-workers-comp-attorney-500x271-1.jpg\"><img decoding=\"async\" class=\"alignnone wp-image-857 size-full\" src=\"https:\/\/miamilawyers360.com\/wp-content\/uploads\/2021\/02\/doral-workers-comp-attorney-500x271-1.jpg\" alt=\"A Doral workers' compensation lawyer reviewing filing an injury claim for a client.\" width=\"500\" height=\"271\" \/><\/a><\/p>\n<h2><b>\u00bfPuedo demandar a mi empleador?<\/b><\/h2>\n<p><span style=\"font-weight: 400;\">En el estado de Florida, se considera un estado de empleo \u00aba voluntad\u00bb. En resumen, esto significa que el empleador o el empleado pueden rescindir el contrato de trabajo en cualquier momento sin previo aviso. Es vital saber que \u00bb \u00aba voluntad\u00bb no significa que los empleados puedan ser despedidos sin una causa justificada. Es posible demandar a un empleador seg\u00fan las circunstancias.<\/span><\/p>\n<h2><b>\u00bfPuede un contratista independiente presentar una reclamaci\u00f3n de indemnizaci\u00f3n laboral?<\/b><\/h2>\n<p><span style=\"font-weight: 400;\">Los contratistas independientes no se consideran empleados en el estado de Florida. Los empleadores aplican la indemnizaci\u00f3n por accidentes de trabajo a sus empleados. Los contratistas independientes deben tener alg\u00fan tipo de seguro y ser conscientes de que existen muchas variables para que puedan reclamar o presentar una Reclamaci\u00f3n de Compensaci\u00f3n para Trabajadores.<\/span><\/p>\n<h2><b>\u00bfCu\u00e1l es el valor de mi reclamo de compensaci\u00f3n laboral?<\/b><\/h2>\n<p><span style=\"font-weight: 400;\">En el estado de Florida, los empleados pueden solicitar la Compensaci\u00f3n para Trabajadores y pueden esperar recibir un porcentaje (hasta dos tercios por ciento) de sus salarios perdidos, los costos m\u00e9dicos, incluidas las facturas del hospital, los medicamentos recetados relacionados con la lesi\u00f3n, los costos de rehabilitaci\u00f3n, y si es necesario, costos de rehabilitaci\u00f3n o capacitaci\u00f3n vocacional.<\/span><\/p>\n<p><span style=\"font-weight: 400;\">Los empleados tambi\u00e9n pueden recibir un reembolso por los gastos de viaje relacionados con sus lesiones o procedimientos de tratamiento. Tambi\u00e9n existe la posibilidad de que el empleado tenga una discapacidad parcial o total. Los abogados y m\u00e9dicos tendr\u00e1n en cuenta muchos detalles de la lesi\u00f3n en la ecuaci\u00f3n e intentar\u00e1n llegar a un acuerdo equitativo. Se pedir\u00e1 a los m\u00e9dicos que otorguen al empleado una <a href=\"https:\/\/www.ama-assn.org\/delivering-care\/ama-guides\/ama-guides-evaluation-permanent-impairment-overview\" target=\"_blank\" rel=\"noopener\">\u00abcalificaci\u00f3n de discapacidad\u00bb<\/a> seg\u00fan las pautas de la Asociaci\u00f3n M\u00e9dica Estadounidense.<\/span><\/p>\n<p><span style=\"font-weight: 400;\">Cada caso se determina de forma separada, por lo que no hay dos casos iguales. La cantidad exacta tendr\u00e1 muchas variables que los abogados y los m\u00e9dicos revisar\u00e1n en un intento por llegar a un acuerdo justo y equitativo.<\/span><\/p>\n<h2><b>Programe una consulta gratuita con nuestros abogados de compensaci\u00f3n laboral<\/b><\/h2>\n<p><span style=\"font-weight: 400;\">Si ha resultado lesionado en el trabajo, o si alguien a quien ama ha resultado lesionado en el trabajo debido a negligencia o alguna otra raz\u00f3n por parte de su empleador, puede ser elegible para la Compensaci\u00f3n para Trabajadores. Es importante notificar inmediatamente a su empleador que se lesion\u00f3 y comunicarse con un abogado para que lo represente. Busque siempre atenci\u00f3n m\u00e9dica inmediata, incluso si su lesi\u00f3n parece menor. Una lesi\u00f3n aparentemente menor puede volverse m\u00e1s grave si no se trata adecuadamente en el momento de la lesi\u00f3n. Si es posible, tome fotograf\u00edas de la lesi\u00f3n y del \u00e1rea de trabajo donde ocurri\u00f3 la lesi\u00f3n.<\/span><\/p>\n<p><span style=\"font-weight: 400;\">Si la compa\u00f1\u00eda de seguros de su empleador le pide que firme algo, no lo haga. Primero, busque la consulta de su abogado y aseg\u00farese de no ceder sus derechos a ninguna compensaci\u00f3n futura. El trabajo de su abogado es garantizar que usted reciba una representaci\u00f3n justa en un tribunal de justicia y que reciba un acuerdo justo en su caso de Compensaci\u00f3n para Trabajadores.<\/span><\/p>\n<p><span style=\"font-weight: 400;\">Los <a href=\"https:\/\/miamilawyers360.com\/es\/doral\/abogado-compensacion-laboral\/\">abogados de compensaci\u00f3n para trabajadores de Doral<\/a> tienen la experiencia que usted necesita. Ll\u00e1menos hoy al <a href=\"tel:+17866862857\"><i class=\"fa fa-phone-alt\"><\/i>(786) 686-2857<\/a> y perm\u00edtanos representarlo en un tribunal de justicia para su caso de compensaci\u00f3n para trabajadores. Necesita que alguien lo represente y que comprenda c\u00f3mo funcionan los tribunales y c\u00f3mo presentar correctamente toda la documentaci\u00f3n adecuada para su caso. No nos pagar\u00e1 ni un centavo a menos que obtenga un acuerdo. Su acuerdo puede ayudar a reemplazar su salario perdido, pagar sus facturas m\u00e9dicas y pagar cualquier costo en el que pueda incurrir en rehabilitaci\u00f3n o por aprender un nuevo oficio.<\/span><\/p>\n","protected":false},"excerpt":{"rendered":"<p>Si se lesion\u00f3 en el trabajo, o si alguien a quien ama se lesion\u00f3 en el trabajo, es posible que pueda calificar para la compensaci\u00f3n de trabajadores. Esto lo ayudar\u00e1 a recuperar su salario perdido, sus facturas m\u00e9dicas incurridas debido a su lesi\u00f3n y cualquier rehabilitaci\u00f3n que pueda ser necesaria. En algunos casos, tambi\u00e9n puede [&hellip;]<\/p>\n","protected":false},"author":22,"featured_media":0,"parent":4654,"menu_order":0,"comment_status":"closed","ping_status":"closed","template":"","meta":{"_acf_changed":false,"anchor_text":"","footnotes":""},"class_list":["post-4614","page","type-page","status-publish","hentry"],"acf":[],"_links":{"self":[{"href":"https:\/\/miamilawyers360.com\/es\/wp-json\/wp\/v2\/pages\/4614","targetHints":{"allow":["GET"]}}],"collection":[{"href":"https:\/\/miamilawyers360.com\/es\/wp-json\/wp\/v2\/pages"}],"about":[{"href":"https:\/\/miamilawyers360.com\/es\/wp-json\/wp\/v2\/types\/page"}],"author":[{"embeddable":true,"href":"https:\/\/miamilawyers360.com\/es\/wp-json\/wp\/v2\/users\/22"}],"replies":[{"embeddable":true,"href":"https:\/\/miamilawyers360.com\/es\/wp-json\/wp\/v2\/comments?post=4614"}],"version-history":[{"count":2,"href":"https:\/\/miamilawyers360.com\/es\/wp-json\/wp\/v2\/pages\/4614\/revisions"}],"predecessor-version":[{"id":5260,"href":"https:\/\/miamilawyers360.com\/es\/wp-json\/wp\/v2\/pages\/4614\/revisions\/5260"}],"up":[{"embeddable":true,"href":"https:\/\/miamilawyers360.com\/es\/wp-json\/wp\/v2\/pages\/4654"}],"wp:attachment":[{"href":"https:\/\/miamilawyers360.com\/es\/wp-json\/wp\/v2\/media?parent=4614"}],"curies":[{"name":"wp","href":"https:\/\/api.w.org\/{rel}","templated":true}]}}