{"id":4616,"date":"2021-02-24T21:18:40","date_gmt":"2021-02-25T02:18:40","guid":{"rendered":"https:\/\/miamilawyers360.com\/hialeah\/workers-compensation-lawyer\/"},"modified":"2026-03-13T15:04:53","modified_gmt":"2026-03-13T19:04:53","slug":"abogado-compensacion-laboral","status":"publish","type":"page","link":"https:\/\/miamilawyers360.com\/es\/hialeah\/abogado-compensacion-laboral\/","title":{"rendered":"Abogado de compensaci\u00f3n laboral de Hialeah"},"content":{"rendered":"<p><span style=\"font-weight: 400;\">Si usted, o un ser querido, se lesion\u00f3 o se enferm\u00f3 en un lugar de trabajo, es posible que califique para la compensaci\u00f3n de trabajadores. La compensaci\u00f3n para trabajadores ayudar\u00e1 a cubrir sus salarios perdidos, as\u00ed como sus facturas m\u00e9dicas en las que incurra debido a su lesi\u00f3n. La mayor\u00eda de los estados tienen el requisito de que un lugar de trabajo cuente con un seguro de compensaci\u00f3n para trabajadores. Cada estado individual tendr\u00e1 sus propias particularidades, por lo que deber\u00e1 consultar con un abogado de compensaci\u00f3n laboral de Hialeah para poder determinar cu\u00e1nto puede ser responsable su caso.<\/span><\/p>\n<p><span style=\"font-weight: 400;\">Es responsabilidad del propietario de la empresa asegurarse de haber comprado la compensaci\u00f3n para trabajadores a trav\u00e9s de una compa\u00f1\u00eda de seguros autorizada. Si se lesion\u00f3 o se enferm\u00f3 debido a una lesi\u00f3n relacionada con el trabajo, o la exposici\u00f3n a algo que lo enferm\u00f3, llame a nuestros <a href=\"https:\/\/miamilawyers360.com\/es\/hialeah\/abogado-lesiones-personales\/\">abogados de lesiones personales<\/a> al <a href=\"tel:+17866862857\"><i class=\"fa fa-phone-alt\"><\/i>(786) 686-2857<\/a> hoy y perm\u00edtanos ayudarlo con su caso de compensaci\u00f3n laboral. Evite firmar nada antes de contactar a un abogado. No quiere arriesgarse a perder ninguna de sus posibles compensaciones.<\/span><\/p>\n<div class=\"embed-container\"><iframe src=\"https:\/\/www.youtube.com\/embed\/TOUGpGoAijY\" frameborder=\"0\" allowfullscreen=\"allowfullscreen\"><\/iframe><\/div>\n<h2><b>\u00bfQu\u00e9 es la compensaci\u00f3n laboral?<\/b><\/h2>\n<p><span style=\"font-weight: 400;\">La compensaci\u00f3n para trabajadores es un tipo de seguro que reemplaza los salarios que se pierden debido a una lesi\u00f3n en el trabajo. Esta compensaci\u00f3n cubrir\u00e1 la p\u00e9rdida de salario, as\u00ed como los pagos m\u00e9dicos debido a la lesi\u00f3n de los empleados que resultaron lesionados en el trabajo debido al \u00abagravio por negligencia\u00bb de la empresa.<\/span><\/p>\n<p><span style=\"font-weight: 400;\">Si se lesion\u00f3 en el trabajo, tiene derecho a un alivio espec\u00edfico que incluye lo siguiente:<\/span><\/p>\n<ul>\n<li><span style=\"font-weight: 400;\"> Tratamiento m\u00e9dico (esto incluye cualquier hospitalizaci\u00f3n).<\/span><\/li>\n<li><span style=\"font-weight: 400;\"> Discapacidad temporal o total si su m\u00e9dico determina que no puede regresar al trabajo por un tiempo.<\/span><\/li>\n<li><span style=\"font-weight: 400;\"> Recetas relacionadas con su lesi\u00f3n o enfermedad.<\/span><\/li>\n<li><span style=\"font-weight: 400;\"> Fisioterapia.<\/span><\/li>\n<li><span style=\"font-weight: 400;\"> Todos los gastos de viaje necesarios (hacia y desde fisioterapia y citas con el m\u00e9dico, etc.).<\/span><\/li>\n<li><span style=\"font-weight: 400;\"> Si es necesario, rehabilitaci\u00f3n vocacional para ayudarlo a aprender un nuevo oficio.<\/span><\/li>\n<li><span style=\"font-weight: 400;\"> Si un ser querido muere en el trabajo, la familia tambi\u00e9n puede tener derecho a los gastos del funeral.<\/span><\/li>\n<\/ul>\n<p><span style=\"font-weight: 400;\">Es importante comprender que todos y cada uno de los casos son \u00fanicos a su manera. Por esta raz\u00f3n, cada caso individual ser\u00e1 evaluado completamente para ver a qu\u00e9 puede tener derecho en un tribunal de justicia para su caso de compensaci\u00f3n laboral en particular.<\/span><\/p>\n<p><a href=\"https:\/\/miamilawyers360.com\/wp-content\/uploads\/2021\/02\/hialeah-work-injury-4-500x332-1.jpg\"><img fetchpriority=\"high\" decoding=\"async\" class=\"alignnone size-full wp-image-864\" src=\"https:\/\/miamilawyers360.com\/wp-content\/uploads\/2021\/02\/hialeah-work-injury-4-500x332-1.jpg\" alt=\"A man with a lower back injury from work.\" width=\"500\" height=\"332\" \/><\/a><\/p>\n<h2><b>\u00bfQu\u00e9 debo hacer si me lesiono en el trabajo?<\/b><\/h2>\n<ul>\n<li><span style=\"font-weight: 400;\"> Si se lesiona en el trabajo, informe de inmediato la lesi\u00f3n a su empleador.<\/span><\/li>\n<li><span style=\"font-weight: 400;\"> Consulte a un m\u00e9dico lo antes posible y siga todas las instrucciones de su m\u00e9dico con respecto a su lesi\u00f3n.<\/span><\/li>\n<li><span style=\"font-weight: 400;\"> Tome fotograf\u00edas de cualquiera de sus lesiones si son visibles.<\/span><\/li>\n<li><span style=\"font-weight: 400;\"> Anote la fecha y hora de su lesi\u00f3n y cualquier s\u00edntoma. Mantenga un registro escrito de todas y cada una de las visitas al m\u00e9dico.<\/span><\/li>\n<li><span style=\"font-weight: 400;\"> Presente un reclamo de compensaci\u00f3n para trabajadores con la ayuda de un abogado de compensaci\u00f3n para trabajadores.<\/span><\/li>\n<li><span style=\"font-weight: 400;\"> Recuperarse, descansar, recuperarse.<\/span><\/li>\n<\/ul>\n<h2><b>\u00bfCu\u00e1les son las lesiones m\u00e1s comunes en el lugar de trabajo?<\/b><\/h2>\n<p><span style=\"font-weight: 400;\">Es importante comprender que cualquier persona, en cualquier momento, puede resultar lesionada en el trabajo. Estas son las lesiones m\u00e1s comunes que pueden ocurrir en el trabajo:<\/span><\/p>\n<ul>\n<li><span style=\"font-weight: 400;\"> Amputaciones<\/span><\/li>\n<li><span style=\"font-weight: 400;\"> Accidentes mientras viaja por trabajo.<\/span><\/li>\n<li><span style=\"font-weight: 400;\"> Accidentes al trabajar con herramientas o maquinaria.<\/span><\/li>\n<li><span style=\"font-weight: 400;\"> Lesiones de espalda \/ cuello<\/span><\/li>\n<li><span style=\"font-weight: 400;\"> quemaduras<\/span><\/li>\n<li><span style=\"font-weight: 400;\"> Accidentes en obra.<\/span><\/li>\n<li><span style=\"font-weight: 400;\"> Fracturas<\/span><\/li>\n<li><span style=\"font-weight: 400;\"> P\u00e9rdida auditiva<\/span><\/li>\n<li><span style=\"font-weight: 400;\"> Dolor articular<\/span><\/li>\n<li><span style=\"font-weight: 400;\"> Lesiones repetitivas (mu\u00f1eca, etc.).<\/span><\/li>\n<li><span style=\"font-weight: 400;\"> Accidentes por resbalones y ca\u00eddas<\/span><\/li>\n<\/ul>\n<h2><b>\u00bfPor qu\u00e9 deber\u00eda contratar a un abogado de compensaci\u00f3n laboral en Hialeah?<\/b><\/h2>\n<p><span style=\"font-weight: 400;\">Un abogado de compensaci\u00f3n laboral conoce las reglas y regulaciones de <\/span><a href=\"https:\/\/en.wikipedia.org\/wiki\/Hialeah,_Florida\" target=\"_blank\" rel=\"noopener\"><span style=\"font-weight: 400;\">Hialeah, Florida<\/span><\/a><span style=\"font-weight: 400;\"> . Ellos podr\u00e1n ayudarlo con su caso. No tiene que hacerlo solo, sepa a qu\u00e9 tiene derecho y qu\u00e9 puede solicitar para asegurarse de que est\u00e1 siendo representado de manera justa en un tribunal de justicia.<\/span><\/p>\n<h2><b>\u00bfCu\u00e1nto cuesta contratar a un abogado de compensaci\u00f3n laboral en Hialeah?<\/b><\/h2>\n<p><span style=\"font-weight: 400;\">En el estado de Florida, todos los abogados de compensaci\u00f3n laboral reciben un pago a trav\u00e9s de una tarifa de contingencia. En resumen, esto significa que el abogado recibir\u00e1 un porcentaje de su liquidaci\u00f3n por su pago. Nunca tendr\u00e1 que pagar una tarifa de compensaci\u00f3n laboral a un abogado a menos que reciba un acuerdo y ese honorario se pague con cargo al acuerdo, por lo que nunca tendr\u00e1 que pagar de su bolsillo.<\/span><\/p>\n<h2><b>\u00bfQu\u00e9 debo hacer si se rechaza mi reclamo de indemnizaci\u00f3n laboral?<\/b><\/h2>\n<p><span style=\"font-weight: 400;\">Si por alguna raz\u00f3n se niega su reclamo de compensaci\u00f3n laboral, comun\u00edquese con su abogado y solicite una reuni\u00f3n con el empleador y su compa\u00f1\u00eda de seguros. A menudo, el reclamo puede resolverse fuera de los tribunales. Pueden ser necesarias varias reuniones para recibir su reclamo de compensaci\u00f3n para trabajadores.<\/span><\/p>\n<h2><b>\u00bfQu\u00e9 responsabilidad tiene el empleado al presentar una reclamaci\u00f3n de compensaci\u00f3n para trabajadores?<\/b><\/h2>\n<p><span style=\"font-weight: 400;\">El empleado debe presentar la reclamaci\u00f3n de compensaci\u00f3n del trabajador dentro del plazo asignado por el Estado de Florida. En Florida, esto es dos a\u00f1os a partir de la fecha de la lesi\u00f3n o enfermedad. Es responsabilidad del empleado presentar la reclamaci\u00f3n dentro del plazo asignado si desea recibir alguna compensaci\u00f3n. Si la compa\u00f1\u00eda de seguros del empleador solicita una prueba de drogas, el empleado debe cumplir. Los empleados tambi\u00e9n deben completar toda su atenci\u00f3n de seguimiento y seguir las instrucciones del m\u00e9dico.<\/span><\/p>\n<h2><b>\u00bfQu\u00e9 responsabilidad tiene el empleador en el proceso de compensaci\u00f3n laboral?<\/b><\/h2>\n<p><span style=\"font-weight: 400;\">El empleador debe presentar todos los formularios correspondientes, enviar la informaci\u00f3n a su compa\u00f1\u00eda de seguros y cumplir con cualquiera de las regulaciones que establece la compa\u00f1\u00eda de seguros. Esto incluye enviar copias de todo lo que se debe enviar al m\u00e9dico, etc.<\/span><\/p>\n<h2><b>\u00bfMe pueden despedir por reclamar un reclamo de compensaci\u00f3n para trabajadores?<\/b><\/h2>\n<p><span style=\"font-weight: 400;\">De acuerdo con <\/span><a href=\"https:\/\/www.leg.state.fl.us\/statutes\/index.cfm?App_mode=Display_Statute&amp;URL=0400-0499\/0440\/Sections\/0440.205.html\" target=\"_blank\" rel=\"noopener\"><span style=\"font-weight: 400;\">la Secci\u00f3n 440.205 de los Estatutos de la Florida<\/span><\/a><span style=\"font-weight: 400;\"> , ning\u00fan empleador puede <\/span><span style=\"font-weight: 400;\">ejercer<\/span><span style=\"font-weight: 400;\"> coerci\u00f3n sobre los empleados por presentar un reclamo de compensaci\u00f3n para trabajadores. Esto se conoce como \u00abRepresalias\u00bb y va en contra de la ley estatal.<\/span><\/p>\n<h2><b>\u00bfExiste un l\u00edmite de tiempo para presentar un reclamo de compensaci\u00f3n para trabajadores en Florida?<\/b><\/h2>\n<p><span style=\"font-weight: 400;\">En el estado de Florida, tiene 2 a\u00f1os a partir de la fecha de la lesi\u00f3n para presentar un reclamo de compensaci\u00f3n para trabajadores, o despu\u00e9s de los dos a\u00f1os, tiene un a\u00f1o desde el \u00faltimo pago de cualquier compensaci\u00f3n o dentro de un a\u00f1o desde el \u00faltimo pago conocido. provisi\u00f3n de cualquier tratamiento m\u00e9dico autorizado o atenci\u00f3n m\u00e9dica.<\/span><\/p>\n<h2><b>\u00bfPuedo demandar a mi empleador?<\/b><\/h2>\n<p><span style=\"font-weight: 400;\">El estado de Florida es un estado de empleo \u00aba voluntad\u00bb. Esto significa que tanto el empleado como el empleador pueden rescindir el empleo en cualquier momento sin previo aviso. Sin embargo, es importante entender que \u00aba voluntad\u00bb no significa que el empleador pueda despedir al empleado por cualquier motivo ilegal. Dependiendo de las circunstancias, es posible demandar a un empleador.<\/span><\/p>\n<p><a href=\"https:\/\/miamilawyers360.com\/wp-content\/uploads\/2021\/02\/hialeah-workers-comp-attorney-500x333-1.jpg\"><img decoding=\"async\" class=\"alignnone size-full wp-image-865\" src=\"https:\/\/miamilawyers360.com\/wp-content\/uploads\/2021\/02\/hialeah-workers-comp-attorney-500x333-1.jpg\" alt=\"A Hialeah workers' compensation lawyer filing a claim for a client.\" width=\"500\" height=\"333\" \/><\/a><\/p>\n<h2><b>\u00bfPuede un contratista independiente presentar una reclamaci\u00f3n de compensaci\u00f3n laboral?<\/b><\/h2>\n<p><span style=\"font-weight: 400;\">En el estado de Florida, los contratistas independientes no se consideran empleados. Los empleadores no est\u00e1n obligados a pagar la compensaci\u00f3n de los trabajadores a menos que la persona sea un empleado, a menos que la persona est\u00e9 en la industria de la construcci\u00f3n. Cada caso se trata caso por caso.<\/span><\/p>\n<h2><b>\u00bfCu\u00e1l es el valor de mi reclamo de compensaci\u00f3n para trabajadores de Hialeah?<\/b><\/h2>\n<p><span style=\"font-weight: 400;\">Cada caso individual en el estado de Florida se basa en circunstancias espec\u00edficas. Por lo general, el empleado puede demandar por salarios perdidos, el costo de cualquier tratamiento m\u00e9dico, cualquier costo de rehabilitaci\u00f3n y cualquier reentrenamiento vocacional que pueda ser necesario. Dependiendo del caso, el empleado tambi\u00e9n puede recibir dolor y sufrimiento y otras formas de compensaci\u00f3n.<\/span><\/p>\n<h2><b>\u00bfCu\u00e1l es el valor de mi reclamo de compensaci\u00f3n para trabajadores de Hialeah?<\/b><\/h2>\n<p><span style=\"font-weight: 400;\">Dependiendo de sus circunstancias individuales, su Reclamo de Compensaci\u00f3n para Trabajadores de Hialeah vale lo siguiente:<\/span><\/p>\n<ul>\n<li><span style=\"font-weight: 400;\"> Sus facturas m\u00e9dicas con un m\u00e9dico autorizado.<\/span><\/li>\n<li><span style=\"font-weight: 400;\"> Un porcentaje de su salario perdido.<\/span><\/li>\n<li><span style=\"font-weight: 400;\"> Costos de rehabilitaci\u00f3n.<\/span><\/li>\n<li><span style=\"font-weight: 400;\"> Medicamentos recetados para su afecci\u00f3n.<\/span><\/li>\n<li><span style=\"font-weight: 400;\"> Cualquier gasto necesario para viajar que est\u00e9 relacionado con el tratamiento de su lesi\u00f3n.<\/span><\/li>\n<\/ul>\n<p><span style=\"font-weight: 400;\">Es importante entender que su salario perdido se calcular\u00e1 en base a dos tercios de su salario semanal promedio. Se limitar\u00e1 a $575 usd por semana seg\u00fan la <\/span><a href=\"https:\/\/www.leg.state.fl.us\/statutes\/index.cfm?App_mode=Display_Statute&amp;URL=0400-0499\/0440\/Sections\/0440.15.html\" target=\"_blank\" rel=\"noopener\"><span style=\"font-weight: 400;\">ley de discapacidad parcial permanente<\/span><\/a><span style=\"font-weight: 400;\"> . Tambi\u00e9n puede haber una suma adicional de dinero si el m\u00e9dico tratante autorizado ha emitido una calificaci\u00f3n de discapacidad seg\u00fan las pautas establecidas en las Pautas de la Asociaci\u00f3n M\u00e9dica Estadounidense.<\/span><\/p>\n<h2><b>Programe una consulta gratuita con un abogado de compensaci\u00f3n laboral de Hialeah<\/b><\/h2>\n<p><span style=\"font-weight: 400;\">Si usted, o un ser querido, se lesion\u00f3 en el trabajo debido a negligencia o alguna otra raz\u00f3n, es importante que notifique a su empleador y se comunique con un abogado de su elecci\u00f3n de inmediato. Siempre busque atenci\u00f3n m\u00e9dica incluso si la lesi\u00f3n parece menor en ese momento. Lo que era menor puede volverse grave si no se trata adecuadamente. Siempre tome fotograf\u00edas de la escena de la lesi\u00f3n, as\u00ed como de la lesi\u00f3n en s\u00ed, incluso si no parece haber ning\u00fan hematoma.<\/span><\/p>\n<p><span style=\"font-weight: 400;\">Evite firmar nada para la compa\u00f1\u00eda de seguros de su empleador sin antes que su abogado lo revise. No quiere arriesgarse a renunciar a ning\u00fan derecho potencial a una compensaci\u00f3n futura. Su trabajo es lograr que usted firme los derechos de su compensaci\u00f3n o que acepte una cantidad menor de compensaci\u00f3n. Su abogado lo ayudar\u00e1 a obtener la mayor compensaci\u00f3n posible por su situaci\u00f3n.<\/span><\/p>\n<p><span style=\"font-weight: 400;\">Llame hoy a nuestro bufete de abogados de lesiones al <a href=\"tel:+17866862857\"><i class=\"fa fa-phone-alt\"><\/i>(786) 686-2857<\/a> y perm\u00edtanos ayudarlo con su compensaci\u00f3n laboral. No tendr\u00e1 que pagarnos nada a menos que ganemos su caso. Su pago a nosotros provendr\u00e1 de un porcentaje de su compensaci\u00f3n. Mereces una compensaci\u00f3n por tu lesi\u00f3n en el trabajo. La compensaci\u00f3n lo ayudar\u00e1 a recuperar los salarios perdidos, pagar sus facturas m\u00e9dicas por su lesi\u00f3n y pagar cualquier rehabilitaci\u00f3n que sea necesaria para tratar su afecci\u00f3n. Si tienes que aprender una nueva vocaci\u00f3n, ellos tambi\u00e9n pueden ayudarte a costearte una nueva formaci\u00f3n profesional para que puedas volver a trabajar.<\/span><\/p>\n","protected":false},"excerpt":{"rendered":"<p>Si usted, o un ser querido, se lesion\u00f3 o se enferm\u00f3 en un lugar de trabajo, es posible que califique para la compensaci\u00f3n de trabajadores. La compensaci\u00f3n para trabajadores ayudar\u00e1 a cubrir sus salarios perdidos, as\u00ed como sus facturas m\u00e9dicas en las que incurra debido a su lesi\u00f3n. La mayor\u00eda de los estados tienen el [&hellip;]<\/p>\n","protected":false},"author":22,"featured_media":0,"parent":4662,"menu_order":0,"comment_status":"closed","ping_status":"closed","template":"","meta":{"_acf_changed":false,"anchor_text":"","footnotes":""},"class_list":["post-4616","page","type-page","status-publish","hentry"],"acf":[],"_links":{"self":[{"href":"https:\/\/miamilawyers360.com\/es\/wp-json\/wp\/v2\/pages\/4616","targetHints":{"allow":["GET"]}}],"collection":[{"href":"https:\/\/miamilawyers360.com\/es\/wp-json\/wp\/v2\/pages"}],"about":[{"href":"https:\/\/miamilawyers360.com\/es\/wp-json\/wp\/v2\/types\/page"}],"author":[{"embeddable":true,"href":"https:\/\/miamilawyers360.com\/es\/wp-json\/wp\/v2\/users\/22"}],"replies":[{"embeddable":true,"href":"https:\/\/miamilawyers360.com\/es\/wp-json\/wp\/v2\/comments?post=4616"}],"version-history":[{"count":2,"href":"https:\/\/miamilawyers360.com\/es\/wp-json\/wp\/v2\/pages\/4616\/revisions"}],"predecessor-version":[{"id":5268,"href":"https:\/\/miamilawyers360.com\/es\/wp-json\/wp\/v2\/pages\/4616\/revisions\/5268"}],"up":[{"embeddable":true,"href":"https:\/\/miamilawyers360.com\/es\/wp-json\/wp\/v2\/pages\/4662"}],"wp:attachment":[{"href":"https:\/\/miamilawyers360.com\/es\/wp-json\/wp\/v2\/media?parent=4616"}],"curies":[{"name":"wp","href":"https:\/\/api.w.org\/{rel}","templated":true}]}}