{"id":4618,"date":"2021-02-24T21:22:31","date_gmt":"2021-02-25T02:22:31","guid":{"rendered":"https:\/\/miamilawyers360.com\/miami-beach\/personal-injury-lawyer\/"},"modified":"2026-03-13T15:23:13","modified_gmt":"2026-03-13T19:23:13","slug":"abogado-lesiones-personales","status":"publish","type":"page","link":"https:\/\/miamilawyers360.com\/es\/miami-beach\/abogado-lesiones-personales\/","title":{"rendered":"Abogado de lesiones personales en Miami Beach"},"content":{"rendered":"<p><span style=\"font-weight: 400;\">Un abogado de lesiones personales juega un papel esencial en la representaci\u00f3n de las v\u00edctimas que han estado involucradas en un accidente para obtener la compensaci\u00f3n que merecen. Como abogado, puedo ayudarlo a obtener la indemnizaci\u00f3n, responsabilizando a los responsables de los da\u00f1os sufridos. Dado que las lesiones resultantes de accidentes pueden resultar en da\u00f1os graves que interrumpen su vida, un abogado de lesiones personales de Miami Beach es \u00fatil para ayudarlo a buscar justicia por esas lesiones.<\/span><\/p>\n<p><span style=\"font-weight: 400;\">Si uno se lesiona en un accidente en Miami Beach, debe comunicarse con una <a href=\"https:\/\/miamilawyers360.com\/es\/\">firma de lesiones personales<\/a>. Con un abogado, puede discutir su caso en detalle, lo que lo ayuda a comprender claramente las acciones legales que debe tomar para obtener la compensaci\u00f3n necesaria por dichos da\u00f1os. El cliente tiene la oportunidad de programar una cita con el abogado para consultas legales adicionales sobre la lesi\u00f3n.<\/span><\/p>\n<h2><b>\u00bfQu\u00e9 debo hacer despu\u00e9s de una lesi\u00f3n?<\/b><\/h2>\n<p><span style=\"font-weight: 400;\">Si se ve involucrado en un accidente y se lesiona, es recomendable buscar tratamiento en un hospital cercano cuando sea necesario y mantener los registros m\u00e9dicos del tratamiento que se le ha dado. M\u00e1s a\u00fan, si est\u00e1 en condiciones de tomar una foto o un video de c\u00f3mo ocurri\u00f3 el accidente, ser\u00eda apropiado ya que esto sirve como una fuente de evidencia de que el accidente realmente ocurri\u00f3.<\/span><\/p>\n<p><span style=\"font-weight: 400;\">Si hubo testigos presentes cuando ocurri\u00f3 el accidente, tome nota de sus detalles, incluidos sus nombres y n\u00fameros de tel\u00e9fono, para que sea f\u00e1cil hacer un seguimiento con ellos. Los testigos juegan un papel vital al proporcionar informaci\u00f3n crucial sobre un incidente que ocurri\u00f3. Despu\u00e9s de recopilar esta informaci\u00f3n, contin\u00fae e informe el incidente a la polic\u00eda. Puede llamar a la polic\u00eda directamente por tel\u00e9fono si el accidente involucr\u00f3 a un veh\u00edculo, o puede informar a su supervisor si se trata de un accidente en el lugar de trabajo.<\/span><\/p>\n<p><span style=\"font-weight: 400;\">Siempre es recomendable informar en lugar de admitir la culpa, ya que puede recibir una compensaci\u00f3n por las p\u00e9rdidas posteriores a un accidente. <\/span><span style=\"font-weight: 400;\">Para seguir las acciones legales apropiadas, p\u00f3ngase en contacto con un abogado con experiencia en lesiones personales. <\/span><span style=\"font-weight: 400;\">El abogado lo representar\u00e1 completamente al presentar una demanda por lesiones personales. Esta reclamaci\u00f3n responsabiliza a las partes por los da\u00f1os causados.<\/span><\/p>\n<h2><b>Beneficios de contratar a un abogado<\/b><\/h2>\n<p><span style=\"font-weight: 400;\">Nuestros abogados pueden ayudarlo a reclamar su lesi\u00f3n a trav\u00e9s de su experiencia en:<\/span><\/p>\n<h3><b>Ayudan a tomar decisiones informadas<\/b><\/h3>\n<p><span style=\"font-weight: 400;\">Como abogados capacitados en lesiones personales, podemos ayudar a analizar la situaci\u00f3n de un cliente y brindarle las opciones disponibles. Adem\u00e1s, brindamos asesoramiento sobre qu\u00e9 medidas tomar. Esto ser\u00eda dif\u00edcil para una persona normal, a diferencia de un abogado que tiene la experiencia suficiente para saber qu\u00e9 causa de acci\u00f3n seguir y presentar reclamos por lesiones personales.<\/span><\/p>\n<h3><b>Los abogados ayudan en la presentaci\u00f3n de casos<\/b><\/h3>\n<p><span style=\"font-weight: 400;\">Las lesiones por accidentes pueden causar mucho estr\u00e9s. Como resultado, esto dificulta que la persona involucrada tome decisiones informadas. Pero un abogado aplica los conocimientos y habilidades relevantes, lo que le ayuda a obtener la compensaci\u00f3n que se merece.<\/span><\/p>\n<h3><b>Habilidad para negociar<\/b><\/h3>\n<p><span style=\"font-weight: 400;\">Un abogado ayuda en el proceso de negociaci\u00f3n. Est\u00e1n bien capacitados y comprenden la ley con mucha claridad, lo que les facilita el manejo justo de las reclamaciones de los clientes.<\/span><\/p>\n<h2><b>\u00bfQu\u00e9 tipo de da\u00f1os puedo recuperar?<\/b><\/h2>\n<ul>\n<li><b>Da\u00f1os econ\u00f3micos <\/b><span style=\"font-weight: 400;\">: incluye compensaci\u00f3n por p\u00e9rdidas monetarias como gastos m\u00e9dicos, costo de vida con una discapacidad, p\u00e9rdida de empleo o p\u00e9rdida de propiedad.<\/span><\/li>\n<li><b>Da\u00f1os no econ\u00f3micos: implican una <\/b><span style=\"font-weight: 400;\">compensaci\u00f3n por p\u00e9rdidas no monetarias que son dif\u00edciles de calcular, incluidos el dolor y el sufrimiento, la angustia emocional y la p\u00e9rdida del consorcio.<\/span><\/li>\n<li><b>Da\u00f1os punitivos <\/b><span style=\"font-weight: 400;\">: se refiere a da\u00f1os destinados a compensar a la v\u00edctima para castigar al acusado.<\/span><\/li>\n<\/ul>\n<h2><b>\u00bfC\u00f3mo se determina la responsabilidad?<\/b><\/h2>\n<ul>\n<li><b>Deber de cuidado <\/b><span style=\"font-weight: 400;\">: debe existir un deber legal que el demandado debe contra el demandante.<\/span><\/li>\n<li><b>Incumplimiento del deber de diligencia <\/b><span style=\"font-weight: 400;\">: el demandante debe proporcionar pruebas de que el acusado viol\u00f3 la ley.<\/span><\/li>\n<li><b>Causalidad <\/b><span style=\"font-weight: 400;\">: la negligencia del acusado debe ser la causa fundamental de la lesi\u00f3n del demandante.<\/span><\/li>\n<li><b>Da\u00f1os <\/b><span style=\"font-weight: 400;\">&#8211; Los da\u00f1os reales deben ocurrir por el incidente para que se determine la responsabilidad.<\/span><\/li>\n<\/ul>\n<p><a href=\"https:\/\/miamilawyers360.com\/wp-content\/uploads\/2021\/02\/miami-beach-personal-injury-500x333-1.jpg\"><img fetchpriority=\"high\" decoding=\"async\" class=\"alignnone size-full wp-image-870\" src=\"https:\/\/miamilawyers360.com\/wp-content\/uploads\/2021\/02\/miami-beach-personal-injury-500x333-1.jpg\" alt=\"Schedule a free consultation with our Miami Beach personal injury lawyers today.\" width=\"500\" height=\"333\" \/><\/a><\/p>\n<h2><b>\u00bfCu\u00e1nto tiempo tengo para presentar un reclamo por lesiones personales en Florida?<\/b><\/h2>\n<p><span style=\"font-weight: 400;\">Una persona que vive en Florida tiene hasta <\/span><a href=\"https:\/\/www.leg.state.fl.us\/Statutes\/index.cfm?App_mode=Display_Statute&amp;URL=0000-0099\/0095\/Sections\/0095.11.html\" target=\"_blank\" rel=\"noopener\"><span style=\"font-weight: 400;\">cuatro a\u00f1os desde el per\u00edodo en que ocurri\u00f3 la lesi\u00f3n<\/span><\/a><span style=\"font-weight: 400;\"> para presentar un reclamo por lesiones personales por cualquier da\u00f1o resultante del accidente. Por eso es necesario contratar cuanto antes a un abogado reconocido.<\/span><\/p>\n<h2><b>\u00bfCu\u00e1nto costar\u00e1 un abogado de lesiones personales en Miami Beach?<\/b><\/h2>\n<p><span style=\"font-weight: 400;\">El costo de un abogado de lesiones personales en <\/span><a href=\"https:\/\/en.wikipedia.org\/wiki\/Miami_Beach,_Florida\" target=\"_blank\" rel=\"noopener\"><span style=\"font-weight: 400;\">Miami Beach, Florida<\/span><\/a><span style=\"font-weight: 400;\"> , depende de muchos factores, pero el monto cobrado oscila entre el 33 y el 40% del acuerdo total. El acuerdo de honorarios de contingencia t\u00edpico es el 33,33 por ciento de su liquidaci\u00f3n. Por lo tanto, si el acuerdo que recuper\u00f3 es de $ 60,000, su abogado recibir\u00e1 20,000. El porcentaje puede depender de la duraci\u00f3n de su caso. Sin embargo, en la mayor\u00eda de los casos, no se le paga a un abogado a menos que el cliente reciba su compensaci\u00f3n.<\/span><\/p>\n<h2><b>Tipos de casos de lesiones personales que manejamos<\/b><\/h2>\n<p><span style=\"font-weight: 400;\">Nuestros abogados manejan todo tipo de reclamos por lesiones personales, que incluyen:<\/span><\/p>\n<h3><b>Accidentes automovil\u00edsticos<\/b><\/h3>\n<p><span style=\"font-weight: 400;\">Aqu\u00ed manejamos casos de <a href=\"https:\/\/miamilawyers360.com\/es\/miami-beach\/abogado-accidentes-automovilisticos\/\">accidentes automovil\u00edsticos<\/a> y llevamos a cabo investigaciones para lo posible. Esto nos permite obtener informaci\u00f3n completa para que la persona lesionada pueda obtener una compensaci\u00f3n por las lesiones y p\u00e9rdidas incurridas. Los conductores descuidados pueden ser responsables de los da\u00f1os que causen a las personas o la propiedad.<\/span><\/p>\n<h3><b>Accidentes de motocicleta<\/b><\/h3>\n<p><span style=\"font-weight: 400;\">Ofrecemos representaci\u00f3n legal a v\u00edctimas de accidentes de motocicleta. Hacemos todo lo posible para asegurarnos de que obtenga una compensaci\u00f3n completa por sus lesiones.<\/span><\/p>\n<h3><b>Muerte injusta<\/b><\/h3>\n<p><span style=\"font-weight: 400;\">El reclamo tiene como objetivo recuperar los da\u00f1os sufridos como consecuencia de la muerte de una v\u00edctima. Si uno sufre una <\/span><a href=\"https:\/\/miamilawyers360.com\/es\/miami-beach\/abogado-compensacion-laboral\/\"><span style=\"font-weight: 400;\">muerte por negligencia en Miami Beach<\/span><\/a><span style=\"font-weight: 400;\"> , contamos con abogados experimentados que pueden ayudarlo a obtener una compensaci\u00f3n por la p\u00e9rdida.<\/span><\/p>\n<h3><b>Accidentes laborales<\/b><\/h3>\n<p><span style=\"font-weight: 400;\">Si alguien se lesiona o muere mientras trabaja, la ley requiere que los empleadores proporcionen beneficios para su empleado lesionado. Con la ayuda de un abogado de compensaci\u00f3n laboral en Miami Beach, la compensaci\u00f3n se paga con \u00e9xito.<\/span><\/p>\n<h2><b>Programe una consulta gratuita para revisar su reclamo<\/b><\/h2>\n<p><span style=\"font-weight: 400;\">Una lesi\u00f3n que se produzca como resultado de un accidente puede cambiar su vida por completo. En caso de que usted o su ser querido se lesione en un accidente en Miami Beach, es de gran importancia buscar el servicio de un abogado personal. Si se lesiona debido a la negligencia de alguien, tiene derecho a buscar una compensaci\u00f3n legal. Siempre es recomendable buscar el asesoramiento de un abogado capacitado para iniciar investigaciones sobre el asunto.<\/span><\/p>\n","protected":false},"excerpt":{"rendered":"<p>Un abogado de lesiones personales juega un papel esencial en la representaci\u00f3n de las v\u00edctimas que han estado involucradas en un accidente para obtener la compensaci\u00f3n que merecen. Como abogado, puedo ayudarlo a obtener la indemnizaci\u00f3n, responsabilizando a los responsables de los da\u00f1os sufridos. Dado que las lesiones resultantes de accidentes pueden resultar en da\u00f1os [&hellip;]<\/p>\n","protected":false},"author":22,"featured_media":0,"parent":4657,"menu_order":0,"comment_status":"closed","ping_status":"closed","template":"","meta":{"_acf_changed":false,"anchor_text":"","footnotes":""},"class_list":["post-4618","page","type-page","status-publish","hentry"],"acf":[],"_links":{"self":[{"href":"https:\/\/miamilawyers360.com\/es\/wp-json\/wp\/v2\/pages\/4618","targetHints":{"allow":["GET"]}}],"collection":[{"href":"https:\/\/miamilawyers360.com\/es\/wp-json\/wp\/v2\/pages"}],"about":[{"href":"https:\/\/miamilawyers360.com\/es\/wp-json\/wp\/v2\/types\/page"}],"author":[{"embeddable":true,"href":"https:\/\/miamilawyers360.com\/es\/wp-json\/wp\/v2\/users\/22"}],"replies":[{"embeddable":true,"href":"https:\/\/miamilawyers360.com\/es\/wp-json\/wp\/v2\/comments?post=4618"}],"version-history":[{"count":2,"href":"https:\/\/miamilawyers360.com\/es\/wp-json\/wp\/v2\/pages\/4618\/revisions"}],"predecessor-version":[{"id":5305,"href":"https:\/\/miamilawyers360.com\/es\/wp-json\/wp\/v2\/pages\/4618\/revisions\/5305"}],"up":[{"embeddable":true,"href":"https:\/\/miamilawyers360.com\/es\/wp-json\/wp\/v2\/pages\/4657"}],"wp:attachment":[{"href":"https:\/\/miamilawyers360.com\/es\/wp-json\/wp\/v2\/media?parent=4618"}],"curies":[{"name":"wp","href":"https:\/\/api.w.org\/{rel}","templated":true}]}}