{"id":4619,"date":"2021-02-24T21:23:20","date_gmt":"2021-02-24T21:23:20","guid":{"rendered":"https:\/\/miamilawyers360.com\/miami-beach\/workers-compensation-lawyer\/"},"modified":"2026-03-13T15:23:44","modified_gmt":"2026-03-13T19:23:44","slug":"abogado-compensacion-laboral","status":"publish","type":"page","link":"https:\/\/miamilawyers360.com\/es\/miami-beach\/abogado-compensacion-laboral\/","title":{"rendered":"Abogado de Compensaci\u00f3n Laboral de Miami Beach"},"content":{"rendered":"<p><span style=\"font-weight: 400;\">Un accidente laboral puede interrumpir sus actividades diarias. Puede provocar dolor y sufrimiento, estr\u00e9s, incertidumbre y p\u00e9rdida de salario. Su trabajo es su fuente de ingresos diaria. Si la negligencia o imprudencia de otra persona afecta su capacidad para realizar su trabajo, puede ser elegible para recibir una compensaci\u00f3n.<\/span><\/p>\n<p><span style=\"font-weight: 400;\">Un abogado de compensaci\u00f3n para trabajadores de Miami Beach puede asegurar sus beneficios de compensaci\u00f3n para trabajadores si se lesiona o se enferma debido a las condiciones dentro de su lugar de trabajo. Miami Lawyers 360 ha estado ayudando a los trabajadores de Florida a obtener compensaci\u00f3n por facturas m\u00e9dicas y salarios perdidos por lesiones en el lugar de trabajo. Un <a href=\"https:\/\/miamilawyers360.com\/es\/miami-beach\/abogado-lesiones-personales\/\">abogado de lesiones personales en Miami Beach<\/a> puede ayudarlo a obtener el acuerdo que se merece de las compa\u00f1\u00edas de seguros por sus lesiones.<\/span><\/p>\n<p><span style=\"font-weight: 400;\">Las leyes de compensaci\u00f3n laboral de Florida son complicadas. Necesita el asesoramiento legal s\u00f3lido de un abogado con experiencia que pueda proteger sus derechos e intereses legales. Nuestro equipo legal en Brev Law puede ayudarle a superar este momento dif\u00edcil. Revisaremos exhaustivamente todos los hechos de su reclamo para ayudarlo a obtener una compensaci\u00f3n. Ll\u00e1manos ahora al <a href=\"tel:+17866862857\"><i class=\"fa fa-phone-alt\"><\/i>(786) 686-2857<\/a> para comenzar.<\/span><\/p>\n<div class=\"embed-container\"><iframe src=\"https:\/\/www.youtube.com\/embed\/KWYoLY30uOc\" frameborder=\"0\" allowfullscreen=\"allowfullscreen\"><\/iframe><\/div>\n<h2><b>\u00bfQu\u00e9 es la compensaci\u00f3n laboral?<\/b><\/h2>\n<p><span style=\"font-weight: 400;\">Cualquier trabajador lesionado en <\/span><a href=\"https:\/\/en.wikipedia.org\/wiki\/Miami_Beach,_Florida\" target=\"_blank\" rel=\"noopener\"><span style=\"font-weight: 400;\">Miami Beach, FL<\/span><\/a><span style=\"font-weight: 400;\"> , merece una compensaci\u00f3n si la negligencia de otra parte provoc\u00f3 sus lesiones. Este sistema legal da derecho a los trabajadores a recibir beneficios, que incluyen:<\/span><\/p>\n<ul>\n<li><span style=\"font-weight: 400;\"> Atenci\u00f3n m\u00e9dica<\/span><\/li>\n<li><span style=\"font-weight: 400;\"> Beneficios por discapacidad<\/span><\/li>\n<li><span style=\"font-weight: 400;\"> Beneficios por discapacidad temporal<\/span><\/li>\n<li><span style=\"font-weight: 400;\"> Beneficios por discapacidad total permanente<\/span><\/li>\n<li><span style=\"font-weight: 400;\"> Beneficios por muerte<\/span><\/li>\n<\/ul>\n<p><span style=\"font-weight: 400;\">La compensaci\u00f3n para trabajadores brinda beneficios a los empleados que sufren enfermedades o lesiones en el lugar de trabajo. La cobertura de seguro est\u00e1 dise\u00f1ada para ayudar a compensar los costos asociados con las lesiones relacionadas con el trabajo.<\/span><\/p>\n<h2><b>\u00bfQu\u00e9 debo hacer si me lesiono en el trabajo?<\/b><\/h2>\n<p><span style=\"font-weight: 400;\">Para calificar para los beneficios de compensaci\u00f3n para trabajadores en Miami Beach, FL, hay varios pasos cruciales que debe seguir. Esto es lo que debe hacer despu\u00e9s de una lesi\u00f3n en el lugar de trabajo:<\/span><\/p>\n<h3><b>Notifique a su empleador<\/b><\/h3>\n<p><span style=\"font-weight: 400;\">En Florida, debe notificar a su empleador dentro de los 30 d\u00edas posteriores a su lesi\u00f3n en el lugar de trabajo. Puede tener una conversaci\u00f3n directa con su empleador o enviar una carta \/ correo electr\u00f3nico con respecto a su lesi\u00f3n.<\/span><\/p>\n<h3><b>Busque atenci\u00f3n m\u00e9dica<\/b><\/h3>\n<p><span style=\"font-weight: 400;\">Recuerde consultar a un m\u00e9dico si se lesiona en el lugar de trabajo. La m\u00e1s leve de las lesiones puede convertirse en lesiones graves. No ignore ning\u00fan tratamiento m\u00e9dico. El diagn\u00f3stico y la atenci\u00f3n adecuados pueden ayudar a impulsar su reclamo de compensaci\u00f3n para trabajadores en Miami Beach.<\/span><\/p>\n<p><a href=\"https:\/\/miamilawyers360.com\/wp-content\/uploads\/2021\/03\/workers-compensation-miami-beach-500x375-1.jpg\"><img fetchpriority=\"high\" decoding=\"async\" class=\"alignnone size-full wp-image-975\" src=\"https:\/\/miamilawyers360.com\/wp-content\/uploads\/2021\/03\/workers-compensation-miami-beach-500x375-1.jpg\" alt=\"A man with a hand injury from a work accident.\" width=\"500\" height=\"375\" \/><\/a><\/p>\n<h3><b>Documente sus lesiones<\/b><\/h3>\n<p><span style=\"font-weight: 400;\">Recuerde mantener un registro de sus s\u00edntomas y lesiones. Mantenga un registro detallado de su atenci\u00f3n m\u00e9dica, as\u00ed como cualquier otra cosa que pueda ayudar con su reclamo. Tomar fotos y videos de cualquier lesi\u00f3n visible puede ayudar a su abogado de compensaci\u00f3n laboral de Miami Beach a construir un caso s\u00f3lido.<\/span><\/p>\n<h3><b>Presentar una reclamaci\u00f3n<\/b><\/h3>\n<p><span style=\"font-weight: 400;\">Los empleadores en Florida deben presentar reclamos dentro de los siete d\u00edas posteriores a la fecha en que se enteran de lesiones espec\u00edficas. Esto se hace a trav\u00e9s de la compa\u00f1\u00eda de seguros de compensaci\u00f3n para trabajadores. Una vez hecho esto, se le pedir\u00e1 que env\u00ede m\u00e1s detalles a la aseguradora.<\/span><\/p>\n<h3><b>Descansar y recuperar<\/b><\/h3>\n<p><span style=\"font-weight: 400;\">Su salud y bienestar son fundamentales. Conc\u00e9ntrese en recuperarse antes de embarcarse en cualquier otra cosa. Nada es m\u00e1s importante que la atenci\u00f3n m\u00e9dica inmediata, as\u00ed como el reposo y la recuperaci\u00f3n.<\/span><\/p>\n<h2><b>\u00bfCu\u00e1les son las lesiones por accidentes laborales m\u00e1s comunes?<\/b><\/h2>\n<p><span style=\"font-weight: 400;\">Desafortunadamente, los tipos de lesiones que pueden ocurrir en el lugar de trabajo o en el lugar de trabajo son infinitos. Dependen principalmente de la industria espec\u00edfica en la que trabajan. En Miami Lawyers 360, nuestros respetables abogados de compensaci\u00f3n para trabajadores de Miami Beach pueden ayudarlo si se ha lesionado en un accidente laboral. Estas son las lesiones laborales m\u00e1s comunes que manejamos:<\/span><\/p>\n<ul>\n<li><span style=\"font-weight: 400;\"> Accidentes de construcci\u00f3n<\/span><\/li>\n<li><span style=\"font-weight: 400;\"> Lesiones de espalda o cuello<\/span><\/li>\n<li><span style=\"font-weight: 400;\"> Lesiones articulares<\/span><\/li>\n<li><span style=\"font-weight: 400;\"> Accidentes por resbalones y ca\u00eddas<\/span><\/li>\n<li><span style=\"font-weight: 400;\"> P\u00e9rdida de audici\u00f3n y visi\u00f3n.<\/span><\/li>\n<li><span style=\"font-weight: 400;\"> Fracturas por estr\u00e9s<\/span><\/li>\n<li><span style=\"font-weight: 400;\"> Lesiones causadas por herramientas o maquinaria en el lugar de trabajo.<\/span><\/li>\n<li><span style=\"font-weight: 400;\"> Lesiones sufridas durante viajes de negocios.<\/span><\/li>\n<li><span style=\"font-weight: 400;\"> Grabar<\/span><\/li>\n<li><span style=\"font-weight: 400;\"> Amputaciones<\/span><\/li>\n<li><span style=\"font-weight: 400;\"> Choques el\u00e9ctricos<\/span><\/li>\n<li><span style=\"font-weight: 400;\"> Laceraci\u00f3n severa<\/span><\/li>\n<\/ul>\n<h2><b>\u00bfPor qu\u00e9 deber\u00eda contratar a un abogado de indemnizaci\u00f3n laboral en Miami Beach?<\/b><\/h2>\n<p><span style=\"font-weight: 400;\">Cuanto antes se comunique con un abogado de compensaci\u00f3n para trabajadores de Miami Beach una vez que se lesione en el trabajo, mejor. Un abogado puede ayudarlo a construir un caso s\u00f3lido mientras se concentra en sanar y reconstruir su vida. Miami Lawyers 360 puede ayudarlo a:<\/span><\/p>\n<ul>\n<li><span style=\"font-weight: 400;\"> Recuperar ingresos perdidos<\/span><\/li>\n<li><span style=\"font-weight: 400;\"> Apelar reclamaciones denegadas y representar sus intereses en la corte.<\/span><\/li>\n<li><span style=\"font-weight: 400;\"> Solicitar beneficios por discapacidad del Seguro Social<\/span><\/li>\n<li><span style=\"font-weight: 400;\"> Presentar una demanda contra terceros negligentes.<\/span><\/li>\n<li><span style=\"font-weight: 400;\"> Si su empleador le proh\u00edbe presentar un reclamo<\/span><\/li>\n<li><span style=\"font-weight: 400;\"> Si no est\u00e1 satisfecho con la atenci\u00f3n m\u00e9dica que recibi\u00f3 de sus m\u00e9dicos de compensaci\u00f3n para trabajadores.<\/span><\/li>\n<\/ul>\n<p><span style=\"font-weight: 400;\">Comun\u00edquese con Miami Lawyers 360 hoy mismo si cree que tiene derecho a un reclamo de compensaci\u00f3n para trabajadores en Miami Beach, Florida. Nuestro equipo legal llevar\u00e1 a cabo investigaciones exhaustivas, presentar\u00e1 su reclamo, negociar\u00e1 con los ajustadores de seguros y lo representar\u00e1 en la corte.<\/span><\/p>\n<h2><b>\u00bfCu\u00e1nto cuesta contratar a un abogado de compensaci\u00f3n laboral en Miami Beach?<\/b><\/h2>\n<p><span style=\"font-weight: 400;\">El estado de Florida ha establecido los <\/span><a href=\"https:\/\/www.leg.state.fl.us\/statutes\/index.cfm?App_mode=Display_Statute&amp;URL=0400-0499\/0440\/Sections\/0440.34.html\" target=\"_blank\" rel=\"noopener\"><span style=\"font-weight: 400;\">honorarios de los abogados<\/span><\/a><span style=\"font-weight: 400;\"> para las reclamaciones de compensaci\u00f3n laboral en:<\/span><\/p>\n<ul>\n<li><span style=\"font-weight: 400;\"> 20% de los primeros $5,000 usd asegurados<\/span><\/li>\n<li><span style=\"font-weight: 400;\"> 15% de los pr\u00f3ximos $5,000 usd asegurados<\/span><\/li>\n<li><span style=\"font-weight: 400;\"> 10% de la cantidad restante durante los primeros 10 a\u00f1os<\/span><\/li>\n<li><span style=\"font-weight: 400;\"> 5% de la cantidad restante despu\u00e9s de 10 a\u00f1os<\/span><\/li>\n<\/ul>\n<p><span style=\"font-weight: 400;\">Si se comunica con un abogado de compensaci\u00f3n laboral en Miami Lawyers 360, no pagar\u00e1 ninguna tarifa por adelantado por nuestros servicios legales. Operamos sobre la base de una tarifa de contingencia. No paga en efectivo a menos que ganemos su reclamo de compensaci\u00f3n para trabajadores de Miami Beach.<\/span><\/p>\n<h2><b>\u00bfQu\u00e9 debo hacer si se rechaza mi reclamo de indemnizaci\u00f3n laboral?<\/b><\/h2>\n<p><span style=\"font-weight: 400;\">Tiene derecho a apelar la denegaci\u00f3n de su reclamo de compensaci\u00f3n para trabajadores en Florida. Las apelaciones son manejadas por la Oficina de Jueces de Reclamos de Compensaci\u00f3n de Florida. Una vez que su abogado de compensaci\u00f3n para trabajadores de Miami Beach presente su apelaci\u00f3n, se programar\u00e1 una audiencia dentro de los 40 d\u00edas.<\/span><\/p>\n<h2><b>\u00bfQu\u00e9 responsabilidad tiene el empleado al presentar una reclamaci\u00f3n de compensaci\u00f3n para trabajadores?<\/b><\/h2>\n<p><span style=\"font-weight: 400;\">Como empleado, es su responsabilidad:<\/span><\/p>\n<ul>\n<li><span style=\"font-weight: 400;\"> Informe su lesi\u00f3n a su supervisor lo antes posible. Las leyes de Florida requieren que se informe el accidente dentro de los 30 d\u00edas.<\/span><\/li>\n<li><span style=\"font-weight: 400;\"> Busque atenci\u00f3n m\u00e9dica de emergencia si es necesario<\/span><\/li>\n<li><span style=\"font-weight: 400;\"> Aseg\u00farese de elegir un m\u00e9dico especificado por su empleador. Esto garantiza que la compa\u00f1\u00eda de seguros cubrir\u00e1 su tratamiento por lesiones relacionadas con el trabajo.<\/span><\/li>\n<\/ul>\n<h2><b>\u00bfQu\u00e9 responsabilidad tiene el empleador en el proceso de compensaci\u00f3n laboral?<\/b><\/h2>\n<p><span style=\"font-weight: 400;\">Es responsabilidad de un empleado informar a su empleador sobre una lesi\u00f3n en el lugar de trabajo. Por otro lado, el empleador debe notificar inmediatamente a la aseguradora de compensaci\u00f3n para trabajadores sobre la lesi\u00f3n. Un empleador debe asegurarse de que el empleado reciba atenci\u00f3n m\u00e9dica dentro de un per\u00edodo razonable despu\u00e9s del accidente.<\/span><\/p>\n<p><span style=\"font-weight: 400;\">Un empleador tambi\u00e9n debe completar un \u00bb <\/span><a href=\"https:\/\/www.myfloridacfo.com\/Division\/WC\/pdf\/WC-System-Guide.pdf\" target=\"_blank\" rel=\"noopener\"><span style=\"font-weight: 400;\">Primer informe de lesi\u00f3n o enfermedad<\/span><\/a><span style=\"font-weight: 400;\">\u00ab. Este informe debe enviarse a la compa\u00f1\u00eda de seguros y a la Divisi\u00f3n de Compensaci\u00f3n para Trabajadores de Florida en un plazo de siete d\u00edas, independientemente de la gravedad de la lesi\u00f3n.<\/span><\/p>\n<h2><b>\u00bfMe pueden despedir por reclamar un reclamo de compensaci\u00f3n para trabajadores?<\/b><\/h2>\n<p><span style=\"font-weight: 400;\">Es contra las leyes de Florida que su empleador lo despida por presentar una reclamaci\u00f3n de compensaci\u00f3n para trabajadores. Recuerde, tiene el derecho legal de presentar una reclamaci\u00f3n como empleado. Es ilegal que su empleador rescinda su empleo sin un curso razonable.<\/span><\/p>\n<h2><b>\u00bfExiste un l\u00edmite de tiempo para presentar una reclamaci\u00f3n de compensaci\u00f3n para trabajadores en Miami Beach?<\/b><\/h2>\n<p><span style=\"font-weight: 400;\">Tiene un l\u00edmite de tiempo de dos a\u00f1os a partir de la fecha de su accidente para presentar una reclamaci\u00f3n de compensaci\u00f3n para trabajadores en Florida. Debe enviar su petici\u00f3n dentro de este per\u00edodo si desea asegurar un acuerdo por lesiones o enfermedades relacionadas con el trabajo. No obstante, existen algunas excepciones a este per\u00edodo seg\u00fan los estatutos de Florida.<\/span><\/p>\n<h2><b>\u00bfPuedo demandar a mi empleador?<\/b><\/h2>\n<p><span style=\"font-weight: 400;\">El estado de Florida requiere que la mayor\u00eda de los empleadores tengan cobertura de compensaci\u00f3n para trabajadores. Esta cobertura es el remedio exclusivo para sus accidentes laborales. Seg\u00fan esta pol\u00edtica, tiene derecho a recibir una compensaci\u00f3n por lesiones relacionadas con el trabajo, independientemente de qui\u00e9n tenga la culpa. Esto implica que no puede demandar a su empleador por las lesiones que sufra en el lugar de trabajo.<\/span><\/p>\n<p><a href=\"https:\/\/miamilawyers360.com\/wp-content\/uploads\/2021\/03\/miami-beach-workers-comp-7-500x333-1.jpg\"><img decoding=\"async\" class=\"alignnone size-full wp-image-976\" src=\"https:\/\/miamilawyers360.com\/wp-content\/uploads\/2021\/03\/miami-beach-workers-comp-7-500x333-1.jpg\" alt=\"Contact our Miami Beach workers' compensation lawyers today.\" width=\"500\" height=\"333\" \/><\/a><\/p>\n<h2><b>\u00bfPuede un contratista independiente presentar una reclamaci\u00f3n de compensaci\u00f3n laboral?<\/b><\/h2>\n<p><span style=\"font-weight: 400;\">T\u00e9cnicamente, los contratistas independientes no se consideran empleados. Los empleadores de Florida no tienen que comprar un seguro de compensaci\u00f3n para trabajadores para estas personas. Sin embargo, los empleadores en la industria de la construcci\u00f3n o relacionada con la construcci\u00f3n deben obtener un seguro de compensaci\u00f3n para trabajadores para cada trabajador en el sitio.<\/span><\/p>\n<h2><b>\u00bfCu\u00e1l es el valor de mi reclamo de indemnizaci\u00f3n por accidentes de trabajo en Miami Beach?<\/b><\/h2>\n<p><span style=\"font-weight: 400;\">Si ha sufrido lesiones en su lugar de trabajo, es posible que se pregunte cu\u00e1nto va a recibir. En Miami Lawyers 360, entendemos que muchos empleados conf\u00edan en sus beneficios. Es por eso que hacemos todo lo posible para construir casos s\u00f3lidos para maximizar la compensaci\u00f3n que obtienen nuestros clientes de Miami Beach.<\/span><\/p>\n<p><span style=\"font-weight: 400;\">Estos son algunos de los beneficios de compensaci\u00f3n para trabajadores que puede recibir en Miami Beach, Florida:<\/span><\/p>\n<ul>\n<li><span style=\"font-weight: 400;\"> Gastos m\u00e9dicos<\/span><\/li>\n<li><span style=\"font-weight: 400;\"> Salarios perdidos<\/span><\/li>\n<li><span style=\"font-weight: 400;\"> Gastos de viaje para citas y tratamientos con el m\u00e9dico.<\/span><\/li>\n<li><span style=\"font-weight: 400;\"> Beneficios de rehabilitaci\u00f3n f\u00edsica<\/span><\/li>\n<li><span style=\"font-weight: 400;\"> Beneficios de rehabilitaci\u00f3n vocacional<\/span><\/li>\n<li><span style=\"font-weight: 400;\"> Beneficios por discapacidad temporal<\/span><\/li>\n<\/ul>\n<p><span style=\"font-weight: 400;\">En el caso de una lesi\u00f3n catastr\u00f3fica, puede recibir hasta el 80% de su salario por no m\u00e1s de 104 semanas por incapacidad total temporal.<\/span><\/p>\n<p><span style=\"font-weight: 400;\">Tambi\u00e9n puede recibir una compensaci\u00f3n por incapacidad total permanente hasta que cumpla los 75 a\u00f1os de edad.<\/span><\/p>\n<h3><b>Beneficios por muerte<\/b><\/h3>\n<p><span style=\"font-weight: 400;\">Los c\u00f3nyuges o hijos sobrevivientes pueden cobrar los beneficios por fallecimiento de sus seres queridos. Estos beneficios generalmente tienen un tope de $ 150,000. Tambi\u00e9n pueden estar disponibles gastos funerarios de hasta $ 7,500.<\/span><\/p>\n<h2><b>Presente su reclamo con un abogado de compensaci\u00f3n laboral de Miami Beach<\/b><\/h2>\n<p><span style=\"font-weight: 400;\">Existen muchos conceptos err\u00f3neos sobre las leyes de compensaci\u00f3n laboral en Florida. Puede desanimarse f\u00e1cilmente cuando intenta buscar una compensaci\u00f3n por sus lesiones. Los accidentes en el lugar de trabajo pueden tener graves complicaciones e impactos duraderos. Un abogado con experiencia en lesiones laborales en Miami Beach puede ayudarlo a obtener la compensaci\u00f3n que se merece por sus lesiones.<\/span><\/p>\n<p><span style=\"font-weight: 400;\">En Miami Lawyers 360, nuestros abogados conocen bien las leyes de compensaci\u00f3n para trabajadores de Florida. Podemos ayudarlo durante todo el proceso de reclamaciones. Nuestro equipo legal ha estado ayudando a clientes en todo Miami Beach, FL, a obtener los beneficios que merecen por lesiones en el lugar de trabajo.<\/span><\/p>\n<p><span style=\"font-weight: 400;\">Llame al <a href=\"tel:+17866862857\"><i class=\"fa fa-phone-alt\"><\/i>(786) 686-2857<\/a> hoy para hablar con un abogado con experiencia sobre su accidente laboral. Estamos listos para ayudarlo a obtener su compensaci\u00f3n. Empiece ahora antes de que expire el estatuto de limitaciones de Florida.<\/span><\/p>\n","protected":false},"excerpt":{"rendered":"<p>Un accidente laboral puede interrumpir sus actividades diarias. Puede provocar dolor y sufrimiento, estr\u00e9s, incertidumbre y p\u00e9rdida de salario. Su trabajo es su fuente de ingresos diaria. Si la negligencia o imprudencia de otra persona afecta su capacidad para realizar su trabajo, puede ser elegible para recibir una compensaci\u00f3n. Un abogado de compensaci\u00f3n para trabajadores [&hellip;]<\/p>\n","protected":false},"author":22,"featured_media":0,"parent":4657,"menu_order":0,"comment_status":"closed","ping_status":"closed","template":"","meta":{"_acf_changed":false,"anchor_text":"","footnotes":""},"class_list":["post-4619","page","type-page","status-publish","hentry"],"acf":[],"_links":{"self":[{"href":"https:\/\/miamilawyers360.com\/es\/wp-json\/wp\/v2\/pages\/4619","targetHints":{"allow":["GET"]}}],"collection":[{"href":"https:\/\/miamilawyers360.com\/es\/wp-json\/wp\/v2\/pages"}],"about":[{"href":"https:\/\/miamilawyers360.com\/es\/wp-json\/wp\/v2\/types\/page"}],"author":[{"embeddable":true,"href":"https:\/\/miamilawyers360.com\/es\/wp-json\/wp\/v2\/users\/22"}],"replies":[{"embeddable":true,"href":"https:\/\/miamilawyers360.com\/es\/wp-json\/wp\/v2\/comments?post=4619"}],"version-history":[{"count":2,"href":"https:\/\/miamilawyers360.com\/es\/wp-json\/wp\/v2\/pages\/4619\/revisions"}],"predecessor-version":[{"id":5306,"href":"https:\/\/miamilawyers360.com\/es\/wp-json\/wp\/v2\/pages\/4619\/revisions\/5306"}],"up":[{"embeddable":true,"href":"https:\/\/miamilawyers360.com\/es\/wp-json\/wp\/v2\/pages\/4657"}],"wp:attachment":[{"href":"https:\/\/miamilawyers360.com\/es\/wp-json\/wp\/v2\/media?parent=4619"}],"curies":[{"name":"wp","href":"https:\/\/api.w.org\/{rel}","templated":true}]}}