{"id":4620,"date":"2021-02-24T21:25:49","date_gmt":"2021-02-25T02:25:49","guid":{"rendered":"https:\/\/miamilawyers360.com\/miami-gardens\/car-accident-lawyer\/"},"modified":"2026-03-13T15:21:27","modified_gmt":"2026-03-13T19:21:27","slug":"abogado-accidentes-automovilisticos","status":"publish","type":"page","link":"https:\/\/miamilawyers360.com\/es\/miami-gardens\/abogado-accidentes-automovilisticos\/","title":{"rendered":"Abogado de accidentes automovil\u00edsticos en Miami Gardens"},"content":{"rendered":"<p><span style=\"font-weight: 400;\">Seg\u00fan el Departamento de Seguridad Vial y Veh\u00edculos Motorizados de Florida (FLHSMV), en 2020, hubo 339,905 accidentes automovil\u00edsticos. 211.804 personas sufrieron da\u00f1os corporales o lesiones a causa de estos choques. Mientras que 3286 muertes ocurrieron por choques automovil\u00edsticos, 157 personas perdieron la vida debido a choques de bicicletas y otras 504 debido a choques de motocicletas. Cuando examina a los peatones, o aquellos que caminan en el momento de un accidente automovil\u00edstico, 699 perdieron la vida, las cifras de choques y huidas ascendieron a 255 muertes para 2020.<\/span><\/p>\n<p><span style=\"font-weight: 400;\">Si hace los c\u00e1lculos, resulta en aproximadamente 954 accidentes automovil\u00edsticos por d\u00eda en Florida. Con una poblaci\u00f3n de poco m\u00e1s de 21 millones. Puede ser conveniente para usted conocer los procedimientos legales que la mayor\u00eda sigue cuando se lesiona en un accidente automovil\u00edstico. Nuestros abogados de accidentes automovil\u00edsticos en Miami Gardens est\u00e1n aqu\u00ed para ayudarlo. Tiene que manejar el proceso de reclamos por su cuenta. Llame al <a href=\"tel:+17866862857\"><i class=\"fa fa-phone-alt\"><\/i>(786) 686-2857<\/a> para obtener ayuda de nuestros <a href=\"https:\/\/miamilawyers360.com\/es\/miami-gardens\/abogado-lesiones-personales\/\">abogados de lesiones personales.<\/a><\/span><\/p>\n<h2><b>\u00bfCu\u00e1nto cuesta un abogado de accidentes automovil\u00edsticos en Miami Gardens?<\/b><\/h2>\n<p><span style=\"font-weight: 400;\">Nuestros abogados trabajan con <\/span><a href=\"https:\/\/www.americanbar.org\/groups\/public_education\/resources\/law_issues_for_consumers\/lawyerfees_contingent\/\" target=\"_blank\" rel=\"noopener\"><span style=\"font-weight: 400;\">honorarios de contingencia<\/span><\/a><span style=\"font-weight: 400;\"> . Esto significa que no tiene que pagarnos hasta que se resuelva su reclamo. Nuestro pago proviene de un porcentaje del acuerdo que se le otorga. Si no gana su reclamo, no tiene que pagarnos.<\/span><\/p>\n<h2><b>\u00bfQu\u00e9 debo hacer despu\u00e9s de un accidente automovil\u00edstico?<\/b><\/h2>\n<p><span style=\"font-weight: 400;\">Despu\u00e9s de un accidente automovil\u00edstico, seguir estos pasos puede ayudarlo a asegurarse de tener un reclamo s\u00f3lido:<\/span><\/p>\n<h3><b>Comun\u00edquese con los primeros respondedores<\/b><\/h3>\n<p><span style=\"font-weight: 400;\">Lo primero que debe hacer despu\u00e9s de un accidente es comunicarse con la polic\u00eda. Si el accidente parece ser grave, tambi\u00e9n debe solicitar el env\u00edo de otros servicios de emergencia.<\/span><\/p>\n<h3><b>Controle a otras partes involucradas y no se vaya<\/b><\/h3>\n<p><span style=\"font-weight: 400;\">Lo siguiente que debe hacer despu\u00e9s de haber llamado a los servicios de emergencia es verificar si hay otras partes involucradas. Si sufrieron da\u00f1os y usted sabe primeros auxilios o tiene capacitaci\u00f3n m\u00e9dica, br\u00edndeles ayuda. No se vaya, ya que esto podr\u00eda hacerlo responsable y, potencialmente, enfrentar\u00e1 cargos penales.<\/span><\/p>\n<h3><b>Intercambiar informaci\u00f3n<\/b><\/h3>\n<p><span style=\"font-weight: 400;\">En esta etapa, desea intercambiar informaci\u00f3n de contacto con otras personas involucradas en la escena. La informaci\u00f3n relevante ser\u00eda la direcci\u00f3n, el n\u00famero de tel\u00e9fono y el correo electr\u00f3nico. Aunque est\u00e9 intercambiando informaci\u00f3n, trate de mantener la correspondencia al m\u00ednimo.<\/span><\/p>\n<h3><b>Graba la escena<\/b><\/h3>\n<p><span style=\"font-weight: 400;\">Tome fotograf\u00edas y fotos como registros de la escena. No descuides el \u00e1rea circundante y la carretera. Esta puede ser una evidencia vital en una fecha posterior. Recuerde tambi\u00e9n tomar fotos y videos de sus lesiones y las de la otra persona, esto tambi\u00e9n puede usarse como evidencia.<\/span><\/p>\n<p><a href=\"https:\/\/miamilawyers360.com\/wp-content\/uploads\/2021\/02\/miami-gardens-car-accident-evidence-2-500x332-1.jpg\"><img fetchpriority=\"high\" decoding=\"async\" class=\"alignnone size-full wp-image-866\" src=\"https:\/\/miamilawyers360.com\/wp-content\/uploads\/2021\/02\/miami-gardens-car-accident-evidence-2-500x332-1.jpg\" alt=\"A man taking photos of damage to his car after an accident.\" width=\"500\" height=\"332\" \/><\/a><\/p>\n<h3><b>Nunca te eches la culpa<\/b><\/h3>\n<p><span style=\"font-weight: 400;\">Si admite culpa en la escena, puede ser considerado responsable en una fecha posterior. Por lo tanto, nunca admitas la culpa.<\/span><\/p>\n<h3><b>Busque atenci\u00f3n m\u00e9dica<\/b><\/h3>\n<p><span style=\"font-weight: 400;\">Si est\u00e1 herido, busque atenci\u00f3n m\u00e9dica. Incluso si cree que est\u00e1 bien, puede ser beneficioso consultar a un m\u00e9dico, ya que no todas las lesiones se manifiestan en la superficie. Supervise sus lesiones despu\u00e9s y mantenga un registro de las actualizaciones.<\/span><\/p>\n<h3><b>\u00a1Llame a un abogado de accidentes automovil\u00edsticos de Miami Gardens!<\/b><\/h3>\n<p><span style=\"font-weight: 400;\">Comun\u00edquese con un abogado de accidentes automovil\u00edsticos para averiguar si tiene un caso civil. Su abogado de accidentes automovil\u00edsticos lo guiar\u00e1 a trav\u00e9s de todo el proceso legal.<\/span><\/p>\n<h2><b>\u00bfCu\u00e1l es la liquidaci\u00f3n promedio para un accidente automovil\u00edstico?<\/b><\/h2>\n<p><span style=\"font-weight: 400;\">En Florida, la liquidaci\u00f3n promedio por un accidente automovil\u00edstico es de aproximadamente $ 15,000. Para choques m\u00e1s severos, el asentamiento aumenta.<\/span><\/p>\n<h2><b>\u00bfCu\u00e1ndo debo contratar a un abogado para mi accidente automovil\u00edstico?<\/b><\/h2>\n<p><span style=\"font-weight: 400;\">Tan pronto como sea posible, esto asegurar\u00e1 que no se equivoque en el proceso legal. Incluso si cree que no puede resultar nada del accidente, siempre es mejor consultar a un abogado cuando haya tenido un accidente automovil\u00edstico.<\/span><\/p>\n<h2><b>\u00bfPor qu\u00e9 necesito un abogado de accidentes automovil\u00edsticos en Miami Gardens?<\/b><\/h2>\n<p><span style=\"font-weight: 400;\">La primera raz\u00f3n por la que puede estar inclinado a contratar a un abogado se debe a su conocimiento del proceso legal. Ellos podr\u00e1n guiarlo a trav\u00e9s de todos los pasos, la preparaci\u00f3n del caso, los acuerdos y la representaci\u00f3n del juicio. El proceso ser\u00e1 confuso para que navegue solo.<\/span><\/p>\n<h3><b>Preparaci\u00f3n del caso \/ Presentaci\u00f3n de una demanda<\/b><\/h3>\n<p><span style=\"font-weight: 400;\">Su abogado lo guiar\u00e1 a trav\u00e9s del proceso, se encargar\u00e1 de la preparaci\u00f3n de su caso y presentar\u00e1 una demanda en su nombre. Su conocimiento de la ley y esta \u00e1rea les dar\u00e1 una ventaja.<\/span><\/p>\n<p><span style=\"font-weight: 400;\">Si dice ciertas cosas en p\u00fablico, todo su caso podr\u00eda verse en peligro. Una ley lo prepara para un caso, al mismo tiempo que brinda asesoramiento sobre la mejor manera de navegar en este nuevo entorno legal. Las compa\u00f1\u00edas de seguros a menudo intentan que las personas digan cosas que pueden usarse en su contra en los tribunales.<\/span><\/p>\n<h3><b>Negociaci\u00f3n de liquidaci\u00f3n<\/b><\/h3>\n<p><span style=\"font-weight: 400;\">Es com\u00fan que las personas se establezcan demasiado pronto. Un abogado evitar\u00e1 que esto suceda, presionar\u00e1n para que obtenga lo que se merece. Cuando una empresa intenta forzarlo, un abogado que est\u00e1 acostumbrado a esto lo defender\u00e1.<\/span><\/p>\n<h3><b>Preparaci\u00f3n y representaci\u00f3n del juicio<\/b><\/h3>\n<p><span style=\"font-weight: 400;\">Su abogado luego completar\u00e1 toda la preparaci\u00f3n y representaci\u00f3n del juicio si usted va a juicio. Es posible que no sepa c\u00f3mo reunir pruebas, por lo que es mejor que un abogado se encargue de esto.<\/span><\/p>\n<h2><b>\u00bfCu\u00e1nto puedo esperar recibir por mis da\u00f1os?<\/b><\/h2>\n<p><span style=\"font-weight: 400;\">En Florida, la liquidaci\u00f3n promedio por un accidente automovil\u00edstico es de aproximadamente $ 15,000. Para choques m\u00e1s severos, el asentamiento aumenta.<\/span><\/p>\n<h2><b>\u00bfQu\u00e9 tipos de da\u00f1os puedo recuperar?<\/b><\/h2>\n<ul>\n<li><b>Econ\u00f3mico <\/b><span style=\"font-weight: 400;\">: es posible que pueda recuperar algunos da\u00f1os financieros que compensan las p\u00e9rdidas que sufri\u00f3 como resultado del accidente.<\/span><\/li>\n<li><b>No econ\u00f3mico <\/b><span style=\"font-weight: 400;\">: en Florida, puede reclamar da\u00f1os no econ\u00f3micos. Es mejor que discuta esto directamente con un abogado, ya que no existe un est\u00e1ndar fijo para probar da\u00f1os no econ\u00f3micos. Puede, por ejemplo, demandar por dolor y sufrimiento.<\/span><\/li>\n<li><b>Punitivo <\/b><span style=\"font-weight: 400;\">: una persona puede ser declarada culpable de un delito en un tribunal de justicia.<\/span><\/li>\n<\/ul>\n<h2><b>\u00bfC\u00f3mo se determina la culpa en Florida?<\/b><\/h2>\n<p><span style=\"font-weight: 400;\">En Florida, la culpa se determina mediante un principio conocido como negligencia comparativa. Por lo tanto, los expertos determinan qu\u00e9 individuo tuvo la culpa,<\/span><\/p>\n<h2><b>\u00bfCu\u00e1nto tiempo tengo para presentar una reclamaci\u00f3n?<\/b><\/h2>\n<p><span style=\"font-weight: 400;\">En Florida, tiene hasta cuatro a\u00f1os para reclamar por un accidente automovil\u00edstico.<\/span><\/p>\n<h2><b>\u00bfC\u00f3mo puede un abogado de accidentes automovil\u00edsticos de Miami Gardens ayudarme a presentar mi reclamo de seguro?<\/b><\/h2>\n<p><span style=\"font-weight: 400;\">Es posible que su compa\u00f1\u00eda de seguros se muestre reacia a aceptar su reclamo porque no quiere pagar. En este caso, es mejor que lo represente un abogado, ya que la empresa lo tomar\u00e1 en serio. Tambi\u00e9n es poco probable que un abogado se equivoque con el papeleo. Al presentar la informaci\u00f3n correctamente, es menos probable que se descarte la afirmaci\u00f3n.<\/span><\/p>\n<h2><b>\u00bfQu\u00e9 puedo hacer si el seguro rechaza mi reclamo?<\/b><\/h2>\n<p><span style=\"font-weight: 400;\">Su abogado de accidentes automovil\u00edsticos de <\/span><a href=\"https:\/\/en.wikipedia.org\/wiki\/Miami_Gardens,_Florida\" target=\"_blank\" rel=\"noopener\"><span style=\"font-weight: 400;\">Miami Gardens<\/span><\/a><span style=\"font-weight: 400;\"> puede presentar una apelaci\u00f3n, es posible que haya habido informaci\u00f3n que pasaron por alto. Los abogados a menudo obtienen el pago de las reclamaciones apeladas.<\/span><\/p>\n<h2><b>\u00bfTengo un caso?<\/b><\/h2>\n<p><span style=\"font-weight: 400;\">No lo sabr\u00e1 hasta que un abogado examine el caso. Los abogados conocen el campo legal, por lo que a menudo se fortalecen en su posici\u00f3n de conocimiento.<\/span><\/p>\n<h2><b>\u00bfQu\u00e9 pasa si el otro conductor no tiene seguro?<\/b><\/h2>\n<p><span style=\"font-weight: 400;\">En estos casos, debe ponerse en contacto con su compa\u00f1\u00eda de seguros lo antes posible. Si el otro conductor no coopera, es posible que deba denunciarlo a la polic\u00eda.<\/span><\/p>\n<h2><b>\u00bfC\u00f3mo puedo obtener un informe de accidente en Florida?<\/b><\/h2>\n<p><span style=\"font-weight: 400;\">En Florida, cuesta $10 uds obtener un informe de accidente. Debe obtener un informe despu\u00e9s de un accidente.<\/span><\/p>\n<p><a href=\"https:\/\/miamilawyers360.com\/wp-content\/uploads\/2021\/02\/miami-gardens-rear-end-car-accident-500x333-1.jpg\"><img decoding=\"async\" class=\"alignnone size-full wp-image-867\" src=\"https:\/\/miamilawyers360.com\/wp-content\/uploads\/2021\/02\/miami-gardens-rear-end-car-accident-500x333-1.jpg\" alt=\"Schedule a free consultation with a Miami Gardens car accident lawyer today.\" width=\"500\" height=\"333\" \/><\/a><\/p>\n<h2><b>Lesiones comunes por accidentes automovil\u00edsticos<\/b><\/h2>\n<ul>\n<li><b>Lesiones cerebrales <\/b><span style=\"font-weight: 400;\">: hay una variedad de lesiones cerebrales que puede experimentar como resultado de un accidente automovil\u00edstico. Estos incluyen accidente cerebrovascular, hemorragia cerebral, conmoci\u00f3n cerebral y m\u00e1s.<\/span><\/li>\n<li><b>Lesiones de <\/b><span style=\"font-weight: 400;\">espalda: las lesiones de espalda que pueden sufrir incluyen desgarros de ligamentos, discos abultados y rotos, as\u00ed como otras afecciones.<\/span><\/li>\n<li><b>Lesiones en el cuello <\/b><span style=\"font-weight: 400;\">: `Las lesiones en el cuello que puede sufrir incluyen latigazo cervical, da\u00f1o a la m\u00e9dula espinal o distensi\u00f3n.<\/span><\/li>\n<li><b>Lesiones en la cabeza: las lesiones <\/b><span style=\"font-weight: 400;\">graves en la cabeza pueden ejercer presi\u00f3n sobre el cerebro. La persona puede encontrar que su habla est\u00e1 alterada y que est\u00e1 experimentando.<\/span><\/li>\n<li><b>Lesiones internas <\/b><span style=\"font-weight: 400;\">: invisibles desde el exterior, los signos de lesiones internas pueden ser dolor abdominal, sangre en la orina y piel sudorosa.<\/span><\/li>\n<li><b>Desfiguraci\u00f3n facial <\/b><span style=\"font-weight: 400;\">: marca, afecci\u00f3n o cicatriz que distorsiona la apariencia de la cara.<\/span><\/li>\n<li><b>Lesiones de piernas y rodillas: las lesiones <\/b><span style=\"font-weight: 400;\">comunes incluyen esguinces, fracturas, fracturas compuestas y desgarros.<\/span><\/li>\n<li><b>Lesiones de la m\u00e9dula espinal <\/b><span style=\"font-weight: 400;\">: seg\u00fan el nivel de la lesi\u00f3n de la m\u00e9dula espinal, es posible que algunas personas no puedan caminar. Esto se considera un trauma extremadamente dif\u00edcil que puede afectar a una persona durante a\u00f1os.<\/span><\/li>\n<li><b>Muerte <\/b><span style=\"font-weight: 400;\">: en los peores accidentes, ocurre la muerte.<\/span><\/li>\n<\/ul>\n<h2><b>Tipos de accidentes automovil\u00edsticos que manejamos<\/b><\/h2>\n<p><span style=\"font-weight: 400;\">A continuaci\u00f3n se muestran varios accidentes automovil\u00edsticos diferentes en los que nuestros abogados de <\/span><a href=\"https:\/\/en.wikipedia.org\/wiki\/Miami_Gardens,_Florida\" target=\"_blank\" rel=\"noopener\"><span style=\"font-weight: 400;\">Miami Gardens<\/span><\/a><span style=\"font-weight: 400;\"> pueden ayudarlo:<\/span><\/p>\n<ul>\n<li><span style=\"font-weight: 400;\"> Conducir bajo la influencia de accidentes (bebidas y drogas)<\/span><\/li>\n<li><span style=\"font-weight: 400;\"> Conducci\u00f3n distra\u00edda<\/span><\/li>\n<li><span style=\"font-weight: 400;\"> Colisiones frontales<\/span><\/li>\n<li><span style=\"font-weight: 400;\"> Accidentes de atropello y fuga<\/span><\/li>\n<li><span style=\"font-weight: 400;\"> Accidentes por detr\u00e1s<\/span><\/li>\n<li><span style=\"font-weight: 400;\"> Conducci\u00f3n imprudente<\/span><\/li>\n<li><span style=\"font-weight: 400;\"> Accidentes de viajes compartidos<\/span><\/li>\n<li><span style=\"font-weight: 400;\"> Accidentes por vuelco<\/span><\/li>\n<li><span style=\"font-weight: 400;\"> Accidentes por exceso de velocidad<\/span><\/li>\n<li><span style=\"font-weight: 400;\"> Conductor sin seguro<\/span><\/li>\n<\/ul>\n<p><span style=\"font-weight: 400;\">Contamos con varios abogados con experiencia que pueden brindarle asesor\u00eda legal en las \u00e1reas mencionadas. Con a\u00f1os de experiencia en esta pr\u00e1ctica, nos aseguramos de impulsar sus mejores intereses al negociar con las compa\u00f1\u00edas de seguros en su nombre.<\/span><\/p>\n<h2><b>Presente su reclamo por accidente automovil\u00edstico con nuestros abogados<\/b><\/h2>\n<p><span style=\"font-weight: 400;\">Nunca se sabe cu\u00e1ndo ocurrir\u00e1 un accidente automovil\u00edstico y eso hace que sea a\u00fan m\u00e1s estresante cuando usted u otra persona resulta lesionada. En estas circunstancias, existe un asesor legal que puede ayudarlo a navegar estas circunstancias a menudo dif\u00edciles. No dude en ponerse en contacto con nuestra firma de lesiones personales si tiene alguna otra pregunta sin respuesta. <a href=\"https:\/\/miamilawyers360.com\/es\/\">\u00a1Estamos aqu\u00ed para ayudar!<\/a><\/span><\/p>\n","protected":false},"excerpt":{"rendered":"<p>Seg\u00fan el Departamento de Seguridad Vial y Veh\u00edculos Motorizados de Florida (FLHSMV), en 2020, hubo 339,905 accidentes automovil\u00edsticos. 211.804 personas sufrieron da\u00f1os corporales o lesiones a causa de estos choques. Mientras que 3286 muertes ocurrieron por choques automovil\u00edsticos, 157 personas perdieron la vida debido a choques de bicicletas y otras 504 debido a choques de [&hellip;]<\/p>\n","protected":false},"author":22,"featured_media":0,"parent":4659,"menu_order":0,"comment_status":"closed","ping_status":"closed","template":"","meta":{"_acf_changed":false,"anchor_text":"","footnotes":""},"class_list":["post-4620","page","type-page","status-publish","hentry"],"acf":[],"_links":{"self":[{"href":"https:\/\/miamilawyers360.com\/es\/wp-json\/wp\/v2\/pages\/4620","targetHints":{"allow":["GET"]}}],"collection":[{"href":"https:\/\/miamilawyers360.com\/es\/wp-json\/wp\/v2\/pages"}],"about":[{"href":"https:\/\/miamilawyers360.com\/es\/wp-json\/wp\/v2\/types\/page"}],"author":[{"embeddable":true,"href":"https:\/\/miamilawyers360.com\/es\/wp-json\/wp\/v2\/users\/22"}],"replies":[{"embeddable":true,"href":"https:\/\/miamilawyers360.com\/es\/wp-json\/wp\/v2\/comments?post=4620"}],"version-history":[{"count":2,"href":"https:\/\/miamilawyers360.com\/es\/wp-json\/wp\/v2\/pages\/4620\/revisions"}],"predecessor-version":[{"id":5301,"href":"https:\/\/miamilawyers360.com\/es\/wp-json\/wp\/v2\/pages\/4620\/revisions\/5301"}],"up":[{"embeddable":true,"href":"https:\/\/miamilawyers360.com\/es\/wp-json\/wp\/v2\/pages\/4659"}],"wp:attachment":[{"href":"https:\/\/miamilawyers360.com\/es\/wp-json\/wp\/v2\/media?parent=4620"}],"curies":[{"name":"wp","href":"https:\/\/api.w.org\/{rel}","templated":true}]}}