{"id":4621,"date":"2021-02-24T21:26:38","date_gmt":"2021-02-25T02:26:38","guid":{"rendered":"https:\/\/miamilawyers360.com\/miami-gardens\/personal-injury-lawyer\/"},"modified":"2026-03-13T15:20:44","modified_gmt":"2026-03-13T19:20:44","slug":"abogado-lesiones-personales","status":"publish","type":"page","link":"https:\/\/miamilawyers360.com\/es\/miami-gardens\/abogado-lesiones-personales\/","title":{"rendered":"Abogado de lesiones personales en Miami Gardens"},"content":{"rendered":"<p><span style=\"font-weight: 400;\">Las lesiones personales son las lesiones sufridas en el cuerpo, la mente o las emociones de una persona. Si ha sufrido lesiones recientemente, puede dar fe del hecho de que no importa cu\u00e1n graves sean, lo que resulta mucho m\u00e1s dif\u00edcil de superar es la confusi\u00f3n emocional que se produce. Y aunque los accidentes que causan lesiones personales son desafortunados, a menudo no son causados \u200b\u200bpor la propia v\u00edctima. Si ha resultado lesionado debido a las acciones de otra persona o la negligencia o descuido de una entidad, tiene derecho a demandar a la parte responsable y buscar una compensaci\u00f3n por sus da\u00f1os.<\/span><\/p>\n<p><span style=\"font-weight: 400;\">Dado que el estado de Florida tiene leyes distintas que rigen el tema de la culpa cuando se trata de accidentes, y otras leyes que se refieren a cu\u00e1ndo se puede presentar una demanda por lesiones personales, es esencial que usted, como v\u00edctima, se comunique con un experimentado y abogado experto en lesiones personales de Miami Gardens. Si actualmente est\u00e1 pensando en presentar un reclamo por las lesiones sufridas, comun\u00edquese con Miami Lawyers 360 para obtener asesoramiento y representaci\u00f3n legal profesional.<\/span><\/p>\n<p><span style=\"font-weight: 400;\">Nuestros abogados expertos y profesionales en lesiones personales est\u00e1n listos y dispuestos a ayudarlo a buscar la compensaci\u00f3n que se merece por sus da\u00f1os. Llame hoy a nuestra <a href=\"https:\/\/miamilawyers360.com\/es\/miami-gardens\/\">firma de lesiones de Miami Gardens<\/a> y programe una reuni\u00f3n de consulta inicial gratuita con nuestro equipo.<\/span><\/p>\n<h2><b>\u00bfQu\u00e9 debo hacer despu\u00e9s de estar involucrado en un accidente?<\/b><\/h2>\n<p><span style=\"font-weight: 400;\">Aqu\u00ed hay un par de cosas que debe considerar hacer inmediatamente despu\u00e9s de un accidente para garantizar su bienestar y mejorar sus posibilidades de obtener da\u00f1os por las lesiones sufridas.<\/span><\/p>\n<p><span style=\"font-weight: 400;\">Busque atenci\u00f3n m\u00e9dica de inmediato. Incluso si se siente bien, aseg\u00farese de visitar la sala de emergencias o el hospital m\u00e1s cercano para un examen y tratamiento.<\/span><\/p>\n<p><span style=\"font-weight: 400;\">Tome fotograf\u00edas de sus lesiones, da\u00f1os y lo que caus\u00f3 el accidente. Estos pueden usarse como evidencia para respaldar su caso cuando busque una compensaci\u00f3n.<\/span><\/p>\n<p><span style=\"font-weight: 400;\">Informe el incidente a las autoridades pertinentes de inmediato. Si ha estado involucrado en un accidente automovil\u00edstico, llame a la polic\u00eda y si se lesion\u00f3 en el trabajo, notifique a su gerente o supervisor de inmediato.<\/span><\/p>\n<p><a href=\"https:\/\/miamilawyers360.com\/wp-content\/uploads\/2021\/03\/miami-gardens-personal-injury-lawyer-500x333-1.jpg\"><img fetchpriority=\"high\" decoding=\"async\" class=\"alignnone size-full wp-image-1084\" src=\"https:\/\/miamilawyers360.com\/wp-content\/uploads\/2021\/03\/miami-gardens-personal-injury-lawyer-500x333-1.jpg\" alt=\"A Miami Gardens personal injury lawyer reviewing a compensation claim with a client.\" width=\"500\" height=\"333\" \/><\/a><\/p>\n<p><span style=\"font-weight: 400;\">Mantenga un registro de todos los informes y documentos relacionados con su accidente, desde los informes policiales hasta las facturas del hospital, los registros de los empleadores que demuestren la p\u00e9rdida de salarios y las fotos que tom\u00f3 en el lugar del accidente.<\/span><\/p>\n<p><span style=\"font-weight: 400;\">Si hubo testigos cuando ocurri\u00f3 el accidente, p\u00eddales que le proporcionen su informaci\u00f3n de contacto: nombre, n\u00famero de tel\u00e9fono, etc.<\/span><\/p>\n<p><span style=\"font-weight: 400;\">No admitas culpa. Inmediatamente despu\u00e9s del accidente, evite discutir el incidente con la otra parte o con quienes est\u00e9n cerca, y no confiese que usted tuvo la culpa. Hacerlo podr\u00eda obstaculizar sus posibilidades de recibir una compensaci\u00f3n por los da\u00f1os sufridos. La \u00fanica persona con la que se le aconseja que hable de su accidente es un abogado. Para obtener representaci\u00f3n legal profesional y confiable, llame a Miami Lawyers 360 ahora.<\/span><\/p>\n<h2><b>\u00bfHay alg\u00fan beneficio por contratar a un abogado de lesiones personales en Miami Gardens?<\/b><\/h2>\n<p><span style=\"font-weight: 400;\">Hay varios beneficios al contratar a un abogado de lesiones personales profesional y hacer que manejen su reclamo. A continuaci\u00f3n, presentamos algunos:<\/span><\/p>\n<h3><b>Preparaci\u00f3n del caso<\/b><\/h3>\n<p><span style=\"font-weight: 400;\">Los reclamos por lesiones personales tienden a ser complicados y, a menudo, requieren a alguien con experiencia y conocimiento suficiente para preparar un reclamo y verlo a trav\u00e9s de todos los diferentes procesos legales involucrados. Los abogados de lesiones personales saben lo que se necesita para presentar un reclamo; ellos comprenden los entresijos de la recopilaci\u00f3n de pruebas, hablar con testigos, preparar un caso, presentar los documentos legales pertinentes y comunicarse con el tribunal, las compa\u00f1\u00edas de seguros y los abogados de la otra parte para asegurarse de que su caso sea escuchado y que finalmente sea compensado por tus problemas.<\/span><\/p>\n<h3><b>Negociaci\u00f3n de liquidaci\u00f3n<\/b><\/h3>\n<p><span style=\"font-weight: 400;\">Otra tarea realizada por los abogados de lesiones personales es negociar los t\u00e9rminos con todas las partes involucradas (compa\u00f1\u00edas de seguros y los abogados de la otra parte) para garantizar que se llegue a un acuerdo de resoluci\u00f3n preferible.<\/span><\/p>\n<h3><b>Preparaci\u00f3n del juicio<\/b><\/h3>\n<p><span style=\"font-weight: 400;\">En caso de que no se haya llegado a un acuerdo extrajudicial, la siguiente opci\u00f3n ser\u00eda ir a juicio. Lo bueno de los abogados de lesiones personales, como los de Miami Lawyers 360, es que tienen las habilidades y la experiencia necesarias para luchar por sus mejores intereses en la corte.<\/span><\/p>\n<h2><b>\u00bfQu\u00e9 tipos de da\u00f1os puedo recuperar de un reclamo por lesiones personales en Miami Gardens?<\/b><\/h2>\n<p><span style=\"font-weight: 400;\">Algunas de las indemnizaciones a las que las v\u00edctimas de lesiones personales tienen derecho incluyen:<\/span><\/p>\n<h3><b>Da\u00f1os econ\u00f3micos<\/b><\/h3>\n<p><span style=\"font-weight: 400;\">Esto cubre todos los costos relacionados con salarios perdidos, diagn\u00f3stico m\u00e9dico, tratamiento, asistencia para la recuperaci\u00f3n, fisioterapia y cualquier otra p\u00e9rdida cuyo valor monetario sea determinable.<\/span><\/p>\n<h3><b>Da\u00f1os no econ\u00f3micos<\/b><\/h3>\n<p><span style=\"font-weight: 400;\">Esto cubre p\u00e9rdidas en las que incurri\u00f3 pero que no se pueden determinar o que no tienen valor monetario como desfiguraci\u00f3n f\u00edsica, par\u00e1lisis y otras.<\/span><\/p>\n<h3><b>Da\u00f1os punitivos<\/b><\/h3>\n<p><span style=\"font-weight: 400;\">Estos da\u00f1os generalmente se persiguen si las investigaciones preliminares muestran que la parte que caus\u00f3 las lesiones actu\u00f3 con indiferencia, instigando as\u00ed el accidente. Para que se apliquen da\u00f1os punitivos, un abogado debe tener pruebas suficientes para respaldar su reclamo.<\/span><\/p>\n<h2><b>\u00bfC\u00f3mo se determina la responsabilidad por lesiones personales en Florida?<\/b><\/h2>\n<p><span style=\"font-weight: 400;\">Para probar la responsabilidad, usted, la v\u00edctima, debe probar que la persona o entidad que provoc\u00f3 sus lesiones actu\u00f3 con negligencia. La negligencia se define como no actuar con el nivel de cuidado que una persona de prudencia ordinaria habr\u00eda ejercido en circunstancias similares.<\/span><\/p>\n<p><span style=\"font-weight: 400;\">Hay cuatro cosas que debe probar al presentar un reclamo por negligencia en Florida. Estos son:<\/span><\/p>\n<ul>\n<li><b>Deber de cuidado <\/b><span style=\"font-weight: 400;\">: el culpable le deb\u00eda un deber legal de cuidado; lo que significa que le deb\u00edan una obligaci\u00f3n legal \/ moral de garantizar su bienestar o seguridad.<\/span><\/li>\n<li><b>Incumplimiento del deber <\/b><span style=\"font-weight: 400;\">: el culpable viol\u00f3 su deber legal para con usted.<\/span><\/li>\n<li><b>Causalidad <\/b><span style=\"font-weight: 400;\">: El incumplimiento del deber por parte del culpable es lo que provoc\u00f3 que usted se lesionara. Si no hubieran violado su deber; no estar\u00edas en un lugar tan dif\u00edcil.<\/span><\/li>\n<li><b>Da\u00f1os <\/b><span style=\"font-weight: 400;\">: incurri\u00f3 en p\u00e9rdidas inesperadas (da\u00f1os a la propiedad, salarios perdidos, etc.) y da\u00f1os (lesiones, facturas m\u00e9dicas, etc.) debido al accidente.<\/span><\/li>\n<\/ul>\n<h2><b>\u00bfCu\u00e1nto tiempo tengo para presentar un reclamo por lesiones personales en Florida?<\/b><\/h2>\n<p><span style=\"font-weight: 400;\">Las v\u00edctimas de lesiones personales en Florida <\/span><a href=\"https:\/\/www.leg.state.fl.us\/Statutes\/index.cfm?App_mode=Display_Statute&amp;URL=0000-0099\/0095\/Sections\/0095.11.html\" target=\"_blank\" rel=\"noopener\"><span style=\"font-weight: 400;\">tienen cuatro (4) a\u00f1os<\/span><\/a><span style=\"font-weight: 400;\"> desde el d\u00eda en que se lesionaron para presentar una demanda contra el acusado. Sin embargo, esto puede variar seg\u00fan los tipos de lesiones involucradas y la naturaleza del caso. En los casos de muerte por negligencia, la familia de la v\u00edctima solo tiene dos (2) a\u00f1os para presentar un reclamo.<\/span><\/p>\n<h2><b>\u00bfCu\u00e1nto cuesta contratar a un abogado de lesiones personales en Miami Gardens?<\/b><\/h2>\n<p><span style=\"font-weight: 400;\">La mayor\u00eda de las v\u00edctimas de lesiones temen contratar los servicios de un abogado porque piensan que cuesta una fortuna contratar servicios legales. Si bien ese puede ser el caso, generalmente no se aplica a la mayor\u00eda de los casos de lesiones, ya que la mayor\u00eda de las pr\u00e1cticas que representan a las v\u00edctimas de lesiones personales ofrecen sus servicios de manera contingente. Esto significa que usted, la v\u00edctima, no est\u00e1 obligado a pagar nada, ya sea honorarios de consulta o anticipo, para que un abogado se encargue de su caso.<\/span><\/p>\n<p><a href=\"https:\/\/miamilawyers360.com\/wp-content\/uploads\/2021\/03\/miami-gardens-elbow-injury-6-500x331-1.jpg\"><img decoding=\"async\" class=\"alignnone size-full wp-image-1086\" src=\"https:\/\/miamilawyers360.com\/wp-content\/uploads\/2021\/03\/miami-gardens-elbow-injury-6-500x331-1.jpg\" alt=\"A man getting medical treatment for an elbow injury.\" width=\"500\" height=\"331\" \/><\/a><\/p>\n<p><span style=\"font-weight: 400;\">La pr\u00e1ctica legal o el abogado que representa cubre todos los costos y gastos desde el principio hasta el final del reclamo y solo se les paga si ganan el caso. Miami Lawyers 360 se encarga de todos los casos de lesiones personales con una tarifa de contingencia para que nunca tenga que preocuparse por pagar nuestros servicios legales.<\/span><\/p>\n<h2><b>Casos de lesiones personales que manejamos en Miami Lawyers 360<\/b><\/h2>\n<p><span style=\"font-weight: 400;\">Nuestros abogados de lesiones personales manejan todo tipo de reclamos, que incluyen:<\/span><\/p>\n<h3><b>Reclamaciones por accidentes automovil\u00edsticos<\/b><\/h3>\n<p><span style=\"font-weight: 400;\">Los reclamos por lesiones personales son casos legales que puede abrir si se lesion\u00f3 en un<a href=\"https:\/\/miamilawyers360.com\/es\/miami-gardens\/abogado-accidentes-automovilisticos\/\"> accidente automovil\u00edstico<\/a> y fue culpa de otra persona. Son el proceso formal de buscar compensaci\u00f3n de la persona o entidad responsable de sus lesiones.<\/span><\/p>\n<h3><b>Reclamaciones por negligencia m\u00e9dica<\/b><\/h3>\n<p><span style=\"font-weight: 400;\">Los reclamos por negligencia m\u00e9dica son casos presentados contra proveedores de atenci\u00f3n m\u00e9dica cuyos procedimientos de tratamiento se apartan de lo que se considera el est\u00e1ndar de atenci\u00f3n dentro de la esfera m\u00e9dica, causando da\u00f1os a los pacientes.<\/span><\/p>\n<h3><b>Reclamaciones de responsabilidad de locales<\/b><\/h3>\n<p><span style=\"font-weight: 400;\">Los casos de responsabilidad de las instalaciones se abren para responsabilizar a los propietarios de cualquier da\u00f1o que surja de las lesiones en su propiedad. Implican casos como resbalones y ca\u00eddas, etc.<\/span><\/p>\n<h3><b>Reclamaciones de responsabilidad por productos<\/b><\/h3>\n<p><span style=\"font-weight: 400;\">Estas son reclamaciones presentadas contra un fabricante cuyos productos han causado da\u00f1os a los consumidores como resultado de defectos en sus productos.<\/span><\/p>\n<h3><b>Reclamaciones por lesiones en el lugar de trabajo<\/b><\/h3>\n<p><span style=\"font-weight: 400;\">Los reclamos por <a href=\"https:\/\/miamilawyers360.com\/es\/miami-gardens\/abogado-compensacion-laboral\/\">lesiones en el lugar de trabajo<\/a> son casos abiertos contra gerentes y empleadores que no siguen las reglas de seguridad y salud en el lugar de trabajo, lo que deja a sus trabajadores susceptibles a lesiones y enfermedades relacionadas con el trabajo.<\/span><\/p>\n<h2><b>Deje que los abogados con experiencia en lesiones personales de Miami Lawyers 360 lo ayuden con su reclamo<\/b><\/h2>\n<p><span style=\"font-weight: 400;\">Todos los abogados de Miami Lawyers 360 est\u00e1n comprometidos a luchar por sus derechos como v\u00edctima y garantizar que reciba una buena compensaci\u00f3n por sus da\u00f1os y lesiones. Si vive en Miami Gardens y ha sufrido lesiones debido a las acciones negligentes o imprudentes de otra persona o entidad, no dude en ponerse en contacto con nosotros para obtener asesoramiento y representaci\u00f3n legal profesional. Llame <a href=\"tel:+17866862857\"><i class=\"fa fa-phone-alt\"><\/i>(786) 686-2857<\/a> ahora y programe una consulta sin compromiso y sin costo con nuestro equipo legal hoy.<\/span><\/p>\n","protected":false},"excerpt":{"rendered":"<p>Las lesiones personales son las lesiones sufridas en el cuerpo, la mente o las emociones de una persona. Si ha sufrido lesiones recientemente, puede dar fe del hecho de que no importa cu\u00e1n graves sean, lo que resulta mucho m\u00e1s dif\u00edcil de superar es la confusi\u00f3n emocional que se produce. Y aunque los accidentes que [&hellip;]<\/p>\n","protected":false},"author":22,"featured_media":0,"parent":4659,"menu_order":0,"comment_status":"closed","ping_status":"closed","template":"","meta":{"_acf_changed":false,"anchor_text":"","footnotes":""},"class_list":["post-4621","page","type-page","status-publish","hentry"],"acf":[],"_links":{"self":[{"href":"https:\/\/miamilawyers360.com\/es\/wp-json\/wp\/v2\/pages\/4621","targetHints":{"allow":["GET"]}}],"collection":[{"href":"https:\/\/miamilawyers360.com\/es\/wp-json\/wp\/v2\/pages"}],"about":[{"href":"https:\/\/miamilawyers360.com\/es\/wp-json\/wp\/v2\/types\/page"}],"author":[{"embeddable":true,"href":"https:\/\/miamilawyers360.com\/es\/wp-json\/wp\/v2\/users\/22"}],"replies":[{"embeddable":true,"href":"https:\/\/miamilawyers360.com\/es\/wp-json\/wp\/v2\/comments?post=4621"}],"version-history":[{"count":2,"href":"https:\/\/miamilawyers360.com\/es\/wp-json\/wp\/v2\/pages\/4621\/revisions"}],"predecessor-version":[{"id":5299,"href":"https:\/\/miamilawyers360.com\/es\/wp-json\/wp\/v2\/pages\/4621\/revisions\/5299"}],"up":[{"embeddable":true,"href":"https:\/\/miamilawyers360.com\/es\/wp-json\/wp\/v2\/pages\/4659"}],"wp:attachment":[{"href":"https:\/\/miamilawyers360.com\/es\/wp-json\/wp\/v2\/media?parent=4621"}],"curies":[{"name":"wp","href":"https:\/\/api.w.org\/{rel}","templated":true}]}}