{"id":4625,"date":"2021-02-24T21:30:55","date_gmt":"2021-02-25T02:30:55","guid":{"rendered":"https:\/\/miamilawyers360.com\/kendall\/personal-injury-lawyer\/"},"modified":"2026-03-13T15:13:06","modified_gmt":"2026-03-13T19:13:06","slug":"abogado-lesiones-personales","status":"publish","type":"page","link":"https:\/\/miamilawyers360.com\/es\/kendall\/abogado-lesiones-personales\/","title":{"rendered":"Abogado de lesiones personales de Kendall"},"content":{"rendered":"<p><span style=\"font-weight: 400;\">\u00bfFue usted o alguien de su familia lesionado debido a la negligencia de otra persona? Si es as\u00ed, la ley de Florida le permite reclamar una compensaci\u00f3n a la parte responsable por sus da\u00f1os. Si desea recibir la compensaci\u00f3n que se merece, manejar el caso por su cuenta no es lo mejor que puede hacer. Debe contratar a un abogado con experiencia en lesiones personales en Kendall para que maneje su caso y obtenga la m\u00e1xima compensaci\u00f3n por sus da\u00f1os.<\/span><\/p>\n<p><span style=\"font-weight: 400;\">Miami Lawyers 360 es su socio de confianza cuando se trata de manejar casos de<a href=\"https:\/\/miamilawyers360.com\/es\/\"> lesiones personales en el sur de Florida<\/a>. Nuestro equipo de abogados se ha ocupado de cientos de demandas y ha ganado millones de d\u00f3lares en nombre de sus clientes. Siempre trataremos su caso como si fuera el m\u00e1s importante del mundo. Nuestros abogados lo tratar\u00e1n como una persona y no solo como un n\u00famero. Cont\u00e1ctenos hoy al <a href=\"tel:+17866862857\"><i class=\"fa fa-phone-alt\"><\/i>(786) 686-2857<\/a> para programar su consulta gratuita.<\/span><\/p>\n<h2><b>Qu\u00e9 debe hacer despu\u00e9s de un accidente<\/b><\/h2>\n<p><span style=\"font-weight: 400;\">Si vive en Florida, tiene una gran posibilidad de verse involucrado en un accidente automovil\u00edstico en alg\u00fan momento de su vida. De hecho, Florida tiene una tasa m\u00e1s alta de accidentes automovil\u00edsticos en comparaci\u00f3n con la mayor\u00eda de los dem\u00e1s estados del pa\u00eds.<\/span><\/p>\n<p><span style=\"font-weight: 400;\">Lesionarse en un accidente laboral, automovil\u00edstico u otro tipo de accidente es estresante. A continuaci\u00f3n, se indican algunos pasos importantes que debe tomar poco despu\u00e9s de sufrir una lesi\u00f3n:<\/span><\/p>\n<h3><b>Busque atenci\u00f3n m\u00e9dica<\/b><\/h3>\n<p><span style=\"font-weight: 400;\">Busque tratamiento m\u00e9dico incluso si cree que no est\u00e1 gravemente herido. Despu\u00e9s de un accidente automovil\u00edstico, es posible que no sienta nada inmediatamente despu\u00e9s de un accidente debido a la descarga de adrenalina que se produce. Pero puede comenzar a sentir el dolor despu\u00e9s de un par de d\u00edas.<\/span><\/p>\n<p><span style=\"font-weight: 400;\">Debe conservar todos los informes m\u00e9dicos para probar sus lesiones al presentar un caso contra la parte responsable. Tambi\u00e9n necesitar\u00e1 documentaci\u00f3n m\u00e9dica para un reclamo de compensaci\u00f3n para trabajadores.<\/span><\/p>\n<h3><b>Reportar el accidente<\/b><\/h3>\n<p><span style=\"font-weight: 400;\">Si est\u00e1 involucrado en un accidente automovil\u00edstico, llame a la polic\u00eda. No olvide obtener una copia del informe policial para presentar cuando presente su caso. Debe informar un accidente en el lugar de trabajo a un supervisor de trabajo. Debe informar una lesi\u00f3n dentro de los 30 d\u00edas para proteger su derecho a presentar un reclamo de compensaci\u00f3n para trabajadores.<\/span><\/p>\n<p><span style=\"font-weight: 400;\">Si se lesiona en una ca\u00edda en la propiedad de alguien, debe alertar al due\u00f1o o administrador de la propiedad.<\/span><\/p>\n<h3><b>Tomar fotos y videos<\/b><\/h3>\n<p><span style=\"font-weight: 400;\">Si estuvo involucrado en un accidente automovil\u00edstico, tome videos y fotos de la escena del accidente si puede. Las im\u00e1genes y los videos pueden proporcionar evidencia \u00fatil en otros casos de lesiones personales adem\u00e1s de los accidentes automovil\u00edsticos. Puede tomar fotograf\u00edas de la maquinaria involucrada en un accidente en el lugar de trabajo o un piso mojado que caus\u00f3 su ca\u00edda en una tienda.<\/span><\/p>\n<p><span style=\"font-weight: 400;\">Con cualquier tipo de accidente, es una buena idea tomar fotograf\u00edas de cualquier lesi\u00f3n visible que tenga.<\/span><\/p>\n<h3><b>Obtenga informaci\u00f3n de contacto de los testigos<\/b><\/h3>\n<p><span style=\"font-weight: 400;\">Obtenga los nombres, direcciones y n\u00fameros de tel\u00e9fono de los testigos del accidente.<\/span><\/p>\n<h3><b>No admitas la culpa<\/b><\/h3>\n<p><span style=\"font-weight: 400;\">No admita la culpa a nadie, ni siquiera a la polic\u00eda, hasta que hable con un abogado experto en lesiones personales.<\/span><\/p>\n<h3><b>Comun\u00edquese con un abogado de lesiones personales<\/b><\/h3>\n<p><span style=\"font-weight: 400;\">Lo m\u00e1s importante es contratar a un abogado especializado en lesiones personales en Kendall para que se encargue de su caso.<\/span><\/p>\n<p><a href=\"https:\/\/miamilawyers360.com\/wp-content\/uploads\/2021\/03\/MiamiLawyers360-Kendall-personal-injury-lawyer.jpg\"><img fetchpriority=\"high\" decoding=\"async\" class=\"alignnone wp-image-1073 size-full\" src=\"https:\/\/miamilawyers360.com\/wp-content\/uploads\/2021\/03\/MiamiLawyers360-Kendall-personal-injury-lawyer.jpg\" alt=\"Man with arm in sling calling a Kendall personal injury lawyer\" width=\"500\" height=\"333\" \/><\/a><\/p>\n<h2><b>\u00bfPor qu\u00e9 necesito un abogado para una reclamaci\u00f3n por lesiones?<\/b><\/h2>\n<p><span style=\"font-weight: 400;\">Un abogado de lesiones personales puede ayudarlo a obtener la m\u00e1xima compensaci\u00f3n por sus da\u00f1os. Las compa\u00f1\u00edas de seguros intentar\u00e1n pagar la cantidad m\u00ednima de compensaci\u00f3n minimizando sus lesiones. Un abogado experimentado de Miami Lawyers 360 negociar\u00e1 con la compa\u00f1\u00eda de seguros para obtener la m\u00e1xima compensaci\u00f3n para usted. Aqu\u00ed es por qu\u00e9 necesita un abogado para manejar su caso de lesiones personales en Kendall.<\/span><\/p>\n<p><span style=\"font-weight: 400;\">Los abogados tienen experiencia en la preparaci\u00f3n de casos y la presentaci\u00f3n de demandas. Han manejado cientos de casos similares en el pasado y saben qu\u00e9 hacer en su caso.<\/span><\/p>\n<p><span style=\"font-weight: 400;\">Su abogado intentar\u00e1 negociar con la compa\u00f1\u00eda de seguros de la parte culpable para obtener la m\u00e1xima compensaci\u00f3n por sus lesiones. Tienen las habilidades y la experiencia necesarias para hacerlo.<\/span><\/p>\n<p><span style=\"font-weight: 400;\">Si la compa\u00f1\u00eda de seguros no est\u00e1 dispuesta a brindarle los m\u00e1ximos beneficios, su abogado llevar\u00e1 el caso a juicio para obtener la compensaci\u00f3n m\u00e1xima que usted merece.<\/span><\/p>\n<h2><b>\u00bfQu\u00e9 tipo de da\u00f1os puedo recuperar?<\/b><\/h2>\n<p><span style=\"font-weight: 400;\">La ley de Florida le permite recuperar tres tipos de da\u00f1os por las lesiones que sufri\u00f3 como resultado del accidente.<\/span><\/p>\n<ul>\n<li><b>Da\u00f1os <\/b><span style=\"font-weight: 400;\">econ\u00f3micos: los da\u00f1os econ\u00f3micos incluyen facturas m\u00e9dicas, costos m\u00e9dicos futuros, salarios perdidos, p\u00e9rdida de la calidad de vida y gastos funerarios en caso de muerte. Los da\u00f1os econ\u00f3micos son bastante f\u00e1ciles de calcular.<\/span><\/li>\n<li><b>Da\u00f1os <\/b><span style=\"font-weight: 400;\">no econ\u00f3micos: los da\u00f1os no econ\u00f3micos no se calculan f\u00e1cilmente y pueden incluir angustia mental y emocional, dolor, sufrimiento y p\u00e9rdida de compa\u00f1\u00eda.<\/span><\/li>\n<li><b>Los da\u00f1os punitivos <\/b><span style=\"font-weight: 400;\">&#8211; <\/span><a href=\"https:\/\/www.leg.state.fl.us\/statutes\/index.cfm?App_mode=Display_Statute&amp;URL=0700-0799\/0768\/Sections\/0768.72.html\" target=\"_blank\" rel=\"noopener\"><span style=\"font-weight: 400;\">Los da\u00f1os punitivos<\/span><\/a><span style=\"font-weight: 400;\"> se otorgan en algunos casos para castigar la parte culpable por su \/ su comportamiento imprudente.<\/span><\/li>\n<\/ul>\n<h2><b>\u00bfC\u00f3mo se determina la responsabilidad en las reclamaciones por lesiones de Kendall?<\/b><\/h2>\n<p><span style=\"font-weight: 400;\">La v\u00edctima debe probar los cuatro elementos de <\/span><a href=\"https:\/\/lawshelf.com\/coursewarecontentview\/introduction-to-negligence\/\" target=\"_blank\" rel=\"noopener\"><span style=\"font-weight: 400;\">negligencia<\/span><\/a><span style=\"font-weight: 400;\"> para reclamar una compensaci\u00f3n por sus lesiones:<\/span><\/p>\n<ul>\n<li><span style=\"font-weight: 400;\"> La parte responsable ten\u00eda el deber de cuidar a la v\u00edctima.<\/span><\/li>\n<li><span style=\"font-weight: 400;\"> Infringieron el deber de cuidado.<\/span><\/li>\n<li><span style=\"font-weight: 400;\"> Esta infracci\u00f3n result\u00f3 en el accidente.<\/span><\/li>\n<li><span style=\"font-weight: 400;\"> El accidente caus\u00f3 heridas a la v\u00edctima.<\/span><\/li>\n<\/ul>\n<p><span style=\"font-weight: 400;\">Florida es un estado que practica pura <\/span><a href=\"https:\/\/www.investopedia.com\/terms\/c\/comparative-negligence.asp\" target=\"_blank\" rel=\"noopener\"><span style=\"font-weight: 400;\">negligencia comparativa,<\/span><\/a><span style=\"font-weight: 400;\"> donde incluso una persona que es parcialmente responsable de un accidente puede demandar a la otra parte por da\u00f1os y perjuicios.<\/span><\/p>\n<h2><b>\u00bfCu\u00e1nto tiempo tengo para presentar un reclamo por lesiones personales en Florida?<\/b><\/h2>\n<p><span style=\"font-weight: 400;\">El estatuto de limitaciones de Florida entra en vigor <\/span><a href=\"https:\/\/www.leg.state.fl.us\/Statutes\/index.cfm?App_mode=Display_Statute&amp;URL=0000-0099\/0095\/Sections\/0095.11.html\" target=\"_blank\" rel=\"noopener\"><span style=\"font-weight: 400;\">cuatro a\u00f1os<\/span><\/a><span style=\"font-weight: 400;\"> despu\u00e9s del accidente. Debe presentar una demanda por lesiones personales dentro de los cuatro a\u00f1os posteriores al incidente.<\/span><\/p>\n<h2><b>\u00bfCu\u00e1nto costar\u00e1 un abogado de lesiones personales en Kendall?<\/b><\/h2>\n<p><span style=\"font-weight: 400;\">Trabajamos con honorarios de contingencia en los que solo paga a nuestros abogados si ganan el caso por usted. No paga nada hasta que el abogado gane el caso. Cobramos un porcentaje de la compensaci\u00f3n que se le otorga una vez que se gana el caso.<\/span><\/p>\n<h2><b>Tipos de casos de lesiones personales que manejamos en Miami Lawyers 360<\/b><\/h2>\n<p><span style=\"font-weight: 400;\">Manejamos una amplia variedad de demandas por lesiones personales que incluyen:<\/span><\/p>\n<ul>\n<li><a href=\"https:\/\/miamilawyers360.com\/es\/kendall\/abogado-accidente-carro\/\"><span style=\"font-weight: 400;\">Accidentes<\/span><\/a><span style=\"font-weight: 400;\"> automovil\u00edsticos: los accidentes automovil\u00edsticos son bastante comunes en Kendall. Nuestros abogados tienen una amplia experiencia en la representaci\u00f3n de cientos de casos de este tipo en el pasado.<\/span><\/li>\n<li><a href=\"https:\/\/miamilawyers360.com\/es\/kendall\/abogado-compensacion-laboral\/\"><span style=\"font-weight: 400;\">Compensaci\u00f3n<\/span><\/a><span style=\"font-weight: 400;\"> para trabajadores: la compensaci\u00f3n para trabajadores est\u00e1 dise\u00f1ada para ayudar a quienes se han lastimado en el trabajo. Nuestros abogados pueden responder preguntas sobre el seguro de compensaci\u00f3n para trabajadores y ayudarlo a navegar por el sistema.<\/span><\/li>\n<\/ul>\n<h2><b>Obtenga una consulta gratuita<\/b><\/h2>\n<p><span style=\"font-weight: 400;\">Si se lesiona debido a la negligencia de alguien en Kendall, FL, debe contratar al mejor abogado de lesiones personales para presentar su demanda. En Miami Lawyers 360, nuestro equipo est\u00e1 comprometido a obtener los mejores resultados para usted y sus seres queridos. Podemos ayudarlo a obtener la m\u00e1xima compensaci\u00f3n por sus lesiones. Ll\u00e1menos al <a href=\"tel:+17866862857\"><i class=\"fa fa-phone-alt\"><\/i>(786) 686-2857<\/a> o complete nuestro formulario de <a href=\"https:\/\/miamilawyers360.com\/es\/contacto\/\">contacto en l\u00ednea<\/a> para programar una consulta gratuita y sin compromiso.<\/span><\/p>\n","protected":false},"excerpt":{"rendered":"<p>\u00bfFue usted o alguien de su familia lesionado debido a la negligencia de otra persona? Si es as\u00ed, la ley de Florida le permite reclamar una compensaci\u00f3n a la parte responsable por sus da\u00f1os. Si desea recibir la compensaci\u00f3n que se merece, manejar el caso por su cuenta no es lo mejor que puede hacer. [&hellip;]<\/p>\n","protected":false},"author":22,"featured_media":0,"parent":4655,"menu_order":0,"comment_status":"closed","ping_status":"closed","template":"","meta":{"_acf_changed":false,"anchor_text":"","footnotes":""},"class_list":["post-4625","page","type-page","status-publish","hentry"],"acf":[],"_links":{"self":[{"href":"https:\/\/miamilawyers360.com\/es\/wp-json\/wp\/v2\/pages\/4625","targetHints":{"allow":["GET"]}}],"collection":[{"href":"https:\/\/miamilawyers360.com\/es\/wp-json\/wp\/v2\/pages"}],"about":[{"href":"https:\/\/miamilawyers360.com\/es\/wp-json\/wp\/v2\/types\/page"}],"author":[{"embeddable":true,"href":"https:\/\/miamilawyers360.com\/es\/wp-json\/wp\/v2\/users\/22"}],"replies":[{"embeddable":true,"href":"https:\/\/miamilawyers360.com\/es\/wp-json\/wp\/v2\/comments?post=4625"}],"version-history":[{"count":2,"href":"https:\/\/miamilawyers360.com\/es\/wp-json\/wp\/v2\/pages\/4625\/revisions"}],"predecessor-version":[{"id":5282,"href":"https:\/\/miamilawyers360.com\/es\/wp-json\/wp\/v2\/pages\/4625\/revisions\/5282"}],"up":[{"embeddable":true,"href":"https:\/\/miamilawyers360.com\/es\/wp-json\/wp\/v2\/pages\/4655"}],"wp:attachment":[{"href":"https:\/\/miamilawyers360.com\/es\/wp-json\/wp\/v2\/media?parent=4625"}],"curies":[{"name":"wp","href":"https:\/\/api.w.org\/{rel}","templated":true}]}}