{"id":4626,"date":"2021-02-24T21:31:10","date_gmt":"2021-02-25T02:31:10","guid":{"rendered":"https:\/\/miamilawyers360.com\/kendall\/workers-compensation-lawyer\/"},"modified":"2026-03-13T15:13:22","modified_gmt":"2026-03-13T19:13:22","slug":"abogado-compensacion-laboral","status":"publish","type":"page","link":"https:\/\/miamilawyers360.com\/es\/kendall\/abogado-compensacion-laboral\/","title":{"rendered":"Abogado de Compensaci\u00f3n Laboral de Kendall"},"content":{"rendered":"<p><span style=\"font-weight: 400;\">Si est\u00e1 involucrado en un accidente en el lugar de trabajo, tiene derecho a reclamar una indemnizaci\u00f3n al empleador mediante la presentaci\u00f3n de una demanda de indemnizaci\u00f3n laboral. Lo primero que debe hacer despu\u00e9s de lesionarse en un accidente en el lugar de trabajo es notificar a su empleador lo antes posible. Puede ser su supervisor inmediato u otra persona en un puesto de autoridad en el lugar de trabajo. Puede notificar al empleador verbalmente, en persona o por escrito. El siguiente paso es buscar asistencia m\u00e9dica del m\u00e9dico de la empresa o de su propio m\u00e9dico. Es importante que trabaje con un abogado experimentado en compensaci\u00f3n laboral de Kendall para obtener la m\u00e1xima compensaci\u00f3n por sus lesiones.<\/span><\/p>\n<p><span style=\"font-weight: 400;\">Miami Lawyers 360 es su socio de confianza cuando se trata de contratar a un abogado de compensaci\u00f3n laboral. Nuestros abogados est\u00e1n familiarizados con todos los aspectos del seguro de compensaci\u00f3n para trabajadores. Nuestro equipo experto de <a href=\"https:\/\/miamilawyers360.com\/es\/kendall\/abogado-lesiones-personales\/\">abogados de lesiones personales<\/a> ha manejado cientos de casos de este tipo en el pasado y ha ganado a nuestros clientes millones de d\u00f3lares en el proceso. Llame a Miami Lawyers 360 al <a href=\"tel:+17866862857\"><i class=\"fa fa-phone-alt\"><\/i>(786) 686-2857<\/a> para conocer todas sus demandas de compensaci\u00f3n laboral en Kendall Florida.<\/span><\/p>\n<div class=\"embed-container\"><iframe src=\"https:\/\/www.youtube.com\/embed\/zjBGUxxWFe4\" frameborder=\"0\" allowfullscreen=\"allowfullscreen\"><\/iframe><\/div>\n<h2><b>\u00bfQu\u00e9 es la compensaci\u00f3n laboral?<\/b><\/h2>\n<p><span style=\"font-weight: 400;\">El seguro de compensaci\u00f3n para trabajadores brinda muchos beneficios a los empleados que se lesionan debido a accidentes relacionados con el trabajo. Algunos de los beneficios disponibles para un empleado lesionado incluyen:<\/span><\/p>\n<ul>\n<li><span style=\"font-weight: 400;\"> Tratamientos m\u00e9dicos, incluidas las hospitalizaciones.<\/span><\/li>\n<li><span style=\"font-weight: 400;\"> Salarios perdidos<\/span><\/li>\n<li><span style=\"font-weight: 400;\"> Beneficios por incapacidad temporal o total en caso de que su m\u00e9dico le aconseje que se quede sin trabajo durante el tiempo legal.<\/span><\/li>\n<li><span style=\"font-weight: 400;\"> Gastos funerarios en caso de fallecimiento<\/span><\/li>\n<li><span style=\"font-weight: 400;\"> Recetas<\/span><\/li>\n<li><span style=\"font-weight: 400;\"> fisioterapia<\/span><\/li>\n<li><span style=\"font-weight: 400;\"> Rehabilitaci\u00f3n vocacional<\/span><\/li>\n<li><span style=\"font-weight: 400;\"> Gastos de viaje cuando sea necesario<\/span><\/li>\n<\/ul>\n<p><span style=\"font-weight: 400;\">La mejor manera de conocer sus beneficios bajo el seguro de compensaci\u00f3n laboral es consultar con un abogado experimentado en compensaci\u00f3n laboral en Miami Lawyers 360. Nuestros abogados le explicar\u00e1n todo y le ayudar\u00e1n a presentar su caso para obtener los m\u00e1ximos beneficios en el proceso.<\/span><\/p>\n<h2><b>\u00bfQu\u00e9 debo hacer si me lesiono en el trabajo?<\/b><\/h2>\n<p><span style=\"font-weight: 400;\">Lo primero que debe hacer es informar a su empleador sobre el accidente. Informe a su supervisor inmediato u otra persona en un puesto de autoridad en el lugar de trabajo sobre el accidente y las lesiones resultantes. El siguiente paso es buscar asistencia m\u00e9dica. Vaya al m\u00e9dico en el lugar de la empresa o a su propio m\u00e9dico para recibir tratamientos m\u00e9dicos. Siempre es mejor buscar tratamientos m\u00e9dicos con un m\u00e9dico autorizado por su empresa. Tome fotograf\u00edas del accidente y las lesiones si est\u00e1 en condiciones de hacerlo. Esto es importante para demostrar que result\u00f3 lesionado como resultado del accidente.<\/span><\/p>\n<p><a href=\"https:\/\/miamilawyers360.com\/wp-content\/uploads\/2021\/03\/kendall-work-injury-4-500x332-1.jpg\"><img fetchpriority=\"high\" decoding=\"async\" class=\"alignnone size-full wp-image-989\" src=\"https:\/\/miamilawyers360.com\/wp-content\/uploads\/2021\/03\/kendall-work-injury-4-500x332-1.jpg\" alt=\"A man with a lower back injury from work.\" width=\"500\" height=\"332\" \/><\/a><\/p>\n<p><span style=\"font-weight: 400;\">No olvide llevar un registro de sus lesiones y s\u00edntomas asociados con ellas. Lo m\u00e1s importante es descansar y recuperarse. Mientras tanto, puede consultar con un abogado con experiencia en compensaci\u00f3n laboral en Miami Lawyers 360 para manejar su caso y obtener la m\u00e1xima compensaci\u00f3n por sus lesiones.<\/span><\/p>\n<h2><b>\u00bfCu\u00e1les son las lesiones por accidentes laborales m\u00e1s comunes?<\/b><\/h2>\n<p><span style=\"font-weight: 400;\">Cualquiera puede lesionarse en el trabajo. Estas personas pueden sufrir numerosas lesiones como consecuencia de accidentes laborales. Estas son algunas de las lesiones por accidentes laborales m\u00e1s comunes en <\/span><a href=\"https:\/\/en.wikipedia.org\/wiki\/Kendall,_Florida\" target=\"_blank\" rel=\"noopener\"><span style=\"font-weight: 400;\">Kendall, Florida<\/span><\/a><span style=\"font-weight: 400;\"> :<\/span><\/p>\n<ul>\n<li><span style=\"font-weight: 400;\"> Fracturas<\/span><\/li>\n<li><span style=\"font-weight: 400;\"> Lesiones de espalda y cuello<\/span><\/li>\n<li><span style=\"font-weight: 400;\"> Accidentes de montacargas<\/span><\/li>\n<li><span style=\"font-weight: 400;\"> Sobreesfuerzo<\/span><\/li>\n<li><span style=\"font-weight: 400;\"> Lesiones por resbalones y ca\u00eddas<\/span><\/li>\n<li><span style=\"font-weight: 400;\"> quemaduras<\/span><\/li>\n<li><span style=\"font-weight: 400;\"> Amputaciones<\/span><\/li>\n<li><span style=\"font-weight: 400;\"> Dolores articulares<\/span><\/li>\n<li><span style=\"font-weight: 400;\"> p\u00e9rdida de audici\u00f3n<\/span><\/li>\n<li><span style=\"font-weight: 400;\"> Accidentes al trabajar con maquinaria y herramientas.<\/span><\/li>\n<li><span style=\"font-weight: 400;\"> Accidentes de construcci\u00f3n<\/span><\/li>\n<li><span style=\"font-weight: 400;\"> Accidentes que ocurren mientras viaja al trabajo.<\/span><\/li>\n<li><span style=\"font-weight: 400;\"> Electrocuci\u00f3n<\/span><\/li>\n<li><span style=\"font-weight: 400;\"> Ca\u00eddas de alturas<\/span><\/li>\n<li><span style=\"font-weight: 400;\"> Golpeado por objetos<\/span><\/li>\n<\/ul>\n<h2><b>\u00bfPor qu\u00e9 deber\u00eda contratar a un abogado de compensaci\u00f3n laboral en Kendall?<\/b><\/h2>\n<p><span style=\"font-weight: 400;\">El seguro de compensaci\u00f3n para trabajadores est\u00e1 destinado a proteger tanto al empleado como al empleador. Lo m\u00e1s importante es demostrar que su lesi\u00f3n ocurri\u00f3 en el lugar de trabajo. La compa\u00f1\u00eda de seguros siempre intentar\u00e1 pagar la compensaci\u00f3n m\u00ednima a la v\u00edctima citando diferentes factores. Necesita un abogado con experiencia en compensaci\u00f3n de trabajadores de su lado para probar su caso y obtener la m\u00e1xima compensaci\u00f3n en el proceso.<\/span><\/p>\n<h2><b>\u00bfCu\u00e1nto cuesta contratar a un abogado de compensaci\u00f3n laboral en Kendall?<\/b><\/h2>\n<p><span style=\"font-weight: 400;\">No tiene que pagar nada para contratar a un abogado de compensaci\u00f3n laboral en Miami Lawyers 360 para que represente su caso y obtenga los m\u00e1ximos beneficios. Nuestros abogados trabajan con honorarios contingentes en los que usted no paga nada hasta que el abogado gane el caso por usted. Una vez que se pruebe su caso, debe pagar un porcentaje de la compensaci\u00f3n que se le otorgue.<\/span><\/p>\n<h2><b>\u00bfQu\u00e9 debo hacer si se rechaza mi reclamo de indemnizaci\u00f3n laboral?<\/b><\/h2>\n<p><span style=\"font-weight: 400;\">Una vez que reciba su rechazo inicial, debe reunirse con su empleador o el proveedor de seguros de la compa\u00f1\u00eda para ver si el rechazo se debe a un problema que podr\u00eda corregirse sin la intervenci\u00f3n de la corte. Si no puede resolver el problema con el empleador o su proveedor de seguros, hable con su abogado de compensaci\u00f3n laboral para obtener ayuda. Su abogado presentar\u00e1 una petici\u00f3n de beneficios a la OJCC o al secretario de la Oficina de Jueces de Reclamaciones de Compensaci\u00f3n.<\/span><\/p>\n<p><span style=\"font-weight: 400;\">La OJCC notificar\u00e1 al empleador y a su compa\u00f1\u00eda de seguros una vez que reciban su petici\u00f3n. Deben responder dentro de los 14 d\u00edas posteriores a la recepci\u00f3n de la notificaci\u00f3n. Se asignar\u00e1 un n\u00famero de caso a su reclamo y podr\u00e1 rastrear el estado del reclamo de la apelaci\u00f3n en l\u00ednea. Mientras tanto, la OJCC har\u00e1 los arreglos necesarios para que un mediador externo ayude a resolver la disputa.<\/span><\/p>\n<h2><b>\u00bfQu\u00e9 responsabilidad tiene el empleado al presentar una reclamaci\u00f3n de compensaci\u00f3n para trabajadores?<\/b><\/h2>\n<p><span style=\"font-weight: 400;\">El empleado tiene muchas responsabilidades seg\u00fan la ley de compensaci\u00f3n laboral en Florida. Estas son algunas de las responsabilidades de los empleados:<\/span><\/p>\n<ul>\n<li><span style=\"font-weight: 400;\"> Siga todas las reglas escritas de seguridad y otros procedimientos establecidos para proteger al empleado mientras realiza su trabajo.<\/span><\/li>\n<li><span style=\"font-weight: 400;\"> Reporte cualquier accidente lo antes posible al supervisor inmediato o una persona en un puesto de autoridad en la empresa. El empleado debe reportar el accidente dentro de los 30 d\u00edas seg\u00fan la <\/span><a href=\"https:\/\/www.leg.state.fl.us\/statutes\/index.cfm?App_mode=Display_Statute&amp;URL=0400-0499\/0440\/Sections\/0440.185.html\" target=\"_blank\" rel=\"noopener\"><span style=\"font-weight: 400;\">Secci\u00f3n 440.185<\/span><\/a><span style=\"font-weight: 400;\"> de los Estatutos de Florida.<\/span><\/li>\n<li><span style=\"font-weight: 400;\"> Busque tratamiento m\u00e9dico y rehabilitaci\u00f3n seg\u00fan sea necesario.<\/span><\/li>\n<li><span style=\"font-weight: 400;\"> Demuestre que el accidente no fue causado por la mala conducta intencional del empleado.<\/span><\/li>\n<li><span style=\"font-weight: 400;\"> Cooperar con las partes investigadoras.<\/span><\/li>\n<\/ul>\n<h2><b>\u00bfQu\u00e9 responsabilidad tiene el empleador en el proceso de compensaci\u00f3n laboral?<\/b><\/h2>\n<p><span style=\"font-weight: 400;\">El empleador es responsable de proporcionar un entorno de trabajo seguro para todos los empleados. Una vez que un empleado se lesiona como resultado de un accidente en el lugar de trabajo, debe notificar al empleador de inmediato. El empleador tiene la obligaci\u00f3n de proporcionar al empleado lesionado un formulario para presentar un reclamo de compensaci\u00f3n para trabajadores. El empleador debe enviar al empleado lesionado a un m\u00e9dico de compensaci\u00f3n laboral asignado por la empresa. El formulario de WC completado debe devolverse al empleado para que tome medidas adicionales.<\/span><\/p>\n<h2><b>\u00bfMe pueden despedir por reclamar un reclamo de compensaci\u00f3n para trabajadores?<\/b><\/h2>\n<p><span style=\"font-weight: 400;\">Legalmente, no puede ser despedido o degradado por informar o presentar una reclamaci\u00f3n de compensaci\u00f3n laboral. Se conoce como <\/span><a href=\"https:\/\/www.eeoc.gov\/retaliation\" target=\"_blank\" rel=\"noopener\"><span style=\"font-weight: 400;\">despido<\/span><span style=\"font-weight: 400;\"> por <\/span><span style=\"font-weight: 400;\">represalia<\/span><\/a><span style=\"font-weight: 400;\"> por parte de un empleador y es ilegal.<\/span><\/p>\n<h2><b>\u00bfExiste un l\u00edmite de tiempo para presentar un reclamo de compensaci\u00f3n para trabajadores en Kendall Florida?<\/b><\/h2>\n<p><span style=\"font-weight: 400;\">S\u00ed, debe presentar el reclamo dentro de los dos a\u00f1os posteriores a la fecha del accidente laboral. El estatuto de limitaciones de Florida entra en vigencia despu\u00e9s de eso y le imposibilita presentar el reclamo.<\/span><\/p>\n<p><a href=\"https:\/\/miamilawyers360.com\/wp-content\/uploads\/2021\/03\/kendall-workers-compensation-lawyer-500x333-1.jpg\"><img decoding=\"async\" class=\"alignnone size-full wp-image-990\" src=\"https:\/\/miamilawyers360.com\/wp-content\/uploads\/2021\/03\/kendall-workers-compensation-lawyer-500x333-1.jpg\" alt=\"A Kendall workers' compensation lawyer reviewing an injury claim for a client.\" width=\"500\" height=\"333\" \/><\/a><\/p>\n<h2><b>\u00bfPuedo demandar a mi empleador por una lesi\u00f3n laboral?<\/b><\/h2>\n<p><span style=\"font-weight: 400;\">De hecho, no se le permite demandar al empleador por los beneficios de compensaci\u00f3n del trabajador. Cuando el empleador le ha proporcionado un seguro de compensaci\u00f3n al trabajador, \u00e9l o ella est\u00e1 protegido de cualquier reclamo por lesiones personales presentado por sus empleados. Pero existen ciertas excepciones a esta ley. Por ejemplo, si se lesiona en el trabajo y cree que el empleador le caus\u00f3 este da\u00f1o intencionalmente, puede presentar una demanda por agravio intencional en un tribunal civil.<\/span><\/p>\n<h2><b>\u00bfPuede un contratista independiente presentar una reclamaci\u00f3n de compensaci\u00f3n laboral?<\/b><\/h2>\n<p><span style=\"font-weight: 400;\">La <\/span><a href=\"https:\/\/www.leg.state.fl.us\/statutes\/index.cfm?App_mode=Display_Statute&amp;URL=0400-0499\/0440\/0440ContentsIndex.html\" target=\"_blank\" rel=\"noopener\"><span style=\"font-weight: 400;\">Ley de Compensaci\u00f3n para Trabajadores de Florida<\/span><\/a><span style=\"font-weight: 400;\"> excluye al empleador de proporcionar beneficios de compensaci\u00f3n para trabajadores a contratistas independientes. De hecho, los contratistas independientes, excepto los de la industria de la construcci\u00f3n, no se consideran empleados de una organizaci\u00f3n. Si usted es un contratista independiente lesionado en un accidente en el lugar de trabajo, hable con un abogado experimentado en Miami Lawyers 360 para saber si tiene un caso para presentar un reclamo de compensaci\u00f3n laboral.<\/span><\/p>\n<h2><b>\u00bfCu\u00e1l es el valor de mi reclamo de compensaci\u00f3n para trabajadores de Kendall?<\/b><\/h2>\n<p><span style=\"font-weight: 400;\">Hay cuatro tipos b\u00e1sicos de beneficios involucrados en un reclamo de compensaci\u00f3n laboral, tales como:<\/span><\/p>\n<ol>\n<li style=\"font-weight: 400;\" aria-level=\"1\"><span style=\"font-weight: 400;\">Compensaci\u00f3n econ\u00f3mica semanal<\/span><\/li>\n<li style=\"font-weight: 400;\" aria-level=\"1\"><span style=\"font-weight: 400;\">Gastos m\u00e9dicos<\/span><\/li>\n<li style=\"font-weight: 400;\" aria-level=\"1\"><span style=\"font-weight: 400;\">Rehabilitacion vocacional<\/span><\/li>\n<li style=\"font-weight: 400;\" aria-level=\"1\"><span style=\"font-weight: 400;\">Beneficios por discapacidad permanente<\/span><\/li>\n<\/ol>\n<p><span style=\"font-weight: 400;\">En estas categor\u00edas, tiene derecho a reclamar:<\/span><\/p>\n<ul>\n<li><span style=\"font-weight: 400;\"> Sus facturas m\u00e9dicas, que deben ser autorizadas por los m\u00e9dicos tratantes.<\/span><\/li>\n<li><span style=\"font-weight: 400;\"> Cualquier costo de rehabilitaci\u00f3n involucrado<\/span><\/li>\n<li><span style=\"font-weight: 400;\"> Un porcentaje de su salario perdido<\/span><\/li>\n<li><span style=\"font-weight: 400;\"> Medicamentos recetados<\/span><\/li>\n<li><span style=\"font-weight: 400;\"> Cualquier gasto de viaje necesario relacionado con el tratamiento de su lesi\u00f3n.<\/span><\/li>\n<li><span style=\"font-weight: 400;\"> Su beneficio de reemplazo por p\u00e9rdida de ingresos<\/span><\/li>\n<li><span style=\"font-weight: 400;\"> Discapacidad parcial permanente (PPD)<\/span><\/li>\n<\/ul>\n<h2><b>Revise su reclamo con nuestros abogados de compensaci\u00f3n para trabajadores de Kendall<\/b><\/h2>\n<p><span style=\"font-weight: 400;\">Cuando ha resultado lesionado debido a un accidente en el lugar de trabajo, tiene derecho a reclamar una indemnizaci\u00f3n seg\u00fan la ley de Florida. Hay muchas cosas a considerar antes de presentar una reclamaci\u00f3n de compensaci\u00f3n para trabajadores. Es por eso que debe consultar con un abogado con experiencia en compensaci\u00f3n para trabajadores en Kendall para presentar su demanda. Miami Lawyers 360 es su socio de confianza para todas sus reclamaciones de compensaci\u00f3n laboral en toda Florida. Hemos manejado cientos de reclamos de compensaci\u00f3n de trabajadores en nombre de nuestros clientes en el pasado. Llame a Miami Lawyers 360 al <a href=\"tel:+17866862857\"><i class=\"fa fa-phone-alt\"><\/i>(786) 686-2857<\/a> hoy para conocer todas sus demandas de compensaci\u00f3n laboral en Florida.<\/span><\/p>\n","protected":false},"excerpt":{"rendered":"<p>Si est\u00e1 involucrado en un accidente en el lugar de trabajo, tiene derecho a reclamar una indemnizaci\u00f3n al empleador mediante la presentaci\u00f3n de una demanda de indemnizaci\u00f3n laboral. Lo primero que debe hacer despu\u00e9s de lesionarse en un accidente en el lugar de trabajo es notificar a su empleador lo antes posible. Puede ser su [&hellip;]<\/p>\n","protected":false},"author":22,"featured_media":0,"parent":4655,"menu_order":0,"comment_status":"closed","ping_status":"closed","template":"","meta":{"_acf_changed":false,"anchor_text":"","footnotes":""},"class_list":["post-4626","page","type-page","status-publish","hentry"],"acf":[],"_links":{"self":[{"href":"https:\/\/miamilawyers360.com\/es\/wp-json\/wp\/v2\/pages\/4626","targetHints":{"allow":["GET"]}}],"collection":[{"href":"https:\/\/miamilawyers360.com\/es\/wp-json\/wp\/v2\/pages"}],"about":[{"href":"https:\/\/miamilawyers360.com\/es\/wp-json\/wp\/v2\/types\/page"}],"author":[{"embeddable":true,"href":"https:\/\/miamilawyers360.com\/es\/wp-json\/wp\/v2\/users\/22"}],"replies":[{"embeddable":true,"href":"https:\/\/miamilawyers360.com\/es\/wp-json\/wp\/v2\/comments?post=4626"}],"version-history":[{"count":2,"href":"https:\/\/miamilawyers360.com\/es\/wp-json\/wp\/v2\/pages\/4626\/revisions"}],"predecessor-version":[{"id":5283,"href":"https:\/\/miamilawyers360.com\/es\/wp-json\/wp\/v2\/pages\/4626\/revisions\/5283"}],"up":[{"embeddable":true,"href":"https:\/\/miamilawyers360.com\/es\/wp-json\/wp\/v2\/pages\/4655"}],"wp:attachment":[{"href":"https:\/\/miamilawyers360.com\/es\/wp-json\/wp\/v2\/media?parent=4626"}],"curies":[{"name":"wp","href":"https:\/\/api.w.org\/{rel}","templated":true}]}}